{"id":18812,"date":"2024-02-18T08:23:39","date_gmt":"2024-02-18T07:23:39","guid":{"rendered":"https:\/\/nicandmel.com\/om-os-2\/"},"modified":"2024-10-24T09:02:33","modified_gmt":"2024-10-24T07:02:33","slug":"om-os-2","status":"publish","type":"page","link":"https:\/\/nicandmel.com\/da\/om-os-2\/","title":{"rendered":"Om os"},"content":{"rendered":"\n<h4 class=\"nm-block-heading wp-block-heading\">Historien indtil videre<\/h4>\n\n<p>Siden starten i 2010 har Nic &amp; Mel haft den samme ambition &#8211; at skabe tidl\u00f8st og individuelt tilbeh\u00f8r til m\u00e6nd og kvinder. Vi v\u00e6rds\u00e6tter kvalitet og funktionalitet lige s\u00e5 meget som et rent og stilfuldt look. Med et fundament i svensk design og brug af kvalitetsl\u00e6dermaterialer har den velafbalancerede kombination af stilren elegance og forst\u00e5else for detaljer defineret vores produkter og vores brand siden starten.  <\/p>\n\n<p>Enkelhed har altid v\u00e6ret det prim\u00e6re i vores former og design. Kvalitet har dikteret vores materialevalg. Den ukomplicerede brug har til geng\u00e6ld v\u00e6ret afg\u00f8rende for funktionen. Vi h\u00e5ber, du kan lide det.   <\/p>\n\n<h4 class=\"nm-block-heading wp-block-heading\">M\u00e6rket<\/h4>\n\n<p>Med den oprindelige inspiration fra klassisk og tidl\u00f8st vintage l\u00e6dertilbeh\u00f8r har Nic &amp; Mel udviklet sig i takt med de skiftende str\u00f8mninger og krav inden for b\u00e5de mode og telekommunikation. I dag er det vores mere moderne tilgang til tidl\u00f8s kvalitet og stil, som er fast forankret i den rene og funktionelle skandinaviske og svenske designtradition, der kendetegner Nic &amp; Mels moderne brand og vores h\u00e5ndlavede l\u00e6dervarer. <\/p>\n\n<p>Vi er overbeviste om, at det er gennem den daglige brug af vores h\u00e5ndlavede l\u00e6derprodukter, at de f\u00e5r deres egentlige v\u00e6rdi. Det er herigennem, de bliver v\u00e6rdsat og f\u00e5r deres velfortjente patina, og det er her, de f\u00e5r deres sj\u00e6lfulde karakter. Vi str\u00e6ber efter at give vores produkter disse kvalifikationer, men kun de, der bruger vores produkter, er i stand til at realisere denne ambition. Det er kun dem, der kan lykkes med at g\u00f8re dem tidl\u00f8se.   <\/p>\n\n<h4 class=\"nm-block-heading wp-block-heading\">Materialerne<\/h4>\n\n<p>Fork\u00e6l dig selv med luksus i vegetabilsk garvet l\u00e6der, hvor vores urokkelige engagement i kvalitet sikrer, at hvert produkt overg\u00e5r vores strenge standarder. Vi anvender omhyggeligt den optimale garvemetode til hvert produkt med et overvejende fokus p\u00e5 de uds\u00f8gte kvaliteter ved vegetabilsk garvet l\u00e6der. <\/p>\n\n<p><strong>Bl\u00f8dt og smidigt:<\/strong> Fordyb dig i uovertruffen bl\u00f8dhed og smidighed, n\u00e5r vegetabilsk garvet l\u00e6der er i centrum i t\u00f8j og tilbeh\u00f8r, hvilket giver en ideel blanding af komfort og elegance.<\/p>\n\n<p><strong>Modstandsdygtig over for elementer:<\/strong> Omfavn holdbarheden med l\u00e6der, der er modstandsdygtigt over for vand, varme og slid. Vegetabilsk garvet l\u00e6der overg\u00e5r sine modstykker, hvilket g\u00f8r det til det bedste valg til genstande, der uds\u00e6ttes for elementerne. <\/p>\n\n<p><strong>Alsidig til mode:<\/strong> L\u00f8ft din stil med de levende nuancer og forskellige overflader, der tilbydes af vegetabilsk garvet l\u00e6der. Dets enest\u00e5ende farvebevarelse og alsidighed g\u00f8r det til det perfekte l\u00e6rred til at skabe moderigtigt tilbeh\u00f8r og sikre en problemfri integration i din garderobe. <\/p>\n\n<h4 class=\"nm-block-heading wp-block-heading\">Produktet<\/h4>\n\n<p>Nyd det uds\u00f8gte h\u00e5ndv\u00e6rk i vores h\u00e5ndlavede l\u00e6deraccessories, der er omhyggeligt designet med \u00f8je for indviklede detaljer. Hvert produkt \u00e6ldes med stolthed og gennemg\u00e5r en yndefuld forvandling i patina og farve \u00e5r efter \u00e5r, hvilket afspejler din personlige rejse. Vores tilbeh\u00f8r er skabt til at holde, og det sikrer ikke bare en lang levetid, men ogs\u00e5 en unik og udviklende karakter, som g\u00f8r hvert produkt til dit helt eget. L\u00f8ft din stil med tilbeh\u00f8r, der fort\u00e6ller en historie og t\u00e5ler tidens tand.   <\/p>\n\n<p><strong>Valg af materiale:<\/strong><\/p>\n\n<figure class=\"wp-block-image alignnone size-medium wp-image-13894\"><img loading=\"lazy\" decoding=\"async\" width=\"300\" height=\"199\" src=\"https:\/\/nicandmel.com\/wp-content\/uploads\/2024\/01\/istockphoto-905742738-612x612-1-300x199.jpg\" alt=\"\" class=\"wp-image-13894\" srcset=\"https:\/\/nicandmel.com\/wp-content\/uploads\/2024\/01\/istockphoto-905742738-612x612-1-300x199.jpg 300w, https:\/\/nicandmel.com\/wp-content\/uploads\/2024\/01\/istockphoto-905742738-612x612-1-500x331.jpg 500w, https:\/\/nicandmel.com\/wp-content\/uploads\/2024\/01\/istockphoto-905742738-612x612-1.jpg 612w\" sizes=\"auto, (max-width: 300px) 100vw, 300px\" \/><figcaption class=\"wp-element-caption\">L\u00e6derarbejder, der sk\u00e6rer l\u00e6dervarer ud p\u00e5 v\u00e6rkstedet \/ H\u00e5ndv\u00e6rker, der arbejder med l\u00e6der, fremstiller et godt produkt i l\u00e6derv\u00e6rkstedet.<\/figcaption><\/figure>\n","protected":false},"excerpt":{"rendered":"<p>Historien indtil videre Siden starten i 2010 har Nic &amp; Mel haft den samme ambition &#8211; at skabe tidl\u00f8st og individuelt tilbeh\u00f8r til m\u00e6nd og kvinder. Vi v\u00e6rds\u00e6tter kvalitet og funktionalitet lige s\u00e5 meget som et rent og stilfuldt look. Med et fundament i svensk design og brug af kvalitetsl\u00e6dermaterialer har den velafbalancerede kombination af &hellip;<\/p>\n","protected":false},"author":2931,"featured_media":0,"parent":0,"menu_order":0,"comment_status":"closed","ping_status":"closed","template":"","meta":{"_acf_changed":false,"footnotes":""},"class_list":["post-18812","page","type-page","status-publish","hentry"],"acf":[],"yoast_head":"<!-- This site is optimized with the Yoast SEO plugin v27.3 - https:\/\/yoast.com\/product\/yoast-seo-wordpress\/ -->\n<title>Om os - Nic &amp; Mel<\/title>\n<meta name=\"robots\" content=\"index, follow, max-snippet:-1, max-image-preview:large, max-video-preview:-1\" \/>\n<link rel=\"canonical\" href=\"https:\/\/nicandmel.com\/da\/om-os-2\/\" \/>\n<meta property=\"og:locale\" content=\"da_DK\" \/>\n<meta property=\"og:type\" content=\"article\" \/>\n<meta property=\"og:title\" content=\"Om os - Nic &amp; Mel\" \/>\n<meta property=\"og:description\" content=\"Historien indtil videre Siden starten i 2010 har Nic &amp; Mel haft den samme ambition &#8211; at skabe tidl\u00f8st og individuelt tilbeh\u00f8r til m\u00e6nd og kvinder. Vi v\u00e6rds\u00e6tter kvalitet og funktionalitet lige s\u00e5 meget som et rent og stilfuldt look. Med et fundament i svensk design og brug af kvalitetsl\u00e6dermaterialer har den velafbalancerede kombination af &hellip;\" \/>\n<meta property=\"og:url\" content=\"https:\/\/nicandmel.com\/da\/om-os-2\/\" \/>\n<meta property=\"og:site_name\" content=\"Nic &amp; Mel\" \/>\n<meta property=\"article:publisher\" content=\"https:\/\/www.facebook.com\/nicandmel\" \/>\n<meta property=\"article:modified_time\" content=\"2024-10-24T07:02:33+00:00\" \/>\n<meta property=\"og:image\" content=\"https:\/\/nicandmel.com\/wp-content\/uploads\/2024\/01\/istockphoto-905742738-612x612-1.jpg\" \/>\n\t<meta property=\"og:image:width\" content=\"612\" \/>\n\t<meta property=\"og:image:height\" content=\"405\" \/>\n\t<meta property=\"og:image:type\" content=\"image\/jpeg\" \/>\n<meta name=\"twitter:card\" content=\"summary_large_image\" \/>\n<meta name=\"twitter:label1\" content=\"Estimeret l\u00e6setid\" \/>\n\t<meta name=\"twitter:data1\" content=\"3 minutter\" \/>\n<script type=\"application\/ld+json\" class=\"yoast-schema-graph\">{\"@context\":\"https:\\\/\\\/schema.org\",\"@graph\":[{\"@type\":\"WebPage\",\"@id\":\"https:\\\/\\\/nicandmel.com\\\/da\\\/om-os-2\\\/\",\"url\":\"https:\\\/\\\/nicandmel.com\\\/da\\\/om-os-2\\\/\",\"name\":\"Om os - Nic &amp; Mel\",\"isPartOf\":{\"@id\":\"https:\\\/\\\/nicandmel.com\\\/da\\\/#website\"},\"primaryImageOfPage\":{\"@id\":\"https:\\\/\\\/nicandmel.com\\\/da\\\/om-os-2\\\/#primaryimage\"},\"image\":{\"@id\":\"https:\\\/\\\/nicandmel.com\\\/da\\\/om-os-2\\\/#primaryimage\"},\"thumbnailUrl\":\"https:\\\/\\\/nicandmel.com\\\/wp-content\\\/uploads\\\/2024\\\/01\\\/istockphoto-905742738-612x612-1-300x199.jpg\",\"datePublished\":\"2024-02-18T07:23:39+00:00\",\"dateModified\":\"2024-10-24T07:02:33+00:00\",\"breadcrumb\":{\"@id\":\"https:\\\/\\\/nicandmel.com\\\/da\\\/om-os-2\\\/#breadcrumb\"},\"inLanguage\":\"da-DK\",\"potentialAction\":[{\"@type\":\"ReadAction\",\"target\":[\"https:\\\/\\\/nicandmel.com\\\/da\\\/om-os-2\\\/\"]}]},{\"@type\":\"ImageObject\",\"inLanguage\":\"da-DK\",\"@id\":\"https:\\\/\\\/nicandmel.com\\\/da\\\/om-os-2\\\/#primaryimage\",\"url\":\"https:\\\/\\\/nicandmel.com\\\/wp-content\\\/uploads\\\/2024\\\/01\\\/istockphoto-905742738-612x612-1-300x199.jpg\",\"contentUrl\":\"https:\\\/\\\/nicandmel.com\\\/wp-content\\\/uploads\\\/2024\\\/01\\\/istockphoto-905742738-612x612-1-300x199.jpg\"},{\"@type\":\"BreadcrumbList\",\"@id\":\"https:\\\/\\\/nicandmel.com\\\/da\\\/om-os-2\\\/#breadcrumb\",\"itemListElement\":[{\"@type\":\"ListItem\",\"position\":1,\"name\":\"Home\",\"item\":\"https:\\\/\\\/nicandmel.com\\\/da\\\/laedervarer-online-nic-mel\\\/\"},{\"@type\":\"ListItem\",\"position\":2,\"name\":\"Om os\"}]},{\"@type\":\"WebSite\",\"@id\":\"https:\\\/\\\/nicandmel.com\\\/da\\\/#website\",\"url\":\"https:\\\/\\\/nicandmel.com\\\/da\\\/\",\"name\":\"Nic & Mel\",\"description\":\"Handmade leather goods\",\"publisher\":{\"@id\":\"https:\\\/\\\/nicandmel.com\\\/da\\\/#organization\"},\"potentialAction\":[{\"@type\":\"SearchAction\",\"target\":{\"@type\":\"EntryPoint\",\"urlTemplate\":\"https:\\\/\\\/nicandmel.com\\\/da\\\/?s={search_term_string}\"},\"query-input\":{\"@type\":\"PropertyValueSpecification\",\"valueRequired\":true,\"valueName\":\"search_term_string\"}}],\"inLanguage\":\"da-DK\"},{\"@type\":\"Organization\",\"@id\":\"https:\\\/\\\/nicandmel.com\\\/da\\\/#organization\",\"name\":\"Nic & Mel\",\"url\":\"https:\\\/\\\/nicandmel.com\\\/da\\\/\",\"logo\":{\"@type\":\"ImageObject\",\"inLanguage\":\"da-DK\",\"@id\":\"https:\\\/\\\/nicandmel.com\\\/da\\\/#\\\/schema\\\/logo\\\/image\\\/\",\"url\":\"https:\\\/\\\/nicandmel.com\\\/wp-content\\\/uploads\\\/2021\\\/07\\\/nic_and_mel_logo.png\",\"contentUrl\":\"https:\\\/\\\/nicandmel.com\\\/wp-content\\\/uploads\\\/2021\\\/07\\\/nic_and_mel_logo.png\",\"width\":1237,\"height\":263,\"caption\":\"Nic & Mel\"},\"image\":{\"@id\":\"https:\\\/\\\/nicandmel.com\\\/da\\\/#\\\/schema\\\/logo\\\/image\\\/\"},\"sameAs\":[\"https:\\\/\\\/www.facebook.com\\\/nicandmel\"]}]}<\/script>\n<!-- \/ Yoast SEO plugin. -->","yoast_head_json":{"title":"Om os - Nic &amp; Mel","robots":{"index":"index","follow":"follow","max-snippet":"max-snippet:-1","max-image-preview":"max-image-preview:large","max-video-preview":"max-video-preview:-1"},"canonical":"https:\/\/nicandmel.com\/da\/om-os-2\/","og_locale":"da_DK","og_type":"article","og_title":"Om os - Nic &amp; Mel","og_description":"Historien indtil videre Siden starten i 2010 har Nic &amp; Mel haft den samme ambition &#8211; at skabe tidl\u00f8st og individuelt tilbeh\u00f8r til m\u00e6nd og kvinder. Vi v\u00e6rds\u00e6tter kvalitet og funktionalitet lige s\u00e5 meget som et rent og stilfuldt look. Med et fundament i svensk design og brug af kvalitetsl\u00e6dermaterialer har den velafbalancerede kombination af &hellip;","og_url":"https:\/\/nicandmel.com\/da\/om-os-2\/","og_site_name":"Nic &amp; Mel","article_publisher":"https:\/\/www.facebook.com\/nicandmel","article_modified_time":"2024-10-24T07:02:33+00:00","og_image":[{"width":612,"height":405,"url":"https:\/\/nicandmel.com\/wp-content\/uploads\/2024\/01\/istockphoto-905742738-612x612-1.jpg","type":"image\/jpeg"}],"twitter_card":"summary_large_image","twitter_misc":{"Estimeret l\u00e6setid":"3 minutter"},"schema":{"@context":"https:\/\/schema.org","@graph":[{"@type":"WebPage","@id":"https:\/\/nicandmel.com\/da\/om-os-2\/","url":"https:\/\/nicandmel.com\/da\/om-os-2\/","name":"Om os - Nic &amp; Mel","isPartOf":{"@id":"https:\/\/nicandmel.com\/da\/#website"},"primaryImageOfPage":{"@id":"https:\/\/nicandmel.com\/da\/om-os-2\/#primaryimage"},"image":{"@id":"https:\/\/nicandmel.com\/da\/om-os-2\/#primaryimage"},"thumbnailUrl":"https:\/\/nicandmel.com\/wp-content\/uploads\/2024\/01\/istockphoto-905742738-612x612-1-300x199.jpg","datePublished":"2024-02-18T07:23:39+00:00","dateModified":"2024-10-24T07:02:33+00:00","breadcrumb":{"@id":"https:\/\/nicandmel.com\/da\/om-os-2\/#breadcrumb"},"inLanguage":"da-DK","potentialAction":[{"@type":"ReadAction","target":["https:\/\/nicandmel.com\/da\/om-os-2\/"]}]},{"@type":"ImageObject","inLanguage":"da-DK","@id":"https:\/\/nicandmel.com\/da\/om-os-2\/#primaryimage","url":"https:\/\/nicandmel.com\/wp-content\/uploads\/2024\/01\/istockphoto-905742738-612x612-1-300x199.jpg","contentUrl":"https:\/\/nicandmel.com\/wp-content\/uploads\/2024\/01\/istockphoto-905742738-612x612-1-300x199.jpg"},{"@type":"BreadcrumbList","@id":"https:\/\/nicandmel.com\/da\/om-os-2\/#breadcrumb","itemListElement":[{"@type":"ListItem","position":1,"name":"Home","item":"https:\/\/nicandmel.com\/da\/laedervarer-online-nic-mel\/"},{"@type":"ListItem","position":2,"name":"Om os"}]},{"@type":"WebSite","@id":"https:\/\/nicandmel.com\/da\/#website","url":"https:\/\/nicandmel.com\/da\/","name":"Nic & Mel","description":"Handmade leather goods","publisher":{"@id":"https:\/\/nicandmel.com\/da\/#organization"},"potentialAction":[{"@type":"SearchAction","target":{"@type":"EntryPoint","urlTemplate":"https:\/\/nicandmel.com\/da\/?s={search_term_string}"},"query-input":{"@type":"PropertyValueSpecification","valueRequired":true,"valueName":"search_term_string"}}],"inLanguage":"da-DK"},{"@type":"Organization","@id":"https:\/\/nicandmel.com\/da\/#organization","name":"Nic & Mel","url":"https:\/\/nicandmel.com\/da\/","logo":{"@type":"ImageObject","inLanguage":"da-DK","@id":"https:\/\/nicandmel.com\/da\/#\/schema\/logo\/image\/","url":"https:\/\/nicandmel.com\/wp-content\/uploads\/2021\/07\/nic_and_mel_logo.png","contentUrl":"https:\/\/nicandmel.com\/wp-content\/uploads\/2021\/07\/nic_and_mel_logo.png","width":1237,"height":263,"caption":"Nic & Mel"},"image":{"@id":"https:\/\/nicandmel.com\/da\/#\/schema\/logo\/image\/"},"sameAs":["https:\/\/www.facebook.com\/nicandmel"]}]}},"_links":{"self":[{"href":"https:\/\/nicandmel.com\/da\/wp-json\/wp\/v2\/pages\/18812","targetHints":{"allow":["GET"]}}],"collection":[{"href":"https:\/\/nicandmel.com\/da\/wp-json\/wp\/v2\/pages"}],"about":[{"href":"https:\/\/nicandmel.com\/da\/wp-json\/wp\/v2\/types\/page"}],"author":[{"embeddable":true,"href":"https:\/\/nicandmel.com\/da\/wp-json\/wp\/v2\/users\/2931"}],"replies":[{"embeddable":true,"href":"https:\/\/nicandmel.com\/da\/wp-json\/wp\/v2\/comments?post=18812"}],"version-history":[{"count":0,"href":"https:\/\/nicandmel.com\/da\/wp-json\/wp\/v2\/pages\/18812\/revisions"}],"wp:attachment":[{"href":"https:\/\/nicandmel.com\/da\/wp-json\/wp\/v2\/media?parent=18812"}],"curies":[{"name":"wp","href":"https:\/\/api.w.org\/{rel}","templated":true}]}}