{"id":18857,"date":"2019-01-11T14:47:52","date_gmt":"2019-01-11T13:47:52","guid":{"rendered":"https:\/\/nicandmel.com\/product\/vince-cognacfarvet-laeder-armbaandsur\/"},"modified":"2024-10-24T19:17:24","modified_gmt":"2024-10-24T17:17:24","slug":"vince-cognacfarvet-laeder-armbaandsur","status":"publish","type":"product","link":"https:\/\/nicandmel.com\/da\/vare\/vince-cognacfarvet-laeder-armbaandsur\/","title":{"rendered":"VINCE, cognacfarvet l\u00e6der, armb\u00e5ndsur"},"content":{"rendered":"<p>Vince-uret er et holdbart ur fremstillet af rustfrit st\u00e5l med et slankt design og forskellige karakteristiske elementer: Materiale: Konstruktion i rustfrit st\u00e5l sikrer holdbarhed og lang levetid. Urskive: Uret har en klassisk rund sort urskive med gyldne tal og visere, som giver et elegant touch. Sekundviser: En livlig r\u00f8d sekundviser tilf\u00f8jer et sporty element til det overordnede design. Urkrans: Den h\u00e6vede urkrans, der omgiver urskiven, er lavet af glas, hvilket \u00f8ger urets \u00e6stetiske appel. Rem: Den cognacfarvede kalvel\u00e6derrem har r\u00e5 kanter og er fastgjort med et sp\u00e6nde i rustfrit st\u00e5l, der kombinerer stil med komfort. Nikkelfri: Alle ure i denne serie er nikkelfri, hvilket sikrer, at de er velegnede til personer med nikkeloverf\u00f8lsomhed. Emballage: Uret leveres i en eksklusiv Nic &amp; Mel-\u00e6ske, som giver en luksuri\u00f8s pr\u00e6sentation. Specifikationer: Urkassens diameter: 37,5 mm<br \/>\nUrkassens dybde: 8 mm<br \/>\nDybde inkl. glas: 12 mm<br \/>\nArmb\u00e5ndets bredde: 22 mm<br \/>\nGlas: Mineralglas, kendt for sin ridsefasthed og holdbarhed.<br \/>\nVandt\u00e6thed: 3ATM, hvilket betyder, at det er modstandsdygtigt over for st\u00e6nk og regn.<br \/>\nUrv\u00e6rk: Quartz Miyota 2035, 3 H &#8211; et p\u00e5lideligt kvartsurv\u00e6rk, der er kendt for sin n\u00f8jagtighed.<br \/>\nStr\u00f8m: Batteridrevet, leveres med et \u00e5rs garanti p\u00e5 batteriet.<br \/>\nSamlet set kombinerer Vince-uret funktionalitet med stil og viser en blanding af klassiske designelementer med moderne funktioner og materialer, der er velegnede til hverdagsbrug og forskellige lejligheder.<\/p>\n","protected":false},"excerpt":{"rendered":"<p>Vince-uret er et holdbart ur fremstillet af rustfrit st\u00e5l med et slankt design og forskellige karakteristiske elementer:<\/p>\n","protected":false},"featured_media":15805,"template":"","meta":{"_acf_changed":false},"product_brand":[],"product_cat":[1823],"product_tag":[],"class_list":{"0":"post-18857","1":"product","2":"type-product","3":"status-publish","4":"has-post-thumbnail","6":"product_cat-ure","8":"first","9":"instock","10":"taxable","11":"shipping-taxable","12":"purchasable","13":"product-type-simple"},"acf":[],"yoast_head":"<!-- This site is optimized with the Yoast SEO plugin v27.5 - https:\/\/yoast.com\/product\/yoast-seo-wordpress\/ -->\n<title>VINCE, cognacfarvet l\u00e6der, armb\u00e5ndsur - Nic &amp; Mel<\/title>\n<meta name=\"robots\" content=\"index, follow, max-snippet:-1, max-image-preview:large, max-video-preview:-1\" \/>\n<link rel=\"canonical\" href=\"https:\/\/nicandmel.com\/da\/vare\/vince-cognacfarvet-laeder-armbaandsur\/\" \/>\n<meta property=\"og:locale\" content=\"da_DK\" \/>\n<meta property=\"og:type\" content=\"article\" \/>\n<meta property=\"og:title\" content=\"VINCE, cognacfarvet l\u00e6der, armb\u00e5ndsur - Nic &amp; Mel\" \/>\n<meta property=\"og:description\" content=\"Vince-uret er et holdbart ur fremstillet af rustfrit st\u00e5l med et slankt design og forskellige karakteristiske elementer:\" \/>\n<meta property=\"og:url\" content=\"https:\/\/nicandmel.com\/da\/vare\/vince-cognacfarvet-laeder-armbaandsur\/\" \/>\n<meta property=\"og:site_name\" content=\"Nic &amp; Mel\" \/>\n<meta property=\"article:publisher\" content=\"https:\/\/www.facebook.com\/nicandmel\" \/>\n<meta property=\"article:modified_time\" content=\"2024-10-24T17:17:24+00:00\" \/>\n<meta property=\"og:image\" content=\"https:\/\/nicandmel.com\/wp-content\/uploads\/2016\/09\/web_vince_cognac.jpg\" \/>\n\t<meta property=\"og:image:width\" content=\"2000\" \/>\n\t<meta property=\"og:image:height\" content=\"1370\" \/>\n\t<meta property=\"og:image:type\" content=\"image\/jpeg\" \/>\n<meta name=\"twitter:card\" content=\"summary_large_image\" \/>\n<meta name=\"twitter:label1\" content=\"Estimeret l\u00e6setid\" \/>\n\t<meta name=\"twitter:data1\" content=\"1 minut\" \/>\n<script type=\"application\/ld+json\" class=\"yoast-schema-graph\">{\"@context\":\"https:\\\/\\\/schema.org\",\"@graph\":[{\"@type\":\"WebPage\",\"@id\":\"https:\\\/\\\/nicandmel.com\\\/da\\\/vare\\\/vince-cognacfarvet-laeder-armbaandsur\\\/\",\"url\":\"https:\\\/\\\/nicandmel.com\\\/da\\\/vare\\\/vince-cognacfarvet-laeder-armbaandsur\\\/\",\"name\":\"VINCE, cognacfarvet l\u00e6der, armb\u00e5ndsur - Nic &amp; Mel\",\"isPartOf\":{\"@id\":\"https:\\\/\\\/nicandmel.com\\\/da\\\/#website\"},\"primaryImageOfPage\":{\"@id\":\"https:\\\/\\\/nicandmel.com\\\/da\\\/vare\\\/vince-cognacfarvet-laeder-armbaandsur\\\/#primaryimage\"},\"image\":{\"@id\":\"https:\\\/\\\/nicandmel.com\\\/da\\\/vare\\\/vince-cognacfarvet-laeder-armbaandsur\\\/#primaryimage\"},\"thumbnailUrl\":\"https:\\\/\\\/nicandmel.com\\\/wp-content\\\/uploads\\\/2016\\\/09\\\/web_vince_cognac.jpg\",\"datePublished\":\"2019-01-11T13:47:52+00:00\",\"dateModified\":\"2024-10-24T17:17:24+00:00\",\"breadcrumb\":{\"@id\":\"https:\\\/\\\/nicandmel.com\\\/da\\\/vare\\\/vince-cognacfarvet-laeder-armbaandsur\\\/#breadcrumb\"},\"inLanguage\":\"da-DK\",\"potentialAction\":[{\"@type\":\"ReadAction\",\"target\":[\"https:\\\/\\\/nicandmel.com\\\/da\\\/vare\\\/vince-cognacfarvet-laeder-armbaandsur\\\/\"]}]},{\"@type\":\"ImageObject\",\"inLanguage\":\"da-DK\",\"@id\":\"https:\\\/\\\/nicandmel.com\\\/da\\\/vare\\\/vince-cognacfarvet-laeder-armbaandsur\\\/#primaryimage\",\"url\":\"https:\\\/\\\/nicandmel.com\\\/wp-content\\\/uploads\\\/2016\\\/09\\\/web_vince_cognac.jpg\",\"contentUrl\":\"https:\\\/\\\/nicandmel.com\\\/wp-content\\\/uploads\\\/2016\\\/09\\\/web_vince_cognac.jpg\",\"width\":2000,\"height\":1370},{\"@type\":\"BreadcrumbList\",\"@id\":\"https:\\\/\\\/nicandmel.com\\\/da\\\/vare\\\/vince-cognacfarvet-laeder-armbaandsur\\\/#breadcrumb\",\"itemListElement\":[{\"@type\":\"ListItem\",\"position\":1,\"name\":\"Home\",\"item\":\"https:\\\/\\\/nicandmel.com\\\/da\\\/laedervarer-online-nic-mel\\\/\"},{\"@type\":\"ListItem\",\"position\":2,\"name\":\"Butik\",\"item\":\"https:\\\/\\\/nicandmel.com\\\/da\\\/shop\\\/\"},{\"@type\":\"ListItem\",\"position\":3,\"name\":\"VINCE, cognacfarvet l\u00e6der, armb\u00e5ndsur\"}]},{\"@type\":\"WebSite\",\"@id\":\"https:\\\/\\\/nicandmel.com\\\/da\\\/#website\",\"url\":\"https:\\\/\\\/nicandmel.com\\\/da\\\/\",\"name\":\"Nic & Mel\",\"description\":\"Handmade leather goods\",\"publisher\":{\"@id\":\"https:\\\/\\\/nicandmel.com\\\/da\\\/#organization\"},\"potentialAction\":[{\"@type\":\"SearchAction\",\"target\":{\"@type\":\"EntryPoint\",\"urlTemplate\":\"https:\\\/\\\/nicandmel.com\\\/da\\\/?s={search_term_string}\"},\"query-input\":{\"@type\":\"PropertyValueSpecification\",\"valueRequired\":true,\"valueName\":\"search_term_string\"}}],\"inLanguage\":\"da-DK\"},{\"@type\":\"Organization\",\"@id\":\"https:\\\/\\\/nicandmel.com\\\/da\\\/#organization\",\"name\":\"Nic & Mel\",\"url\":\"https:\\\/\\\/nicandmel.com\\\/da\\\/\",\"logo\":{\"@type\":\"ImageObject\",\"inLanguage\":\"da-DK\",\"@id\":\"https:\\\/\\\/nicandmel.com\\\/da\\\/#\\\/schema\\\/logo\\\/image\\\/\",\"url\":\"https:\\\/\\\/nicandmel.com\\\/wp-content\\\/uploads\\\/2021\\\/07\\\/nic_and_mel_logo.png\",\"contentUrl\":\"https:\\\/\\\/nicandmel.com\\\/wp-content\\\/uploads\\\/2021\\\/07\\\/nic_and_mel_logo.png\",\"width\":1237,\"height\":263,\"caption\":\"Nic & Mel\"},\"image\":{\"@id\":\"https:\\\/\\\/nicandmel.com\\\/da\\\/#\\\/schema\\\/logo\\\/image\\\/\"},\"sameAs\":[\"https:\\\/\\\/www.facebook.com\\\/nicandmel\"]}]}<\/script>\n<!-- \/ Yoast SEO plugin. -->","yoast_head_json":{"title":"VINCE, cognacfarvet l\u00e6der, armb\u00e5ndsur - Nic &amp; Mel","robots":{"index":"index","follow":"follow","max-snippet":"max-snippet:-1","max-image-preview":"max-image-preview:large","max-video-preview":"max-video-preview:-1"},"canonical":"https:\/\/nicandmel.com\/da\/vare\/vince-cognacfarvet-laeder-armbaandsur\/","og_locale":"da_DK","og_type":"article","og_title":"VINCE, cognacfarvet l\u00e6der, armb\u00e5ndsur - Nic &amp; Mel","og_description":"Vince-uret er et holdbart ur fremstillet af rustfrit st\u00e5l med et slankt design og forskellige karakteristiske elementer:","og_url":"https:\/\/nicandmel.com\/da\/vare\/vince-cognacfarvet-laeder-armbaandsur\/","og_site_name":"Nic &amp; Mel","article_publisher":"https:\/\/www.facebook.com\/nicandmel","article_modified_time":"2024-10-24T17:17:24+00:00","og_image":[{"width":2000,"height":1370,"url":"https:\/\/nicandmel.com\/wp-content\/uploads\/2016\/09\/web_vince_cognac.jpg","type":"image\/jpeg"}],"twitter_card":"summary_large_image","twitter_misc":{"Estimeret l\u00e6setid":"1 minut"},"schema":{"@context":"https:\/\/schema.org","@graph":[{"@type":"WebPage","@id":"https:\/\/nicandmel.com\/da\/vare\/vince-cognacfarvet-laeder-armbaandsur\/","url":"https:\/\/nicandmel.com\/da\/vare\/vince-cognacfarvet-laeder-armbaandsur\/","name":"VINCE, cognacfarvet l\u00e6der, armb\u00e5ndsur - Nic &amp; Mel","isPartOf":{"@id":"https:\/\/nicandmel.com\/da\/#website"},"primaryImageOfPage":{"@id":"https:\/\/nicandmel.com\/da\/vare\/vince-cognacfarvet-laeder-armbaandsur\/#primaryimage"},"image":{"@id":"https:\/\/nicandmel.com\/da\/vare\/vince-cognacfarvet-laeder-armbaandsur\/#primaryimage"},"thumbnailUrl":"https:\/\/nicandmel.com\/wp-content\/uploads\/2016\/09\/web_vince_cognac.jpg","datePublished":"2019-01-11T13:47:52+00:00","dateModified":"2024-10-24T17:17:24+00:00","breadcrumb":{"@id":"https:\/\/nicandmel.com\/da\/vare\/vince-cognacfarvet-laeder-armbaandsur\/#breadcrumb"},"inLanguage":"da-DK","potentialAction":[{"@type":"ReadAction","target":["https:\/\/nicandmel.com\/da\/vare\/vince-cognacfarvet-laeder-armbaandsur\/"]}]},{"@type":"ImageObject","inLanguage":"da-DK","@id":"https:\/\/nicandmel.com\/da\/vare\/vince-cognacfarvet-laeder-armbaandsur\/#primaryimage","url":"https:\/\/nicandmel.com\/wp-content\/uploads\/2016\/09\/web_vince_cognac.jpg","contentUrl":"https:\/\/nicandmel.com\/wp-content\/uploads\/2016\/09\/web_vince_cognac.jpg","width":2000,"height":1370},{"@type":"BreadcrumbList","@id":"https:\/\/nicandmel.com\/da\/vare\/vince-cognacfarvet-laeder-armbaandsur\/#breadcrumb","itemListElement":[{"@type":"ListItem","position":1,"name":"Home","item":"https:\/\/nicandmel.com\/da\/laedervarer-online-nic-mel\/"},{"@type":"ListItem","position":2,"name":"Butik","item":"https:\/\/nicandmel.com\/da\/shop\/"},{"@type":"ListItem","position":3,"name":"VINCE, cognacfarvet l\u00e6der, armb\u00e5ndsur"}]},{"@type":"WebSite","@id":"https:\/\/nicandmel.com\/da\/#website","url":"https:\/\/nicandmel.com\/da\/","name":"Nic & Mel","description":"Handmade leather goods","publisher":{"@id":"https:\/\/nicandmel.com\/da\/#organization"},"potentialAction":[{"@type":"SearchAction","target":{"@type":"EntryPoint","urlTemplate":"https:\/\/nicandmel.com\/da\/?s={search_term_string}"},"query-input":{"@type":"PropertyValueSpecification","valueRequired":true,"valueName":"search_term_string"}}],"inLanguage":"da-DK"},{"@type":"Organization","@id":"https:\/\/nicandmel.com\/da\/#organization","name":"Nic & Mel","url":"https:\/\/nicandmel.com\/da\/","logo":{"@type":"ImageObject","inLanguage":"da-DK","@id":"https:\/\/nicandmel.com\/da\/#\/schema\/logo\/image\/","url":"https:\/\/nicandmel.com\/wp-content\/uploads\/2021\/07\/nic_and_mel_logo.png","contentUrl":"https:\/\/nicandmel.com\/wp-content\/uploads\/2021\/07\/nic_and_mel_logo.png","width":1237,"height":263,"caption":"Nic & Mel"},"image":{"@id":"https:\/\/nicandmel.com\/da\/#\/schema\/logo\/image\/"},"sameAs":["https:\/\/www.facebook.com\/nicandmel"]}]}},"_links":{"self":[{"href":"https:\/\/nicandmel.com\/da\/wp-json\/wp\/v2\/product\/18857","targetHints":{"allow":["GET"]}}],"collection":[{"href":"https:\/\/nicandmel.com\/da\/wp-json\/wp\/v2\/product"}],"about":[{"href":"https:\/\/nicandmel.com\/da\/wp-json\/wp\/v2\/types\/product"}],"wp:featuredmedia":[{"embeddable":true,"href":"https:\/\/nicandmel.com\/da\/wp-json\/wp\/v2\/media\/15805"}],"wp:attachment":[{"href":"https:\/\/nicandmel.com\/da\/wp-json\/wp\/v2\/media?parent=18857"}],"wp:term":[{"taxonomy":"product_brand","embeddable":true,"href":"https:\/\/nicandmel.com\/da\/wp-json\/wp\/v2\/product_brand?post=18857"},{"taxonomy":"product_cat","embeddable":true,"href":"https:\/\/nicandmel.com\/da\/wp-json\/wp\/v2\/product_cat?post=18857"},{"taxonomy":"product_tag","embeddable":true,"href":"https:\/\/nicandmel.com\/da\/wp-json\/wp\/v2\/product_tag?post=18857"}],"curies":[{"name":"wp","href":"https:\/\/api.w.org\/{rel}","templated":true}]}}