{"id":19264,"date":"2016-10-08T13:26:55","date_gmt":"2016-10-08T11:26:55","guid":{"rendered":"https:\/\/nicandmel.com\/product\/wayne-computerbag-15-cognacfarvet-laeder\/"},"modified":"2024-11-07T15:13:03","modified_gmt":"2024-11-07T14:13:03","slug":"wayne-computerbag-15-cognacfarvet-laeder","status":"publish","type":"product","link":"https:\/\/nicandmel.com\/da\/vare\/wayne-computerbag-15-cognacfarvet-laeder\/","title":{"rendered":"WAYNE COMPUTERBAG 15&#8243; <br>Cognacfarvet l\u00e6der"},"content":{"rendered":"<p>Wayne er en computertaske lavet af cognacfarvet l\u00e6der. Udover et rum til computeren er der ogs\u00e5 rum til f.eks. papirer og mobiltelefon. Wayne lukkes med en lynl\u00e5s. Skulderremmen er aftagelig, og l\u00e6ngden kan justeres. Passer til Macbook-computere op til 15 tommer og de fleste 15 tommer pc-laptops. L\u00e6ngde: 40 cm H\u00f8jde: 29 cm Dybde: 6 cm Materiale: 100 % \u00e6gte l\u00e6der     <\/p>\n","protected":false},"excerpt":{"rendered":"<p>Wayne er en computertaske lavet af cognacfarvet l\u00e6der. Udover et rum til computeren er der ogs\u00e5 rum til f.eks. papirer og mobiltelefon. Wayne lukkes med en lynl\u00e5s. Skulderremmen er aftagelig, og l\u00e6ngden kan justeres. Passer til Macbook-computere op til 15 tommer og de fleste 15 tommer pc-laptops. L\u00e6ngde: 40 cm H\u00f8jde: 29 cm Dybde: 6 &hellip;<\/p>\n","protected":false},"featured_media":16648,"template":"","meta":{"_acf_changed":false},"product_brand":[],"product_cat":[1809],"product_tag":[],"class_list":{"0":"post-19264","1":"product","2":"type-product","3":"status-publish","4":"has-post-thumbnail","6":"product_cat-tasker","8":"first","9":"outofstock","10":"taxable","11":"shipping-taxable","12":"purchasable","13":"product-type-simple"},"acf":[],"yoast_head":"<!-- This site is optimized with the Yoast SEO plugin v27.3 - https:\/\/yoast.com\/product\/yoast-seo-wordpress\/ -->\n<title>WAYNE COMPUTERBAG 15&quot; Cognacfarvet l\u00e6der - Nic &amp; Mel<\/title>\n<meta name=\"robots\" content=\"index, follow, max-snippet:-1, max-image-preview:large, max-video-preview:-1\" \/>\n<link rel=\"canonical\" href=\"https:\/\/nicandmel.com\/da\/vare\/wayne-computerbag-15-cognacfarvet-laeder\/\" \/>\n<meta property=\"og:locale\" content=\"da_DK\" \/>\n<meta property=\"og:type\" content=\"article\" \/>\n<meta property=\"og:title\" content=\"WAYNE COMPUTERBAG 15&quot; Cognacfarvet l\u00e6der - Nic &amp; Mel\" \/>\n<meta property=\"og:description\" content=\"Wayne er en computertaske lavet af cognacfarvet l\u00e6der. Udover et rum til computeren er der ogs\u00e5 rum til f.eks. papirer og mobiltelefon. Wayne lukkes med en lynl\u00e5s. Skulderremmen er aftagelig, og l\u00e6ngden kan justeres. Passer til Macbook-computere op til 15 tommer og de fleste 15 tommer pc-laptops. L\u00e6ngde: 40 cm H\u00f8jde: 29 cm Dybde: 6 &hellip;\" \/>\n<meta property=\"og:url\" content=\"https:\/\/nicandmel.com\/da\/vare\/wayne-computerbag-15-cognacfarvet-laeder\/\" \/>\n<meta property=\"og:site_name\" content=\"Nic &amp; Mel\" \/>\n<meta property=\"article:publisher\" content=\"https:\/\/www.facebook.com\/nicandmel\" \/>\n<meta property=\"article:modified_time\" content=\"2024-11-07T14:13:03+00:00\" \/>\n<meta property=\"og:image\" content=\"https:\/\/nicandmel.com\/wp-content\/uploads\/2016\/10\/wayne_comp_cognac.jpg\" \/>\n\t<meta property=\"og:image:width\" content=\"2000\" \/>\n\t<meta property=\"og:image:height\" content=\"1371\" \/>\n\t<meta property=\"og:image:type\" content=\"image\/jpeg\" \/>\n<meta name=\"twitter:card\" content=\"summary_large_image\" \/>\n<script type=\"application\/ld+json\" class=\"yoast-schema-graph\">{\"@context\":\"https:\\\/\\\/schema.org\",\"@graph\":[{\"@type\":\"WebPage\",\"@id\":\"https:\\\/\\\/nicandmel.com\\\/da\\\/vare\\\/wayne-computerbag-15-cognacfarvet-laeder\\\/\",\"url\":\"https:\\\/\\\/nicandmel.com\\\/da\\\/vare\\\/wayne-computerbag-15-cognacfarvet-laeder\\\/\",\"name\":\"WAYNE COMPUTERBAG 15\\\" Cognacfarvet l\u00e6der - Nic &amp; Mel\",\"isPartOf\":{\"@id\":\"https:\\\/\\\/nicandmel.com\\\/da\\\/#website\"},\"primaryImageOfPage\":{\"@id\":\"https:\\\/\\\/nicandmel.com\\\/da\\\/vare\\\/wayne-computerbag-15-cognacfarvet-laeder\\\/#primaryimage\"},\"image\":{\"@id\":\"https:\\\/\\\/nicandmel.com\\\/da\\\/vare\\\/wayne-computerbag-15-cognacfarvet-laeder\\\/#primaryimage\"},\"thumbnailUrl\":\"https:\\\/\\\/nicandmel.com\\\/wp-content\\\/uploads\\\/2016\\\/10\\\/wayne_comp_cognac.jpg\",\"datePublished\":\"2016-10-08T11:26:55+00:00\",\"dateModified\":\"2024-11-07T14:13:03+00:00\",\"breadcrumb\":{\"@id\":\"https:\\\/\\\/nicandmel.com\\\/da\\\/vare\\\/wayne-computerbag-15-cognacfarvet-laeder\\\/#breadcrumb\"},\"inLanguage\":\"da-DK\",\"potentialAction\":[{\"@type\":\"ReadAction\",\"target\":[\"https:\\\/\\\/nicandmel.com\\\/da\\\/vare\\\/wayne-computerbag-15-cognacfarvet-laeder\\\/\"]}]},{\"@type\":\"ImageObject\",\"inLanguage\":\"da-DK\",\"@id\":\"https:\\\/\\\/nicandmel.com\\\/da\\\/vare\\\/wayne-computerbag-15-cognacfarvet-laeder\\\/#primaryimage\",\"url\":\"https:\\\/\\\/nicandmel.com\\\/wp-content\\\/uploads\\\/2016\\\/10\\\/wayne_comp_cognac.jpg\",\"contentUrl\":\"https:\\\/\\\/nicandmel.com\\\/wp-content\\\/uploads\\\/2016\\\/10\\\/wayne_comp_cognac.jpg\",\"width\":2000,\"height\":1371},{\"@type\":\"BreadcrumbList\",\"@id\":\"https:\\\/\\\/nicandmel.com\\\/da\\\/vare\\\/wayne-computerbag-15-cognacfarvet-laeder\\\/#breadcrumb\",\"itemListElement\":[{\"@type\":\"ListItem\",\"position\":1,\"name\":\"Home\",\"item\":\"https:\\\/\\\/nicandmel.com\\\/da\\\/laedervarer-online-nic-mel\\\/\"},{\"@type\":\"ListItem\",\"position\":2,\"name\":\"Butik\",\"item\":\"https:\\\/\\\/nicandmel.com\\\/da\\\/shop\\\/\"},{\"@type\":\"ListItem\",\"position\":3,\"name\":\"WAYNE COMPUTERBAG 15&#8243; Cognacfarvet l\u00e6der\"}]},{\"@type\":\"WebSite\",\"@id\":\"https:\\\/\\\/nicandmel.com\\\/da\\\/#website\",\"url\":\"https:\\\/\\\/nicandmel.com\\\/da\\\/\",\"name\":\"Nic & Mel\",\"description\":\"Handmade leather goods\",\"publisher\":{\"@id\":\"https:\\\/\\\/nicandmel.com\\\/da\\\/#organization\"},\"potentialAction\":[{\"@type\":\"SearchAction\",\"target\":{\"@type\":\"EntryPoint\",\"urlTemplate\":\"https:\\\/\\\/nicandmel.com\\\/da\\\/?s={search_term_string}\"},\"query-input\":{\"@type\":\"PropertyValueSpecification\",\"valueRequired\":true,\"valueName\":\"search_term_string\"}}],\"inLanguage\":\"da-DK\"},{\"@type\":\"Organization\",\"@id\":\"https:\\\/\\\/nicandmel.com\\\/da\\\/#organization\",\"name\":\"Nic & Mel\",\"url\":\"https:\\\/\\\/nicandmel.com\\\/da\\\/\",\"logo\":{\"@type\":\"ImageObject\",\"inLanguage\":\"da-DK\",\"@id\":\"https:\\\/\\\/nicandmel.com\\\/da\\\/#\\\/schema\\\/logo\\\/image\\\/\",\"url\":\"https:\\\/\\\/nicandmel.com\\\/wp-content\\\/uploads\\\/2021\\\/07\\\/nic_and_mel_logo.png\",\"contentUrl\":\"https:\\\/\\\/nicandmel.com\\\/wp-content\\\/uploads\\\/2021\\\/07\\\/nic_and_mel_logo.png\",\"width\":1237,\"height\":263,\"caption\":\"Nic & Mel\"},\"image\":{\"@id\":\"https:\\\/\\\/nicandmel.com\\\/da\\\/#\\\/schema\\\/logo\\\/image\\\/\"},\"sameAs\":[\"https:\\\/\\\/www.facebook.com\\\/nicandmel\"]}]}<\/script>\n<!-- \/ Yoast SEO plugin. -->","yoast_head_json":{"title":"WAYNE COMPUTERBAG 15\" Cognacfarvet l\u00e6der - Nic &amp; Mel","robots":{"index":"index","follow":"follow","max-snippet":"max-snippet:-1","max-image-preview":"max-image-preview:large","max-video-preview":"max-video-preview:-1"},"canonical":"https:\/\/nicandmel.com\/da\/vare\/wayne-computerbag-15-cognacfarvet-laeder\/","og_locale":"da_DK","og_type":"article","og_title":"WAYNE COMPUTERBAG 15\" Cognacfarvet l\u00e6der - Nic &amp; Mel","og_description":"Wayne er en computertaske lavet af cognacfarvet l\u00e6der. Udover et rum til computeren er der ogs\u00e5 rum til f.eks. papirer og mobiltelefon. Wayne lukkes med en lynl\u00e5s. Skulderremmen er aftagelig, og l\u00e6ngden kan justeres. Passer til Macbook-computere op til 15 tommer og de fleste 15 tommer pc-laptops. L\u00e6ngde: 40 cm H\u00f8jde: 29 cm Dybde: 6 &hellip;","og_url":"https:\/\/nicandmel.com\/da\/vare\/wayne-computerbag-15-cognacfarvet-laeder\/","og_site_name":"Nic &amp; Mel","article_publisher":"https:\/\/www.facebook.com\/nicandmel","article_modified_time":"2024-11-07T14:13:03+00:00","og_image":[{"width":2000,"height":1371,"url":"https:\/\/nicandmel.com\/wp-content\/uploads\/2016\/10\/wayne_comp_cognac.jpg","type":"image\/jpeg"}],"twitter_card":"summary_large_image","schema":{"@context":"https:\/\/schema.org","@graph":[{"@type":"WebPage","@id":"https:\/\/nicandmel.com\/da\/vare\/wayne-computerbag-15-cognacfarvet-laeder\/","url":"https:\/\/nicandmel.com\/da\/vare\/wayne-computerbag-15-cognacfarvet-laeder\/","name":"WAYNE COMPUTERBAG 15\" Cognacfarvet l\u00e6der - Nic &amp; Mel","isPartOf":{"@id":"https:\/\/nicandmel.com\/da\/#website"},"primaryImageOfPage":{"@id":"https:\/\/nicandmel.com\/da\/vare\/wayne-computerbag-15-cognacfarvet-laeder\/#primaryimage"},"image":{"@id":"https:\/\/nicandmel.com\/da\/vare\/wayne-computerbag-15-cognacfarvet-laeder\/#primaryimage"},"thumbnailUrl":"https:\/\/nicandmel.com\/wp-content\/uploads\/2016\/10\/wayne_comp_cognac.jpg","datePublished":"2016-10-08T11:26:55+00:00","dateModified":"2024-11-07T14:13:03+00:00","breadcrumb":{"@id":"https:\/\/nicandmel.com\/da\/vare\/wayne-computerbag-15-cognacfarvet-laeder\/#breadcrumb"},"inLanguage":"da-DK","potentialAction":[{"@type":"ReadAction","target":["https:\/\/nicandmel.com\/da\/vare\/wayne-computerbag-15-cognacfarvet-laeder\/"]}]},{"@type":"ImageObject","inLanguage":"da-DK","@id":"https:\/\/nicandmel.com\/da\/vare\/wayne-computerbag-15-cognacfarvet-laeder\/#primaryimage","url":"https:\/\/nicandmel.com\/wp-content\/uploads\/2016\/10\/wayne_comp_cognac.jpg","contentUrl":"https:\/\/nicandmel.com\/wp-content\/uploads\/2016\/10\/wayne_comp_cognac.jpg","width":2000,"height":1371},{"@type":"BreadcrumbList","@id":"https:\/\/nicandmel.com\/da\/vare\/wayne-computerbag-15-cognacfarvet-laeder\/#breadcrumb","itemListElement":[{"@type":"ListItem","position":1,"name":"Home","item":"https:\/\/nicandmel.com\/da\/laedervarer-online-nic-mel\/"},{"@type":"ListItem","position":2,"name":"Butik","item":"https:\/\/nicandmel.com\/da\/shop\/"},{"@type":"ListItem","position":3,"name":"WAYNE COMPUTERBAG 15&#8243; Cognacfarvet l\u00e6der"}]},{"@type":"WebSite","@id":"https:\/\/nicandmel.com\/da\/#website","url":"https:\/\/nicandmel.com\/da\/","name":"Nic & Mel","description":"Handmade leather goods","publisher":{"@id":"https:\/\/nicandmel.com\/da\/#organization"},"potentialAction":[{"@type":"SearchAction","target":{"@type":"EntryPoint","urlTemplate":"https:\/\/nicandmel.com\/da\/?s={search_term_string}"},"query-input":{"@type":"PropertyValueSpecification","valueRequired":true,"valueName":"search_term_string"}}],"inLanguage":"da-DK"},{"@type":"Organization","@id":"https:\/\/nicandmel.com\/da\/#organization","name":"Nic & Mel","url":"https:\/\/nicandmel.com\/da\/","logo":{"@type":"ImageObject","inLanguage":"da-DK","@id":"https:\/\/nicandmel.com\/da\/#\/schema\/logo\/image\/","url":"https:\/\/nicandmel.com\/wp-content\/uploads\/2021\/07\/nic_and_mel_logo.png","contentUrl":"https:\/\/nicandmel.com\/wp-content\/uploads\/2021\/07\/nic_and_mel_logo.png","width":1237,"height":263,"caption":"Nic & Mel"},"image":{"@id":"https:\/\/nicandmel.com\/da\/#\/schema\/logo\/image\/"},"sameAs":["https:\/\/www.facebook.com\/nicandmel"]}]}},"_links":{"self":[{"href":"https:\/\/nicandmel.com\/da\/wp-json\/wp\/v2\/product\/19264","targetHints":{"allow":["GET"]}}],"collection":[{"href":"https:\/\/nicandmel.com\/da\/wp-json\/wp\/v2\/product"}],"about":[{"href":"https:\/\/nicandmel.com\/da\/wp-json\/wp\/v2\/types\/product"}],"wp:featuredmedia":[{"embeddable":true,"href":"https:\/\/nicandmel.com\/da\/wp-json\/wp\/v2\/media\/16648"}],"wp:attachment":[{"href":"https:\/\/nicandmel.com\/da\/wp-json\/wp\/v2\/media?parent=19264"}],"wp:term":[{"taxonomy":"product_brand","embeddable":true,"href":"https:\/\/nicandmel.com\/da\/wp-json\/wp\/v2\/product_brand?post=19264"},{"taxonomy":"product_cat","embeddable":true,"href":"https:\/\/nicandmel.com\/da\/wp-json\/wp\/v2\/product_cat?post=19264"},{"taxonomy":"product_tag","embeddable":true,"href":"https:\/\/nicandmel.com\/da\/wp-json\/wp\/v2\/product_tag?post=19264"}],"curies":[{"name":"wp","href":"https:\/\/api.w.org\/{rel}","templated":true}]}}