{"id":19271,"date":"2016-05-31T13:18:51","date_gmt":"2016-05-31T11:18:51","guid":{"rendered":"https:\/\/nicandmel.com\/product\/kirk-computerbag-12-13sortcanvas\/"},"modified":"2024-12-12T07:34:04","modified_gmt":"2024-12-12T06:34:04","slug":"kirk-computerbag-12-13sortcanvas","status":"publish","type":"product","link":"https:\/\/nicandmel.com\/da\/vare\/kirk-computerbag-12-13sortcanvas\/","title":{"rendered":"KIRK COMPUTERBAG 12-13&#8243;SortCanvas"},"content":{"rendered":"<p>Ud over et computerrum er der ogs\u00e5 rum til f.eks. papirer og mobiltelefon. Kirk lukkes med en lynl\u00e5s. Skulderremmen kan justeres i l\u00e6ngden. Passer til Macbook-computere op til 13 tommer og de fleste 13 tommer pc-laptops. L\u00e6ngde: 36 cm<br \/>\nH\u00f8jde: 27 cm<br \/>\nDybde: 18 cm  <\/p>\n","protected":false},"excerpt":{"rendered":"<p>Kirk er en computertaske\/sportstaske lavet af vandt\u00e6t bomuldskanvas.<\/p>\n","protected":false},"featured_media":15247,"template":"","meta":{"_acf_changed":false},"product_brand":[],"product_cat":[1809],"product_tag":[],"class_list":{"0":"post-19271","1":"product","2":"type-product","3":"status-publish","4":"has-post-thumbnail","6":"product_cat-tasker","8":"first","9":"outofstock","10":"taxable","11":"shipping-taxable","12":"purchasable","13":"product-type-simple"},"acf":[],"yoast_head":"<!-- This site is optimized with the Yoast SEO plugin v27.5 - https:\/\/yoast.com\/product\/yoast-seo-wordpress\/ -->\n<title>KIRK COMPUTERBAG 12-13&quot;SortCanvas - Nic &amp; Mel<\/title>\n<meta name=\"robots\" content=\"index, follow, max-snippet:-1, max-image-preview:large, max-video-preview:-1\" \/>\n<link rel=\"canonical\" href=\"https:\/\/nicandmel.com\/da\/vare\/kirk-computerbag-12-13sortcanvas\/\" \/>\n<meta property=\"og:locale\" content=\"da_DK\" \/>\n<meta property=\"og:type\" content=\"article\" \/>\n<meta property=\"og:title\" content=\"KIRK COMPUTERBAG 12-13&quot;SortCanvas - Nic &amp; Mel\" \/>\n<meta property=\"og:description\" content=\"Kirk er en computertaske\/sportstaske lavet af vandt\u00e6t bomuldskanvas.\" \/>\n<meta property=\"og:url\" content=\"https:\/\/nicandmel.com\/da\/vare\/kirk-computerbag-12-13sortcanvas\/\" \/>\n<meta property=\"og:site_name\" content=\"Nic &amp; Mel\" \/>\n<meta property=\"article:publisher\" content=\"https:\/\/www.facebook.com\/nicandmel\" \/>\n<meta property=\"article:modified_time\" content=\"2024-12-12T06:34:04+00:00\" \/>\n<meta property=\"og:image\" content=\"https:\/\/nicandmel.com\/wp-content\/uploads\/2016\/05\/Kirk-black-canvas.jpg\" \/>\n\t<meta property=\"og:image:width\" content=\"2000\" \/>\n\t<meta property=\"og:image:height\" content=\"1371\" \/>\n\t<meta property=\"og:image:type\" content=\"image\/jpeg\" \/>\n<meta name=\"twitter:card\" content=\"summary_large_image\" \/>\n<script type=\"application\/ld+json\" class=\"yoast-schema-graph\">{\"@context\":\"https:\\\/\\\/schema.org\",\"@graph\":[{\"@type\":\"WebPage\",\"@id\":\"https:\\\/\\\/nicandmel.com\\\/da\\\/vare\\\/kirk-computerbag-12-13sortcanvas\\\/\",\"url\":\"https:\\\/\\\/nicandmel.com\\\/da\\\/vare\\\/kirk-computerbag-12-13sortcanvas\\\/\",\"name\":\"KIRK COMPUTERBAG 12-13\\\"SortCanvas - Nic &amp; Mel\",\"isPartOf\":{\"@id\":\"https:\\\/\\\/nicandmel.com\\\/da\\\/#website\"},\"primaryImageOfPage\":{\"@id\":\"https:\\\/\\\/nicandmel.com\\\/da\\\/vare\\\/kirk-computerbag-12-13sortcanvas\\\/#primaryimage\"},\"image\":{\"@id\":\"https:\\\/\\\/nicandmel.com\\\/da\\\/vare\\\/kirk-computerbag-12-13sortcanvas\\\/#primaryimage\"},\"thumbnailUrl\":\"https:\\\/\\\/nicandmel.com\\\/wp-content\\\/uploads\\\/2016\\\/05\\\/Kirk-black-canvas.jpg\",\"datePublished\":\"2016-05-31T11:18:51+00:00\",\"dateModified\":\"2024-12-12T06:34:04+00:00\",\"breadcrumb\":{\"@id\":\"https:\\\/\\\/nicandmel.com\\\/da\\\/vare\\\/kirk-computerbag-12-13sortcanvas\\\/#breadcrumb\"},\"inLanguage\":\"da-DK\",\"potentialAction\":[{\"@type\":\"ReadAction\",\"target\":[\"https:\\\/\\\/nicandmel.com\\\/da\\\/vare\\\/kirk-computerbag-12-13sortcanvas\\\/\"]}]},{\"@type\":\"ImageObject\",\"inLanguage\":\"da-DK\",\"@id\":\"https:\\\/\\\/nicandmel.com\\\/da\\\/vare\\\/kirk-computerbag-12-13sortcanvas\\\/#primaryimage\",\"url\":\"https:\\\/\\\/nicandmel.com\\\/wp-content\\\/uploads\\\/2016\\\/05\\\/Kirk-black-canvas.jpg\",\"contentUrl\":\"https:\\\/\\\/nicandmel.com\\\/wp-content\\\/uploads\\\/2016\\\/05\\\/Kirk-black-canvas.jpg\",\"width\":2000,\"height\":1371},{\"@type\":\"BreadcrumbList\",\"@id\":\"https:\\\/\\\/nicandmel.com\\\/da\\\/vare\\\/kirk-computerbag-12-13sortcanvas\\\/#breadcrumb\",\"itemListElement\":[{\"@type\":\"ListItem\",\"position\":1,\"name\":\"Home\",\"item\":\"https:\\\/\\\/nicandmel.com\\\/da\\\/laedervarer-online-nic-mel\\\/\"},{\"@type\":\"ListItem\",\"position\":2,\"name\":\"Butik\",\"item\":\"https:\\\/\\\/nicandmel.com\\\/da\\\/shop\\\/\"},{\"@type\":\"ListItem\",\"position\":3,\"name\":\"KIRK COMPUTERBAG 12-13&#8243;SortCanvas\"}]},{\"@type\":\"WebSite\",\"@id\":\"https:\\\/\\\/nicandmel.com\\\/da\\\/#website\",\"url\":\"https:\\\/\\\/nicandmel.com\\\/da\\\/\",\"name\":\"Nic & Mel\",\"description\":\"Handmade leather goods\",\"publisher\":{\"@id\":\"https:\\\/\\\/nicandmel.com\\\/da\\\/#organization\"},\"potentialAction\":[{\"@type\":\"SearchAction\",\"target\":{\"@type\":\"EntryPoint\",\"urlTemplate\":\"https:\\\/\\\/nicandmel.com\\\/da\\\/?s={search_term_string}\"},\"query-input\":{\"@type\":\"PropertyValueSpecification\",\"valueRequired\":true,\"valueName\":\"search_term_string\"}}],\"inLanguage\":\"da-DK\"},{\"@type\":\"Organization\",\"@id\":\"https:\\\/\\\/nicandmel.com\\\/da\\\/#organization\",\"name\":\"Nic & Mel\",\"url\":\"https:\\\/\\\/nicandmel.com\\\/da\\\/\",\"logo\":{\"@type\":\"ImageObject\",\"inLanguage\":\"da-DK\",\"@id\":\"https:\\\/\\\/nicandmel.com\\\/da\\\/#\\\/schema\\\/logo\\\/image\\\/\",\"url\":\"https:\\\/\\\/nicandmel.com\\\/wp-content\\\/uploads\\\/2021\\\/07\\\/nic_and_mel_logo.png\",\"contentUrl\":\"https:\\\/\\\/nicandmel.com\\\/wp-content\\\/uploads\\\/2021\\\/07\\\/nic_and_mel_logo.png\",\"width\":1237,\"height\":263,\"caption\":\"Nic & Mel\"},\"image\":{\"@id\":\"https:\\\/\\\/nicandmel.com\\\/da\\\/#\\\/schema\\\/logo\\\/image\\\/\"},\"sameAs\":[\"https:\\\/\\\/www.facebook.com\\\/nicandmel\"]}]}<\/script>\n<!-- \/ Yoast SEO plugin. -->","yoast_head_json":{"title":"KIRK COMPUTERBAG 12-13\"SortCanvas - Nic &amp; Mel","robots":{"index":"index","follow":"follow","max-snippet":"max-snippet:-1","max-image-preview":"max-image-preview:large","max-video-preview":"max-video-preview:-1"},"canonical":"https:\/\/nicandmel.com\/da\/vare\/kirk-computerbag-12-13sortcanvas\/","og_locale":"da_DK","og_type":"article","og_title":"KIRK COMPUTERBAG 12-13\"SortCanvas - Nic &amp; Mel","og_description":"Kirk er en computertaske\/sportstaske lavet af vandt\u00e6t bomuldskanvas.","og_url":"https:\/\/nicandmel.com\/da\/vare\/kirk-computerbag-12-13sortcanvas\/","og_site_name":"Nic &amp; Mel","article_publisher":"https:\/\/www.facebook.com\/nicandmel","article_modified_time":"2024-12-12T06:34:04+00:00","og_image":[{"width":2000,"height":1371,"url":"https:\/\/nicandmel.com\/wp-content\/uploads\/2016\/05\/Kirk-black-canvas.jpg","type":"image\/jpeg"}],"twitter_card":"summary_large_image","schema":{"@context":"https:\/\/schema.org","@graph":[{"@type":"WebPage","@id":"https:\/\/nicandmel.com\/da\/vare\/kirk-computerbag-12-13sortcanvas\/","url":"https:\/\/nicandmel.com\/da\/vare\/kirk-computerbag-12-13sortcanvas\/","name":"KIRK COMPUTERBAG 12-13\"SortCanvas - Nic &amp; Mel","isPartOf":{"@id":"https:\/\/nicandmel.com\/da\/#website"},"primaryImageOfPage":{"@id":"https:\/\/nicandmel.com\/da\/vare\/kirk-computerbag-12-13sortcanvas\/#primaryimage"},"image":{"@id":"https:\/\/nicandmel.com\/da\/vare\/kirk-computerbag-12-13sortcanvas\/#primaryimage"},"thumbnailUrl":"https:\/\/nicandmel.com\/wp-content\/uploads\/2016\/05\/Kirk-black-canvas.jpg","datePublished":"2016-05-31T11:18:51+00:00","dateModified":"2024-12-12T06:34:04+00:00","breadcrumb":{"@id":"https:\/\/nicandmel.com\/da\/vare\/kirk-computerbag-12-13sortcanvas\/#breadcrumb"},"inLanguage":"da-DK","potentialAction":[{"@type":"ReadAction","target":["https:\/\/nicandmel.com\/da\/vare\/kirk-computerbag-12-13sortcanvas\/"]}]},{"@type":"ImageObject","inLanguage":"da-DK","@id":"https:\/\/nicandmel.com\/da\/vare\/kirk-computerbag-12-13sortcanvas\/#primaryimage","url":"https:\/\/nicandmel.com\/wp-content\/uploads\/2016\/05\/Kirk-black-canvas.jpg","contentUrl":"https:\/\/nicandmel.com\/wp-content\/uploads\/2016\/05\/Kirk-black-canvas.jpg","width":2000,"height":1371},{"@type":"BreadcrumbList","@id":"https:\/\/nicandmel.com\/da\/vare\/kirk-computerbag-12-13sortcanvas\/#breadcrumb","itemListElement":[{"@type":"ListItem","position":1,"name":"Home","item":"https:\/\/nicandmel.com\/da\/laedervarer-online-nic-mel\/"},{"@type":"ListItem","position":2,"name":"Butik","item":"https:\/\/nicandmel.com\/da\/shop\/"},{"@type":"ListItem","position":3,"name":"KIRK COMPUTERBAG 12-13&#8243;SortCanvas"}]},{"@type":"WebSite","@id":"https:\/\/nicandmel.com\/da\/#website","url":"https:\/\/nicandmel.com\/da\/","name":"Nic & Mel","description":"Handmade leather goods","publisher":{"@id":"https:\/\/nicandmel.com\/da\/#organization"},"potentialAction":[{"@type":"SearchAction","target":{"@type":"EntryPoint","urlTemplate":"https:\/\/nicandmel.com\/da\/?s={search_term_string}"},"query-input":{"@type":"PropertyValueSpecification","valueRequired":true,"valueName":"search_term_string"}}],"inLanguage":"da-DK"},{"@type":"Organization","@id":"https:\/\/nicandmel.com\/da\/#organization","name":"Nic & Mel","url":"https:\/\/nicandmel.com\/da\/","logo":{"@type":"ImageObject","inLanguage":"da-DK","@id":"https:\/\/nicandmel.com\/da\/#\/schema\/logo\/image\/","url":"https:\/\/nicandmel.com\/wp-content\/uploads\/2021\/07\/nic_and_mel_logo.png","contentUrl":"https:\/\/nicandmel.com\/wp-content\/uploads\/2021\/07\/nic_and_mel_logo.png","width":1237,"height":263,"caption":"Nic & Mel"},"image":{"@id":"https:\/\/nicandmel.com\/da\/#\/schema\/logo\/image\/"},"sameAs":["https:\/\/www.facebook.com\/nicandmel"]}]}},"_links":{"self":[{"href":"https:\/\/nicandmel.com\/da\/wp-json\/wp\/v2\/product\/19271","targetHints":{"allow":["GET"]}}],"collection":[{"href":"https:\/\/nicandmel.com\/da\/wp-json\/wp\/v2\/product"}],"about":[{"href":"https:\/\/nicandmel.com\/da\/wp-json\/wp\/v2\/types\/product"}],"wp:featuredmedia":[{"embeddable":true,"href":"https:\/\/nicandmel.com\/da\/wp-json\/wp\/v2\/media\/15247"}],"wp:attachment":[{"href":"https:\/\/nicandmel.com\/da\/wp-json\/wp\/v2\/media?parent=19271"}],"wp:term":[{"taxonomy":"product_brand","embeddable":true,"href":"https:\/\/nicandmel.com\/da\/wp-json\/wp\/v2\/product_brand?post=19271"},{"taxonomy":"product_cat","embeddable":true,"href":"https:\/\/nicandmel.com\/da\/wp-json\/wp\/v2\/product_cat?post=19271"},{"taxonomy":"product_tag","embeddable":true,"href":"https:\/\/nicandmel.com\/da\/wp-json\/wp\/v2\/product_tag?post=19271"}],"curies":[{"name":"wp","href":"https:\/\/api.w.org\/{rel}","templated":true}]}}