{"id":19283,"date":"2021-08-20T14:49:36","date_gmt":"2021-08-20T12:49:36","guid":{"rendered":"https:\/\/nicandmel.com\/product\/glenn-skaermbeskyttelse-antibakteriel-til-samsung-galaxy-s21-plus-5g\/"},"modified":"2021-08-20T14:49:36","modified_gmt":"2021-08-20T12:49:36","slug":"glenn-skaermbeskyttelse-antibakteriel-til-samsung-galaxy-s21-plus-5g","status":"publish","type":"product","link":"https:\/\/nicandmel.com\/da\/vare\/glenn-skaermbeskyttelse-antibakteriel-til-samsung-galaxy-s21-plus-5g\/","title":{"rendered":"Glenn Sk\u00e6rmbeskyttelse (antibakteriel til Samsung Galaxy S21 Plus 5G)"},"content":{"rendered":"<p>Glenn Screen Protection\u2122 sk\u00e6rmbeskytter til Samsung Galaxy S21 Plus 5G), er etuivenlig og d\u00e6kker hele sk\u00e6rmens overflade. Den giver dig den h\u00f8jeste standard for sk\u00e6rmbeskyttelse, samtidig med at den bevarer 100% ber\u00f8ringsf\u00f8lsomhed. Glat f\u00f8lelse ved ber\u00f8ring er belagt med et oleofobisk lag, som b\u00e5de er antibakterielt og anti-fingeraftryk.  <\/p>\n<ul>\n<li>Fuld rammed\u00e6kning<\/li>\n<li>Afrundede kanter<\/li>\n<li>Krystalklar<\/li>\n<li>100% konservering ved ber\u00f8ring<\/li>\n<li>Original Glenn Sk\u00e6rmbeskyttelse\u2122.<\/li>\n<\/ul>\n","protected":false},"excerpt":{"rendered":"<p>Glenn Screen Protection\u2122 sk\u00e6rmbeskytter til Samsung Galaxy S21 Plus 5G), er etuivenlig og d\u00e6kker hele sk\u00e6rmens overflade. Den giver dig den h\u00f8jeste standard for sk\u00e6rmbeskyttelse, samtidig med at den bevarer 100% ber\u00f8ringsf\u00f8lsomhed. Glat f\u00f8lelse ved ber\u00f8ring er belagt med et oleofobisk lag, som b\u00e5de er antibakterielt og anti-fingeraftryk. Fuld rammed\u00e6kning Afrundede kanter Krystalklar 100% konservering &hellip;<\/p>\n","protected":false},"featured_media":17959,"template":"","meta":{"_acf_changed":false},"product_brand":[],"product_cat":[1818],"product_tag":[1968,1951],"class_list":{"0":"post-19283","1":"product","2":"type-product","3":"status-publish","4":"has-post-thumbnail","6":"product_cat-skaermbeskyttelse","7":"product_tag-galaxy-s21-plus-5g-da","8":"product_tag-samsung-da","9":"pa_model-galaxy-s21-plus-5g-da","11":"first","12":"instock","13":"taxable","14":"shipping-taxable","15":"purchasable","16":"product-type-simple"},"acf":[],"yoast_head":"<!-- This site is optimized with the Yoast SEO plugin v27.5 - https:\/\/yoast.com\/product\/yoast-seo-wordpress\/ -->\n<title>Glenn Sk\u00e6rmbeskyttelse (antibakteriel til Samsung Galaxy S21 Plus 5G) - Nic &amp; Mel<\/title>\n<meta name=\"robots\" content=\"index, follow, max-snippet:-1, max-image-preview:large, max-video-preview:-1\" \/>\n<link rel=\"canonical\" href=\"https:\/\/nicandmel.com\/da\/vare\/glenn-skaermbeskyttelse-antibakteriel-til-samsung-galaxy-s21-plus-5g\/\" \/>\n<meta property=\"og:locale\" content=\"da_DK\" \/>\n<meta property=\"og:type\" content=\"article\" \/>\n<meta property=\"og:title\" content=\"Glenn Sk\u00e6rmbeskyttelse (antibakteriel til Samsung Galaxy S21 Plus 5G) - Nic &amp; Mel\" \/>\n<meta property=\"og:description\" content=\"Glenn Screen Protection\u2122 sk\u00e6rmbeskytter til Samsung Galaxy S21 Plus 5G), er etuivenlig og d\u00e6kker hele sk\u00e6rmens overflade. Den giver dig den h\u00f8jeste standard for sk\u00e6rmbeskyttelse, samtidig med at den bevarer 100% ber\u00f8ringsf\u00f8lsomhed. Glat f\u00f8lelse ved ber\u00f8ring er belagt med et oleofobisk lag, som b\u00e5de er antibakterielt og anti-fingeraftryk. Fuld rammed\u00e6kning Afrundede kanter Krystalklar 100% konservering &hellip;\" \/>\n<meta property=\"og:url\" content=\"https:\/\/nicandmel.com\/da\/vare\/glenn-skaermbeskyttelse-antibakteriel-til-samsung-galaxy-s21-plus-5g\/\" \/>\n<meta property=\"og:site_name\" content=\"Nic &amp; Mel\" \/>\n<meta property=\"article:publisher\" content=\"https:\/\/www.facebook.com\/nicandmel\" \/>\n<meta property=\"og:image\" content=\"https:\/\/nicandmel.com\/wp-content\/uploads\/2021\/08\/Ceramic-Glass.jpg\" \/>\n\t<meta property=\"og:image:width\" content=\"1500\" \/>\n\t<meta property=\"og:image:height\" content=\"1828\" \/>\n\t<meta property=\"og:image:type\" content=\"image\/jpeg\" \/>\n<meta name=\"twitter:card\" content=\"summary_large_image\" \/>\n<script type=\"application\/ld+json\" class=\"yoast-schema-graph\">{\"@context\":\"https:\\\/\\\/schema.org\",\"@graph\":[{\"@type\":\"WebPage\",\"@id\":\"https:\\\/\\\/nicandmel.com\\\/da\\\/vare\\\/glenn-skaermbeskyttelse-antibakteriel-til-samsung-galaxy-s21-plus-5g\\\/\",\"url\":\"https:\\\/\\\/nicandmel.com\\\/da\\\/vare\\\/glenn-skaermbeskyttelse-antibakteriel-til-samsung-galaxy-s21-plus-5g\\\/\",\"name\":\"Glenn Sk\u00e6rmbeskyttelse (antibakteriel til Samsung Galaxy S21 Plus 5G) - Nic &amp; Mel\",\"isPartOf\":{\"@id\":\"https:\\\/\\\/nicandmel.com\\\/da\\\/#website\"},\"primaryImageOfPage\":{\"@id\":\"https:\\\/\\\/nicandmel.com\\\/da\\\/vare\\\/glenn-skaermbeskyttelse-antibakteriel-til-samsung-galaxy-s21-plus-5g\\\/#primaryimage\"},\"image\":{\"@id\":\"https:\\\/\\\/nicandmel.com\\\/da\\\/vare\\\/glenn-skaermbeskyttelse-antibakteriel-til-samsung-galaxy-s21-plus-5g\\\/#primaryimage\"},\"thumbnailUrl\":\"https:\\\/\\\/nicandmel.com\\\/wp-content\\\/uploads\\\/2021\\\/08\\\/Ceramic-Glass.jpg\",\"datePublished\":\"2021-08-20T12:49:36+00:00\",\"breadcrumb\":{\"@id\":\"https:\\\/\\\/nicandmel.com\\\/da\\\/vare\\\/glenn-skaermbeskyttelse-antibakteriel-til-samsung-galaxy-s21-plus-5g\\\/#breadcrumb\"},\"inLanguage\":\"da-DK\",\"potentialAction\":[{\"@type\":\"ReadAction\",\"target\":[\"https:\\\/\\\/nicandmel.com\\\/da\\\/vare\\\/glenn-skaermbeskyttelse-antibakteriel-til-samsung-galaxy-s21-plus-5g\\\/\"]}]},{\"@type\":\"ImageObject\",\"inLanguage\":\"da-DK\",\"@id\":\"https:\\\/\\\/nicandmel.com\\\/da\\\/vare\\\/glenn-skaermbeskyttelse-antibakteriel-til-samsung-galaxy-s21-plus-5g\\\/#primaryimage\",\"url\":\"https:\\\/\\\/nicandmel.com\\\/wp-content\\\/uploads\\\/2021\\\/08\\\/Ceramic-Glass.jpg\",\"contentUrl\":\"https:\\\/\\\/nicandmel.com\\\/wp-content\\\/uploads\\\/2021\\\/08\\\/Ceramic-Glass.jpg\",\"width\":1500,\"height\":1828},{\"@type\":\"BreadcrumbList\",\"@id\":\"https:\\\/\\\/nicandmel.com\\\/da\\\/vare\\\/glenn-skaermbeskyttelse-antibakteriel-til-samsung-galaxy-s21-plus-5g\\\/#breadcrumb\",\"itemListElement\":[{\"@type\":\"ListItem\",\"position\":1,\"name\":\"Home\",\"item\":\"https:\\\/\\\/nicandmel.com\\\/da\\\/laedervarer-online-nic-mel\\\/\"},{\"@type\":\"ListItem\",\"position\":2,\"name\":\"Butik\",\"item\":\"https:\\\/\\\/nicandmel.com\\\/da\\\/shop\\\/\"},{\"@type\":\"ListItem\",\"position\":3,\"name\":\"Glenn Sk\u00e6rmbeskyttelse (antibakteriel til Samsung Galaxy S21 Plus 5G)\"}]},{\"@type\":\"WebSite\",\"@id\":\"https:\\\/\\\/nicandmel.com\\\/da\\\/#website\",\"url\":\"https:\\\/\\\/nicandmel.com\\\/da\\\/\",\"name\":\"Nic & Mel\",\"description\":\"Handmade leather goods\",\"publisher\":{\"@id\":\"https:\\\/\\\/nicandmel.com\\\/da\\\/#organization\"},\"potentialAction\":[{\"@type\":\"SearchAction\",\"target\":{\"@type\":\"EntryPoint\",\"urlTemplate\":\"https:\\\/\\\/nicandmel.com\\\/da\\\/?s={search_term_string}\"},\"query-input\":{\"@type\":\"PropertyValueSpecification\",\"valueRequired\":true,\"valueName\":\"search_term_string\"}}],\"inLanguage\":\"da-DK\"},{\"@type\":\"Organization\",\"@id\":\"https:\\\/\\\/nicandmel.com\\\/da\\\/#organization\",\"name\":\"Nic & Mel\",\"url\":\"https:\\\/\\\/nicandmel.com\\\/da\\\/\",\"logo\":{\"@type\":\"ImageObject\",\"inLanguage\":\"da-DK\",\"@id\":\"https:\\\/\\\/nicandmel.com\\\/da\\\/#\\\/schema\\\/logo\\\/image\\\/\",\"url\":\"https:\\\/\\\/nicandmel.com\\\/wp-content\\\/uploads\\\/2021\\\/07\\\/nic_and_mel_logo.png\",\"contentUrl\":\"https:\\\/\\\/nicandmel.com\\\/wp-content\\\/uploads\\\/2021\\\/07\\\/nic_and_mel_logo.png\",\"width\":1237,\"height\":263,\"caption\":\"Nic & Mel\"},\"image\":{\"@id\":\"https:\\\/\\\/nicandmel.com\\\/da\\\/#\\\/schema\\\/logo\\\/image\\\/\"},\"sameAs\":[\"https:\\\/\\\/www.facebook.com\\\/nicandmel\"]}]}<\/script>\n<!-- \/ Yoast SEO plugin. -->","yoast_head_json":{"title":"Glenn Sk\u00e6rmbeskyttelse (antibakteriel til Samsung Galaxy S21 Plus 5G) - Nic &amp; Mel","robots":{"index":"index","follow":"follow","max-snippet":"max-snippet:-1","max-image-preview":"max-image-preview:large","max-video-preview":"max-video-preview:-1"},"canonical":"https:\/\/nicandmel.com\/da\/vare\/glenn-skaermbeskyttelse-antibakteriel-til-samsung-galaxy-s21-plus-5g\/","og_locale":"da_DK","og_type":"article","og_title":"Glenn Sk\u00e6rmbeskyttelse (antibakteriel til Samsung Galaxy S21 Plus 5G) - Nic &amp; Mel","og_description":"Glenn Screen Protection\u2122 sk\u00e6rmbeskytter til Samsung Galaxy S21 Plus 5G), er etuivenlig og d\u00e6kker hele sk\u00e6rmens overflade. Den giver dig den h\u00f8jeste standard for sk\u00e6rmbeskyttelse, samtidig med at den bevarer 100% ber\u00f8ringsf\u00f8lsomhed. Glat f\u00f8lelse ved ber\u00f8ring er belagt med et oleofobisk lag, som b\u00e5de er antibakterielt og anti-fingeraftryk. Fuld rammed\u00e6kning Afrundede kanter Krystalklar 100% konservering &hellip;","og_url":"https:\/\/nicandmel.com\/da\/vare\/glenn-skaermbeskyttelse-antibakteriel-til-samsung-galaxy-s21-plus-5g\/","og_site_name":"Nic &amp; Mel","article_publisher":"https:\/\/www.facebook.com\/nicandmel","og_image":[{"width":1500,"height":1828,"url":"https:\/\/nicandmel.com\/wp-content\/uploads\/2021\/08\/Ceramic-Glass.jpg","type":"image\/jpeg"}],"twitter_card":"summary_large_image","schema":{"@context":"https:\/\/schema.org","@graph":[{"@type":"WebPage","@id":"https:\/\/nicandmel.com\/da\/vare\/glenn-skaermbeskyttelse-antibakteriel-til-samsung-galaxy-s21-plus-5g\/","url":"https:\/\/nicandmel.com\/da\/vare\/glenn-skaermbeskyttelse-antibakteriel-til-samsung-galaxy-s21-plus-5g\/","name":"Glenn Sk\u00e6rmbeskyttelse (antibakteriel til Samsung Galaxy S21 Plus 5G) - Nic &amp; Mel","isPartOf":{"@id":"https:\/\/nicandmel.com\/da\/#website"},"primaryImageOfPage":{"@id":"https:\/\/nicandmel.com\/da\/vare\/glenn-skaermbeskyttelse-antibakteriel-til-samsung-galaxy-s21-plus-5g\/#primaryimage"},"image":{"@id":"https:\/\/nicandmel.com\/da\/vare\/glenn-skaermbeskyttelse-antibakteriel-til-samsung-galaxy-s21-plus-5g\/#primaryimage"},"thumbnailUrl":"https:\/\/nicandmel.com\/wp-content\/uploads\/2021\/08\/Ceramic-Glass.jpg","datePublished":"2021-08-20T12:49:36+00:00","breadcrumb":{"@id":"https:\/\/nicandmel.com\/da\/vare\/glenn-skaermbeskyttelse-antibakteriel-til-samsung-galaxy-s21-plus-5g\/#breadcrumb"},"inLanguage":"da-DK","potentialAction":[{"@type":"ReadAction","target":["https:\/\/nicandmel.com\/da\/vare\/glenn-skaermbeskyttelse-antibakteriel-til-samsung-galaxy-s21-plus-5g\/"]}]},{"@type":"ImageObject","inLanguage":"da-DK","@id":"https:\/\/nicandmel.com\/da\/vare\/glenn-skaermbeskyttelse-antibakteriel-til-samsung-galaxy-s21-plus-5g\/#primaryimage","url":"https:\/\/nicandmel.com\/wp-content\/uploads\/2021\/08\/Ceramic-Glass.jpg","contentUrl":"https:\/\/nicandmel.com\/wp-content\/uploads\/2021\/08\/Ceramic-Glass.jpg","width":1500,"height":1828},{"@type":"BreadcrumbList","@id":"https:\/\/nicandmel.com\/da\/vare\/glenn-skaermbeskyttelse-antibakteriel-til-samsung-galaxy-s21-plus-5g\/#breadcrumb","itemListElement":[{"@type":"ListItem","position":1,"name":"Home","item":"https:\/\/nicandmel.com\/da\/laedervarer-online-nic-mel\/"},{"@type":"ListItem","position":2,"name":"Butik","item":"https:\/\/nicandmel.com\/da\/shop\/"},{"@type":"ListItem","position":3,"name":"Glenn Sk\u00e6rmbeskyttelse (antibakteriel til Samsung Galaxy S21 Plus 5G)"}]},{"@type":"WebSite","@id":"https:\/\/nicandmel.com\/da\/#website","url":"https:\/\/nicandmel.com\/da\/","name":"Nic & Mel","description":"Handmade leather goods","publisher":{"@id":"https:\/\/nicandmel.com\/da\/#organization"},"potentialAction":[{"@type":"SearchAction","target":{"@type":"EntryPoint","urlTemplate":"https:\/\/nicandmel.com\/da\/?s={search_term_string}"},"query-input":{"@type":"PropertyValueSpecification","valueRequired":true,"valueName":"search_term_string"}}],"inLanguage":"da-DK"},{"@type":"Organization","@id":"https:\/\/nicandmel.com\/da\/#organization","name":"Nic & Mel","url":"https:\/\/nicandmel.com\/da\/","logo":{"@type":"ImageObject","inLanguage":"da-DK","@id":"https:\/\/nicandmel.com\/da\/#\/schema\/logo\/image\/","url":"https:\/\/nicandmel.com\/wp-content\/uploads\/2021\/07\/nic_and_mel_logo.png","contentUrl":"https:\/\/nicandmel.com\/wp-content\/uploads\/2021\/07\/nic_and_mel_logo.png","width":1237,"height":263,"caption":"Nic & Mel"},"image":{"@id":"https:\/\/nicandmel.com\/da\/#\/schema\/logo\/image\/"},"sameAs":["https:\/\/www.facebook.com\/nicandmel"]}]}},"_links":{"self":[{"href":"https:\/\/nicandmel.com\/da\/wp-json\/wp\/v2\/product\/19283","targetHints":{"allow":["GET"]}}],"collection":[{"href":"https:\/\/nicandmel.com\/da\/wp-json\/wp\/v2\/product"}],"about":[{"href":"https:\/\/nicandmel.com\/da\/wp-json\/wp\/v2\/types\/product"}],"wp:featuredmedia":[{"embeddable":true,"href":"https:\/\/nicandmel.com\/da\/wp-json\/wp\/v2\/media\/17959"}],"wp:attachment":[{"href":"https:\/\/nicandmel.com\/da\/wp-json\/wp\/v2\/media?parent=19283"}],"wp:term":[{"taxonomy":"product_brand","embeddable":true,"href":"https:\/\/nicandmel.com\/da\/wp-json\/wp\/v2\/product_brand?post=19283"},{"taxonomy":"product_cat","embeddable":true,"href":"https:\/\/nicandmel.com\/da\/wp-json\/wp\/v2\/product_cat?post=19283"},{"taxonomy":"product_tag","embeddable":true,"href":"https:\/\/nicandmel.com\/da\/wp-json\/wp\/v2\/product_tag?post=19283"}],"curies":[{"name":"wp","href":"https:\/\/api.w.org\/{rel}","templated":true}]}}