{"id":19287,"date":"2019-02-22T13:08:22","date_gmt":"2019-02-22T12:08:22","guid":{"rendered":"https:\/\/nicandmel.com\/product\/cale-card-wallet-cognacfarvet-laeder\/"},"modified":"2024-11-07T15:24:23","modified_gmt":"2024-11-07T14:24:23","slug":"cale-card-wallet-cognacfarvet-laeder","status":"publish","type":"product","link":"https:\/\/nicandmel.com\/da\/vare\/cale-card-wallet-cognacfarvet-laeder\/","title":{"rendered":"CALE CARD WALLET cognacfarvet l\u00e6der"},"content":{"rendered":"<p>&nbsp;<\/p>\n<p>Cale er en slank kortpung lavet af \u00e6gte vegetabilsk garvet l\u00e6der. Den har to kortlommer p\u00e5 hver side med plads til op til 8 kort og en \u00e5ben lomme i midten H\u00f8jde: 7 cm<br \/>\nBredde: 10 cm <\/p>\n<p>Materiale: \u00c6gte l\u00e6der<\/p>\n","protected":false},"excerpt":{"rendered":"<p>Cale er en slank kortpung lavet af \u00e6gte vegetabilsk garvet l\u00e6der. Den har to kortlommer p\u00e5 hver side med plads til op til 8 kort og en \u00e5ben lomme i midten. <\/p>\n","protected":false},"featured_media":17989,"template":"","meta":{"_acf_changed":false},"product_brand":[],"product_cat":[1821],"product_tag":[],"class_list":{"0":"post-19287","1":"product","2":"type-product","3":"status-publish","4":"has-post-thumbnail","6":"product_cat-laederpunge-kortholdere","8":"first","9":"instock","10":"taxable","11":"shipping-taxable","12":"purchasable","13":"product-type-simple"},"acf":[],"yoast_head":"<!-- This site is optimized with the Yoast SEO plugin v27.3 - https:\/\/yoast.com\/product\/yoast-seo-wordpress\/ -->\n<title>CALE CARD WALLET cognacfarvet l\u00e6der - Nic &amp; Mel<\/title>\n<meta name=\"description\" content=\"Slank kortpung lavet af \u00e6gte vegetabilsk garvet l\u00e6der. To kortlommer p\u00e5 hver side med plads til op til 8 kort og en \u00e5ben lomme i midten.\" \/>\n<meta name=\"robots\" content=\"index, follow, max-snippet:-1, max-image-preview:large, max-video-preview:-1\" \/>\n<link rel=\"canonical\" href=\"https:\/\/nicandmel.com\/da\/vare\/cale-card-wallet-cognacfarvet-laeder\/\" \/>\n<meta property=\"og:locale\" content=\"da_DK\" \/>\n<meta property=\"og:type\" content=\"article\" \/>\n<meta property=\"og:title\" content=\"CALE CARD WALLET cognacfarvet l\u00e6der - Nic &amp; Mel\" \/>\n<meta property=\"og:description\" content=\"Slank kortpung lavet af \u00e6gte vegetabilsk garvet l\u00e6der. To kortlommer p\u00e5 hver side med plads til op til 8 kort og en \u00e5ben lomme i midten.\" \/>\n<meta property=\"og:url\" content=\"https:\/\/nicandmel.com\/da\/vare\/cale-card-wallet-cognacfarvet-laeder\/\" \/>\n<meta property=\"og:site_name\" content=\"Nic &amp; Mel\" \/>\n<meta property=\"article:publisher\" content=\"https:\/\/www.facebook.com\/nicandmel\" \/>\n<meta property=\"article:modified_time\" content=\"2024-11-07T14:24:23+00:00\" \/>\n<meta property=\"og:image\" content=\"https:\/\/nicandmel.com\/wp-content\/uploads\/2019\/02\/cale-card-wallet-cognac.jpg\" \/>\n\t<meta property=\"og:image:width\" content=\"1500\" \/>\n\t<meta property=\"og:image:height\" content=\"1828\" \/>\n\t<meta property=\"og:image:type\" content=\"image\/jpeg\" \/>\n<meta name=\"twitter:card\" content=\"summary_large_image\" \/>\n<script type=\"application\/ld+json\" class=\"yoast-schema-graph\">{\"@context\":\"https:\\\/\\\/schema.org\",\"@graph\":[{\"@type\":\"WebPage\",\"@id\":\"https:\\\/\\\/nicandmel.com\\\/da\\\/vare\\\/cale-card-wallet-cognacfarvet-laeder\\\/\",\"url\":\"https:\\\/\\\/nicandmel.com\\\/da\\\/vare\\\/cale-card-wallet-cognacfarvet-laeder\\\/\",\"name\":\"CALE CARD WALLET cognacfarvet l\u00e6der - Nic &amp; Mel\",\"isPartOf\":{\"@id\":\"https:\\\/\\\/nicandmel.com\\\/da\\\/#website\"},\"primaryImageOfPage\":{\"@id\":\"https:\\\/\\\/nicandmel.com\\\/da\\\/vare\\\/cale-card-wallet-cognacfarvet-laeder\\\/#primaryimage\"},\"image\":{\"@id\":\"https:\\\/\\\/nicandmel.com\\\/da\\\/vare\\\/cale-card-wallet-cognacfarvet-laeder\\\/#primaryimage\"},\"thumbnailUrl\":\"https:\\\/\\\/nicandmel.com\\\/wp-content\\\/uploads\\\/2019\\\/02\\\/cale-card-wallet-cognac.jpg\",\"datePublished\":\"2019-02-22T12:08:22+00:00\",\"dateModified\":\"2024-11-07T14:24:23+00:00\",\"description\":\"Slank kortpung lavet af \u00e6gte vegetabilsk garvet l\u00e6der. To kortlommer p\u00e5 hver side med plads til op til 8 kort og en \u00e5ben lomme i midten.\",\"breadcrumb\":{\"@id\":\"https:\\\/\\\/nicandmel.com\\\/da\\\/vare\\\/cale-card-wallet-cognacfarvet-laeder\\\/#breadcrumb\"},\"inLanguage\":\"da-DK\",\"potentialAction\":[{\"@type\":\"ReadAction\",\"target\":[\"https:\\\/\\\/nicandmel.com\\\/da\\\/vare\\\/cale-card-wallet-cognacfarvet-laeder\\\/\"]}]},{\"@type\":\"ImageObject\",\"inLanguage\":\"da-DK\",\"@id\":\"https:\\\/\\\/nicandmel.com\\\/da\\\/vare\\\/cale-card-wallet-cognacfarvet-laeder\\\/#primaryimage\",\"url\":\"https:\\\/\\\/nicandmel.com\\\/wp-content\\\/uploads\\\/2019\\\/02\\\/cale-card-wallet-cognac.jpg\",\"contentUrl\":\"https:\\\/\\\/nicandmel.com\\\/wp-content\\\/uploads\\\/2019\\\/02\\\/cale-card-wallet-cognac.jpg\",\"width\":1500,\"height\":1828},{\"@type\":\"BreadcrumbList\",\"@id\":\"https:\\\/\\\/nicandmel.com\\\/da\\\/vare\\\/cale-card-wallet-cognacfarvet-laeder\\\/#breadcrumb\",\"itemListElement\":[{\"@type\":\"ListItem\",\"position\":1,\"name\":\"Home\",\"item\":\"https:\\\/\\\/nicandmel.com\\\/da\\\/laedervarer-online-nic-mel\\\/\"},{\"@type\":\"ListItem\",\"position\":2,\"name\":\"Butik\",\"item\":\"https:\\\/\\\/nicandmel.com\\\/da\\\/shop\\\/\"},{\"@type\":\"ListItem\",\"position\":3,\"name\":\"CALE CARD WALLET cognacfarvet l\u00e6der\"}]},{\"@type\":\"WebSite\",\"@id\":\"https:\\\/\\\/nicandmel.com\\\/da\\\/#website\",\"url\":\"https:\\\/\\\/nicandmel.com\\\/da\\\/\",\"name\":\"Nic & Mel\",\"description\":\"Handmade leather goods\",\"publisher\":{\"@id\":\"https:\\\/\\\/nicandmel.com\\\/da\\\/#organization\"},\"potentialAction\":[{\"@type\":\"SearchAction\",\"target\":{\"@type\":\"EntryPoint\",\"urlTemplate\":\"https:\\\/\\\/nicandmel.com\\\/da\\\/?s={search_term_string}\"},\"query-input\":{\"@type\":\"PropertyValueSpecification\",\"valueRequired\":true,\"valueName\":\"search_term_string\"}}],\"inLanguage\":\"da-DK\"},{\"@type\":\"Organization\",\"@id\":\"https:\\\/\\\/nicandmel.com\\\/da\\\/#organization\",\"name\":\"Nic & Mel\",\"url\":\"https:\\\/\\\/nicandmel.com\\\/da\\\/\",\"logo\":{\"@type\":\"ImageObject\",\"inLanguage\":\"da-DK\",\"@id\":\"https:\\\/\\\/nicandmel.com\\\/da\\\/#\\\/schema\\\/logo\\\/image\\\/\",\"url\":\"https:\\\/\\\/nicandmel.com\\\/wp-content\\\/uploads\\\/2021\\\/07\\\/nic_and_mel_logo.png\",\"contentUrl\":\"https:\\\/\\\/nicandmel.com\\\/wp-content\\\/uploads\\\/2021\\\/07\\\/nic_and_mel_logo.png\",\"width\":1237,\"height\":263,\"caption\":\"Nic & Mel\"},\"image\":{\"@id\":\"https:\\\/\\\/nicandmel.com\\\/da\\\/#\\\/schema\\\/logo\\\/image\\\/\"},\"sameAs\":[\"https:\\\/\\\/www.facebook.com\\\/nicandmel\"]}]}<\/script>\n<!-- \/ Yoast SEO plugin. -->","yoast_head_json":{"title":"CALE CARD WALLET cognacfarvet l\u00e6der - Nic &amp; Mel","description":"Slank kortpung lavet af \u00e6gte vegetabilsk garvet l\u00e6der. To kortlommer p\u00e5 hver side med plads til op til 8 kort og en \u00e5ben lomme i midten.","robots":{"index":"index","follow":"follow","max-snippet":"max-snippet:-1","max-image-preview":"max-image-preview:large","max-video-preview":"max-video-preview:-1"},"canonical":"https:\/\/nicandmel.com\/da\/vare\/cale-card-wallet-cognacfarvet-laeder\/","og_locale":"da_DK","og_type":"article","og_title":"CALE CARD WALLET cognacfarvet l\u00e6der - Nic &amp; Mel","og_description":"Slank kortpung lavet af \u00e6gte vegetabilsk garvet l\u00e6der. To kortlommer p\u00e5 hver side med plads til op til 8 kort og en \u00e5ben lomme i midten.","og_url":"https:\/\/nicandmel.com\/da\/vare\/cale-card-wallet-cognacfarvet-laeder\/","og_site_name":"Nic &amp; Mel","article_publisher":"https:\/\/www.facebook.com\/nicandmel","article_modified_time":"2024-11-07T14:24:23+00:00","og_image":[{"width":1500,"height":1828,"url":"https:\/\/nicandmel.com\/wp-content\/uploads\/2019\/02\/cale-card-wallet-cognac.jpg","type":"image\/jpeg"}],"twitter_card":"summary_large_image","schema":{"@context":"https:\/\/schema.org","@graph":[{"@type":"WebPage","@id":"https:\/\/nicandmel.com\/da\/vare\/cale-card-wallet-cognacfarvet-laeder\/","url":"https:\/\/nicandmel.com\/da\/vare\/cale-card-wallet-cognacfarvet-laeder\/","name":"CALE CARD WALLET cognacfarvet l\u00e6der - Nic &amp; Mel","isPartOf":{"@id":"https:\/\/nicandmel.com\/da\/#website"},"primaryImageOfPage":{"@id":"https:\/\/nicandmel.com\/da\/vare\/cale-card-wallet-cognacfarvet-laeder\/#primaryimage"},"image":{"@id":"https:\/\/nicandmel.com\/da\/vare\/cale-card-wallet-cognacfarvet-laeder\/#primaryimage"},"thumbnailUrl":"https:\/\/nicandmel.com\/wp-content\/uploads\/2019\/02\/cale-card-wallet-cognac.jpg","datePublished":"2019-02-22T12:08:22+00:00","dateModified":"2024-11-07T14:24:23+00:00","description":"Slank kortpung lavet af \u00e6gte vegetabilsk garvet l\u00e6der. To kortlommer p\u00e5 hver side med plads til op til 8 kort og en \u00e5ben lomme i midten.","breadcrumb":{"@id":"https:\/\/nicandmel.com\/da\/vare\/cale-card-wallet-cognacfarvet-laeder\/#breadcrumb"},"inLanguage":"da-DK","potentialAction":[{"@type":"ReadAction","target":["https:\/\/nicandmel.com\/da\/vare\/cale-card-wallet-cognacfarvet-laeder\/"]}]},{"@type":"ImageObject","inLanguage":"da-DK","@id":"https:\/\/nicandmel.com\/da\/vare\/cale-card-wallet-cognacfarvet-laeder\/#primaryimage","url":"https:\/\/nicandmel.com\/wp-content\/uploads\/2019\/02\/cale-card-wallet-cognac.jpg","contentUrl":"https:\/\/nicandmel.com\/wp-content\/uploads\/2019\/02\/cale-card-wallet-cognac.jpg","width":1500,"height":1828},{"@type":"BreadcrumbList","@id":"https:\/\/nicandmel.com\/da\/vare\/cale-card-wallet-cognacfarvet-laeder\/#breadcrumb","itemListElement":[{"@type":"ListItem","position":1,"name":"Home","item":"https:\/\/nicandmel.com\/da\/laedervarer-online-nic-mel\/"},{"@type":"ListItem","position":2,"name":"Butik","item":"https:\/\/nicandmel.com\/da\/shop\/"},{"@type":"ListItem","position":3,"name":"CALE CARD WALLET cognacfarvet l\u00e6der"}]},{"@type":"WebSite","@id":"https:\/\/nicandmel.com\/da\/#website","url":"https:\/\/nicandmel.com\/da\/","name":"Nic & Mel","description":"Handmade leather goods","publisher":{"@id":"https:\/\/nicandmel.com\/da\/#organization"},"potentialAction":[{"@type":"SearchAction","target":{"@type":"EntryPoint","urlTemplate":"https:\/\/nicandmel.com\/da\/?s={search_term_string}"},"query-input":{"@type":"PropertyValueSpecification","valueRequired":true,"valueName":"search_term_string"}}],"inLanguage":"da-DK"},{"@type":"Organization","@id":"https:\/\/nicandmel.com\/da\/#organization","name":"Nic & Mel","url":"https:\/\/nicandmel.com\/da\/","logo":{"@type":"ImageObject","inLanguage":"da-DK","@id":"https:\/\/nicandmel.com\/da\/#\/schema\/logo\/image\/","url":"https:\/\/nicandmel.com\/wp-content\/uploads\/2021\/07\/nic_and_mel_logo.png","contentUrl":"https:\/\/nicandmel.com\/wp-content\/uploads\/2021\/07\/nic_and_mel_logo.png","width":1237,"height":263,"caption":"Nic & Mel"},"image":{"@id":"https:\/\/nicandmel.com\/da\/#\/schema\/logo\/image\/"},"sameAs":["https:\/\/www.facebook.com\/nicandmel"]}]}},"_links":{"self":[{"href":"https:\/\/nicandmel.com\/da\/wp-json\/wp\/v2\/product\/19287","targetHints":{"allow":["GET"]}}],"collection":[{"href":"https:\/\/nicandmel.com\/da\/wp-json\/wp\/v2\/product"}],"about":[{"href":"https:\/\/nicandmel.com\/da\/wp-json\/wp\/v2\/types\/product"}],"wp:featuredmedia":[{"embeddable":true,"href":"https:\/\/nicandmel.com\/da\/wp-json\/wp\/v2\/media\/17989"}],"wp:attachment":[{"href":"https:\/\/nicandmel.com\/da\/wp-json\/wp\/v2\/media?parent=19287"}],"wp:term":[{"taxonomy":"product_brand","embeddable":true,"href":"https:\/\/nicandmel.com\/da\/wp-json\/wp\/v2\/product_brand?post=19287"},{"taxonomy":"product_cat","embeddable":true,"href":"https:\/\/nicandmel.com\/da\/wp-json\/wp\/v2\/product_cat?post=19287"},{"taxonomy":"product_tag","embeddable":true,"href":"https:\/\/nicandmel.com\/da\/wp-json\/wp\/v2\/product_tag?post=19287"}],"curies":[{"name":"wp","href":"https:\/\/api.w.org\/{rel}","templated":true}]}}