{"id":19294,"date":"2019-01-02T01:46:11","date_gmt":"2019-01-02T00:46:11","guid":{"rendered":"https:\/\/nicandmel.com\/product\/floyd-card-holdernaked-laeder-med-pengeclips\/"},"modified":"2024-11-07T15:24:46","modified_gmt":"2024-11-07T14:24:46","slug":"floyd-card-holdernaked-laeder-med-pengeclips","status":"publish","type":"product","link":"https:\/\/nicandmel.com\/da\/vare\/floyd-card-holdernaked-laeder-med-pengeclips\/","title":{"rendered":"FLOYD CARD HOLDERNaked l\u00e6der med pengeclips"},"content":{"rendered":"<p>Floyd kortholder er en retroinspireret pengeklips-pung. Vi har opgraderet den ved at tilf\u00f8je to rum til dine kort, hvert rum passer til 1-3 kort. Den perfekte pung, n\u00e5r du kun vil have de vigtigste ting med og stadig v\u00e6re stilfuld. Floyd er lavet af glat, \u00e6gte oksel\u00e6der. Bem\u00e6rk, at dette produkt er lavet af ugarvet l\u00e6der, hvilket betyder, at det vil blive m\u00f8rkere og \u00e6ldre med tiden. L\u00e6ngde: 11 cm<br \/>\nBredde: 7,5 cm Materiale: Ugarvet \u00e6gte l\u00e6der   <\/p>\n","protected":false},"excerpt":{"rendered":"<p>Floyd kortholder er en gammeldags pengeclips-pung. Den er supertynd og passer nemt i lommen. <\/p>\n","protected":false},"featured_media":18013,"template":"","meta":{"_acf_changed":false},"product_brand":[],"product_cat":[1821],"product_tag":[],"class_list":{"0":"post-19294","1":"product","2":"type-product","3":"status-publish","4":"has-post-thumbnail","6":"product_cat-laederpunge-kortholdere","8":"first","9":"instock","10":"taxable","11":"shipping-taxable","12":"purchasable","13":"product-type-simple"},"acf":[],"yoast_head":"<!-- This site is optimized with the Yoast SEO plugin v27.5 - https:\/\/yoast.com\/product\/yoast-seo-wordpress\/ -->\n<title>FLOYD CARD HOLDERNaked l\u00e6der med pengeclips - Nic &amp; Mel<\/title>\n<meta name=\"robots\" content=\"index, follow, max-snippet:-1, max-image-preview:large, max-video-preview:-1\" \/>\n<link rel=\"canonical\" href=\"https:\/\/nicandmel.com\/da\/vare\/floyd-card-holdernaked-laeder-med-pengeclips\/\" \/>\n<meta property=\"og:locale\" content=\"da_DK\" \/>\n<meta property=\"og:type\" content=\"article\" \/>\n<meta property=\"og:title\" content=\"FLOYD CARD HOLDERNaked l\u00e6der med pengeclips - Nic &amp; Mel\" \/>\n<meta property=\"og:description\" content=\"Floyd kortholder er en gammeldags pengeclips-pung. Den er supertynd og passer nemt i lommen.\" \/>\n<meta property=\"og:url\" content=\"https:\/\/nicandmel.com\/da\/vare\/floyd-card-holdernaked-laeder-med-pengeclips\/\" \/>\n<meta property=\"og:site_name\" content=\"Nic &amp; Mel\" \/>\n<meta property=\"article:publisher\" content=\"https:\/\/www.facebook.com\/nicandmel\" \/>\n<meta property=\"article:modified_time\" content=\"2024-11-07T14:24:46+00:00\" \/>\n<meta property=\"og:image\" content=\"https:\/\/nicandmel.com\/wp-content\/uploads\/2016\/06\/floyd-card-holder-naked-tan-leather-w_-money-clip.jpg\" \/>\n\t<meta property=\"og:image:width\" content=\"1500\" \/>\n\t<meta property=\"og:image:height\" content=\"1829\" \/>\n\t<meta property=\"og:image:type\" content=\"image\/jpeg\" \/>\n<meta name=\"twitter:card\" content=\"summary_large_image\" \/>\n<script type=\"application\/ld+json\" class=\"yoast-schema-graph\">{\"@context\":\"https:\\\/\\\/schema.org\",\"@graph\":[{\"@type\":\"WebPage\",\"@id\":\"https:\\\/\\\/nicandmel.com\\\/da\\\/vare\\\/floyd-card-holdernaked-laeder-med-pengeclips\\\/\",\"url\":\"https:\\\/\\\/nicandmel.com\\\/da\\\/vare\\\/floyd-card-holdernaked-laeder-med-pengeclips\\\/\",\"name\":\"FLOYD CARD HOLDERNaked l\u00e6der med pengeclips - Nic &amp; Mel\",\"isPartOf\":{\"@id\":\"https:\\\/\\\/nicandmel.com\\\/da\\\/#website\"},\"primaryImageOfPage\":{\"@id\":\"https:\\\/\\\/nicandmel.com\\\/da\\\/vare\\\/floyd-card-holdernaked-laeder-med-pengeclips\\\/#primaryimage\"},\"image\":{\"@id\":\"https:\\\/\\\/nicandmel.com\\\/da\\\/vare\\\/floyd-card-holdernaked-laeder-med-pengeclips\\\/#primaryimage\"},\"thumbnailUrl\":\"https:\\\/\\\/nicandmel.com\\\/wp-content\\\/uploads\\\/2016\\\/06\\\/floyd-card-holder-naked-tan-leather-w_-money-clip.jpg\",\"datePublished\":\"2019-01-02T00:46:11+00:00\",\"dateModified\":\"2024-11-07T14:24:46+00:00\",\"breadcrumb\":{\"@id\":\"https:\\\/\\\/nicandmel.com\\\/da\\\/vare\\\/floyd-card-holdernaked-laeder-med-pengeclips\\\/#breadcrumb\"},\"inLanguage\":\"da-DK\",\"potentialAction\":[{\"@type\":\"ReadAction\",\"target\":[\"https:\\\/\\\/nicandmel.com\\\/da\\\/vare\\\/floyd-card-holdernaked-laeder-med-pengeclips\\\/\"]}]},{\"@type\":\"ImageObject\",\"inLanguage\":\"da-DK\",\"@id\":\"https:\\\/\\\/nicandmel.com\\\/da\\\/vare\\\/floyd-card-holdernaked-laeder-med-pengeclips\\\/#primaryimage\",\"url\":\"https:\\\/\\\/nicandmel.com\\\/wp-content\\\/uploads\\\/2016\\\/06\\\/floyd-card-holder-naked-tan-leather-w_-money-clip.jpg\",\"contentUrl\":\"https:\\\/\\\/nicandmel.com\\\/wp-content\\\/uploads\\\/2016\\\/06\\\/floyd-card-holder-naked-tan-leather-w_-money-clip.jpg\",\"width\":1500,\"height\":1829},{\"@type\":\"BreadcrumbList\",\"@id\":\"https:\\\/\\\/nicandmel.com\\\/da\\\/vare\\\/floyd-card-holdernaked-laeder-med-pengeclips\\\/#breadcrumb\",\"itemListElement\":[{\"@type\":\"ListItem\",\"position\":1,\"name\":\"Home\",\"item\":\"https:\\\/\\\/nicandmel.com\\\/da\\\/laedervarer-online-nic-mel\\\/\"},{\"@type\":\"ListItem\",\"position\":2,\"name\":\"Butik\",\"item\":\"https:\\\/\\\/nicandmel.com\\\/da\\\/shop\\\/\"},{\"@type\":\"ListItem\",\"position\":3,\"name\":\"FLOYD CARD HOLDERNaked l\u00e6der med pengeclips\"}]},{\"@type\":\"WebSite\",\"@id\":\"https:\\\/\\\/nicandmel.com\\\/da\\\/#website\",\"url\":\"https:\\\/\\\/nicandmel.com\\\/da\\\/\",\"name\":\"Nic & Mel\",\"description\":\"Handmade leather goods\",\"publisher\":{\"@id\":\"https:\\\/\\\/nicandmel.com\\\/da\\\/#organization\"},\"potentialAction\":[{\"@type\":\"SearchAction\",\"target\":{\"@type\":\"EntryPoint\",\"urlTemplate\":\"https:\\\/\\\/nicandmel.com\\\/da\\\/?s={search_term_string}\"},\"query-input\":{\"@type\":\"PropertyValueSpecification\",\"valueRequired\":true,\"valueName\":\"search_term_string\"}}],\"inLanguage\":\"da-DK\"},{\"@type\":\"Organization\",\"@id\":\"https:\\\/\\\/nicandmel.com\\\/da\\\/#organization\",\"name\":\"Nic & Mel\",\"url\":\"https:\\\/\\\/nicandmel.com\\\/da\\\/\",\"logo\":{\"@type\":\"ImageObject\",\"inLanguage\":\"da-DK\",\"@id\":\"https:\\\/\\\/nicandmel.com\\\/da\\\/#\\\/schema\\\/logo\\\/image\\\/\",\"url\":\"https:\\\/\\\/nicandmel.com\\\/wp-content\\\/uploads\\\/2021\\\/07\\\/nic_and_mel_logo.png\",\"contentUrl\":\"https:\\\/\\\/nicandmel.com\\\/wp-content\\\/uploads\\\/2021\\\/07\\\/nic_and_mel_logo.png\",\"width\":1237,\"height\":263,\"caption\":\"Nic & Mel\"},\"image\":{\"@id\":\"https:\\\/\\\/nicandmel.com\\\/da\\\/#\\\/schema\\\/logo\\\/image\\\/\"},\"sameAs\":[\"https:\\\/\\\/www.facebook.com\\\/nicandmel\"]}]}<\/script>\n<!-- \/ Yoast SEO plugin. -->","yoast_head_json":{"title":"FLOYD CARD HOLDERNaked l\u00e6der med pengeclips - Nic &amp; Mel","robots":{"index":"index","follow":"follow","max-snippet":"max-snippet:-1","max-image-preview":"max-image-preview:large","max-video-preview":"max-video-preview:-1"},"canonical":"https:\/\/nicandmel.com\/da\/vare\/floyd-card-holdernaked-laeder-med-pengeclips\/","og_locale":"da_DK","og_type":"article","og_title":"FLOYD CARD HOLDERNaked l\u00e6der med pengeclips - Nic &amp; Mel","og_description":"Floyd kortholder er en gammeldags pengeclips-pung. Den er supertynd og passer nemt i lommen.","og_url":"https:\/\/nicandmel.com\/da\/vare\/floyd-card-holdernaked-laeder-med-pengeclips\/","og_site_name":"Nic &amp; Mel","article_publisher":"https:\/\/www.facebook.com\/nicandmel","article_modified_time":"2024-11-07T14:24:46+00:00","og_image":[{"width":1500,"height":1829,"url":"https:\/\/nicandmel.com\/wp-content\/uploads\/2016\/06\/floyd-card-holder-naked-tan-leather-w_-money-clip.jpg","type":"image\/jpeg"}],"twitter_card":"summary_large_image","schema":{"@context":"https:\/\/schema.org","@graph":[{"@type":"WebPage","@id":"https:\/\/nicandmel.com\/da\/vare\/floyd-card-holdernaked-laeder-med-pengeclips\/","url":"https:\/\/nicandmel.com\/da\/vare\/floyd-card-holdernaked-laeder-med-pengeclips\/","name":"FLOYD CARD HOLDERNaked l\u00e6der med pengeclips - Nic &amp; Mel","isPartOf":{"@id":"https:\/\/nicandmel.com\/da\/#website"},"primaryImageOfPage":{"@id":"https:\/\/nicandmel.com\/da\/vare\/floyd-card-holdernaked-laeder-med-pengeclips\/#primaryimage"},"image":{"@id":"https:\/\/nicandmel.com\/da\/vare\/floyd-card-holdernaked-laeder-med-pengeclips\/#primaryimage"},"thumbnailUrl":"https:\/\/nicandmel.com\/wp-content\/uploads\/2016\/06\/floyd-card-holder-naked-tan-leather-w_-money-clip.jpg","datePublished":"2019-01-02T00:46:11+00:00","dateModified":"2024-11-07T14:24:46+00:00","breadcrumb":{"@id":"https:\/\/nicandmel.com\/da\/vare\/floyd-card-holdernaked-laeder-med-pengeclips\/#breadcrumb"},"inLanguage":"da-DK","potentialAction":[{"@type":"ReadAction","target":["https:\/\/nicandmel.com\/da\/vare\/floyd-card-holdernaked-laeder-med-pengeclips\/"]}]},{"@type":"ImageObject","inLanguage":"da-DK","@id":"https:\/\/nicandmel.com\/da\/vare\/floyd-card-holdernaked-laeder-med-pengeclips\/#primaryimage","url":"https:\/\/nicandmel.com\/wp-content\/uploads\/2016\/06\/floyd-card-holder-naked-tan-leather-w_-money-clip.jpg","contentUrl":"https:\/\/nicandmel.com\/wp-content\/uploads\/2016\/06\/floyd-card-holder-naked-tan-leather-w_-money-clip.jpg","width":1500,"height":1829},{"@type":"BreadcrumbList","@id":"https:\/\/nicandmel.com\/da\/vare\/floyd-card-holdernaked-laeder-med-pengeclips\/#breadcrumb","itemListElement":[{"@type":"ListItem","position":1,"name":"Home","item":"https:\/\/nicandmel.com\/da\/laedervarer-online-nic-mel\/"},{"@type":"ListItem","position":2,"name":"Butik","item":"https:\/\/nicandmel.com\/da\/shop\/"},{"@type":"ListItem","position":3,"name":"FLOYD CARD HOLDERNaked l\u00e6der med pengeclips"}]},{"@type":"WebSite","@id":"https:\/\/nicandmel.com\/da\/#website","url":"https:\/\/nicandmel.com\/da\/","name":"Nic & Mel","description":"Handmade leather goods","publisher":{"@id":"https:\/\/nicandmel.com\/da\/#organization"},"potentialAction":[{"@type":"SearchAction","target":{"@type":"EntryPoint","urlTemplate":"https:\/\/nicandmel.com\/da\/?s={search_term_string}"},"query-input":{"@type":"PropertyValueSpecification","valueRequired":true,"valueName":"search_term_string"}}],"inLanguage":"da-DK"},{"@type":"Organization","@id":"https:\/\/nicandmel.com\/da\/#organization","name":"Nic & Mel","url":"https:\/\/nicandmel.com\/da\/","logo":{"@type":"ImageObject","inLanguage":"da-DK","@id":"https:\/\/nicandmel.com\/da\/#\/schema\/logo\/image\/","url":"https:\/\/nicandmel.com\/wp-content\/uploads\/2021\/07\/nic_and_mel_logo.png","contentUrl":"https:\/\/nicandmel.com\/wp-content\/uploads\/2021\/07\/nic_and_mel_logo.png","width":1237,"height":263,"caption":"Nic & Mel"},"image":{"@id":"https:\/\/nicandmel.com\/da\/#\/schema\/logo\/image\/"},"sameAs":["https:\/\/www.facebook.com\/nicandmel"]}]}},"_links":{"self":[{"href":"https:\/\/nicandmel.com\/da\/wp-json\/wp\/v2\/product\/19294","targetHints":{"allow":["GET"]}}],"collection":[{"href":"https:\/\/nicandmel.com\/da\/wp-json\/wp\/v2\/product"}],"about":[{"href":"https:\/\/nicandmel.com\/da\/wp-json\/wp\/v2\/types\/product"}],"wp:featuredmedia":[{"embeddable":true,"href":"https:\/\/nicandmel.com\/da\/wp-json\/wp\/v2\/media\/18013"}],"wp:attachment":[{"href":"https:\/\/nicandmel.com\/da\/wp-json\/wp\/v2\/media?parent=19294"}],"wp:term":[{"taxonomy":"product_brand","embeddable":true,"href":"https:\/\/nicandmel.com\/da\/wp-json\/wp\/v2\/product_brand?post=19294"},{"taxonomy":"product_cat","embeddable":true,"href":"https:\/\/nicandmel.com\/da\/wp-json\/wp\/v2\/product_cat?post=19294"},{"taxonomy":"product_tag","embeddable":true,"href":"https:\/\/nicandmel.com\/da\/wp-json\/wp\/v2\/product_tag?post=19294"}],"curies":[{"name":"wp","href":"https:\/\/api.w.org\/{rel}","templated":true}]}}