{"id":19298,"date":"2017-02-09T10:28:30","date_gmt":"2017-02-09T09:28:30","guid":{"rendered":"https:\/\/nicandmel.com\/product\/baand-til-laederarmbaand-sort-laeder\/"},"modified":"2024-11-07T15:29:33","modified_gmt":"2024-11-07T14:29:33","slug":"baand-til-laederarmbaand-sort-laeder","status":"publish","type":"product","link":"https:\/\/nicandmel.com\/da\/vare\/baand-til-laederarmbaand-sort-laeder\/","title":{"rendered":"B\u00e5nd til l\u00e6derarmb\u00e5nd Sort l\u00e6der"},"content":{"rendered":"<p>[vc_row][vc_column width=&#8221;2\/3&#8243;][vc_column_text]BESKRIVELSE<\/p>\n<p>N\u00e5r du vil opdatere udseendet p\u00e5 dit ur, skal du bare k\u00f8be en ny rem og \u00e6ndre det selv!<\/p>\n<p>Remmen er lavet af sort kalvel\u00e6der med r\u00e5 kanter og et sp\u00e6nde i rustfrit st\u00e5l.<\/p>\n<p>Passer til alle vores ure.[\/vc_column_text][vc_empty_space][\/vc_column][vc_column width=&#8221;1\/3&#8243; css=&#8221;.vc_custom_1475064343286{border-left-width: 1px !important;border-left-color: #e5e5e5 !important;border-left-style: solid !important;border-radius: 1px !important;}&#8221;][vc_column_text]DETALJER<br \/>\nBredde: 22 mm<\/p>\n<p>9 sp\u00e6ndehuller, der passer til XS til XL.[\/vc_column_text][\/vc_column][\/vc_row]<\/p>\n","protected":false},"excerpt":{"rendered":"<p>[vc_row][vc_column width=&#8221;2\/3&#8243;][vc_column_text]BESKRIVELSE N\u00e5r du vil opdatere udseendet p\u00e5 dit ur, skal du bare k\u00f8be en ny rem og \u00e6ndre det selv! Remmen er lavet af sort kalvel\u00e6der med r\u00e5 kanter og et sp\u00e6nde i rustfrit st\u00e5l. Passer til alle vores ure.[\/vc_column_text][vc_empty_space][\/vc_column][vc_column width=&#8221;1\/3&#8243; css=&#8221;.vc_custom_1475064343286{border-left-width: 1px !important;border-left-color: #e5e5e5 !important;border-left-style: solid !important;border-radius: 1px !important;}&#8221;][vc_column_text]DETALJER Bredde: 22 mm 9 &hellip;<\/p>\n","protected":false},"featured_media":17068,"template":"","meta":{"_acf_changed":false},"product_brand":[],"product_cat":[1985],"product_tag":[],"class_list":{"0":"post-19298","1":"product","2":"type-product","3":"status-publish","4":"has-post-thumbnail","6":"product_cat-tilbehor-til-ure","8":"first","9":"instock","10":"taxable","11":"shipping-taxable","12":"purchasable","13":"product-type-simple"},"acf":[],"yoast_head":"<!-- This site is optimized with the Yoast SEO plugin v27.5 - https:\/\/yoast.com\/product\/yoast-seo-wordpress\/ -->\n<title>B\u00e5nd til l\u00e6derarmb\u00e5nd Sort l\u00e6der - Nic &amp; Mel<\/title>\n<meta name=\"robots\" content=\"index, follow, max-snippet:-1, max-image-preview:large, max-video-preview:-1\" \/>\n<link rel=\"canonical\" href=\"https:\/\/nicandmel.com\/da\/vare\/baand-til-laederarmbaand-sort-laeder\/\" \/>\n<meta property=\"og:locale\" content=\"da_DK\" \/>\n<meta property=\"og:type\" content=\"article\" \/>\n<meta property=\"og:title\" content=\"B\u00e5nd til l\u00e6derarmb\u00e5nd Sort l\u00e6der - Nic &amp; Mel\" \/>\n<meta property=\"og:description\" content=\"[vc_row][vc_column width=&#8221;2\/3&#8243;][vc_column_text]BESKRIVELSE N\u00e5r du vil opdatere udseendet p\u00e5 dit ur, skal du bare k\u00f8be en ny rem og \u00e6ndre det selv! Remmen er lavet af sort kalvel\u00e6der med r\u00e5 kanter og et sp\u00e6nde i rustfrit st\u00e5l. Passer til alle vores ure.[\/vc_column_text][vc_empty_space][\/vc_column][vc_column width=&#8221;1\/3&#8243; css=&#8221;.vc_custom_1475064343286{border-left-width: 1px !important;border-left-color: #e5e5e5 !important;border-left-style: solid !important;border-radius: 1px !important;}&#8221;][vc_column_text]DETALJER Bredde: 22 mm 9 &hellip;\" \/>\n<meta property=\"og:url\" content=\"https:\/\/nicandmel.com\/da\/vare\/baand-til-laederarmbaand-sort-laeder\/\" \/>\n<meta property=\"og:site_name\" content=\"Nic &amp; Mel\" \/>\n<meta property=\"article:publisher\" content=\"https:\/\/www.facebook.com\/nicandmel\" \/>\n<meta property=\"article:modified_time\" content=\"2024-11-07T14:29:33+00:00\" \/>\n<meta property=\"og:image\" content=\"https:\/\/nicandmel.com\/wp-content\/uploads\/2017\/02\/web_black_wristband.jpg\" \/>\n\t<meta property=\"og:image:width\" content=\"2000\" \/>\n\t<meta property=\"og:image:height\" content=\"1370\" \/>\n\t<meta property=\"og:image:type\" content=\"image\/jpeg\" \/>\n<meta name=\"twitter:card\" content=\"summary_large_image\" \/>\n<meta name=\"twitter:label1\" content=\"Estimeret l\u00e6setid\" \/>\n\t<meta name=\"twitter:data1\" content=\"1 minut\" \/>\n<script type=\"application\/ld+json\" class=\"yoast-schema-graph\">{\"@context\":\"https:\\\/\\\/schema.org\",\"@graph\":[{\"@type\":\"WebPage\",\"@id\":\"https:\\\/\\\/nicandmel.com\\\/da\\\/vare\\\/baand-til-laederarmbaand-sort-laeder\\\/\",\"url\":\"https:\\\/\\\/nicandmel.com\\\/da\\\/vare\\\/baand-til-laederarmbaand-sort-laeder\\\/\",\"name\":\"B\u00e5nd til l\u00e6derarmb\u00e5nd Sort l\u00e6der - Nic &amp; Mel\",\"isPartOf\":{\"@id\":\"https:\\\/\\\/nicandmel.com\\\/da\\\/#website\"},\"primaryImageOfPage\":{\"@id\":\"https:\\\/\\\/nicandmel.com\\\/da\\\/vare\\\/baand-til-laederarmbaand-sort-laeder\\\/#primaryimage\"},\"image\":{\"@id\":\"https:\\\/\\\/nicandmel.com\\\/da\\\/vare\\\/baand-til-laederarmbaand-sort-laeder\\\/#primaryimage\"},\"thumbnailUrl\":\"https:\\\/\\\/nicandmel.com\\\/wp-content\\\/uploads\\\/2017\\\/02\\\/web_black_wristband.jpg\",\"datePublished\":\"2017-02-09T09:28:30+00:00\",\"dateModified\":\"2024-11-07T14:29:33+00:00\",\"breadcrumb\":{\"@id\":\"https:\\\/\\\/nicandmel.com\\\/da\\\/vare\\\/baand-til-laederarmbaand-sort-laeder\\\/#breadcrumb\"},\"inLanguage\":\"da-DK\",\"potentialAction\":[{\"@type\":\"ReadAction\",\"target\":[\"https:\\\/\\\/nicandmel.com\\\/da\\\/vare\\\/baand-til-laederarmbaand-sort-laeder\\\/\"]}]},{\"@type\":\"ImageObject\",\"inLanguage\":\"da-DK\",\"@id\":\"https:\\\/\\\/nicandmel.com\\\/da\\\/vare\\\/baand-til-laederarmbaand-sort-laeder\\\/#primaryimage\",\"url\":\"https:\\\/\\\/nicandmel.com\\\/wp-content\\\/uploads\\\/2017\\\/02\\\/web_black_wristband.jpg\",\"contentUrl\":\"https:\\\/\\\/nicandmel.com\\\/wp-content\\\/uploads\\\/2017\\\/02\\\/web_black_wristband.jpg\",\"width\":2000,\"height\":1370},{\"@type\":\"BreadcrumbList\",\"@id\":\"https:\\\/\\\/nicandmel.com\\\/da\\\/vare\\\/baand-til-laederarmbaand-sort-laeder\\\/#breadcrumb\",\"itemListElement\":[{\"@type\":\"ListItem\",\"position\":1,\"name\":\"Home\",\"item\":\"https:\\\/\\\/nicandmel.com\\\/da\\\/laedervarer-online-nic-mel\\\/\"},{\"@type\":\"ListItem\",\"position\":2,\"name\":\"Butik\",\"item\":\"https:\\\/\\\/nicandmel.com\\\/da\\\/shop\\\/\"},{\"@type\":\"ListItem\",\"position\":3,\"name\":\"B\u00e5nd til l\u00e6derarmb\u00e5nd Sort l\u00e6der\"}]},{\"@type\":\"WebSite\",\"@id\":\"https:\\\/\\\/nicandmel.com\\\/da\\\/#website\",\"url\":\"https:\\\/\\\/nicandmel.com\\\/da\\\/\",\"name\":\"Nic & Mel\",\"description\":\"Handmade leather goods\",\"publisher\":{\"@id\":\"https:\\\/\\\/nicandmel.com\\\/da\\\/#organization\"},\"potentialAction\":[{\"@type\":\"SearchAction\",\"target\":{\"@type\":\"EntryPoint\",\"urlTemplate\":\"https:\\\/\\\/nicandmel.com\\\/da\\\/?s={search_term_string}\"},\"query-input\":{\"@type\":\"PropertyValueSpecification\",\"valueRequired\":true,\"valueName\":\"search_term_string\"}}],\"inLanguage\":\"da-DK\"},{\"@type\":\"Organization\",\"@id\":\"https:\\\/\\\/nicandmel.com\\\/da\\\/#organization\",\"name\":\"Nic & Mel\",\"url\":\"https:\\\/\\\/nicandmel.com\\\/da\\\/\",\"logo\":{\"@type\":\"ImageObject\",\"inLanguage\":\"da-DK\",\"@id\":\"https:\\\/\\\/nicandmel.com\\\/da\\\/#\\\/schema\\\/logo\\\/image\\\/\",\"url\":\"https:\\\/\\\/nicandmel.com\\\/wp-content\\\/uploads\\\/2021\\\/07\\\/nic_and_mel_logo.png\",\"contentUrl\":\"https:\\\/\\\/nicandmel.com\\\/wp-content\\\/uploads\\\/2021\\\/07\\\/nic_and_mel_logo.png\",\"width\":1237,\"height\":263,\"caption\":\"Nic & Mel\"},\"image\":{\"@id\":\"https:\\\/\\\/nicandmel.com\\\/da\\\/#\\\/schema\\\/logo\\\/image\\\/\"},\"sameAs\":[\"https:\\\/\\\/www.facebook.com\\\/nicandmel\"]}]}<\/script>\n<!-- \/ Yoast SEO plugin. -->","yoast_head_json":{"title":"B\u00e5nd til l\u00e6derarmb\u00e5nd Sort l\u00e6der - Nic &amp; Mel","robots":{"index":"index","follow":"follow","max-snippet":"max-snippet:-1","max-image-preview":"max-image-preview:large","max-video-preview":"max-video-preview:-1"},"canonical":"https:\/\/nicandmel.com\/da\/vare\/baand-til-laederarmbaand-sort-laeder\/","og_locale":"da_DK","og_type":"article","og_title":"B\u00e5nd til l\u00e6derarmb\u00e5nd Sort l\u00e6der - Nic &amp; Mel","og_description":"[vc_row][vc_column width=&#8221;2\/3&#8243;][vc_column_text]BESKRIVELSE N\u00e5r du vil opdatere udseendet p\u00e5 dit ur, skal du bare k\u00f8be en ny rem og \u00e6ndre det selv! Remmen er lavet af sort kalvel\u00e6der med r\u00e5 kanter og et sp\u00e6nde i rustfrit st\u00e5l. Passer til alle vores ure.[\/vc_column_text][vc_empty_space][\/vc_column][vc_column width=&#8221;1\/3&#8243; css=&#8221;.vc_custom_1475064343286{border-left-width: 1px !important;border-left-color: #e5e5e5 !important;border-left-style: solid !important;border-radius: 1px !important;}&#8221;][vc_column_text]DETALJER Bredde: 22 mm 9 &hellip;","og_url":"https:\/\/nicandmel.com\/da\/vare\/baand-til-laederarmbaand-sort-laeder\/","og_site_name":"Nic &amp; Mel","article_publisher":"https:\/\/www.facebook.com\/nicandmel","article_modified_time":"2024-11-07T14:29:33+00:00","og_image":[{"width":2000,"height":1370,"url":"https:\/\/nicandmel.com\/wp-content\/uploads\/2017\/02\/web_black_wristband.jpg","type":"image\/jpeg"}],"twitter_card":"summary_large_image","twitter_misc":{"Estimeret l\u00e6setid":"1 minut"},"schema":{"@context":"https:\/\/schema.org","@graph":[{"@type":"WebPage","@id":"https:\/\/nicandmel.com\/da\/vare\/baand-til-laederarmbaand-sort-laeder\/","url":"https:\/\/nicandmel.com\/da\/vare\/baand-til-laederarmbaand-sort-laeder\/","name":"B\u00e5nd til l\u00e6derarmb\u00e5nd Sort l\u00e6der - Nic &amp; Mel","isPartOf":{"@id":"https:\/\/nicandmel.com\/da\/#website"},"primaryImageOfPage":{"@id":"https:\/\/nicandmel.com\/da\/vare\/baand-til-laederarmbaand-sort-laeder\/#primaryimage"},"image":{"@id":"https:\/\/nicandmel.com\/da\/vare\/baand-til-laederarmbaand-sort-laeder\/#primaryimage"},"thumbnailUrl":"https:\/\/nicandmel.com\/wp-content\/uploads\/2017\/02\/web_black_wristband.jpg","datePublished":"2017-02-09T09:28:30+00:00","dateModified":"2024-11-07T14:29:33+00:00","breadcrumb":{"@id":"https:\/\/nicandmel.com\/da\/vare\/baand-til-laederarmbaand-sort-laeder\/#breadcrumb"},"inLanguage":"da-DK","potentialAction":[{"@type":"ReadAction","target":["https:\/\/nicandmel.com\/da\/vare\/baand-til-laederarmbaand-sort-laeder\/"]}]},{"@type":"ImageObject","inLanguage":"da-DK","@id":"https:\/\/nicandmel.com\/da\/vare\/baand-til-laederarmbaand-sort-laeder\/#primaryimage","url":"https:\/\/nicandmel.com\/wp-content\/uploads\/2017\/02\/web_black_wristband.jpg","contentUrl":"https:\/\/nicandmel.com\/wp-content\/uploads\/2017\/02\/web_black_wristband.jpg","width":2000,"height":1370},{"@type":"BreadcrumbList","@id":"https:\/\/nicandmel.com\/da\/vare\/baand-til-laederarmbaand-sort-laeder\/#breadcrumb","itemListElement":[{"@type":"ListItem","position":1,"name":"Home","item":"https:\/\/nicandmel.com\/da\/laedervarer-online-nic-mel\/"},{"@type":"ListItem","position":2,"name":"Butik","item":"https:\/\/nicandmel.com\/da\/shop\/"},{"@type":"ListItem","position":3,"name":"B\u00e5nd til l\u00e6derarmb\u00e5nd Sort l\u00e6der"}]},{"@type":"WebSite","@id":"https:\/\/nicandmel.com\/da\/#website","url":"https:\/\/nicandmel.com\/da\/","name":"Nic & Mel","description":"Handmade leather goods","publisher":{"@id":"https:\/\/nicandmel.com\/da\/#organization"},"potentialAction":[{"@type":"SearchAction","target":{"@type":"EntryPoint","urlTemplate":"https:\/\/nicandmel.com\/da\/?s={search_term_string}"},"query-input":{"@type":"PropertyValueSpecification","valueRequired":true,"valueName":"search_term_string"}}],"inLanguage":"da-DK"},{"@type":"Organization","@id":"https:\/\/nicandmel.com\/da\/#organization","name":"Nic & Mel","url":"https:\/\/nicandmel.com\/da\/","logo":{"@type":"ImageObject","inLanguage":"da-DK","@id":"https:\/\/nicandmel.com\/da\/#\/schema\/logo\/image\/","url":"https:\/\/nicandmel.com\/wp-content\/uploads\/2021\/07\/nic_and_mel_logo.png","contentUrl":"https:\/\/nicandmel.com\/wp-content\/uploads\/2021\/07\/nic_and_mel_logo.png","width":1237,"height":263,"caption":"Nic & Mel"},"image":{"@id":"https:\/\/nicandmel.com\/da\/#\/schema\/logo\/image\/"},"sameAs":["https:\/\/www.facebook.com\/nicandmel"]}]}},"_links":{"self":[{"href":"https:\/\/nicandmel.com\/da\/wp-json\/wp\/v2\/product\/19298","targetHints":{"allow":["GET"]}}],"collection":[{"href":"https:\/\/nicandmel.com\/da\/wp-json\/wp\/v2\/product"}],"about":[{"href":"https:\/\/nicandmel.com\/da\/wp-json\/wp\/v2\/types\/product"}],"wp:featuredmedia":[{"embeddable":true,"href":"https:\/\/nicandmel.com\/da\/wp-json\/wp\/v2\/media\/17068"}],"wp:attachment":[{"href":"https:\/\/nicandmel.com\/da\/wp-json\/wp\/v2\/media?parent=19298"}],"wp:term":[{"taxonomy":"product_brand","embeddable":true,"href":"https:\/\/nicandmel.com\/da\/wp-json\/wp\/v2\/product_brand?post=19298"},{"taxonomy":"product_cat","embeddable":true,"href":"https:\/\/nicandmel.com\/da\/wp-json\/wp\/v2\/product_cat?post=19298"},{"taxonomy":"product_tag","embeddable":true,"href":"https:\/\/nicandmel.com\/da\/wp-json\/wp\/v2\/product_tag?post=19298"}],"curies":[{"name":"wp","href":"https:\/\/api.w.org\/{rel}","templated":true}]}}