{"id":19310,"date":"2024-01-15T21:58:11","date_gmt":"2024-01-15T20:58:11","guid":{"rendered":"https:\/\/nicandmel.com\/product\/magnetisk-etui-cognac-magesafe-traadloes-opladning-af-iphone-13\/"},"modified":"2024-01-15T21:58:11","modified_gmt":"2024-01-15T20:58:11","slug":"magnetisk-etui-cognac-magesafe-traadloes-opladning-af-iphone-13","status":"publish","type":"product","link":"https:\/\/nicandmel.com\/da\/vare\/magnetisk-etui-cognac-magesafe-traadloes-opladning-af-iphone-13\/","title":{"rendered":"Magnetisk etui, cognac, Magesafe (tr\u00e5dl\u00f8s opladning af iPhone 13)"},"content":{"rendered":"<p>Vi pr\u00e6senterer det nyeste magnetiske etui til iPhone 13 &#8211; den perfekte blanding af stil og funktionalitet, der forbedrer din iPhone-oplevelse. Oplev fremtidens opladning med vores magnetiske iPhone 13-etui, der underst\u00f8tter tr\u00e5dl\u00f8s opladning. Sig farvel til sammenfiltrede ledninger og nyd ubesv\u00e6ret opladning ved blot at placere din telefon p\u00e5 en tr\u00e5dl\u00f8s oplader. Vores etui er udformet med pr\u00e6cision og passer perfekt til din iPhone 13, hvilket sikrer en problemfri integration med det omgivende fleksible gummi, der holder din enhed sikkert fast. Den bl\u00f8de mikrofiberforing p\u00e5 indersiden tilf\u00f8jer et ekstra lag beskyttelse og beskytter din telefon mod ridser og mindre slag. Vi forst\u00e5r vigtigheden af et fast greb, og derfor har vores etui en ribbet tekstur hele vejen rundt. Det riflede greb sikrer, at du trygt kan holde din iPhone 13 Mini, og giver en sikker fornemmelse i h\u00e5nden. Etuiet er designet med elegance for \u00f8je og har et sofistikeret cognacfarvet mikrofiber p\u00e5 ydersiden, som giver din enhed et strejf af luksus. For at h\u00f8jne det overordnede look har vi pr\u00e6get et guldlogo p\u00e5 vegansk l\u00e6der, s\u00e5 din iPhone skiller sig ud med stil. Vores magnetiske etui passer ikke kun perfekt til iPhone 13, men fungerer ogs\u00e5 problemfrit med Nic &amp; Mels telefonpunge, der er justeret til tr\u00e5dl\u00f8s opladning. Oplev bekvemmeligheden ved et integreret system, der holder dine vigtigste ting samlet. Og selvf\u00f8lgelig har vi ikke glemt MagSafe-kompatibiliteten. Vores magnetiske etui sikrer en perfekt tilpasning til MagSafe-opladere og andet MagSafe-tilbeh\u00f8r, s\u00e5 du f\u00e5r en problemfri opladningsoplevelse. Med vores magnetiske etui forbliver din iPhone 13 beskyttet og stilfuld. Uanset om det er overlegen beskyttelse, et elegant udseende eller tr\u00e5dl\u00f8s opladning, s\u00e5 leverer vores etui det hele. Opgrader din iPhone 13-oplevelse med vores Magnetic Case &#8211; den ultimative ledsager til beskyttelse og tr\u00e5dl\u00f8s opladning, alt sammen i \u00e9n elegant pakke.<\/p>\n","protected":false},"excerpt":{"rendered":"<p>Magnetisk etui, der underst\u00f8tter tr\u00e5dl\u00f8s opladning til iPhone 13 Mini, beskyttende og sikkert med et omgivende ribbet greb og mikrofiberforing p\u00e5 b\u00e5de for- og bagside.<\/p>\n","protected":false},"featured_media":18109,"template":"","meta":{"_acf_changed":false},"product_brand":[],"product_cat":[1815],"product_tag":[1992],"class_list":{"0":"post-19310","1":"product","2":"type-product","3":"status-publish","4":"has-post-thumbnail","6":"product_cat-mobiltilbehor","7":"product_tag-iphone-13-da","8":"pa_model-iphone-13-da","10":"first","11":"instock","12":"taxable","13":"shipping-taxable","14":"purchasable","15":"product-type-simple"},"acf":[],"yoast_head":"<!-- This site is optimized with the Yoast SEO plugin v27.3 - https:\/\/yoast.com\/product\/yoast-seo-wordpress\/ -->\n<title>Magnetisk etui, cognac, Magesafe (tr\u00e5dl\u00f8s opladning af iPhone 13) - Nic &amp; Mel<\/title>\n<meta name=\"description\" content=\"Magnetisk iPhone X-etui, der underst\u00f8tter tr\u00e5dl\u00f8s opladning! Perfekt pasform med omgivende fleksibelt gummi og bl\u00f8dt mikrofiberfor p\u00e5 indersiden for at beskytte din telefon. Ribbet greb hele vejen rundt for at sikre et fast og sikkert greb. Den slidst\u00e6rke yderside er kl\u00e6dt i sort mikrofiber og prydet med en guldlogotype.\" \/>\n<meta name=\"robots\" content=\"index, follow, max-snippet:-1, max-image-preview:large, max-video-preview:-1\" \/>\n<link rel=\"canonical\" href=\"https:\/\/nicandmel.com\/da\/vare\/magnetisk-etui-cognac-magesafe-traadloes-opladning-af-iphone-13\/\" \/>\n<meta property=\"og:locale\" content=\"da_DK\" \/>\n<meta property=\"og:type\" content=\"article\" \/>\n<meta property=\"og:title\" content=\"Magnetisk etui, cognac, Magesafe (tr\u00e5dl\u00f8s opladning af iPhone 13) - Nic &amp; Mel\" \/>\n<meta property=\"og:description\" content=\"Magnetisk iPhone X-etui, der underst\u00f8tter tr\u00e5dl\u00f8s opladning! Perfekt pasform med omgivende fleksibelt gummi og bl\u00f8dt mikrofiberfor p\u00e5 indersiden for at beskytte din telefon. Ribbet greb hele vejen rundt for at sikre et fast og sikkert greb. Den slidst\u00e6rke yderside er kl\u00e6dt i sort mikrofiber og prydet med en guldlogotype.\" \/>\n<meta property=\"og:url\" content=\"https:\/\/nicandmel.com\/da\/vare\/magnetisk-etui-cognac-magesafe-traadloes-opladning-af-iphone-13\/\" \/>\n<meta property=\"og:site_name\" content=\"Nic &amp; Mel\" \/>\n<meta property=\"article:publisher\" content=\"https:\/\/www.facebook.com\/nicandmel\" \/>\n<meta property=\"og:image\" content=\"https:\/\/nicandmel.com\/wp-content\/uploads\/2023\/12\/magcase-congac-11-max.jpg\" \/>\n\t<meta property=\"og:image:width\" content=\"1500\" \/>\n\t<meta property=\"og:image:height\" content=\"1828\" \/>\n\t<meta property=\"og:image:type\" content=\"image\/jpeg\" \/>\n<meta name=\"twitter:card\" content=\"summary_large_image\" \/>\n<meta name=\"twitter:label1\" content=\"Estimeret l\u00e6setid\" \/>\n\t<meta name=\"twitter:data1\" content=\"2 minutter\" \/>\n<script type=\"application\/ld+json\" class=\"yoast-schema-graph\">{\"@context\":\"https:\\\/\\\/schema.org\",\"@graph\":[{\"@type\":\"WebPage\",\"@id\":\"https:\\\/\\\/nicandmel.com\\\/da\\\/vare\\\/magnetisk-etui-cognac-magesafe-traadloes-opladning-af-iphone-13\\\/\",\"url\":\"https:\\\/\\\/nicandmel.com\\\/da\\\/vare\\\/magnetisk-etui-cognac-magesafe-traadloes-opladning-af-iphone-13\\\/\",\"name\":\"Magnetisk etui, cognac, Magesafe (tr\u00e5dl\u00f8s opladning af iPhone 13) - Nic &amp; Mel\",\"isPartOf\":{\"@id\":\"https:\\\/\\\/nicandmel.com\\\/da\\\/#website\"},\"primaryImageOfPage\":{\"@id\":\"https:\\\/\\\/nicandmel.com\\\/da\\\/vare\\\/magnetisk-etui-cognac-magesafe-traadloes-opladning-af-iphone-13\\\/#primaryimage\"},\"image\":{\"@id\":\"https:\\\/\\\/nicandmel.com\\\/da\\\/vare\\\/magnetisk-etui-cognac-magesafe-traadloes-opladning-af-iphone-13\\\/#primaryimage\"},\"thumbnailUrl\":\"https:\\\/\\\/nicandmel.com\\\/wp-content\\\/uploads\\\/2023\\\/12\\\/magcase-congac-11-max.jpg\",\"datePublished\":\"2024-01-15T20:58:11+00:00\",\"description\":\"Magnetisk iPhone X-etui, der underst\u00f8tter tr\u00e5dl\u00f8s opladning! Perfekt pasform med omgivende fleksibelt gummi og bl\u00f8dt mikrofiberfor p\u00e5 indersiden for at beskytte din telefon. Ribbet greb hele vejen rundt for at sikre et fast og sikkert greb. Den slidst\u00e6rke yderside er kl\u00e6dt i sort mikrofiber og prydet med en guldlogotype.\",\"breadcrumb\":{\"@id\":\"https:\\\/\\\/nicandmel.com\\\/da\\\/vare\\\/magnetisk-etui-cognac-magesafe-traadloes-opladning-af-iphone-13\\\/#breadcrumb\"},\"inLanguage\":\"da-DK\",\"potentialAction\":[{\"@type\":\"ReadAction\",\"target\":[\"https:\\\/\\\/nicandmel.com\\\/da\\\/vare\\\/magnetisk-etui-cognac-magesafe-traadloes-opladning-af-iphone-13\\\/\"]}]},{\"@type\":\"ImageObject\",\"inLanguage\":\"da-DK\",\"@id\":\"https:\\\/\\\/nicandmel.com\\\/da\\\/vare\\\/magnetisk-etui-cognac-magesafe-traadloes-opladning-af-iphone-13\\\/#primaryimage\",\"url\":\"https:\\\/\\\/nicandmel.com\\\/wp-content\\\/uploads\\\/2023\\\/12\\\/magcase-congac-11-max.jpg\",\"contentUrl\":\"https:\\\/\\\/nicandmel.com\\\/wp-content\\\/uploads\\\/2023\\\/12\\\/magcase-congac-11-max.jpg\",\"width\":1500,\"height\":1828},{\"@type\":\"BreadcrumbList\",\"@id\":\"https:\\\/\\\/nicandmel.com\\\/da\\\/vare\\\/magnetisk-etui-cognac-magesafe-traadloes-opladning-af-iphone-13\\\/#breadcrumb\",\"itemListElement\":[{\"@type\":\"ListItem\",\"position\":1,\"name\":\"Home\",\"item\":\"https:\\\/\\\/nicandmel.com\\\/da\\\/laedervarer-online-nic-mel\\\/\"},{\"@type\":\"ListItem\",\"position\":2,\"name\":\"Butik\",\"item\":\"https:\\\/\\\/nicandmel.com\\\/da\\\/shop\\\/\"},{\"@type\":\"ListItem\",\"position\":3,\"name\":\"Magnetisk etui, cognac, Magesafe (tr\u00e5dl\u00f8s opladning af iPhone 13)\"}]},{\"@type\":\"WebSite\",\"@id\":\"https:\\\/\\\/nicandmel.com\\\/da\\\/#website\",\"url\":\"https:\\\/\\\/nicandmel.com\\\/da\\\/\",\"name\":\"Nic & Mel\",\"description\":\"Handmade leather goods\",\"publisher\":{\"@id\":\"https:\\\/\\\/nicandmel.com\\\/da\\\/#organization\"},\"potentialAction\":[{\"@type\":\"SearchAction\",\"target\":{\"@type\":\"EntryPoint\",\"urlTemplate\":\"https:\\\/\\\/nicandmel.com\\\/da\\\/?s={search_term_string}\"},\"query-input\":{\"@type\":\"PropertyValueSpecification\",\"valueRequired\":true,\"valueName\":\"search_term_string\"}}],\"inLanguage\":\"da-DK\"},{\"@type\":\"Organization\",\"@id\":\"https:\\\/\\\/nicandmel.com\\\/da\\\/#organization\",\"name\":\"Nic & Mel\",\"url\":\"https:\\\/\\\/nicandmel.com\\\/da\\\/\",\"logo\":{\"@type\":\"ImageObject\",\"inLanguage\":\"da-DK\",\"@id\":\"https:\\\/\\\/nicandmel.com\\\/da\\\/#\\\/schema\\\/logo\\\/image\\\/\",\"url\":\"https:\\\/\\\/nicandmel.com\\\/wp-content\\\/uploads\\\/2021\\\/07\\\/nic_and_mel_logo.png\",\"contentUrl\":\"https:\\\/\\\/nicandmel.com\\\/wp-content\\\/uploads\\\/2021\\\/07\\\/nic_and_mel_logo.png\",\"width\":1237,\"height\":263,\"caption\":\"Nic & Mel\"},\"image\":{\"@id\":\"https:\\\/\\\/nicandmel.com\\\/da\\\/#\\\/schema\\\/logo\\\/image\\\/\"},\"sameAs\":[\"https:\\\/\\\/www.facebook.com\\\/nicandmel\"]}]}<\/script>\n<!-- \/ Yoast SEO plugin. -->","yoast_head_json":{"title":"Magnetisk etui, cognac, Magesafe (tr\u00e5dl\u00f8s opladning af iPhone 13) - Nic &amp; Mel","description":"Magnetisk iPhone X-etui, der underst\u00f8tter tr\u00e5dl\u00f8s opladning! Perfekt pasform med omgivende fleksibelt gummi og bl\u00f8dt mikrofiberfor p\u00e5 indersiden for at beskytte din telefon. Ribbet greb hele vejen rundt for at sikre et fast og sikkert greb. Den slidst\u00e6rke yderside er kl\u00e6dt i sort mikrofiber og prydet med en guldlogotype.","robots":{"index":"index","follow":"follow","max-snippet":"max-snippet:-1","max-image-preview":"max-image-preview:large","max-video-preview":"max-video-preview:-1"},"canonical":"https:\/\/nicandmel.com\/da\/vare\/magnetisk-etui-cognac-magesafe-traadloes-opladning-af-iphone-13\/","og_locale":"da_DK","og_type":"article","og_title":"Magnetisk etui, cognac, Magesafe (tr\u00e5dl\u00f8s opladning af iPhone 13) - Nic &amp; Mel","og_description":"Magnetisk iPhone X-etui, der underst\u00f8tter tr\u00e5dl\u00f8s opladning! Perfekt pasform med omgivende fleksibelt gummi og bl\u00f8dt mikrofiberfor p\u00e5 indersiden for at beskytte din telefon. Ribbet greb hele vejen rundt for at sikre et fast og sikkert greb. Den slidst\u00e6rke yderside er kl\u00e6dt i sort mikrofiber og prydet med en guldlogotype.","og_url":"https:\/\/nicandmel.com\/da\/vare\/magnetisk-etui-cognac-magesafe-traadloes-opladning-af-iphone-13\/","og_site_name":"Nic &amp; Mel","article_publisher":"https:\/\/www.facebook.com\/nicandmel","og_image":[{"width":1500,"height":1828,"url":"https:\/\/nicandmel.com\/wp-content\/uploads\/2023\/12\/magcase-congac-11-max.jpg","type":"image\/jpeg"}],"twitter_card":"summary_large_image","twitter_misc":{"Estimeret l\u00e6setid":"2 minutter"},"schema":{"@context":"https:\/\/schema.org","@graph":[{"@type":"WebPage","@id":"https:\/\/nicandmel.com\/da\/vare\/magnetisk-etui-cognac-magesafe-traadloes-opladning-af-iphone-13\/","url":"https:\/\/nicandmel.com\/da\/vare\/magnetisk-etui-cognac-magesafe-traadloes-opladning-af-iphone-13\/","name":"Magnetisk etui, cognac, Magesafe (tr\u00e5dl\u00f8s opladning af iPhone 13) - Nic &amp; Mel","isPartOf":{"@id":"https:\/\/nicandmel.com\/da\/#website"},"primaryImageOfPage":{"@id":"https:\/\/nicandmel.com\/da\/vare\/magnetisk-etui-cognac-magesafe-traadloes-opladning-af-iphone-13\/#primaryimage"},"image":{"@id":"https:\/\/nicandmel.com\/da\/vare\/magnetisk-etui-cognac-magesafe-traadloes-opladning-af-iphone-13\/#primaryimage"},"thumbnailUrl":"https:\/\/nicandmel.com\/wp-content\/uploads\/2023\/12\/magcase-congac-11-max.jpg","datePublished":"2024-01-15T20:58:11+00:00","description":"Magnetisk iPhone X-etui, der underst\u00f8tter tr\u00e5dl\u00f8s opladning! Perfekt pasform med omgivende fleksibelt gummi og bl\u00f8dt mikrofiberfor p\u00e5 indersiden for at beskytte din telefon. Ribbet greb hele vejen rundt for at sikre et fast og sikkert greb. Den slidst\u00e6rke yderside er kl\u00e6dt i sort mikrofiber og prydet med en guldlogotype.","breadcrumb":{"@id":"https:\/\/nicandmel.com\/da\/vare\/magnetisk-etui-cognac-magesafe-traadloes-opladning-af-iphone-13\/#breadcrumb"},"inLanguage":"da-DK","potentialAction":[{"@type":"ReadAction","target":["https:\/\/nicandmel.com\/da\/vare\/magnetisk-etui-cognac-magesafe-traadloes-opladning-af-iphone-13\/"]}]},{"@type":"ImageObject","inLanguage":"da-DK","@id":"https:\/\/nicandmel.com\/da\/vare\/magnetisk-etui-cognac-magesafe-traadloes-opladning-af-iphone-13\/#primaryimage","url":"https:\/\/nicandmel.com\/wp-content\/uploads\/2023\/12\/magcase-congac-11-max.jpg","contentUrl":"https:\/\/nicandmel.com\/wp-content\/uploads\/2023\/12\/magcase-congac-11-max.jpg","width":1500,"height":1828},{"@type":"BreadcrumbList","@id":"https:\/\/nicandmel.com\/da\/vare\/magnetisk-etui-cognac-magesafe-traadloes-opladning-af-iphone-13\/#breadcrumb","itemListElement":[{"@type":"ListItem","position":1,"name":"Home","item":"https:\/\/nicandmel.com\/da\/laedervarer-online-nic-mel\/"},{"@type":"ListItem","position":2,"name":"Butik","item":"https:\/\/nicandmel.com\/da\/shop\/"},{"@type":"ListItem","position":3,"name":"Magnetisk etui, cognac, Magesafe (tr\u00e5dl\u00f8s opladning af iPhone 13)"}]},{"@type":"WebSite","@id":"https:\/\/nicandmel.com\/da\/#website","url":"https:\/\/nicandmel.com\/da\/","name":"Nic & Mel","description":"Handmade leather goods","publisher":{"@id":"https:\/\/nicandmel.com\/da\/#organization"},"potentialAction":[{"@type":"SearchAction","target":{"@type":"EntryPoint","urlTemplate":"https:\/\/nicandmel.com\/da\/?s={search_term_string}"},"query-input":{"@type":"PropertyValueSpecification","valueRequired":true,"valueName":"search_term_string"}}],"inLanguage":"da-DK"},{"@type":"Organization","@id":"https:\/\/nicandmel.com\/da\/#organization","name":"Nic & Mel","url":"https:\/\/nicandmel.com\/da\/","logo":{"@type":"ImageObject","inLanguage":"da-DK","@id":"https:\/\/nicandmel.com\/da\/#\/schema\/logo\/image\/","url":"https:\/\/nicandmel.com\/wp-content\/uploads\/2021\/07\/nic_and_mel_logo.png","contentUrl":"https:\/\/nicandmel.com\/wp-content\/uploads\/2021\/07\/nic_and_mel_logo.png","width":1237,"height":263,"caption":"Nic & Mel"},"image":{"@id":"https:\/\/nicandmel.com\/da\/#\/schema\/logo\/image\/"},"sameAs":["https:\/\/www.facebook.com\/nicandmel"]}]}},"_links":{"self":[{"href":"https:\/\/nicandmel.com\/da\/wp-json\/wp\/v2\/product\/19310","targetHints":{"allow":["GET"]}}],"collection":[{"href":"https:\/\/nicandmel.com\/da\/wp-json\/wp\/v2\/product"}],"about":[{"href":"https:\/\/nicandmel.com\/da\/wp-json\/wp\/v2\/types\/product"}],"wp:featuredmedia":[{"embeddable":true,"href":"https:\/\/nicandmel.com\/da\/wp-json\/wp\/v2\/media\/18109"}],"wp:attachment":[{"href":"https:\/\/nicandmel.com\/da\/wp-json\/wp\/v2\/media?parent=19310"}],"wp:term":[{"taxonomy":"product_brand","embeddable":true,"href":"https:\/\/nicandmel.com\/da\/wp-json\/wp\/v2\/product_brand?post=19310"},{"taxonomy":"product_cat","embeddable":true,"href":"https:\/\/nicandmel.com\/da\/wp-json\/wp\/v2\/product_cat?post=19310"},{"taxonomy":"product_tag","embeddable":true,"href":"https:\/\/nicandmel.com\/da\/wp-json\/wp\/v2\/product_tag?post=19310"}],"curies":[{"name":"wp","href":"https:\/\/api.w.org\/{rel}","templated":true}]}}