{"id":19314,"date":"2024-01-15T22:13:02","date_gmt":"2024-01-15T21:13:02","guid":{"rendered":"https:\/\/nicandmel.com\/product\/magnetisk-etui-cognac-magesafe-traadloes-opladning-af-iphone-x-xs\/"},"modified":"2024-01-15T22:13:02","modified_gmt":"2024-01-15T21:13:02","slug":"magnetisk-etui-cognac-magesafe-traadloes-opladning-af-iphone-x-xs","status":"publish","type":"product","link":"https:\/\/nicandmel.com\/da\/vare\/magnetisk-etui-cognac-magesafe-traadloes-opladning-af-iphone-x-xs\/","title":{"rendered":"Magnetisk etui, cognac, Magesafe (tr\u00e5dl\u00f8s opladning af iPhone X\/XS)"},"content":{"rendered":"<p>L\u00f8ft din stil og funktionalitet med Jim Leather Case &#8211; et ideelt valg til den urbane cowboy p\u00e5 farten. Dette etui er h\u00e5ndlavet af det fineste italienske \u00f8kologisk garvede l\u00e6der, bygget til at holde og designet til at v\u00e6re din konstante f\u00f8lgesvend. Se her, hvorfor Jim Leather Case er et must-have:  <\/p>\n<ul>\n<li><strong>F\u00f8rsteklasses h\u00e5ndv\u00e6rk:<\/strong> H\u00e5ndlavet af det bedste italienske \u00f8kologisk garvede l\u00e6der, hvilket sikrer et autentisk kvalitetsprodukt, der t\u00e5ler tidens tand.<\/li>\n<li><strong>Alsidig opbevaring af kort:<\/strong> Der er oprindeligt plads til 2 kreditkort, men etuiet udvikler sig med tiden, s\u00e5 du kan opbevare 3-4 kort i \u00e6rmerne p\u00e5 bagsiden og dermed tilpasse det til dine behov.<\/li>\n<li><strong>S\u00f8ml\u00f8st, moderne design:<\/strong> Nyd et slankt og moderne udseende med et s\u00f8ml\u00f8st design og omhyggeligt indpakkede kanter, der tilf\u00f8jer et strejf af raffinement til din hverdag.<\/li>\n<li><strong>En f\u00f8lgesvend overalt:<\/strong> Jim Leather Case er designet til den urbane livsstil og er den perfekte f\u00f8lgesvend, uanset hvor du g\u00e5r, og kombinerer stil og holdbarhed til dine behov p\u00e5 farten.<\/li>\n<li><strong>Et popul\u00e6rt valg:<\/strong> Med sin rene \u00e6stetik og praktiske funktioner er det ingen overraskelse, at Jim Leather Case er blevet et af vores mest efterspurgte produkter.<\/li>\n<\/ul>\n<p>Oplev den perfekte blanding af stil, holdbarhed og funktionalitet &#8211; g\u00f8r Jim Leather Case til dit valg for et p\u00e5lideligt og stilfuldt hverdagstilbeh\u00f8r.<\/p>\n","protected":false},"excerpt":{"rendered":"<ul>\n<li><strong>F\u00f8rsteklasses h\u00e5ndv\u00e6rk:<\/strong><\/li>\n<li><strong>Alsidig kortopbevaring:<\/strong><\/li>\n<li><strong>F\u00f8lgesvend overalt:<\/strong><\/li>\n<li><strong>S\u00f8ml\u00f8st, moderne design:<\/strong><\/li>\n<li><strong>Popul\u00e6rt valg:<\/strong><\/li>\n<\/ul>\n","protected":false},"featured_media":18109,"template":"","meta":{"_acf_changed":false},"product_brand":[],"product_cat":[1815],"product_tag":[2003],"class_list":{"0":"post-19314","1":"product","2":"type-product","3":"status-publish","4":"has-post-thumbnail","6":"product_cat-mobiltilbehor","7":"product_tag-iphone-x-xs-da","8":"pa_model-iphone-x-xs-da","10":"first","11":"instock","12":"taxable","13":"shipping-taxable","14":"purchasable","15":"product-type-simple"},"acf":[],"yoast_head":"<!-- This site is optimized with the Yoast SEO plugin v27.3 - https:\/\/yoast.com\/product\/yoast-seo-wordpress\/ -->\n<title>Magnetisk etui, cognac, Magesafe (tr\u00e5dl\u00f8s opladning af iPhone X\/XS) - Nic &amp; Mel<\/title>\n<meta name=\"description\" content=\"Magnetisk iPhone X-etui, der underst\u00f8tter tr\u00e5dl\u00f8s opladning! Perfekt pasform med omgivende fleksibelt gummi og bl\u00f8dt mikrofiberfor p\u00e5 indersiden for at beskytte din telefon. Ribbet greb hele vejen rundt for at sikre et fast og sikkert greb. Den slidst\u00e6rke yderside er kl\u00e6dt i sort mikrofiber og prydet med en guldlogotype.\" \/>\n<meta name=\"robots\" content=\"index, follow, max-snippet:-1, max-image-preview:large, max-video-preview:-1\" \/>\n<link rel=\"canonical\" href=\"https:\/\/nicandmel.com\/da\/vare\/magnetisk-etui-cognac-magesafe-traadloes-opladning-af-iphone-x-xs\/\" \/>\n<meta property=\"og:locale\" content=\"da_DK\" \/>\n<meta property=\"og:type\" content=\"article\" \/>\n<meta property=\"og:title\" content=\"Magnetisk etui, cognac, Magesafe (tr\u00e5dl\u00f8s opladning af iPhone X\/XS) - Nic &amp; Mel\" \/>\n<meta property=\"og:description\" content=\"Magnetisk iPhone X-etui, der underst\u00f8tter tr\u00e5dl\u00f8s opladning! Perfekt pasform med omgivende fleksibelt gummi og bl\u00f8dt mikrofiberfor p\u00e5 indersiden for at beskytte din telefon. Ribbet greb hele vejen rundt for at sikre et fast og sikkert greb. Den slidst\u00e6rke yderside er kl\u00e6dt i sort mikrofiber og prydet med en guldlogotype.\" \/>\n<meta property=\"og:url\" content=\"https:\/\/nicandmel.com\/da\/vare\/magnetisk-etui-cognac-magesafe-traadloes-opladning-af-iphone-x-xs\/\" \/>\n<meta property=\"og:site_name\" content=\"Nic &amp; Mel\" \/>\n<meta property=\"article:publisher\" content=\"https:\/\/www.facebook.com\/nicandmel\" \/>\n<meta property=\"og:image\" content=\"https:\/\/nicandmel.com\/wp-content\/uploads\/2023\/12\/magcase-congac-11-max.jpg\" \/>\n\t<meta property=\"og:image:width\" content=\"1500\" \/>\n\t<meta property=\"og:image:height\" content=\"1828\" \/>\n\t<meta property=\"og:image:type\" content=\"image\/jpeg\" \/>\n<meta name=\"twitter:card\" content=\"summary_large_image\" \/>\n<meta name=\"twitter:label1\" content=\"Estimeret l\u00e6setid\" \/>\n\t<meta name=\"twitter:data1\" content=\"1 minut\" \/>\n<script type=\"application\/ld+json\" class=\"yoast-schema-graph\">{\"@context\":\"https:\\\/\\\/schema.org\",\"@graph\":[{\"@type\":\"WebPage\",\"@id\":\"https:\\\/\\\/nicandmel.com\\\/da\\\/vare\\\/magnetisk-etui-cognac-magesafe-traadloes-opladning-af-iphone-x-xs\\\/\",\"url\":\"https:\\\/\\\/nicandmel.com\\\/da\\\/vare\\\/magnetisk-etui-cognac-magesafe-traadloes-opladning-af-iphone-x-xs\\\/\",\"name\":\"Magnetisk etui, cognac, Magesafe (tr\u00e5dl\u00f8s opladning af iPhone X\\\/XS) - Nic &amp; Mel\",\"isPartOf\":{\"@id\":\"https:\\\/\\\/nicandmel.com\\\/da\\\/#website\"},\"primaryImageOfPage\":{\"@id\":\"https:\\\/\\\/nicandmel.com\\\/da\\\/vare\\\/magnetisk-etui-cognac-magesafe-traadloes-opladning-af-iphone-x-xs\\\/#primaryimage\"},\"image\":{\"@id\":\"https:\\\/\\\/nicandmel.com\\\/da\\\/vare\\\/magnetisk-etui-cognac-magesafe-traadloes-opladning-af-iphone-x-xs\\\/#primaryimage\"},\"thumbnailUrl\":\"https:\\\/\\\/nicandmel.com\\\/wp-content\\\/uploads\\\/2023\\\/12\\\/magcase-congac-11-max.jpg\",\"datePublished\":\"2024-01-15T21:13:02+00:00\",\"description\":\"Magnetisk iPhone X-etui, der underst\u00f8tter tr\u00e5dl\u00f8s opladning! Perfekt pasform med omgivende fleksibelt gummi og bl\u00f8dt mikrofiberfor p\u00e5 indersiden for at beskytte din telefon. Ribbet greb hele vejen rundt for at sikre et fast og sikkert greb. Den slidst\u00e6rke yderside er kl\u00e6dt i sort mikrofiber og prydet med en guldlogotype.\",\"breadcrumb\":{\"@id\":\"https:\\\/\\\/nicandmel.com\\\/da\\\/vare\\\/magnetisk-etui-cognac-magesafe-traadloes-opladning-af-iphone-x-xs\\\/#breadcrumb\"},\"inLanguage\":\"da-DK\",\"potentialAction\":[{\"@type\":\"ReadAction\",\"target\":[\"https:\\\/\\\/nicandmel.com\\\/da\\\/vare\\\/magnetisk-etui-cognac-magesafe-traadloes-opladning-af-iphone-x-xs\\\/\"]}]},{\"@type\":\"ImageObject\",\"inLanguage\":\"da-DK\",\"@id\":\"https:\\\/\\\/nicandmel.com\\\/da\\\/vare\\\/magnetisk-etui-cognac-magesafe-traadloes-opladning-af-iphone-x-xs\\\/#primaryimage\",\"url\":\"https:\\\/\\\/nicandmel.com\\\/wp-content\\\/uploads\\\/2023\\\/12\\\/magcase-congac-11-max.jpg\",\"contentUrl\":\"https:\\\/\\\/nicandmel.com\\\/wp-content\\\/uploads\\\/2023\\\/12\\\/magcase-congac-11-max.jpg\",\"width\":1500,\"height\":1828},{\"@type\":\"BreadcrumbList\",\"@id\":\"https:\\\/\\\/nicandmel.com\\\/da\\\/vare\\\/magnetisk-etui-cognac-magesafe-traadloes-opladning-af-iphone-x-xs\\\/#breadcrumb\",\"itemListElement\":[{\"@type\":\"ListItem\",\"position\":1,\"name\":\"Home\",\"item\":\"https:\\\/\\\/nicandmel.com\\\/da\\\/laedervarer-online-nic-mel\\\/\"},{\"@type\":\"ListItem\",\"position\":2,\"name\":\"Butik\",\"item\":\"https:\\\/\\\/nicandmel.com\\\/da\\\/shop\\\/\"},{\"@type\":\"ListItem\",\"position\":3,\"name\":\"Magnetisk etui, cognac, Magesafe (tr\u00e5dl\u00f8s opladning af iPhone X\\\/XS)\"}]},{\"@type\":\"WebSite\",\"@id\":\"https:\\\/\\\/nicandmel.com\\\/da\\\/#website\",\"url\":\"https:\\\/\\\/nicandmel.com\\\/da\\\/\",\"name\":\"Nic & Mel\",\"description\":\"Handmade leather goods\",\"publisher\":{\"@id\":\"https:\\\/\\\/nicandmel.com\\\/da\\\/#organization\"},\"potentialAction\":[{\"@type\":\"SearchAction\",\"target\":{\"@type\":\"EntryPoint\",\"urlTemplate\":\"https:\\\/\\\/nicandmel.com\\\/da\\\/?s={search_term_string}\"},\"query-input\":{\"@type\":\"PropertyValueSpecification\",\"valueRequired\":true,\"valueName\":\"search_term_string\"}}],\"inLanguage\":\"da-DK\"},{\"@type\":\"Organization\",\"@id\":\"https:\\\/\\\/nicandmel.com\\\/da\\\/#organization\",\"name\":\"Nic & Mel\",\"url\":\"https:\\\/\\\/nicandmel.com\\\/da\\\/\",\"logo\":{\"@type\":\"ImageObject\",\"inLanguage\":\"da-DK\",\"@id\":\"https:\\\/\\\/nicandmel.com\\\/da\\\/#\\\/schema\\\/logo\\\/image\\\/\",\"url\":\"https:\\\/\\\/nicandmel.com\\\/wp-content\\\/uploads\\\/2021\\\/07\\\/nic_and_mel_logo.png\",\"contentUrl\":\"https:\\\/\\\/nicandmel.com\\\/wp-content\\\/uploads\\\/2021\\\/07\\\/nic_and_mel_logo.png\",\"width\":1237,\"height\":263,\"caption\":\"Nic & Mel\"},\"image\":{\"@id\":\"https:\\\/\\\/nicandmel.com\\\/da\\\/#\\\/schema\\\/logo\\\/image\\\/\"},\"sameAs\":[\"https:\\\/\\\/www.facebook.com\\\/nicandmel\"]}]}<\/script>\n<!-- \/ Yoast SEO plugin. -->","yoast_head_json":{"title":"Magnetisk etui, cognac, Magesafe (tr\u00e5dl\u00f8s opladning af iPhone X\/XS) - Nic &amp; Mel","description":"Magnetisk iPhone X-etui, der underst\u00f8tter tr\u00e5dl\u00f8s opladning! Perfekt pasform med omgivende fleksibelt gummi og bl\u00f8dt mikrofiberfor p\u00e5 indersiden for at beskytte din telefon. Ribbet greb hele vejen rundt for at sikre et fast og sikkert greb. Den slidst\u00e6rke yderside er kl\u00e6dt i sort mikrofiber og prydet med en guldlogotype.","robots":{"index":"index","follow":"follow","max-snippet":"max-snippet:-1","max-image-preview":"max-image-preview:large","max-video-preview":"max-video-preview:-1"},"canonical":"https:\/\/nicandmel.com\/da\/vare\/magnetisk-etui-cognac-magesafe-traadloes-opladning-af-iphone-x-xs\/","og_locale":"da_DK","og_type":"article","og_title":"Magnetisk etui, cognac, Magesafe (tr\u00e5dl\u00f8s opladning af iPhone X\/XS) - Nic &amp; Mel","og_description":"Magnetisk iPhone X-etui, der underst\u00f8tter tr\u00e5dl\u00f8s opladning! Perfekt pasform med omgivende fleksibelt gummi og bl\u00f8dt mikrofiberfor p\u00e5 indersiden for at beskytte din telefon. Ribbet greb hele vejen rundt for at sikre et fast og sikkert greb. Den slidst\u00e6rke yderside er kl\u00e6dt i sort mikrofiber og prydet med en guldlogotype.","og_url":"https:\/\/nicandmel.com\/da\/vare\/magnetisk-etui-cognac-magesafe-traadloes-opladning-af-iphone-x-xs\/","og_site_name":"Nic &amp; Mel","article_publisher":"https:\/\/www.facebook.com\/nicandmel","og_image":[{"width":1500,"height":1828,"url":"https:\/\/nicandmel.com\/wp-content\/uploads\/2023\/12\/magcase-congac-11-max.jpg","type":"image\/jpeg"}],"twitter_card":"summary_large_image","twitter_misc":{"Estimeret l\u00e6setid":"1 minut"},"schema":{"@context":"https:\/\/schema.org","@graph":[{"@type":"WebPage","@id":"https:\/\/nicandmel.com\/da\/vare\/magnetisk-etui-cognac-magesafe-traadloes-opladning-af-iphone-x-xs\/","url":"https:\/\/nicandmel.com\/da\/vare\/magnetisk-etui-cognac-magesafe-traadloes-opladning-af-iphone-x-xs\/","name":"Magnetisk etui, cognac, Magesafe (tr\u00e5dl\u00f8s opladning af iPhone X\/XS) - Nic &amp; Mel","isPartOf":{"@id":"https:\/\/nicandmel.com\/da\/#website"},"primaryImageOfPage":{"@id":"https:\/\/nicandmel.com\/da\/vare\/magnetisk-etui-cognac-magesafe-traadloes-opladning-af-iphone-x-xs\/#primaryimage"},"image":{"@id":"https:\/\/nicandmel.com\/da\/vare\/magnetisk-etui-cognac-magesafe-traadloes-opladning-af-iphone-x-xs\/#primaryimage"},"thumbnailUrl":"https:\/\/nicandmel.com\/wp-content\/uploads\/2023\/12\/magcase-congac-11-max.jpg","datePublished":"2024-01-15T21:13:02+00:00","description":"Magnetisk iPhone X-etui, der underst\u00f8tter tr\u00e5dl\u00f8s opladning! Perfekt pasform med omgivende fleksibelt gummi og bl\u00f8dt mikrofiberfor p\u00e5 indersiden for at beskytte din telefon. Ribbet greb hele vejen rundt for at sikre et fast og sikkert greb. Den slidst\u00e6rke yderside er kl\u00e6dt i sort mikrofiber og prydet med en guldlogotype.","breadcrumb":{"@id":"https:\/\/nicandmel.com\/da\/vare\/magnetisk-etui-cognac-magesafe-traadloes-opladning-af-iphone-x-xs\/#breadcrumb"},"inLanguage":"da-DK","potentialAction":[{"@type":"ReadAction","target":["https:\/\/nicandmel.com\/da\/vare\/magnetisk-etui-cognac-magesafe-traadloes-opladning-af-iphone-x-xs\/"]}]},{"@type":"ImageObject","inLanguage":"da-DK","@id":"https:\/\/nicandmel.com\/da\/vare\/magnetisk-etui-cognac-magesafe-traadloes-opladning-af-iphone-x-xs\/#primaryimage","url":"https:\/\/nicandmel.com\/wp-content\/uploads\/2023\/12\/magcase-congac-11-max.jpg","contentUrl":"https:\/\/nicandmel.com\/wp-content\/uploads\/2023\/12\/magcase-congac-11-max.jpg","width":1500,"height":1828},{"@type":"BreadcrumbList","@id":"https:\/\/nicandmel.com\/da\/vare\/magnetisk-etui-cognac-magesafe-traadloes-opladning-af-iphone-x-xs\/#breadcrumb","itemListElement":[{"@type":"ListItem","position":1,"name":"Home","item":"https:\/\/nicandmel.com\/da\/laedervarer-online-nic-mel\/"},{"@type":"ListItem","position":2,"name":"Butik","item":"https:\/\/nicandmel.com\/da\/shop\/"},{"@type":"ListItem","position":3,"name":"Magnetisk etui, cognac, Magesafe (tr\u00e5dl\u00f8s opladning af iPhone X\/XS)"}]},{"@type":"WebSite","@id":"https:\/\/nicandmel.com\/da\/#website","url":"https:\/\/nicandmel.com\/da\/","name":"Nic & Mel","description":"Handmade leather goods","publisher":{"@id":"https:\/\/nicandmel.com\/da\/#organization"},"potentialAction":[{"@type":"SearchAction","target":{"@type":"EntryPoint","urlTemplate":"https:\/\/nicandmel.com\/da\/?s={search_term_string}"},"query-input":{"@type":"PropertyValueSpecification","valueRequired":true,"valueName":"search_term_string"}}],"inLanguage":"da-DK"},{"@type":"Organization","@id":"https:\/\/nicandmel.com\/da\/#organization","name":"Nic & Mel","url":"https:\/\/nicandmel.com\/da\/","logo":{"@type":"ImageObject","inLanguage":"da-DK","@id":"https:\/\/nicandmel.com\/da\/#\/schema\/logo\/image\/","url":"https:\/\/nicandmel.com\/wp-content\/uploads\/2021\/07\/nic_and_mel_logo.png","contentUrl":"https:\/\/nicandmel.com\/wp-content\/uploads\/2021\/07\/nic_and_mel_logo.png","width":1237,"height":263,"caption":"Nic & Mel"},"image":{"@id":"https:\/\/nicandmel.com\/da\/#\/schema\/logo\/image\/"},"sameAs":["https:\/\/www.facebook.com\/nicandmel"]}]}},"_links":{"self":[{"href":"https:\/\/nicandmel.com\/da\/wp-json\/wp\/v2\/product\/19314","targetHints":{"allow":["GET"]}}],"collection":[{"href":"https:\/\/nicandmel.com\/da\/wp-json\/wp\/v2\/product"}],"about":[{"href":"https:\/\/nicandmel.com\/da\/wp-json\/wp\/v2\/types\/product"}],"wp:featuredmedia":[{"embeddable":true,"href":"https:\/\/nicandmel.com\/da\/wp-json\/wp\/v2\/media\/18109"}],"wp:attachment":[{"href":"https:\/\/nicandmel.com\/da\/wp-json\/wp\/v2\/media?parent=19314"}],"wp:term":[{"taxonomy":"product_brand","embeddable":true,"href":"https:\/\/nicandmel.com\/da\/wp-json\/wp\/v2\/product_brand?post=19314"},{"taxonomy":"product_cat","embeddable":true,"href":"https:\/\/nicandmel.com\/da\/wp-json\/wp\/v2\/product_cat?post=19314"},{"taxonomy":"product_tag","embeddable":true,"href":"https:\/\/nicandmel.com\/da\/wp-json\/wp\/v2\/product_tag?post=19314"}],"curies":[{"name":"wp","href":"https:\/\/api.w.org\/{rel}","templated":true}]}}