{"id":19323,"date":"2023-08-21T12:13:33","date_gmt":"2023-08-21T10:13:33","guid":{"rendered":"https:\/\/nicandmel.com\/product\/greg-iphone-pung-cognac\/"},"modified":"2026-01-09T05:55:21","modified_gmt":"2026-01-09T04:55:21","slug":"greg-iphone-pung-cognac","status":"publish","type":"product","link":"https:\/\/nicandmel.com\/da\/vare\/greg-iphone-pung-cognac\/","title":{"rendered":"Greg iPhone pung, cognac"},"content":{"rendered":"<p><strong>GREG Phone Wallet &#8211; hvor stil m\u00f8der funktionalitet!<\/strong><\/p>\n<p>\u2728 <strong>Uds\u00f8gt h\u00e5ndv\u00e6rk:<\/strong><\/p>\n<ul>\n<li>Tidl\u00f8st, klassisk design, der udstr\u00e5ler raffinement.<\/li>\n<li>Omhyggeligt h\u00e5ndlavet med l\u00e6der af den fineste kvalitet.<\/li>\n<li>Udstr\u00e5ler en aura af luksus, der adskiller den fra resten.<\/li>\n<\/ul>\n<p><strong>Bekvemmelighed m\u00f8der kapacitet:<\/strong><\/p>\n<ul>\n<li>Tre kreditkortholdere med plads til 4-8 kort.<\/li>\n<li>S\u00f8rg for, at dine vigtigste ting er sikret uden at fylde for meget som i en traditionel pung.<\/li>\n<\/ul>\n<p><strong>Magnetisk iPhone-holder:<\/strong><\/p>\n<ul>\n<li>Innovativ magnetisk lukning for sikker placering af enheden.<\/li>\n<li>Let aftagelig &#8211; brug din telefon med eller uden l\u00e6dercoveret.<\/li>\n<\/ul>\n<p><strong>Kompatibilitet med tr\u00e5dl\u00f8s opladning:<\/strong><\/p>\n<ul>\n<li>Problemfri kompatibilitet med tr\u00e5dl\u00f8s opladningsteknologi.<\/li>\n<li>Du beh\u00f8ver ikke at tage din telefon ud af etuiet &#8211; oplad uden besv\u00e6r!<\/li>\n<\/ul>\n<p><strong>Alsidig og tidl\u00f8s:<\/strong><\/p>\n<ul>\n<li>Mere end en telefonpung; et statement piece til enhver lejlighed.<\/li>\n<li>Tilf\u00f8rer elegance til formelle begivenheder og et strejf af klasse til afslappede udflugter.<\/li>\n<\/ul>\n<p><strong>Slut dig til trends\u00e6tterne:<\/strong><\/p>\n<ul>\n<li>Utallige tilfredse kunder har gjort Andrew til deres foretrukne telefonpung.<\/li>\n<li>Positiv feedback str\u00f8mmer ind &#8211; oplev sammensmeltningen af mode og funktionalitet.<\/li>\n<\/ul>\n<p><strong>F\u00e5 din Andrew Phone Wallet i dag:<\/strong><\/p>\n<ul>\n<li>G\u00e5 ikke glip af den hotteste telefonpung i byen.<\/li>\n<li>G\u00e5 ind i vores butik og f\u00e5 fat i din Andrew nu.<\/li>\n<li>L\u00f8ft din stil, forenkl dit liv &#8211; omfavn bekvemmeligheden ved en \u00e6gte klassiker!<\/li>\n<\/ul>\n","protected":false},"excerpt":{"rendered":"<p><strong>Materiale:<\/strong> Fuldnarvet, vegetabilsk garvet l\u00e6der. Denne type l\u00e6der er kendt for sin holdbarhed, kvalitet og for at \u00e6ldes med ynde over tid. <strong>Aftageligt magnetisk bagcover:<\/strong> Medf\u00f8lger til fastg\u00f8relse af iPhone p\u00e5 minitasken. Den bl\u00f8de, omsluttende plast sikrer et sikkert, men sk\u00e5nsomt greb om telefonen. <strong>Tilpasset til tr\u00e5dl\u00f8s opladning: <\/strong>Designet giver mulighed for tr\u00e5dl\u00f8s opladning uden at skulle tage telefonen ud af tasken, hvilket \u00f8ger bekvemmeligheden. <strong>Design:<\/strong> Pungens inderside virker velorganiseret med en stor \u00e5ben lomme og fire kortlommer p\u00e5 venstre side. Dette layout hj\u00e6lper med at holde vigtige ting som kort, kontanter eller sedler let tilg\u00e6ngelige og organiserede. <strong>Lukning:<\/strong> Sikret med en robust messinglynl\u00e5s, der sikrer indholdet indeni og samtidig tilf\u00f8jer et strejf af elegance til designet.<\/p>\n","protected":false},"featured_media":17914,"template":"","meta":{"_acf_changed":false},"product_brand":[],"product_cat":[1815],"product_tag":[],"class_list":{"0":"post-19323","1":"product","2":"type-product","3":"status-publish","4":"has-post-thumbnail","6":"product_cat-mobiltilbehor","7":"pa_model-iphone-11-da","8":"pa_model-iphone-11-pro-da","9":"pa_model-iphone-11-pro-max-da","10":"pa_model-iphone-12-da","11":"pa_model-iphone-12-mini-da","12":"pa_model-iphone-12-pro-da","13":"pa_model-iphone-12-pro-max-da","14":"pa_model-iphone-13-da","15":"pa_model-iphone-13-mini-da","16":"pa_model-iphone-13-pro-da","17":"pa_model-iphone-13-pro-max-da","18":"pa_model-iphone-14-da","19":"pa_model-iphone-14-plus-da","20":"pa_model-iphone-14-pro-da","21":"pa_model-iphone-14-pro-max-da","22":"pa_model-iphone-15-da","23":"pa_model-iphone-15-pro-da","24":"pa_model-iphone-15-pro-max-da","25":"pa_model-iphone-16","26":"pa_model-iphone-16-plus","27":"pa_model-iphone-16-pro","28":"pa_model-iphone-16-pro-max","29":"pa_model-iphone-17","30":"pa_model-iphone-17-air","31":"pa_model-iphone-17-pro","32":"pa_model-iphone-17-pro-max","33":"pa_model-iphone-5-5s-se-da","34":"pa_model-iphone-6-6s-da","35":"pa_model-iphone-6-6s-plus-da","36":"pa_model-iphone-7-da","37":"pa_model-iphone-7-plus-da","38":"pa_model-iphone-8-da","39":"pa_model-iphone-8-plus-da","40":"pa_model-iphone-x-da","41":"pa_model-iphone-x-xs-da","42":"pa_model-iphone-xr-da","43":"pa_model-iphone-xs-da","44":"pa_model-iphone-xs-max-da","45":"pa_model-se-2020-da","46":"pa_model-se-32022-da","48":"first","49":"instock","50":"taxable","51":"shipping-taxable","52":"purchasable","53":"product-type-variable"},"acf":[],"yoast_head":"<!-- This site is optimized with the Yoast SEO plugin v27.3 - https:\/\/yoast.com\/product\/yoast-seo-wordpress\/ -->\n<title>Greg iPhone pung, cognac - Nic &amp; Mel<\/title>\n<meta name=\"robots\" content=\"index, follow, max-snippet:-1, max-image-preview:large, max-video-preview:-1\" \/>\n<link rel=\"canonical\" href=\"https:\/\/nicandmel.com\/da\/vare\/greg-iphone-pung-cognac\/\" \/>\n<meta property=\"og:locale\" content=\"da_DK\" \/>\n<meta property=\"og:type\" content=\"article\" \/>\n<meta property=\"og:title\" content=\"Greg iPhone pung, cognac - Nic &amp; Mel\" \/>\n<meta property=\"og:description\" content=\"Materiale: Fuldnarvet, vegetabilsk garvet l\u00e6der. Denne type l\u00e6der er kendt for sin holdbarhed, kvalitet og for at \u00e6ldes med ynde over tid. Aftageligt magnetisk bagcover: Medf\u00f8lger til fastg\u00f8relse af iPhone p\u00e5 minitasken. Den bl\u00f8de, omsluttende plast sikrer et sikkert, men sk\u00e5nsomt greb om telefonen. Tilpasset til tr\u00e5dl\u00f8s opladning: Designet giver mulighed for tr\u00e5dl\u00f8s opladning uden at skulle tage telefonen ud af tasken, hvilket \u00f8ger bekvemmeligheden. Design: Pungens inderside virker velorganiseret med en stor \u00e5ben lomme og fire kortlommer p\u00e5 venstre side. Dette layout hj\u00e6lper med at holde vigtige ting som kort, kontanter eller sedler let tilg\u00e6ngelige og organiserede. Lukning: Sikret med en robust messinglynl\u00e5s, der sikrer indholdet indeni og samtidig tilf\u00f8jer et strejf af elegance til designet.\" \/>\n<meta property=\"og:url\" content=\"https:\/\/nicandmel.com\/da\/vare\/greg-iphone-pung-cognac\/\" \/>\n<meta property=\"og:site_name\" content=\"Nic &amp; Mel\" \/>\n<meta property=\"article:publisher\" content=\"https:\/\/www.facebook.com\/nicandmel\" \/>\n<meta property=\"article:modified_time\" content=\"2026-01-09T04:55:21+00:00\" \/>\n<meta property=\"og:image\" content=\"https:\/\/nicandmel.com\/wp-content\/uploads\/2019\/10\/greg-cognac-wallet-11-max_1.jpg\" \/>\n\t<meta property=\"og:image:width\" content=\"1500\" \/>\n\t<meta property=\"og:image:height\" content=\"1829\" \/>\n\t<meta property=\"og:image:type\" content=\"image\/jpeg\" \/>\n<meta name=\"twitter:card\" content=\"summary_large_image\" \/>\n<meta name=\"twitter:label1\" content=\"Estimeret l\u00e6setid\" \/>\n\t<meta name=\"twitter:data1\" content=\"2 minutter\" \/>\n<script type=\"application\/ld+json\" class=\"yoast-schema-graph\">{\"@context\":\"https:\\\/\\\/schema.org\",\"@graph\":[{\"@type\":\"WebPage\",\"@id\":\"https:\\\/\\\/nicandmel.com\\\/da\\\/vare\\\/greg-iphone-pung-cognac\\\/\",\"url\":\"https:\\\/\\\/nicandmel.com\\\/da\\\/vare\\\/greg-iphone-pung-cognac\\\/\",\"name\":\"Greg iPhone pung, cognac - Nic &amp; Mel\",\"isPartOf\":{\"@id\":\"https:\\\/\\\/nicandmel.com\\\/da\\\/#website\"},\"primaryImageOfPage\":{\"@id\":\"https:\\\/\\\/nicandmel.com\\\/da\\\/vare\\\/greg-iphone-pung-cognac\\\/#primaryimage\"},\"image\":{\"@id\":\"https:\\\/\\\/nicandmel.com\\\/da\\\/vare\\\/greg-iphone-pung-cognac\\\/#primaryimage\"},\"thumbnailUrl\":\"https:\\\/\\\/nicandmel.com\\\/wp-content\\\/uploads\\\/2019\\\/10\\\/greg-cognac-wallet-11-max_1.jpg\",\"datePublished\":\"2023-08-21T10:13:33+00:00\",\"dateModified\":\"2026-01-09T04:55:21+00:00\",\"breadcrumb\":{\"@id\":\"https:\\\/\\\/nicandmel.com\\\/da\\\/vare\\\/greg-iphone-pung-cognac\\\/#breadcrumb\"},\"inLanguage\":\"da-DK\",\"potentialAction\":[{\"@type\":\"ReadAction\",\"target\":[\"https:\\\/\\\/nicandmel.com\\\/da\\\/vare\\\/greg-iphone-pung-cognac\\\/\"]}]},{\"@type\":\"ImageObject\",\"inLanguage\":\"da-DK\",\"@id\":\"https:\\\/\\\/nicandmel.com\\\/da\\\/vare\\\/greg-iphone-pung-cognac\\\/#primaryimage\",\"url\":\"https:\\\/\\\/nicandmel.com\\\/wp-content\\\/uploads\\\/2019\\\/10\\\/greg-cognac-wallet-11-max_1.jpg\",\"contentUrl\":\"https:\\\/\\\/nicandmel.com\\\/wp-content\\\/uploads\\\/2019\\\/10\\\/greg-cognac-wallet-11-max_1.jpg\",\"width\":1500,\"height\":1829},{\"@type\":\"BreadcrumbList\",\"@id\":\"https:\\\/\\\/nicandmel.com\\\/da\\\/vare\\\/greg-iphone-pung-cognac\\\/#breadcrumb\",\"itemListElement\":[{\"@type\":\"ListItem\",\"position\":1,\"name\":\"Home\",\"item\":\"https:\\\/\\\/nicandmel.com\\\/da\\\/laedervarer-online-nic-mel\\\/\"},{\"@type\":\"ListItem\",\"position\":2,\"name\":\"Butik\",\"item\":\"https:\\\/\\\/nicandmel.com\\\/da\\\/shop\\\/\"},{\"@type\":\"ListItem\",\"position\":3,\"name\":\"Greg iPhone pung, cognac\"}]},{\"@type\":\"WebSite\",\"@id\":\"https:\\\/\\\/nicandmel.com\\\/da\\\/#website\",\"url\":\"https:\\\/\\\/nicandmel.com\\\/da\\\/\",\"name\":\"Nic & Mel\",\"description\":\"Handmade leather goods\",\"publisher\":{\"@id\":\"https:\\\/\\\/nicandmel.com\\\/da\\\/#organization\"},\"potentialAction\":[{\"@type\":\"SearchAction\",\"target\":{\"@type\":\"EntryPoint\",\"urlTemplate\":\"https:\\\/\\\/nicandmel.com\\\/da\\\/?s={search_term_string}\"},\"query-input\":{\"@type\":\"PropertyValueSpecification\",\"valueRequired\":true,\"valueName\":\"search_term_string\"}}],\"inLanguage\":\"da-DK\"},{\"@type\":\"Organization\",\"@id\":\"https:\\\/\\\/nicandmel.com\\\/da\\\/#organization\",\"name\":\"Nic & Mel\",\"url\":\"https:\\\/\\\/nicandmel.com\\\/da\\\/\",\"logo\":{\"@type\":\"ImageObject\",\"inLanguage\":\"da-DK\",\"@id\":\"https:\\\/\\\/nicandmel.com\\\/da\\\/#\\\/schema\\\/logo\\\/image\\\/\",\"url\":\"https:\\\/\\\/nicandmel.com\\\/wp-content\\\/uploads\\\/2021\\\/07\\\/nic_and_mel_logo.png\",\"contentUrl\":\"https:\\\/\\\/nicandmel.com\\\/wp-content\\\/uploads\\\/2021\\\/07\\\/nic_and_mel_logo.png\",\"width\":1237,\"height\":263,\"caption\":\"Nic & Mel\"},\"image\":{\"@id\":\"https:\\\/\\\/nicandmel.com\\\/da\\\/#\\\/schema\\\/logo\\\/image\\\/\"},\"sameAs\":[\"https:\\\/\\\/www.facebook.com\\\/nicandmel\"]}]}<\/script>\n<!-- \/ Yoast SEO plugin. -->","yoast_head_json":{"title":"Greg iPhone pung, cognac - Nic &amp; Mel","robots":{"index":"index","follow":"follow","max-snippet":"max-snippet:-1","max-image-preview":"max-image-preview:large","max-video-preview":"max-video-preview:-1"},"canonical":"https:\/\/nicandmel.com\/da\/vare\/greg-iphone-pung-cognac\/","og_locale":"da_DK","og_type":"article","og_title":"Greg iPhone pung, cognac - Nic &amp; Mel","og_description":"Materiale: Fuldnarvet, vegetabilsk garvet l\u00e6der. Denne type l\u00e6der er kendt for sin holdbarhed, kvalitet og for at \u00e6ldes med ynde over tid. Aftageligt magnetisk bagcover: Medf\u00f8lger til fastg\u00f8relse af iPhone p\u00e5 minitasken. Den bl\u00f8de, omsluttende plast sikrer et sikkert, men sk\u00e5nsomt greb om telefonen. Tilpasset til tr\u00e5dl\u00f8s opladning: Designet giver mulighed for tr\u00e5dl\u00f8s opladning uden at skulle tage telefonen ud af tasken, hvilket \u00f8ger bekvemmeligheden. Design: Pungens inderside virker velorganiseret med en stor \u00e5ben lomme og fire kortlommer p\u00e5 venstre side. Dette layout hj\u00e6lper med at holde vigtige ting som kort, kontanter eller sedler let tilg\u00e6ngelige og organiserede. Lukning: Sikret med en robust messinglynl\u00e5s, der sikrer indholdet indeni og samtidig tilf\u00f8jer et strejf af elegance til designet.","og_url":"https:\/\/nicandmel.com\/da\/vare\/greg-iphone-pung-cognac\/","og_site_name":"Nic &amp; Mel","article_publisher":"https:\/\/www.facebook.com\/nicandmel","article_modified_time":"2026-01-09T04:55:21+00:00","og_image":[{"width":1500,"height":1829,"url":"https:\/\/nicandmel.com\/wp-content\/uploads\/2019\/10\/greg-cognac-wallet-11-max_1.jpg","type":"image\/jpeg"}],"twitter_card":"summary_large_image","twitter_misc":{"Estimeret l\u00e6setid":"2 minutter"},"schema":{"@context":"https:\/\/schema.org","@graph":[{"@type":"WebPage","@id":"https:\/\/nicandmel.com\/da\/vare\/greg-iphone-pung-cognac\/","url":"https:\/\/nicandmel.com\/da\/vare\/greg-iphone-pung-cognac\/","name":"Greg iPhone pung, cognac - Nic &amp; Mel","isPartOf":{"@id":"https:\/\/nicandmel.com\/da\/#website"},"primaryImageOfPage":{"@id":"https:\/\/nicandmel.com\/da\/vare\/greg-iphone-pung-cognac\/#primaryimage"},"image":{"@id":"https:\/\/nicandmel.com\/da\/vare\/greg-iphone-pung-cognac\/#primaryimage"},"thumbnailUrl":"https:\/\/nicandmel.com\/wp-content\/uploads\/2019\/10\/greg-cognac-wallet-11-max_1.jpg","datePublished":"2023-08-21T10:13:33+00:00","dateModified":"2026-01-09T04:55:21+00:00","breadcrumb":{"@id":"https:\/\/nicandmel.com\/da\/vare\/greg-iphone-pung-cognac\/#breadcrumb"},"inLanguage":"da-DK","potentialAction":[{"@type":"ReadAction","target":["https:\/\/nicandmel.com\/da\/vare\/greg-iphone-pung-cognac\/"]}]},{"@type":"ImageObject","inLanguage":"da-DK","@id":"https:\/\/nicandmel.com\/da\/vare\/greg-iphone-pung-cognac\/#primaryimage","url":"https:\/\/nicandmel.com\/wp-content\/uploads\/2019\/10\/greg-cognac-wallet-11-max_1.jpg","contentUrl":"https:\/\/nicandmel.com\/wp-content\/uploads\/2019\/10\/greg-cognac-wallet-11-max_1.jpg","width":1500,"height":1829},{"@type":"BreadcrumbList","@id":"https:\/\/nicandmel.com\/da\/vare\/greg-iphone-pung-cognac\/#breadcrumb","itemListElement":[{"@type":"ListItem","position":1,"name":"Home","item":"https:\/\/nicandmel.com\/da\/laedervarer-online-nic-mel\/"},{"@type":"ListItem","position":2,"name":"Butik","item":"https:\/\/nicandmel.com\/da\/shop\/"},{"@type":"ListItem","position":3,"name":"Greg iPhone pung, cognac"}]},{"@type":"WebSite","@id":"https:\/\/nicandmel.com\/da\/#website","url":"https:\/\/nicandmel.com\/da\/","name":"Nic & Mel","description":"Handmade leather goods","publisher":{"@id":"https:\/\/nicandmel.com\/da\/#organization"},"potentialAction":[{"@type":"SearchAction","target":{"@type":"EntryPoint","urlTemplate":"https:\/\/nicandmel.com\/da\/?s={search_term_string}"},"query-input":{"@type":"PropertyValueSpecification","valueRequired":true,"valueName":"search_term_string"}}],"inLanguage":"da-DK"},{"@type":"Organization","@id":"https:\/\/nicandmel.com\/da\/#organization","name":"Nic & Mel","url":"https:\/\/nicandmel.com\/da\/","logo":{"@type":"ImageObject","inLanguage":"da-DK","@id":"https:\/\/nicandmel.com\/da\/#\/schema\/logo\/image\/","url":"https:\/\/nicandmel.com\/wp-content\/uploads\/2021\/07\/nic_and_mel_logo.png","contentUrl":"https:\/\/nicandmel.com\/wp-content\/uploads\/2021\/07\/nic_and_mel_logo.png","width":1237,"height":263,"caption":"Nic & Mel"},"image":{"@id":"https:\/\/nicandmel.com\/da\/#\/schema\/logo\/image\/"},"sameAs":["https:\/\/www.facebook.com\/nicandmel"]}]}},"_links":{"self":[{"href":"https:\/\/nicandmel.com\/da\/wp-json\/wp\/v2\/product\/19323","targetHints":{"allow":["GET"]}}],"collection":[{"href":"https:\/\/nicandmel.com\/da\/wp-json\/wp\/v2\/product"}],"about":[{"href":"https:\/\/nicandmel.com\/da\/wp-json\/wp\/v2\/types\/product"}],"wp:featuredmedia":[{"embeddable":true,"href":"https:\/\/nicandmel.com\/da\/wp-json\/wp\/v2\/media\/17914"}],"wp:attachment":[{"href":"https:\/\/nicandmel.com\/da\/wp-json\/wp\/v2\/media?parent=19323"}],"wp:term":[{"taxonomy":"product_brand","embeddable":true,"href":"https:\/\/nicandmel.com\/da\/wp-json\/wp\/v2\/product_brand?post=19323"},{"taxonomy":"product_cat","embeddable":true,"href":"https:\/\/nicandmel.com\/da\/wp-json\/wp\/v2\/product_cat?post=19323"},{"taxonomy":"product_tag","embeddable":true,"href":"https:\/\/nicandmel.com\/da\/wp-json\/wp\/v2\/product_tag?post=19323"}],"curies":[{"name":"wp","href":"https:\/\/api.w.org\/{rel}","templated":true}]}}