{"id":19324,"date":"2023-02-08T21:31:07","date_gmt":"2023-02-08T20:31:07","guid":{"rendered":"https:\/\/nicandmel.com\/product\/slimjim-mobiltaske-cognac-laeder-iphone-14-pro\/"},"modified":"2024-11-07T15:49:48","modified_gmt":"2024-11-07T14:49:48","slug":"slimjim-mobiltaske-cognac-laeder-iphone-14-pro","status":"publish","type":"product","link":"https:\/\/nicandmel.com\/da\/vare\/slimjim-mobiltaske-cognac-laeder-iphone-14-pro\/","title":{"rendered":"SlimJim mobiltaske (Cognac l\u00e6der iPhone 14 Pro)"},"content":{"rendered":"<p>SlimJim Leather Case &#8211; det ultimative valg til dine daglige behov. Dette ultratynde etui er fremstillet med pr\u00e6cision og er h\u00e5ndlavet af det fineste italienske \u00f8kologisk garvede l\u00e6der, som giver uovertruffen stil og holdbarhed. Her er grunden til, at SlimJim Leather Case er den perfekte ledsager:  <\/p>\n<ul>\n<li><strong>Ultra-slankt design:<\/strong> SlimJim er designet til at v\u00e6re slank og minimal, hvilket giver en slank profil, der ubesv\u00e6ret passer ind i dit daglige liv.<\/li>\n<li><strong>F\u00f8rsteklasses italiensk l\u00e6der:<\/strong> H\u00e5ndlavet af det bedste italienske \u00f8kologisk garvede l\u00e6der, hvilket sikrer en luksuri\u00f8s f\u00f8lelse og langvarig kvalitet.<\/li>\n<li><strong>Holdbarhed i hverdagen:<\/strong> SlimJim er lavet til at holde og er den ideelle ledsager til dine daglige eventyr med en holdbarhed, der holder til din livsstil p\u00e5 farten.<\/li>\n<li><strong>S\u00f8ml\u00f8s moderne \u00e6stetik:<\/strong> Nyd et s\u00f8ml\u00f8st, rent og moderne look, der passer til din stil, med omhyggeligt indpakkede kanter for ekstra raffinement.<\/li>\n<li><strong>Alsidig brug overalt:<\/strong> Uanset om du er p\u00e5 vej til kontoret, en social begivenhed eller en afslappet udflugt, er SlimJim den perfekte ledsager, der ubesv\u00e6ret blander stil med funktionalitet.<\/li>\n<li><strong>Popul\u00e6rt valg:<\/strong> Det ultratynde design og de f\u00f8rsteklasses funktioner g\u00f8r SlimJim til et af vores mest popul\u00e6re etuier, som er elsket af dem, der s\u00f8ger en perfekt balance mellem stil og funktionalitet.<\/li>\n<\/ul>\n<p>Giv din hverdag et l\u00f8ft med SlimJim Leather Case &#8211; hvor slankt design m\u00f8der enest\u00e5ende kvalitet i et etui, der skiller sig ud i b\u00e5de stil og indhold.<\/p>\n","protected":false},"excerpt":{"rendered":"<div class=\"flex-col gap-1 md:gap-3\">\n<div class=\"flex flex-grow flex-col max-w-full\">\n<div class=\"min-h-[20px] text-message flex flex-col items-start gap-3 whitespace-pre-wrap break-words [.text-message+&amp;]:mt-5 overflow-x-auto\" data-message-author-role=\"assistant\" data-message-id=\"21f318cd-ab40-4ee4-8d76-586a457775aa\">\n<div class=\"markdown prose w-full break-words dark:prose-invert light\">\n<p>SlimJim Leather Case &#8211; det ultimative valg til dine daglige behov. Dette ultratynde etui er fremstillet med pr\u00e6cision og er h\u00e5ndlavet af det fineste italienske \u00f8kologisk garvede l\u00e6der, som giver uovertruffen stil og holdbarhed. Her er grunden til, at SlimJim Leather Case er den perfekte ledsager:  <\/p>\n<ul>\n<li><strong>Ultra-slankt design:<\/strong><\/li>\n<li><strong>F\u00f8rsteklasses italiensk l\u00e6der:<\/strong><\/li>\n<li><strong>Holdbarhed i hverdagen:<\/strong><\/li>\n<li><strong>S\u00f8ml\u00f8s moderne \u00e6stetik:<\/strong><\/li>\n<\/ul>\n<\/div>\n<\/div>\n<\/div>\n<\/div>\n<div class=\"absolute\">\n<div class=\"flex w-full gap-2 items-center justify-center\"><\/div>\n<\/div>\n","protected":false},"featured_media":18118,"template":"","meta":{"_acf_changed":false},"product_brand":[],"product_cat":[1815],"product_tag":[2026,2015],"class_list":{"0":"post-19324","1":"product","2":"type-product","3":"status-publish","4":"has-post-thumbnail","6":"product_cat-mobiltilbehor","7":"product_tag-iphone-14-pro-da","8":"product_tag-slimjim-da","9":"pa_model-iphone-14-pro-da","11":"first","12":"instock","13":"taxable","14":"shipping-taxable","15":"purchasable","16":"product-type-simple"},"acf":[],"yoast_head":"<!-- This site is optimized with the Yoast SEO plugin v27.3 - https:\/\/yoast.com\/product\/yoast-seo-wordpress\/ -->\n<title>SlimJim mobiltaske (Cognac l\u00e6der iPhone 14 Pro) - Nic &amp; Mel<\/title>\n<meta name=\"description\" content=\"Andrew telefonpung i \u00e6gte h\u00e5ndlavet l\u00e6der til iPhone 11, med magnetisk bagside i l\u00e6derfinish. Tilpasset til tr\u00e5dl\u00f8s opladning.\" \/>\n<meta name=\"robots\" content=\"index, follow, max-snippet:-1, max-image-preview:large, max-video-preview:-1\" \/>\n<link rel=\"canonical\" href=\"https:\/\/nicandmel.com\/da\/vare\/slimjim-mobiltaske-cognac-laeder-iphone-14-pro\/\" \/>\n<meta property=\"og:locale\" content=\"da_DK\" \/>\n<meta property=\"og:type\" content=\"article\" \/>\n<meta property=\"og:title\" content=\"SlimJim mobiltaske (Cognac l\u00e6der iPhone 14 Pro) - Nic &amp; Mel\" \/>\n<meta property=\"og:description\" content=\"Andrew telefonpung i \u00e6gte h\u00e5ndlavet l\u00e6der til iPhone 11, med magnetisk bagside i l\u00e6derfinish. Tilpasset til tr\u00e5dl\u00f8s opladning.\" \/>\n<meta property=\"og:url\" content=\"https:\/\/nicandmel.com\/da\/vare\/slimjim-mobiltaske-cognac-laeder-iphone-14-pro\/\" \/>\n<meta property=\"og:site_name\" content=\"Nic &amp; Mel\" \/>\n<meta property=\"article:publisher\" content=\"https:\/\/www.facebook.com\/nicandmel\" \/>\n<meta property=\"article:modified_time\" content=\"2024-11-07T14:49:48+00:00\" \/>\n<meta property=\"og:image\" content=\"https:\/\/nicandmel.com\/wp-content\/uploads\/2023\/02\/slimjim-congac-back-11-max.jpg\" \/>\n\t<meta property=\"og:image:width\" content=\"1500\" \/>\n\t<meta property=\"og:image:height\" content=\"1828\" \/>\n\t<meta property=\"og:image:type\" content=\"image\/jpeg\" \/>\n<meta name=\"twitter:card\" content=\"summary_large_image\" \/>\n<meta name=\"twitter:label1\" content=\"Estimeret l\u00e6setid\" \/>\n\t<meta name=\"twitter:data1\" content=\"1 minut\" \/>\n<script type=\"application\/ld+json\" class=\"yoast-schema-graph\">{\"@context\":\"https:\\\/\\\/schema.org\",\"@graph\":[{\"@type\":\"WebPage\",\"@id\":\"https:\\\/\\\/nicandmel.com\\\/da\\\/vare\\\/slimjim-mobiltaske-cognac-laeder-iphone-14-pro\\\/\",\"url\":\"https:\\\/\\\/nicandmel.com\\\/da\\\/vare\\\/slimjim-mobiltaske-cognac-laeder-iphone-14-pro\\\/\",\"name\":\"SlimJim mobiltaske (Cognac l\u00e6der iPhone 14 Pro) - Nic &amp; Mel\",\"isPartOf\":{\"@id\":\"https:\\\/\\\/nicandmel.com\\\/da\\\/#website\"},\"primaryImageOfPage\":{\"@id\":\"https:\\\/\\\/nicandmel.com\\\/da\\\/vare\\\/slimjim-mobiltaske-cognac-laeder-iphone-14-pro\\\/#primaryimage\"},\"image\":{\"@id\":\"https:\\\/\\\/nicandmel.com\\\/da\\\/vare\\\/slimjim-mobiltaske-cognac-laeder-iphone-14-pro\\\/#primaryimage\"},\"thumbnailUrl\":\"https:\\\/\\\/nicandmel.com\\\/wp-content\\\/uploads\\\/2023\\\/02\\\/slimjim-congac-back-11-max.jpg\",\"datePublished\":\"2023-02-08T20:31:07+00:00\",\"dateModified\":\"2024-11-07T14:49:48+00:00\",\"description\":\"Andrew telefonpung i \u00e6gte h\u00e5ndlavet l\u00e6der til iPhone 11, med magnetisk bagside i l\u00e6derfinish. Tilpasset til tr\u00e5dl\u00f8s opladning.\",\"breadcrumb\":{\"@id\":\"https:\\\/\\\/nicandmel.com\\\/da\\\/vare\\\/slimjim-mobiltaske-cognac-laeder-iphone-14-pro\\\/#breadcrumb\"},\"inLanguage\":\"da-DK\",\"potentialAction\":[{\"@type\":\"ReadAction\",\"target\":[\"https:\\\/\\\/nicandmel.com\\\/da\\\/vare\\\/slimjim-mobiltaske-cognac-laeder-iphone-14-pro\\\/\"]}]},{\"@type\":\"ImageObject\",\"inLanguage\":\"da-DK\",\"@id\":\"https:\\\/\\\/nicandmel.com\\\/da\\\/vare\\\/slimjim-mobiltaske-cognac-laeder-iphone-14-pro\\\/#primaryimage\",\"url\":\"https:\\\/\\\/nicandmel.com\\\/wp-content\\\/uploads\\\/2023\\\/02\\\/slimjim-congac-back-11-max.jpg\",\"contentUrl\":\"https:\\\/\\\/nicandmel.com\\\/wp-content\\\/uploads\\\/2023\\\/02\\\/slimjim-congac-back-11-max.jpg\",\"width\":1500,\"height\":1828},{\"@type\":\"BreadcrumbList\",\"@id\":\"https:\\\/\\\/nicandmel.com\\\/da\\\/vare\\\/slimjim-mobiltaske-cognac-laeder-iphone-14-pro\\\/#breadcrumb\",\"itemListElement\":[{\"@type\":\"ListItem\",\"position\":1,\"name\":\"Home\",\"item\":\"https:\\\/\\\/nicandmel.com\\\/da\\\/laedervarer-online-nic-mel\\\/\"},{\"@type\":\"ListItem\",\"position\":2,\"name\":\"Butik\",\"item\":\"https:\\\/\\\/nicandmel.com\\\/da\\\/shop\\\/\"},{\"@type\":\"ListItem\",\"position\":3,\"name\":\"SlimJim mobiltaske (Cognac l\u00e6der iPhone 14 Pro)\"}]},{\"@type\":\"WebSite\",\"@id\":\"https:\\\/\\\/nicandmel.com\\\/da\\\/#website\",\"url\":\"https:\\\/\\\/nicandmel.com\\\/da\\\/\",\"name\":\"Nic & Mel\",\"description\":\"Handmade leather goods\",\"publisher\":{\"@id\":\"https:\\\/\\\/nicandmel.com\\\/da\\\/#organization\"},\"potentialAction\":[{\"@type\":\"SearchAction\",\"target\":{\"@type\":\"EntryPoint\",\"urlTemplate\":\"https:\\\/\\\/nicandmel.com\\\/da\\\/?s={search_term_string}\"},\"query-input\":{\"@type\":\"PropertyValueSpecification\",\"valueRequired\":true,\"valueName\":\"search_term_string\"}}],\"inLanguage\":\"da-DK\"},{\"@type\":\"Organization\",\"@id\":\"https:\\\/\\\/nicandmel.com\\\/da\\\/#organization\",\"name\":\"Nic & Mel\",\"url\":\"https:\\\/\\\/nicandmel.com\\\/da\\\/\",\"logo\":{\"@type\":\"ImageObject\",\"inLanguage\":\"da-DK\",\"@id\":\"https:\\\/\\\/nicandmel.com\\\/da\\\/#\\\/schema\\\/logo\\\/image\\\/\",\"url\":\"https:\\\/\\\/nicandmel.com\\\/wp-content\\\/uploads\\\/2021\\\/07\\\/nic_and_mel_logo.png\",\"contentUrl\":\"https:\\\/\\\/nicandmel.com\\\/wp-content\\\/uploads\\\/2021\\\/07\\\/nic_and_mel_logo.png\",\"width\":1237,\"height\":263,\"caption\":\"Nic & Mel\"},\"image\":{\"@id\":\"https:\\\/\\\/nicandmel.com\\\/da\\\/#\\\/schema\\\/logo\\\/image\\\/\"},\"sameAs\":[\"https:\\\/\\\/www.facebook.com\\\/nicandmel\"]}]}<\/script>\n<!-- \/ Yoast SEO plugin. -->","yoast_head_json":{"title":"SlimJim mobiltaske (Cognac l\u00e6der iPhone 14 Pro) - Nic &amp; Mel","description":"Andrew telefonpung i \u00e6gte h\u00e5ndlavet l\u00e6der til iPhone 11, med magnetisk bagside i l\u00e6derfinish. Tilpasset til tr\u00e5dl\u00f8s opladning.","robots":{"index":"index","follow":"follow","max-snippet":"max-snippet:-1","max-image-preview":"max-image-preview:large","max-video-preview":"max-video-preview:-1"},"canonical":"https:\/\/nicandmel.com\/da\/vare\/slimjim-mobiltaske-cognac-laeder-iphone-14-pro\/","og_locale":"da_DK","og_type":"article","og_title":"SlimJim mobiltaske (Cognac l\u00e6der iPhone 14 Pro) - Nic &amp; Mel","og_description":"Andrew telefonpung i \u00e6gte h\u00e5ndlavet l\u00e6der til iPhone 11, med magnetisk bagside i l\u00e6derfinish. Tilpasset til tr\u00e5dl\u00f8s opladning.","og_url":"https:\/\/nicandmel.com\/da\/vare\/slimjim-mobiltaske-cognac-laeder-iphone-14-pro\/","og_site_name":"Nic &amp; Mel","article_publisher":"https:\/\/www.facebook.com\/nicandmel","article_modified_time":"2024-11-07T14:49:48+00:00","og_image":[{"width":1500,"height":1828,"url":"https:\/\/nicandmel.com\/wp-content\/uploads\/2023\/02\/slimjim-congac-back-11-max.jpg","type":"image\/jpeg"}],"twitter_card":"summary_large_image","twitter_misc":{"Estimeret l\u00e6setid":"1 minut"},"schema":{"@context":"https:\/\/schema.org","@graph":[{"@type":"WebPage","@id":"https:\/\/nicandmel.com\/da\/vare\/slimjim-mobiltaske-cognac-laeder-iphone-14-pro\/","url":"https:\/\/nicandmel.com\/da\/vare\/slimjim-mobiltaske-cognac-laeder-iphone-14-pro\/","name":"SlimJim mobiltaske (Cognac l\u00e6der iPhone 14 Pro) - Nic &amp; Mel","isPartOf":{"@id":"https:\/\/nicandmel.com\/da\/#website"},"primaryImageOfPage":{"@id":"https:\/\/nicandmel.com\/da\/vare\/slimjim-mobiltaske-cognac-laeder-iphone-14-pro\/#primaryimage"},"image":{"@id":"https:\/\/nicandmel.com\/da\/vare\/slimjim-mobiltaske-cognac-laeder-iphone-14-pro\/#primaryimage"},"thumbnailUrl":"https:\/\/nicandmel.com\/wp-content\/uploads\/2023\/02\/slimjim-congac-back-11-max.jpg","datePublished":"2023-02-08T20:31:07+00:00","dateModified":"2024-11-07T14:49:48+00:00","description":"Andrew telefonpung i \u00e6gte h\u00e5ndlavet l\u00e6der til iPhone 11, med magnetisk bagside i l\u00e6derfinish. Tilpasset til tr\u00e5dl\u00f8s opladning.","breadcrumb":{"@id":"https:\/\/nicandmel.com\/da\/vare\/slimjim-mobiltaske-cognac-laeder-iphone-14-pro\/#breadcrumb"},"inLanguage":"da-DK","potentialAction":[{"@type":"ReadAction","target":["https:\/\/nicandmel.com\/da\/vare\/slimjim-mobiltaske-cognac-laeder-iphone-14-pro\/"]}]},{"@type":"ImageObject","inLanguage":"da-DK","@id":"https:\/\/nicandmel.com\/da\/vare\/slimjim-mobiltaske-cognac-laeder-iphone-14-pro\/#primaryimage","url":"https:\/\/nicandmel.com\/wp-content\/uploads\/2023\/02\/slimjim-congac-back-11-max.jpg","contentUrl":"https:\/\/nicandmel.com\/wp-content\/uploads\/2023\/02\/slimjim-congac-back-11-max.jpg","width":1500,"height":1828},{"@type":"BreadcrumbList","@id":"https:\/\/nicandmel.com\/da\/vare\/slimjim-mobiltaske-cognac-laeder-iphone-14-pro\/#breadcrumb","itemListElement":[{"@type":"ListItem","position":1,"name":"Home","item":"https:\/\/nicandmel.com\/da\/laedervarer-online-nic-mel\/"},{"@type":"ListItem","position":2,"name":"Butik","item":"https:\/\/nicandmel.com\/da\/shop\/"},{"@type":"ListItem","position":3,"name":"SlimJim mobiltaske (Cognac l\u00e6der iPhone 14 Pro)"}]},{"@type":"WebSite","@id":"https:\/\/nicandmel.com\/da\/#website","url":"https:\/\/nicandmel.com\/da\/","name":"Nic & Mel","description":"Handmade leather goods","publisher":{"@id":"https:\/\/nicandmel.com\/da\/#organization"},"potentialAction":[{"@type":"SearchAction","target":{"@type":"EntryPoint","urlTemplate":"https:\/\/nicandmel.com\/da\/?s={search_term_string}"},"query-input":{"@type":"PropertyValueSpecification","valueRequired":true,"valueName":"search_term_string"}}],"inLanguage":"da-DK"},{"@type":"Organization","@id":"https:\/\/nicandmel.com\/da\/#organization","name":"Nic & Mel","url":"https:\/\/nicandmel.com\/da\/","logo":{"@type":"ImageObject","inLanguage":"da-DK","@id":"https:\/\/nicandmel.com\/da\/#\/schema\/logo\/image\/","url":"https:\/\/nicandmel.com\/wp-content\/uploads\/2021\/07\/nic_and_mel_logo.png","contentUrl":"https:\/\/nicandmel.com\/wp-content\/uploads\/2021\/07\/nic_and_mel_logo.png","width":1237,"height":263,"caption":"Nic & Mel"},"image":{"@id":"https:\/\/nicandmel.com\/da\/#\/schema\/logo\/image\/"},"sameAs":["https:\/\/www.facebook.com\/nicandmel"]}]}},"_links":{"self":[{"href":"https:\/\/nicandmel.com\/da\/wp-json\/wp\/v2\/product\/19324","targetHints":{"allow":["GET"]}}],"collection":[{"href":"https:\/\/nicandmel.com\/da\/wp-json\/wp\/v2\/product"}],"about":[{"href":"https:\/\/nicandmel.com\/da\/wp-json\/wp\/v2\/types\/product"}],"wp:featuredmedia":[{"embeddable":true,"href":"https:\/\/nicandmel.com\/da\/wp-json\/wp\/v2\/media\/18118"}],"wp:attachment":[{"href":"https:\/\/nicandmel.com\/da\/wp-json\/wp\/v2\/media?parent=19324"}],"wp:term":[{"taxonomy":"product_brand","embeddable":true,"href":"https:\/\/nicandmel.com\/da\/wp-json\/wp\/v2\/product_brand?post=19324"},{"taxonomy":"product_cat","embeddable":true,"href":"https:\/\/nicandmel.com\/da\/wp-json\/wp\/v2\/product_cat?post=19324"},{"taxonomy":"product_tag","embeddable":true,"href":"https:\/\/nicandmel.com\/da\/wp-json\/wp\/v2\/product_tag?post=19324"}],"curies":[{"name":"wp","href":"https:\/\/api.w.org\/{rel}","templated":true}]}}