{"id":19344,"date":"2023-02-21T00:41:43","date_gmt":"2023-02-20T23:41:43","guid":{"rendered":"https:\/\/nicandmel.com\/product\/magnetisk-etui-cognac-magsafe-traadloes-opladning-af-iphone-13-pro-max\/"},"modified":"2023-02-21T00:41:43","modified_gmt":"2023-02-20T23:41:43","slug":"magnetisk-etui-cognac-magsafe-traadloes-opladning-af-iphone-13-pro-max","status":"publish","type":"product","link":"https:\/\/nicandmel.com\/da\/vare\/magnetisk-etui-cognac-magsafe-traadloes-opladning-af-iphone-13-pro-max\/","title":{"rendered":"Magnetisk etui, cognac, Magsafe (tr\u00e5dl\u00f8s opladning af iPhone 13 Pro Max)"},"content":{"rendered":"<p>En ny version af vores magnetiske iPhone 13 pro max-etui, der underst\u00f8tter tr\u00e5dl\u00f8s opladning! Perfekt pasform med omgivende fleksibelt gummi og bl\u00f8dt mikrofiberfor p\u00e5 indersiden for at beskytte din telefon. Ribbet greb hele vejen rundt for at sikre et fast og sikkert greb. Den slidst\u00e6rke yderside er kl\u00e6dt i cognacfarvet mikrofiber og prydet med en guldlogotype i vegansk l\u00e6der. Passer til iPhone X og passer til Nic &amp; Mels telefonpunge, der er justeret til tr\u00e5dl\u00f8s opladning. Magsafe integreret. Magnetisk etui, der underst\u00f8tter tr\u00e5dl\u00f8s opladning til iPhone 13 pro. Beskyttende og sikker med et omgivende ribbet greb og mikrofiberforing p\u00e5 b\u00e5de for- og bagside. ChatGPT<br \/>\nVi pr\u00e6senterer det ultimative magnetiske iPhone 13 Pro Max-etui, der er designet til at l\u00f8fte din telefonoplevelse som aldrig f\u00f8r! Vores nyeste version er udstyret med banebrydende funktioner, der kombinerer funktionalitet, beskyttelse og stil uden problemer. Vigtige funktioner: Perfekt tr\u00e5dl\u00f8s opladning: Oplev den nemme og bekvemme tr\u00e5dl\u00f8se opladning med vores Magsafe integrerede magnetiske etui. Ikke mere b\u00f8vl med kabler eller stik &#8211; du skal bare placere din iPhone 13 Pro Max p\u00e5 en tr\u00e5dl\u00f8s opladningsplade, s\u00e5 oplader den uden problemer. Perfekt pasform og fuld beskyttelse: Vores magnetiske etui passer perfekt til din iPhone 13 Pro Max og sikrer, at alle knapper, porte og funktioner forbliver let tilg\u00e6ngelige. Det omgivende fleksible gummi og mikrofiberforingen p\u00e5 b\u00e5de for- og bagsiden giver omfattende beskyttelse mod ridser og mindre slag. Forbedret greb og sikkerhed: Vi forst\u00e5r, hvor vigtigt det er at have et sikkert greb om din dyrebare enhed. Derfor har vores etui et ribbet greb hele vejen rundt, som sikrer et fast greb og reducerer risikoen for, at den glider eller tabes ved et uheld. Luksuri\u00f8s \u00e6stetik: Stil m\u00f8der raffinement med vores cognacfarvede mikrofiber-eksteri\u00f8r. Etuiets holdbare yderside er smukt pr\u00e6get med en guldlogotype i vegansk l\u00e6der, hvilket giver din iPhone 13 Pro Max et strejf af luksus. Alsidig kompatibilitet: Ikke alene passer vores magnetiske etui perfekt til iPhone X, men det er ogs\u00e5 specielt designet til at v\u00e6re kompatibelt med Nic &amp; Mels telefonpunge, der er justeret til tr\u00e5dl\u00f8s opladning. Nu kan du nemt b\u00e6re dine vigtigste ting, mens din iPhone er beskyttet. Hvorfor v\u00e6lge vores magnetiske etui til iPhone 13 Pro Max: Nyd problemfri tr\u00e5dl\u00f8s opladning med den integrerede Magsafe-funktion.<br \/>\nHold din iPhone 13 Pro Max sikker og sund med fuld 360-graders beskyttelse og en bl\u00f8d mikrofiberforing.<br \/>\nOmfavn et stilfuldt og luksuri\u00f8st design, der supplerer din telefons \u00e6stetik.<br \/>\nF\u00e5 bedre greb og sikkerhed med det ribbede greb hele vejen rundt om etuiet.<br \/>\nOplev alsidig kompatibilitet med iPhone X og Nic &amp; Mels telefonpunge.<br \/>\nOpgrader din iPhone 13 Pro Max-oplevelse med vores funktionsfyldte magnetiske etui i dag! G\u00e5 ikke glip af chancen for at beskytte din enhed med stil, mens du nyder godt af bekvemmeligheden ved tr\u00e5dl\u00f8s opladning. Bestil nu, og tag din iPhone-oplevelse til nye h\u00f8jder! Regenereret respons     <\/p>\n","protected":false},"excerpt":{"rendered":"<p>Magnetisk etui, der underst\u00f8tter tr\u00e5dl\u00f8s opladning til iPhone 13 pro max, beskyttende og sikkert med et omgivende ribbet greb og mikrofiberforing p\u00e5 b\u00e5de for- og bagside.<\/p>\n","protected":false},"featured_media":18109,"template":"","meta":{"_acf_changed":false},"product_brand":[],"product_cat":[1815],"product_tag":[2027],"class_list":{"0":"post-19344","1":"product","2":"type-product","3":"status-publish","4":"has-post-thumbnail","6":"product_cat-mobiltilbehor","7":"product_tag-iphone-13-pro-max-da","8":"pa_model-iphone-13-pro-max-da","10":"first","11":"instock","12":"taxable","13":"shipping-taxable","14":"purchasable","15":"product-type-simple"},"acf":[],"yoast_head":"<!-- This site is optimized with the Yoast SEO plugin v27.5 - https:\/\/yoast.com\/product\/yoast-seo-wordpress\/ -->\n<title>Magnetisk etui, cognac, Magsafe (tr\u00e5dl\u00f8s opladning af iPhone 13 Pro Max) - Nic &amp; Mel<\/title>\n<meta name=\"description\" content=\"Magnetisk iPhone X-etui, der underst\u00f8tter tr\u00e5dl\u00f8s opladning! Perfekt pasform med omgivende fleksibelt gummi og bl\u00f8dt mikrofiberfor p\u00e5 indersiden for at beskytte din telefon. Ribbet greb hele vejen rundt for at sikre et fast og sikkert greb. Den slidst\u00e6rke yderside er kl\u00e6dt i sort mikrofiber og prydet med en guldlogotype.\" \/>\n<meta name=\"robots\" content=\"index, follow, max-snippet:-1, max-image-preview:large, max-video-preview:-1\" \/>\n<link rel=\"canonical\" href=\"https:\/\/nicandmel.com\/da\/vare\/magnetisk-etui-cognac-magsafe-traadloes-opladning-af-iphone-13-pro-max\/\" \/>\n<meta property=\"og:locale\" content=\"da_DK\" \/>\n<meta property=\"og:type\" content=\"article\" \/>\n<meta property=\"og:title\" content=\"Magnetisk etui, cognac, Magsafe (tr\u00e5dl\u00f8s opladning af iPhone 13 Pro Max) - Nic &amp; Mel\" \/>\n<meta property=\"og:description\" content=\"Magnetisk iPhone X-etui, der underst\u00f8tter tr\u00e5dl\u00f8s opladning! Perfekt pasform med omgivende fleksibelt gummi og bl\u00f8dt mikrofiberfor p\u00e5 indersiden for at beskytte din telefon. Ribbet greb hele vejen rundt for at sikre et fast og sikkert greb. Den slidst\u00e6rke yderside er kl\u00e6dt i sort mikrofiber og prydet med en guldlogotype.\" \/>\n<meta property=\"og:url\" content=\"https:\/\/nicandmel.com\/da\/vare\/magnetisk-etui-cognac-magsafe-traadloes-opladning-af-iphone-13-pro-max\/\" \/>\n<meta property=\"og:site_name\" content=\"Nic &amp; Mel\" \/>\n<meta property=\"article:publisher\" content=\"https:\/\/www.facebook.com\/nicandmel\" \/>\n<meta property=\"og:image\" content=\"https:\/\/nicandmel.com\/wp-content\/uploads\/2023\/12\/magcase-congac-11-max.jpg\" \/>\n\t<meta property=\"og:image:width\" content=\"1500\" \/>\n\t<meta property=\"og:image:height\" content=\"1828\" \/>\n\t<meta property=\"og:image:type\" content=\"image\/jpeg\" \/>\n<meta name=\"twitter:card\" content=\"summary_large_image\" \/>\n<meta name=\"twitter:label1\" content=\"Estimeret l\u00e6setid\" \/>\n\t<meta name=\"twitter:data1\" content=\"3 minutter\" \/>\n<script type=\"application\/ld+json\" class=\"yoast-schema-graph\">{\"@context\":\"https:\\\/\\\/schema.org\",\"@graph\":[{\"@type\":\"WebPage\",\"@id\":\"https:\\\/\\\/nicandmel.com\\\/da\\\/vare\\\/magnetisk-etui-cognac-magsafe-traadloes-opladning-af-iphone-13-pro-max\\\/\",\"url\":\"https:\\\/\\\/nicandmel.com\\\/da\\\/vare\\\/magnetisk-etui-cognac-magsafe-traadloes-opladning-af-iphone-13-pro-max\\\/\",\"name\":\"Magnetisk etui, cognac, Magsafe (tr\u00e5dl\u00f8s opladning af iPhone 13 Pro Max) - Nic &amp; Mel\",\"isPartOf\":{\"@id\":\"https:\\\/\\\/nicandmel.com\\\/da\\\/#website\"},\"primaryImageOfPage\":{\"@id\":\"https:\\\/\\\/nicandmel.com\\\/da\\\/vare\\\/magnetisk-etui-cognac-magsafe-traadloes-opladning-af-iphone-13-pro-max\\\/#primaryimage\"},\"image\":{\"@id\":\"https:\\\/\\\/nicandmel.com\\\/da\\\/vare\\\/magnetisk-etui-cognac-magsafe-traadloes-opladning-af-iphone-13-pro-max\\\/#primaryimage\"},\"thumbnailUrl\":\"https:\\\/\\\/nicandmel.com\\\/wp-content\\\/uploads\\\/2023\\\/12\\\/magcase-congac-11-max.jpg\",\"datePublished\":\"2023-02-20T23:41:43+00:00\",\"description\":\"Magnetisk iPhone X-etui, der underst\u00f8tter tr\u00e5dl\u00f8s opladning! Perfekt pasform med omgivende fleksibelt gummi og bl\u00f8dt mikrofiberfor p\u00e5 indersiden for at beskytte din telefon. Ribbet greb hele vejen rundt for at sikre et fast og sikkert greb. Den slidst\u00e6rke yderside er kl\u00e6dt i sort mikrofiber og prydet med en guldlogotype.\",\"breadcrumb\":{\"@id\":\"https:\\\/\\\/nicandmel.com\\\/da\\\/vare\\\/magnetisk-etui-cognac-magsafe-traadloes-opladning-af-iphone-13-pro-max\\\/#breadcrumb\"},\"inLanguage\":\"da-DK\",\"potentialAction\":[{\"@type\":\"ReadAction\",\"target\":[\"https:\\\/\\\/nicandmel.com\\\/da\\\/vare\\\/magnetisk-etui-cognac-magsafe-traadloes-opladning-af-iphone-13-pro-max\\\/\"]}]},{\"@type\":\"ImageObject\",\"inLanguage\":\"da-DK\",\"@id\":\"https:\\\/\\\/nicandmel.com\\\/da\\\/vare\\\/magnetisk-etui-cognac-magsafe-traadloes-opladning-af-iphone-13-pro-max\\\/#primaryimage\",\"url\":\"https:\\\/\\\/nicandmel.com\\\/wp-content\\\/uploads\\\/2023\\\/12\\\/magcase-congac-11-max.jpg\",\"contentUrl\":\"https:\\\/\\\/nicandmel.com\\\/wp-content\\\/uploads\\\/2023\\\/12\\\/magcase-congac-11-max.jpg\",\"width\":1500,\"height\":1828},{\"@type\":\"BreadcrumbList\",\"@id\":\"https:\\\/\\\/nicandmel.com\\\/da\\\/vare\\\/magnetisk-etui-cognac-magsafe-traadloes-opladning-af-iphone-13-pro-max\\\/#breadcrumb\",\"itemListElement\":[{\"@type\":\"ListItem\",\"position\":1,\"name\":\"Home\",\"item\":\"https:\\\/\\\/nicandmel.com\\\/da\\\/laedervarer-online-nic-mel\\\/\"},{\"@type\":\"ListItem\",\"position\":2,\"name\":\"Butik\",\"item\":\"https:\\\/\\\/nicandmel.com\\\/da\\\/shop\\\/\"},{\"@type\":\"ListItem\",\"position\":3,\"name\":\"Magnetisk etui, cognac, Magsafe (tr\u00e5dl\u00f8s opladning af iPhone 13 Pro Max)\"}]},{\"@type\":\"WebSite\",\"@id\":\"https:\\\/\\\/nicandmel.com\\\/da\\\/#website\",\"url\":\"https:\\\/\\\/nicandmel.com\\\/da\\\/\",\"name\":\"Nic & Mel\",\"description\":\"Handmade leather goods\",\"publisher\":{\"@id\":\"https:\\\/\\\/nicandmel.com\\\/da\\\/#organization\"},\"potentialAction\":[{\"@type\":\"SearchAction\",\"target\":{\"@type\":\"EntryPoint\",\"urlTemplate\":\"https:\\\/\\\/nicandmel.com\\\/da\\\/?s={search_term_string}\"},\"query-input\":{\"@type\":\"PropertyValueSpecification\",\"valueRequired\":true,\"valueName\":\"search_term_string\"}}],\"inLanguage\":\"da-DK\"},{\"@type\":\"Organization\",\"@id\":\"https:\\\/\\\/nicandmel.com\\\/da\\\/#organization\",\"name\":\"Nic & Mel\",\"url\":\"https:\\\/\\\/nicandmel.com\\\/da\\\/\",\"logo\":{\"@type\":\"ImageObject\",\"inLanguage\":\"da-DK\",\"@id\":\"https:\\\/\\\/nicandmel.com\\\/da\\\/#\\\/schema\\\/logo\\\/image\\\/\",\"url\":\"https:\\\/\\\/nicandmel.com\\\/wp-content\\\/uploads\\\/2021\\\/07\\\/nic_and_mel_logo.png\",\"contentUrl\":\"https:\\\/\\\/nicandmel.com\\\/wp-content\\\/uploads\\\/2021\\\/07\\\/nic_and_mel_logo.png\",\"width\":1237,\"height\":263,\"caption\":\"Nic & Mel\"},\"image\":{\"@id\":\"https:\\\/\\\/nicandmel.com\\\/da\\\/#\\\/schema\\\/logo\\\/image\\\/\"},\"sameAs\":[\"https:\\\/\\\/www.facebook.com\\\/nicandmel\"]}]}<\/script>\n<!-- \/ Yoast SEO plugin. -->","yoast_head_json":{"title":"Magnetisk etui, cognac, Magsafe (tr\u00e5dl\u00f8s opladning af iPhone 13 Pro Max) - Nic &amp; Mel","description":"Magnetisk iPhone X-etui, der underst\u00f8tter tr\u00e5dl\u00f8s opladning! Perfekt pasform med omgivende fleksibelt gummi og bl\u00f8dt mikrofiberfor p\u00e5 indersiden for at beskytte din telefon. Ribbet greb hele vejen rundt for at sikre et fast og sikkert greb. Den slidst\u00e6rke yderside er kl\u00e6dt i sort mikrofiber og prydet med en guldlogotype.","robots":{"index":"index","follow":"follow","max-snippet":"max-snippet:-1","max-image-preview":"max-image-preview:large","max-video-preview":"max-video-preview:-1"},"canonical":"https:\/\/nicandmel.com\/da\/vare\/magnetisk-etui-cognac-magsafe-traadloes-opladning-af-iphone-13-pro-max\/","og_locale":"da_DK","og_type":"article","og_title":"Magnetisk etui, cognac, Magsafe (tr\u00e5dl\u00f8s opladning af iPhone 13 Pro Max) - Nic &amp; Mel","og_description":"Magnetisk iPhone X-etui, der underst\u00f8tter tr\u00e5dl\u00f8s opladning! Perfekt pasform med omgivende fleksibelt gummi og bl\u00f8dt mikrofiberfor p\u00e5 indersiden for at beskytte din telefon. Ribbet greb hele vejen rundt for at sikre et fast og sikkert greb. Den slidst\u00e6rke yderside er kl\u00e6dt i sort mikrofiber og prydet med en guldlogotype.","og_url":"https:\/\/nicandmel.com\/da\/vare\/magnetisk-etui-cognac-magsafe-traadloes-opladning-af-iphone-13-pro-max\/","og_site_name":"Nic &amp; Mel","article_publisher":"https:\/\/www.facebook.com\/nicandmel","og_image":[{"width":1500,"height":1828,"url":"https:\/\/nicandmel.com\/wp-content\/uploads\/2023\/12\/magcase-congac-11-max.jpg","type":"image\/jpeg"}],"twitter_card":"summary_large_image","twitter_misc":{"Estimeret l\u00e6setid":"3 minutter"},"schema":{"@context":"https:\/\/schema.org","@graph":[{"@type":"WebPage","@id":"https:\/\/nicandmel.com\/da\/vare\/magnetisk-etui-cognac-magsafe-traadloes-opladning-af-iphone-13-pro-max\/","url":"https:\/\/nicandmel.com\/da\/vare\/magnetisk-etui-cognac-magsafe-traadloes-opladning-af-iphone-13-pro-max\/","name":"Magnetisk etui, cognac, Magsafe (tr\u00e5dl\u00f8s opladning af iPhone 13 Pro Max) - Nic &amp; Mel","isPartOf":{"@id":"https:\/\/nicandmel.com\/da\/#website"},"primaryImageOfPage":{"@id":"https:\/\/nicandmel.com\/da\/vare\/magnetisk-etui-cognac-magsafe-traadloes-opladning-af-iphone-13-pro-max\/#primaryimage"},"image":{"@id":"https:\/\/nicandmel.com\/da\/vare\/magnetisk-etui-cognac-magsafe-traadloes-opladning-af-iphone-13-pro-max\/#primaryimage"},"thumbnailUrl":"https:\/\/nicandmel.com\/wp-content\/uploads\/2023\/12\/magcase-congac-11-max.jpg","datePublished":"2023-02-20T23:41:43+00:00","description":"Magnetisk iPhone X-etui, der underst\u00f8tter tr\u00e5dl\u00f8s opladning! Perfekt pasform med omgivende fleksibelt gummi og bl\u00f8dt mikrofiberfor p\u00e5 indersiden for at beskytte din telefon. Ribbet greb hele vejen rundt for at sikre et fast og sikkert greb. Den slidst\u00e6rke yderside er kl\u00e6dt i sort mikrofiber og prydet med en guldlogotype.","breadcrumb":{"@id":"https:\/\/nicandmel.com\/da\/vare\/magnetisk-etui-cognac-magsafe-traadloes-opladning-af-iphone-13-pro-max\/#breadcrumb"},"inLanguage":"da-DK","potentialAction":[{"@type":"ReadAction","target":["https:\/\/nicandmel.com\/da\/vare\/magnetisk-etui-cognac-magsafe-traadloes-opladning-af-iphone-13-pro-max\/"]}]},{"@type":"ImageObject","inLanguage":"da-DK","@id":"https:\/\/nicandmel.com\/da\/vare\/magnetisk-etui-cognac-magsafe-traadloes-opladning-af-iphone-13-pro-max\/#primaryimage","url":"https:\/\/nicandmel.com\/wp-content\/uploads\/2023\/12\/magcase-congac-11-max.jpg","contentUrl":"https:\/\/nicandmel.com\/wp-content\/uploads\/2023\/12\/magcase-congac-11-max.jpg","width":1500,"height":1828},{"@type":"BreadcrumbList","@id":"https:\/\/nicandmel.com\/da\/vare\/magnetisk-etui-cognac-magsafe-traadloes-opladning-af-iphone-13-pro-max\/#breadcrumb","itemListElement":[{"@type":"ListItem","position":1,"name":"Home","item":"https:\/\/nicandmel.com\/da\/laedervarer-online-nic-mel\/"},{"@type":"ListItem","position":2,"name":"Butik","item":"https:\/\/nicandmel.com\/da\/shop\/"},{"@type":"ListItem","position":3,"name":"Magnetisk etui, cognac, Magsafe (tr\u00e5dl\u00f8s opladning af iPhone 13 Pro Max)"}]},{"@type":"WebSite","@id":"https:\/\/nicandmel.com\/da\/#website","url":"https:\/\/nicandmel.com\/da\/","name":"Nic & Mel","description":"Handmade leather goods","publisher":{"@id":"https:\/\/nicandmel.com\/da\/#organization"},"potentialAction":[{"@type":"SearchAction","target":{"@type":"EntryPoint","urlTemplate":"https:\/\/nicandmel.com\/da\/?s={search_term_string}"},"query-input":{"@type":"PropertyValueSpecification","valueRequired":true,"valueName":"search_term_string"}}],"inLanguage":"da-DK"},{"@type":"Organization","@id":"https:\/\/nicandmel.com\/da\/#organization","name":"Nic & Mel","url":"https:\/\/nicandmel.com\/da\/","logo":{"@type":"ImageObject","inLanguage":"da-DK","@id":"https:\/\/nicandmel.com\/da\/#\/schema\/logo\/image\/","url":"https:\/\/nicandmel.com\/wp-content\/uploads\/2021\/07\/nic_and_mel_logo.png","contentUrl":"https:\/\/nicandmel.com\/wp-content\/uploads\/2021\/07\/nic_and_mel_logo.png","width":1237,"height":263,"caption":"Nic & Mel"},"image":{"@id":"https:\/\/nicandmel.com\/da\/#\/schema\/logo\/image\/"},"sameAs":["https:\/\/www.facebook.com\/nicandmel"]}]}},"_links":{"self":[{"href":"https:\/\/nicandmel.com\/da\/wp-json\/wp\/v2\/product\/19344","targetHints":{"allow":["GET"]}}],"collection":[{"href":"https:\/\/nicandmel.com\/da\/wp-json\/wp\/v2\/product"}],"about":[{"href":"https:\/\/nicandmel.com\/da\/wp-json\/wp\/v2\/types\/product"}],"wp:featuredmedia":[{"embeddable":true,"href":"https:\/\/nicandmel.com\/da\/wp-json\/wp\/v2\/media\/18109"}],"wp:attachment":[{"href":"https:\/\/nicandmel.com\/da\/wp-json\/wp\/v2\/media?parent=19344"}],"wp:term":[{"taxonomy":"product_brand","embeddable":true,"href":"https:\/\/nicandmel.com\/da\/wp-json\/wp\/v2\/product_brand?post=19344"},{"taxonomy":"product_cat","embeddable":true,"href":"https:\/\/nicandmel.com\/da\/wp-json\/wp\/v2\/product_cat?post=19344"},{"taxonomy":"product_tag","embeddable":true,"href":"https:\/\/nicandmel.com\/da\/wp-json\/wp\/v2\/product_tag?post=19344"}],"curies":[{"name":"wp","href":"https:\/\/api.w.org\/{rel}","templated":true}]}}