{"id":19441,"date":"2023-08-21T14:40:44","date_gmt":"2023-08-21T12:40:44","guid":{"rendered":"https:\/\/nicandmel.com\/product\/andrew-iphone-pung-italiensk-laeder-cognac\/"},"modified":"2024-11-07T15:50:36","modified_gmt":"2024-11-07T14:50:36","slug":"andrew-iphone-pung-italiensk-laeder-cognac","status":"publish","type":"product","link":"https:\/\/nicandmel.com\/da\/vare\/andrew-iphone-pung-italiensk-laeder-cognac\/","title":{"rendered":"Andrew iPhone-pung italiensk l\u00e6der, cognac"},"content":{"rendered":"<p><strong>Andrew Phone Wallet &#8211; hvor stil m\u00f8der funktionalitet!<\/strong><\/p>\n<p>\u2728 <strong>H\u00e5ndv\u00e6rk<\/strong>:<\/p>\n<ul>\n<li>Tidl\u00f8st, klassisk design, der udstr\u00e5ler raffinement.<\/li>\n<li>Omhyggeligt h\u00e5ndlavet med l\u00e6der af den fineste kvalitet.<\/li>\n<li>Udstr\u00e5ler en aura af luksus, der adskiller den fra resten.<\/li>\n<\/ul>\n<p><strong>Bekvemmelighed m\u00f8der kapacitet:<\/strong><\/p>\n<ul>\n<li>Tre kreditkortholdere med plads til 4-8 kort.<\/li>\n<li>S\u00f8rg for, at dine vigtigste ting er sikret uden at fylde for meget som i en traditionel pung.<\/li>\n<\/ul>\n<p><strong>Magnetisk iPhone-holder:<\/strong><\/p>\n<ul>\n<li>Innovativ magnetisk lukning for sikker placering af enheden.<\/li>\n<li>Let aftagelig &#8211; brug din telefon med eller uden l\u00e6dercoveret.<\/li>\n<\/ul>\n<p><strong>Kompatibilitet med tr\u00e5dl\u00f8s opladning:<\/strong><\/p>\n<ul>\n<li>Problemfri kompatibilitet med tr\u00e5dl\u00f8s opladningsteknologi.<\/li>\n<li>Du beh\u00f8ver ikke at tage din telefon ud af etuiet &#8211; oplad uden besv\u00e6r!<\/li>\n<\/ul>\n<p><strong>Alsidig og tidl\u00f8s:<\/strong><\/p>\n<ul>\n<li>Mere end en telefonpung; et statement piece til enhver lejlighed.<\/li>\n<li>Tilf\u00f8rer elegance til formelle begivenheder og et strejf af klasse til afslappede udflugter.<\/li>\n<\/ul>\n<p><strong>Slut dig til trends\u00e6tterne:<\/strong><\/p>\n<ul>\n<li>Utallige tilfredse kunder har gjort Andrew til deres foretrukne telefonpung.<\/li>\n<li>Positiv feedback str\u00f8mmer ind &#8211; oplev sammensmeltningen af mode og funktionalitet.<\/li>\n<\/ul>\n<p><strong>F\u00e5 din Andrew Phone Wallet i dag:<\/strong><\/p>\n<ul>\n<li>G\u00e5 ikke glip af den hotteste telefonpung i byen.<\/li>\n<li>G\u00e5 ind i vores butik og f\u00e5 fat i din Andrew nu.<\/li>\n<li>L\u00f8ft din stil, forenkl dit liv &#8211; omfavn bekvemmeligheden ved en \u00e6gte klassiker!<\/li>\n<\/ul>\n","protected":false},"excerpt":{"rendered":"<p>Vores klassiske telefonpung Andrew er vores absolutte bestseller, og det er let at forst\u00e5 hvorfor. Dette etui er ren perfektion. Klassisk design, h\u00e5ndlavet i f\u00f8rsteklasses italiensk l\u00e6der med tre kreditkortlommer indeni til op til 4-8 kreditkort. iPhone-holderen med finish er magnetisk og aftagelig, s\u00e5 du kan bruge den med eller uden l\u00e6dercoveret! Tilpasset til tr\u00e5dl\u00f8s opladning.    <\/p>\n<ul>\n<li>H\u00e5ndlavet tr\u00e5dl\u00f8s opladning<\/li>\n<li>Materiale: h\u00e5ndlavet i f\u00f8rsteklasses italiensk l\u00e6der<\/li>\n<li>4 x kortpladser, kontant- og modtagerplads<\/li>\n<li>Et l\u00e6der, der bliver p\u00e6nere med tiden.<\/li>\n<\/ul>\n","protected":false},"featured_media":17920,"template":"","meta":{"_acf_changed":false},"product_brand":[],"product_cat":[1815],"product_tag":[],"class_list":{"0":"post-19441","1":"product","2":"type-product","3":"status-publish","4":"has-post-thumbnail","6":"product_cat-mobiltilbehor","7":"pa_model-iphone-11-da","8":"pa_model-iphone-11-pro-da","9":"pa_model-iphone-11-pro-max-da","10":"pa_model-iphone-12-da","11":"pa_model-iphone-12-mini-da","12":"pa_model-iphone-12-pro-da","13":"pa_model-iphone-12-pro-max-da","14":"pa_model-iphone-13-da","15":"pa_model-iphone-13-mini-da","16":"pa_model-iphone-13-pro-da","17":"pa_model-iphone-13-pro-max-da","18":"pa_model-iphone-14-da","19":"pa_model-iphone-14-plus-da","20":"pa_model-iphone-14-pro-da","21":"pa_model-iphone-14-pro-max-da","22":"pa_model-iphone-15-da","23":"pa_model-iphone-15-pro-da","24":"pa_model-iphone-15-pro-max-da","25":"pa_model-iphone-5-5s-se-da","26":"pa_model-iphone-6-6s-da","27":"pa_model-iphone-6-6s-plus-da","28":"pa_model-iphone-7-da","29":"pa_model-iphone-7-plus-da","30":"pa_model-iphone-8-da","31":"pa_model-iphone-8-plus-da","32":"pa_model-iphone-x-da","33":"pa_model-iphone-x-xs-da","34":"pa_model-iphone-xr-da","35":"pa_model-iphone-xs-da","36":"pa_model-iphone-xs-max-da","37":"pa_model-se-2020-da","38":"pa_model-se-32022-da","40":"first","41":"instock","42":"taxable","43":"shipping-taxable","44":"purchasable","45":"product-type-variable"},"acf":[],"yoast_head":"<!-- This site is optimized with the Yoast SEO plugin v27.3 - https:\/\/yoast.com\/product\/yoast-seo-wordpress\/ -->\n<title>Andrew iPhone-pung italiensk l\u00e6der, cognac - Nic &amp; Mel<\/title>\n<meta name=\"description\" content=\"L\u00f8ft din stil med Andrew Phone Wallet, der er fremstillet af luksuri\u00f8st italiensk l\u00e6der. Dette sofistikerede tilbeh\u00f8r har et tidl\u00f8st design, magnetisk iPhone-holder og er kompatibelt med tr\u00e5dl\u00f8s opladning. Perfekt til enhver lejlighed, tag din i dag og oplev problemfri funktionalitet med et strejf af elegance!\" \/>\n<meta name=\"robots\" content=\"index, follow, max-snippet:-1, max-image-preview:large, max-video-preview:-1\" \/>\n<link rel=\"canonical\" href=\"https:\/\/nicandmel.com\/da\/vare\/andrew-iphone-pung-italiensk-laeder-cognac\/\" \/>\n<meta property=\"og:locale\" content=\"da_DK\" \/>\n<meta property=\"og:type\" content=\"article\" \/>\n<meta property=\"og:title\" content=\"Andrew iPhone-pung italiensk l\u00e6der, cognac - Nic &amp; Mel\" \/>\n<meta property=\"og:description\" content=\"L\u00f8ft din stil med Andrew Phone Wallet, der er fremstillet af luksuri\u00f8st italiensk l\u00e6der. Dette sofistikerede tilbeh\u00f8r har et tidl\u00f8st design, magnetisk iPhone-holder og er kompatibelt med tr\u00e5dl\u00f8s opladning. Perfekt til enhver lejlighed, tag din i dag og oplev problemfri funktionalitet med et strejf af elegance!\" \/>\n<meta property=\"og:url\" content=\"https:\/\/nicandmel.com\/da\/vare\/andrew-iphone-pung-italiensk-laeder-cognac\/\" \/>\n<meta property=\"og:site_name\" content=\"Nic &amp; Mel\" \/>\n<meta property=\"article:publisher\" content=\"https:\/\/www.facebook.com\/nicandmel\" \/>\n<meta property=\"article:modified_time\" content=\"2024-11-07T14:50:36+00:00\" \/>\n<meta property=\"og:image\" content=\"https:\/\/nicandmel.com\/wp-content\/uploads\/2019\/11\/andrew-cognac-wallet-11-max_1.jpg\" \/>\n\t<meta property=\"og:image:width\" content=\"1500\" \/>\n\t<meta property=\"og:image:height\" content=\"1828\" \/>\n\t<meta property=\"og:image:type\" content=\"image\/jpeg\" \/>\n<meta name=\"twitter:card\" content=\"summary_large_image\" \/>\n<meta name=\"twitter:label1\" content=\"Estimeret l\u00e6setid\" \/>\n\t<meta name=\"twitter:data1\" content=\"1 minut\" \/>\n<script type=\"application\/ld+json\" class=\"yoast-schema-graph\">{\"@context\":\"https:\\\/\\\/schema.org\",\"@graph\":[{\"@type\":\"WebPage\",\"@id\":\"https:\\\/\\\/nicandmel.com\\\/da\\\/vare\\\/andrew-iphone-pung-italiensk-laeder-cognac\\\/\",\"url\":\"https:\\\/\\\/nicandmel.com\\\/da\\\/vare\\\/andrew-iphone-pung-italiensk-laeder-cognac\\\/\",\"name\":\"Andrew iPhone-pung italiensk l\u00e6der, cognac - Nic &amp; Mel\",\"isPartOf\":{\"@id\":\"https:\\\/\\\/nicandmel.com\\\/da\\\/#website\"},\"primaryImageOfPage\":{\"@id\":\"https:\\\/\\\/nicandmel.com\\\/da\\\/vare\\\/andrew-iphone-pung-italiensk-laeder-cognac\\\/#primaryimage\"},\"image\":{\"@id\":\"https:\\\/\\\/nicandmel.com\\\/da\\\/vare\\\/andrew-iphone-pung-italiensk-laeder-cognac\\\/#primaryimage\"},\"thumbnailUrl\":\"https:\\\/\\\/nicandmel.com\\\/wp-content\\\/uploads\\\/2019\\\/11\\\/andrew-cognac-wallet-11-max_1.jpg\",\"datePublished\":\"2023-08-21T12:40:44+00:00\",\"dateModified\":\"2024-11-07T14:50:36+00:00\",\"description\":\"L\u00f8ft din stil med Andrew Phone Wallet, der er fremstillet af luksuri\u00f8st italiensk l\u00e6der. Dette sofistikerede tilbeh\u00f8r har et tidl\u00f8st design, magnetisk iPhone-holder og er kompatibelt med tr\u00e5dl\u00f8s opladning. Perfekt til enhver lejlighed, tag din i dag og oplev problemfri funktionalitet med et strejf af elegance!\",\"breadcrumb\":{\"@id\":\"https:\\\/\\\/nicandmel.com\\\/da\\\/vare\\\/andrew-iphone-pung-italiensk-laeder-cognac\\\/#breadcrumb\"},\"inLanguage\":\"da-DK\",\"potentialAction\":[{\"@type\":\"ReadAction\",\"target\":[\"https:\\\/\\\/nicandmel.com\\\/da\\\/vare\\\/andrew-iphone-pung-italiensk-laeder-cognac\\\/\"]}]},{\"@type\":\"ImageObject\",\"inLanguage\":\"da-DK\",\"@id\":\"https:\\\/\\\/nicandmel.com\\\/da\\\/vare\\\/andrew-iphone-pung-italiensk-laeder-cognac\\\/#primaryimage\",\"url\":\"https:\\\/\\\/nicandmel.com\\\/wp-content\\\/uploads\\\/2019\\\/11\\\/andrew-cognac-wallet-11-max_1.jpg\",\"contentUrl\":\"https:\\\/\\\/nicandmel.com\\\/wp-content\\\/uploads\\\/2019\\\/11\\\/andrew-cognac-wallet-11-max_1.jpg\",\"width\":1500,\"height\":1828},{\"@type\":\"BreadcrumbList\",\"@id\":\"https:\\\/\\\/nicandmel.com\\\/da\\\/vare\\\/andrew-iphone-pung-italiensk-laeder-cognac\\\/#breadcrumb\",\"itemListElement\":[{\"@type\":\"ListItem\",\"position\":1,\"name\":\"Home\",\"item\":\"https:\\\/\\\/nicandmel.com\\\/da\\\/laedervarer-online-nic-mel\\\/\"},{\"@type\":\"ListItem\",\"position\":2,\"name\":\"Butik\",\"item\":\"https:\\\/\\\/nicandmel.com\\\/da\\\/shop\\\/\"},{\"@type\":\"ListItem\",\"position\":3,\"name\":\"Andrew iPhone-pung italiensk l\u00e6der, cognac\"}]},{\"@type\":\"WebSite\",\"@id\":\"https:\\\/\\\/nicandmel.com\\\/da\\\/#website\",\"url\":\"https:\\\/\\\/nicandmel.com\\\/da\\\/\",\"name\":\"Nic & Mel\",\"description\":\"Handmade leather goods\",\"publisher\":{\"@id\":\"https:\\\/\\\/nicandmel.com\\\/da\\\/#organization\"},\"potentialAction\":[{\"@type\":\"SearchAction\",\"target\":{\"@type\":\"EntryPoint\",\"urlTemplate\":\"https:\\\/\\\/nicandmel.com\\\/da\\\/?s={search_term_string}\"},\"query-input\":{\"@type\":\"PropertyValueSpecification\",\"valueRequired\":true,\"valueName\":\"search_term_string\"}}],\"inLanguage\":\"da-DK\"},{\"@type\":\"Organization\",\"@id\":\"https:\\\/\\\/nicandmel.com\\\/da\\\/#organization\",\"name\":\"Nic & Mel\",\"url\":\"https:\\\/\\\/nicandmel.com\\\/da\\\/\",\"logo\":{\"@type\":\"ImageObject\",\"inLanguage\":\"da-DK\",\"@id\":\"https:\\\/\\\/nicandmel.com\\\/da\\\/#\\\/schema\\\/logo\\\/image\\\/\",\"url\":\"https:\\\/\\\/nicandmel.com\\\/wp-content\\\/uploads\\\/2021\\\/07\\\/nic_and_mel_logo.png\",\"contentUrl\":\"https:\\\/\\\/nicandmel.com\\\/wp-content\\\/uploads\\\/2021\\\/07\\\/nic_and_mel_logo.png\",\"width\":1237,\"height\":263,\"caption\":\"Nic & Mel\"},\"image\":{\"@id\":\"https:\\\/\\\/nicandmel.com\\\/da\\\/#\\\/schema\\\/logo\\\/image\\\/\"},\"sameAs\":[\"https:\\\/\\\/www.facebook.com\\\/nicandmel\"]}]}<\/script>\n<!-- \/ Yoast SEO plugin. -->","yoast_head_json":{"title":"Andrew iPhone-pung italiensk l\u00e6der, cognac - Nic &amp; Mel","description":"L\u00f8ft din stil med Andrew Phone Wallet, der er fremstillet af luksuri\u00f8st italiensk l\u00e6der. Dette sofistikerede tilbeh\u00f8r har et tidl\u00f8st design, magnetisk iPhone-holder og er kompatibelt med tr\u00e5dl\u00f8s opladning. Perfekt til enhver lejlighed, tag din i dag og oplev problemfri funktionalitet med et strejf af elegance!","robots":{"index":"index","follow":"follow","max-snippet":"max-snippet:-1","max-image-preview":"max-image-preview:large","max-video-preview":"max-video-preview:-1"},"canonical":"https:\/\/nicandmel.com\/da\/vare\/andrew-iphone-pung-italiensk-laeder-cognac\/","og_locale":"da_DK","og_type":"article","og_title":"Andrew iPhone-pung italiensk l\u00e6der, cognac - Nic &amp; Mel","og_description":"L\u00f8ft din stil med Andrew Phone Wallet, der er fremstillet af luksuri\u00f8st italiensk l\u00e6der. Dette sofistikerede tilbeh\u00f8r har et tidl\u00f8st design, magnetisk iPhone-holder og er kompatibelt med tr\u00e5dl\u00f8s opladning. Perfekt til enhver lejlighed, tag din i dag og oplev problemfri funktionalitet med et strejf af elegance!","og_url":"https:\/\/nicandmel.com\/da\/vare\/andrew-iphone-pung-italiensk-laeder-cognac\/","og_site_name":"Nic &amp; Mel","article_publisher":"https:\/\/www.facebook.com\/nicandmel","article_modified_time":"2024-11-07T14:50:36+00:00","og_image":[{"width":1500,"height":1828,"url":"https:\/\/nicandmel.com\/wp-content\/uploads\/2019\/11\/andrew-cognac-wallet-11-max_1.jpg","type":"image\/jpeg"}],"twitter_card":"summary_large_image","twitter_misc":{"Estimeret l\u00e6setid":"1 minut"},"schema":{"@context":"https:\/\/schema.org","@graph":[{"@type":"WebPage","@id":"https:\/\/nicandmel.com\/da\/vare\/andrew-iphone-pung-italiensk-laeder-cognac\/","url":"https:\/\/nicandmel.com\/da\/vare\/andrew-iphone-pung-italiensk-laeder-cognac\/","name":"Andrew iPhone-pung italiensk l\u00e6der, cognac - Nic &amp; Mel","isPartOf":{"@id":"https:\/\/nicandmel.com\/da\/#website"},"primaryImageOfPage":{"@id":"https:\/\/nicandmel.com\/da\/vare\/andrew-iphone-pung-italiensk-laeder-cognac\/#primaryimage"},"image":{"@id":"https:\/\/nicandmel.com\/da\/vare\/andrew-iphone-pung-italiensk-laeder-cognac\/#primaryimage"},"thumbnailUrl":"https:\/\/nicandmel.com\/wp-content\/uploads\/2019\/11\/andrew-cognac-wallet-11-max_1.jpg","datePublished":"2023-08-21T12:40:44+00:00","dateModified":"2024-11-07T14:50:36+00:00","description":"L\u00f8ft din stil med Andrew Phone Wallet, der er fremstillet af luksuri\u00f8st italiensk l\u00e6der. Dette sofistikerede tilbeh\u00f8r har et tidl\u00f8st design, magnetisk iPhone-holder og er kompatibelt med tr\u00e5dl\u00f8s opladning. Perfekt til enhver lejlighed, tag din i dag og oplev problemfri funktionalitet med et strejf af elegance!","breadcrumb":{"@id":"https:\/\/nicandmel.com\/da\/vare\/andrew-iphone-pung-italiensk-laeder-cognac\/#breadcrumb"},"inLanguage":"da-DK","potentialAction":[{"@type":"ReadAction","target":["https:\/\/nicandmel.com\/da\/vare\/andrew-iphone-pung-italiensk-laeder-cognac\/"]}]},{"@type":"ImageObject","inLanguage":"da-DK","@id":"https:\/\/nicandmel.com\/da\/vare\/andrew-iphone-pung-italiensk-laeder-cognac\/#primaryimage","url":"https:\/\/nicandmel.com\/wp-content\/uploads\/2019\/11\/andrew-cognac-wallet-11-max_1.jpg","contentUrl":"https:\/\/nicandmel.com\/wp-content\/uploads\/2019\/11\/andrew-cognac-wallet-11-max_1.jpg","width":1500,"height":1828},{"@type":"BreadcrumbList","@id":"https:\/\/nicandmel.com\/da\/vare\/andrew-iphone-pung-italiensk-laeder-cognac\/#breadcrumb","itemListElement":[{"@type":"ListItem","position":1,"name":"Home","item":"https:\/\/nicandmel.com\/da\/laedervarer-online-nic-mel\/"},{"@type":"ListItem","position":2,"name":"Butik","item":"https:\/\/nicandmel.com\/da\/shop\/"},{"@type":"ListItem","position":3,"name":"Andrew iPhone-pung italiensk l\u00e6der, cognac"}]},{"@type":"WebSite","@id":"https:\/\/nicandmel.com\/da\/#website","url":"https:\/\/nicandmel.com\/da\/","name":"Nic & Mel","description":"Handmade leather goods","publisher":{"@id":"https:\/\/nicandmel.com\/da\/#organization"},"potentialAction":[{"@type":"SearchAction","target":{"@type":"EntryPoint","urlTemplate":"https:\/\/nicandmel.com\/da\/?s={search_term_string}"},"query-input":{"@type":"PropertyValueSpecification","valueRequired":true,"valueName":"search_term_string"}}],"inLanguage":"da-DK"},{"@type":"Organization","@id":"https:\/\/nicandmel.com\/da\/#organization","name":"Nic & Mel","url":"https:\/\/nicandmel.com\/da\/","logo":{"@type":"ImageObject","inLanguage":"da-DK","@id":"https:\/\/nicandmel.com\/da\/#\/schema\/logo\/image\/","url":"https:\/\/nicandmel.com\/wp-content\/uploads\/2021\/07\/nic_and_mel_logo.png","contentUrl":"https:\/\/nicandmel.com\/wp-content\/uploads\/2021\/07\/nic_and_mel_logo.png","width":1237,"height":263,"caption":"Nic & Mel"},"image":{"@id":"https:\/\/nicandmel.com\/da\/#\/schema\/logo\/image\/"},"sameAs":["https:\/\/www.facebook.com\/nicandmel"]}]}},"_links":{"self":[{"href":"https:\/\/nicandmel.com\/da\/wp-json\/wp\/v2\/product\/19441","targetHints":{"allow":["GET"]}}],"collection":[{"href":"https:\/\/nicandmel.com\/da\/wp-json\/wp\/v2\/product"}],"about":[{"href":"https:\/\/nicandmel.com\/da\/wp-json\/wp\/v2\/types\/product"}],"wp:featuredmedia":[{"embeddable":true,"href":"https:\/\/nicandmel.com\/da\/wp-json\/wp\/v2\/media\/17920"}],"wp:attachment":[{"href":"https:\/\/nicandmel.com\/da\/wp-json\/wp\/v2\/media?parent=19441"}],"wp:term":[{"taxonomy":"product_brand","embeddable":true,"href":"https:\/\/nicandmel.com\/da\/wp-json\/wp\/v2\/product_brand?post=19441"},{"taxonomy":"product_cat","embeddable":true,"href":"https:\/\/nicandmel.com\/da\/wp-json\/wp\/v2\/product_cat?post=19441"},{"taxonomy":"product_tag","embeddable":true,"href":"https:\/\/nicandmel.com\/da\/wp-json\/wp\/v2\/product_tag?post=19441"}],"curies":[{"name":"wp","href":"https:\/\/api.w.org\/{rel}","templated":true}]}}