{"id":19590,"date":"2016-10-11T14:41:00","date_gmt":"2016-10-11T12:41:00","guid":{"rendered":"https:\/\/nicandmel.com\/product\/charles-backcasemoerkebruniphone-6-6s\/"},"modified":"2024-11-08T09:29:23","modified_gmt":"2024-11-08T08:29:23","slug":"charles-backcasemoerkebruniphone-6-6s","status":"publish","type":"product","link":"https:\/\/nicandmel.com\/da\/vare\/charles-backcasemoerkebruniphone-6-6s\/","title":{"rendered":"CHARLES BACKCASEM\u00f8rkebruniPhone 6\/6S"},"content":{"rendered":"<p>[vc_row][vc_column width=&#8221;2\/3&#8243;][vc_column_text]BESKRIVELSE<\/p>\n<p>Charles backcase er et minimalistisk etui til din iPhone. Den er lavet af beskyttende PVC, har matte kanter for et bedre greb og patineret l\u00e6der p\u00e5 bagsiden for at give den det rigtige vintage-look. L\u00e6deret vil se endnu bedre ud efter nogen tids brug!  [\/vc_column_text][vc_empty_space][\/vc_column][vc_column width=&#8221;1\/3&#8243; css=&#8221;.vc_custom_1476089404277{border-left-width: 1px !important;border-left-color: #e5e5e5 !important;border-left-style: solid !important;border-radius: 1px !important;}&#8221;][vc_column_text]DETALJER<\/p>\n<p>Lavet til iPhone 6\/6S.<\/p>\n<p>Materiale: PVC og \u00e6gte l\u00e6der.[\/vc_column_text][\/vc_column][\/vc_row]<\/p>\n","protected":false},"excerpt":{"rendered":"<p>Charles er den perfekte kombination af beskyttelse af din iPhone og vintage-stil.<\/p>\n","protected":false},"featured_media":16078,"template":"","meta":{"_acf_changed":false},"product_brand":[],"product_cat":[1815],"product_tag":[],"class_list":{"0":"post-19590","1":"product","2":"type-product","3":"status-publish","4":"has-post-thumbnail","6":"product_cat-mobiltilbehor","7":"product_shipping_class-lille-forsendelse","8":"pa_model-iphone-6-6s-da","10":"first","11":"instock","12":"taxable","13":"shipping-taxable","14":"purchasable","15":"product-type-simple"},"acf":[],"yoast_head":"<!-- This site is optimized with the Yoast SEO plugin v27.3 - https:\/\/yoast.com\/product\/yoast-seo-wordpress\/ -->\n<title>Charles Backcase M\u00f8rkebrun iPhone 6\/6S - Nic &amp; Mel.<\/title>\n<meta name=\"description\" content=\"Charles Backcase m\u00f8rkebrun iPhone 6\/6S. Vintage-stil. Gratis levering over 200 SEK.\" \/>\n<meta name=\"robots\" content=\"index, follow, max-snippet:-1, max-image-preview:large, max-video-preview:-1\" \/>\n<link rel=\"canonical\" href=\"https:\/\/nicandmel.com\/da\/vare\/charles-backcasemoerkebruniphone-6-6s\/\" \/>\n<meta property=\"og:locale\" content=\"da_DK\" \/>\n<meta property=\"og:type\" content=\"article\" \/>\n<meta property=\"og:title\" content=\"Charles Backcase M\u00f8rkebrun iPhone 6\/6S - Nic &amp; Mel.\" \/>\n<meta property=\"og:description\" content=\"Charles Backcase m\u00f8rkebrun iPhone 6\/6S. Vintage-stil. Gratis levering over 200 SEK.\" \/>\n<meta property=\"og:url\" content=\"https:\/\/nicandmel.com\/da\/vare\/charles-backcasemoerkebruniphone-6-6s\/\" \/>\n<meta property=\"og:site_name\" content=\"Nic &amp; Mel\" \/>\n<meta property=\"article:publisher\" content=\"https:\/\/www.facebook.com\/nicandmel\" \/>\n<meta property=\"article:modified_time\" content=\"2024-11-08T08:29:23+00:00\" \/>\n<meta property=\"og:image\" content=\"https:\/\/nicandmel.com\/wp-content\/uploads\/2016\/10\/charles_hc_dbrown_iphone7.jpg\" \/>\n\t<meta property=\"og:image:width\" content=\"2000\" \/>\n\t<meta property=\"og:image:height\" content=\"1371\" \/>\n\t<meta property=\"og:image:type\" content=\"image\/jpeg\" \/>\n<meta name=\"twitter:card\" content=\"summary_large_image\" \/>\n<meta name=\"twitter:label1\" content=\"Estimeret l\u00e6setid\" \/>\n\t<meta name=\"twitter:data1\" content=\"1 minut\" \/>\n<script type=\"application\/ld+json\" class=\"yoast-schema-graph\">{\"@context\":\"https:\\\/\\\/schema.org\",\"@graph\":[{\"@type\":\"WebPage\",\"@id\":\"https:\\\/\\\/nicandmel.com\\\/da\\\/vare\\\/charles-backcasemoerkebruniphone-6-6s\\\/\",\"url\":\"https:\\\/\\\/nicandmel.com\\\/da\\\/vare\\\/charles-backcasemoerkebruniphone-6-6s\\\/\",\"name\":\"Charles Backcase M\u00f8rkebrun iPhone 6\\\/6S - Nic & Mel.\",\"isPartOf\":{\"@id\":\"https:\\\/\\\/nicandmel.com\\\/da\\\/#website\"},\"primaryImageOfPage\":{\"@id\":\"https:\\\/\\\/nicandmel.com\\\/da\\\/vare\\\/charles-backcasemoerkebruniphone-6-6s\\\/#primaryimage\"},\"image\":{\"@id\":\"https:\\\/\\\/nicandmel.com\\\/da\\\/vare\\\/charles-backcasemoerkebruniphone-6-6s\\\/#primaryimage\"},\"thumbnailUrl\":\"https:\\\/\\\/nicandmel.com\\\/wp-content\\\/uploads\\\/2016\\\/10\\\/charles_hc_dbrown_iphone7.jpg\",\"datePublished\":\"2016-10-11T12:41:00+00:00\",\"dateModified\":\"2024-11-08T08:29:23+00:00\",\"description\":\"Charles Backcase m\u00f8rkebrun iPhone 6\\\/6S. Vintage-stil. Gratis levering over 200 SEK.\",\"breadcrumb\":{\"@id\":\"https:\\\/\\\/nicandmel.com\\\/da\\\/vare\\\/charles-backcasemoerkebruniphone-6-6s\\\/#breadcrumb\"},\"inLanguage\":\"da-DK\",\"potentialAction\":[{\"@type\":\"ReadAction\",\"target\":[\"https:\\\/\\\/nicandmel.com\\\/da\\\/vare\\\/charles-backcasemoerkebruniphone-6-6s\\\/\"]}]},{\"@type\":\"ImageObject\",\"inLanguage\":\"da-DK\",\"@id\":\"https:\\\/\\\/nicandmel.com\\\/da\\\/vare\\\/charles-backcasemoerkebruniphone-6-6s\\\/#primaryimage\",\"url\":\"https:\\\/\\\/nicandmel.com\\\/wp-content\\\/uploads\\\/2016\\\/10\\\/charles_hc_dbrown_iphone7.jpg\",\"contentUrl\":\"https:\\\/\\\/nicandmel.com\\\/wp-content\\\/uploads\\\/2016\\\/10\\\/charles_hc_dbrown_iphone7.jpg\",\"width\":2000,\"height\":1371},{\"@type\":\"BreadcrumbList\",\"@id\":\"https:\\\/\\\/nicandmel.com\\\/da\\\/vare\\\/charles-backcasemoerkebruniphone-6-6s\\\/#breadcrumb\",\"itemListElement\":[{\"@type\":\"ListItem\",\"position\":1,\"name\":\"Home\",\"item\":\"https:\\\/\\\/nicandmel.com\\\/da\\\/laedervarer-online-nic-mel\\\/\"},{\"@type\":\"ListItem\",\"position\":2,\"name\":\"Butik\",\"item\":\"https:\\\/\\\/nicandmel.com\\\/da\\\/shop\\\/\"},{\"@type\":\"ListItem\",\"position\":3,\"name\":\"CHARLES BACKCASEM\u00f8rkebruniPhone 6\\\/6S\"}]},{\"@type\":\"WebSite\",\"@id\":\"https:\\\/\\\/nicandmel.com\\\/da\\\/#website\",\"url\":\"https:\\\/\\\/nicandmel.com\\\/da\\\/\",\"name\":\"Nic & Mel\",\"description\":\"Handmade leather goods\",\"publisher\":{\"@id\":\"https:\\\/\\\/nicandmel.com\\\/da\\\/#organization\"},\"potentialAction\":[{\"@type\":\"SearchAction\",\"target\":{\"@type\":\"EntryPoint\",\"urlTemplate\":\"https:\\\/\\\/nicandmel.com\\\/da\\\/?s={search_term_string}\"},\"query-input\":{\"@type\":\"PropertyValueSpecification\",\"valueRequired\":true,\"valueName\":\"search_term_string\"}}],\"inLanguage\":\"da-DK\"},{\"@type\":\"Organization\",\"@id\":\"https:\\\/\\\/nicandmel.com\\\/da\\\/#organization\",\"name\":\"Nic & Mel\",\"url\":\"https:\\\/\\\/nicandmel.com\\\/da\\\/\",\"logo\":{\"@type\":\"ImageObject\",\"inLanguage\":\"da-DK\",\"@id\":\"https:\\\/\\\/nicandmel.com\\\/da\\\/#\\\/schema\\\/logo\\\/image\\\/\",\"url\":\"https:\\\/\\\/nicandmel.com\\\/wp-content\\\/uploads\\\/2021\\\/07\\\/nic_and_mel_logo.png\",\"contentUrl\":\"https:\\\/\\\/nicandmel.com\\\/wp-content\\\/uploads\\\/2021\\\/07\\\/nic_and_mel_logo.png\",\"width\":1237,\"height\":263,\"caption\":\"Nic & Mel\"},\"image\":{\"@id\":\"https:\\\/\\\/nicandmel.com\\\/da\\\/#\\\/schema\\\/logo\\\/image\\\/\"},\"sameAs\":[\"https:\\\/\\\/www.facebook.com\\\/nicandmel\"]}]}<\/script>\n<!-- \/ Yoast SEO plugin. -->","yoast_head_json":{"title":"Charles Backcase M\u00f8rkebrun iPhone 6\/6S - Nic & Mel.","description":"Charles Backcase m\u00f8rkebrun iPhone 6\/6S. Vintage-stil. Gratis levering over 200 SEK.","robots":{"index":"index","follow":"follow","max-snippet":"max-snippet:-1","max-image-preview":"max-image-preview:large","max-video-preview":"max-video-preview:-1"},"canonical":"https:\/\/nicandmel.com\/da\/vare\/charles-backcasemoerkebruniphone-6-6s\/","og_locale":"da_DK","og_type":"article","og_title":"Charles Backcase M\u00f8rkebrun iPhone 6\/6S - Nic & Mel.","og_description":"Charles Backcase m\u00f8rkebrun iPhone 6\/6S. Vintage-stil. Gratis levering over 200 SEK.","og_url":"https:\/\/nicandmel.com\/da\/vare\/charles-backcasemoerkebruniphone-6-6s\/","og_site_name":"Nic &amp; Mel","article_publisher":"https:\/\/www.facebook.com\/nicandmel","article_modified_time":"2024-11-08T08:29:23+00:00","og_image":[{"width":2000,"height":1371,"url":"https:\/\/nicandmel.com\/wp-content\/uploads\/2016\/10\/charles_hc_dbrown_iphone7.jpg","type":"image\/jpeg"}],"twitter_card":"summary_large_image","twitter_misc":{"Estimeret l\u00e6setid":"1 minut"},"schema":{"@context":"https:\/\/schema.org","@graph":[{"@type":"WebPage","@id":"https:\/\/nicandmel.com\/da\/vare\/charles-backcasemoerkebruniphone-6-6s\/","url":"https:\/\/nicandmel.com\/da\/vare\/charles-backcasemoerkebruniphone-6-6s\/","name":"Charles Backcase M\u00f8rkebrun iPhone 6\/6S - Nic & Mel.","isPartOf":{"@id":"https:\/\/nicandmel.com\/da\/#website"},"primaryImageOfPage":{"@id":"https:\/\/nicandmel.com\/da\/vare\/charles-backcasemoerkebruniphone-6-6s\/#primaryimage"},"image":{"@id":"https:\/\/nicandmel.com\/da\/vare\/charles-backcasemoerkebruniphone-6-6s\/#primaryimage"},"thumbnailUrl":"https:\/\/nicandmel.com\/wp-content\/uploads\/2016\/10\/charles_hc_dbrown_iphone7.jpg","datePublished":"2016-10-11T12:41:00+00:00","dateModified":"2024-11-08T08:29:23+00:00","description":"Charles Backcase m\u00f8rkebrun iPhone 6\/6S. Vintage-stil. Gratis levering over 200 SEK.","breadcrumb":{"@id":"https:\/\/nicandmel.com\/da\/vare\/charles-backcasemoerkebruniphone-6-6s\/#breadcrumb"},"inLanguage":"da-DK","potentialAction":[{"@type":"ReadAction","target":["https:\/\/nicandmel.com\/da\/vare\/charles-backcasemoerkebruniphone-6-6s\/"]}]},{"@type":"ImageObject","inLanguage":"da-DK","@id":"https:\/\/nicandmel.com\/da\/vare\/charles-backcasemoerkebruniphone-6-6s\/#primaryimage","url":"https:\/\/nicandmel.com\/wp-content\/uploads\/2016\/10\/charles_hc_dbrown_iphone7.jpg","contentUrl":"https:\/\/nicandmel.com\/wp-content\/uploads\/2016\/10\/charles_hc_dbrown_iphone7.jpg","width":2000,"height":1371},{"@type":"BreadcrumbList","@id":"https:\/\/nicandmel.com\/da\/vare\/charles-backcasemoerkebruniphone-6-6s\/#breadcrumb","itemListElement":[{"@type":"ListItem","position":1,"name":"Home","item":"https:\/\/nicandmel.com\/da\/laedervarer-online-nic-mel\/"},{"@type":"ListItem","position":2,"name":"Butik","item":"https:\/\/nicandmel.com\/da\/shop\/"},{"@type":"ListItem","position":3,"name":"CHARLES BACKCASEM\u00f8rkebruniPhone 6\/6S"}]},{"@type":"WebSite","@id":"https:\/\/nicandmel.com\/da\/#website","url":"https:\/\/nicandmel.com\/da\/","name":"Nic & Mel","description":"Handmade leather goods","publisher":{"@id":"https:\/\/nicandmel.com\/da\/#organization"},"potentialAction":[{"@type":"SearchAction","target":{"@type":"EntryPoint","urlTemplate":"https:\/\/nicandmel.com\/da\/?s={search_term_string}"},"query-input":{"@type":"PropertyValueSpecification","valueRequired":true,"valueName":"search_term_string"}}],"inLanguage":"da-DK"},{"@type":"Organization","@id":"https:\/\/nicandmel.com\/da\/#organization","name":"Nic & Mel","url":"https:\/\/nicandmel.com\/da\/","logo":{"@type":"ImageObject","inLanguage":"da-DK","@id":"https:\/\/nicandmel.com\/da\/#\/schema\/logo\/image\/","url":"https:\/\/nicandmel.com\/wp-content\/uploads\/2021\/07\/nic_and_mel_logo.png","contentUrl":"https:\/\/nicandmel.com\/wp-content\/uploads\/2021\/07\/nic_and_mel_logo.png","width":1237,"height":263,"caption":"Nic & Mel"},"image":{"@id":"https:\/\/nicandmel.com\/da\/#\/schema\/logo\/image\/"},"sameAs":["https:\/\/www.facebook.com\/nicandmel"]}]}},"_links":{"self":[{"href":"https:\/\/nicandmel.com\/da\/wp-json\/wp\/v2\/product\/19590","targetHints":{"allow":["GET"]}}],"collection":[{"href":"https:\/\/nicandmel.com\/da\/wp-json\/wp\/v2\/product"}],"about":[{"href":"https:\/\/nicandmel.com\/da\/wp-json\/wp\/v2\/types\/product"}],"wp:featuredmedia":[{"embeddable":true,"href":"https:\/\/nicandmel.com\/da\/wp-json\/wp\/v2\/media\/16078"}],"wp:attachment":[{"href":"https:\/\/nicandmel.com\/da\/wp-json\/wp\/v2\/media?parent=19590"}],"wp:term":[{"taxonomy":"product_brand","embeddable":true,"href":"https:\/\/nicandmel.com\/da\/wp-json\/wp\/v2\/product_brand?post=19590"},{"taxonomy":"product_cat","embeddable":true,"href":"https:\/\/nicandmel.com\/da\/wp-json\/wp\/v2\/product_cat?post=19590"},{"taxonomy":"product_tag","embeddable":true,"href":"https:\/\/nicandmel.com\/da\/wp-json\/wp\/v2\/product_tag?post=19590"}],"curies":[{"name":"wp","href":"https:\/\/api.w.org\/{rel}","templated":true}]}}