{"id":19614,"date":"2021-07-06T09:51:53","date_gmt":"2021-07-06T07:51:53","guid":{"rendered":"https:\/\/nicandmel.com\/product\/slimjim-mobiltaske-cognac-laeder-iphone-11\/"},"modified":"2024-11-08T10:10:46","modified_gmt":"2024-11-08T09:10:46","slug":"slimjim-mobiltaske-cognac-laeder-iphone-11","status":"publish","type":"product","link":"https:\/\/nicandmel.com\/da\/vare\/slimjim-mobiltaske-cognac-laeder-iphone-11\/","title":{"rendered":"SlimJim mobiltaske (Cognac l\u00e6der iPhone 11)"},"content":{"rendered":"<p>SlimJim er vores mest slanke og minimalistiske produktserie til dem, der vil have en stilfuld m\u00e5de at beskytte deres telefon p\u00e5, men som ikke har brug for ekstra funktioner. N\u00e5r beskyttelse og stil er afg\u00f8rende. Vores SlimJim l\u00e6deretui er h\u00e5ndlavet af det fineste l\u00e6der p\u00e5 vores fabrik. Hvert stykke garves og bearbejdes manuelt, hvilket skaber et unikt udseende, som slides smukt med tiden. <\/p>\n","protected":false},"excerpt":{"rendered":"<p>Vores mest elegante iPhone-skal, SlimJim l\u00e6der hardcase. H\u00e5ndgarvet l\u00e6der af h\u00f8jeste kvalitet. Et perfekt s\u00f8ml\u00f8st, rent og moderne look med indpakningskanter. Ikke underligt, at dette er et af vores mest popul\u00e6re etuier.   <\/p>\n<ul>\n<li>Passer til iPhone 11<\/li>\n<li>Farve: Cognac<\/li>\n<li>Materiale: \u00c6gte l\u00e6der<\/li>\n<\/ul>\n","protected":false},"featured_media":17866,"template":"","meta":{"_acf_changed":false},"product_brand":[],"product_cat":[1815],"product_tag":[2035,2015],"class_list":{"0":"post-19614","1":"product","2":"type-product","3":"status-publish","4":"has-post-thumbnail","6":"product_cat-mobiltilbehor","7":"product_tag-iphone-11-da","8":"product_tag-slimjim-da","9":"pa_model-iphone-11-da","11":"first","12":"instock","13":"featured","14":"taxable","15":"shipping-taxable","16":"purchasable","17":"product-type-simple"},"acf":[],"yoast_head":"<!-- This site is optimized with the Yoast SEO plugin v27.3 - https:\/\/yoast.com\/product\/yoast-seo-wordpress\/ -->\n<title>SlimJim mobiltaske (Cognac l\u00e6der iPhone 11) - Nic &amp; Mel<\/title>\n<meta name=\"description\" content=\"Andrew telefonpung i \u00e6gte h\u00e5ndlavet l\u00e6der til iPhone 11, med magnetisk bagside i l\u00e6derfinish. Tilpasset til tr\u00e5dl\u00f8s opladning.\" \/>\n<meta name=\"robots\" content=\"index, follow, max-snippet:-1, max-image-preview:large, max-video-preview:-1\" \/>\n<link rel=\"canonical\" href=\"https:\/\/nicandmel.com\/da\/vare\/slimjim-mobiltaske-cognac-laeder-iphone-11\/\" \/>\n<meta property=\"og:locale\" content=\"da_DK\" \/>\n<meta property=\"og:type\" content=\"article\" \/>\n<meta property=\"og:title\" content=\"SlimJim mobiltaske (Cognac l\u00e6der iPhone 11) - Nic &amp; Mel\" \/>\n<meta property=\"og:description\" content=\"Andrew telefonpung i \u00e6gte h\u00e5ndlavet l\u00e6der til iPhone 11, med magnetisk bagside i l\u00e6derfinish. Tilpasset til tr\u00e5dl\u00f8s opladning.\" \/>\n<meta property=\"og:url\" content=\"https:\/\/nicandmel.com\/da\/vare\/slimjim-mobiltaske-cognac-laeder-iphone-11\/\" \/>\n<meta property=\"og:site_name\" content=\"Nic &amp; Mel\" \/>\n<meta property=\"article:publisher\" content=\"https:\/\/www.facebook.com\/nicandmel\" \/>\n<meta property=\"article:modified_time\" content=\"2024-11-08T09:10:46+00:00\" \/>\n<meta property=\"og:image\" content=\"https:\/\/nicandmel.com\/wp-content\/uploads\/2021\/07\/slimjim-cognac-case-11_1.jpg\" \/>\n\t<meta property=\"og:image:width\" content=\"1500\" \/>\n\t<meta property=\"og:image:height\" content=\"1828\" \/>\n\t<meta property=\"og:image:type\" content=\"image\/jpeg\" \/>\n<meta name=\"twitter:card\" content=\"summary_large_image\" \/>\n<script type=\"application\/ld+json\" class=\"yoast-schema-graph\">{\"@context\":\"https:\\\/\\\/schema.org\",\"@graph\":[{\"@type\":\"WebPage\",\"@id\":\"https:\\\/\\\/nicandmel.com\\\/da\\\/vare\\\/slimjim-mobiltaske-cognac-laeder-iphone-11\\\/\",\"url\":\"https:\\\/\\\/nicandmel.com\\\/da\\\/vare\\\/slimjim-mobiltaske-cognac-laeder-iphone-11\\\/\",\"name\":\"SlimJim mobiltaske (Cognac l\u00e6der iPhone 11) - Nic &amp; Mel\",\"isPartOf\":{\"@id\":\"https:\\\/\\\/nicandmel.com\\\/da\\\/#website\"},\"primaryImageOfPage\":{\"@id\":\"https:\\\/\\\/nicandmel.com\\\/da\\\/vare\\\/slimjim-mobiltaske-cognac-laeder-iphone-11\\\/#primaryimage\"},\"image\":{\"@id\":\"https:\\\/\\\/nicandmel.com\\\/da\\\/vare\\\/slimjim-mobiltaske-cognac-laeder-iphone-11\\\/#primaryimage\"},\"thumbnailUrl\":\"https:\\\/\\\/nicandmel.com\\\/wp-content\\\/uploads\\\/2021\\\/07\\\/slimjim-cognac-case-11_1.jpg\",\"datePublished\":\"2021-07-06T07:51:53+00:00\",\"dateModified\":\"2024-11-08T09:10:46+00:00\",\"description\":\"Andrew telefonpung i \u00e6gte h\u00e5ndlavet l\u00e6der til iPhone 11, med magnetisk bagside i l\u00e6derfinish. Tilpasset til tr\u00e5dl\u00f8s opladning.\",\"breadcrumb\":{\"@id\":\"https:\\\/\\\/nicandmel.com\\\/da\\\/vare\\\/slimjim-mobiltaske-cognac-laeder-iphone-11\\\/#breadcrumb\"},\"inLanguage\":\"da-DK\",\"potentialAction\":[{\"@type\":\"ReadAction\",\"target\":[\"https:\\\/\\\/nicandmel.com\\\/da\\\/vare\\\/slimjim-mobiltaske-cognac-laeder-iphone-11\\\/\"]}]},{\"@type\":\"ImageObject\",\"inLanguage\":\"da-DK\",\"@id\":\"https:\\\/\\\/nicandmel.com\\\/da\\\/vare\\\/slimjim-mobiltaske-cognac-laeder-iphone-11\\\/#primaryimage\",\"url\":\"https:\\\/\\\/nicandmel.com\\\/wp-content\\\/uploads\\\/2021\\\/07\\\/slimjim-cognac-case-11_1.jpg\",\"contentUrl\":\"https:\\\/\\\/nicandmel.com\\\/wp-content\\\/uploads\\\/2021\\\/07\\\/slimjim-cognac-case-11_1.jpg\",\"width\":1500,\"height\":1828},{\"@type\":\"BreadcrumbList\",\"@id\":\"https:\\\/\\\/nicandmel.com\\\/da\\\/vare\\\/slimjim-mobiltaske-cognac-laeder-iphone-11\\\/#breadcrumb\",\"itemListElement\":[{\"@type\":\"ListItem\",\"position\":1,\"name\":\"Home\",\"item\":\"https:\\\/\\\/nicandmel.com\\\/da\\\/laedervarer-online-nic-mel\\\/\"},{\"@type\":\"ListItem\",\"position\":2,\"name\":\"Butik\",\"item\":\"https:\\\/\\\/nicandmel.com\\\/da\\\/shop\\\/\"},{\"@type\":\"ListItem\",\"position\":3,\"name\":\"SlimJim mobiltaske (Cognac l\u00e6der iPhone 11)\"}]},{\"@type\":\"WebSite\",\"@id\":\"https:\\\/\\\/nicandmel.com\\\/da\\\/#website\",\"url\":\"https:\\\/\\\/nicandmel.com\\\/da\\\/\",\"name\":\"Nic & Mel\",\"description\":\"Handmade leather goods\",\"publisher\":{\"@id\":\"https:\\\/\\\/nicandmel.com\\\/da\\\/#organization\"},\"potentialAction\":[{\"@type\":\"SearchAction\",\"target\":{\"@type\":\"EntryPoint\",\"urlTemplate\":\"https:\\\/\\\/nicandmel.com\\\/da\\\/?s={search_term_string}\"},\"query-input\":{\"@type\":\"PropertyValueSpecification\",\"valueRequired\":true,\"valueName\":\"search_term_string\"}}],\"inLanguage\":\"da-DK\"},{\"@type\":\"Organization\",\"@id\":\"https:\\\/\\\/nicandmel.com\\\/da\\\/#organization\",\"name\":\"Nic & Mel\",\"url\":\"https:\\\/\\\/nicandmel.com\\\/da\\\/\",\"logo\":{\"@type\":\"ImageObject\",\"inLanguage\":\"da-DK\",\"@id\":\"https:\\\/\\\/nicandmel.com\\\/da\\\/#\\\/schema\\\/logo\\\/image\\\/\",\"url\":\"https:\\\/\\\/nicandmel.com\\\/wp-content\\\/uploads\\\/2021\\\/07\\\/nic_and_mel_logo.png\",\"contentUrl\":\"https:\\\/\\\/nicandmel.com\\\/wp-content\\\/uploads\\\/2021\\\/07\\\/nic_and_mel_logo.png\",\"width\":1237,\"height\":263,\"caption\":\"Nic & Mel\"},\"image\":{\"@id\":\"https:\\\/\\\/nicandmel.com\\\/da\\\/#\\\/schema\\\/logo\\\/image\\\/\"},\"sameAs\":[\"https:\\\/\\\/www.facebook.com\\\/nicandmel\"]}]}<\/script>\n<!-- \/ Yoast SEO plugin. -->","yoast_head_json":{"title":"SlimJim mobiltaske (Cognac l\u00e6der iPhone 11) - Nic &amp; Mel","description":"Andrew telefonpung i \u00e6gte h\u00e5ndlavet l\u00e6der til iPhone 11, med magnetisk bagside i l\u00e6derfinish. Tilpasset til tr\u00e5dl\u00f8s opladning.","robots":{"index":"index","follow":"follow","max-snippet":"max-snippet:-1","max-image-preview":"max-image-preview:large","max-video-preview":"max-video-preview:-1"},"canonical":"https:\/\/nicandmel.com\/da\/vare\/slimjim-mobiltaske-cognac-laeder-iphone-11\/","og_locale":"da_DK","og_type":"article","og_title":"SlimJim mobiltaske (Cognac l\u00e6der iPhone 11) - Nic &amp; Mel","og_description":"Andrew telefonpung i \u00e6gte h\u00e5ndlavet l\u00e6der til iPhone 11, med magnetisk bagside i l\u00e6derfinish. Tilpasset til tr\u00e5dl\u00f8s opladning.","og_url":"https:\/\/nicandmel.com\/da\/vare\/slimjim-mobiltaske-cognac-laeder-iphone-11\/","og_site_name":"Nic &amp; Mel","article_publisher":"https:\/\/www.facebook.com\/nicandmel","article_modified_time":"2024-11-08T09:10:46+00:00","og_image":[{"width":1500,"height":1828,"url":"https:\/\/nicandmel.com\/wp-content\/uploads\/2021\/07\/slimjim-cognac-case-11_1.jpg","type":"image\/jpeg"}],"twitter_card":"summary_large_image","schema":{"@context":"https:\/\/schema.org","@graph":[{"@type":"WebPage","@id":"https:\/\/nicandmel.com\/da\/vare\/slimjim-mobiltaske-cognac-laeder-iphone-11\/","url":"https:\/\/nicandmel.com\/da\/vare\/slimjim-mobiltaske-cognac-laeder-iphone-11\/","name":"SlimJim mobiltaske (Cognac l\u00e6der iPhone 11) - Nic &amp; Mel","isPartOf":{"@id":"https:\/\/nicandmel.com\/da\/#website"},"primaryImageOfPage":{"@id":"https:\/\/nicandmel.com\/da\/vare\/slimjim-mobiltaske-cognac-laeder-iphone-11\/#primaryimage"},"image":{"@id":"https:\/\/nicandmel.com\/da\/vare\/slimjim-mobiltaske-cognac-laeder-iphone-11\/#primaryimage"},"thumbnailUrl":"https:\/\/nicandmel.com\/wp-content\/uploads\/2021\/07\/slimjim-cognac-case-11_1.jpg","datePublished":"2021-07-06T07:51:53+00:00","dateModified":"2024-11-08T09:10:46+00:00","description":"Andrew telefonpung i \u00e6gte h\u00e5ndlavet l\u00e6der til iPhone 11, med magnetisk bagside i l\u00e6derfinish. Tilpasset til tr\u00e5dl\u00f8s opladning.","breadcrumb":{"@id":"https:\/\/nicandmel.com\/da\/vare\/slimjim-mobiltaske-cognac-laeder-iphone-11\/#breadcrumb"},"inLanguage":"da-DK","potentialAction":[{"@type":"ReadAction","target":["https:\/\/nicandmel.com\/da\/vare\/slimjim-mobiltaske-cognac-laeder-iphone-11\/"]}]},{"@type":"ImageObject","inLanguage":"da-DK","@id":"https:\/\/nicandmel.com\/da\/vare\/slimjim-mobiltaske-cognac-laeder-iphone-11\/#primaryimage","url":"https:\/\/nicandmel.com\/wp-content\/uploads\/2021\/07\/slimjim-cognac-case-11_1.jpg","contentUrl":"https:\/\/nicandmel.com\/wp-content\/uploads\/2021\/07\/slimjim-cognac-case-11_1.jpg","width":1500,"height":1828},{"@type":"BreadcrumbList","@id":"https:\/\/nicandmel.com\/da\/vare\/slimjim-mobiltaske-cognac-laeder-iphone-11\/#breadcrumb","itemListElement":[{"@type":"ListItem","position":1,"name":"Home","item":"https:\/\/nicandmel.com\/da\/laedervarer-online-nic-mel\/"},{"@type":"ListItem","position":2,"name":"Butik","item":"https:\/\/nicandmel.com\/da\/shop\/"},{"@type":"ListItem","position":3,"name":"SlimJim mobiltaske (Cognac l\u00e6der iPhone 11)"}]},{"@type":"WebSite","@id":"https:\/\/nicandmel.com\/da\/#website","url":"https:\/\/nicandmel.com\/da\/","name":"Nic & Mel","description":"Handmade leather goods","publisher":{"@id":"https:\/\/nicandmel.com\/da\/#organization"},"potentialAction":[{"@type":"SearchAction","target":{"@type":"EntryPoint","urlTemplate":"https:\/\/nicandmel.com\/da\/?s={search_term_string}"},"query-input":{"@type":"PropertyValueSpecification","valueRequired":true,"valueName":"search_term_string"}}],"inLanguage":"da-DK"},{"@type":"Organization","@id":"https:\/\/nicandmel.com\/da\/#organization","name":"Nic & Mel","url":"https:\/\/nicandmel.com\/da\/","logo":{"@type":"ImageObject","inLanguage":"da-DK","@id":"https:\/\/nicandmel.com\/da\/#\/schema\/logo\/image\/","url":"https:\/\/nicandmel.com\/wp-content\/uploads\/2021\/07\/nic_and_mel_logo.png","contentUrl":"https:\/\/nicandmel.com\/wp-content\/uploads\/2021\/07\/nic_and_mel_logo.png","width":1237,"height":263,"caption":"Nic & Mel"},"image":{"@id":"https:\/\/nicandmel.com\/da\/#\/schema\/logo\/image\/"},"sameAs":["https:\/\/www.facebook.com\/nicandmel"]}]}},"_links":{"self":[{"href":"https:\/\/nicandmel.com\/da\/wp-json\/wp\/v2\/product\/19614","targetHints":{"allow":["GET"]}}],"collection":[{"href":"https:\/\/nicandmel.com\/da\/wp-json\/wp\/v2\/product"}],"about":[{"href":"https:\/\/nicandmel.com\/da\/wp-json\/wp\/v2\/types\/product"}],"wp:featuredmedia":[{"embeddable":true,"href":"https:\/\/nicandmel.com\/da\/wp-json\/wp\/v2\/media\/17866"}],"wp:attachment":[{"href":"https:\/\/nicandmel.com\/da\/wp-json\/wp\/v2\/media?parent=19614"}],"wp:term":[{"taxonomy":"product_brand","embeddable":true,"href":"https:\/\/nicandmel.com\/da\/wp-json\/wp\/v2\/product_brand?post=19614"},{"taxonomy":"product_cat","embeddable":true,"href":"https:\/\/nicandmel.com\/da\/wp-json\/wp\/v2\/product_cat?post=19614"},{"taxonomy":"product_tag","embeddable":true,"href":"https:\/\/nicandmel.com\/da\/wp-json\/wp\/v2\/product_tag?post=19614"}],"curies":[{"name":"wp","href":"https:\/\/api.w.org\/{rel}","templated":true}]}}