{"id":19619,"date":"2023-02-08T18:15:26","date_gmt":"2023-02-08T17:15:26","guid":{"rendered":"https:\/\/nicandmel.com\/product\/magnetisk-etui-cognac-magsafe-traadloes-opladning-af-iphone-12-12-pro\/"},"modified":"2023-02-08T18:15:26","modified_gmt":"2023-02-08T17:15:26","slug":"magnetisk-etui-cognac-magsafe-traadloes-opladning-af-iphone-12-12-pro","status":"publish","type":"product","link":"https:\/\/nicandmel.com\/da\/vare\/magnetisk-etui-cognac-magsafe-traadloes-opladning-af-iphone-12-12-pro\/","title":{"rendered":"Magnetisk etui, cognac, Magsafe (tr\u00e5dl\u00f8s opladning af iPhone 12 \/ 12 Pro)"},"content":{"rendered":"<p>Vi pr\u00e6senterer det helt nye magnetiske etui til iPhone 12 og 12 Pro &#8211; den perfekte kombination af stil, funktionalitet og beskyttelse. Oplev bekvemmeligheden ved tr\u00e5dl\u00f8s opladning med vores opgraderede version af det magnetiske etui til iPhone 12 og 12 Pro. Ikke mere fumlen med ledninger, placer blot din enhed p\u00e5 en tr\u00e5dl\u00f8s oplader, og lad magien ske. Vores etui er designet til at passe perfekt og har fleksible gummikanter, der slutter t\u00e6t om din telefon og giver fuld beskyttelse mod utilsigtede st\u00f8d og fald. Den bl\u00f8de mikrofiberforing p\u00e5 indersiden sikrer, at din telefons sarte overflader forbliver ridsefri. Vi forst\u00e5r, hvor vigtigt et sikkert greb er, og derfor har vores etui et ribbet greb hele vejen rundt. Du kan trygt h\u00e5ndtere din telefon uden at bekymre dig om at glide eller falde. Med hensyn til stil har vi ogs\u00e5 d\u00e6kket dig ind. Ydersiden af etuiet er kl\u00e6dt i elegant sort mikrofiber, der udstr\u00e5ler raffinement. For at tilf\u00f8je et strejf af elegance har vi pr\u00e6get en guldlogotype p\u00e5 vegansk l\u00e6der, hvilket l\u00f8fter det samlede look. Dette etui er ikke kun begr\u00e6nset til iPhone 12 og 12 Pro, det passer ogs\u00e5 til Nic &amp; Mels telefonpunge, der er tilpasset til tr\u00e5dl\u00f8s opladning. S\u00e5 hvis du ejer s\u00e5dan en, kan du v\u00e6re sikker p\u00e5, at vores magnetiske etui vil fungere problemfrit sammen med den. Desuden er vores etui udstyret med MagSafe-teknologi, der sikrer en perfekt tilpasning til MagSafe-opladere og andet kompatibelt tilbeh\u00f8r. Omfavn fremtidens opladningskomfort med vores magnetiske etui til iPhone 12 og 12 Pro. Opgrader din telefons beskyttelse og opladningsoplevelse i dag med vores Magnetic Case &#8211; den perfekte ledsager til din iPhone 12 eller 12 Pro.<\/p>\n","protected":false},"excerpt":{"rendered":"<p>Magnetisk etui, der underst\u00f8tter tr\u00e5dl\u00f8s opladning til iPhone 12 Pro Beskyttende og sikkert med et omgivende ribbet greb og mikrofiberforing p\u00e5 b\u00e5de for- og bagside.<\/p>\n","protected":false},"featured_media":18109,"template":"","meta":{"_acf_changed":false},"product_brand":[],"product_cat":[1815],"product_tag":[2011,2039],"class_list":{"0":"post-19619","1":"product","2":"type-product","3":"status-publish","4":"has-post-thumbnail","6":"product_cat-mobiltilbehor","7":"product_tag-andrew-da","8":"product_tag-iphone-12-pro-da","9":"pa_model-iphone-12-da","10":"pa_model-iphone-12-pro-da","12":"first","13":"instock","14":"taxable","15":"shipping-taxable","16":"purchasable","17":"product-type-simple"},"acf":[],"yoast_head":"<!-- This site is optimized with the Yoast SEO plugin v27.3 - https:\/\/yoast.com\/product\/yoast-seo-wordpress\/ -->\n<title>Magnetisk etui, cognac, Magsafe (tr\u00e5dl\u00f8s opladning af iPhone 12 \/ 12 Pro) - Nic &amp; Mel<\/title>\n<meta name=\"description\" content=\"Magnetisk iPhone X-etui, der underst\u00f8tter tr\u00e5dl\u00f8s opladning! Perfekt pasform med omgivende fleksibelt gummi og bl\u00f8dt mikrofiberfor p\u00e5 indersiden for at beskytte din telefon. Ribbet greb hele vejen rundt for at sikre et fast og sikkert greb. Den slidst\u00e6rke yderside er kl\u00e6dt i sort mikrofiber og prydet med en guldlogotype.\" \/>\n<meta name=\"robots\" content=\"index, follow, max-snippet:-1, max-image-preview:large, max-video-preview:-1\" \/>\n<link rel=\"canonical\" href=\"https:\/\/nicandmel.com\/da\/vare\/magnetisk-etui-cognac-magsafe-traadloes-opladning-af-iphone-12-12-pro\/\" \/>\n<meta property=\"og:locale\" content=\"da_DK\" \/>\n<meta property=\"og:type\" content=\"article\" \/>\n<meta property=\"og:title\" content=\"Magnetisk etui, cognac, Magsafe (tr\u00e5dl\u00f8s opladning af iPhone 12 \/ 12 Pro) - Nic &amp; Mel\" \/>\n<meta property=\"og:description\" content=\"Magnetisk iPhone X-etui, der underst\u00f8tter tr\u00e5dl\u00f8s opladning! Perfekt pasform med omgivende fleksibelt gummi og bl\u00f8dt mikrofiberfor p\u00e5 indersiden for at beskytte din telefon. Ribbet greb hele vejen rundt for at sikre et fast og sikkert greb. Den slidst\u00e6rke yderside er kl\u00e6dt i sort mikrofiber og prydet med en guldlogotype.\" \/>\n<meta property=\"og:url\" content=\"https:\/\/nicandmel.com\/da\/vare\/magnetisk-etui-cognac-magsafe-traadloes-opladning-af-iphone-12-12-pro\/\" \/>\n<meta property=\"og:site_name\" content=\"Nic &amp; Mel\" \/>\n<meta property=\"article:publisher\" content=\"https:\/\/www.facebook.com\/nicandmel\" \/>\n<meta property=\"og:image\" content=\"https:\/\/nicandmel.com\/wp-content\/uploads\/2023\/12\/magcase-congac-11-max.jpg\" \/>\n\t<meta property=\"og:image:width\" content=\"1500\" \/>\n\t<meta property=\"og:image:height\" content=\"1828\" \/>\n\t<meta property=\"og:image:type\" content=\"image\/jpeg\" \/>\n<meta name=\"twitter:card\" content=\"summary_large_image\" \/>\n<meta name=\"twitter:label1\" content=\"Estimeret l\u00e6setid\" \/>\n\t<meta name=\"twitter:data1\" content=\"1 minut\" \/>\n<script type=\"application\/ld+json\" class=\"yoast-schema-graph\">{\"@context\":\"https:\\\/\\\/schema.org\",\"@graph\":[{\"@type\":\"WebPage\",\"@id\":\"https:\\\/\\\/nicandmel.com\\\/da\\\/vare\\\/magnetisk-etui-cognac-magsafe-traadloes-opladning-af-iphone-12-12-pro\\\/\",\"url\":\"https:\\\/\\\/nicandmel.com\\\/da\\\/vare\\\/magnetisk-etui-cognac-magsafe-traadloes-opladning-af-iphone-12-12-pro\\\/\",\"name\":\"Magnetisk etui, cognac, Magsafe (tr\u00e5dl\u00f8s opladning af iPhone 12 \\\/ 12 Pro) - Nic &amp; Mel\",\"isPartOf\":{\"@id\":\"https:\\\/\\\/nicandmel.com\\\/da\\\/#website\"},\"primaryImageOfPage\":{\"@id\":\"https:\\\/\\\/nicandmel.com\\\/da\\\/vare\\\/magnetisk-etui-cognac-magsafe-traadloes-opladning-af-iphone-12-12-pro\\\/#primaryimage\"},\"image\":{\"@id\":\"https:\\\/\\\/nicandmel.com\\\/da\\\/vare\\\/magnetisk-etui-cognac-magsafe-traadloes-opladning-af-iphone-12-12-pro\\\/#primaryimage\"},\"thumbnailUrl\":\"https:\\\/\\\/nicandmel.com\\\/wp-content\\\/uploads\\\/2023\\\/12\\\/magcase-congac-11-max.jpg\",\"datePublished\":\"2023-02-08T17:15:26+00:00\",\"description\":\"Magnetisk iPhone X-etui, der underst\u00f8tter tr\u00e5dl\u00f8s opladning! Perfekt pasform med omgivende fleksibelt gummi og bl\u00f8dt mikrofiberfor p\u00e5 indersiden for at beskytte din telefon. Ribbet greb hele vejen rundt for at sikre et fast og sikkert greb. Den slidst\u00e6rke yderside er kl\u00e6dt i sort mikrofiber og prydet med en guldlogotype.\",\"breadcrumb\":{\"@id\":\"https:\\\/\\\/nicandmel.com\\\/da\\\/vare\\\/magnetisk-etui-cognac-magsafe-traadloes-opladning-af-iphone-12-12-pro\\\/#breadcrumb\"},\"inLanguage\":\"da-DK\",\"potentialAction\":[{\"@type\":\"ReadAction\",\"target\":[\"https:\\\/\\\/nicandmel.com\\\/da\\\/vare\\\/magnetisk-etui-cognac-magsafe-traadloes-opladning-af-iphone-12-12-pro\\\/\"]}]},{\"@type\":\"ImageObject\",\"inLanguage\":\"da-DK\",\"@id\":\"https:\\\/\\\/nicandmel.com\\\/da\\\/vare\\\/magnetisk-etui-cognac-magsafe-traadloes-opladning-af-iphone-12-12-pro\\\/#primaryimage\",\"url\":\"https:\\\/\\\/nicandmel.com\\\/wp-content\\\/uploads\\\/2023\\\/12\\\/magcase-congac-11-max.jpg\",\"contentUrl\":\"https:\\\/\\\/nicandmel.com\\\/wp-content\\\/uploads\\\/2023\\\/12\\\/magcase-congac-11-max.jpg\",\"width\":1500,\"height\":1828},{\"@type\":\"BreadcrumbList\",\"@id\":\"https:\\\/\\\/nicandmel.com\\\/da\\\/vare\\\/magnetisk-etui-cognac-magsafe-traadloes-opladning-af-iphone-12-12-pro\\\/#breadcrumb\",\"itemListElement\":[{\"@type\":\"ListItem\",\"position\":1,\"name\":\"Home\",\"item\":\"https:\\\/\\\/nicandmel.com\\\/da\\\/laedervarer-online-nic-mel\\\/\"},{\"@type\":\"ListItem\",\"position\":2,\"name\":\"Butik\",\"item\":\"https:\\\/\\\/nicandmel.com\\\/da\\\/shop\\\/\"},{\"@type\":\"ListItem\",\"position\":3,\"name\":\"Magnetisk etui, cognac, Magsafe (tr\u00e5dl\u00f8s opladning af iPhone 12 \\\/ 12 Pro)\"}]},{\"@type\":\"WebSite\",\"@id\":\"https:\\\/\\\/nicandmel.com\\\/da\\\/#website\",\"url\":\"https:\\\/\\\/nicandmel.com\\\/da\\\/\",\"name\":\"Nic & Mel\",\"description\":\"Handmade leather goods\",\"publisher\":{\"@id\":\"https:\\\/\\\/nicandmel.com\\\/da\\\/#organization\"},\"potentialAction\":[{\"@type\":\"SearchAction\",\"target\":{\"@type\":\"EntryPoint\",\"urlTemplate\":\"https:\\\/\\\/nicandmel.com\\\/da\\\/?s={search_term_string}\"},\"query-input\":{\"@type\":\"PropertyValueSpecification\",\"valueRequired\":true,\"valueName\":\"search_term_string\"}}],\"inLanguage\":\"da-DK\"},{\"@type\":\"Organization\",\"@id\":\"https:\\\/\\\/nicandmel.com\\\/da\\\/#organization\",\"name\":\"Nic & Mel\",\"url\":\"https:\\\/\\\/nicandmel.com\\\/da\\\/\",\"logo\":{\"@type\":\"ImageObject\",\"inLanguage\":\"da-DK\",\"@id\":\"https:\\\/\\\/nicandmel.com\\\/da\\\/#\\\/schema\\\/logo\\\/image\\\/\",\"url\":\"https:\\\/\\\/nicandmel.com\\\/wp-content\\\/uploads\\\/2021\\\/07\\\/nic_and_mel_logo.png\",\"contentUrl\":\"https:\\\/\\\/nicandmel.com\\\/wp-content\\\/uploads\\\/2021\\\/07\\\/nic_and_mel_logo.png\",\"width\":1237,\"height\":263,\"caption\":\"Nic & Mel\"},\"image\":{\"@id\":\"https:\\\/\\\/nicandmel.com\\\/da\\\/#\\\/schema\\\/logo\\\/image\\\/\"},\"sameAs\":[\"https:\\\/\\\/www.facebook.com\\\/nicandmel\"]}]}<\/script>\n<!-- \/ Yoast SEO plugin. -->","yoast_head_json":{"title":"Magnetisk etui, cognac, Magsafe (tr\u00e5dl\u00f8s opladning af iPhone 12 \/ 12 Pro) - Nic &amp; Mel","description":"Magnetisk iPhone X-etui, der underst\u00f8tter tr\u00e5dl\u00f8s opladning! Perfekt pasform med omgivende fleksibelt gummi og bl\u00f8dt mikrofiberfor p\u00e5 indersiden for at beskytte din telefon. Ribbet greb hele vejen rundt for at sikre et fast og sikkert greb. Den slidst\u00e6rke yderside er kl\u00e6dt i sort mikrofiber og prydet med en guldlogotype.","robots":{"index":"index","follow":"follow","max-snippet":"max-snippet:-1","max-image-preview":"max-image-preview:large","max-video-preview":"max-video-preview:-1"},"canonical":"https:\/\/nicandmel.com\/da\/vare\/magnetisk-etui-cognac-magsafe-traadloes-opladning-af-iphone-12-12-pro\/","og_locale":"da_DK","og_type":"article","og_title":"Magnetisk etui, cognac, Magsafe (tr\u00e5dl\u00f8s opladning af iPhone 12 \/ 12 Pro) - Nic &amp; Mel","og_description":"Magnetisk iPhone X-etui, der underst\u00f8tter tr\u00e5dl\u00f8s opladning! Perfekt pasform med omgivende fleksibelt gummi og bl\u00f8dt mikrofiberfor p\u00e5 indersiden for at beskytte din telefon. Ribbet greb hele vejen rundt for at sikre et fast og sikkert greb. Den slidst\u00e6rke yderside er kl\u00e6dt i sort mikrofiber og prydet med en guldlogotype.","og_url":"https:\/\/nicandmel.com\/da\/vare\/magnetisk-etui-cognac-magsafe-traadloes-opladning-af-iphone-12-12-pro\/","og_site_name":"Nic &amp; Mel","article_publisher":"https:\/\/www.facebook.com\/nicandmel","og_image":[{"width":1500,"height":1828,"url":"https:\/\/nicandmel.com\/wp-content\/uploads\/2023\/12\/magcase-congac-11-max.jpg","type":"image\/jpeg"}],"twitter_card":"summary_large_image","twitter_misc":{"Estimeret l\u00e6setid":"1 minut"},"schema":{"@context":"https:\/\/schema.org","@graph":[{"@type":"WebPage","@id":"https:\/\/nicandmel.com\/da\/vare\/magnetisk-etui-cognac-magsafe-traadloes-opladning-af-iphone-12-12-pro\/","url":"https:\/\/nicandmel.com\/da\/vare\/magnetisk-etui-cognac-magsafe-traadloes-opladning-af-iphone-12-12-pro\/","name":"Magnetisk etui, cognac, Magsafe (tr\u00e5dl\u00f8s opladning af iPhone 12 \/ 12 Pro) - Nic &amp; Mel","isPartOf":{"@id":"https:\/\/nicandmel.com\/da\/#website"},"primaryImageOfPage":{"@id":"https:\/\/nicandmel.com\/da\/vare\/magnetisk-etui-cognac-magsafe-traadloes-opladning-af-iphone-12-12-pro\/#primaryimage"},"image":{"@id":"https:\/\/nicandmel.com\/da\/vare\/magnetisk-etui-cognac-magsafe-traadloes-opladning-af-iphone-12-12-pro\/#primaryimage"},"thumbnailUrl":"https:\/\/nicandmel.com\/wp-content\/uploads\/2023\/12\/magcase-congac-11-max.jpg","datePublished":"2023-02-08T17:15:26+00:00","description":"Magnetisk iPhone X-etui, der underst\u00f8tter tr\u00e5dl\u00f8s opladning! Perfekt pasform med omgivende fleksibelt gummi og bl\u00f8dt mikrofiberfor p\u00e5 indersiden for at beskytte din telefon. Ribbet greb hele vejen rundt for at sikre et fast og sikkert greb. Den slidst\u00e6rke yderside er kl\u00e6dt i sort mikrofiber og prydet med en guldlogotype.","breadcrumb":{"@id":"https:\/\/nicandmel.com\/da\/vare\/magnetisk-etui-cognac-magsafe-traadloes-opladning-af-iphone-12-12-pro\/#breadcrumb"},"inLanguage":"da-DK","potentialAction":[{"@type":"ReadAction","target":["https:\/\/nicandmel.com\/da\/vare\/magnetisk-etui-cognac-magsafe-traadloes-opladning-af-iphone-12-12-pro\/"]}]},{"@type":"ImageObject","inLanguage":"da-DK","@id":"https:\/\/nicandmel.com\/da\/vare\/magnetisk-etui-cognac-magsafe-traadloes-opladning-af-iphone-12-12-pro\/#primaryimage","url":"https:\/\/nicandmel.com\/wp-content\/uploads\/2023\/12\/magcase-congac-11-max.jpg","contentUrl":"https:\/\/nicandmel.com\/wp-content\/uploads\/2023\/12\/magcase-congac-11-max.jpg","width":1500,"height":1828},{"@type":"BreadcrumbList","@id":"https:\/\/nicandmel.com\/da\/vare\/magnetisk-etui-cognac-magsafe-traadloes-opladning-af-iphone-12-12-pro\/#breadcrumb","itemListElement":[{"@type":"ListItem","position":1,"name":"Home","item":"https:\/\/nicandmel.com\/da\/laedervarer-online-nic-mel\/"},{"@type":"ListItem","position":2,"name":"Butik","item":"https:\/\/nicandmel.com\/da\/shop\/"},{"@type":"ListItem","position":3,"name":"Magnetisk etui, cognac, Magsafe (tr\u00e5dl\u00f8s opladning af iPhone 12 \/ 12 Pro)"}]},{"@type":"WebSite","@id":"https:\/\/nicandmel.com\/da\/#website","url":"https:\/\/nicandmel.com\/da\/","name":"Nic & Mel","description":"Handmade leather goods","publisher":{"@id":"https:\/\/nicandmel.com\/da\/#organization"},"potentialAction":[{"@type":"SearchAction","target":{"@type":"EntryPoint","urlTemplate":"https:\/\/nicandmel.com\/da\/?s={search_term_string}"},"query-input":{"@type":"PropertyValueSpecification","valueRequired":true,"valueName":"search_term_string"}}],"inLanguage":"da-DK"},{"@type":"Organization","@id":"https:\/\/nicandmel.com\/da\/#organization","name":"Nic & Mel","url":"https:\/\/nicandmel.com\/da\/","logo":{"@type":"ImageObject","inLanguage":"da-DK","@id":"https:\/\/nicandmel.com\/da\/#\/schema\/logo\/image\/","url":"https:\/\/nicandmel.com\/wp-content\/uploads\/2021\/07\/nic_and_mel_logo.png","contentUrl":"https:\/\/nicandmel.com\/wp-content\/uploads\/2021\/07\/nic_and_mel_logo.png","width":1237,"height":263,"caption":"Nic & Mel"},"image":{"@id":"https:\/\/nicandmel.com\/da\/#\/schema\/logo\/image\/"},"sameAs":["https:\/\/www.facebook.com\/nicandmel"]}]}},"_links":{"self":[{"href":"https:\/\/nicandmel.com\/da\/wp-json\/wp\/v2\/product\/19619","targetHints":{"allow":["GET"]}}],"collection":[{"href":"https:\/\/nicandmel.com\/da\/wp-json\/wp\/v2\/product"}],"about":[{"href":"https:\/\/nicandmel.com\/da\/wp-json\/wp\/v2\/types\/product"}],"wp:featuredmedia":[{"embeddable":true,"href":"https:\/\/nicandmel.com\/da\/wp-json\/wp\/v2\/media\/18109"}],"wp:attachment":[{"href":"https:\/\/nicandmel.com\/da\/wp-json\/wp\/v2\/media?parent=19619"}],"wp:term":[{"taxonomy":"product_brand","embeddable":true,"href":"https:\/\/nicandmel.com\/da\/wp-json\/wp\/v2\/product_brand?post=19619"},{"taxonomy":"product_cat","embeddable":true,"href":"https:\/\/nicandmel.com\/da\/wp-json\/wp\/v2\/product_cat?post=19619"},{"taxonomy":"product_tag","embeddable":true,"href":"https:\/\/nicandmel.com\/da\/wp-json\/wp\/v2\/product_tag?post=19619"}],"curies":[{"name":"wp","href":"https:\/\/api.w.org\/{rel}","templated":true}]}}