{"id":20053,"date":"2025-05-20T05:29:04","date_gmt":"2025-05-20T03:29:04","guid":{"rendered":"https:\/\/nicandmel.com\/?post_type=product&#038;p=20053"},"modified":"2025-12-09T08:30:05","modified_gmt":"2025-12-09T07:30:05","slug":"magnetisk-etui-cognac-iphone-16","status":"publish","type":"product","link":"https:\/\/nicandmel.com\/da\/vare\/magnetisk-etui-cognac-iphone-16\/","title":{"rendered":"Mobil etui, cognac till iPhone 15"},"content":{"rendered":"<p>Et f\u00f8rsteklasses og veldesignet magnetisk etui til iPhone med fokus p\u00e5 \u00e6stetik, funktionalitet og kompatibilitet. Her er en raffineret version af din beskrivelse: Vi pr\u00e6senterer vores magnetiske etui til iPhone, hvor elegance m\u00f8der funktionalitet. Dette etui er fremstillet med pr\u00e6cision og sans for detaljer og tilbyder en s\u00f8ml\u00f8s blanding af stil og funktionalitet.<\/p>\n<p><strong>Materialer:<\/strong><\/p>\n<ul>\n<li><strong>Siderne:<\/strong> Kanterne er omgivet af et bl\u00f8dt, men stift gummi, som giver et behageligt greb, der f\u00f8les sikkert i h\u00e5nden.<\/li>\n<li><strong>Bagside:<\/strong> Bagsiden er lavet af slidst\u00e6rkt vegansk l\u00e6der med vores pr\u00e6gede logo, der er elegant folieret i guld.<\/li>\n<li><strong>Indvendigt:<\/strong> For at beskytte din iPhone mod ridser er indersiden foret med en ultrabl\u00f8d mikrofiber, der sikrer en uber\u00f8rt overflade hver gang.<\/li>\n<\/ul>\n<p>L\u00f8ft din iPhone-oplevelse med et etui, der ikke kun supplerer det slanke design af iPhone 13 Pro, men ogs\u00e5 tilf\u00f8jer et strejf af raffinement til dine hverdags\u00f8jeblikke.<\/p>\n","protected":false},"excerpt":{"rendered":"<p>Mobil cover etui til iPhone 16, beskyttende og sikkert med et omgivende ribbet greb og mikrofiberforing p\u00e5 b\u00e5de for- og bagside.<\/p>\n","protected":false},"featured_media":18109,"template":"","meta":{"_acf_changed":false},"product_brand":[],"product_cat":[1815],"product_tag":[],"class_list":{"0":"post-20053","1":"product","2":"type-product","3":"status-publish","4":"has-post-thumbnail","6":"product_cat-mobiltilbehor","8":"first","9":"instock","10":"taxable","11":"shipping-taxable","12":"purchasable","13":"product-type-simple"},"acf":[],"yoast_head":"<!-- This site is optimized with the Yoast SEO plugin v27.5 - https:\/\/yoast.com\/product\/yoast-seo-wordpress\/ -->\n<title>Mobil etui, cognac till iPhone 15 - Nic &amp; Mel<\/title>\n<meta name=\"robots\" content=\"index, follow, max-snippet:-1, max-image-preview:large, max-video-preview:-1\" \/>\n<link rel=\"canonical\" href=\"https:\/\/nicandmel.com\/da\/vare\/magnetisk-etui-cognac-iphone-16\/\" \/>\n<meta property=\"og:locale\" content=\"da_DK\" \/>\n<meta property=\"og:type\" content=\"article\" \/>\n<meta property=\"og:title\" content=\"Mobil etui, cognac till iPhone 15 - Nic &amp; Mel\" \/>\n<meta property=\"og:description\" content=\"Mobil cover etui til iPhone 16, beskyttende og sikkert med et omgivende ribbet greb og mikrofiberforing p\u00e5 b\u00e5de for- og bagside.\" \/>\n<meta property=\"og:url\" content=\"https:\/\/nicandmel.com\/da\/vare\/magnetisk-etui-cognac-iphone-16\/\" \/>\n<meta property=\"og:site_name\" content=\"Nic &amp; Mel\" \/>\n<meta property=\"article:publisher\" content=\"https:\/\/www.facebook.com\/nicandmel\" \/>\n<meta property=\"article:modified_time\" content=\"2025-12-09T07:30:05+00:00\" \/>\n<meta property=\"og:image\" content=\"https:\/\/nicandmel.com\/wp-content\/uploads\/2023\/12\/magcase-congac-11-max.jpg\" \/>\n\t<meta property=\"og:image:width\" content=\"1500\" \/>\n\t<meta property=\"og:image:height\" content=\"1828\" \/>\n\t<meta property=\"og:image:type\" content=\"image\/jpeg\" \/>\n<meta name=\"twitter:card\" content=\"summary_large_image\" \/>\n<meta name=\"twitter:label1\" content=\"Estimeret l\u00e6setid\" \/>\n\t<meta name=\"twitter:data1\" content=\"1 minut\" \/>\n<script type=\"application\/ld+json\" class=\"yoast-schema-graph\">{\"@context\":\"https:\\\/\\\/schema.org\",\"@graph\":[{\"@type\":\"WebPage\",\"@id\":\"https:\\\/\\\/nicandmel.com\\\/da\\\/vare\\\/magnetisk-etui-cognac-iphone-16\\\/\",\"url\":\"https:\\\/\\\/nicandmel.com\\\/da\\\/vare\\\/magnetisk-etui-cognac-iphone-16\\\/\",\"name\":\"Mobil etui, cognac till iPhone 15 - Nic &amp; Mel\",\"isPartOf\":{\"@id\":\"https:\\\/\\\/nicandmel.com\\\/da\\\/#website\"},\"primaryImageOfPage\":{\"@id\":\"https:\\\/\\\/nicandmel.com\\\/da\\\/vare\\\/magnetisk-etui-cognac-iphone-16\\\/#primaryimage\"},\"image\":{\"@id\":\"https:\\\/\\\/nicandmel.com\\\/da\\\/vare\\\/magnetisk-etui-cognac-iphone-16\\\/#primaryimage\"},\"thumbnailUrl\":\"https:\\\/\\\/nicandmel.com\\\/wp-content\\\/uploads\\\/2023\\\/12\\\/magcase-congac-11-max.jpg\",\"datePublished\":\"2025-05-20T03:29:04+00:00\",\"dateModified\":\"2025-12-09T07:30:05+00:00\",\"breadcrumb\":{\"@id\":\"https:\\\/\\\/nicandmel.com\\\/da\\\/vare\\\/magnetisk-etui-cognac-iphone-16\\\/#breadcrumb\"},\"inLanguage\":\"da-DK\",\"potentialAction\":[{\"@type\":\"ReadAction\",\"target\":[\"https:\\\/\\\/nicandmel.com\\\/da\\\/vare\\\/magnetisk-etui-cognac-iphone-16\\\/\"]}]},{\"@type\":\"ImageObject\",\"inLanguage\":\"da-DK\",\"@id\":\"https:\\\/\\\/nicandmel.com\\\/da\\\/vare\\\/magnetisk-etui-cognac-iphone-16\\\/#primaryimage\",\"url\":\"https:\\\/\\\/nicandmel.com\\\/wp-content\\\/uploads\\\/2023\\\/12\\\/magcase-congac-11-max.jpg\",\"contentUrl\":\"https:\\\/\\\/nicandmel.com\\\/wp-content\\\/uploads\\\/2023\\\/12\\\/magcase-congac-11-max.jpg\",\"width\":1500,\"height\":1828},{\"@type\":\"BreadcrumbList\",\"@id\":\"https:\\\/\\\/nicandmel.com\\\/da\\\/vare\\\/magnetisk-etui-cognac-iphone-16\\\/#breadcrumb\",\"itemListElement\":[{\"@type\":\"ListItem\",\"position\":1,\"name\":\"Home\",\"item\":\"https:\\\/\\\/nicandmel.com\\\/da\\\/laedervarer-online-nic-mel\\\/\"},{\"@type\":\"ListItem\",\"position\":2,\"name\":\"Butik\",\"item\":\"https:\\\/\\\/nicandmel.com\\\/da\\\/shop\\\/\"},{\"@type\":\"ListItem\",\"position\":3,\"name\":\"Mobil etui, cognac till iPhone 15\"}]},{\"@type\":\"WebSite\",\"@id\":\"https:\\\/\\\/nicandmel.com\\\/da\\\/#website\",\"url\":\"https:\\\/\\\/nicandmel.com\\\/da\\\/\",\"name\":\"Nic & Mel\",\"description\":\"Handmade leather goods\",\"publisher\":{\"@id\":\"https:\\\/\\\/nicandmel.com\\\/da\\\/#organization\"},\"potentialAction\":[{\"@type\":\"SearchAction\",\"target\":{\"@type\":\"EntryPoint\",\"urlTemplate\":\"https:\\\/\\\/nicandmel.com\\\/da\\\/?s={search_term_string}\"},\"query-input\":{\"@type\":\"PropertyValueSpecification\",\"valueRequired\":true,\"valueName\":\"search_term_string\"}}],\"inLanguage\":\"da-DK\"},{\"@type\":\"Organization\",\"@id\":\"https:\\\/\\\/nicandmel.com\\\/da\\\/#organization\",\"name\":\"Nic & Mel\",\"url\":\"https:\\\/\\\/nicandmel.com\\\/da\\\/\",\"logo\":{\"@type\":\"ImageObject\",\"inLanguage\":\"da-DK\",\"@id\":\"https:\\\/\\\/nicandmel.com\\\/da\\\/#\\\/schema\\\/logo\\\/image\\\/\",\"url\":\"https:\\\/\\\/nicandmel.com\\\/wp-content\\\/uploads\\\/2021\\\/07\\\/nic_and_mel_logo.png\",\"contentUrl\":\"https:\\\/\\\/nicandmel.com\\\/wp-content\\\/uploads\\\/2021\\\/07\\\/nic_and_mel_logo.png\",\"width\":1237,\"height\":263,\"caption\":\"Nic & Mel\"},\"image\":{\"@id\":\"https:\\\/\\\/nicandmel.com\\\/da\\\/#\\\/schema\\\/logo\\\/image\\\/\"},\"sameAs\":[\"https:\\\/\\\/www.facebook.com\\\/nicandmel\"]}]}<\/script>\n<!-- \/ Yoast SEO plugin. -->","yoast_head_json":{"title":"Mobil etui, cognac till iPhone 15 - Nic &amp; Mel","robots":{"index":"index","follow":"follow","max-snippet":"max-snippet:-1","max-image-preview":"max-image-preview:large","max-video-preview":"max-video-preview:-1"},"canonical":"https:\/\/nicandmel.com\/da\/vare\/magnetisk-etui-cognac-iphone-16\/","og_locale":"da_DK","og_type":"article","og_title":"Mobil etui, cognac till iPhone 15 - Nic &amp; Mel","og_description":"Mobil cover etui til iPhone 16, beskyttende og sikkert med et omgivende ribbet greb og mikrofiberforing p\u00e5 b\u00e5de for- og bagside.","og_url":"https:\/\/nicandmel.com\/da\/vare\/magnetisk-etui-cognac-iphone-16\/","og_site_name":"Nic &amp; Mel","article_publisher":"https:\/\/www.facebook.com\/nicandmel","article_modified_time":"2025-12-09T07:30:05+00:00","og_image":[{"width":1500,"height":1828,"url":"https:\/\/nicandmel.com\/wp-content\/uploads\/2023\/12\/magcase-congac-11-max.jpg","type":"image\/jpeg"}],"twitter_card":"summary_large_image","twitter_misc":{"Estimeret l\u00e6setid":"1 minut"},"schema":{"@context":"https:\/\/schema.org","@graph":[{"@type":"WebPage","@id":"https:\/\/nicandmel.com\/da\/vare\/magnetisk-etui-cognac-iphone-16\/","url":"https:\/\/nicandmel.com\/da\/vare\/magnetisk-etui-cognac-iphone-16\/","name":"Mobil etui, cognac till iPhone 15 - Nic &amp; Mel","isPartOf":{"@id":"https:\/\/nicandmel.com\/da\/#website"},"primaryImageOfPage":{"@id":"https:\/\/nicandmel.com\/da\/vare\/magnetisk-etui-cognac-iphone-16\/#primaryimage"},"image":{"@id":"https:\/\/nicandmel.com\/da\/vare\/magnetisk-etui-cognac-iphone-16\/#primaryimage"},"thumbnailUrl":"https:\/\/nicandmel.com\/wp-content\/uploads\/2023\/12\/magcase-congac-11-max.jpg","datePublished":"2025-05-20T03:29:04+00:00","dateModified":"2025-12-09T07:30:05+00:00","breadcrumb":{"@id":"https:\/\/nicandmel.com\/da\/vare\/magnetisk-etui-cognac-iphone-16\/#breadcrumb"},"inLanguage":"da-DK","potentialAction":[{"@type":"ReadAction","target":["https:\/\/nicandmel.com\/da\/vare\/magnetisk-etui-cognac-iphone-16\/"]}]},{"@type":"ImageObject","inLanguage":"da-DK","@id":"https:\/\/nicandmel.com\/da\/vare\/magnetisk-etui-cognac-iphone-16\/#primaryimage","url":"https:\/\/nicandmel.com\/wp-content\/uploads\/2023\/12\/magcase-congac-11-max.jpg","contentUrl":"https:\/\/nicandmel.com\/wp-content\/uploads\/2023\/12\/magcase-congac-11-max.jpg","width":1500,"height":1828},{"@type":"BreadcrumbList","@id":"https:\/\/nicandmel.com\/da\/vare\/magnetisk-etui-cognac-iphone-16\/#breadcrumb","itemListElement":[{"@type":"ListItem","position":1,"name":"Home","item":"https:\/\/nicandmel.com\/da\/laedervarer-online-nic-mel\/"},{"@type":"ListItem","position":2,"name":"Butik","item":"https:\/\/nicandmel.com\/da\/shop\/"},{"@type":"ListItem","position":3,"name":"Mobil etui, cognac till iPhone 15"}]},{"@type":"WebSite","@id":"https:\/\/nicandmel.com\/da\/#website","url":"https:\/\/nicandmel.com\/da\/","name":"Nic & Mel","description":"Handmade leather goods","publisher":{"@id":"https:\/\/nicandmel.com\/da\/#organization"},"potentialAction":[{"@type":"SearchAction","target":{"@type":"EntryPoint","urlTemplate":"https:\/\/nicandmel.com\/da\/?s={search_term_string}"},"query-input":{"@type":"PropertyValueSpecification","valueRequired":true,"valueName":"search_term_string"}}],"inLanguage":"da-DK"},{"@type":"Organization","@id":"https:\/\/nicandmel.com\/da\/#organization","name":"Nic & Mel","url":"https:\/\/nicandmel.com\/da\/","logo":{"@type":"ImageObject","inLanguage":"da-DK","@id":"https:\/\/nicandmel.com\/da\/#\/schema\/logo\/image\/","url":"https:\/\/nicandmel.com\/wp-content\/uploads\/2021\/07\/nic_and_mel_logo.png","contentUrl":"https:\/\/nicandmel.com\/wp-content\/uploads\/2021\/07\/nic_and_mel_logo.png","width":1237,"height":263,"caption":"Nic & Mel"},"image":{"@id":"https:\/\/nicandmel.com\/da\/#\/schema\/logo\/image\/"},"sameAs":["https:\/\/www.facebook.com\/nicandmel"]}]}},"_links":{"self":[{"href":"https:\/\/nicandmel.com\/da\/wp-json\/wp\/v2\/product\/20053","targetHints":{"allow":["GET"]}}],"collection":[{"href":"https:\/\/nicandmel.com\/da\/wp-json\/wp\/v2\/product"}],"about":[{"href":"https:\/\/nicandmel.com\/da\/wp-json\/wp\/v2\/types\/product"}],"wp:featuredmedia":[{"embeddable":true,"href":"https:\/\/nicandmel.com\/da\/wp-json\/wp\/v2\/media\/18109"}],"wp:attachment":[{"href":"https:\/\/nicandmel.com\/da\/wp-json\/wp\/v2\/media?parent=20053"}],"wp:term":[{"taxonomy":"product_brand","embeddable":true,"href":"https:\/\/nicandmel.com\/da\/wp-json\/wp\/v2\/product_brand?post=20053"},{"taxonomy":"product_cat","embeddable":true,"href":"https:\/\/nicandmel.com\/da\/wp-json\/wp\/v2\/product_cat?post=20053"},{"taxonomy":"product_tag","embeddable":true,"href":"https:\/\/nicandmel.com\/da\/wp-json\/wp\/v2\/product_tag?post=20053"}],"curies":[{"name":"wp","href":"https:\/\/api.w.org\/{rel}","templated":true}]}}