{"id":20067,"date":"2025-05-20T05:57:07","date_gmt":"2025-05-20T03:57:07","guid":{"rendered":"https:\/\/nicandmel.com\/?post_type=product&#038;p=20067"},"modified":"2025-12-09T08:17:38","modified_gmt":"2025-12-09T07:17:38","slug":"magnetisk-cover-i-cognac-iphone-16-pro-max-med-magsafe","status":"publish","type":"product","link":"https:\/\/nicandmel.com\/da\/vare\/magnetisk-cover-i-cognac-iphone-16-pro-max-med-magsafe\/","title":{"rendered":"L\u00e6dercover i cognac \u2013 iPhone 16 Pro Max"},"content":{"rendered":"<h2 class=\"\" data-start=\"624\" data-end=\"692\">L\u00e6dercover i cognac \u2013 Til iPhone 16 Pro Max<\/h2>\n<p class=\"\" data-start=\"694\" data-end=\"937\">Dette<strong data-start=\"700\" data-end=\"734\">\u00a0l\u00e6dercover i cognac<\/strong> kombinerer klassisk h\u00e5ndv\u00e6rk med moderne teknologi. Skr\u00e6ddersyet til <strong data-start=\"804\" data-end=\"825\">iPhone 16 Pro Max<\/strong><strong data-start=\"878\" data-end=\"936\">r<\/strong>.<\/p>\n<p class=\"\" data-start=\"939\" data-end=\"1085\">Det er fremstillet af <strong data-start=\"961\" data-end=\"986\">\u00e6gte fuldnarvet l\u00e6der<\/strong> fra Italien og udvikler med tiden en smuk patina, der afspejler din brug og g\u00f8r hvert cover unikt.<\/p>\n<h2 class=\"\" data-start=\"1087\" data-end=\"1102\">H\u00f8jdepunkter<\/h2>\n<ul data-start=\"1104\" data-end=\"1654\">\n<li class=\"\" data-start=\"1209\" data-end=\"1298\">\n<p class=\"\" data-start=\"1211\" data-end=\"1298\"><strong data-start=\"1211\" data-end=\"1242\">Fuldnarvet italiensk l\u00e6der:<\/strong> Vegetabilsk garvet cognacl\u00e6der, som \u00e6ldes med karakter.<\/p>\n<\/li>\n<li class=\"\" data-start=\"1299\" data-end=\"1394\">\n<p class=\"\" data-start=\"1301\" data-end=\"1394\"><strong data-start=\"1301\" data-end=\"1320\">Pr\u00e6cis pasform:<\/strong> Tilpasset iPhone 16 Pro Max med udsk\u00e6ringer til knapper, kamera og porte.<\/p>\n<\/li>\n<li class=\"\" data-start=\"1395\" data-end=\"1489\">\n<p class=\"\" data-start=\"1397\" data-end=\"1489\"><strong data-start=\"1397\" data-end=\"1425\">St\u00f8dabsorberende design:<\/strong> Indvendig beskyttelse og h\u00e6vede kanter omkring sk\u00e6rm og kamera.<\/p>\n<\/li>\n<li class=\"\" data-start=\"1490\" data-end=\"1561\">\n<p class=\"\" data-start=\"1492\" data-end=\"1561\"><strong data-start=\"1492\" data-end=\"1518\">Bl\u00f8d mikrofiberforing:<\/strong> Forhindrer ridser og holder telefonen ren.<\/p>\n<\/li>\n<li class=\"\" data-start=\"1562\" data-end=\"1654\">\n<p class=\"\" data-start=\"1564\" data-end=\"1654\"><strong data-start=\"1564\" data-end=\"1588\">Slankt og stilfuldt:<\/strong> Minimalistisk design der ligger godt i h\u00e5nden og passer i lommen.<\/p>\n<\/li>\n<\/ul>\n<h2 class=\"\" data-start=\"1656\" data-end=\"1690\">En daglig luksus til din iPhone<\/h2>\n<p class=\"\" data-start=\"1692\" data-end=\"1937\">Dette <strong data-start=\"1698\" data-end=\"1727\">cognacfarved<\/strong>\u00a0er til dig, der ikke vil g\u00e5 p\u00e5 kompromis med stil eller funktion. Perfekt til b\u00e5de forretningsbrug og privatliv \u2013 et diskret luksustilbeh\u00f8r, som beskytter din iPhone 16 Pro Max og giver den et personligt pr\u00e6g.<\/p>\n<hr class=\"\" data-start=\"1939\" data-end=\"1942\" \/>\n<h3 class=\"\" data-start=\"1944\" data-end=\"1951\">FAQ<\/h3>\n<p class=\"\" data-start=\"1953\" data-end=\"2099\"><strong data-start=\"1953\" data-end=\"1969\">Sp\u00f8rgsm\u00e5l 1:<\/strong> Er coveret MagSafe-kompatibelt?<br data-start=\"2001\" data-end=\"2004\" \/><strong data-start=\"2004\" data-end=\"2013\">Svar:<\/strong> Nej!<\/p>\n<p class=\"\" data-start=\"2101\" data-end=\"2251\"><strong data-start=\"2101\" data-end=\"2117\">Sp\u00f8rgsm\u00e5l 2:<\/strong> Hvilken type l\u00e6der bruges?<br data-start=\"2144\" data-end=\"2147\" \/><strong data-start=\"2147\" data-end=\"2156\">Svar:<\/strong> Fuldnarvet, vegetabilsk garvet l\u00e6der fra Italien \u2013 kendt for sin holdbarhed og smukke \u00e6ldning.<\/p>\n<p class=\"\" data-start=\"2253\" data-end=\"2401\"><strong data-start=\"2253\" data-end=\"2269\">Sp\u00f8rgsm\u00e5l 3:<\/strong> Er coveret egnet til st\u00f8d og fald?<br data-start=\"2304\" data-end=\"2307\" \/><strong data-start=\"2307\" data-end=\"2316\">Svar:<\/strong> Ja, det har en beskyttende indvendig kerne og forh\u00f8jede kanter for ekstra sikkerhed.<\/p>\n<p class=\"\" data-start=\"2403\" data-end=\"2531\"><strong data-start=\"2403\" data-end=\"2419\">Sp\u00f8rgsm\u00e5l 4:<\/strong> Er det et tungt eller klodset cover?<br data-start=\"2456\" data-end=\"2459\" \/><strong data-start=\"2459\" data-end=\"2468\">Svar:<\/strong> Nej, det har et slankt og let design med et eksklusivt udtryk.<\/p>\n","protected":false},"excerpt":{"rendered":"<p class=\"\" data-start=\"476\" data-end=\"622\">Mobil cover i \u00e6gte cognacfarvet l\u00e6der til iPhone 16 Pro Max. Elegant og beskyttende med pr\u00e6cis pasform og diskret luksus.<\/p>\n<h2 class=\"\" data-start=\"624\" data-end=\"692\"><\/h2>\n","protected":false},"featured_media":18109,"template":"","meta":{"_acf_changed":false},"product_brand":[],"product_cat":[1815],"product_tag":[],"class_list":{"0":"post-20067","1":"product","2":"type-product","3":"status-publish","4":"has-post-thumbnail","6":"product_cat-mobiltilbehor","8":"first","9":"instock","10":"taxable","11":"shipping-taxable","12":"purchasable","13":"product-type-simple"},"acf":[],"yoast_head":"<!-- This site is optimized with the Yoast SEO plugin v27.3 - https:\/\/yoast.com\/product\/yoast-seo-wordpress\/ -->\n<title>L\u00e6dercover i cognac \u2013 iPhone 16 Pro Max - Nic &amp; Mel<\/title>\n<meta name=\"robots\" content=\"index, follow, max-snippet:-1, max-image-preview:large, max-video-preview:-1\" \/>\n<link rel=\"canonical\" href=\"https:\/\/nicandmel.com\/da\/vare\/magnetisk-cover-i-cognac-iphone-16-pro-max-med-magsafe\/\" \/>\n<meta property=\"og:locale\" content=\"da_DK\" \/>\n<meta property=\"og:type\" content=\"article\" \/>\n<meta property=\"og:title\" content=\"L\u00e6dercover i cognac \u2013 iPhone 16 Pro Max - Nic &amp; Mel\" \/>\n<meta property=\"og:description\" content=\"Mobil cover i \u00e6gte cognacfarvet l\u00e6der til iPhone 16 Pro Max. Elegant og beskyttende med pr\u00e6cis pasform og diskret luksus.\" \/>\n<meta property=\"og:url\" content=\"https:\/\/nicandmel.com\/da\/vare\/magnetisk-cover-i-cognac-iphone-16-pro-max-med-magsafe\/\" \/>\n<meta property=\"og:site_name\" content=\"Nic &amp; Mel\" \/>\n<meta property=\"article:publisher\" content=\"https:\/\/www.facebook.com\/nicandmel\" \/>\n<meta property=\"article:modified_time\" content=\"2025-12-09T07:17:38+00:00\" \/>\n<meta property=\"og:image\" content=\"https:\/\/nicandmel.com\/wp-content\/uploads\/2023\/12\/magcase-congac-11-max.jpg\" \/>\n\t<meta property=\"og:image:width\" content=\"1500\" \/>\n\t<meta property=\"og:image:height\" content=\"1828\" \/>\n\t<meta property=\"og:image:type\" content=\"image\/jpeg\" \/>\n<meta name=\"twitter:card\" content=\"summary_large_image\" \/>\n<meta name=\"twitter:label1\" content=\"Estimeret l\u00e6setid\" \/>\n\t<meta name=\"twitter:data1\" content=\"2 minutter\" \/>\n<script type=\"application\/ld+json\" class=\"yoast-schema-graph\">{\"@context\":\"https:\\\/\\\/schema.org\",\"@graph\":[{\"@type\":\"WebPage\",\"@id\":\"https:\\\/\\\/nicandmel.com\\\/da\\\/vare\\\/magnetisk-cover-i-cognac-iphone-16-pro-max-med-magsafe\\\/\",\"url\":\"https:\\\/\\\/nicandmel.com\\\/da\\\/vare\\\/magnetisk-cover-i-cognac-iphone-16-pro-max-med-magsafe\\\/\",\"name\":\"L\u00e6dercover i cognac \u2013 iPhone 16 Pro Max - Nic &amp; Mel\",\"isPartOf\":{\"@id\":\"https:\\\/\\\/nicandmel.com\\\/da\\\/#website\"},\"primaryImageOfPage\":{\"@id\":\"https:\\\/\\\/nicandmel.com\\\/da\\\/vare\\\/magnetisk-cover-i-cognac-iphone-16-pro-max-med-magsafe\\\/#primaryimage\"},\"image\":{\"@id\":\"https:\\\/\\\/nicandmel.com\\\/da\\\/vare\\\/magnetisk-cover-i-cognac-iphone-16-pro-max-med-magsafe\\\/#primaryimage\"},\"thumbnailUrl\":\"https:\\\/\\\/nicandmel.com\\\/wp-content\\\/uploads\\\/2023\\\/12\\\/magcase-congac-11-max.jpg\",\"datePublished\":\"2025-05-20T03:57:07+00:00\",\"dateModified\":\"2025-12-09T07:17:38+00:00\",\"breadcrumb\":{\"@id\":\"https:\\\/\\\/nicandmel.com\\\/da\\\/vare\\\/magnetisk-cover-i-cognac-iphone-16-pro-max-med-magsafe\\\/#breadcrumb\"},\"inLanguage\":\"da-DK\",\"potentialAction\":[{\"@type\":\"ReadAction\",\"target\":[\"https:\\\/\\\/nicandmel.com\\\/da\\\/vare\\\/magnetisk-cover-i-cognac-iphone-16-pro-max-med-magsafe\\\/\"]}]},{\"@type\":\"ImageObject\",\"inLanguage\":\"da-DK\",\"@id\":\"https:\\\/\\\/nicandmel.com\\\/da\\\/vare\\\/magnetisk-cover-i-cognac-iphone-16-pro-max-med-magsafe\\\/#primaryimage\",\"url\":\"https:\\\/\\\/nicandmel.com\\\/wp-content\\\/uploads\\\/2023\\\/12\\\/magcase-congac-11-max.jpg\",\"contentUrl\":\"https:\\\/\\\/nicandmel.com\\\/wp-content\\\/uploads\\\/2023\\\/12\\\/magcase-congac-11-max.jpg\",\"width\":1500,\"height\":1828},{\"@type\":\"BreadcrumbList\",\"@id\":\"https:\\\/\\\/nicandmel.com\\\/da\\\/vare\\\/magnetisk-cover-i-cognac-iphone-16-pro-max-med-magsafe\\\/#breadcrumb\",\"itemListElement\":[{\"@type\":\"ListItem\",\"position\":1,\"name\":\"Home\",\"item\":\"https:\\\/\\\/nicandmel.com\\\/da\\\/laedervarer-online-nic-mel\\\/\"},{\"@type\":\"ListItem\",\"position\":2,\"name\":\"Butik\",\"item\":\"https:\\\/\\\/nicandmel.com\\\/da\\\/shop\\\/\"},{\"@type\":\"ListItem\",\"position\":3,\"name\":\"L\u00e6dercover i cognac \u2013 iPhone 16 Pro Max\"}]},{\"@type\":\"WebSite\",\"@id\":\"https:\\\/\\\/nicandmel.com\\\/da\\\/#website\",\"url\":\"https:\\\/\\\/nicandmel.com\\\/da\\\/\",\"name\":\"Nic & Mel\",\"description\":\"Handmade leather goods\",\"publisher\":{\"@id\":\"https:\\\/\\\/nicandmel.com\\\/da\\\/#organization\"},\"potentialAction\":[{\"@type\":\"SearchAction\",\"target\":{\"@type\":\"EntryPoint\",\"urlTemplate\":\"https:\\\/\\\/nicandmel.com\\\/da\\\/?s={search_term_string}\"},\"query-input\":{\"@type\":\"PropertyValueSpecification\",\"valueRequired\":true,\"valueName\":\"search_term_string\"}}],\"inLanguage\":\"da-DK\"},{\"@type\":\"Organization\",\"@id\":\"https:\\\/\\\/nicandmel.com\\\/da\\\/#organization\",\"name\":\"Nic & Mel\",\"url\":\"https:\\\/\\\/nicandmel.com\\\/da\\\/\",\"logo\":{\"@type\":\"ImageObject\",\"inLanguage\":\"da-DK\",\"@id\":\"https:\\\/\\\/nicandmel.com\\\/da\\\/#\\\/schema\\\/logo\\\/image\\\/\",\"url\":\"https:\\\/\\\/nicandmel.com\\\/wp-content\\\/uploads\\\/2021\\\/07\\\/nic_and_mel_logo.png\",\"contentUrl\":\"https:\\\/\\\/nicandmel.com\\\/wp-content\\\/uploads\\\/2021\\\/07\\\/nic_and_mel_logo.png\",\"width\":1237,\"height\":263,\"caption\":\"Nic & Mel\"},\"image\":{\"@id\":\"https:\\\/\\\/nicandmel.com\\\/da\\\/#\\\/schema\\\/logo\\\/image\\\/\"},\"sameAs\":[\"https:\\\/\\\/www.facebook.com\\\/nicandmel\"]}]}<\/script>\n<!-- \/ Yoast SEO plugin. -->","yoast_head_json":{"title":"L\u00e6dercover i cognac \u2013 iPhone 16 Pro Max - Nic &amp; Mel","robots":{"index":"index","follow":"follow","max-snippet":"max-snippet:-1","max-image-preview":"max-image-preview:large","max-video-preview":"max-video-preview:-1"},"canonical":"https:\/\/nicandmel.com\/da\/vare\/magnetisk-cover-i-cognac-iphone-16-pro-max-med-magsafe\/","og_locale":"da_DK","og_type":"article","og_title":"L\u00e6dercover i cognac \u2013 iPhone 16 Pro Max - Nic &amp; Mel","og_description":"Mobil cover i \u00e6gte cognacfarvet l\u00e6der til iPhone 16 Pro Max. Elegant og beskyttende med pr\u00e6cis pasform og diskret luksus.","og_url":"https:\/\/nicandmel.com\/da\/vare\/magnetisk-cover-i-cognac-iphone-16-pro-max-med-magsafe\/","og_site_name":"Nic &amp; Mel","article_publisher":"https:\/\/www.facebook.com\/nicandmel","article_modified_time":"2025-12-09T07:17:38+00:00","og_image":[{"width":1500,"height":1828,"url":"https:\/\/nicandmel.com\/wp-content\/uploads\/2023\/12\/magcase-congac-11-max.jpg","type":"image\/jpeg"}],"twitter_card":"summary_large_image","twitter_misc":{"Estimeret l\u00e6setid":"2 minutter"},"schema":{"@context":"https:\/\/schema.org","@graph":[{"@type":"WebPage","@id":"https:\/\/nicandmel.com\/da\/vare\/magnetisk-cover-i-cognac-iphone-16-pro-max-med-magsafe\/","url":"https:\/\/nicandmel.com\/da\/vare\/magnetisk-cover-i-cognac-iphone-16-pro-max-med-magsafe\/","name":"L\u00e6dercover i cognac \u2013 iPhone 16 Pro Max - Nic &amp; Mel","isPartOf":{"@id":"https:\/\/nicandmel.com\/da\/#website"},"primaryImageOfPage":{"@id":"https:\/\/nicandmel.com\/da\/vare\/magnetisk-cover-i-cognac-iphone-16-pro-max-med-magsafe\/#primaryimage"},"image":{"@id":"https:\/\/nicandmel.com\/da\/vare\/magnetisk-cover-i-cognac-iphone-16-pro-max-med-magsafe\/#primaryimage"},"thumbnailUrl":"https:\/\/nicandmel.com\/wp-content\/uploads\/2023\/12\/magcase-congac-11-max.jpg","datePublished":"2025-05-20T03:57:07+00:00","dateModified":"2025-12-09T07:17:38+00:00","breadcrumb":{"@id":"https:\/\/nicandmel.com\/da\/vare\/magnetisk-cover-i-cognac-iphone-16-pro-max-med-magsafe\/#breadcrumb"},"inLanguage":"da-DK","potentialAction":[{"@type":"ReadAction","target":["https:\/\/nicandmel.com\/da\/vare\/magnetisk-cover-i-cognac-iphone-16-pro-max-med-magsafe\/"]}]},{"@type":"ImageObject","inLanguage":"da-DK","@id":"https:\/\/nicandmel.com\/da\/vare\/magnetisk-cover-i-cognac-iphone-16-pro-max-med-magsafe\/#primaryimage","url":"https:\/\/nicandmel.com\/wp-content\/uploads\/2023\/12\/magcase-congac-11-max.jpg","contentUrl":"https:\/\/nicandmel.com\/wp-content\/uploads\/2023\/12\/magcase-congac-11-max.jpg","width":1500,"height":1828},{"@type":"BreadcrumbList","@id":"https:\/\/nicandmel.com\/da\/vare\/magnetisk-cover-i-cognac-iphone-16-pro-max-med-magsafe\/#breadcrumb","itemListElement":[{"@type":"ListItem","position":1,"name":"Home","item":"https:\/\/nicandmel.com\/da\/laedervarer-online-nic-mel\/"},{"@type":"ListItem","position":2,"name":"Butik","item":"https:\/\/nicandmel.com\/da\/shop\/"},{"@type":"ListItem","position":3,"name":"L\u00e6dercover i cognac \u2013 iPhone 16 Pro Max"}]},{"@type":"WebSite","@id":"https:\/\/nicandmel.com\/da\/#website","url":"https:\/\/nicandmel.com\/da\/","name":"Nic & Mel","description":"Handmade leather goods","publisher":{"@id":"https:\/\/nicandmel.com\/da\/#organization"},"potentialAction":[{"@type":"SearchAction","target":{"@type":"EntryPoint","urlTemplate":"https:\/\/nicandmel.com\/da\/?s={search_term_string}"},"query-input":{"@type":"PropertyValueSpecification","valueRequired":true,"valueName":"search_term_string"}}],"inLanguage":"da-DK"},{"@type":"Organization","@id":"https:\/\/nicandmel.com\/da\/#organization","name":"Nic & Mel","url":"https:\/\/nicandmel.com\/da\/","logo":{"@type":"ImageObject","inLanguage":"da-DK","@id":"https:\/\/nicandmel.com\/da\/#\/schema\/logo\/image\/","url":"https:\/\/nicandmel.com\/wp-content\/uploads\/2021\/07\/nic_and_mel_logo.png","contentUrl":"https:\/\/nicandmel.com\/wp-content\/uploads\/2021\/07\/nic_and_mel_logo.png","width":1237,"height":263,"caption":"Nic & Mel"},"image":{"@id":"https:\/\/nicandmel.com\/da\/#\/schema\/logo\/image\/"},"sameAs":["https:\/\/www.facebook.com\/nicandmel"]}]}},"_links":{"self":[{"href":"https:\/\/nicandmel.com\/da\/wp-json\/wp\/v2\/product\/20067","targetHints":{"allow":["GET"]}}],"collection":[{"href":"https:\/\/nicandmel.com\/da\/wp-json\/wp\/v2\/product"}],"about":[{"href":"https:\/\/nicandmel.com\/da\/wp-json\/wp\/v2\/types\/product"}],"wp:featuredmedia":[{"embeddable":true,"href":"https:\/\/nicandmel.com\/da\/wp-json\/wp\/v2\/media\/18109"}],"wp:attachment":[{"href":"https:\/\/nicandmel.com\/da\/wp-json\/wp\/v2\/media?parent=20067"}],"wp:term":[{"taxonomy":"product_brand","embeddable":true,"href":"https:\/\/nicandmel.com\/da\/wp-json\/wp\/v2\/product_brand?post=20067"},{"taxonomy":"product_cat","embeddable":true,"href":"https:\/\/nicandmel.com\/da\/wp-json\/wp\/v2\/product_cat?post=20067"},{"taxonomy":"product_tag","embeddable":true,"href":"https:\/\/nicandmel.com\/da\/wp-json\/wp\/v2\/product_tag?post=20067"}],"curies":[{"name":"wp","href":"https:\/\/api.w.org\/{rel}","templated":true}]}}