{"id":20131,"date":"2025-05-21T05:36:28","date_gmt":"2025-05-21T03:36:28","guid":{"rendered":"https:\/\/nicandmel.com\/?post_type=product&#038;p=20131"},"modified":"2025-12-08T08:26:00","modified_gmt":"2025-12-08T07:26:00","slug":"cognac-laedercover-iphone-17-pro-max-med-magsafe","status":"publish","type":"product","link":"https:\/\/nicandmel.com\/da\/vare\/cognac-laedercover-iphone-17-pro-max-med-magsafe\/","title":{"rendered":"Cognac l\u00e6dercover \u2013 iPhone 17 Pro Max"},"content":{"rendered":"<h2 class=\"\" data-start=\"608\" data-end=\"664\">Cognac l\u00e6dercover \u2013 Til iPhone 17 Pro Max<\/h2>\n<p class=\"\" data-start=\"666\" data-end=\"929\">Det nye <strong data-start=\"674\" data-end=\"714\">cognacfarvede l\u00e6dercover<\/strong>\u00a0er skabt til dig, der \u00f8nsker kompromisl\u00f8s kvalitet og funktionalitet til din <strong data-start=\"792\" data-end=\"813\">iPhone 17 Pro Max<\/strong>. Coveret er h\u00e5ndlavet i <strong data-start=\"838\" data-end=\"889\">vegetabilsk garvet fuldnarvet l\u00e6der fra Italien<\/strong>, som med tiden udvikler en smuk patina.<\/p>\n<p class=\"\" data-start=\"931\" data-end=\"1163\">Det slanke design bevarer telefonens elegante linjer og f\u00f8les b\u00e5de let og luksuri\u00f8st i h\u00e5nden.<\/p>\n<h2 class=\"\" data-start=\"1165\" data-end=\"1183\">N\u00f8glefunktioner<\/h2>\n<ul data-start=\"1185\" data-end=\"1739\">\n<li class=\"\" data-start=\"1285\" data-end=\"1392\">\n<p class=\"\" data-start=\"1287\" data-end=\"1392\"><strong data-start=\"1287\" data-end=\"1312\">\u00c6gte italiensk l\u00e6der:<\/strong> Fuldnarvet og vegetabilsk garvet \u2013 slidst\u00e6rkt og elegant med naturlig patina.<\/p>\n<\/li>\n<li class=\"\" data-start=\"1393\" data-end=\"1483\">\n<p class=\"\" data-start=\"1395\" data-end=\"1483\"><strong data-start=\"1395\" data-end=\"1415\">Perfekt pasform:<\/strong> Designet specifikt til iPhone 17 Pro Max med pr\u00e6cise udsk\u00e6ringer.<\/p>\n<\/li>\n<li class=\"\" data-start=\"1484\" data-end=\"1582\">\n<p class=\"\" data-start=\"1486\" data-end=\"1582\"><strong data-start=\"1486\" data-end=\"1510\">Hverdagsbeskyttelse:<\/strong> St\u00f8dabsorberende kerne og forh\u00f8jede kanter beskytter kamera og sk\u00e6rm.<\/p>\n<\/li>\n<li class=\"\" data-start=\"1583\" data-end=\"1652\">\n<p class=\"\" data-start=\"1585\" data-end=\"1652\"><strong data-start=\"1585\" data-end=\"1611\">Bl\u00f8d mikrofiberforing:<\/strong> Beskytter bagsiden mod ridser og st\u00f8v.<\/p>\n<\/li>\n<li class=\"\" data-start=\"1653\" data-end=\"1739\">\n<p class=\"\" data-start=\"1655\" data-end=\"1739\"><strong data-start=\"1655\" data-end=\"1684\">Elegant og slankt design:<\/strong> Bevarer telefonens premium look uden at f\u00f8les klodset.<\/p>\n<\/li>\n<\/ul>\n<h2 class=\"\" data-start=\"1741\" data-end=\"1793\">Til det ypperste iPhone-valg \u2013 det perfekte match<\/h2>\n<p class=\"\" data-start=\"1795\" data-end=\"2034\">N\u00e5r du v\u00e6lger en <strong data-start=\"1812\" data-end=\"1833\">iPhone 17 Pro Max<\/strong>, v\u00e6lger du det bedste \u2013 og det samme b\u00f8r g\u00e6lde for dit cover. Dette <strong data-start=\"1902\" data-end=\"1935\">cognac l\u00e6dercover<\/strong>\u00a0kombinerer f\u00f8rsteklasses materialer, diskret luksus og moderne funktionalitet i \u00e9n samlet l\u00f8sning.<\/p>\n<hr class=\"\" data-start=\"2036\" data-end=\"2039\" \/>\n<h3 class=\"\" data-start=\"2041\" data-end=\"2048\">FAQ<\/h3>\n<p class=\"\" data-start=\"2050\" data-end=\"2189\"><strong data-start=\"2050\" data-end=\"2066\">Sp\u00f8rgsm\u00e5l 1:<\/strong> Er coveret MagSafe-kompatibelt?<br data-start=\"2098\" data-end=\"2101\" \/><strong data-start=\"2101\" data-end=\"2110\">Svar:<\/strong> Nej!<\/p>\n<p class=\"\" data-start=\"2191\" data-end=\"2327\"><strong data-start=\"2191\" data-end=\"2207\">Sp\u00f8rgsm\u00e5l 2:<\/strong> Hvilket l\u00e6der er anvendt?<br data-start=\"2233\" data-end=\"2236\" \/><strong data-start=\"2236\" data-end=\"2245\">Svar:<\/strong> Italiensk fuldnarvet l\u00e6der, vegetabilsk garvet for holdbarhed og naturlig finish.<\/p>\n<p class=\"\" data-start=\"2329\" data-end=\"2477\"><strong data-start=\"2329\" data-end=\"2345\">Sp\u00f8rgsm\u00e5l 3:<\/strong> Beskytter det mod st\u00f8d og ridser?<br data-start=\"2379\" data-end=\"2382\" \/><strong data-start=\"2382\" data-end=\"2391\">Svar:<\/strong> Ja, det har st\u00f8dabsorberende konstruktion og forh\u00f8jede kanter for ekstra beskyttelse.<\/p>\n<p class=\"\" data-start=\"2479\" data-end=\"2621\"><strong data-start=\"2479\" data-end=\"2495\">Sp\u00f8rgsm\u00e5l 4:<\/strong> G\u00f8r coveret telefonen klodset?<br data-start=\"2526\" data-end=\"2529\" \/><strong data-start=\"2529\" data-end=\"2538\">Svar:<\/strong> Nej, det er slankt og let \u2013 designet til at komplimentere iPhone 17 Pro Max\u2019 form.<\/p>\n","protected":false},"excerpt":{"rendered":"<p class=\"\" data-start=\"441\" data-end=\"606\">Eksklusivt cognacfarvet l\u00e6dercover til iPhone 17 Pro Max. Fremstillet i \u00e6gte italiensk l\u00e6der, slankt og beskyttende \u2013 til hverdagsbrug med stil.<\/p>\n<h2 class=\"\" data-start=\"608\" data-end=\"664\"><\/h2>\n","protected":false},"featured_media":18109,"template":"","meta":{"_acf_changed":false},"product_brand":[],"product_cat":[1815],"product_tag":[],"class_list":{"0":"post-20131","1":"product","2":"type-product","3":"status-publish","4":"has-post-thumbnail","6":"product_cat-mobiltilbehor","8":"first","9":"instock","10":"taxable","11":"shipping-taxable","12":"purchasable","13":"product-type-simple"},"acf":[],"yoast_head":"<!-- This site is optimized with the Yoast SEO plugin v27.5 - https:\/\/yoast.com\/product\/yoast-seo-wordpress\/ -->\n<title>Cognac l\u00e6dercover \u2013 iPhone 17 Pro Max - Nic &amp; Mel<\/title>\n<meta name=\"description\" content=\"Slankt l\u00e6dercover i cognac til iPhone 17 Pro Max. Eksklusivt og klar til tr\u00e5dl\u00f8s opladning.\" \/>\n<meta name=\"robots\" content=\"index, follow, max-snippet:-1, max-image-preview:large, max-video-preview:-1\" \/>\n<link rel=\"canonical\" href=\"https:\/\/nicandmel.com\/da\/vare\/cognac-laedercover-iphone-17-pro-max-med-magsafe\/\" \/>\n<meta property=\"og:locale\" content=\"da_DK\" \/>\n<meta property=\"og:type\" content=\"article\" \/>\n<meta property=\"og:title\" content=\"Cognac l\u00e6dercover \u2013 iPhone 17 Pro Max - Nic &amp; Mel\" \/>\n<meta property=\"og:description\" content=\"Slankt l\u00e6dercover i cognac til iPhone 17 Pro Max. Eksklusivt og klar til tr\u00e5dl\u00f8s opladning.\" \/>\n<meta property=\"og:url\" content=\"https:\/\/nicandmel.com\/da\/vare\/cognac-laedercover-iphone-17-pro-max-med-magsafe\/\" \/>\n<meta property=\"og:site_name\" content=\"Nic &amp; Mel\" \/>\n<meta property=\"article:publisher\" content=\"https:\/\/www.facebook.com\/nicandmel\" \/>\n<meta property=\"article:modified_time\" content=\"2025-12-08T07:26:00+00:00\" \/>\n<meta property=\"og:image\" content=\"https:\/\/nicandmel.com\/wp-content\/uploads\/2023\/12\/magcase-congac-11-max.jpg\" \/>\n\t<meta property=\"og:image:width\" content=\"1500\" \/>\n\t<meta property=\"og:image:height\" content=\"1828\" \/>\n\t<meta property=\"og:image:type\" content=\"image\/jpeg\" \/>\n<meta name=\"twitter:card\" content=\"summary_large_image\" \/>\n<meta name=\"twitter:label1\" content=\"Estimeret l\u00e6setid\" \/>\n\t<meta name=\"twitter:data1\" content=\"2 minutter\" \/>\n<script type=\"application\/ld+json\" class=\"yoast-schema-graph\">{\"@context\":\"https:\\\/\\\/schema.org\",\"@graph\":[{\"@type\":\"WebPage\",\"@id\":\"https:\\\/\\\/nicandmel.com\\\/da\\\/vare\\\/cognac-laedercover-iphone-17-pro-max-med-magsafe\\\/\",\"url\":\"https:\\\/\\\/nicandmel.com\\\/da\\\/vare\\\/cognac-laedercover-iphone-17-pro-max-med-magsafe\\\/\",\"name\":\"Cognac l\u00e6dercover \u2013 iPhone 17 Pro Max - Nic &amp; Mel\",\"isPartOf\":{\"@id\":\"https:\\\/\\\/nicandmel.com\\\/da\\\/#website\"},\"primaryImageOfPage\":{\"@id\":\"https:\\\/\\\/nicandmel.com\\\/da\\\/vare\\\/cognac-laedercover-iphone-17-pro-max-med-magsafe\\\/#primaryimage\"},\"image\":{\"@id\":\"https:\\\/\\\/nicandmel.com\\\/da\\\/vare\\\/cognac-laedercover-iphone-17-pro-max-med-magsafe\\\/#primaryimage\"},\"thumbnailUrl\":\"https:\\\/\\\/nicandmel.com\\\/wp-content\\\/uploads\\\/2023\\\/12\\\/magcase-congac-11-max.jpg\",\"datePublished\":\"2025-05-21T03:36:28+00:00\",\"dateModified\":\"2025-12-08T07:26:00+00:00\",\"description\":\"Slankt l\u00e6dercover i cognac til iPhone 17 Pro Max. Eksklusivt og klar til tr\u00e5dl\u00f8s opladning.\",\"breadcrumb\":{\"@id\":\"https:\\\/\\\/nicandmel.com\\\/da\\\/vare\\\/cognac-laedercover-iphone-17-pro-max-med-magsafe\\\/#breadcrumb\"},\"inLanguage\":\"da-DK\",\"potentialAction\":[{\"@type\":\"ReadAction\",\"target\":[\"https:\\\/\\\/nicandmel.com\\\/da\\\/vare\\\/cognac-laedercover-iphone-17-pro-max-med-magsafe\\\/\"]}]},{\"@type\":\"ImageObject\",\"inLanguage\":\"da-DK\",\"@id\":\"https:\\\/\\\/nicandmel.com\\\/da\\\/vare\\\/cognac-laedercover-iphone-17-pro-max-med-magsafe\\\/#primaryimage\",\"url\":\"https:\\\/\\\/nicandmel.com\\\/wp-content\\\/uploads\\\/2023\\\/12\\\/magcase-congac-11-max.jpg\",\"contentUrl\":\"https:\\\/\\\/nicandmel.com\\\/wp-content\\\/uploads\\\/2023\\\/12\\\/magcase-congac-11-max.jpg\",\"width\":1500,\"height\":1828},{\"@type\":\"BreadcrumbList\",\"@id\":\"https:\\\/\\\/nicandmel.com\\\/da\\\/vare\\\/cognac-laedercover-iphone-17-pro-max-med-magsafe\\\/#breadcrumb\",\"itemListElement\":[{\"@type\":\"ListItem\",\"position\":1,\"name\":\"Home\",\"item\":\"https:\\\/\\\/nicandmel.com\\\/da\\\/laedervarer-online-nic-mel\\\/\"},{\"@type\":\"ListItem\",\"position\":2,\"name\":\"Butik\",\"item\":\"https:\\\/\\\/nicandmel.com\\\/da\\\/shop\\\/\"},{\"@type\":\"ListItem\",\"position\":3,\"name\":\"Cognac l\u00e6dercover \u2013 iPhone 17 Pro Max\"}]},{\"@type\":\"WebSite\",\"@id\":\"https:\\\/\\\/nicandmel.com\\\/da\\\/#website\",\"url\":\"https:\\\/\\\/nicandmel.com\\\/da\\\/\",\"name\":\"Nic & Mel\",\"description\":\"Handmade leather goods\",\"publisher\":{\"@id\":\"https:\\\/\\\/nicandmel.com\\\/da\\\/#organization\"},\"potentialAction\":[{\"@type\":\"SearchAction\",\"target\":{\"@type\":\"EntryPoint\",\"urlTemplate\":\"https:\\\/\\\/nicandmel.com\\\/da\\\/?s={search_term_string}\"},\"query-input\":{\"@type\":\"PropertyValueSpecification\",\"valueRequired\":true,\"valueName\":\"search_term_string\"}}],\"inLanguage\":\"da-DK\"},{\"@type\":\"Organization\",\"@id\":\"https:\\\/\\\/nicandmel.com\\\/da\\\/#organization\",\"name\":\"Nic & Mel\",\"url\":\"https:\\\/\\\/nicandmel.com\\\/da\\\/\",\"logo\":{\"@type\":\"ImageObject\",\"inLanguage\":\"da-DK\",\"@id\":\"https:\\\/\\\/nicandmel.com\\\/da\\\/#\\\/schema\\\/logo\\\/image\\\/\",\"url\":\"https:\\\/\\\/nicandmel.com\\\/wp-content\\\/uploads\\\/2021\\\/07\\\/nic_and_mel_logo.png\",\"contentUrl\":\"https:\\\/\\\/nicandmel.com\\\/wp-content\\\/uploads\\\/2021\\\/07\\\/nic_and_mel_logo.png\",\"width\":1237,\"height\":263,\"caption\":\"Nic & Mel\"},\"image\":{\"@id\":\"https:\\\/\\\/nicandmel.com\\\/da\\\/#\\\/schema\\\/logo\\\/image\\\/\"},\"sameAs\":[\"https:\\\/\\\/www.facebook.com\\\/nicandmel\"]}]}<\/script>\n<!-- \/ Yoast SEO plugin. -->","yoast_head_json":{"title":"Cognac l\u00e6dercover \u2013 iPhone 17 Pro Max - Nic &amp; Mel","description":"Slankt l\u00e6dercover i cognac til iPhone 17 Pro Max. Eksklusivt og klar til tr\u00e5dl\u00f8s opladning.","robots":{"index":"index","follow":"follow","max-snippet":"max-snippet:-1","max-image-preview":"max-image-preview:large","max-video-preview":"max-video-preview:-1"},"canonical":"https:\/\/nicandmel.com\/da\/vare\/cognac-laedercover-iphone-17-pro-max-med-magsafe\/","og_locale":"da_DK","og_type":"article","og_title":"Cognac l\u00e6dercover \u2013 iPhone 17 Pro Max - Nic &amp; Mel","og_description":"Slankt l\u00e6dercover i cognac til iPhone 17 Pro Max. Eksklusivt og klar til tr\u00e5dl\u00f8s opladning.","og_url":"https:\/\/nicandmel.com\/da\/vare\/cognac-laedercover-iphone-17-pro-max-med-magsafe\/","og_site_name":"Nic &amp; Mel","article_publisher":"https:\/\/www.facebook.com\/nicandmel","article_modified_time":"2025-12-08T07:26:00+00:00","og_image":[{"width":1500,"height":1828,"url":"https:\/\/nicandmel.com\/wp-content\/uploads\/2023\/12\/magcase-congac-11-max.jpg","type":"image\/jpeg"}],"twitter_card":"summary_large_image","twitter_misc":{"Estimeret l\u00e6setid":"2 minutter"},"schema":{"@context":"https:\/\/schema.org","@graph":[{"@type":"WebPage","@id":"https:\/\/nicandmel.com\/da\/vare\/cognac-laedercover-iphone-17-pro-max-med-magsafe\/","url":"https:\/\/nicandmel.com\/da\/vare\/cognac-laedercover-iphone-17-pro-max-med-magsafe\/","name":"Cognac l\u00e6dercover \u2013 iPhone 17 Pro Max - Nic &amp; Mel","isPartOf":{"@id":"https:\/\/nicandmel.com\/da\/#website"},"primaryImageOfPage":{"@id":"https:\/\/nicandmel.com\/da\/vare\/cognac-laedercover-iphone-17-pro-max-med-magsafe\/#primaryimage"},"image":{"@id":"https:\/\/nicandmel.com\/da\/vare\/cognac-laedercover-iphone-17-pro-max-med-magsafe\/#primaryimage"},"thumbnailUrl":"https:\/\/nicandmel.com\/wp-content\/uploads\/2023\/12\/magcase-congac-11-max.jpg","datePublished":"2025-05-21T03:36:28+00:00","dateModified":"2025-12-08T07:26:00+00:00","description":"Slankt l\u00e6dercover i cognac til iPhone 17 Pro Max. Eksklusivt og klar til tr\u00e5dl\u00f8s opladning.","breadcrumb":{"@id":"https:\/\/nicandmel.com\/da\/vare\/cognac-laedercover-iphone-17-pro-max-med-magsafe\/#breadcrumb"},"inLanguage":"da-DK","potentialAction":[{"@type":"ReadAction","target":["https:\/\/nicandmel.com\/da\/vare\/cognac-laedercover-iphone-17-pro-max-med-magsafe\/"]}]},{"@type":"ImageObject","inLanguage":"da-DK","@id":"https:\/\/nicandmel.com\/da\/vare\/cognac-laedercover-iphone-17-pro-max-med-magsafe\/#primaryimage","url":"https:\/\/nicandmel.com\/wp-content\/uploads\/2023\/12\/magcase-congac-11-max.jpg","contentUrl":"https:\/\/nicandmel.com\/wp-content\/uploads\/2023\/12\/magcase-congac-11-max.jpg","width":1500,"height":1828},{"@type":"BreadcrumbList","@id":"https:\/\/nicandmel.com\/da\/vare\/cognac-laedercover-iphone-17-pro-max-med-magsafe\/#breadcrumb","itemListElement":[{"@type":"ListItem","position":1,"name":"Home","item":"https:\/\/nicandmel.com\/da\/laedervarer-online-nic-mel\/"},{"@type":"ListItem","position":2,"name":"Butik","item":"https:\/\/nicandmel.com\/da\/shop\/"},{"@type":"ListItem","position":3,"name":"Cognac l\u00e6dercover \u2013 iPhone 17 Pro Max"}]},{"@type":"WebSite","@id":"https:\/\/nicandmel.com\/da\/#website","url":"https:\/\/nicandmel.com\/da\/","name":"Nic & Mel","description":"Handmade leather goods","publisher":{"@id":"https:\/\/nicandmel.com\/da\/#organization"},"potentialAction":[{"@type":"SearchAction","target":{"@type":"EntryPoint","urlTemplate":"https:\/\/nicandmel.com\/da\/?s={search_term_string}"},"query-input":{"@type":"PropertyValueSpecification","valueRequired":true,"valueName":"search_term_string"}}],"inLanguage":"da-DK"},{"@type":"Organization","@id":"https:\/\/nicandmel.com\/da\/#organization","name":"Nic & Mel","url":"https:\/\/nicandmel.com\/da\/","logo":{"@type":"ImageObject","inLanguage":"da-DK","@id":"https:\/\/nicandmel.com\/da\/#\/schema\/logo\/image\/","url":"https:\/\/nicandmel.com\/wp-content\/uploads\/2021\/07\/nic_and_mel_logo.png","contentUrl":"https:\/\/nicandmel.com\/wp-content\/uploads\/2021\/07\/nic_and_mel_logo.png","width":1237,"height":263,"caption":"Nic & Mel"},"image":{"@id":"https:\/\/nicandmel.com\/da\/#\/schema\/logo\/image\/"},"sameAs":["https:\/\/www.facebook.com\/nicandmel"]}]}},"_links":{"self":[{"href":"https:\/\/nicandmel.com\/da\/wp-json\/wp\/v2\/product\/20131","targetHints":{"allow":["GET"]}}],"collection":[{"href":"https:\/\/nicandmel.com\/da\/wp-json\/wp\/v2\/product"}],"about":[{"href":"https:\/\/nicandmel.com\/da\/wp-json\/wp\/v2\/types\/product"}],"wp:featuredmedia":[{"embeddable":true,"href":"https:\/\/nicandmel.com\/da\/wp-json\/wp\/v2\/media\/18109"}],"wp:attachment":[{"href":"https:\/\/nicandmel.com\/da\/wp-json\/wp\/v2\/media?parent=20131"}],"wp:term":[{"taxonomy":"product_brand","embeddable":true,"href":"https:\/\/nicandmel.com\/da\/wp-json\/wp\/v2\/product_brand?post=20131"},{"taxonomy":"product_cat","embeddable":true,"href":"https:\/\/nicandmel.com\/da\/wp-json\/wp\/v2\/product_cat?post=20131"},{"taxonomy":"product_tag","embeddable":true,"href":"https:\/\/nicandmel.com\/da\/wp-json\/wp\/v2\/product_tag?post=20131"}],"curies":[{"name":"wp","href":"https:\/\/api.w.org\/{rel}","templated":true}]}}