{"id":18811,"date":"2024-02-18T08:23:39","date_gmt":"2024-02-18T07:23:39","guid":{"rendered":"https:\/\/nicandmel.com\/ueber-uns-2\/"},"modified":"2024-10-24T09:01:22","modified_gmt":"2024-10-24T07:01:22","slug":"ueber-uns-2","status":"publish","type":"page","link":"https:\/\/nicandmel.com\/de\/ueber-uns-2\/","title":{"rendered":"\u00dcber uns"},"content":{"rendered":"\n<h4 class=\"nm-block-heading wp-block-heading\">Die Geschichte bis jetzt<\/h4>\n\n<p>Seit der Gr\u00fcndung im Jahr 2010 hat Nic &amp; Mel das gleiche Ziel &#8211; zeitlose und individuelle Accessoires f\u00fcr M\u00e4nner und Frauen zu kreieren. Wir legen genauso viel Wert auf Qualit\u00e4t und Funktionalit\u00e4t wie auf einen klaren und stilvollen Look. Mit einem Fundament aus schwedischem Design und der Verwendung hochwertiger Ledermaterialien hat die ausgewogene Kombination aus schlichter Eleganz und dem Verst\u00e4ndnis f\u00fcr Details unsere Produkte und unsere Marke von Anfang an gepr\u00e4gt.  <\/p>\n\n<p>Bei unseren Formen und unserem Design stand immer die Einfachheit im Vordergrund. Die Qualit\u00e4t hat unsere Materialwahl diktiert. Die unkomplizierte Verwendung war wiederum ausschlaggebend f\u00fcr die Funktion. Wir hoffen, dass es Ihnen gef\u00e4llt.   <\/p>\n\n<h4 class=\"nm-block-heading wp-block-heading\">Die Marke<\/h4>\n\n<p>Urspr\u00fcnglich inspiriert von klassischen und zeitlosen Vintage-Lederaccessoires, hat sich Nic &amp; Mel im Einklang mit den wechselnden Gezeiten und Anforderungen von Mode und Telekommunikation entwickelt. Heute steht unser moderner Ansatz f\u00fcr die Zeitlosigkeit von Qualit\u00e4t und Stil, der fest in der klaren und funktionalen skandinavischen und schwedischen Designtradition verwurzelt ist, f\u00fcr die zeitgen\u00f6ssische Marke Nic &amp; Mel und unsere handgefertigten Lederwaren. <\/p>\n\n<p>Wir sind davon \u00fcberzeugt, dass unsere handgefertigten Lederprodukte erst durch den t\u00e4glichen Gebrauch ihren wahren Wert erhalten. Durch die sie ihre Wertsch\u00e4tzung gewinnen, ihre wohlverdiente Patina erhalten und von der sie ihren seelenvollen Charakter ableiten. Wir bem\u00fchen uns, unseren Produkten diese Qualifikationen zu verleihen, aber nur diejenigen, die unsere Produkte verwenden, sind in der Lage, dieses Ziel zu erreichen. Sie sind die Einzigen, denen es gelingen kann, sie zeitlos zu machen.   <\/p>\n\n<h4 class=\"nm-block-heading wp-block-heading\">Die Materialien<\/h4>\n\n<p>G\u00f6nnen Sie sich den Luxus von pflanzlich gegerbtem Leder, bei dem unser unersch\u00fctterliches Engagement f\u00fcr Qualit\u00e4t sicherstellt, dass jedes Produkt unsere hohen Standards \u00fcbertrifft. Wir setzen f\u00fcr jedes Produkt die optimale Gerbmethode ein und konzentrieren uns dabei vor allem auf die exquisiten Qualit\u00e4ten von pflanzlich gegerbtem Leder. <\/p>\n\n<p><strong>Weich und geschmeidig:<\/strong> Tauchen Sie ein in die unvergleichliche Weichheit und Geschmeidigkeit von pflanzlich gegerbtem Leder, das bei Kleidungsst\u00fccken und Accessoires im Mittelpunkt steht und eine ideale Mischung aus Komfort und Eleganz bietet.<\/p>\n\n<p><strong>Widerstandsf\u00e4hig gegen die Elemente:<\/strong> Setzen Sie auf Langlebigkeit mit Leder, das gegen Wasser, Hitze und Abnutzung resistent ist. Pflanzlich gegerbtes Leder \u00fcbertrifft seine Gegenst\u00fccke und ist damit die beste Wahl f\u00fcr Gegenst\u00e4nde, die den Elementen ausgesetzt sind. <\/p>\n\n<p><strong>Vielseitig f\u00fcr die Mode:<\/strong> Erh\u00f6hen Sie Ihren Stil mit den lebendigen Farbt\u00f6nen und den verschiedenen Oberfl\u00e4chen, die das pflanzlich gegerbte Leder bietet. Seine au\u00dfergew\u00f6hnliche Farbbest\u00e4ndigkeit und Vielseitigkeit machen es zum perfekten Material f\u00fcr die Herstellung modischer Accessoires, die sich nahtlos in Ihre Garderobe integrieren lassen. <\/p>\n\n<h4 class=\"nm-block-heading wp-block-heading\">Das Produkt<\/h4>\n\n<p>Lassen Sie sich von der exquisiten Handwerkskunst unserer handgefertigten Lederaccessoires verw\u00f6hnen, die mit viel Liebe zum Detail entworfen wurden. Jedes Produkt altert mit Stolz und erf\u00e4hrt Jahr f\u00fcr Jahr eine anmutige Ver\u00e4nderung in Patina und Farbe, die Ihre pers\u00f6nliche Reise widerspiegelt. Unsere Accessoires sind f\u00fcr die Ewigkeit gemacht und garantieren nicht nur Langlebigkeit, sondern auch einen einzigartigen und sich entwickelnden Charakter, der jedes St\u00fcck unverwechselbar macht. Erh\u00f6hen Sie Ihren Stil mit Accessoires, die eine Geschichte erz\u00e4hlen und den Test der Zeit bestehen.   <\/p>\n\n<p><strong>Auswahl des Materials:<\/strong><\/p>\n\n<figure class=\"wp-block-image alignnone size-medium wp-image-13894\"><img loading=\"lazy\" decoding=\"async\" width=\"300\" height=\"199\" src=\"https:\/\/nicandmel.com\/wp-content\/uploads\/2024\/01\/istockphoto-905742738-612x612-1-300x199.jpg\" alt=\"\" class=\"wp-image-13894\" srcset=\"https:\/\/nicandmel.com\/wp-content\/uploads\/2024\/01\/istockphoto-905742738-612x612-1-300x199.jpg 300w, https:\/\/nicandmel.com\/wp-content\/uploads\/2024\/01\/istockphoto-905742738-612x612-1-500x331.jpg 500w, https:\/\/nicandmel.com\/wp-content\/uploads\/2024\/01\/istockphoto-905742738-612x612-1.jpg 612w\" sizes=\"auto, (max-width: 300px) 100vw, 300px\" \/><figcaption class=\"wp-element-caption\">Lederhandwerker beim Zuschneiden von Lederwaren in der Werkstatt \/ Ein Handwerker, der mit Leder arbeitet, stellt ein gutes Produkt im Lederatelier her.<\/figcaption><\/figure>\n","protected":false},"excerpt":{"rendered":"<p>Die Geschichte bis jetzt Seit der Gr\u00fcndung im Jahr 2010 hat Nic &amp; Mel das gleiche Ziel &#8211; zeitlose und individuelle Accessoires f\u00fcr M\u00e4nner und Frauen zu kreieren. Wir legen genauso viel Wert auf Qualit\u00e4t und Funktionalit\u00e4t wie auf einen klaren und stilvollen Look. Mit einem Fundament aus schwedischem Design und der Verwendung hochwertiger Ledermaterialien &hellip;<\/p>\n","protected":false},"author":2931,"featured_media":0,"parent":0,"menu_order":0,"comment_status":"closed","ping_status":"closed","template":"","meta":{"_acf_changed":false,"footnotes":""},"class_list":["post-18811","page","type-page","status-publish","hentry"],"acf":[],"yoast_head":"<!-- This site is optimized with the Yoast SEO plugin v27.3 - https:\/\/yoast.com\/product\/yoast-seo-wordpress\/ -->\n<title>\u00dcber uns - Nic &amp; Mel<\/title>\n<meta name=\"robots\" content=\"index, follow, max-snippet:-1, max-image-preview:large, max-video-preview:-1\" \/>\n<link rel=\"canonical\" href=\"https:\/\/nicandmel.com\/de\/ueber-uns-2\/\" \/>\n<meta property=\"og:locale\" content=\"de_DE\" \/>\n<meta property=\"og:type\" content=\"article\" \/>\n<meta property=\"og:title\" content=\"\u00dcber uns - Nic &amp; Mel\" \/>\n<meta property=\"og:description\" content=\"Die Geschichte bis jetzt Seit der Gr\u00fcndung im Jahr 2010 hat Nic &amp; Mel das gleiche Ziel &#8211; zeitlose und individuelle Accessoires f\u00fcr M\u00e4nner und Frauen zu kreieren. Wir legen genauso viel Wert auf Qualit\u00e4t und Funktionalit\u00e4t wie auf einen klaren und stilvollen Look. Mit einem Fundament aus schwedischem Design und der Verwendung hochwertiger Ledermaterialien &hellip;\" \/>\n<meta property=\"og:url\" content=\"https:\/\/nicandmel.com\/de\/ueber-uns-2\/\" \/>\n<meta property=\"og:site_name\" content=\"Nic &amp; Mel\" \/>\n<meta property=\"article:publisher\" content=\"https:\/\/www.facebook.com\/nicandmel\" \/>\n<meta property=\"article:modified_time\" content=\"2024-10-24T07:01:22+00:00\" \/>\n<meta property=\"og:image\" content=\"https:\/\/nicandmel.com\/wp-content\/uploads\/2024\/01\/istockphoto-905742738-612x612-1.jpg\" \/>\n\t<meta property=\"og:image:width\" content=\"612\" \/>\n\t<meta property=\"og:image:height\" content=\"405\" \/>\n\t<meta property=\"og:image:type\" content=\"image\/jpeg\" \/>\n<meta name=\"twitter:card\" content=\"summary_large_image\" \/>\n<meta name=\"twitter:label1\" content=\"Gesch\u00e4tzte Lesezeit\" \/>\n\t<meta name=\"twitter:data1\" content=\"3\u00a0Minuten\" \/>\n<script type=\"application\/ld+json\" class=\"yoast-schema-graph\">{\"@context\":\"https:\\\/\\\/schema.org\",\"@graph\":[{\"@type\":\"WebPage\",\"@id\":\"https:\\\/\\\/nicandmel.com\\\/de\\\/ueber-uns-2\\\/\",\"url\":\"https:\\\/\\\/nicandmel.com\\\/de\\\/ueber-uns-2\\\/\",\"name\":\"\u00dcber uns - Nic &amp; Mel\",\"isPartOf\":{\"@id\":\"https:\\\/\\\/nicandmel.com\\\/de\\\/#website\"},\"primaryImageOfPage\":{\"@id\":\"https:\\\/\\\/nicandmel.com\\\/de\\\/ueber-uns-2\\\/#primaryimage\"},\"image\":{\"@id\":\"https:\\\/\\\/nicandmel.com\\\/de\\\/ueber-uns-2\\\/#primaryimage\"},\"thumbnailUrl\":\"https:\\\/\\\/nicandmel.com\\\/wp-content\\\/uploads\\\/2024\\\/01\\\/istockphoto-905742738-612x612-1-300x199.jpg\",\"datePublished\":\"2024-02-18T07:23:39+00:00\",\"dateModified\":\"2024-10-24T07:01:22+00:00\",\"breadcrumb\":{\"@id\":\"https:\\\/\\\/nicandmel.com\\\/de\\\/ueber-uns-2\\\/#breadcrumb\"},\"inLanguage\":\"de\",\"potentialAction\":[{\"@type\":\"ReadAction\",\"target\":[\"https:\\\/\\\/nicandmel.com\\\/de\\\/ueber-uns-2\\\/\"]}]},{\"@type\":\"ImageObject\",\"inLanguage\":\"de\",\"@id\":\"https:\\\/\\\/nicandmel.com\\\/de\\\/ueber-uns-2\\\/#primaryimage\",\"url\":\"https:\\\/\\\/nicandmel.com\\\/wp-content\\\/uploads\\\/2024\\\/01\\\/istockphoto-905742738-612x612-1-300x199.jpg\",\"contentUrl\":\"https:\\\/\\\/nicandmel.com\\\/wp-content\\\/uploads\\\/2024\\\/01\\\/istockphoto-905742738-612x612-1-300x199.jpg\"},{\"@type\":\"BreadcrumbList\",\"@id\":\"https:\\\/\\\/nicandmel.com\\\/de\\\/ueber-uns-2\\\/#breadcrumb\",\"itemListElement\":[{\"@type\":\"ListItem\",\"position\":1,\"name\":\"Home\",\"item\":\"https:\\\/\\\/nicandmel.com\\\/de\\\/lederwaren-online-nic-mel\\\/\"},{\"@type\":\"ListItem\",\"position\":2,\"name\":\"\u00dcber uns\"}]},{\"@type\":\"WebSite\",\"@id\":\"https:\\\/\\\/nicandmel.com\\\/de\\\/#website\",\"url\":\"https:\\\/\\\/nicandmel.com\\\/de\\\/\",\"name\":\"Nic & Mel\",\"description\":\"Handmade leather goods\",\"publisher\":{\"@id\":\"https:\\\/\\\/nicandmel.com\\\/de\\\/#organization\"},\"potentialAction\":[{\"@type\":\"SearchAction\",\"target\":{\"@type\":\"EntryPoint\",\"urlTemplate\":\"https:\\\/\\\/nicandmel.com\\\/de\\\/?s={search_term_string}\"},\"query-input\":{\"@type\":\"PropertyValueSpecification\",\"valueRequired\":true,\"valueName\":\"search_term_string\"}}],\"inLanguage\":\"de\"},{\"@type\":\"Organization\",\"@id\":\"https:\\\/\\\/nicandmel.com\\\/de\\\/#organization\",\"name\":\"Nic & Mel\",\"url\":\"https:\\\/\\\/nicandmel.com\\\/de\\\/\",\"logo\":{\"@type\":\"ImageObject\",\"inLanguage\":\"de\",\"@id\":\"https:\\\/\\\/nicandmel.com\\\/de\\\/#\\\/schema\\\/logo\\\/image\\\/\",\"url\":\"https:\\\/\\\/nicandmel.com\\\/wp-content\\\/uploads\\\/2021\\\/07\\\/nic_and_mel_logo.png\",\"contentUrl\":\"https:\\\/\\\/nicandmel.com\\\/wp-content\\\/uploads\\\/2021\\\/07\\\/nic_and_mel_logo.png\",\"width\":1237,\"height\":263,\"caption\":\"Nic & Mel\"},\"image\":{\"@id\":\"https:\\\/\\\/nicandmel.com\\\/de\\\/#\\\/schema\\\/logo\\\/image\\\/\"},\"sameAs\":[\"https:\\\/\\\/www.facebook.com\\\/nicandmel\"]}]}<\/script>\n<!-- \/ Yoast SEO plugin. -->","yoast_head_json":{"title":"\u00dcber uns - Nic &amp; Mel","robots":{"index":"index","follow":"follow","max-snippet":"max-snippet:-1","max-image-preview":"max-image-preview:large","max-video-preview":"max-video-preview:-1"},"canonical":"https:\/\/nicandmel.com\/de\/ueber-uns-2\/","og_locale":"de_DE","og_type":"article","og_title":"\u00dcber uns - Nic &amp; Mel","og_description":"Die Geschichte bis jetzt Seit der Gr\u00fcndung im Jahr 2010 hat Nic &amp; Mel das gleiche Ziel &#8211; zeitlose und individuelle Accessoires f\u00fcr M\u00e4nner und Frauen zu kreieren. Wir legen genauso viel Wert auf Qualit\u00e4t und Funktionalit\u00e4t wie auf einen klaren und stilvollen Look. Mit einem Fundament aus schwedischem Design und der Verwendung hochwertiger Ledermaterialien &hellip;","og_url":"https:\/\/nicandmel.com\/de\/ueber-uns-2\/","og_site_name":"Nic &amp; Mel","article_publisher":"https:\/\/www.facebook.com\/nicandmel","article_modified_time":"2024-10-24T07:01:22+00:00","og_image":[{"width":612,"height":405,"url":"https:\/\/nicandmel.com\/wp-content\/uploads\/2024\/01\/istockphoto-905742738-612x612-1.jpg","type":"image\/jpeg"}],"twitter_card":"summary_large_image","twitter_misc":{"Gesch\u00e4tzte Lesezeit":"3\u00a0Minuten"},"schema":{"@context":"https:\/\/schema.org","@graph":[{"@type":"WebPage","@id":"https:\/\/nicandmel.com\/de\/ueber-uns-2\/","url":"https:\/\/nicandmel.com\/de\/ueber-uns-2\/","name":"\u00dcber uns - Nic &amp; Mel","isPartOf":{"@id":"https:\/\/nicandmel.com\/de\/#website"},"primaryImageOfPage":{"@id":"https:\/\/nicandmel.com\/de\/ueber-uns-2\/#primaryimage"},"image":{"@id":"https:\/\/nicandmel.com\/de\/ueber-uns-2\/#primaryimage"},"thumbnailUrl":"https:\/\/nicandmel.com\/wp-content\/uploads\/2024\/01\/istockphoto-905742738-612x612-1-300x199.jpg","datePublished":"2024-02-18T07:23:39+00:00","dateModified":"2024-10-24T07:01:22+00:00","breadcrumb":{"@id":"https:\/\/nicandmel.com\/de\/ueber-uns-2\/#breadcrumb"},"inLanguage":"de","potentialAction":[{"@type":"ReadAction","target":["https:\/\/nicandmel.com\/de\/ueber-uns-2\/"]}]},{"@type":"ImageObject","inLanguage":"de","@id":"https:\/\/nicandmel.com\/de\/ueber-uns-2\/#primaryimage","url":"https:\/\/nicandmel.com\/wp-content\/uploads\/2024\/01\/istockphoto-905742738-612x612-1-300x199.jpg","contentUrl":"https:\/\/nicandmel.com\/wp-content\/uploads\/2024\/01\/istockphoto-905742738-612x612-1-300x199.jpg"},{"@type":"BreadcrumbList","@id":"https:\/\/nicandmel.com\/de\/ueber-uns-2\/#breadcrumb","itemListElement":[{"@type":"ListItem","position":1,"name":"Home","item":"https:\/\/nicandmel.com\/de\/lederwaren-online-nic-mel\/"},{"@type":"ListItem","position":2,"name":"\u00dcber uns"}]},{"@type":"WebSite","@id":"https:\/\/nicandmel.com\/de\/#website","url":"https:\/\/nicandmel.com\/de\/","name":"Nic & Mel","description":"Handmade leather goods","publisher":{"@id":"https:\/\/nicandmel.com\/de\/#organization"},"potentialAction":[{"@type":"SearchAction","target":{"@type":"EntryPoint","urlTemplate":"https:\/\/nicandmel.com\/de\/?s={search_term_string}"},"query-input":{"@type":"PropertyValueSpecification","valueRequired":true,"valueName":"search_term_string"}}],"inLanguage":"de"},{"@type":"Organization","@id":"https:\/\/nicandmel.com\/de\/#organization","name":"Nic & Mel","url":"https:\/\/nicandmel.com\/de\/","logo":{"@type":"ImageObject","inLanguage":"de","@id":"https:\/\/nicandmel.com\/de\/#\/schema\/logo\/image\/","url":"https:\/\/nicandmel.com\/wp-content\/uploads\/2021\/07\/nic_and_mel_logo.png","contentUrl":"https:\/\/nicandmel.com\/wp-content\/uploads\/2021\/07\/nic_and_mel_logo.png","width":1237,"height":263,"caption":"Nic & Mel"},"image":{"@id":"https:\/\/nicandmel.com\/de\/#\/schema\/logo\/image\/"},"sameAs":["https:\/\/www.facebook.com\/nicandmel"]}]}},"_links":{"self":[{"href":"https:\/\/nicandmel.com\/de\/wp-json\/wp\/v2\/pages\/18811","targetHints":{"allow":["GET"]}}],"collection":[{"href":"https:\/\/nicandmel.com\/de\/wp-json\/wp\/v2\/pages"}],"about":[{"href":"https:\/\/nicandmel.com\/de\/wp-json\/wp\/v2\/types\/page"}],"author":[{"embeddable":true,"href":"https:\/\/nicandmel.com\/de\/wp-json\/wp\/v2\/users\/2931"}],"replies":[{"embeddable":true,"href":"https:\/\/nicandmel.com\/de\/wp-json\/wp\/v2\/comments?post=18811"}],"version-history":[{"count":0,"href":"https:\/\/nicandmel.com\/de\/wp-json\/wp\/v2\/pages\/18811\/revisions"}],"wp:attachment":[{"href":"https:\/\/nicandmel.com\/de\/wp-json\/wp\/v2\/media?parent=18811"}],"curies":[{"name":"wp","href":"https:\/\/api.w.org\/{rel}","templated":true}]}}