{"id":18829,"date":"2024-02-18T12:01:14","date_gmt":"2024-02-18T11:01:14","guid":{"rendered":"https:\/\/nicandmel.com\/tc\/"},"modified":"2025-10-22T05:45:48","modified_gmt":"2025-10-22T03:45:48","slug":"tc","status":"publish","type":"page","link":"https:\/\/nicandmel.com\/de\/tc\/","title":{"rendered":"T&amp;C"},"content":{"rendered":"\n<div class=\"nm-row nm-row-boxed vc_row wpb_row \">\n<div class=\"nm_column wpb_column vc_column_container col-sm-7\">\n<div class=\"vc_column-inner\">\n<div class=\"wpb_wrapper\">\n<div class=\"wpb_text_column wpb_content_element \">\n<div class=\"wpb_wrapper\">\n<h2>\u00dcber<\/h2>\n<p lang=\"en-GB\">Bitte lesen Sie unsere Allgemeinen Gesch\u00e4ftsbedingungen durch, bevor Sie eine Bestellung in unserem Online-Shop aufgeben. Unsere Gesch\u00e4ftsbedingungen entsprechen dem schwedischen Recht. Indem Sie eine Bestellung in unserem Webshop aufgeben, erkl\u00e4ren Sie sich mit unseren hier aufgef\u00fchrten Gesch\u00e4ftsbedingungen einverstanden.<\/p>\n<p lang=\"en-GB\">Wenn Sie weitere Fragen haben, k\u00f6nnen Sie sich gerne <a href=\"https:\/\/nicandmel.com\/contact-us\/\">hier<\/a> an unseren Kundenservice wenden.<\/p>\n<h2>Preise<\/h2>\n<\/div>\n<\/div>\n<\/div>\n<\/div>\n<\/div>\n<\/div>\n\n\n\n<div class=\"nm-row nm-row-full vc_row wpb_row \">\n<div class=\"nm_column wpb_column vc_column_container col-sm-12\">\n<div class=\"vc_column-inner\">\n<div class=\"wpb_wrapper\">\n<p lang=\"en-GB\">Alle Preise enthalten 25 % Mehrwertsteuer. F\u00fcr schwedische Kunden werden die Preise in SEK (Schwedische Kronen) angezeigt. F\u00fcr Kunden au\u00dferhalb Schwedens k\u00f6nnen die Preise in EUR (Euro) oder DKK (D\u00e4nische Kronen) angezeigt werden, abh\u00e4ngig vom gew\u00e4hlten Land und der Zahlungsmethode.<\/p>\n<p lang=\"en-GB\">Nic &amp; Mel beh\u00e4lt sich das Recht vor, eine Bestellung aufgrund von technischen Problemen, Fehlern bei der Zahlung, der Preisgestaltung oder dem Lagerbestand nicht zu liefern oder zu stornieren.<\/p>\n<div class=\"wpb_text_column wpb_content_element \">\n<div class=\"wpb_wrapper\">\n<h2>Inlandslieferungen<\/h2>\n<p>Der Versand ist f\u00fcr alle Bestellungen innerhalb Schwedens \u00fcber 699 SEK kostenlos. F\u00fcr Bestellungen unter 300 SEK wird eine Versandkostenpauschale von 69 SEK erhoben. Kleine Waren werden mit PostNord direkt an den Kunden versandt, w\u00e4hrend gr\u00f6\u00dfere Pakete mit DHL an eine lokale Auslieferungsstelle versandt werden. Sie werden per SMS oder E-Mail benachrichtigt, sobald das Paket als abholbereit registriert ist. Die Standardlieferzeit liegt zwischen 1-3 Werktagen nach der Auftragsbest\u00e4tigung. F\u00fcr R\u00fccksendungen und Umtausch wird eine Pauschalgeb\u00fchr von 69 SEK erhoben.<\/p>\n<div class=\"wpb_text_column wpb_content_element \">\n<div class=\"wpb_wrapper\">\n<h2>Internationale Lieferungen<\/h2>\n<p lang=\"en-GB\">F\u00fcr den Versand von Bestellungen au\u00dferhalb Schwedens fallen je nach Land oder Region gesonderte Versandgeb\u00fchren an. Die Lieferzeit variiert zwischen 3-10 Tagen und die Pakete werden von inl\u00e4ndischen Post- oder Kurierdiensten verwaltet und zugestellt. F\u00fcr R\u00fccksendungen und Umtausch wird eine Pauschale in H\u00f6he der urspr\u00fcnglichen Versandgeb\u00fchr berechnet.<\/p>\n<p lang=\"en-GB\">Internationale Frachtkosten:<\/p>\n<ul>\n<li lang=\"en-GB\">D\u00e4nemark: \u20ac 7<\/li>\n<li lang=\"en-GB\">Innerhalb der EU: \u20ac 17<\/li>\n<li lang=\"en-GB\">Europa Nicht-EU: \u20ac 25<\/li>\n<li lang=\"en-GB\">Weltweit: \u20ac 25<\/li>\n<\/ul>\n<h2>Bezahlung<\/h2>\n<p lang=\"en-GB\">Qliro ist der Zahlungsdienstleister von Nic &#038; Mel und verwaltet die Zahlungs\u00adtransaktionen im Checkout. Mit Qliro haben Sie Zugang zu einer Vielzahl unterschiedlicher Zahlungsmethoden wie Swish, Rechnung, Direkt\u00fcberweisung oder Konto. Weitere Informationen zu allen Diensten finden Sie unter folgendem Link:\n\nhttps:\/\/assets.qliro.com\/terms\/de\/de\/terms\/1\/user_terms.pdf  \n\nWenn Sie sich f\u00fcr Swish als Zahlungsmethode entscheiden, wird als Zahlungsempf\u00e4nger \u201eQ*Nicandmel\u201c angezeigt. Das bedeutet, dass Qliro im Namen von Nic &#038; Mel die Zahlung entgegennimmt und die Transaktion f\u00fcr Ihren Kauf abwickelt.\n\n<\/p>\n<p lang=\"en-GB\">Wenn eine Rechnung nach dem F\u00e4lligkeitsdatum bezahlt wird, wird eine Mahngeb\u00fchr von 60 SEK erhoben.<\/p>\n<p lang=\"en-GB\">Wenn das bestellte Paket nicht rechtzeitig abgeholt und automatisch zur\u00fcckgeschickt wird, f\u00e4llt eine Geb\u00fchr von 250 SEK an, um die R\u00fccksendekosten des Absenders zu decken.<\/p>\n<p lang=\"en-GB\">Wir akzeptieren Zahlungen in SEK, EUR und DKK. Die W\u00e4hrung, die bei der Zahlung verwendet wird, h\u00e4ngt vom Land des Kunden und der gew\u00e4hlten Zahlungsmethode ab. Bei internationalen K\u00e4ufen k\u00f6nnen Wechselkurse und m\u00f6gliche Transaktionsgeb\u00fchren anfallen, abh\u00e4ngig von Ihrer Bank oder Ihrem Zahlungsanbieter.<\/p>\n<h2>Garantie<\/h2>\n<p lang=\"en-GB\">Nic &amp; Mel gew\u00e4hrt eine allgemeine einj\u00e4hrige Garantie auf alle unsere Produkte, die sich auf Herstellungsfehler beschr\u00e4nkt, einschlie\u00dflich der N\u00e4hte und Klebebindung. Wenn Sie ein Garantieproblem melden m\u00f6chten, kontaktieren Sie uns bitte unter <a href=\"mailto:customer@nicandmel.com\" target=\"_blank\" rel=\"noopener noreferrer\">customer@nicandmel.com<\/a><\/p>\n<p lang=\"en-GB\">Die Garantie gilt nicht f\u00fcr:<\/p>\n<ul>\n<li>M\u00e4ngel und Sch\u00e4den aufgrund von Verlust, Diebstahl, Feuer, Wasser oder h\u00f6herer Gewalt.<\/li>\n<li>M\u00e4ngel oder Sch\u00e4den, die durch unsachgem\u00e4\u00dfen Gebrauch, Vernachl\u00e4ssigung oder Unf\u00e4lle (wie z.B. St\u00f6\u00dfe, Beulen, Quetschungen, St\u00fcrze) oder nicht zu rechtfertigende Reparaturen oder \u00c4nderungen verursacht wurden.<\/li>\n<li>\u00c4sthetische Ver\u00e4nderungen, Defekte und Sch\u00e4den aufgrund von normaler Abnutzung und Alter (wie Kratzer, abgenutztes Leder und Flecken).<\/li>\n<\/ul>\n<div class=\"wpb_text_column wpb_content_element \">\n<div class=\"wpb_wrapper\">\n<section id=\"reklamation\" class=\"terms-section\">\n  <h2>Reklamation<\/h2>\n  <p>\n    Sie haben das Recht, ein Produkt zu reklamieren, das fehlerhaft ist, einen urspr\u00fcnglichen Herstellungsfehler aufweist\n    oder nicht der vereinbarten Beschaffenheit entspricht. Das Reklamationsrecht gilt gem\u00e4\u00df den Bestimmungen des deutschen\n    B\u00fcrgerlichen Gesetzbuchs (BGB) und der geltenden Verbraucherschutzgesetze.\n  <\/p>\n  <p>Bitte befolgen Sie f\u00fcr eine Reklamation die folgenden Schritte:<\/p>\n  <ol>\n    <li>\n      Kontaktieren Sie unseren Kundenservice unter\n      <a href=\"mailto:customer@nicandmel.com\">customer@nicandmel.com<\/a>\n      und geben Sie Ihre Bestellnummer sowie eine Beschreibung des Mangels an. F\u00fcgen Sie nach M\u00f6glichkeit Fotos bei,\n      die den Defekt deutlich zeigen.\n    <\/li>\n    <li>\n      Wir melden uns innerhalb einer angemessenen Frist und informieren Sie dar\u00fcber, wie die Reklamation bearbeitet wird.\n      Gegebenenfalls bitten wir Sie, den Artikel zur\u00fcckzusenden oder ein Serviceverfahren einzuleiten.\n    <\/li>\n    <li>\n      R\u00fccksendungen m\u00fcssen ordnungsgem\u00e4\u00df verpackt sein, und der Versand sollte mit einer verfolgbaren Versandmethode erfolgen,\n      da Sie bis zum Eintreffen der Ware bei uns f\u00fcr sie verantwortlich sind.\n    <\/li>\n    <li>\n      Wenn die Reklamation akzeptiert wird, bieten wir eine Reparatur, einen Umtausch, eine Preisreduzierung oder eine R\u00fcckerstattung an \u2013\n      je nach den Umst\u00e4nden und dem, was nach geltendem Recht angemessen ist.\n    <\/li>\n  <\/ol>\n  <p>\n    <strong>Hinweis:<\/strong><br>\n    Das Reklamationsrecht gilt nicht f\u00fcr normalen Verschlei\u00df oder Sch\u00e4den, die durch unsachgem\u00e4\u00dfe Verwendung,\n    Unf\u00e4lle, Diebstahl, Feuer oder Wassersch\u00e4den entstanden sind. Wenn Sie einen Artikel ohne vorherige Genehmigung zur\u00fccksenden,\n    kann es sein, dass keine R\u00fcckerstattung erfolgt, wenn der Artikel w\u00e4hrend des Transports besch\u00e4digt wird.\n  <\/p>\n  <p>\n    Die R\u00fccksendekosten betragen in der Regel 7&nbsp;EUR innerhalb Deutschlands\n    (bzw. entsprechende Versandkosten f\u00fcr internationale R\u00fccksendungen)\n    und werden von der R\u00fcckerstattung abgezogen, sofern nichts anderes vereinbart wurde.\n  <\/p>\n<\/section>\n\n<section id=\"streitigkeiten-und-streitbeilegung\" class=\"terms-section\">\n  <h2>Streitigkeiten und Streitbeilegung<\/h2>\n  <p>\n    Wenn Sie als Verbraucher eine Beschwerde haben, die wir \u00fcber unseren Kundenservice nicht l\u00f6sen konnten,\n    k\u00f6nnen Sie sich an eine unabh\u00e4ngige Schlichtungsstelle wenden. In Deutschland ist dies die\n    <strong>Allgemeine Verbraucherschlichtungsstelle<\/strong>.\n  <\/p>\n\n  <ul>\n    <li>\n      <strong>Allgemeine Verbraucherschlichtungsstelle<\/strong><br>\n      Zentrum f\u00fcr Schlichtung e.V.<br>\n      Stra\u00dfburger Str.&nbsp;8, 77694&nbsp;Kehl am Rhein, Deutschland<br>\n      Website: <a href=\"https:\/\/www.verbraucher-schlichter.de\" target=\"_blank\" rel=\"noopener\">verbraucher-schlichter.de<\/a>\n    <\/li>\n    <li>\n      <strong>EU-Online-Plattform zur Streitbeilegung (ODR)<\/strong><br>\n      F\u00fcr grenz\u00fcberschreitende Eink\u00e4ufe innerhalb der EU k\u00f6nnen Sie auch die EU-Plattform zur Online-Streitbeilegung nutzen:<br>\n      <a href=\"https:\/\/ec.europa.eu\/consumers\/odr\/\" target=\"_blank\" rel=\"noopener\">ec.europa.eu\/consumers\/odr\/<\/a>\n    <\/li>\n  <\/ul>\n\n  <p>\n    Diese M\u00f6glichkeit ber\u00fchrt nicht Ihr gesetzliches Recht, Klage vor einem zust\u00e4ndigen deutschen Gericht zu erheben, sofern ein solches Recht besteht.\n  <\/p>\n\n  <p class=\"legal-note\">\n    Diese Allgemeinen Gesch\u00e4ftsbedingungen unterliegen deutschem Recht und sind nach diesem auszulegen.\n  <\/p>\n<\/section>\n<div class=\"wpb_text_column wpb_content_element \">\n<div class=\"wpb_wrapper\">\n<h2>Datenschutzbestimmungen<\/h2>\n<p lang=\"en-GB\">Mit der Registrierung und der Bestellung in unserem Webshop erkl\u00e4ren Sie sich damit einverstanden, dass Nic &amp; Mel AB die pers\u00f6nlichen Daten, die Sie uns zur Verf\u00fcgung stellen, in \u00dcbereinstimmung mit dem schwedischen Recht ausschlie\u00dflich im Zusammenhang mit den gegebenen T\u00e4tigkeiten des Unternehmens und zur Erf\u00fcllung unserer Verpflichtungen gegen\u00fcber Ihnen als Kunden speichert und verwendet. Nic &amp; Mel AB verpflichtet sich, Ihre pers\u00f6nlichen Daten in \u00dcbereinstimmung mit schwedischem Recht zu sch\u00fctzen und die Daten nur f\u00fcr die Abwicklung von Bestellungen und f\u00fcr relevante Marketingaktionen per E-Mail und SMS zu verwenden. Nic &amp; Mel AB versichert seinen Kunden, dass die gesammelten pers\u00f6nlichen Daten nicht an Dritte weitergegeben, mit ihnen ausgetauscht oder von ihnen ver\u00f6ffentlicht werden.<\/p>\n<p><span lang=\"en-GB\">Als Kunde k\u00f6nnen Sie sich jederzeit von unseren Newslettern abmelden oder sich an unseren Kundendienst wenden: <a href=\"mailto:customer@nicandmel.com\">customer@nicandmel.com<\/a><\/span><\/p>\n<p lang=\"en-GB\">Sie haben au\u00dferdem das Recht, Ihre bei uns registrierten pers\u00f6nlichen Daten einzusehen und diese korrigieren oder l\u00f6schen zu lassen.<\/p>\n<\/div>\n<\/div>\n<\/div>\n<\/div>\n<\/div>\n<\/div>\n<\/div>\n<\/div>\n<\/div>\n<\/div>\n<\/div>\n<\/div>\n","protected":false},"excerpt":{"rendered":"<p>\u00dcber Bitte lesen Sie unsere Allgemeinen Gesch\u00e4ftsbedingungen durch, bevor Sie eine Bestellung in unserem Online-Shop aufgeben. Unsere Gesch\u00e4ftsbedingungen entsprechen dem schwedischen Recht. Indem Sie eine Bestellung in unserem Webshop aufgeben, erkl\u00e4ren Sie sich mit unseren hier aufgef\u00fchrten Gesch\u00e4ftsbedingungen einverstanden. Wenn Sie weitere Fragen haben, k\u00f6nnen Sie sich gerne hier an unseren Kundenservice wenden. Preise Alle &hellip;<\/p>\n","protected":false},"author":2931,"featured_media":0,"parent":0,"menu_order":0,"comment_status":"closed","ping_status":"closed","template":"","meta":{"_acf_changed":false,"footnotes":""},"class_list":["post-18829","page","type-page","status-publish","hentry"],"acf":[],"yoast_head":"<!-- This site is optimized with the Yoast SEO plugin v27.4 - https:\/\/yoast.com\/product\/yoast-seo-wordpress\/ -->\n<title>T&amp;C - Nic &amp; Mel<\/title>\n<meta name=\"robots\" content=\"index, follow, max-snippet:-1, max-image-preview:large, max-video-preview:-1\" \/>\n<link rel=\"canonical\" href=\"https:\/\/nicandmel.com\/de\/tc\/\" \/>\n<meta property=\"og:locale\" content=\"de_DE\" \/>\n<meta property=\"og:type\" content=\"article\" \/>\n<meta property=\"og:title\" content=\"T&amp;C - Nic &amp; Mel\" \/>\n<meta property=\"og:description\" content=\"\u00dcber Bitte lesen Sie unsere Allgemeinen Gesch\u00e4ftsbedingungen durch, bevor Sie eine Bestellung in unserem Online-Shop aufgeben. Unsere Gesch\u00e4ftsbedingungen entsprechen dem schwedischen Recht. Indem Sie eine Bestellung in unserem Webshop aufgeben, erkl\u00e4ren Sie sich mit unseren hier aufgef\u00fchrten Gesch\u00e4ftsbedingungen einverstanden. Wenn Sie weitere Fragen haben, k\u00f6nnen Sie sich gerne hier an unseren Kundenservice wenden. Preise Alle &hellip;\" \/>\n<meta property=\"og:url\" content=\"https:\/\/nicandmel.com\/de\/tc\/\" \/>\n<meta property=\"og:site_name\" content=\"Nic &amp; Mel\" \/>\n<meta property=\"article:publisher\" content=\"https:\/\/www.facebook.com\/nicandmel\" \/>\n<meta property=\"article:modified_time\" content=\"2025-10-22T03:45:48+00:00\" \/>\n<meta property=\"og:image\" content=\"https:\/\/nicandmel.com\/wp-content\/uploads\/2016\/05\/nom_logo_yellow.png\" \/>\n\t<meta property=\"og:image:width\" content=\"180\" \/>\n\t<meta property=\"og:image:height\" content=\"74\" \/>\n\t<meta property=\"og:image:type\" content=\"image\/png\" \/>\n<meta name=\"twitter:card\" content=\"summary_large_image\" \/>\n<meta name=\"twitter:label1\" content=\"Gesch\u00e4tzte Lesezeit\" \/>\n\t<meta name=\"twitter:data1\" content=\"5\u00a0Minuten\" \/>\n<script type=\"application\/ld+json\" class=\"yoast-schema-graph\">{\"@context\":\"https:\\\/\\\/schema.org\",\"@graph\":[{\"@type\":\"WebPage\",\"@id\":\"https:\\\/\\\/nicandmel.com\\\/de\\\/tc\\\/\",\"url\":\"https:\\\/\\\/nicandmel.com\\\/de\\\/tc\\\/\",\"name\":\"T&amp;C - Nic &amp; Mel\",\"isPartOf\":{\"@id\":\"https:\\\/\\\/nicandmel.com\\\/de\\\/#website\"},\"datePublished\":\"2024-02-18T11:01:14+00:00\",\"dateModified\":\"2025-10-22T03:45:48+00:00\",\"breadcrumb\":{\"@id\":\"https:\\\/\\\/nicandmel.com\\\/de\\\/tc\\\/#breadcrumb\"},\"inLanguage\":\"de\",\"potentialAction\":[{\"@type\":\"ReadAction\",\"target\":[\"https:\\\/\\\/nicandmel.com\\\/de\\\/tc\\\/\"]}]},{\"@type\":\"BreadcrumbList\",\"@id\":\"https:\\\/\\\/nicandmel.com\\\/de\\\/tc\\\/#breadcrumb\",\"itemListElement\":[{\"@type\":\"ListItem\",\"position\":1,\"name\":\"Home\",\"item\":\"https:\\\/\\\/nicandmel.com\\\/de\\\/lederwaren-online-nic-mel\\\/\"},{\"@type\":\"ListItem\",\"position\":2,\"name\":\"T&amp;C\"}]},{\"@type\":\"WebSite\",\"@id\":\"https:\\\/\\\/nicandmel.com\\\/de\\\/#website\",\"url\":\"https:\\\/\\\/nicandmel.com\\\/de\\\/\",\"name\":\"Nic & Mel\",\"description\":\"Handmade leather goods\",\"publisher\":{\"@id\":\"https:\\\/\\\/nicandmel.com\\\/de\\\/#organization\"},\"potentialAction\":[{\"@type\":\"SearchAction\",\"target\":{\"@type\":\"EntryPoint\",\"urlTemplate\":\"https:\\\/\\\/nicandmel.com\\\/de\\\/?s={search_term_string}\"},\"query-input\":{\"@type\":\"PropertyValueSpecification\",\"valueRequired\":true,\"valueName\":\"search_term_string\"}}],\"inLanguage\":\"de\"},{\"@type\":\"Organization\",\"@id\":\"https:\\\/\\\/nicandmel.com\\\/de\\\/#organization\",\"name\":\"Nic & Mel\",\"url\":\"https:\\\/\\\/nicandmel.com\\\/de\\\/\",\"logo\":{\"@type\":\"ImageObject\",\"inLanguage\":\"de\",\"@id\":\"https:\\\/\\\/nicandmel.com\\\/de\\\/#\\\/schema\\\/logo\\\/image\\\/\",\"url\":\"https:\\\/\\\/nicandmel.com\\\/wp-content\\\/uploads\\\/2021\\\/07\\\/nic_and_mel_logo.png\",\"contentUrl\":\"https:\\\/\\\/nicandmel.com\\\/wp-content\\\/uploads\\\/2021\\\/07\\\/nic_and_mel_logo.png\",\"width\":1237,\"height\":263,\"caption\":\"Nic & Mel\"},\"image\":{\"@id\":\"https:\\\/\\\/nicandmel.com\\\/de\\\/#\\\/schema\\\/logo\\\/image\\\/\"},\"sameAs\":[\"https:\\\/\\\/www.facebook.com\\\/nicandmel\"]}]}<\/script>\n<!-- \/ Yoast SEO plugin. -->","yoast_head_json":{"title":"T&amp;C - Nic &amp; Mel","robots":{"index":"index","follow":"follow","max-snippet":"max-snippet:-1","max-image-preview":"max-image-preview:large","max-video-preview":"max-video-preview:-1"},"canonical":"https:\/\/nicandmel.com\/de\/tc\/","og_locale":"de_DE","og_type":"article","og_title":"T&amp;C - Nic &amp; Mel","og_description":"\u00dcber Bitte lesen Sie unsere Allgemeinen Gesch\u00e4ftsbedingungen durch, bevor Sie eine Bestellung in unserem Online-Shop aufgeben. Unsere Gesch\u00e4ftsbedingungen entsprechen dem schwedischen Recht. Indem Sie eine Bestellung in unserem Webshop aufgeben, erkl\u00e4ren Sie sich mit unseren hier aufgef\u00fchrten Gesch\u00e4ftsbedingungen einverstanden. Wenn Sie weitere Fragen haben, k\u00f6nnen Sie sich gerne hier an unseren Kundenservice wenden. Preise Alle &hellip;","og_url":"https:\/\/nicandmel.com\/de\/tc\/","og_site_name":"Nic &amp; Mel","article_publisher":"https:\/\/www.facebook.com\/nicandmel","article_modified_time":"2025-10-22T03:45:48+00:00","og_image":[{"width":180,"height":74,"url":"https:\/\/nicandmel.com\/wp-content\/uploads\/2016\/05\/nom_logo_yellow.png","type":"image\/png"}],"twitter_card":"summary_large_image","twitter_misc":{"Gesch\u00e4tzte Lesezeit":"5\u00a0Minuten"},"schema":{"@context":"https:\/\/schema.org","@graph":[{"@type":"WebPage","@id":"https:\/\/nicandmel.com\/de\/tc\/","url":"https:\/\/nicandmel.com\/de\/tc\/","name":"T&amp;C - Nic &amp; Mel","isPartOf":{"@id":"https:\/\/nicandmel.com\/de\/#website"},"datePublished":"2024-02-18T11:01:14+00:00","dateModified":"2025-10-22T03:45:48+00:00","breadcrumb":{"@id":"https:\/\/nicandmel.com\/de\/tc\/#breadcrumb"},"inLanguage":"de","potentialAction":[{"@type":"ReadAction","target":["https:\/\/nicandmel.com\/de\/tc\/"]}]},{"@type":"BreadcrumbList","@id":"https:\/\/nicandmel.com\/de\/tc\/#breadcrumb","itemListElement":[{"@type":"ListItem","position":1,"name":"Home","item":"https:\/\/nicandmel.com\/de\/lederwaren-online-nic-mel\/"},{"@type":"ListItem","position":2,"name":"T&amp;C"}]},{"@type":"WebSite","@id":"https:\/\/nicandmel.com\/de\/#website","url":"https:\/\/nicandmel.com\/de\/","name":"Nic & Mel","description":"Handmade leather goods","publisher":{"@id":"https:\/\/nicandmel.com\/de\/#organization"},"potentialAction":[{"@type":"SearchAction","target":{"@type":"EntryPoint","urlTemplate":"https:\/\/nicandmel.com\/de\/?s={search_term_string}"},"query-input":{"@type":"PropertyValueSpecification","valueRequired":true,"valueName":"search_term_string"}}],"inLanguage":"de"},{"@type":"Organization","@id":"https:\/\/nicandmel.com\/de\/#organization","name":"Nic & Mel","url":"https:\/\/nicandmel.com\/de\/","logo":{"@type":"ImageObject","inLanguage":"de","@id":"https:\/\/nicandmel.com\/de\/#\/schema\/logo\/image\/","url":"https:\/\/nicandmel.com\/wp-content\/uploads\/2021\/07\/nic_and_mel_logo.png","contentUrl":"https:\/\/nicandmel.com\/wp-content\/uploads\/2021\/07\/nic_and_mel_logo.png","width":1237,"height":263,"caption":"Nic & Mel"},"image":{"@id":"https:\/\/nicandmel.com\/de\/#\/schema\/logo\/image\/"},"sameAs":["https:\/\/www.facebook.com\/nicandmel"]}]}},"_links":{"self":[{"href":"https:\/\/nicandmel.com\/de\/wp-json\/wp\/v2\/pages\/18829","targetHints":{"allow":["GET"]}}],"collection":[{"href":"https:\/\/nicandmel.com\/de\/wp-json\/wp\/v2\/pages"}],"about":[{"href":"https:\/\/nicandmel.com\/de\/wp-json\/wp\/v2\/types\/page"}],"author":[{"embeddable":true,"href":"https:\/\/nicandmel.com\/de\/wp-json\/wp\/v2\/users\/2931"}],"replies":[{"embeddable":true,"href":"https:\/\/nicandmel.com\/de\/wp-json\/wp\/v2\/comments?post=18829"}],"version-history":[{"count":2,"href":"https:\/\/nicandmel.com\/de\/wp-json\/wp\/v2\/pages\/18829\/revisions"}],"predecessor-version":[{"id":20561,"href":"https:\/\/nicandmel.com\/de\/wp-json\/wp\/v2\/pages\/18829\/revisions\/20561"}],"wp:attachment":[{"href":"https:\/\/nicandmel.com\/de\/wp-json\/wp\/v2\/media?parent=18829"}],"curies":[{"name":"wp","href":"https:\/\/api.w.org\/{rel}","templated":true}]}}