{"id":14051,"date":"2024-02-05T16:31:52","date_gmt":"2024-02-05T15:31:52","guid":{"rendered":"https:\/\/nicandmel.com\/?post_type=product&#038;p=14051"},"modified":"2025-08-26T08:13:56","modified_gmt":"2025-08-26T06:13:56","slug":"jim-mobilskal-i-brunt-lader-till-iphone-13","status":"publish","type":"product","link":"https:\/\/nicandmel.com\/de\/produkt\/jim-mobilskal-i-brunt-lader-till-iphone-13\/","title":{"rendered":"Brunt mobilskal till iPhone 13 i italienskt l\u00e4der"},"content":{"rendered":"<p>F\u00f6rh\u00f6j din stil och funktionalitet med Jim l\u00e4derfodral \u2013 ett idealiskt val f\u00f6r den urbana cowboyen i farten. Tillverkad f\u00f6r hand med det finaste italienska, ekologiskt garvade l\u00e4dret \u00e4r detta fodral byggt f\u00f6r att h\u00e5lla och designat f\u00f6r att vara din st\u00e4ndiga f\u00f6ljeslagare. H\u00e4r \u00e4r varf\u00f6r Jim l\u00e4derfodral \u00e4r ett m\u00e5ste:<\/p>\n<ul>\n<li><strong>Uts\u00f6kt Hantverk:<\/strong> Handgjord med det b\u00e4sta italienska ekologiskt garvade l\u00e4dret, vilket s\u00e4kerst\u00e4ller en kvalitativ och autentisk produkt som st\u00e5r emot tidens pr\u00f6vning.<\/li>\n<li><strong>Praktisk f\u00f6rvaring av kort:<\/strong> Inledningsvis rymmer fodralet 2 kreditkort, men fodralet utvecklas med anv\u00e4ndningen och l\u00e5ter dig smart f\u00f6rvara 3-4 kort i facken p\u00e5 baksidan, anpassat till dina behov.<\/li>\n<li><strong>S\u00f6ml\u00f6s Modern Design:<\/strong> Njut av ett slankt och modernt utseende med en s\u00f6ml\u00f6s design och noggrant omslutna kanter, vilket tillf\u00f6r en touch av sofistikering till din vardagliga b\u00e4rning.<\/li>\n<li><strong>Din F\u00f6ljeslagare \u00f6verallt:<\/strong> Designad f\u00f6r den urbana livsstilen \u00e4r Jim l\u00e4derfodral den perfekta f\u00f6ljeslagaren vart du \u00e4n g\u00e5r, och kombinerar stil och h\u00e5llbarhet f\u00f6r dina behov p\u00e5 spr\u00e5ng.<\/li>\n<li><strong>Popul\u00e4rt Val:<\/strong> Med sitt rena estetik och praktiska funktioner \u00e4r det inte konstigt att Jim l\u00e4derfodral har blivit en av v\u00e5ra mest eftertraktade produkter.<\/li>\n<\/ul>\n<p>Uppt\u00e4ck den perfekta blandningen av stil, h\u00e5llbarhet och funktionalitet \u2013 g\u00f6r Jim l\u00e4derfodral till ditt val f\u00f6r ett p\u00e5litligt och stiligt vardagstillbeh\u00f6r.<\/p>\n","protected":false},"excerpt":{"rendered":"<p>Jim brunt mobilskal i italienskt l\u00e4der skal med kortfickor till din iPhone 13.<\/p>\n","protected":false},"featured_media":14072,"template":"","meta":{"_acf_changed":false},"product_brand":[],"product_cat":[1815],"product_tag":[1992],"class_list":{"0":"post-14051","1":"product","2":"type-product","3":"status-publish","4":"has-post-thumbnail","6":"product_cat-mobiltilbehor","7":"product_tag-iphone-13-da","8":"pa_model-iphone-13-sv","10":"first","11":"instock","12":"taxable","13":"shipping-taxable","14":"purchasable","15":"product-type-simple"},"acf":[],"yoast_head":"<!-- This site is optimized with the Yoast SEO plugin v27.3 - https:\/\/yoast.com\/product\/yoast-seo-wordpress\/ -->\n<title>Jim Backcase Cognac Leather iPhone 6\/6S\/7\/8 - Nic &amp; Mel.<\/title>\n<meta name=\"description\" content=\"JIM Backcase Cognac Leather iPhone 6\/6S\/7\/8. Genuine handmade leather in scandinavian design. Backcase Cognac Leather with card pockets. Free delivery over 200 SEK.\" \/>\n<meta name=\"robots\" content=\"index, follow, max-snippet:-1, max-image-preview:large, max-video-preview:-1\" \/>\n<link rel=\"canonical\" href=\"https:\/\/nicandmel.com\/de\/produkt\/jim-mobilskal-i-brunt-lader-till-iphone-13\/\" \/>\n<meta property=\"og:locale\" content=\"de_DE\" \/>\n<meta property=\"og:type\" content=\"article\" \/>\n<meta property=\"og:title\" content=\"Jim Backcase Cognac Leather iPhone 6\/6S\/7\/8 - Nic &amp; Mel.\" \/>\n<meta property=\"og:description\" content=\"JIM Backcase Cognac Leather iPhone 6\/6S\/7\/8. Genuine handmade leather in scandinavian design. Backcase Cognac Leather with card pockets. Free delivery over 200 SEK.\" \/>\n<meta property=\"og:url\" content=\"https:\/\/nicandmel.com\/de\/produkt\/jim-mobilskal-i-brunt-lader-till-iphone-13\/\" \/>\n<meta property=\"og:site_name\" content=\"Nic &amp; Mel\" \/>\n<meta property=\"article:publisher\" content=\"https:\/\/www.facebook.com\/nicandmel\" \/>\n<meta property=\"article:modified_time\" content=\"2025-08-26T06:13:56+00:00\" \/>\n<meta property=\"og:image\" content=\"https:\/\/nicandmel.com\/wp-content\/uploads\/2023\/02\/jimcase-congack-outside-cards-11-max_1.jpg\" \/>\n\t<meta property=\"og:image:width\" content=\"1500\" \/>\n\t<meta property=\"og:image:height\" content=\"1828\" \/>\n\t<meta property=\"og:image:type\" content=\"image\/jpeg\" \/>\n<meta name=\"twitter:card\" content=\"summary_large_image\" \/>\n<meta name=\"twitter:label1\" content=\"Gesch\u00e4tzte Lesezeit\" \/>\n\t<meta name=\"twitter:data1\" content=\"2\u00a0Minuten\" \/>\n<script type=\"application\/ld+json\" class=\"yoast-schema-graph\">{\"@context\":\"https:\\\/\\\/schema.org\",\"@graph\":[{\"@type\":\"WebPage\",\"@id\":\"https:\\\/\\\/nicandmel.com\\\/de\\\/produkt\\\/jim-mobilskal-i-brunt-lader-till-iphone-13\\\/\",\"url\":\"https:\\\/\\\/nicandmel.com\\\/de\\\/produkt\\\/jim-mobilskal-i-brunt-lader-till-iphone-13\\\/\",\"name\":\"Jim Backcase Cognac Leather iPhone 6\\\/6S\\\/7\\\/8 - Nic & Mel.\",\"isPartOf\":{\"@id\":\"https:\\\/\\\/nicandmel.com\\\/de\\\/#website\"},\"primaryImageOfPage\":{\"@id\":\"https:\\\/\\\/nicandmel.com\\\/de\\\/produkt\\\/jim-mobilskal-i-brunt-lader-till-iphone-13\\\/#primaryimage\"},\"image\":{\"@id\":\"https:\\\/\\\/nicandmel.com\\\/de\\\/produkt\\\/jim-mobilskal-i-brunt-lader-till-iphone-13\\\/#primaryimage\"},\"thumbnailUrl\":\"https:\\\/\\\/nicandmel.com\\\/wp-content\\\/uploads\\\/2023\\\/02\\\/jimcase-congack-outside-cards-11-max_1.jpg\",\"datePublished\":\"2024-02-05T15:31:52+00:00\",\"dateModified\":\"2025-08-26T06:13:56+00:00\",\"description\":\"JIM Backcase Cognac Leather iPhone 6\\\/6S\\\/7\\\/8. Genuine handmade leather in scandinavian design. Backcase Cognac Leather with card pockets. Free delivery over 200 SEK.\",\"breadcrumb\":{\"@id\":\"https:\\\/\\\/nicandmel.com\\\/de\\\/produkt\\\/jim-mobilskal-i-brunt-lader-till-iphone-13\\\/#breadcrumb\"},\"inLanguage\":\"de\",\"potentialAction\":[{\"@type\":\"ReadAction\",\"target\":[\"https:\\\/\\\/nicandmel.com\\\/de\\\/produkt\\\/jim-mobilskal-i-brunt-lader-till-iphone-13\\\/\"]}]},{\"@type\":\"ImageObject\",\"inLanguage\":\"de\",\"@id\":\"https:\\\/\\\/nicandmel.com\\\/de\\\/produkt\\\/jim-mobilskal-i-brunt-lader-till-iphone-13\\\/#primaryimage\",\"url\":\"https:\\\/\\\/nicandmel.com\\\/wp-content\\\/uploads\\\/2023\\\/02\\\/jimcase-congack-outside-cards-11-max_1.jpg\",\"contentUrl\":\"https:\\\/\\\/nicandmel.com\\\/wp-content\\\/uploads\\\/2023\\\/02\\\/jimcase-congack-outside-cards-11-max_1.jpg\",\"width\":1500,\"height\":1828},{\"@type\":\"BreadcrumbList\",\"@id\":\"https:\\\/\\\/nicandmel.com\\\/de\\\/produkt\\\/jim-mobilskal-i-brunt-lader-till-iphone-13\\\/#breadcrumb\",\"itemListElement\":[{\"@type\":\"ListItem\",\"position\":1,\"name\":\"Home\",\"item\":\"https:\\\/\\\/nicandmel.com\\\/de\\\/lederwaren-online-nic-mel\\\/\"},{\"@type\":\"ListItem\",\"position\":2,\"name\":\"Shop\",\"item\":\"https:\\\/\\\/nicandmel.com\\\/de\\\/shop\\\/\"},{\"@type\":\"ListItem\",\"position\":3,\"name\":\"Brunt mobilskal till iPhone 13 i italienskt l\u00e4der\"}]},{\"@type\":\"WebSite\",\"@id\":\"https:\\\/\\\/nicandmel.com\\\/de\\\/#website\",\"url\":\"https:\\\/\\\/nicandmel.com\\\/de\\\/\",\"name\":\"Nic & Mel\",\"description\":\"Handmade leather goods\",\"publisher\":{\"@id\":\"https:\\\/\\\/nicandmel.com\\\/de\\\/#organization\"},\"potentialAction\":[{\"@type\":\"SearchAction\",\"target\":{\"@type\":\"EntryPoint\",\"urlTemplate\":\"https:\\\/\\\/nicandmel.com\\\/de\\\/?s={search_term_string}\"},\"query-input\":{\"@type\":\"PropertyValueSpecification\",\"valueRequired\":true,\"valueName\":\"search_term_string\"}}],\"inLanguage\":\"de\"},{\"@type\":\"Organization\",\"@id\":\"https:\\\/\\\/nicandmel.com\\\/de\\\/#organization\",\"name\":\"Nic & Mel\",\"url\":\"https:\\\/\\\/nicandmel.com\\\/de\\\/\",\"logo\":{\"@type\":\"ImageObject\",\"inLanguage\":\"de\",\"@id\":\"https:\\\/\\\/nicandmel.com\\\/de\\\/#\\\/schema\\\/logo\\\/image\\\/\",\"url\":\"https:\\\/\\\/nicandmel.com\\\/wp-content\\\/uploads\\\/2021\\\/07\\\/nic_and_mel_logo.png\",\"contentUrl\":\"https:\\\/\\\/nicandmel.com\\\/wp-content\\\/uploads\\\/2021\\\/07\\\/nic_and_mel_logo.png\",\"width\":1237,\"height\":263,\"caption\":\"Nic & Mel\"},\"image\":{\"@id\":\"https:\\\/\\\/nicandmel.com\\\/de\\\/#\\\/schema\\\/logo\\\/image\\\/\"},\"sameAs\":[\"https:\\\/\\\/www.facebook.com\\\/nicandmel\"]}]}<\/script>\n<!-- \/ Yoast SEO plugin. -->","yoast_head_json":{"title":"Jim Backcase Cognac Leather iPhone 6\/6S\/7\/8 - Nic & Mel.","description":"JIM Backcase Cognac Leather iPhone 6\/6S\/7\/8. Genuine handmade leather in scandinavian design. Backcase Cognac Leather with card pockets. Free delivery over 200 SEK.","robots":{"index":"index","follow":"follow","max-snippet":"max-snippet:-1","max-image-preview":"max-image-preview:large","max-video-preview":"max-video-preview:-1"},"canonical":"https:\/\/nicandmel.com\/de\/produkt\/jim-mobilskal-i-brunt-lader-till-iphone-13\/","og_locale":"de_DE","og_type":"article","og_title":"Jim Backcase Cognac Leather iPhone 6\/6S\/7\/8 - Nic & Mel.","og_description":"JIM Backcase Cognac Leather iPhone 6\/6S\/7\/8. Genuine handmade leather in scandinavian design. Backcase Cognac Leather with card pockets. Free delivery over 200 SEK.","og_url":"https:\/\/nicandmel.com\/de\/produkt\/jim-mobilskal-i-brunt-lader-till-iphone-13\/","og_site_name":"Nic &amp; Mel","article_publisher":"https:\/\/www.facebook.com\/nicandmel","article_modified_time":"2025-08-26T06:13:56+00:00","og_image":[{"width":1500,"height":1828,"url":"https:\/\/nicandmel.com\/wp-content\/uploads\/2023\/02\/jimcase-congack-outside-cards-11-max_1.jpg","type":"image\/jpeg"}],"twitter_card":"summary_large_image","twitter_misc":{"Gesch\u00e4tzte Lesezeit":"2\u00a0Minuten"},"schema":{"@context":"https:\/\/schema.org","@graph":[{"@type":"WebPage","@id":"https:\/\/nicandmel.com\/de\/produkt\/jim-mobilskal-i-brunt-lader-till-iphone-13\/","url":"https:\/\/nicandmel.com\/de\/produkt\/jim-mobilskal-i-brunt-lader-till-iphone-13\/","name":"Jim Backcase Cognac Leather iPhone 6\/6S\/7\/8 - Nic & Mel.","isPartOf":{"@id":"https:\/\/nicandmel.com\/de\/#website"},"primaryImageOfPage":{"@id":"https:\/\/nicandmel.com\/de\/produkt\/jim-mobilskal-i-brunt-lader-till-iphone-13\/#primaryimage"},"image":{"@id":"https:\/\/nicandmel.com\/de\/produkt\/jim-mobilskal-i-brunt-lader-till-iphone-13\/#primaryimage"},"thumbnailUrl":"https:\/\/nicandmel.com\/wp-content\/uploads\/2023\/02\/jimcase-congack-outside-cards-11-max_1.jpg","datePublished":"2024-02-05T15:31:52+00:00","dateModified":"2025-08-26T06:13:56+00:00","description":"JIM Backcase Cognac Leather iPhone 6\/6S\/7\/8. Genuine handmade leather in scandinavian design. Backcase Cognac Leather with card pockets. Free delivery over 200 SEK.","breadcrumb":{"@id":"https:\/\/nicandmel.com\/de\/produkt\/jim-mobilskal-i-brunt-lader-till-iphone-13\/#breadcrumb"},"inLanguage":"de","potentialAction":[{"@type":"ReadAction","target":["https:\/\/nicandmel.com\/de\/produkt\/jim-mobilskal-i-brunt-lader-till-iphone-13\/"]}]},{"@type":"ImageObject","inLanguage":"de","@id":"https:\/\/nicandmel.com\/de\/produkt\/jim-mobilskal-i-brunt-lader-till-iphone-13\/#primaryimage","url":"https:\/\/nicandmel.com\/wp-content\/uploads\/2023\/02\/jimcase-congack-outside-cards-11-max_1.jpg","contentUrl":"https:\/\/nicandmel.com\/wp-content\/uploads\/2023\/02\/jimcase-congack-outside-cards-11-max_1.jpg","width":1500,"height":1828},{"@type":"BreadcrumbList","@id":"https:\/\/nicandmel.com\/de\/produkt\/jim-mobilskal-i-brunt-lader-till-iphone-13\/#breadcrumb","itemListElement":[{"@type":"ListItem","position":1,"name":"Home","item":"https:\/\/nicandmel.com\/de\/lederwaren-online-nic-mel\/"},{"@type":"ListItem","position":2,"name":"Shop","item":"https:\/\/nicandmel.com\/de\/shop\/"},{"@type":"ListItem","position":3,"name":"Brunt mobilskal till iPhone 13 i italienskt l\u00e4der"}]},{"@type":"WebSite","@id":"https:\/\/nicandmel.com\/de\/#website","url":"https:\/\/nicandmel.com\/de\/","name":"Nic & Mel","description":"Handmade leather goods","publisher":{"@id":"https:\/\/nicandmel.com\/de\/#organization"},"potentialAction":[{"@type":"SearchAction","target":{"@type":"EntryPoint","urlTemplate":"https:\/\/nicandmel.com\/de\/?s={search_term_string}"},"query-input":{"@type":"PropertyValueSpecification","valueRequired":true,"valueName":"search_term_string"}}],"inLanguage":"de"},{"@type":"Organization","@id":"https:\/\/nicandmel.com\/de\/#organization","name":"Nic & Mel","url":"https:\/\/nicandmel.com\/de\/","logo":{"@type":"ImageObject","inLanguage":"de","@id":"https:\/\/nicandmel.com\/de\/#\/schema\/logo\/image\/","url":"https:\/\/nicandmel.com\/wp-content\/uploads\/2021\/07\/nic_and_mel_logo.png","contentUrl":"https:\/\/nicandmel.com\/wp-content\/uploads\/2021\/07\/nic_and_mel_logo.png","width":1237,"height":263,"caption":"Nic & Mel"},"image":{"@id":"https:\/\/nicandmel.com\/de\/#\/schema\/logo\/image\/"},"sameAs":["https:\/\/www.facebook.com\/nicandmel"]}]}},"_links":{"self":[{"href":"https:\/\/nicandmel.com\/de\/wp-json\/wp\/v2\/product\/14051","targetHints":{"allow":["GET"]}}],"collection":[{"href":"https:\/\/nicandmel.com\/de\/wp-json\/wp\/v2\/product"}],"about":[{"href":"https:\/\/nicandmel.com\/de\/wp-json\/wp\/v2\/types\/product"}],"wp:featuredmedia":[{"embeddable":true,"href":"https:\/\/nicandmel.com\/de\/wp-json\/wp\/v2\/media\/14072"}],"wp:attachment":[{"href":"https:\/\/nicandmel.com\/de\/wp-json\/wp\/v2\/media?parent=14051"}],"wp:term":[{"taxonomy":"product_brand","embeddable":true,"href":"https:\/\/nicandmel.com\/de\/wp-json\/wp\/v2\/product_brand?post=14051"},{"taxonomy":"product_cat","embeddable":true,"href":"https:\/\/nicandmel.com\/de\/wp-json\/wp\/v2\/product_cat?post=14051"},{"taxonomy":"product_tag","embeddable":true,"href":"https:\/\/nicandmel.com\/de\/wp-json\/wp\/v2\/product_tag?post=14051"}],"curies":[{"name":"wp","href":"https:\/\/api.w.org\/{rel}","templated":true}]}}