{"id":18843,"date":"2016-09-29T11:49:17","date_gmt":"2016-09-29T09:49:17","guid":{"rendered":"https:\/\/nicandmel.com\/product\/kennedy-schwarzes-leder-armbanduhr\/"},"modified":"2024-10-24T18:17:54","modified_gmt":"2024-10-24T16:17:54","slug":"kennedy-schwarzes-leder-armbanduhr","status":"publish","type":"product","link":"https:\/\/nicandmel.com\/de\/produkt\/kennedy-schwarzes-leder-armbanduhr\/","title":{"rendered":"KENNEDY, Schwarzes Leder, , Armbanduhr"},"content":{"rendered":"<p>Die Kennedy ist eine solide Uhr aus rostfreiem Stahl. Sie hat ein rundes wei\u00dfes Zifferblatt mit silbernen und wei\u00dfen Zeigern. Die Uhr hat eine erh\u00f6hte L\u00fcnette aus Glas. Die Klammer ist aus schwarzem Kalbsleder mit rohen Kanten und einer Edelstahlschlie\u00dfe gefertigt. Alle unsere Uhren sind nickelfrei und werden in einer exklusiven Nic &amp; Mel Box geliefert. Durchmesser Uhrengeh\u00e4use: 37,5 mm<br \/>\nTiefe Geh\u00e4use: 8 mm<br \/>\nTiefe einschlie\u00dflich des Glases: 12 mm<br \/>\nBreite des Armbands: 22 mm<br \/>\nGlas: Mineralglas<br \/>\nWasserdicht: 3ATM<br \/>\n(spritzwassergesch\u00fctzt)<br \/>\nUhrwerk Quarz Miyota 2035, 3 H Batteriebetrieben mit einem Jahr Garantie.  <\/p>\n","protected":false},"excerpt":{"rendered":"<p>Kennedy ist eine unserer klassischsten Uhren. Schlichtes Design mit auff\u00e4lligen Metalldetails. Eine gute Wahl f\u00fcr den t\u00e4glichen Gebrauch.  <\/p>\n","protected":false},"featured_media":15656,"template":"","meta":{"_acf_changed":false},"product_brand":[],"product_cat":[1822],"product_tag":[],"class_list":{"0":"post-18843","1":"product","2":"type-product","3":"status-publish","4":"has-post-thumbnail","6":"product_cat-uhre","8":"first","9":"instock","10":"taxable","11":"shipping-taxable","12":"purchasable","13":"product-type-simple"},"acf":[],"yoast_head":"<!-- This site is optimized with the Yoast SEO plugin v27.5 - https:\/\/yoast.com\/product\/yoast-seo-wordpress\/ -->\n<title>KENNEDY, Schwarzes Leder, , Armbanduhr - Nic &amp; Mel<\/title>\n<meta name=\"robots\" content=\"index, follow, max-snippet:-1, max-image-preview:large, max-video-preview:-1\" \/>\n<link rel=\"canonical\" href=\"https:\/\/nicandmel.com\/de\/produkt\/kennedy-schwarzes-leder-armbanduhr\/\" \/>\n<meta property=\"og:locale\" content=\"de_DE\" \/>\n<meta property=\"og:type\" content=\"article\" \/>\n<meta property=\"og:title\" content=\"KENNEDY, Schwarzes Leder, , Armbanduhr - Nic &amp; Mel\" \/>\n<meta property=\"og:description\" content=\"Kennedy ist eine unserer klassischsten Uhren. Schlichtes Design mit auff\u00e4lligen Metalldetails. Eine gute Wahl f\u00fcr den t\u00e4glichen Gebrauch.\" \/>\n<meta property=\"og:url\" content=\"https:\/\/nicandmel.com\/de\/produkt\/kennedy-schwarzes-leder-armbanduhr\/\" \/>\n<meta property=\"og:site_name\" content=\"Nic &amp; Mel\" \/>\n<meta property=\"article:publisher\" content=\"https:\/\/www.facebook.com\/nicandmel\" \/>\n<meta property=\"article:modified_time\" content=\"2024-10-24T16:17:54+00:00\" \/>\n<meta property=\"og:image\" content=\"https:\/\/nicandmel.com\/wp-content\/uploads\/2016\/09\/web_kennedy_black.jpg\" \/>\n\t<meta property=\"og:image:width\" content=\"2000\" \/>\n\t<meta property=\"og:image:height\" content=\"1371\" \/>\n\t<meta property=\"og:image:type\" content=\"image\/jpeg\" \/>\n<meta name=\"twitter:card\" content=\"summary_large_image\" \/>\n<script type=\"application\/ld+json\" class=\"yoast-schema-graph\">{\"@context\":\"https:\\\/\\\/schema.org\",\"@graph\":[{\"@type\":\"WebPage\",\"@id\":\"https:\\\/\\\/nicandmel.com\\\/de\\\/produkt\\\/kennedy-schwarzes-leder-armbanduhr\\\/\",\"url\":\"https:\\\/\\\/nicandmel.com\\\/de\\\/produkt\\\/kennedy-schwarzes-leder-armbanduhr\\\/\",\"name\":\"KENNEDY, Schwarzes Leder, , Armbanduhr - Nic &amp; Mel\",\"isPartOf\":{\"@id\":\"https:\\\/\\\/nicandmel.com\\\/de\\\/#website\"},\"primaryImageOfPage\":{\"@id\":\"https:\\\/\\\/nicandmel.com\\\/de\\\/produkt\\\/kennedy-schwarzes-leder-armbanduhr\\\/#primaryimage\"},\"image\":{\"@id\":\"https:\\\/\\\/nicandmel.com\\\/de\\\/produkt\\\/kennedy-schwarzes-leder-armbanduhr\\\/#primaryimage\"},\"thumbnailUrl\":\"https:\\\/\\\/nicandmel.com\\\/wp-content\\\/uploads\\\/2016\\\/09\\\/web_kennedy_black.jpg\",\"datePublished\":\"2016-09-29T09:49:17+00:00\",\"dateModified\":\"2024-10-24T16:17:54+00:00\",\"breadcrumb\":{\"@id\":\"https:\\\/\\\/nicandmel.com\\\/de\\\/produkt\\\/kennedy-schwarzes-leder-armbanduhr\\\/#breadcrumb\"},\"inLanguage\":\"de\",\"potentialAction\":[{\"@type\":\"ReadAction\",\"target\":[\"https:\\\/\\\/nicandmel.com\\\/de\\\/produkt\\\/kennedy-schwarzes-leder-armbanduhr\\\/\"]}]},{\"@type\":\"ImageObject\",\"inLanguage\":\"de\",\"@id\":\"https:\\\/\\\/nicandmel.com\\\/de\\\/produkt\\\/kennedy-schwarzes-leder-armbanduhr\\\/#primaryimage\",\"url\":\"https:\\\/\\\/nicandmel.com\\\/wp-content\\\/uploads\\\/2016\\\/09\\\/web_kennedy_black.jpg\",\"contentUrl\":\"https:\\\/\\\/nicandmel.com\\\/wp-content\\\/uploads\\\/2016\\\/09\\\/web_kennedy_black.jpg\",\"width\":2000,\"height\":1371},{\"@type\":\"BreadcrumbList\",\"@id\":\"https:\\\/\\\/nicandmel.com\\\/de\\\/produkt\\\/kennedy-schwarzes-leder-armbanduhr\\\/#breadcrumb\",\"itemListElement\":[{\"@type\":\"ListItem\",\"position\":1,\"name\":\"Home\",\"item\":\"https:\\\/\\\/nicandmel.com\\\/de\\\/lederwaren-online-nic-mel\\\/\"},{\"@type\":\"ListItem\",\"position\":2,\"name\":\"Shop\",\"item\":\"https:\\\/\\\/nicandmel.com\\\/de\\\/shop\\\/\"},{\"@type\":\"ListItem\",\"position\":3,\"name\":\"KENNEDY, Schwarzes Leder, , Armbanduhr\"}]},{\"@type\":\"WebSite\",\"@id\":\"https:\\\/\\\/nicandmel.com\\\/de\\\/#website\",\"url\":\"https:\\\/\\\/nicandmel.com\\\/de\\\/\",\"name\":\"Nic & Mel\",\"description\":\"Handmade leather goods\",\"publisher\":{\"@id\":\"https:\\\/\\\/nicandmel.com\\\/de\\\/#organization\"},\"potentialAction\":[{\"@type\":\"SearchAction\",\"target\":{\"@type\":\"EntryPoint\",\"urlTemplate\":\"https:\\\/\\\/nicandmel.com\\\/de\\\/?s={search_term_string}\"},\"query-input\":{\"@type\":\"PropertyValueSpecification\",\"valueRequired\":true,\"valueName\":\"search_term_string\"}}],\"inLanguage\":\"de\"},{\"@type\":\"Organization\",\"@id\":\"https:\\\/\\\/nicandmel.com\\\/de\\\/#organization\",\"name\":\"Nic & Mel\",\"url\":\"https:\\\/\\\/nicandmel.com\\\/de\\\/\",\"logo\":{\"@type\":\"ImageObject\",\"inLanguage\":\"de\",\"@id\":\"https:\\\/\\\/nicandmel.com\\\/de\\\/#\\\/schema\\\/logo\\\/image\\\/\",\"url\":\"https:\\\/\\\/nicandmel.com\\\/wp-content\\\/uploads\\\/2021\\\/07\\\/nic_and_mel_logo.png\",\"contentUrl\":\"https:\\\/\\\/nicandmel.com\\\/wp-content\\\/uploads\\\/2021\\\/07\\\/nic_and_mel_logo.png\",\"width\":1237,\"height\":263,\"caption\":\"Nic & Mel\"},\"image\":{\"@id\":\"https:\\\/\\\/nicandmel.com\\\/de\\\/#\\\/schema\\\/logo\\\/image\\\/\"},\"sameAs\":[\"https:\\\/\\\/www.facebook.com\\\/nicandmel\"]}]}<\/script>\n<!-- \/ Yoast SEO plugin. -->","yoast_head_json":{"title":"KENNEDY, Schwarzes Leder, , Armbanduhr - Nic &amp; Mel","robots":{"index":"index","follow":"follow","max-snippet":"max-snippet:-1","max-image-preview":"max-image-preview:large","max-video-preview":"max-video-preview:-1"},"canonical":"https:\/\/nicandmel.com\/de\/produkt\/kennedy-schwarzes-leder-armbanduhr\/","og_locale":"de_DE","og_type":"article","og_title":"KENNEDY, Schwarzes Leder, , Armbanduhr - Nic &amp; Mel","og_description":"Kennedy ist eine unserer klassischsten Uhren. Schlichtes Design mit auff\u00e4lligen Metalldetails. Eine gute Wahl f\u00fcr den t\u00e4glichen Gebrauch.","og_url":"https:\/\/nicandmel.com\/de\/produkt\/kennedy-schwarzes-leder-armbanduhr\/","og_site_name":"Nic &amp; Mel","article_publisher":"https:\/\/www.facebook.com\/nicandmel","article_modified_time":"2024-10-24T16:17:54+00:00","og_image":[{"width":2000,"height":1371,"url":"https:\/\/nicandmel.com\/wp-content\/uploads\/2016\/09\/web_kennedy_black.jpg","type":"image\/jpeg"}],"twitter_card":"summary_large_image","schema":{"@context":"https:\/\/schema.org","@graph":[{"@type":"WebPage","@id":"https:\/\/nicandmel.com\/de\/produkt\/kennedy-schwarzes-leder-armbanduhr\/","url":"https:\/\/nicandmel.com\/de\/produkt\/kennedy-schwarzes-leder-armbanduhr\/","name":"KENNEDY, Schwarzes Leder, , Armbanduhr - Nic &amp; Mel","isPartOf":{"@id":"https:\/\/nicandmel.com\/de\/#website"},"primaryImageOfPage":{"@id":"https:\/\/nicandmel.com\/de\/produkt\/kennedy-schwarzes-leder-armbanduhr\/#primaryimage"},"image":{"@id":"https:\/\/nicandmel.com\/de\/produkt\/kennedy-schwarzes-leder-armbanduhr\/#primaryimage"},"thumbnailUrl":"https:\/\/nicandmel.com\/wp-content\/uploads\/2016\/09\/web_kennedy_black.jpg","datePublished":"2016-09-29T09:49:17+00:00","dateModified":"2024-10-24T16:17:54+00:00","breadcrumb":{"@id":"https:\/\/nicandmel.com\/de\/produkt\/kennedy-schwarzes-leder-armbanduhr\/#breadcrumb"},"inLanguage":"de","potentialAction":[{"@type":"ReadAction","target":["https:\/\/nicandmel.com\/de\/produkt\/kennedy-schwarzes-leder-armbanduhr\/"]}]},{"@type":"ImageObject","inLanguage":"de","@id":"https:\/\/nicandmel.com\/de\/produkt\/kennedy-schwarzes-leder-armbanduhr\/#primaryimage","url":"https:\/\/nicandmel.com\/wp-content\/uploads\/2016\/09\/web_kennedy_black.jpg","contentUrl":"https:\/\/nicandmel.com\/wp-content\/uploads\/2016\/09\/web_kennedy_black.jpg","width":2000,"height":1371},{"@type":"BreadcrumbList","@id":"https:\/\/nicandmel.com\/de\/produkt\/kennedy-schwarzes-leder-armbanduhr\/#breadcrumb","itemListElement":[{"@type":"ListItem","position":1,"name":"Home","item":"https:\/\/nicandmel.com\/de\/lederwaren-online-nic-mel\/"},{"@type":"ListItem","position":2,"name":"Shop","item":"https:\/\/nicandmel.com\/de\/shop\/"},{"@type":"ListItem","position":3,"name":"KENNEDY, Schwarzes Leder, , Armbanduhr"}]},{"@type":"WebSite","@id":"https:\/\/nicandmel.com\/de\/#website","url":"https:\/\/nicandmel.com\/de\/","name":"Nic & Mel","description":"Handmade leather goods","publisher":{"@id":"https:\/\/nicandmel.com\/de\/#organization"},"potentialAction":[{"@type":"SearchAction","target":{"@type":"EntryPoint","urlTemplate":"https:\/\/nicandmel.com\/de\/?s={search_term_string}"},"query-input":{"@type":"PropertyValueSpecification","valueRequired":true,"valueName":"search_term_string"}}],"inLanguage":"de"},{"@type":"Organization","@id":"https:\/\/nicandmel.com\/de\/#organization","name":"Nic & Mel","url":"https:\/\/nicandmel.com\/de\/","logo":{"@type":"ImageObject","inLanguage":"de","@id":"https:\/\/nicandmel.com\/de\/#\/schema\/logo\/image\/","url":"https:\/\/nicandmel.com\/wp-content\/uploads\/2021\/07\/nic_and_mel_logo.png","contentUrl":"https:\/\/nicandmel.com\/wp-content\/uploads\/2021\/07\/nic_and_mel_logo.png","width":1237,"height":263,"caption":"Nic & Mel"},"image":{"@id":"https:\/\/nicandmel.com\/de\/#\/schema\/logo\/image\/"},"sameAs":["https:\/\/www.facebook.com\/nicandmel"]}]}},"_links":{"self":[{"href":"https:\/\/nicandmel.com\/de\/wp-json\/wp\/v2\/product\/18843","targetHints":{"allow":["GET"]}}],"collection":[{"href":"https:\/\/nicandmel.com\/de\/wp-json\/wp\/v2\/product"}],"about":[{"href":"https:\/\/nicandmel.com\/de\/wp-json\/wp\/v2\/types\/product"}],"wp:featuredmedia":[{"embeddable":true,"href":"https:\/\/nicandmel.com\/de\/wp-json\/wp\/v2\/media\/15656"}],"wp:attachment":[{"href":"https:\/\/nicandmel.com\/de\/wp-json\/wp\/v2\/media?parent=18843"}],"wp:term":[{"taxonomy":"product_brand","embeddable":true,"href":"https:\/\/nicandmel.com\/de\/wp-json\/wp\/v2\/product_brand?post=18843"},{"taxonomy":"product_cat","embeddable":true,"href":"https:\/\/nicandmel.com\/de\/wp-json\/wp\/v2\/product_cat?post=18843"},{"taxonomy":"product_tag","embeddable":true,"href":"https:\/\/nicandmel.com\/de\/wp-json\/wp\/v2\/product_tag?post=18843"}],"curies":[{"name":"wp","href":"https:\/\/api.w.org\/{rel}","templated":true}]}}