{"id":18850,"date":"2016-10-03T22:02:21","date_gmt":"2016-10-03T20:02:21","guid":{"rendered":"https:\/\/nicandmel.com\/product\/vince-taschenuhr\/"},"modified":"2024-10-24T19:06:22","modified_gmt":"2024-10-24T17:06:22","slug":"vince-taschenuhr","status":"publish","type":"product","link":"https:\/\/nicandmel.com\/de\/produkt\/vince-taschenuhr\/","title":{"rendered":"VINCE, Taschenuhr"},"content":{"rendered":"<p>Vince ist eine solide Uhr aus rostfreiem Stahl. Sie hat ein rundes schwarzes Zifferblatt mit goldenen Ziffern und wei\u00dfen Zeigern. Die Uhr hat eine erh\u00f6hte L\u00fcnette aus Glas. Die Uhr wird mit einem Lederetui und zwei verschiedenen Lederarmb\u00e4ndern geliefert. Ein Lederband, um die Uhr in der Tasche zu tragen und eines, um sie um den Hals zu tragen. Alle unsere Uhren sind nickelfrei und werden in einer exklusiven Nic &amp; Mel Box geliefert. Durchmesser des Uhrengeh\u00e4uses: 49 mm<br \/>\nGlas: Mineralglas<br \/>\nWasserdicht: 3ATM<br \/>\n(spritzwassergesch\u00fctzt)<br \/>\nUhrwerk: Quarzwerk Miyota 2035, 3 H Batteriebetrieben mit einem Jahr Garantie.  <\/p>\n","protected":false},"excerpt":{"rendered":"<p>Vince ist eine solide Uhr aus rostfreiem Stahl. Sie hat ein rundes schwarzes Zifferblatt mit goldenen Ziffern und wei\u00dfen Zeigern. Die Uhr hat eine erh\u00f6hte L\u00fcnette aus Glas. Die Uhr wird mit einem Lederetui und zwei verschiedenen Lederarmb\u00e4ndern geliefert. Ein Lederband, um die Uhr in der Tasche zu tragen und eines, um sie um den &hellip;<\/p>\n","protected":false},"featured_media":15770,"template":"","meta":{"_acf_changed":false},"product_brand":[],"product_cat":[1822],"product_tag":[],"class_list":{"0":"post-18850","1":"product","2":"type-product","3":"status-publish","4":"has-post-thumbnail","6":"product_cat-uhre","8":"first","9":"instock","10":"taxable","11":"shipping-taxable","12":"purchasable","13":"product-type-simple"},"acf":[],"yoast_head":"<!-- This site is optimized with the Yoast SEO plugin v27.3 - https:\/\/yoast.com\/product\/yoast-seo-wordpress\/ -->\n<title>VINCE, Taschenuhr - Nic &amp; Mel<\/title>\n<meta name=\"robots\" content=\"index, follow, max-snippet:-1, max-image-preview:large, max-video-preview:-1\" \/>\n<link rel=\"canonical\" href=\"https:\/\/nicandmel.com\/de\/produkt\/vince-taschenuhr\/\" \/>\n<meta property=\"og:locale\" content=\"de_DE\" \/>\n<meta property=\"og:type\" content=\"article\" \/>\n<meta property=\"og:title\" content=\"VINCE, Taschenuhr - Nic &amp; Mel\" \/>\n<meta property=\"og:description\" content=\"Vince ist eine solide Uhr aus rostfreiem Stahl. Sie hat ein rundes schwarzes Zifferblatt mit goldenen Ziffern und wei\u00dfen Zeigern. Die Uhr hat eine erh\u00f6hte L\u00fcnette aus Glas. Die Uhr wird mit einem Lederetui und zwei verschiedenen Lederarmb\u00e4ndern geliefert. Ein Lederband, um die Uhr in der Tasche zu tragen und eines, um sie um den &hellip;\" \/>\n<meta property=\"og:url\" content=\"https:\/\/nicandmel.com\/de\/produkt\/vince-taschenuhr\/\" \/>\n<meta property=\"og:site_name\" content=\"Nic &amp; Mel\" \/>\n<meta property=\"article:publisher\" content=\"https:\/\/www.facebook.com\/nicandmel\" \/>\n<meta property=\"article:modified_time\" content=\"2024-10-24T17:06:22+00:00\" \/>\n<meta property=\"og:image\" content=\"https:\/\/nicandmel.com\/wp-content\/uploads\/2016\/09\/23215805-origpic-31e59a.jpg\" \/>\n\t<meta property=\"og:image:width\" content=\"2067\" \/>\n\t<meta property=\"og:image:height\" content=\"1417\" \/>\n\t<meta property=\"og:image:type\" content=\"image\/jpeg\" \/>\n<meta name=\"twitter:card\" content=\"summary_large_image\" \/>\n<script type=\"application\/ld+json\" class=\"yoast-schema-graph\">{\"@context\":\"https:\\\/\\\/schema.org\",\"@graph\":[{\"@type\":\"WebPage\",\"@id\":\"https:\\\/\\\/nicandmel.com\\\/de\\\/produkt\\\/vince-taschenuhr\\\/\",\"url\":\"https:\\\/\\\/nicandmel.com\\\/de\\\/produkt\\\/vince-taschenuhr\\\/\",\"name\":\"VINCE, Taschenuhr - Nic &amp; Mel\",\"isPartOf\":{\"@id\":\"https:\\\/\\\/nicandmel.com\\\/de\\\/#website\"},\"primaryImageOfPage\":{\"@id\":\"https:\\\/\\\/nicandmel.com\\\/de\\\/produkt\\\/vince-taschenuhr\\\/#primaryimage\"},\"image\":{\"@id\":\"https:\\\/\\\/nicandmel.com\\\/de\\\/produkt\\\/vince-taschenuhr\\\/#primaryimage\"},\"thumbnailUrl\":\"https:\\\/\\\/nicandmel.com\\\/wp-content\\\/uploads\\\/2016\\\/09\\\/23215805-origpic-31e59a.jpg\",\"datePublished\":\"2016-10-03T20:02:21+00:00\",\"dateModified\":\"2024-10-24T17:06:22+00:00\",\"breadcrumb\":{\"@id\":\"https:\\\/\\\/nicandmel.com\\\/de\\\/produkt\\\/vince-taschenuhr\\\/#breadcrumb\"},\"inLanguage\":\"de\",\"potentialAction\":[{\"@type\":\"ReadAction\",\"target\":[\"https:\\\/\\\/nicandmel.com\\\/de\\\/produkt\\\/vince-taschenuhr\\\/\"]}]},{\"@type\":\"ImageObject\",\"inLanguage\":\"de\",\"@id\":\"https:\\\/\\\/nicandmel.com\\\/de\\\/produkt\\\/vince-taschenuhr\\\/#primaryimage\",\"url\":\"https:\\\/\\\/nicandmel.com\\\/wp-content\\\/uploads\\\/2016\\\/09\\\/23215805-origpic-31e59a.jpg\",\"contentUrl\":\"https:\\\/\\\/nicandmel.com\\\/wp-content\\\/uploads\\\/2016\\\/09\\\/23215805-origpic-31e59a.jpg\",\"width\":2067,\"height\":1417},{\"@type\":\"BreadcrumbList\",\"@id\":\"https:\\\/\\\/nicandmel.com\\\/de\\\/produkt\\\/vince-taschenuhr\\\/#breadcrumb\",\"itemListElement\":[{\"@type\":\"ListItem\",\"position\":1,\"name\":\"Home\",\"item\":\"https:\\\/\\\/nicandmel.com\\\/de\\\/lederwaren-online-nic-mel\\\/\"},{\"@type\":\"ListItem\",\"position\":2,\"name\":\"Shop\",\"item\":\"https:\\\/\\\/nicandmel.com\\\/de\\\/shop\\\/\"},{\"@type\":\"ListItem\",\"position\":3,\"name\":\"VINCE, Taschenuhr\"}]},{\"@type\":\"WebSite\",\"@id\":\"https:\\\/\\\/nicandmel.com\\\/de\\\/#website\",\"url\":\"https:\\\/\\\/nicandmel.com\\\/de\\\/\",\"name\":\"Nic & Mel\",\"description\":\"Handmade leather goods\",\"publisher\":{\"@id\":\"https:\\\/\\\/nicandmel.com\\\/de\\\/#organization\"},\"potentialAction\":[{\"@type\":\"SearchAction\",\"target\":{\"@type\":\"EntryPoint\",\"urlTemplate\":\"https:\\\/\\\/nicandmel.com\\\/de\\\/?s={search_term_string}\"},\"query-input\":{\"@type\":\"PropertyValueSpecification\",\"valueRequired\":true,\"valueName\":\"search_term_string\"}}],\"inLanguage\":\"de\"},{\"@type\":\"Organization\",\"@id\":\"https:\\\/\\\/nicandmel.com\\\/de\\\/#organization\",\"name\":\"Nic & Mel\",\"url\":\"https:\\\/\\\/nicandmel.com\\\/de\\\/\",\"logo\":{\"@type\":\"ImageObject\",\"inLanguage\":\"de\",\"@id\":\"https:\\\/\\\/nicandmel.com\\\/de\\\/#\\\/schema\\\/logo\\\/image\\\/\",\"url\":\"https:\\\/\\\/nicandmel.com\\\/wp-content\\\/uploads\\\/2021\\\/07\\\/nic_and_mel_logo.png\",\"contentUrl\":\"https:\\\/\\\/nicandmel.com\\\/wp-content\\\/uploads\\\/2021\\\/07\\\/nic_and_mel_logo.png\",\"width\":1237,\"height\":263,\"caption\":\"Nic & Mel\"},\"image\":{\"@id\":\"https:\\\/\\\/nicandmel.com\\\/de\\\/#\\\/schema\\\/logo\\\/image\\\/\"},\"sameAs\":[\"https:\\\/\\\/www.facebook.com\\\/nicandmel\"]}]}<\/script>\n<!-- \/ Yoast SEO plugin. -->","yoast_head_json":{"title":"VINCE, Taschenuhr - Nic &amp; Mel","robots":{"index":"index","follow":"follow","max-snippet":"max-snippet:-1","max-image-preview":"max-image-preview:large","max-video-preview":"max-video-preview:-1"},"canonical":"https:\/\/nicandmel.com\/de\/produkt\/vince-taschenuhr\/","og_locale":"de_DE","og_type":"article","og_title":"VINCE, Taschenuhr - Nic &amp; Mel","og_description":"Vince ist eine solide Uhr aus rostfreiem Stahl. Sie hat ein rundes schwarzes Zifferblatt mit goldenen Ziffern und wei\u00dfen Zeigern. Die Uhr hat eine erh\u00f6hte L\u00fcnette aus Glas. Die Uhr wird mit einem Lederetui und zwei verschiedenen Lederarmb\u00e4ndern geliefert. Ein Lederband, um die Uhr in der Tasche zu tragen und eines, um sie um den &hellip;","og_url":"https:\/\/nicandmel.com\/de\/produkt\/vince-taschenuhr\/","og_site_name":"Nic &amp; Mel","article_publisher":"https:\/\/www.facebook.com\/nicandmel","article_modified_time":"2024-10-24T17:06:22+00:00","og_image":[{"width":2067,"height":1417,"url":"https:\/\/nicandmel.com\/wp-content\/uploads\/2016\/09\/23215805-origpic-31e59a.jpg","type":"image\/jpeg"}],"twitter_card":"summary_large_image","schema":{"@context":"https:\/\/schema.org","@graph":[{"@type":"WebPage","@id":"https:\/\/nicandmel.com\/de\/produkt\/vince-taschenuhr\/","url":"https:\/\/nicandmel.com\/de\/produkt\/vince-taschenuhr\/","name":"VINCE, Taschenuhr - Nic &amp; Mel","isPartOf":{"@id":"https:\/\/nicandmel.com\/de\/#website"},"primaryImageOfPage":{"@id":"https:\/\/nicandmel.com\/de\/produkt\/vince-taschenuhr\/#primaryimage"},"image":{"@id":"https:\/\/nicandmel.com\/de\/produkt\/vince-taschenuhr\/#primaryimage"},"thumbnailUrl":"https:\/\/nicandmel.com\/wp-content\/uploads\/2016\/09\/23215805-origpic-31e59a.jpg","datePublished":"2016-10-03T20:02:21+00:00","dateModified":"2024-10-24T17:06:22+00:00","breadcrumb":{"@id":"https:\/\/nicandmel.com\/de\/produkt\/vince-taschenuhr\/#breadcrumb"},"inLanguage":"de","potentialAction":[{"@type":"ReadAction","target":["https:\/\/nicandmel.com\/de\/produkt\/vince-taschenuhr\/"]}]},{"@type":"ImageObject","inLanguage":"de","@id":"https:\/\/nicandmel.com\/de\/produkt\/vince-taschenuhr\/#primaryimage","url":"https:\/\/nicandmel.com\/wp-content\/uploads\/2016\/09\/23215805-origpic-31e59a.jpg","contentUrl":"https:\/\/nicandmel.com\/wp-content\/uploads\/2016\/09\/23215805-origpic-31e59a.jpg","width":2067,"height":1417},{"@type":"BreadcrumbList","@id":"https:\/\/nicandmel.com\/de\/produkt\/vince-taschenuhr\/#breadcrumb","itemListElement":[{"@type":"ListItem","position":1,"name":"Home","item":"https:\/\/nicandmel.com\/de\/lederwaren-online-nic-mel\/"},{"@type":"ListItem","position":2,"name":"Shop","item":"https:\/\/nicandmel.com\/de\/shop\/"},{"@type":"ListItem","position":3,"name":"VINCE, Taschenuhr"}]},{"@type":"WebSite","@id":"https:\/\/nicandmel.com\/de\/#website","url":"https:\/\/nicandmel.com\/de\/","name":"Nic & Mel","description":"Handmade leather goods","publisher":{"@id":"https:\/\/nicandmel.com\/de\/#organization"},"potentialAction":[{"@type":"SearchAction","target":{"@type":"EntryPoint","urlTemplate":"https:\/\/nicandmel.com\/de\/?s={search_term_string}"},"query-input":{"@type":"PropertyValueSpecification","valueRequired":true,"valueName":"search_term_string"}}],"inLanguage":"de"},{"@type":"Organization","@id":"https:\/\/nicandmel.com\/de\/#organization","name":"Nic & Mel","url":"https:\/\/nicandmel.com\/de\/","logo":{"@type":"ImageObject","inLanguage":"de","@id":"https:\/\/nicandmel.com\/de\/#\/schema\/logo\/image\/","url":"https:\/\/nicandmel.com\/wp-content\/uploads\/2021\/07\/nic_and_mel_logo.png","contentUrl":"https:\/\/nicandmel.com\/wp-content\/uploads\/2021\/07\/nic_and_mel_logo.png","width":1237,"height":263,"caption":"Nic & Mel"},"image":{"@id":"https:\/\/nicandmel.com\/de\/#\/schema\/logo\/image\/"},"sameAs":["https:\/\/www.facebook.com\/nicandmel"]}]}},"_links":{"self":[{"href":"https:\/\/nicandmel.com\/de\/wp-json\/wp\/v2\/product\/18850","targetHints":{"allow":["GET"]}}],"collection":[{"href":"https:\/\/nicandmel.com\/de\/wp-json\/wp\/v2\/product"}],"about":[{"href":"https:\/\/nicandmel.com\/de\/wp-json\/wp\/v2\/types\/product"}],"wp:featuredmedia":[{"embeddable":true,"href":"https:\/\/nicandmel.com\/de\/wp-json\/wp\/v2\/media\/15770"}],"wp:attachment":[{"href":"https:\/\/nicandmel.com\/de\/wp-json\/wp\/v2\/media?parent=18850"}],"wp:term":[{"taxonomy":"product_brand","embeddable":true,"href":"https:\/\/nicandmel.com\/de\/wp-json\/wp\/v2\/product_brand?post=18850"},{"taxonomy":"product_cat","embeddable":true,"href":"https:\/\/nicandmel.com\/de\/wp-json\/wp\/v2\/product_cat?post=18850"},{"taxonomy":"product_tag","embeddable":true,"href":"https:\/\/nicandmel.com\/de\/wp-json\/wp\/v2\/product_tag?post=18850"}],"curies":[{"name":"wp","href":"https:\/\/api.w.org\/{rel}","templated":true}]}}