{"id":18856,"date":"2019-01-11T14:47:52","date_gmt":"2019-01-11T13:47:52","guid":{"rendered":"https:\/\/nicandmel.com\/product\/vince-cognacfarbenes-leder-armbanduhr\/"},"modified":"2024-10-24T19:17:24","modified_gmt":"2024-10-24T17:17:24","slug":"vince-cognacfarbenes-leder-armbanduhr","status":"publish","type":"product","link":"https:\/\/nicandmel.com\/de\/produkt\/vince-cognacfarbenes-leder-armbanduhr\/","title":{"rendered":"VINCE, Cognacfarbenes Leder, Armbanduhr"},"content":{"rendered":"<p>Die Vince Uhr ist ein strapazierf\u00e4higer Zeitmesser aus Edelstahl, der sich durch sein schlankes Design und verschiedene markante Elemente auszeichnet: Material: Die Konstruktion aus Edelstahl garantiert Haltbarkeit und Langlebigkeit. Zifferblatt: Die Uhr hat ein klassisches rundes schwarzes Zifferblatt mit goldenen Zahlen und Zeigern, die ihr einen eleganten Touch verleihen. Sekundenzeiger: Ein leuchtend roter Sekundenzeiger f\u00fcgt dem Gesamtdesign ein sportliches Element hinzu. L\u00fcnette: Die erhabene L\u00fcnette, die das Zifferblatt umgibt, ist aus Glas gefertigt und unterstreicht die \u00c4sthetik der Uhr. Armband: Das cognacfarbene Kalbslederarmband hat raue Kanten und wird mit einer Edelstahlschlie\u00dfe geschlossen, die Stil mit Komfort verbindet. Nickelfrei: Alle Uhren aus dieser Linie sind nickelfrei und somit auch f\u00fcr Personen geeignet, die empfindlich auf Nickel reagieren. Verpackung: Die Uhr wird in einer exklusiven Nic &amp; Mel Box verpackt, die eine luxuri\u00f6se Pr\u00e4sentation bietet. Spezifikationen: Durchmesser des Uhrengeh\u00e4uses: 37,5 mm<br \/>\nGeh\u00e4usetiefe: 8 mm<br \/>\nTiefe einschlie\u00dflich Glas: 12 mm<br \/>\nBreite des Armbands: 22 mm<br \/>\nGlas: Mineralglas, bekannt f\u00fcr seine Kratzfestigkeit und Haltbarkeit.<br \/>\nWasserdichtigkeit: 3ATM, d.h. sie ist spritzwasser- und regenfest.<br \/>\nUhrwerk: Quarzwerk Miyota 2035, 3 H &#8211; ein zuverl\u00e4ssiges Quarzwerk, das f\u00fcr seine Ganggenauigkeit bekannt ist.<br \/>\nStromversorgung: Batteriebetrieben, ein Jahr Garantie auf die Batterie.<br \/>\nInsgesamt verbindet die Vince Uhr Funktionalit\u00e4t mit Stil und zeigt eine Mischung aus klassischen Designelementen mit modernen Funktionen und Materialien, geeignet f\u00fcr den Alltag und verschiedene Anl\u00e4sse.<\/p>\n","protected":false},"excerpt":{"rendered":"<p>Die Vince Uhr ist ein strapazierf\u00e4higer Zeitmesser aus Edelstahl, der sich durch sein schlankes Design und verschiedene markante Elemente auszeichnet:<\/p>\n","protected":false},"featured_media":15806,"template":"","meta":{"_acf_changed":false},"product_brand":[],"product_cat":[1822],"product_tag":[],"class_list":{"0":"post-18856","1":"product","2":"type-product","3":"status-publish","4":"has-post-thumbnail","6":"product_cat-uhre","8":"first","9":"instock","10":"taxable","11":"shipping-taxable","12":"purchasable","13":"product-type-simple"},"acf":[],"yoast_head":"<!-- This site is optimized with the Yoast SEO plugin v27.3 - https:\/\/yoast.com\/product\/yoast-seo-wordpress\/ -->\n<title>VINCE, Cognacfarbenes Leder, Armbanduhr - Nic &amp; Mel<\/title>\n<meta name=\"robots\" content=\"index, follow, max-snippet:-1, max-image-preview:large, max-video-preview:-1\" \/>\n<link rel=\"canonical\" href=\"https:\/\/nicandmel.com\/de\/produkt\/vince-cognacfarbenes-leder-armbanduhr\/\" \/>\n<meta property=\"og:locale\" content=\"de_DE\" \/>\n<meta property=\"og:type\" content=\"article\" \/>\n<meta property=\"og:title\" content=\"VINCE, Cognacfarbenes Leder, Armbanduhr - Nic &amp; Mel\" \/>\n<meta property=\"og:description\" content=\"Die Vince Uhr ist ein strapazierf\u00e4higer Zeitmesser aus Edelstahl, der sich durch sein schlankes Design und verschiedene markante Elemente auszeichnet:\" \/>\n<meta property=\"og:url\" content=\"https:\/\/nicandmel.com\/de\/produkt\/vince-cognacfarbenes-leder-armbanduhr\/\" \/>\n<meta property=\"og:site_name\" content=\"Nic &amp; Mel\" \/>\n<meta property=\"article:publisher\" content=\"https:\/\/www.facebook.com\/nicandmel\" \/>\n<meta property=\"article:modified_time\" content=\"2024-10-24T17:17:24+00:00\" \/>\n<meta property=\"og:image\" content=\"https:\/\/nicandmel.com\/wp-content\/uploads\/2016\/09\/web_vince_cognac.jpg\" \/>\n\t<meta property=\"og:image:width\" content=\"2000\" \/>\n\t<meta property=\"og:image:height\" content=\"1370\" \/>\n\t<meta property=\"og:image:type\" content=\"image\/jpeg\" \/>\n<meta name=\"twitter:card\" content=\"summary_large_image\" \/>\n<meta name=\"twitter:label1\" content=\"Gesch\u00e4tzte Lesezeit\" \/>\n\t<meta name=\"twitter:data1\" content=\"1\u00a0Minute\" \/>\n<script type=\"application\/ld+json\" class=\"yoast-schema-graph\">{\"@context\":\"https:\\\/\\\/schema.org\",\"@graph\":[{\"@type\":\"WebPage\",\"@id\":\"https:\\\/\\\/nicandmel.com\\\/de\\\/produkt\\\/vince-cognacfarbenes-leder-armbanduhr\\\/\",\"url\":\"https:\\\/\\\/nicandmel.com\\\/de\\\/produkt\\\/vince-cognacfarbenes-leder-armbanduhr\\\/\",\"name\":\"VINCE, Cognacfarbenes Leder, Armbanduhr - Nic &amp; Mel\",\"isPartOf\":{\"@id\":\"https:\\\/\\\/nicandmel.com\\\/de\\\/#website\"},\"primaryImageOfPage\":{\"@id\":\"https:\\\/\\\/nicandmel.com\\\/de\\\/produkt\\\/vince-cognacfarbenes-leder-armbanduhr\\\/#primaryimage\"},\"image\":{\"@id\":\"https:\\\/\\\/nicandmel.com\\\/de\\\/produkt\\\/vince-cognacfarbenes-leder-armbanduhr\\\/#primaryimage\"},\"thumbnailUrl\":\"https:\\\/\\\/nicandmel.com\\\/wp-content\\\/uploads\\\/2016\\\/09\\\/web_vince_cognac.jpg\",\"datePublished\":\"2019-01-11T13:47:52+00:00\",\"dateModified\":\"2024-10-24T17:17:24+00:00\",\"breadcrumb\":{\"@id\":\"https:\\\/\\\/nicandmel.com\\\/de\\\/produkt\\\/vince-cognacfarbenes-leder-armbanduhr\\\/#breadcrumb\"},\"inLanguage\":\"de\",\"potentialAction\":[{\"@type\":\"ReadAction\",\"target\":[\"https:\\\/\\\/nicandmel.com\\\/de\\\/produkt\\\/vince-cognacfarbenes-leder-armbanduhr\\\/\"]}]},{\"@type\":\"ImageObject\",\"inLanguage\":\"de\",\"@id\":\"https:\\\/\\\/nicandmel.com\\\/de\\\/produkt\\\/vince-cognacfarbenes-leder-armbanduhr\\\/#primaryimage\",\"url\":\"https:\\\/\\\/nicandmel.com\\\/wp-content\\\/uploads\\\/2016\\\/09\\\/web_vince_cognac.jpg\",\"contentUrl\":\"https:\\\/\\\/nicandmel.com\\\/wp-content\\\/uploads\\\/2016\\\/09\\\/web_vince_cognac.jpg\",\"width\":2000,\"height\":1370},{\"@type\":\"BreadcrumbList\",\"@id\":\"https:\\\/\\\/nicandmel.com\\\/de\\\/produkt\\\/vince-cognacfarbenes-leder-armbanduhr\\\/#breadcrumb\",\"itemListElement\":[{\"@type\":\"ListItem\",\"position\":1,\"name\":\"Home\",\"item\":\"https:\\\/\\\/nicandmel.com\\\/de\\\/lederwaren-online-nic-mel\\\/\"},{\"@type\":\"ListItem\",\"position\":2,\"name\":\"Shop\",\"item\":\"https:\\\/\\\/nicandmel.com\\\/de\\\/shop\\\/\"},{\"@type\":\"ListItem\",\"position\":3,\"name\":\"VINCE, Cognacfarbenes Leder, Armbanduhr\"}]},{\"@type\":\"WebSite\",\"@id\":\"https:\\\/\\\/nicandmel.com\\\/de\\\/#website\",\"url\":\"https:\\\/\\\/nicandmel.com\\\/de\\\/\",\"name\":\"Nic & Mel\",\"description\":\"Handmade leather goods\",\"publisher\":{\"@id\":\"https:\\\/\\\/nicandmel.com\\\/de\\\/#organization\"},\"potentialAction\":[{\"@type\":\"SearchAction\",\"target\":{\"@type\":\"EntryPoint\",\"urlTemplate\":\"https:\\\/\\\/nicandmel.com\\\/de\\\/?s={search_term_string}\"},\"query-input\":{\"@type\":\"PropertyValueSpecification\",\"valueRequired\":true,\"valueName\":\"search_term_string\"}}],\"inLanguage\":\"de\"},{\"@type\":\"Organization\",\"@id\":\"https:\\\/\\\/nicandmel.com\\\/de\\\/#organization\",\"name\":\"Nic & Mel\",\"url\":\"https:\\\/\\\/nicandmel.com\\\/de\\\/\",\"logo\":{\"@type\":\"ImageObject\",\"inLanguage\":\"de\",\"@id\":\"https:\\\/\\\/nicandmel.com\\\/de\\\/#\\\/schema\\\/logo\\\/image\\\/\",\"url\":\"https:\\\/\\\/nicandmel.com\\\/wp-content\\\/uploads\\\/2021\\\/07\\\/nic_and_mel_logo.png\",\"contentUrl\":\"https:\\\/\\\/nicandmel.com\\\/wp-content\\\/uploads\\\/2021\\\/07\\\/nic_and_mel_logo.png\",\"width\":1237,\"height\":263,\"caption\":\"Nic & Mel\"},\"image\":{\"@id\":\"https:\\\/\\\/nicandmel.com\\\/de\\\/#\\\/schema\\\/logo\\\/image\\\/\"},\"sameAs\":[\"https:\\\/\\\/www.facebook.com\\\/nicandmel\"]}]}<\/script>\n<!-- \/ Yoast SEO plugin. -->","yoast_head_json":{"title":"VINCE, Cognacfarbenes Leder, Armbanduhr - Nic &amp; Mel","robots":{"index":"index","follow":"follow","max-snippet":"max-snippet:-1","max-image-preview":"max-image-preview:large","max-video-preview":"max-video-preview:-1"},"canonical":"https:\/\/nicandmel.com\/de\/produkt\/vince-cognacfarbenes-leder-armbanduhr\/","og_locale":"de_DE","og_type":"article","og_title":"VINCE, Cognacfarbenes Leder, Armbanduhr - Nic &amp; Mel","og_description":"Die Vince Uhr ist ein strapazierf\u00e4higer Zeitmesser aus Edelstahl, der sich durch sein schlankes Design und verschiedene markante Elemente auszeichnet:","og_url":"https:\/\/nicandmel.com\/de\/produkt\/vince-cognacfarbenes-leder-armbanduhr\/","og_site_name":"Nic &amp; Mel","article_publisher":"https:\/\/www.facebook.com\/nicandmel","article_modified_time":"2024-10-24T17:17:24+00:00","og_image":[{"width":2000,"height":1370,"url":"https:\/\/nicandmel.com\/wp-content\/uploads\/2016\/09\/web_vince_cognac.jpg","type":"image\/jpeg"}],"twitter_card":"summary_large_image","twitter_misc":{"Gesch\u00e4tzte Lesezeit":"1\u00a0Minute"},"schema":{"@context":"https:\/\/schema.org","@graph":[{"@type":"WebPage","@id":"https:\/\/nicandmel.com\/de\/produkt\/vince-cognacfarbenes-leder-armbanduhr\/","url":"https:\/\/nicandmel.com\/de\/produkt\/vince-cognacfarbenes-leder-armbanduhr\/","name":"VINCE, Cognacfarbenes Leder, Armbanduhr - Nic &amp; Mel","isPartOf":{"@id":"https:\/\/nicandmel.com\/de\/#website"},"primaryImageOfPage":{"@id":"https:\/\/nicandmel.com\/de\/produkt\/vince-cognacfarbenes-leder-armbanduhr\/#primaryimage"},"image":{"@id":"https:\/\/nicandmel.com\/de\/produkt\/vince-cognacfarbenes-leder-armbanduhr\/#primaryimage"},"thumbnailUrl":"https:\/\/nicandmel.com\/wp-content\/uploads\/2016\/09\/web_vince_cognac.jpg","datePublished":"2019-01-11T13:47:52+00:00","dateModified":"2024-10-24T17:17:24+00:00","breadcrumb":{"@id":"https:\/\/nicandmel.com\/de\/produkt\/vince-cognacfarbenes-leder-armbanduhr\/#breadcrumb"},"inLanguage":"de","potentialAction":[{"@type":"ReadAction","target":["https:\/\/nicandmel.com\/de\/produkt\/vince-cognacfarbenes-leder-armbanduhr\/"]}]},{"@type":"ImageObject","inLanguage":"de","@id":"https:\/\/nicandmel.com\/de\/produkt\/vince-cognacfarbenes-leder-armbanduhr\/#primaryimage","url":"https:\/\/nicandmel.com\/wp-content\/uploads\/2016\/09\/web_vince_cognac.jpg","contentUrl":"https:\/\/nicandmel.com\/wp-content\/uploads\/2016\/09\/web_vince_cognac.jpg","width":2000,"height":1370},{"@type":"BreadcrumbList","@id":"https:\/\/nicandmel.com\/de\/produkt\/vince-cognacfarbenes-leder-armbanduhr\/#breadcrumb","itemListElement":[{"@type":"ListItem","position":1,"name":"Home","item":"https:\/\/nicandmel.com\/de\/lederwaren-online-nic-mel\/"},{"@type":"ListItem","position":2,"name":"Shop","item":"https:\/\/nicandmel.com\/de\/shop\/"},{"@type":"ListItem","position":3,"name":"VINCE, Cognacfarbenes Leder, Armbanduhr"}]},{"@type":"WebSite","@id":"https:\/\/nicandmel.com\/de\/#website","url":"https:\/\/nicandmel.com\/de\/","name":"Nic & Mel","description":"Handmade leather goods","publisher":{"@id":"https:\/\/nicandmel.com\/de\/#organization"},"potentialAction":[{"@type":"SearchAction","target":{"@type":"EntryPoint","urlTemplate":"https:\/\/nicandmel.com\/de\/?s={search_term_string}"},"query-input":{"@type":"PropertyValueSpecification","valueRequired":true,"valueName":"search_term_string"}}],"inLanguage":"de"},{"@type":"Organization","@id":"https:\/\/nicandmel.com\/de\/#organization","name":"Nic & Mel","url":"https:\/\/nicandmel.com\/de\/","logo":{"@type":"ImageObject","inLanguage":"de","@id":"https:\/\/nicandmel.com\/de\/#\/schema\/logo\/image\/","url":"https:\/\/nicandmel.com\/wp-content\/uploads\/2021\/07\/nic_and_mel_logo.png","contentUrl":"https:\/\/nicandmel.com\/wp-content\/uploads\/2021\/07\/nic_and_mel_logo.png","width":1237,"height":263,"caption":"Nic & Mel"},"image":{"@id":"https:\/\/nicandmel.com\/de\/#\/schema\/logo\/image\/"},"sameAs":["https:\/\/www.facebook.com\/nicandmel"]}]}},"_links":{"self":[{"href":"https:\/\/nicandmel.com\/de\/wp-json\/wp\/v2\/product\/18856","targetHints":{"allow":["GET"]}}],"collection":[{"href":"https:\/\/nicandmel.com\/de\/wp-json\/wp\/v2\/product"}],"about":[{"href":"https:\/\/nicandmel.com\/de\/wp-json\/wp\/v2\/types\/product"}],"wp:featuredmedia":[{"embeddable":true,"href":"https:\/\/nicandmel.com\/de\/wp-json\/wp\/v2\/media\/15806"}],"wp:attachment":[{"href":"https:\/\/nicandmel.com\/de\/wp-json\/wp\/v2\/media?parent=18856"}],"wp:term":[{"taxonomy":"product_brand","embeddable":true,"href":"https:\/\/nicandmel.com\/de\/wp-json\/wp\/v2\/product_brand?post=18856"},{"taxonomy":"product_cat","embeddable":true,"href":"https:\/\/nicandmel.com\/de\/wp-json\/wp\/v2\/product_cat?post=18856"},{"taxonomy":"product_tag","embeddable":true,"href":"https:\/\/nicandmel.com\/de\/wp-json\/wp\/v2\/product_tag?post=18856"}],"curies":[{"name":"wp","href":"https:\/\/api.w.org\/{rel}","templated":true}]}}