{"id":20060,"date":"2025-05-19T15:42:45","date_gmt":"2025-05-19T13:42:45","guid":{"rendered":"https:\/\/nicandmel.com\/?post_type=product&#038;p=20060"},"modified":"2025-05-20T05:43:09","modified_gmt":"2025-05-20T03:43:09","slug":"magnetisches-case-cognac-iphone-15-pro-max-mit-magsafe","status":"publish","type":"product","link":"https:\/\/nicandmel.com\/de\/produkt\/magnetisches-case-cognac-iphone-15-pro-max-mit-magsafe\/","title":{"rendered":"Magnetisches Case Cognac \u2013 iPhone 15 Pro Max mit MagSafe"},"content":{"rendered":"<h2 class=\"\" data-start=\"649\" data-end=\"721\">Magnetisches Leder-Case in Cognac \u2013 F\u00fcr iPhone 15 Pro Max mit MagSafe<\/h2>\n<p class=\"\" data-start=\"723\" data-end=\"980\">Dieses <strong data-start=\"730\" data-end=\"772\">magnetische Case in edlem Cognac-Leder<\/strong> wurde speziell f\u00fcr das <strong data-start=\"796\" data-end=\"817\">iPhone 15 Pro Max<\/strong> entwickelt und kombiniert ein zeitloses Design mit moderner MagSafe-Technologie. Es ist mehr als nur eine Handyh\u00fclle \u2013 es ist ein Statement f\u00fcr Qualit\u00e4t und Stil.<\/p>\n<p class=\"\" data-start=\"982\" data-end=\"1164\">Gefertigt aus hochwertigem, vollnarbigem Leder, bietet es nicht nur einen edlen Look, sondern entwickelt mit der Zeit eine charakteristische Patina, die Ihre H\u00fclle einzigartig macht.<\/p>\n<h2 class=\"\" data-start=\"1166\" data-end=\"1187\">Produkt-Highlights<\/h2>\n<ul data-start=\"1189\" data-end=\"1826\">\n<li class=\"\" data-start=\"1189\" data-end=\"1308\">\n<p class=\"\" data-start=\"1191\" data-end=\"1308\"><strong data-start=\"1191\" data-end=\"1214\">MagSafe-kompatibel:<\/strong> Integrierte Magneten erm\u00f6glichen sicheres kabelloses Laden und Zubeh\u00f6rverbindung mit MagSafe.<\/p>\n<\/li>\n<li class=\"\" data-start=\"1309\" data-end=\"1408\">\n<p class=\"\" data-start=\"1311\" data-end=\"1408\"><strong data-start=\"1311\" data-end=\"1328\">Echtes Leder:<\/strong> Hergestellt aus vollnarbigem italienischem Leder in klassischem Cognac-Farbton.<\/p>\n<\/li>\n<li class=\"\" data-start=\"1409\" data-end=\"1523\">\n<p class=\"\" data-start=\"1411\" data-end=\"1523\"><strong data-start=\"1411\" data-end=\"1433\">Perfekte Passform:<\/strong> Pr\u00e4zise Aussparungen f\u00fcr Kamera, Tasten und Anschl\u00fcsse \u2013 ideal f\u00fcr das iPhone 15 Pro Max.<\/p>\n<\/li>\n<li class=\"\" data-start=\"1524\" data-end=\"1645\">\n<p class=\"\" data-start=\"1526\" data-end=\"1645\"><strong data-start=\"1526\" data-end=\"1547\">Schlankes Profil:<\/strong> Bietet effektiven Schutz bei minimalem Volumen \u2013 passt problemlos in Hosentasche oder Handtasche.<\/p>\n<\/li>\n<li class=\"\" data-start=\"1646\" data-end=\"1739\">\n<p class=\"\" data-start=\"1648\" data-end=\"1739\"><strong data-start=\"1648\" data-end=\"1666\">Displayschutz:<\/strong> Erh\u00f6hte R\u00e4nder sch\u00fctzen Display und Kameramodul vor Kratzern und St\u00f6\u00dfen.<\/p>\n<\/li>\n<li class=\"\" data-start=\"1740\" data-end=\"1826\">\n<p class=\"\" data-start=\"1742\" data-end=\"1826\"><strong data-start=\"1742\" data-end=\"1758\">Innenfutter:<\/strong> Weiches Mikrofaser-Innenfutter sch\u00fctzt die R\u00fcckseite Ihres iPhones.<\/p>\n<\/li>\n<\/ul>\n<h2 class=\"\" data-start=\"1828\" data-end=\"1853\">Funktion trifft Design<\/h2>\n<p class=\"\" data-start=\"1855\" data-end=\"2079\">Ob im B\u00fcro, unterwegs oder beim Ausgehen \u2013 dieses <strong data-start=\"1905\" data-end=\"1930\">Magnet-Case in Cognac<\/strong> bietet ein H\u00f6chstma\u00df an Funktionalit\u00e4t und \u00c4sthetik. Es verleiht Ihrem iPhone 15 Pro Max einen edlen Charakter und sch\u00fctzt es zuverl\u00e4ssig im Alltag.<\/p>\n<hr class=\"\" data-start=\"2081\" data-end=\"2084\" \/>\n<h3 class=\"\" data-start=\"2086\" data-end=\"2093\">FAQ<\/h3>\n<p class=\"\" data-start=\"2095\" data-end=\"2263\"><strong data-start=\"2095\" data-end=\"2107\">Frage 1:<\/strong> Ist das Case mit MagSafe kompatibel?<br data-start=\"2144\" data-end=\"2147\" \/><strong data-start=\"2147\" data-end=\"2159\">Antwort:<\/strong> Ja, es enth\u00e4lt integrierte Magneten und ist vollst\u00e4ndig kompatibel mit MagSafe-Ladeger\u00e4ten und Zubeh\u00f6r.<\/p>\n<p class=\"\" data-start=\"2265\" data-end=\"2428\"><strong data-start=\"2265\" data-end=\"2277\">Frage 2:<\/strong> Aus welchem Leder besteht die H\u00fclle?<br data-start=\"2314\" data-end=\"2317\" \/><strong data-start=\"2317\" data-end=\"2329\">Antwort:<\/strong> Aus vollnarbigem, pflanzlich gegerbtem Echtleder, das hochwertig verarbeitet ist und sch\u00f6n altert.<\/p>\n<p class=\"\" data-start=\"2430\" data-end=\"2626\"><strong data-start=\"2430\" data-end=\"2442\">Frage 3:<\/strong> Passt das Case nur auf das iPhone 15 Pro Max?<br data-start=\"2488\" data-end=\"2491\" \/><strong data-start=\"2491\" data-end=\"2503\">Antwort:<\/strong> Ja, dieses Modell ist exklusiv f\u00fcr das iPhone 15 Pro Max konzipiert. Varianten f\u00fcr andere Modelle sind separat erh\u00e4ltlich.<\/p>\n<p class=\"\" data-start=\"2628\" data-end=\"2777\"><strong data-start=\"2628\" data-end=\"2640\">Frage 4:<\/strong> Bietet das Case Schutz bei St\u00fcrzen?<br data-start=\"2676\" data-end=\"2679\" \/><strong data-start=\"2679\" data-end=\"2691\">Antwort:<\/strong> Ja, das Innengeh\u00e4use absorbiert St\u00f6\u00dfe und sch\u00fctzt das Ger\u00e4t bei allt\u00e4glicher Nutzung.<\/p>\n<h3 class=\"\" data-start=\"2784\" data-end=\"2807\"><\/h3>\n","protected":false},"excerpt":{"rendered":"<p class=\"\" data-start=\"473\" data-end=\"647\">Elegantes magnetisches Leder-Case in Cognac, handgefertigt f\u00fcr das iPhone 15 Pro Max. Kompatibel mit MagSafe, bietet es sicheren Halt, kabelloses Laden und stilvollen Schutz.<\/p>\n<h2 class=\"\" data-start=\"649\" data-end=\"721\"><\/h2>\n","protected":false},"featured_media":18110,"template":"","meta":{"_acf_changed":false},"product_brand":[],"product_cat":[1814],"product_tag":[],"class_list":{"0":"post-20060","1":"product","2":"type-product","3":"status-publish","4":"has-post-thumbnail","6":"product_cat-handy-zubehor","8":"first","9":"outofstock","10":"taxable","11":"shipping-taxable","12":"purchasable","13":"product-type-simple"},"acf":[],"yoast_head":"<!-- This site is optimized with the Yoast SEO plugin v27.4 - https:\/\/yoast.com\/product\/yoast-seo-wordpress\/ -->\n<title>Magnetisches Case Cognac \u2013 iPhone 15 Pro Max mit MagSafe - Nic &amp; Mel<\/title>\n<meta name=\"description\" content=\"Elegante Lederh\u00fclle in Cognac f\u00fcr iPhone 15 Pro Max. MagSafe-kompatibel, schlankes Design und hochwertiger Rundumschutz.\" \/>\n<meta name=\"robots\" content=\"index, follow, max-snippet:-1, max-image-preview:large, max-video-preview:-1\" \/>\n<link rel=\"canonical\" href=\"https:\/\/nicandmel.com\/de\/produkt\/magnetisches-case-cognac-iphone-15-pro-max-mit-magsafe\/\" \/>\n<meta property=\"og:locale\" content=\"de_DE\" \/>\n<meta property=\"og:type\" content=\"article\" \/>\n<meta property=\"og:title\" content=\"Magnetisches Case Cognac \u2013 iPhone 15 Pro Max mit MagSafe - Nic &amp; Mel\" \/>\n<meta property=\"og:description\" content=\"Elegante Lederh\u00fclle in Cognac f\u00fcr iPhone 15 Pro Max. MagSafe-kompatibel, schlankes Design und hochwertiger Rundumschutz.\" \/>\n<meta property=\"og:url\" content=\"https:\/\/nicandmel.com\/de\/produkt\/magnetisches-case-cognac-iphone-15-pro-max-mit-magsafe\/\" \/>\n<meta property=\"og:site_name\" content=\"Nic &amp; Mel\" \/>\n<meta property=\"article:publisher\" content=\"https:\/\/www.facebook.com\/nicandmel\" \/>\n<meta property=\"article:modified_time\" content=\"2025-05-20T03:43:09+00:00\" \/>\n<meta property=\"og:image\" content=\"https:\/\/nicandmel.com\/wp-content\/uploads\/2023\/12\/magcase-congac-11-max.jpg\" \/>\n\t<meta property=\"og:image:width\" content=\"1500\" \/>\n\t<meta property=\"og:image:height\" content=\"1828\" \/>\n\t<meta property=\"og:image:type\" content=\"image\/jpeg\" \/>\n<meta name=\"twitter:card\" content=\"summary_large_image\" \/>\n<meta name=\"twitter:label1\" content=\"Gesch\u00e4tzte Lesezeit\" \/>\n\t<meta name=\"twitter:data1\" content=\"2\u00a0Minuten\" \/>\n<script type=\"application\/ld+json\" class=\"yoast-schema-graph\">{\"@context\":\"https:\\\/\\\/schema.org\",\"@graph\":[{\"@type\":\"WebPage\",\"@id\":\"https:\\\/\\\/nicandmel.com\\\/de\\\/produkt\\\/magnetisches-case-cognac-iphone-15-pro-max-mit-magsafe\\\/\",\"url\":\"https:\\\/\\\/nicandmel.com\\\/de\\\/produkt\\\/magnetisches-case-cognac-iphone-15-pro-max-mit-magsafe\\\/\",\"name\":\"Magnetisches Case Cognac \u2013 iPhone 15 Pro Max mit MagSafe - Nic &amp; Mel\",\"isPartOf\":{\"@id\":\"https:\\\/\\\/nicandmel.com\\\/de\\\/#website\"},\"primaryImageOfPage\":{\"@id\":\"https:\\\/\\\/nicandmel.com\\\/de\\\/produkt\\\/magnetisches-case-cognac-iphone-15-pro-max-mit-magsafe\\\/#primaryimage\"},\"image\":{\"@id\":\"https:\\\/\\\/nicandmel.com\\\/de\\\/produkt\\\/magnetisches-case-cognac-iphone-15-pro-max-mit-magsafe\\\/#primaryimage\"},\"thumbnailUrl\":\"https:\\\/\\\/nicandmel.com\\\/wp-content\\\/uploads\\\/2023\\\/12\\\/magcase-congac-11-max-e1765266225959.jpg\",\"datePublished\":\"2025-05-19T13:42:45+00:00\",\"dateModified\":\"2025-05-20T03:43:09+00:00\",\"description\":\"Elegante Lederh\u00fclle in Cognac f\u00fcr iPhone 15 Pro Max. MagSafe-kompatibel, schlankes Design und hochwertiger Rundumschutz.\",\"breadcrumb\":{\"@id\":\"https:\\\/\\\/nicandmel.com\\\/de\\\/produkt\\\/magnetisches-case-cognac-iphone-15-pro-max-mit-magsafe\\\/#breadcrumb\"},\"inLanguage\":\"de\",\"potentialAction\":[{\"@type\":\"ReadAction\",\"target\":[\"https:\\\/\\\/nicandmel.com\\\/de\\\/produkt\\\/magnetisches-case-cognac-iphone-15-pro-max-mit-magsafe\\\/\"]}]},{\"@type\":\"ImageObject\",\"inLanguage\":\"de\",\"@id\":\"https:\\\/\\\/nicandmel.com\\\/de\\\/produkt\\\/magnetisches-case-cognac-iphone-15-pro-max-mit-magsafe\\\/#primaryimage\",\"url\":\"https:\\\/\\\/nicandmel.com\\\/wp-content\\\/uploads\\\/2023\\\/12\\\/magcase-congac-11-max-e1765266225959.jpg\",\"contentUrl\":\"https:\\\/\\\/nicandmel.com\\\/wp-content\\\/uploads\\\/2023\\\/12\\\/magcase-congac-11-max-e1765266225959.jpg\",\"width\":1295,\"height\":1526},{\"@type\":\"BreadcrumbList\",\"@id\":\"https:\\\/\\\/nicandmel.com\\\/de\\\/produkt\\\/magnetisches-case-cognac-iphone-15-pro-max-mit-magsafe\\\/#breadcrumb\",\"itemListElement\":[{\"@type\":\"ListItem\",\"position\":1,\"name\":\"Home\",\"item\":\"https:\\\/\\\/nicandmel.com\\\/de\\\/lederwaren-online-nic-mel\\\/\"},{\"@type\":\"ListItem\",\"position\":2,\"name\":\"Shop\",\"item\":\"https:\\\/\\\/nicandmel.com\\\/de\\\/shop\\\/\"},{\"@type\":\"ListItem\",\"position\":3,\"name\":\"Magnetisches Case Cognac \u2013 iPhone 15 Pro Max mit MagSafe\"}]},{\"@type\":\"WebSite\",\"@id\":\"https:\\\/\\\/nicandmel.com\\\/de\\\/#website\",\"url\":\"https:\\\/\\\/nicandmel.com\\\/de\\\/\",\"name\":\"Nic & Mel\",\"description\":\"Handmade leather goods\",\"publisher\":{\"@id\":\"https:\\\/\\\/nicandmel.com\\\/de\\\/#organization\"},\"potentialAction\":[{\"@type\":\"SearchAction\",\"target\":{\"@type\":\"EntryPoint\",\"urlTemplate\":\"https:\\\/\\\/nicandmel.com\\\/de\\\/?s={search_term_string}\"},\"query-input\":{\"@type\":\"PropertyValueSpecification\",\"valueRequired\":true,\"valueName\":\"search_term_string\"}}],\"inLanguage\":\"de\"},{\"@type\":\"Organization\",\"@id\":\"https:\\\/\\\/nicandmel.com\\\/de\\\/#organization\",\"name\":\"Nic & Mel\",\"url\":\"https:\\\/\\\/nicandmel.com\\\/de\\\/\",\"logo\":{\"@type\":\"ImageObject\",\"inLanguage\":\"de\",\"@id\":\"https:\\\/\\\/nicandmel.com\\\/de\\\/#\\\/schema\\\/logo\\\/image\\\/\",\"url\":\"https:\\\/\\\/nicandmel.com\\\/wp-content\\\/uploads\\\/2021\\\/07\\\/nic_and_mel_logo.png\",\"contentUrl\":\"https:\\\/\\\/nicandmel.com\\\/wp-content\\\/uploads\\\/2021\\\/07\\\/nic_and_mel_logo.png\",\"width\":1237,\"height\":263,\"caption\":\"Nic & Mel\"},\"image\":{\"@id\":\"https:\\\/\\\/nicandmel.com\\\/de\\\/#\\\/schema\\\/logo\\\/image\\\/\"},\"sameAs\":[\"https:\\\/\\\/www.facebook.com\\\/nicandmel\"]}]}<\/script>\n<!-- \/ Yoast SEO plugin. -->","yoast_head_json":{"title":"Magnetisches Case Cognac \u2013 iPhone 15 Pro Max mit MagSafe - Nic &amp; Mel","description":"Elegante Lederh\u00fclle in Cognac f\u00fcr iPhone 15 Pro Max. MagSafe-kompatibel, schlankes Design und hochwertiger Rundumschutz.","robots":{"index":"index","follow":"follow","max-snippet":"max-snippet:-1","max-image-preview":"max-image-preview:large","max-video-preview":"max-video-preview:-1"},"canonical":"https:\/\/nicandmel.com\/de\/produkt\/magnetisches-case-cognac-iphone-15-pro-max-mit-magsafe\/","og_locale":"de_DE","og_type":"article","og_title":"Magnetisches Case Cognac \u2013 iPhone 15 Pro Max mit MagSafe - Nic &amp; Mel","og_description":"Elegante Lederh\u00fclle in Cognac f\u00fcr iPhone 15 Pro Max. MagSafe-kompatibel, schlankes Design und hochwertiger Rundumschutz.","og_url":"https:\/\/nicandmel.com\/de\/produkt\/magnetisches-case-cognac-iphone-15-pro-max-mit-magsafe\/","og_site_name":"Nic &amp; Mel","article_publisher":"https:\/\/www.facebook.com\/nicandmel","article_modified_time":"2025-05-20T03:43:09+00:00","og_image":[{"width":1500,"height":1828,"url":"https:\/\/nicandmel.com\/wp-content\/uploads\/2023\/12\/magcase-congac-11-max.jpg","type":"image\/jpeg"}],"twitter_card":"summary_large_image","twitter_misc":{"Gesch\u00e4tzte Lesezeit":"2\u00a0Minuten"},"schema":{"@context":"https:\/\/schema.org","@graph":[{"@type":"WebPage","@id":"https:\/\/nicandmel.com\/de\/produkt\/magnetisches-case-cognac-iphone-15-pro-max-mit-magsafe\/","url":"https:\/\/nicandmel.com\/de\/produkt\/magnetisches-case-cognac-iphone-15-pro-max-mit-magsafe\/","name":"Magnetisches Case Cognac \u2013 iPhone 15 Pro Max mit MagSafe - Nic &amp; Mel","isPartOf":{"@id":"https:\/\/nicandmel.com\/de\/#website"},"primaryImageOfPage":{"@id":"https:\/\/nicandmel.com\/de\/produkt\/magnetisches-case-cognac-iphone-15-pro-max-mit-magsafe\/#primaryimage"},"image":{"@id":"https:\/\/nicandmel.com\/de\/produkt\/magnetisches-case-cognac-iphone-15-pro-max-mit-magsafe\/#primaryimage"},"thumbnailUrl":"https:\/\/nicandmel.com\/wp-content\/uploads\/2023\/12\/magcase-congac-11-max-e1765266225959.jpg","datePublished":"2025-05-19T13:42:45+00:00","dateModified":"2025-05-20T03:43:09+00:00","description":"Elegante Lederh\u00fclle in Cognac f\u00fcr iPhone 15 Pro Max. MagSafe-kompatibel, schlankes Design und hochwertiger Rundumschutz.","breadcrumb":{"@id":"https:\/\/nicandmel.com\/de\/produkt\/magnetisches-case-cognac-iphone-15-pro-max-mit-magsafe\/#breadcrumb"},"inLanguage":"de","potentialAction":[{"@type":"ReadAction","target":["https:\/\/nicandmel.com\/de\/produkt\/magnetisches-case-cognac-iphone-15-pro-max-mit-magsafe\/"]}]},{"@type":"ImageObject","inLanguage":"de","@id":"https:\/\/nicandmel.com\/de\/produkt\/magnetisches-case-cognac-iphone-15-pro-max-mit-magsafe\/#primaryimage","url":"https:\/\/nicandmel.com\/wp-content\/uploads\/2023\/12\/magcase-congac-11-max-e1765266225959.jpg","contentUrl":"https:\/\/nicandmel.com\/wp-content\/uploads\/2023\/12\/magcase-congac-11-max-e1765266225959.jpg","width":1295,"height":1526},{"@type":"BreadcrumbList","@id":"https:\/\/nicandmel.com\/de\/produkt\/magnetisches-case-cognac-iphone-15-pro-max-mit-magsafe\/#breadcrumb","itemListElement":[{"@type":"ListItem","position":1,"name":"Home","item":"https:\/\/nicandmel.com\/de\/lederwaren-online-nic-mel\/"},{"@type":"ListItem","position":2,"name":"Shop","item":"https:\/\/nicandmel.com\/de\/shop\/"},{"@type":"ListItem","position":3,"name":"Magnetisches Case Cognac \u2013 iPhone 15 Pro Max mit MagSafe"}]},{"@type":"WebSite","@id":"https:\/\/nicandmel.com\/de\/#website","url":"https:\/\/nicandmel.com\/de\/","name":"Nic & Mel","description":"Handmade leather goods","publisher":{"@id":"https:\/\/nicandmel.com\/de\/#organization"},"potentialAction":[{"@type":"SearchAction","target":{"@type":"EntryPoint","urlTemplate":"https:\/\/nicandmel.com\/de\/?s={search_term_string}"},"query-input":{"@type":"PropertyValueSpecification","valueRequired":true,"valueName":"search_term_string"}}],"inLanguage":"de"},{"@type":"Organization","@id":"https:\/\/nicandmel.com\/de\/#organization","name":"Nic & Mel","url":"https:\/\/nicandmel.com\/de\/","logo":{"@type":"ImageObject","inLanguage":"de","@id":"https:\/\/nicandmel.com\/de\/#\/schema\/logo\/image\/","url":"https:\/\/nicandmel.com\/wp-content\/uploads\/2021\/07\/nic_and_mel_logo.png","contentUrl":"https:\/\/nicandmel.com\/wp-content\/uploads\/2021\/07\/nic_and_mel_logo.png","width":1237,"height":263,"caption":"Nic & Mel"},"image":{"@id":"https:\/\/nicandmel.com\/de\/#\/schema\/logo\/image\/"},"sameAs":["https:\/\/www.facebook.com\/nicandmel"]}]}},"_links":{"self":[{"href":"https:\/\/nicandmel.com\/de\/wp-json\/wp\/v2\/product\/20060","targetHints":{"allow":["GET"]}}],"collection":[{"href":"https:\/\/nicandmel.com\/de\/wp-json\/wp\/v2\/product"}],"about":[{"href":"https:\/\/nicandmel.com\/de\/wp-json\/wp\/v2\/types\/product"}],"wp:featuredmedia":[{"embeddable":true,"href":"https:\/\/nicandmel.com\/de\/wp-json\/wp\/v2\/media\/18110"}],"wp:attachment":[{"href":"https:\/\/nicandmel.com\/de\/wp-json\/wp\/v2\/media?parent=20060"}],"wp:term":[{"taxonomy":"product_brand","embeddable":true,"href":"https:\/\/nicandmel.com\/de\/wp-json\/wp\/v2\/product_brand?post=20060"},{"taxonomy":"product_cat","embeddable":true,"href":"https:\/\/nicandmel.com\/de\/wp-json\/wp\/v2\/product_cat?post=20060"},{"taxonomy":"product_tag","embeddable":true,"href":"https:\/\/nicandmel.com\/de\/wp-json\/wp\/v2\/product_tag?post=20060"}],"curies":[{"name":"wp","href":"https:\/\/api.w.org\/{rel}","templated":true}]}}