{"id":20123,"date":"2025-05-21T05:07:52","date_gmt":"2025-05-21T03:07:52","guid":{"rendered":"https:\/\/nicandmel.com\/?post_type=product&#038;p=20123"},"modified":"2025-05-21T05:28:42","modified_gmt":"2025-05-21T03:28:42","slug":"leder-case-cognac-iphone-17-air-mit-magsafe","status":"publish","type":"product","link":"https:\/\/nicandmel.com\/de\/produkt\/leder-case-cognac-iphone-17-air-mit-magsafe\/","title":{"rendered":"Leder-Case Cognac \u2013 iPhone 17 Air mit MagSafe"},"content":{"rendered":"<h2 class=\"\" data-start=\"576\" data-end=\"644\">Magnetisches Leder-Case in Cognac \u2013 F\u00fcr iPhone 17 Air mit MagSafe<\/h2>\n<p class=\"\" data-start=\"646\" data-end=\"936\">Das <strong data-start=\"650\" data-end=\"667\">iPhone 17 Air<\/strong> ist das bisher d\u00fcnnste und leichteste Modell von Apple \u2013 und verdient ein Case, das dem gerecht wird. Dieses <strong data-start=\"777\" data-end=\"813\">magnetische Leder-Case in Cognac<\/strong> ist aus <strong data-start=\"822\" data-end=\"862\">pflanzlich gegerbtem Vollnarbenleder<\/strong> aus Italien gefertigt und kombiniert Handwerkskunst mit modernem Komfort.<\/p>\n<p class=\"\" data-start=\"938\" data-end=\"1175\">Mit <strong data-start=\"942\" data-end=\"975\">integrierten MagSafe-Magneten<\/strong> ist das Case vollst\u00e4ndig kompatibel mit kabelloser Ladung und MagSafe-Zubeh\u00f6r. Das ultrad\u00fcnne Design passt sich nahtlos der schlanken Silhouette des iPhone 17 Air an \u2013 f\u00fcr Schutz, der nicht auftr\u00e4gt.<\/p>\n<h2 class=\"\" data-start=\"1177\" data-end=\"1195\">Produktmerkmale<\/h2>\n<ul data-start=\"1197\" data-end=\"1807\">\n<li class=\"\" data-start=\"1197\" data-end=\"1307\">\n<p class=\"\" data-start=\"1199\" data-end=\"1307\"><strong data-start=\"1199\" data-end=\"1226\">MagSafe-Kompatibilit\u00e4t:<\/strong> Eingebaute Magnete erm\u00f6glichen einfaches kabelloses Laden und Zubeh\u00f6r-Nutzung.<\/p>\n<\/li>\n<li class=\"\" data-start=\"1308\" data-end=\"1417\">\n<p class=\"\" data-start=\"1310\" data-end=\"1417\"><strong data-start=\"1310\" data-end=\"1341\">Echtes italienisches Leder:<\/strong> Vollnarbiges, pflanzlich gegerbtes Leder \u2013 langlebig, weich und stilvoll.<\/p>\n<\/li>\n<li class=\"\" data-start=\"1418\" data-end=\"1504\">\n<p class=\"\" data-start=\"1420\" data-end=\"1504\"><strong data-start=\"1420\" data-end=\"1446\">Ultraschlankes Profil:<\/strong> Perfekte Erg\u00e4nzung zum nur 5,5\u202fmm d\u00fcnnen iPhone 17 Air.<\/p>\n<\/li>\n<li class=\"\" data-start=\"1505\" data-end=\"1603\">\n<p class=\"\" data-start=\"1507\" data-end=\"1603\"><strong data-start=\"1507\" data-end=\"1528\">Schutz im Alltag:<\/strong> Sto\u00dfd\u00e4mpfender Innenkern und erh\u00f6hte R\u00e4nder sch\u00fctzen Display und Kamera.<\/p>\n<\/li>\n<li class=\"\" data-start=\"1604\" data-end=\"1695\">\n<p class=\"\" data-start=\"1606\" data-end=\"1695\"><strong data-start=\"1606\" data-end=\"1633\">Mikrofaser-Innenfutter:<\/strong> Sanfte Polsterung sch\u00fctzt das Ger\u00e4t vor Kratzern und Staub.<\/p>\n<\/li>\n<li class=\"\" data-start=\"1696\" data-end=\"1807\">\n<p class=\"\" data-start=\"1698\" data-end=\"1807\"><strong data-start=\"1698\" data-end=\"1715\">Edles Design:<\/strong> Warmer Cognac-Ton, dezente N\u00e4hte, hochwertige Verarbeitung \u2013 f\u00fcr einen stilvollen Auftritt.<\/p>\n<\/li>\n<\/ul>\n<h2 class=\"\" data-start=\"1809\" data-end=\"1837\">Leicht, schlank, luxuri\u00f6s<\/h2>\n<p class=\"\" data-start=\"1839\" data-end=\"2063\">Dieses <strong data-start=\"1846\" data-end=\"1882\">Leder-Case in Cognac mit MagSafe<\/strong> ist die perfekte Wahl f\u00fcr alle, die minimalistisches Design mit hochwertiger Haptik kombinieren m\u00f6chten. Es sch\u00fctzt Ihr iPhone 17 Air zuverl\u00e4ssig \u2013 und sieht dabei einfach gut aus.<\/p>\n<hr class=\"\" data-start=\"2065\" data-end=\"2068\" \/>\n<h3 class=\"\" data-start=\"2070\" data-end=\"2077\">FAQ<\/h3>\n<p class=\"\" data-start=\"2079\" data-end=\"2244\"><strong data-start=\"2079\" data-end=\"2091\">Frage 1:<\/strong> Ist das Case mit MagSafe kompatibel?<br data-start=\"2128\" data-end=\"2131\" \/><strong data-start=\"2131\" data-end=\"2143\">Antwort:<\/strong> Ja, es enth\u00e4lt integrierte Magnete und funktioniert mit allen MagSafe-Ladeger\u00e4ten und Zubeh\u00f6rteilen.<\/p>\n<p class=\"\" data-start=\"2246\" data-end=\"2388\"><strong data-start=\"2246\" data-end=\"2258\">Frage 2:<\/strong> Welches Leder wird verwendet?<br data-start=\"2288\" data-end=\"2291\" \/><strong data-start=\"2291\" data-end=\"2303\">Antwort:<\/strong> Pflanzlich gegerbtes, vollnarbiges Leder aus Italien \u2013 besonders langlebig und edel.<\/p>\n<p class=\"\" data-start=\"2390\" data-end=\"2554\"><strong data-start=\"2390\" data-end=\"2402\">Frage 3:<\/strong> Wie gut sch\u00fctzt das Case ein so d\u00fcnnes iPhone?<br data-start=\"2449\" data-end=\"2452\" \/><strong data-start=\"2452\" data-end=\"2464\">Antwort:<\/strong> Sehr gut \u2013 dank sto\u00dfabsorbierender Struktur und erh\u00f6hter R\u00e4nder an empfindlichen Stellen.<\/p>\n<p class=\"\" data-start=\"2556\" data-end=\"2709\"><strong data-start=\"2556\" data-end=\"2568\">Frage 4:<\/strong> Wird das iPhone durch das Case dicker oder schwerer?<br data-start=\"2621\" data-end=\"2624\" \/><strong data-start=\"2624\" data-end=\"2636\">Antwort:<\/strong> Nein, das Case ist extrem d\u00fcnn und leicht \u2013 ideal f\u00fcr das iPhone 17 Air.<\/p>\n","protected":false},"excerpt":{"rendered":"<p class=\"\" data-start=\"426\" data-end=\"574\">Magnetisches Leder-Case in edlem Cognac f\u00fcr iPhone 17 Air. MagSafe-kompatibel, ultrad\u00fcnn, aus italienischem Leder \u2013 stilvoller Schutz f\u00fcr jeden Tag.<\/p>\n<h2 class=\"\" data-start=\"576\" data-end=\"644\"><\/h2>\n","protected":false},"featured_media":18110,"template":"","meta":{"_acf_changed":false},"product_brand":[],"product_cat":[1814],"product_tag":[],"class_list":{"0":"post-20123","1":"product","2":"type-product","3":"status-publish","4":"has-post-thumbnail","6":"product_cat-handy-zubehor","8":"first","9":"instock","10":"taxable","11":"shipping-taxable","12":"purchasable","13":"product-type-simple"},"acf":[],"yoast_head":"<!-- This site is optimized with the Yoast SEO plugin v27.5 - https:\/\/yoast.com\/product\/yoast-seo-wordpress\/ -->\n<title>Leder-Case Cognac \u2013 iPhone 17 Air mit MagSafe - Nic &amp; Mel<\/title>\n<meta name=\"description\" content=\"Ultraflaches Leder-Case f\u00fcr iPhone 17 Air. MagSafe-kompatibel, eleganter Schutz aus italienischem Leder.\" \/>\n<meta name=\"robots\" content=\"index, follow, max-snippet:-1, max-image-preview:large, max-video-preview:-1\" \/>\n<link rel=\"canonical\" href=\"https:\/\/nicandmel.com\/de\/produkt\/leder-case-cognac-iphone-17-air-mit-magsafe\/\" \/>\n<meta property=\"og:locale\" content=\"de_DE\" \/>\n<meta property=\"og:type\" content=\"article\" \/>\n<meta property=\"og:title\" content=\"Leder-Case Cognac \u2013 iPhone 17 Air mit MagSafe - Nic &amp; Mel\" \/>\n<meta property=\"og:description\" content=\"Ultraflaches Leder-Case f\u00fcr iPhone 17 Air. MagSafe-kompatibel, eleganter Schutz aus italienischem Leder.\" \/>\n<meta property=\"og:url\" content=\"https:\/\/nicandmel.com\/de\/produkt\/leder-case-cognac-iphone-17-air-mit-magsafe\/\" \/>\n<meta property=\"og:site_name\" content=\"Nic &amp; Mel\" \/>\n<meta property=\"article:publisher\" content=\"https:\/\/www.facebook.com\/nicandmel\" \/>\n<meta property=\"article:modified_time\" content=\"2025-05-21T03:28:42+00:00\" \/>\n<meta property=\"og:image\" content=\"https:\/\/nicandmel.com\/wp-content\/uploads\/2023\/12\/magcase-congac-11-max.jpg\" \/>\n\t<meta property=\"og:image:width\" content=\"1500\" \/>\n\t<meta property=\"og:image:height\" content=\"1828\" \/>\n\t<meta property=\"og:image:type\" content=\"image\/jpeg\" \/>\n<meta name=\"twitter:card\" content=\"summary_large_image\" \/>\n<script type=\"application\/ld+json\" class=\"yoast-schema-graph\">{\"@context\":\"https:\\\/\\\/schema.org\",\"@graph\":[{\"@type\":\"WebPage\",\"@id\":\"https:\\\/\\\/nicandmel.com\\\/de\\\/produkt\\\/leder-case-cognac-iphone-17-air-mit-magsafe\\\/\",\"url\":\"https:\\\/\\\/nicandmel.com\\\/de\\\/produkt\\\/leder-case-cognac-iphone-17-air-mit-magsafe\\\/\",\"name\":\"Leder-Case Cognac \u2013 iPhone 17 Air mit MagSafe - Nic &amp; Mel\",\"isPartOf\":{\"@id\":\"https:\\\/\\\/nicandmel.com\\\/de\\\/#website\"},\"primaryImageOfPage\":{\"@id\":\"https:\\\/\\\/nicandmel.com\\\/de\\\/produkt\\\/leder-case-cognac-iphone-17-air-mit-magsafe\\\/#primaryimage\"},\"image\":{\"@id\":\"https:\\\/\\\/nicandmel.com\\\/de\\\/produkt\\\/leder-case-cognac-iphone-17-air-mit-magsafe\\\/#primaryimage\"},\"thumbnailUrl\":\"https:\\\/\\\/nicandmel.com\\\/wp-content\\\/uploads\\\/2023\\\/12\\\/magcase-congac-11-max-e1765266225959.jpg\",\"datePublished\":\"2025-05-21T03:07:52+00:00\",\"dateModified\":\"2025-05-21T03:28:42+00:00\",\"description\":\"Ultraflaches Leder-Case f\u00fcr iPhone 17 Air. MagSafe-kompatibel, eleganter Schutz aus italienischem Leder.\",\"breadcrumb\":{\"@id\":\"https:\\\/\\\/nicandmel.com\\\/de\\\/produkt\\\/leder-case-cognac-iphone-17-air-mit-magsafe\\\/#breadcrumb\"},\"inLanguage\":\"de\",\"potentialAction\":[{\"@type\":\"ReadAction\",\"target\":[\"https:\\\/\\\/nicandmel.com\\\/de\\\/produkt\\\/leder-case-cognac-iphone-17-air-mit-magsafe\\\/\"]}]},{\"@type\":\"ImageObject\",\"inLanguage\":\"de\",\"@id\":\"https:\\\/\\\/nicandmel.com\\\/de\\\/produkt\\\/leder-case-cognac-iphone-17-air-mit-magsafe\\\/#primaryimage\",\"url\":\"https:\\\/\\\/nicandmel.com\\\/wp-content\\\/uploads\\\/2023\\\/12\\\/magcase-congac-11-max-e1765266225959.jpg\",\"contentUrl\":\"https:\\\/\\\/nicandmel.com\\\/wp-content\\\/uploads\\\/2023\\\/12\\\/magcase-congac-11-max-e1765266225959.jpg\",\"width\":1295,\"height\":1526},{\"@type\":\"BreadcrumbList\",\"@id\":\"https:\\\/\\\/nicandmel.com\\\/de\\\/produkt\\\/leder-case-cognac-iphone-17-air-mit-magsafe\\\/#breadcrumb\",\"itemListElement\":[{\"@type\":\"ListItem\",\"position\":1,\"name\":\"Home\",\"item\":\"https:\\\/\\\/nicandmel.com\\\/de\\\/lederwaren-online-nic-mel\\\/\"},{\"@type\":\"ListItem\",\"position\":2,\"name\":\"Shop\",\"item\":\"https:\\\/\\\/nicandmel.com\\\/de\\\/shop\\\/\"},{\"@type\":\"ListItem\",\"position\":3,\"name\":\"Leder-Case Cognac \u2013 iPhone 17 Air mit MagSafe\"}]},{\"@type\":\"WebSite\",\"@id\":\"https:\\\/\\\/nicandmel.com\\\/de\\\/#website\",\"url\":\"https:\\\/\\\/nicandmel.com\\\/de\\\/\",\"name\":\"Nic & Mel\",\"description\":\"Handmade leather goods\",\"publisher\":{\"@id\":\"https:\\\/\\\/nicandmel.com\\\/de\\\/#organization\"},\"potentialAction\":[{\"@type\":\"SearchAction\",\"target\":{\"@type\":\"EntryPoint\",\"urlTemplate\":\"https:\\\/\\\/nicandmel.com\\\/de\\\/?s={search_term_string}\"},\"query-input\":{\"@type\":\"PropertyValueSpecification\",\"valueRequired\":true,\"valueName\":\"search_term_string\"}}],\"inLanguage\":\"de\"},{\"@type\":\"Organization\",\"@id\":\"https:\\\/\\\/nicandmel.com\\\/de\\\/#organization\",\"name\":\"Nic & Mel\",\"url\":\"https:\\\/\\\/nicandmel.com\\\/de\\\/\",\"logo\":{\"@type\":\"ImageObject\",\"inLanguage\":\"de\",\"@id\":\"https:\\\/\\\/nicandmel.com\\\/de\\\/#\\\/schema\\\/logo\\\/image\\\/\",\"url\":\"https:\\\/\\\/nicandmel.com\\\/wp-content\\\/uploads\\\/2021\\\/07\\\/nic_and_mel_logo.png\",\"contentUrl\":\"https:\\\/\\\/nicandmel.com\\\/wp-content\\\/uploads\\\/2021\\\/07\\\/nic_and_mel_logo.png\",\"width\":1237,\"height\":263,\"caption\":\"Nic & Mel\"},\"image\":{\"@id\":\"https:\\\/\\\/nicandmel.com\\\/de\\\/#\\\/schema\\\/logo\\\/image\\\/\"},\"sameAs\":[\"https:\\\/\\\/www.facebook.com\\\/nicandmel\"]}]}<\/script>\n<!-- \/ Yoast SEO plugin. -->","yoast_head_json":{"title":"Leder-Case Cognac \u2013 iPhone 17 Air mit MagSafe - Nic &amp; Mel","description":"Ultraflaches Leder-Case f\u00fcr iPhone 17 Air. MagSafe-kompatibel, eleganter Schutz aus italienischem Leder.","robots":{"index":"index","follow":"follow","max-snippet":"max-snippet:-1","max-image-preview":"max-image-preview:large","max-video-preview":"max-video-preview:-1"},"canonical":"https:\/\/nicandmel.com\/de\/produkt\/leder-case-cognac-iphone-17-air-mit-magsafe\/","og_locale":"de_DE","og_type":"article","og_title":"Leder-Case Cognac \u2013 iPhone 17 Air mit MagSafe - Nic &amp; Mel","og_description":"Ultraflaches Leder-Case f\u00fcr iPhone 17 Air. MagSafe-kompatibel, eleganter Schutz aus italienischem Leder.","og_url":"https:\/\/nicandmel.com\/de\/produkt\/leder-case-cognac-iphone-17-air-mit-magsafe\/","og_site_name":"Nic &amp; Mel","article_publisher":"https:\/\/www.facebook.com\/nicandmel","article_modified_time":"2025-05-21T03:28:42+00:00","og_image":[{"width":1500,"height":1828,"url":"https:\/\/nicandmel.com\/wp-content\/uploads\/2023\/12\/magcase-congac-11-max.jpg","type":"image\/jpeg"}],"twitter_card":"summary_large_image","schema":{"@context":"https:\/\/schema.org","@graph":[{"@type":"WebPage","@id":"https:\/\/nicandmel.com\/de\/produkt\/leder-case-cognac-iphone-17-air-mit-magsafe\/","url":"https:\/\/nicandmel.com\/de\/produkt\/leder-case-cognac-iphone-17-air-mit-magsafe\/","name":"Leder-Case Cognac \u2013 iPhone 17 Air mit MagSafe - Nic &amp; Mel","isPartOf":{"@id":"https:\/\/nicandmel.com\/de\/#website"},"primaryImageOfPage":{"@id":"https:\/\/nicandmel.com\/de\/produkt\/leder-case-cognac-iphone-17-air-mit-magsafe\/#primaryimage"},"image":{"@id":"https:\/\/nicandmel.com\/de\/produkt\/leder-case-cognac-iphone-17-air-mit-magsafe\/#primaryimage"},"thumbnailUrl":"https:\/\/nicandmel.com\/wp-content\/uploads\/2023\/12\/magcase-congac-11-max-e1765266225959.jpg","datePublished":"2025-05-21T03:07:52+00:00","dateModified":"2025-05-21T03:28:42+00:00","description":"Ultraflaches Leder-Case f\u00fcr iPhone 17 Air. MagSafe-kompatibel, eleganter Schutz aus italienischem Leder.","breadcrumb":{"@id":"https:\/\/nicandmel.com\/de\/produkt\/leder-case-cognac-iphone-17-air-mit-magsafe\/#breadcrumb"},"inLanguage":"de","potentialAction":[{"@type":"ReadAction","target":["https:\/\/nicandmel.com\/de\/produkt\/leder-case-cognac-iphone-17-air-mit-magsafe\/"]}]},{"@type":"ImageObject","inLanguage":"de","@id":"https:\/\/nicandmel.com\/de\/produkt\/leder-case-cognac-iphone-17-air-mit-magsafe\/#primaryimage","url":"https:\/\/nicandmel.com\/wp-content\/uploads\/2023\/12\/magcase-congac-11-max-e1765266225959.jpg","contentUrl":"https:\/\/nicandmel.com\/wp-content\/uploads\/2023\/12\/magcase-congac-11-max-e1765266225959.jpg","width":1295,"height":1526},{"@type":"BreadcrumbList","@id":"https:\/\/nicandmel.com\/de\/produkt\/leder-case-cognac-iphone-17-air-mit-magsafe\/#breadcrumb","itemListElement":[{"@type":"ListItem","position":1,"name":"Home","item":"https:\/\/nicandmel.com\/de\/lederwaren-online-nic-mel\/"},{"@type":"ListItem","position":2,"name":"Shop","item":"https:\/\/nicandmel.com\/de\/shop\/"},{"@type":"ListItem","position":3,"name":"Leder-Case Cognac \u2013 iPhone 17 Air mit MagSafe"}]},{"@type":"WebSite","@id":"https:\/\/nicandmel.com\/de\/#website","url":"https:\/\/nicandmel.com\/de\/","name":"Nic & Mel","description":"Handmade leather goods","publisher":{"@id":"https:\/\/nicandmel.com\/de\/#organization"},"potentialAction":[{"@type":"SearchAction","target":{"@type":"EntryPoint","urlTemplate":"https:\/\/nicandmel.com\/de\/?s={search_term_string}"},"query-input":{"@type":"PropertyValueSpecification","valueRequired":true,"valueName":"search_term_string"}}],"inLanguage":"de"},{"@type":"Organization","@id":"https:\/\/nicandmel.com\/de\/#organization","name":"Nic & Mel","url":"https:\/\/nicandmel.com\/de\/","logo":{"@type":"ImageObject","inLanguage":"de","@id":"https:\/\/nicandmel.com\/de\/#\/schema\/logo\/image\/","url":"https:\/\/nicandmel.com\/wp-content\/uploads\/2021\/07\/nic_and_mel_logo.png","contentUrl":"https:\/\/nicandmel.com\/wp-content\/uploads\/2021\/07\/nic_and_mel_logo.png","width":1237,"height":263,"caption":"Nic & Mel"},"image":{"@id":"https:\/\/nicandmel.com\/de\/#\/schema\/logo\/image\/"},"sameAs":["https:\/\/www.facebook.com\/nicandmel"]}]}},"_links":{"self":[{"href":"https:\/\/nicandmel.com\/de\/wp-json\/wp\/v2\/product\/20123","targetHints":{"allow":["GET"]}}],"collection":[{"href":"https:\/\/nicandmel.com\/de\/wp-json\/wp\/v2\/product"}],"about":[{"href":"https:\/\/nicandmel.com\/de\/wp-json\/wp\/v2\/types\/product"}],"wp:featuredmedia":[{"embeddable":true,"href":"https:\/\/nicandmel.com\/de\/wp-json\/wp\/v2\/media\/18110"}],"wp:attachment":[{"href":"https:\/\/nicandmel.com\/de\/wp-json\/wp\/v2\/media?parent=20123"}],"wp:term":[{"taxonomy":"product_brand","embeddable":true,"href":"https:\/\/nicandmel.com\/de\/wp-json\/wp\/v2\/product_brand?post=20123"},{"taxonomy":"product_cat","embeddable":true,"href":"https:\/\/nicandmel.com\/de\/wp-json\/wp\/v2\/product_cat?post=20123"},{"taxonomy":"product_tag","embeddable":true,"href":"https:\/\/nicandmel.com\/de\/wp-json\/wp\/v2\/product_tag?post=20123"}],"curies":[{"name":"wp","href":"https:\/\/api.w.org\/{rel}","templated":true}]}}