{"id":20139,"date":"2024-01-15T21:17:55","date_gmt":"2024-01-15T20:17:55","guid":{"rendered":"https:\/\/nicandmel.com\/?post_type=product&#038;p=20139"},"modified":"2025-05-21T18:35:14","modified_gmt":"2025-05-21T16:35:14","slug":"leder-case-schwarz-iphone-15-mit-magsafe","status":"publish","type":"product","link":"https:\/\/nicandmel.com\/de\/produkt\/leder-case-schwarz-iphone-15-mit-magsafe\/","title":{"rendered":"Leder-Case Schwarz \u2013 iPhone 15 mit MagSafe"},"content":{"rendered":"<h2 class=\"\" data-start=\"580\" data-end=\"645\">Magnetisches Leder-Case in Schwarz \u2013 F\u00fcr iPhone 15 mit MagSafe<\/h2>\n<p class=\"\" data-start=\"647\" data-end=\"934\">Schlicht, elegant, funktional \u2013 dieses <strong data-start=\"686\" data-end=\"721\">schwarze magnetische Leder-Case<\/strong> wurde entwickelt, um dein <strong data-start=\"748\" data-end=\"761\">iPhone 15<\/strong> stilvoll zu sch\u00fctzen. Gefertigt aus <strong data-start=\"798\" data-end=\"850\">pflanzlich gegerbtem Vollnarbenleder aus Italien<\/strong>, bietet es eine luxuri\u00f6se Haptik und entwickelt im Laufe der Zeit eine edle Patina.<\/p>\n<p class=\"\" data-start=\"936\" data-end=\"1196\">Mit <strong data-start=\"940\" data-end=\"973\">integrierten MagSafe-Magneten<\/strong> erm\u00f6glicht das Case kabelloses Laden und die Verwendung von MagSafe-Zubeh\u00f6r \u2013 ohne das Case abzunehmen. Das schlanke Profil bewahrt das elegante Design deines iPhones und bietet gleichzeitig zuverl\u00e4ssigen Schutz im Alltag.<\/p>\n<h2 class=\"\" data-start=\"1198\" data-end=\"1216\">Produktmerkmale<\/h2>\n<ul data-start=\"1218\" data-end=\"1800\">\n<li class=\"\" data-start=\"1218\" data-end=\"1324\">\n<p class=\"\" data-start=\"1220\" data-end=\"1324\"><strong data-start=\"1220\" data-end=\"1243\">MagSafe-kompatibel:<\/strong> Integrierte Magnete sorgen f\u00fcr kabelloses Laden und sicheres Zubeh\u00f6r-Handling.<\/p>\n<\/li>\n<li class=\"\" data-start=\"1325\" data-end=\"1435\">\n<p class=\"\" data-start=\"1327\" data-end=\"1435\"><strong data-start=\"1327\" data-end=\"1358\">Echtes italienisches Leder:<\/strong> Pflanzlich gegerbtes Vollnarbenleder \u2013 langlebig, hochwertig und stilvoll.<\/p>\n<\/li>\n<li class=\"\" data-start=\"1436\" data-end=\"1524\">\n<p class=\"\" data-start=\"1438\" data-end=\"1524\"><strong data-start=\"1438\" data-end=\"1466\">Passgenau f\u00fcr iPhone 15:<\/strong> Pr\u00e4zise Aussparungen f\u00fcr Kamera, Tasten und Anschl\u00fcsse.<\/p>\n<\/li>\n<li class=\"\" data-start=\"1525\" data-end=\"1633\">\n<p class=\"\" data-start=\"1527\" data-end=\"1633\"><strong data-start=\"1527\" data-end=\"1552\">Zuverl\u00e4ssiger Schutz:<\/strong> Sto\u00dfabsorbierender Innenrahmen und erh\u00f6hte R\u00e4nder sch\u00fctzen Display und Kamera.<\/p>\n<\/li>\n<li class=\"\" data-start=\"1634\" data-end=\"1715\">\n<p class=\"\" data-start=\"1636\" data-end=\"1715\"><strong data-start=\"1636\" data-end=\"1663\">Mikrofaser-Innenfutter:<\/strong> Weiche Innenseite sch\u00fctzt vor Kratzern und Staub.<\/p>\n<\/li>\n<li class=\"\" data-start=\"1716\" data-end=\"1800\">\n<p class=\"\" data-start=\"1718\" data-end=\"1800\"><strong data-start=\"1718\" data-end=\"1739\">Schlankes Design:<\/strong> Minimalistisch, edel und bequem in der Hand und Hosentasche.<\/p>\n<\/li>\n<\/ul>\n<h2 class=\"\" data-start=\"1802\" data-end=\"1840\">Eleganz trifft Funktion \u2013 jeden Tag<\/h2>\n<p class=\"\" data-start=\"1842\" data-end=\"2067\">Dieses <strong data-start=\"1849\" data-end=\"1884\">schwarze Leder-Case mit MagSafe<\/strong> ist mehr als nur Schutz. Es ist ein stilvolles Statement f\u00fcr dein iPhone 15 \u2013 perfekt f\u00fcr Business, Freizeit oder unterwegs. Robust genug f\u00fcr den Alltag, edel genug f\u00fcr den Anspruch.<\/p>\n<hr class=\"\" data-start=\"2069\" data-end=\"2072\" \/>\n<h3 class=\"\" data-start=\"2074\" data-end=\"2081\">FAQ<\/h3>\n<p class=\"\" data-start=\"2083\" data-end=\"2239\"><strong data-start=\"2083\" data-end=\"2095\">Frage 1:<\/strong> Ist das Case mit MagSafe kompatibel?<br data-start=\"2132\" data-end=\"2135\" \/><strong data-start=\"2135\" data-end=\"2147\">Antwort:<\/strong> Ja, integrierte Magnete erm\u00f6glichen kabelloses Laden und sicheren Halt f\u00fcr MagSafe-Zubeh\u00f6r.<\/p>\n<p class=\"\" data-start=\"2241\" data-end=\"2391\"><strong data-start=\"2241\" data-end=\"2253\">Frage 2:<\/strong> Welches Leder wird verwendet?<br data-start=\"2283\" data-end=\"2286\" \/><strong data-start=\"2286\" data-end=\"2298\">Antwort:<\/strong> Pflanzlich gegerbtes Vollnarbenleder aus Italien \u2013 besonders strapazierf\u00e4hig und hochwertig.<\/p>\n<p class=\"\" data-start=\"2393\" data-end=\"2539\"><strong data-start=\"2393\" data-end=\"2405\">Frage 3:<\/strong> Sch\u00fctzt das Case auch bei St\u00fcrzen?<br data-start=\"2440\" data-end=\"2443\" \/><strong data-start=\"2443\" data-end=\"2455\">Antwort:<\/strong> Ja, durch sto\u00dfd\u00e4mpfende Eigenschaften und erh\u00f6hte Kanten f\u00fcr Kamera und Bildschirm.<\/p>\n<p class=\"\" data-start=\"2541\" data-end=\"2675\"><strong data-start=\"2541\" data-end=\"2553\">Frage 4:<\/strong> Ist das Case klobig oder schwer?<br data-start=\"2586\" data-end=\"2589\" \/><strong data-start=\"2589\" data-end=\"2601\">Antwort:<\/strong> Nein, es ist schlank, leicht und bewahrt die elegante Form des iPhone 15.<\/p>\n","protected":false},"excerpt":{"rendered":"<p class=\"\" data-start=\"424\" data-end=\"578\">Magnetisches Leder-Case in Schwarz f\u00fcr iPhone 15. Aus echtem italienischem Leder, MagSafe-kompatibel und ideal f\u00fcr kabelloses Laden und stilvollen Schutz.<\/p>\n<h2 class=\"\" data-start=\"580\" data-end=\"645\"><\/h2>\n","protected":false},"featured_media":17909,"template":"","meta":{"_acf_changed":false},"product_brand":[],"product_cat":[1814],"product_tag":[],"class_list":{"0":"post-20139","1":"product","2":"type-product","3":"status-publish","4":"has-post-thumbnail","6":"product_cat-handy-zubehor","8":"first","9":"instock","10":"taxable","11":"shipping-taxable","12":"purchasable","13":"product-type-simple"},"acf":[],"yoast_head":"<!-- This site is optimized with the Yoast SEO plugin v27.3 - https:\/\/yoast.com\/product\/yoast-seo-wordpress\/ -->\n<title>Leder-Case Schwarz \u2013 iPhone 15 mit MagSafe - Nic &amp; Mel<\/title>\n<meta name=\"description\" content=\"Schlankes, schwarzes Leder-Case f\u00fcr iPhone 15. MagSafe-kompatibel, kabelloses Laden, edel und alltagstauglich.\" \/>\n<meta name=\"robots\" content=\"index, follow, max-snippet:-1, max-image-preview:large, max-video-preview:-1\" \/>\n<link rel=\"canonical\" href=\"https:\/\/nicandmel.com\/de\/produkt\/leder-case-schwarz-iphone-15-mit-magsafe\/\" \/>\n<meta property=\"og:locale\" content=\"de_DE\" \/>\n<meta property=\"og:type\" content=\"article\" \/>\n<meta property=\"og:title\" content=\"Leder-Case Schwarz \u2013 iPhone 15 mit MagSafe - Nic &amp; Mel\" \/>\n<meta property=\"og:description\" content=\"Schlankes, schwarzes Leder-Case f\u00fcr iPhone 15. MagSafe-kompatibel, kabelloses Laden, edel und alltagstauglich.\" \/>\n<meta property=\"og:url\" content=\"https:\/\/nicandmel.com\/de\/produkt\/leder-case-schwarz-iphone-15-mit-magsafe\/\" \/>\n<meta property=\"og:site_name\" content=\"Nic &amp; Mel\" \/>\n<meta property=\"article:publisher\" content=\"https:\/\/www.facebook.com\/nicandmel\" \/>\n<meta property=\"article:modified_time\" content=\"2025-05-21T16:35:14+00:00\" \/>\n<meta property=\"og:image\" content=\"https:\/\/nicandmel.com\/wp-content\/uploads\/2021\/07\/magcase-black-11-max_1.jpg\" \/>\n\t<meta property=\"og:image:width\" content=\"1500\" \/>\n\t<meta property=\"og:image:height\" content=\"1828\" \/>\n\t<meta property=\"og:image:type\" content=\"image\/jpeg\" \/>\n<meta name=\"twitter:card\" content=\"summary_large_image\" \/>\n<script type=\"application\/ld+json\" class=\"yoast-schema-graph\">{\"@context\":\"https:\\\/\\\/schema.org\",\"@graph\":[{\"@type\":\"WebPage\",\"@id\":\"https:\\\/\\\/nicandmel.com\\\/de\\\/produkt\\\/leder-case-schwarz-iphone-15-mit-magsafe\\\/\",\"url\":\"https:\\\/\\\/nicandmel.com\\\/de\\\/produkt\\\/leder-case-schwarz-iphone-15-mit-magsafe\\\/\",\"name\":\"Leder-Case Schwarz \u2013 iPhone 15 mit MagSafe - Nic &amp; Mel\",\"isPartOf\":{\"@id\":\"https:\\\/\\\/nicandmel.com\\\/de\\\/#website\"},\"primaryImageOfPage\":{\"@id\":\"https:\\\/\\\/nicandmel.com\\\/de\\\/produkt\\\/leder-case-schwarz-iphone-15-mit-magsafe\\\/#primaryimage\"},\"image\":{\"@id\":\"https:\\\/\\\/nicandmel.com\\\/de\\\/produkt\\\/leder-case-schwarz-iphone-15-mit-magsafe\\\/#primaryimage\"},\"thumbnailUrl\":\"https:\\\/\\\/nicandmel.com\\\/wp-content\\\/uploads\\\/2021\\\/07\\\/magcase-black-11-max_1.jpg\",\"datePublished\":\"2024-01-15T20:17:55+00:00\",\"dateModified\":\"2025-05-21T16:35:14+00:00\",\"description\":\"Schlankes, schwarzes Leder-Case f\u00fcr iPhone 15. MagSafe-kompatibel, kabelloses Laden, edel und alltagstauglich.\",\"breadcrumb\":{\"@id\":\"https:\\\/\\\/nicandmel.com\\\/de\\\/produkt\\\/leder-case-schwarz-iphone-15-mit-magsafe\\\/#breadcrumb\"},\"inLanguage\":\"de\",\"potentialAction\":[{\"@type\":\"ReadAction\",\"target\":[\"https:\\\/\\\/nicandmel.com\\\/de\\\/produkt\\\/leder-case-schwarz-iphone-15-mit-magsafe\\\/\"]}]},{\"@type\":\"ImageObject\",\"inLanguage\":\"de\",\"@id\":\"https:\\\/\\\/nicandmel.com\\\/de\\\/produkt\\\/leder-case-schwarz-iphone-15-mit-magsafe\\\/#primaryimage\",\"url\":\"https:\\\/\\\/nicandmel.com\\\/wp-content\\\/uploads\\\/2021\\\/07\\\/magcase-black-11-max_1.jpg\",\"contentUrl\":\"https:\\\/\\\/nicandmel.com\\\/wp-content\\\/uploads\\\/2021\\\/07\\\/magcase-black-11-max_1.jpg\",\"width\":1500,\"height\":1828},{\"@type\":\"BreadcrumbList\",\"@id\":\"https:\\\/\\\/nicandmel.com\\\/de\\\/produkt\\\/leder-case-schwarz-iphone-15-mit-magsafe\\\/#breadcrumb\",\"itemListElement\":[{\"@type\":\"ListItem\",\"position\":1,\"name\":\"Home\",\"item\":\"https:\\\/\\\/nicandmel.com\\\/de\\\/lederwaren-online-nic-mel\\\/\"},{\"@type\":\"ListItem\",\"position\":2,\"name\":\"Shop\",\"item\":\"https:\\\/\\\/nicandmel.com\\\/de\\\/shop\\\/\"},{\"@type\":\"ListItem\",\"position\":3,\"name\":\"Leder-Case Schwarz \u2013 iPhone 15 mit MagSafe\"}]},{\"@type\":\"WebSite\",\"@id\":\"https:\\\/\\\/nicandmel.com\\\/de\\\/#website\",\"url\":\"https:\\\/\\\/nicandmel.com\\\/de\\\/\",\"name\":\"Nic & Mel\",\"description\":\"Handmade leather goods\",\"publisher\":{\"@id\":\"https:\\\/\\\/nicandmel.com\\\/de\\\/#organization\"},\"potentialAction\":[{\"@type\":\"SearchAction\",\"target\":{\"@type\":\"EntryPoint\",\"urlTemplate\":\"https:\\\/\\\/nicandmel.com\\\/de\\\/?s={search_term_string}\"},\"query-input\":{\"@type\":\"PropertyValueSpecification\",\"valueRequired\":true,\"valueName\":\"search_term_string\"}}],\"inLanguage\":\"de\"},{\"@type\":\"Organization\",\"@id\":\"https:\\\/\\\/nicandmel.com\\\/de\\\/#organization\",\"name\":\"Nic & Mel\",\"url\":\"https:\\\/\\\/nicandmel.com\\\/de\\\/\",\"logo\":{\"@type\":\"ImageObject\",\"inLanguage\":\"de\",\"@id\":\"https:\\\/\\\/nicandmel.com\\\/de\\\/#\\\/schema\\\/logo\\\/image\\\/\",\"url\":\"https:\\\/\\\/nicandmel.com\\\/wp-content\\\/uploads\\\/2021\\\/07\\\/nic_and_mel_logo.png\",\"contentUrl\":\"https:\\\/\\\/nicandmel.com\\\/wp-content\\\/uploads\\\/2021\\\/07\\\/nic_and_mel_logo.png\",\"width\":1237,\"height\":263,\"caption\":\"Nic & Mel\"},\"image\":{\"@id\":\"https:\\\/\\\/nicandmel.com\\\/de\\\/#\\\/schema\\\/logo\\\/image\\\/\"},\"sameAs\":[\"https:\\\/\\\/www.facebook.com\\\/nicandmel\"]}]}<\/script>\n<!-- \/ Yoast SEO plugin. -->","yoast_head_json":{"title":"Leder-Case Schwarz \u2013 iPhone 15 mit MagSafe - Nic &amp; Mel","description":"Schlankes, schwarzes Leder-Case f\u00fcr iPhone 15. MagSafe-kompatibel, kabelloses Laden, edel und alltagstauglich.","robots":{"index":"index","follow":"follow","max-snippet":"max-snippet:-1","max-image-preview":"max-image-preview:large","max-video-preview":"max-video-preview:-1"},"canonical":"https:\/\/nicandmel.com\/de\/produkt\/leder-case-schwarz-iphone-15-mit-magsafe\/","og_locale":"de_DE","og_type":"article","og_title":"Leder-Case Schwarz \u2013 iPhone 15 mit MagSafe - Nic &amp; Mel","og_description":"Schlankes, schwarzes Leder-Case f\u00fcr iPhone 15. MagSafe-kompatibel, kabelloses Laden, edel und alltagstauglich.","og_url":"https:\/\/nicandmel.com\/de\/produkt\/leder-case-schwarz-iphone-15-mit-magsafe\/","og_site_name":"Nic &amp; Mel","article_publisher":"https:\/\/www.facebook.com\/nicandmel","article_modified_time":"2025-05-21T16:35:14+00:00","og_image":[{"width":1500,"height":1828,"url":"https:\/\/nicandmel.com\/wp-content\/uploads\/2021\/07\/magcase-black-11-max_1.jpg","type":"image\/jpeg"}],"twitter_card":"summary_large_image","schema":{"@context":"https:\/\/schema.org","@graph":[{"@type":"WebPage","@id":"https:\/\/nicandmel.com\/de\/produkt\/leder-case-schwarz-iphone-15-mit-magsafe\/","url":"https:\/\/nicandmel.com\/de\/produkt\/leder-case-schwarz-iphone-15-mit-magsafe\/","name":"Leder-Case Schwarz \u2013 iPhone 15 mit MagSafe - Nic &amp; Mel","isPartOf":{"@id":"https:\/\/nicandmel.com\/de\/#website"},"primaryImageOfPage":{"@id":"https:\/\/nicandmel.com\/de\/produkt\/leder-case-schwarz-iphone-15-mit-magsafe\/#primaryimage"},"image":{"@id":"https:\/\/nicandmel.com\/de\/produkt\/leder-case-schwarz-iphone-15-mit-magsafe\/#primaryimage"},"thumbnailUrl":"https:\/\/nicandmel.com\/wp-content\/uploads\/2021\/07\/magcase-black-11-max_1.jpg","datePublished":"2024-01-15T20:17:55+00:00","dateModified":"2025-05-21T16:35:14+00:00","description":"Schlankes, schwarzes Leder-Case f\u00fcr iPhone 15. MagSafe-kompatibel, kabelloses Laden, edel und alltagstauglich.","breadcrumb":{"@id":"https:\/\/nicandmel.com\/de\/produkt\/leder-case-schwarz-iphone-15-mit-magsafe\/#breadcrumb"},"inLanguage":"de","potentialAction":[{"@type":"ReadAction","target":["https:\/\/nicandmel.com\/de\/produkt\/leder-case-schwarz-iphone-15-mit-magsafe\/"]}]},{"@type":"ImageObject","inLanguage":"de","@id":"https:\/\/nicandmel.com\/de\/produkt\/leder-case-schwarz-iphone-15-mit-magsafe\/#primaryimage","url":"https:\/\/nicandmel.com\/wp-content\/uploads\/2021\/07\/magcase-black-11-max_1.jpg","contentUrl":"https:\/\/nicandmel.com\/wp-content\/uploads\/2021\/07\/magcase-black-11-max_1.jpg","width":1500,"height":1828},{"@type":"BreadcrumbList","@id":"https:\/\/nicandmel.com\/de\/produkt\/leder-case-schwarz-iphone-15-mit-magsafe\/#breadcrumb","itemListElement":[{"@type":"ListItem","position":1,"name":"Home","item":"https:\/\/nicandmel.com\/de\/lederwaren-online-nic-mel\/"},{"@type":"ListItem","position":2,"name":"Shop","item":"https:\/\/nicandmel.com\/de\/shop\/"},{"@type":"ListItem","position":3,"name":"Leder-Case Schwarz \u2013 iPhone 15 mit MagSafe"}]},{"@type":"WebSite","@id":"https:\/\/nicandmel.com\/de\/#website","url":"https:\/\/nicandmel.com\/de\/","name":"Nic & Mel","description":"Handmade leather goods","publisher":{"@id":"https:\/\/nicandmel.com\/de\/#organization"},"potentialAction":[{"@type":"SearchAction","target":{"@type":"EntryPoint","urlTemplate":"https:\/\/nicandmel.com\/de\/?s={search_term_string}"},"query-input":{"@type":"PropertyValueSpecification","valueRequired":true,"valueName":"search_term_string"}}],"inLanguage":"de"},{"@type":"Organization","@id":"https:\/\/nicandmel.com\/de\/#organization","name":"Nic & Mel","url":"https:\/\/nicandmel.com\/de\/","logo":{"@type":"ImageObject","inLanguage":"de","@id":"https:\/\/nicandmel.com\/de\/#\/schema\/logo\/image\/","url":"https:\/\/nicandmel.com\/wp-content\/uploads\/2021\/07\/nic_and_mel_logo.png","contentUrl":"https:\/\/nicandmel.com\/wp-content\/uploads\/2021\/07\/nic_and_mel_logo.png","width":1237,"height":263,"caption":"Nic & Mel"},"image":{"@id":"https:\/\/nicandmel.com\/de\/#\/schema\/logo\/image\/"},"sameAs":["https:\/\/www.facebook.com\/nicandmel"]}]}},"_links":{"self":[{"href":"https:\/\/nicandmel.com\/de\/wp-json\/wp\/v2\/product\/20139","targetHints":{"allow":["GET"]}}],"collection":[{"href":"https:\/\/nicandmel.com\/de\/wp-json\/wp\/v2\/product"}],"about":[{"href":"https:\/\/nicandmel.com\/de\/wp-json\/wp\/v2\/types\/product"}],"wp:featuredmedia":[{"embeddable":true,"href":"https:\/\/nicandmel.com\/de\/wp-json\/wp\/v2\/media\/17909"}],"wp:attachment":[{"href":"https:\/\/nicandmel.com\/de\/wp-json\/wp\/v2\/media?parent=20139"}],"wp:term":[{"taxonomy":"product_brand","embeddable":true,"href":"https:\/\/nicandmel.com\/de\/wp-json\/wp\/v2\/product_brand?post=20139"},{"taxonomy":"product_cat","embeddable":true,"href":"https:\/\/nicandmel.com\/de\/wp-json\/wp\/v2\/product_cat?post=20139"},{"taxonomy":"product_tag","embeddable":true,"href":"https:\/\/nicandmel.com\/de\/wp-json\/wp\/v2\/product_tag?post=20139"}],"curies":[{"name":"wp","href":"https:\/\/api.w.org\/{rel}","templated":true}]}}