{"id":18810,"date":"2024-02-18T08:23:39","date_gmt":"2024-02-18T07:23:39","guid":{"rendered":"https:\/\/nicandmel.com\/om-oss-2\/"},"modified":"2024-10-24T09:00:57","modified_gmt":"2024-10-24T07:00:57","slug":"om-oss-2","status":"publish","type":"page","link":"https:\/\/nicandmel.com\/sv\/om-oss-2\/","title":{"rendered":"Om oss"},"content":{"rendered":"\n<h4 class=\"nm-block-heading wp-block-heading\">Historien s\u00e5 h\u00e4r l\u00e5ngt<\/h4>\n\n<p>Sedan starten 2010 har Nic &amp; Mel haft samma ambition &#8211; att skapa tidl\u00f6sa och individuella accessoarer f\u00f6r m\u00e4n och kvinnor. Vi v\u00e4rdes\u00e4tter kvalitet och funktionalitet lika mycket som en stilren och elegant look. Med en grund i svensk design och anv\u00e4ndning av h\u00f6gkvalitativa l\u00e4dermaterial har den v\u00e4lbalanserade kombinationen av avskalad elegans och f\u00f6rst\u00e5else f\u00f6r detaljer definierat v\u00e5ra produkter och v\u00e5rt varum\u00e4rke sedan starten.  <\/p>\n\n<p>Enkelhet har alltid varit det prim\u00e4ra i v\u00e5ra former och v\u00e5r design. Kvalitet har styrt v\u00e5rt val av material. Den okomplicerade anv\u00e4ndningen har i sin tur varit avg\u00f6rande n\u00e4r det g\u00e4ller funktion. Vi hoppas att du gillar den.   <\/p>\n\n<h4 class=\"nm-block-heading wp-block-heading\">Varum\u00e4rket<\/h4>\n\n<p>Med ursprunglig inspiration fr\u00e5n klassiska och tidl\u00f6sa vintage-l\u00e4deraccessoarer har Nic &amp; Mel utvecklats i takt med de f\u00f6r\u00e4nderliga str\u00f6mningarna och kraven inom b\u00e5de mode och telekommunikation. Idag \u00e4r det v\u00e5r mer moderna inst\u00e4llning till tidl\u00f6s kvalitet och stil, fast f\u00f6rankrad i den rena och funktionella skandinaviska och svenska designtraditionen, som st\u00e5r f\u00f6r det moderna varum\u00e4rket Nic &amp; Mel och v\u00e5ra handgjorda l\u00e4dervaror. <\/p>\n\n<p>Vi \u00e4r \u00f6vertygade om att det \u00e4r genom den dagliga anv\u00e4ndningen av v\u00e5ra handgjorda l\u00e4derprodukter som de i sin tur f\u00e5r sitt verkliga v\u00e4rde. Det \u00e4r d\u00e5 de vinner uppskattning, f\u00e5r sin v\u00e4lf\u00f6rtj\u00e4nta patina och f\u00e5r sin sj\u00e4lfulla karakt\u00e4r. Vi str\u00e4var efter att ge v\u00e5ra produkter dessa kvalifikationer, men det \u00e4r bara de som anv\u00e4nder v\u00e5ra produkter som kan f\u00f6rverkliga denna ambition. De \u00e4r de enda som kan lyckas med att g\u00f6ra dem tidl\u00f6sa.   <\/p>\n\n<h4 class=\"nm-block-heading wp-block-heading\">Materialen<\/h4>\n\n<p>Njut av lyxen i vegetabiliskt garvat l\u00e4der, d\u00e4r v\u00e5rt orubbliga engagemang f\u00f6r kvalitet s\u00e4kerst\u00e4ller att varje produkt \u00f6vertr\u00e4ffar v\u00e5ra h\u00f6gt st\u00e4llda krav. Vi anv\u00e4nder noggrant den optimala garvningsmetoden f\u00f6r varje produkt, med ett \u00f6verv\u00e4gande fokus p\u00e5 de uts\u00f6kta egenskaperna hos vegetabiliskt garvat l\u00e4der. <\/p>\n\n<p><strong>Mjukt och f\u00f6ljsamt:<\/strong> F\u00f6rdjupa dig i o\u00f6vertr\u00e4ffad mjukhet och smidighet, n\u00e4r vegetabiliskt garvat l\u00e4der st\u00e5r i centrum f\u00f6r plagg och accessoarer, vilket ger en idealisk blandning av komfort och elegans.<\/p>\n\n<p><strong>Motst\u00e5ndskraftig mot element:<\/strong> Omfamna h\u00e5llbarhet med l\u00e4der som \u00e4r motst\u00e5ndskraftigt mot vatten, v\u00e4rme och slitage. Vegetabiliskt garvat l\u00e4der \u00f6vertr\u00e4ffar sina motsvarigheter, vilket g\u00f6r det till det \u00f6verl\u00e4gsna valet f\u00f6r f\u00f6rem\u00e5l som uts\u00e4tts f\u00f6r v\u00e4der och vind. <\/p>\n\n<p><strong>M\u00e5ngsidig f\u00f6r mode:<\/strong> Lyft din stil med de livfulla nyanser och olika ytbehandlingar som erbjuds av vegetabiliskt garvat l\u00e4der. Dess exceptionella f\u00e4rgbest\u00e4ndighet och m\u00e5ngsidighet g\u00f6r det till den perfekta duken f\u00f6r att skapa fashionabla accessoarer, vilket garanterar en s\u00f6ml\u00f6s integration i din garderob. <\/p>\n\n<h4 class=\"nm-block-heading wp-block-heading\">Produkten<\/h4>\n\n<p>Njut av det uts\u00f6kta hantverket i v\u00e5ra handgjorda l\u00e4deraccessoarer, som \u00e4r noggrant designade med ett \u00f6ga f\u00f6r invecklade detaljer. Varje produkt \u00e5ldras med stolthet och genomg\u00e5r en graci\u00f6s f\u00f6r\u00e4ndring i patina och f\u00e4rg \u00e5r efter \u00e5r, vilket speglar din personliga resa. V\u00e5ra accessoarer \u00e4r tillverkade f\u00f6r att h\u00e5lla l\u00e4nge, vilket inte bara garanterar en l\u00e5ng livsl\u00e4ngd utan ocks\u00e5 en unik och f\u00f6r\u00e4nderlig karakt\u00e4r som g\u00f6r varje produkt till just din. F\u00f6rh\u00f6j din stil med accessoarer som ber\u00e4ttar en historia och t\u00e5l tidens tand.   <\/p>\n\n<p><strong>V\u00e4lja material:<\/strong><\/p>\n\n<figure class=\"wp-block-image alignnone size-medium wp-image-13894\"><img loading=\"lazy\" decoding=\"async\" width=\"300\" height=\"199\" src=\"https:\/\/nicandmel.com\/wp-content\/uploads\/2024\/01\/istockphoto-905742738-612x612-1-300x199.jpg\" alt=\"\" class=\"wp-image-13894\" srcset=\"https:\/\/nicandmel.com\/wp-content\/uploads\/2024\/01\/istockphoto-905742738-612x612-1-300x199.jpg 300w, https:\/\/nicandmel.com\/wp-content\/uploads\/2024\/01\/istockphoto-905742738-612x612-1-500x331.jpg 500w, https:\/\/nicandmel.com\/wp-content\/uploads\/2024\/01\/istockphoto-905742738-612x612-1.jpg 612w\" sizes=\"auto, (max-width: 300px) 100vw, 300px\" \/><figcaption class=\"wp-element-caption\">L\u00e4derarbetare som sk\u00e4r ut l\u00e4dervaror i verkstaden \/ Hantverkare som arbetar med l\u00e4der tillverkar en bra produkt i l\u00e4deratelj\u00e9n.<\/figcaption><\/figure>\n","protected":false},"excerpt":{"rendered":"<p>Historien s\u00e5 h\u00e4r l\u00e5ngt Sedan starten 2010 har Nic &amp; Mel haft samma ambition &#8211; att skapa tidl\u00f6sa och individuella accessoarer f\u00f6r m\u00e4n och kvinnor. Vi v\u00e4rdes\u00e4tter kvalitet och funktionalitet lika mycket som en stilren och elegant look. Med en grund i svensk design och anv\u00e4ndning av h\u00f6gkvalitativa l\u00e4dermaterial har den v\u00e4lbalanserade kombinationen av avskalad &hellip;<\/p>\n","protected":false},"author":2931,"featured_media":0,"parent":0,"menu_order":0,"comment_status":"closed","ping_status":"closed","template":"","meta":{"_acf_changed":false,"footnotes":""},"class_list":["post-18810","page","type-page","status-publish","hentry"],"acf":[],"yoast_head":"<!-- This site is optimized with the Yoast SEO plugin v27.3 - https:\/\/yoast.com\/product\/yoast-seo-wordpress\/ -->\n<title>Om oss - Nic &amp; Mel<\/title>\n<meta name=\"robots\" content=\"index, follow, max-snippet:-1, max-image-preview:large, max-video-preview:-1\" \/>\n<link rel=\"canonical\" href=\"https:\/\/nicandmel.com\/sv\/om-oss-2\/\" \/>\n<meta property=\"og:locale\" content=\"sv_SE\" \/>\n<meta property=\"og:type\" content=\"article\" \/>\n<meta property=\"og:title\" content=\"Om oss - Nic &amp; Mel\" \/>\n<meta property=\"og:description\" content=\"Historien s\u00e5 h\u00e4r l\u00e5ngt Sedan starten 2010 har Nic &amp; Mel haft samma ambition &#8211; att skapa tidl\u00f6sa och individuella accessoarer f\u00f6r m\u00e4n och kvinnor. Vi v\u00e4rdes\u00e4tter kvalitet och funktionalitet lika mycket som en stilren och elegant look. Med en grund i svensk design och anv\u00e4ndning av h\u00f6gkvalitativa l\u00e4dermaterial har den v\u00e4lbalanserade kombinationen av avskalad &hellip;\" \/>\n<meta property=\"og:url\" content=\"https:\/\/nicandmel.com\/sv\/om-oss-2\/\" \/>\n<meta property=\"og:site_name\" content=\"Nic &amp; Mel\" \/>\n<meta property=\"article:publisher\" content=\"https:\/\/www.facebook.com\/nicandmel\" \/>\n<meta property=\"article:modified_time\" content=\"2024-10-24T07:00:57+00:00\" \/>\n<meta property=\"og:image\" content=\"https:\/\/nicandmel.com\/wp-content\/uploads\/2024\/01\/istockphoto-905742738-612x612-1.jpg\" \/>\n\t<meta property=\"og:image:width\" content=\"612\" \/>\n\t<meta property=\"og:image:height\" content=\"405\" \/>\n\t<meta property=\"og:image:type\" content=\"image\/jpeg\" \/>\n<meta name=\"twitter:card\" content=\"summary_large_image\" \/>\n<meta name=\"twitter:label1\" content=\"Ber\u00e4knad l\u00e4stid\" \/>\n\t<meta name=\"twitter:data1\" content=\"3 minuter\" \/>\n<script type=\"application\/ld+json\" class=\"yoast-schema-graph\">{\"@context\":\"https:\\\/\\\/schema.org\",\"@graph\":[{\"@type\":\"WebPage\",\"@id\":\"https:\\\/\\\/nicandmel.com\\\/sv\\\/om-oss-2\\\/\",\"url\":\"https:\\\/\\\/nicandmel.com\\\/sv\\\/om-oss-2\\\/\",\"name\":\"Om oss - Nic &amp; Mel\",\"isPartOf\":{\"@id\":\"https:\\\/\\\/nicandmel.com\\\/sv\\\/#website\"},\"primaryImageOfPage\":{\"@id\":\"https:\\\/\\\/nicandmel.com\\\/sv\\\/om-oss-2\\\/#primaryimage\"},\"image\":{\"@id\":\"https:\\\/\\\/nicandmel.com\\\/sv\\\/om-oss-2\\\/#primaryimage\"},\"thumbnailUrl\":\"https:\\\/\\\/nicandmel.com\\\/wp-content\\\/uploads\\\/2024\\\/01\\\/istockphoto-905742738-612x612-1-300x199.jpg\",\"datePublished\":\"2024-02-18T07:23:39+00:00\",\"dateModified\":\"2024-10-24T07:00:57+00:00\",\"breadcrumb\":{\"@id\":\"https:\\\/\\\/nicandmel.com\\\/sv\\\/om-oss-2\\\/#breadcrumb\"},\"inLanguage\":\"sv-SE\",\"potentialAction\":[{\"@type\":\"ReadAction\",\"target\":[\"https:\\\/\\\/nicandmel.com\\\/sv\\\/om-oss-2\\\/\"]}]},{\"@type\":\"ImageObject\",\"inLanguage\":\"sv-SE\",\"@id\":\"https:\\\/\\\/nicandmel.com\\\/sv\\\/om-oss-2\\\/#primaryimage\",\"url\":\"https:\\\/\\\/nicandmel.com\\\/wp-content\\\/uploads\\\/2024\\\/01\\\/istockphoto-905742738-612x612-1-300x199.jpg\",\"contentUrl\":\"https:\\\/\\\/nicandmel.com\\\/wp-content\\\/uploads\\\/2024\\\/01\\\/istockphoto-905742738-612x612-1-300x199.jpg\"},{\"@type\":\"BreadcrumbList\",\"@id\":\"https:\\\/\\\/nicandmel.com\\\/sv\\\/om-oss-2\\\/#breadcrumb\",\"itemListElement\":[{\"@type\":\"ListItem\",\"position\":1,\"name\":\"Home\",\"item\":\"https:\\\/\\\/nicandmel.com\\\/sv\\\/\"},{\"@type\":\"ListItem\",\"position\":2,\"name\":\"Om oss\"}]},{\"@type\":\"WebSite\",\"@id\":\"https:\\\/\\\/nicandmel.com\\\/sv\\\/#website\",\"url\":\"https:\\\/\\\/nicandmel.com\\\/sv\\\/\",\"name\":\"Nic & Mel\",\"description\":\"Handmade leather goods\",\"publisher\":{\"@id\":\"https:\\\/\\\/nicandmel.com\\\/sv\\\/#organization\"},\"potentialAction\":[{\"@type\":\"SearchAction\",\"target\":{\"@type\":\"EntryPoint\",\"urlTemplate\":\"https:\\\/\\\/nicandmel.com\\\/sv\\\/?s={search_term_string}\"},\"query-input\":{\"@type\":\"PropertyValueSpecification\",\"valueRequired\":true,\"valueName\":\"search_term_string\"}}],\"inLanguage\":\"sv-SE\"},{\"@type\":\"Organization\",\"@id\":\"https:\\\/\\\/nicandmel.com\\\/sv\\\/#organization\",\"name\":\"Nic & Mel\",\"url\":\"https:\\\/\\\/nicandmel.com\\\/sv\\\/\",\"logo\":{\"@type\":\"ImageObject\",\"inLanguage\":\"sv-SE\",\"@id\":\"https:\\\/\\\/nicandmel.com\\\/sv\\\/#\\\/schema\\\/logo\\\/image\\\/\",\"url\":\"https:\\\/\\\/nicandmel.com\\\/wp-content\\\/uploads\\\/2021\\\/07\\\/nic_and_mel_logo.png\",\"contentUrl\":\"https:\\\/\\\/nicandmel.com\\\/wp-content\\\/uploads\\\/2021\\\/07\\\/nic_and_mel_logo.png\",\"width\":1237,\"height\":263,\"caption\":\"Nic & Mel\"},\"image\":{\"@id\":\"https:\\\/\\\/nicandmel.com\\\/sv\\\/#\\\/schema\\\/logo\\\/image\\\/\"},\"sameAs\":[\"https:\\\/\\\/www.facebook.com\\\/nicandmel\"]}]}<\/script>\n<!-- \/ Yoast SEO plugin. -->","yoast_head_json":{"title":"Om oss - Nic &amp; Mel","robots":{"index":"index","follow":"follow","max-snippet":"max-snippet:-1","max-image-preview":"max-image-preview:large","max-video-preview":"max-video-preview:-1"},"canonical":"https:\/\/nicandmel.com\/sv\/om-oss-2\/","og_locale":"sv_SE","og_type":"article","og_title":"Om oss - Nic &amp; Mel","og_description":"Historien s\u00e5 h\u00e4r l\u00e5ngt Sedan starten 2010 har Nic &amp; Mel haft samma ambition &#8211; att skapa tidl\u00f6sa och individuella accessoarer f\u00f6r m\u00e4n och kvinnor. Vi v\u00e4rdes\u00e4tter kvalitet och funktionalitet lika mycket som en stilren och elegant look. Med en grund i svensk design och anv\u00e4ndning av h\u00f6gkvalitativa l\u00e4dermaterial har den v\u00e4lbalanserade kombinationen av avskalad &hellip;","og_url":"https:\/\/nicandmel.com\/sv\/om-oss-2\/","og_site_name":"Nic &amp; Mel","article_publisher":"https:\/\/www.facebook.com\/nicandmel","article_modified_time":"2024-10-24T07:00:57+00:00","og_image":[{"width":612,"height":405,"url":"https:\/\/nicandmel.com\/wp-content\/uploads\/2024\/01\/istockphoto-905742738-612x612-1.jpg","type":"image\/jpeg"}],"twitter_card":"summary_large_image","twitter_misc":{"Ber\u00e4knad l\u00e4stid":"3 minuter"},"schema":{"@context":"https:\/\/schema.org","@graph":[{"@type":"WebPage","@id":"https:\/\/nicandmel.com\/sv\/om-oss-2\/","url":"https:\/\/nicandmel.com\/sv\/om-oss-2\/","name":"Om oss - Nic &amp; Mel","isPartOf":{"@id":"https:\/\/nicandmel.com\/sv\/#website"},"primaryImageOfPage":{"@id":"https:\/\/nicandmel.com\/sv\/om-oss-2\/#primaryimage"},"image":{"@id":"https:\/\/nicandmel.com\/sv\/om-oss-2\/#primaryimage"},"thumbnailUrl":"https:\/\/nicandmel.com\/wp-content\/uploads\/2024\/01\/istockphoto-905742738-612x612-1-300x199.jpg","datePublished":"2024-02-18T07:23:39+00:00","dateModified":"2024-10-24T07:00:57+00:00","breadcrumb":{"@id":"https:\/\/nicandmel.com\/sv\/om-oss-2\/#breadcrumb"},"inLanguage":"sv-SE","potentialAction":[{"@type":"ReadAction","target":["https:\/\/nicandmel.com\/sv\/om-oss-2\/"]}]},{"@type":"ImageObject","inLanguage":"sv-SE","@id":"https:\/\/nicandmel.com\/sv\/om-oss-2\/#primaryimage","url":"https:\/\/nicandmel.com\/wp-content\/uploads\/2024\/01\/istockphoto-905742738-612x612-1-300x199.jpg","contentUrl":"https:\/\/nicandmel.com\/wp-content\/uploads\/2024\/01\/istockphoto-905742738-612x612-1-300x199.jpg"},{"@type":"BreadcrumbList","@id":"https:\/\/nicandmel.com\/sv\/om-oss-2\/#breadcrumb","itemListElement":[{"@type":"ListItem","position":1,"name":"Home","item":"https:\/\/nicandmel.com\/sv\/"},{"@type":"ListItem","position":2,"name":"Om oss"}]},{"@type":"WebSite","@id":"https:\/\/nicandmel.com\/sv\/#website","url":"https:\/\/nicandmel.com\/sv\/","name":"Nic & Mel","description":"Handmade leather goods","publisher":{"@id":"https:\/\/nicandmel.com\/sv\/#organization"},"potentialAction":[{"@type":"SearchAction","target":{"@type":"EntryPoint","urlTemplate":"https:\/\/nicandmel.com\/sv\/?s={search_term_string}"},"query-input":{"@type":"PropertyValueSpecification","valueRequired":true,"valueName":"search_term_string"}}],"inLanguage":"sv-SE"},{"@type":"Organization","@id":"https:\/\/nicandmel.com\/sv\/#organization","name":"Nic & Mel","url":"https:\/\/nicandmel.com\/sv\/","logo":{"@type":"ImageObject","inLanguage":"sv-SE","@id":"https:\/\/nicandmel.com\/sv\/#\/schema\/logo\/image\/","url":"https:\/\/nicandmel.com\/wp-content\/uploads\/2021\/07\/nic_and_mel_logo.png","contentUrl":"https:\/\/nicandmel.com\/wp-content\/uploads\/2021\/07\/nic_and_mel_logo.png","width":1237,"height":263,"caption":"Nic & Mel"},"image":{"@id":"https:\/\/nicandmel.com\/sv\/#\/schema\/logo\/image\/"},"sameAs":["https:\/\/www.facebook.com\/nicandmel"]}]}},"_links":{"self":[{"href":"https:\/\/nicandmel.com\/sv\/wp-json\/wp\/v2\/pages\/18810","targetHints":{"allow":["GET"]}}],"collection":[{"href":"https:\/\/nicandmel.com\/sv\/wp-json\/wp\/v2\/pages"}],"about":[{"href":"https:\/\/nicandmel.com\/sv\/wp-json\/wp\/v2\/types\/page"}],"author":[{"embeddable":true,"href":"https:\/\/nicandmel.com\/sv\/wp-json\/wp\/v2\/users\/2931"}],"replies":[{"embeddable":true,"href":"https:\/\/nicandmel.com\/sv\/wp-json\/wp\/v2\/comments?post=18810"}],"version-history":[{"count":0,"href":"https:\/\/nicandmel.com\/sv\/wp-json\/wp\/v2\/pages\/18810\/revisions"}],"wp:attachment":[{"href":"https:\/\/nicandmel.com\/sv\/wp-json\/wp\/v2\/media?parent=18810"}],"curies":[{"name":"wp","href":"https:\/\/api.w.org\/{rel}","templated":true}]}}