{"id":18814,"date":"2017-11-14T15:33:33","date_gmt":"2017-11-14T14:33:33","guid":{"rendered":"https:\/\/nicandmel.com\/kontakta-nm-2\/"},"modified":"2026-03-15T13:38:08","modified_gmt":"2026-03-15T12:38:08","slug":"kontakta-nm-2","status":"publish","type":"page","link":"https:\/\/nicandmel.com\/sv\/kontakta-nm-2\/","title":{"rendered":"Kontakta N&amp;M"},"content":{"rendered":"<h2 style=\"text-align: center;\">Kontakta oss f\u00f6r mer information.<\/h2>\n<p style=\"text-align: center;\">Oavsett om du letar efter svar, vill l\u00f6sa ett problem eller bara vill ber\u00e4tta hur det gick f\u00f6r oss, hittar du kontaktv\u00e4garna h\u00e4r.<\/p>\n<p style=\"text-align: center;\"><strong>KUNDSUPPORT<br \/>\n<\/strong>E-post: info (a ) nicandmel.com<br \/>\nTelefon: <a href=\"phone: 076-007 76 84\">076-007 76 84<\/a><\/p>\n<p style=\"text-align: center;\"><strong>S\u00e5 h\u00e4r g\u00f6r du en retur:<\/strong><\/p>\n<ol>\n<li style=\"text-align: center;\"><strong>1.<\/strong> Skriv ut och fyll i formul\u00e4ret nedan, returnera det.<br \/>\n<a href=\"https:\/\/nicandmel.com\/wp-content\/uploads\/2024\/04\/NicMel_Returformular_2023.pdf\">NicMel_Returformular_<\/a><\/li>\n<\/ol>\n<p style=\"text-align: center;\"><strong>2.<\/strong> Skicka produkten, formul\u00e4ret och fakturan till:<\/p>\n<p style=\"text-align: center;\"><strong>POSTADRESS<\/strong><br \/>\n<span class=\"f_line2 pl65 pl65-border\">Nic and Mel<br \/>\nDiligensv\u00e4gen 76<br \/>\n131 48 Nacka<br \/>\nOrganisationsnummer \/ momsregistreringsnummer:<br \/>\nSE 559332-7595 01<\/span><\/p>\n","protected":false},"excerpt":{"rendered":"<p>Kontakta oss f\u00f6r mer information. Oavsett om du letar efter svar, vill l\u00f6sa ett problem eller bara vill ber\u00e4tta hur det gick f\u00f6r oss, hittar du kontaktv\u00e4garna h\u00e4r. KUNDSUPPORT E-post: info (a ) nicandmel.com Telefon: 076-007 76 84 S\u00e5 h\u00e4r g\u00f6r du en retur: 1. Skriv ut och fyll i formul\u00e4ret nedan, returnera det. NicMel_Returformular_ &hellip;<\/p>\n","protected":false},"author":3,"featured_media":0,"parent":0,"menu_order":0,"comment_status":"closed","ping_status":"closed","template":"","meta":{"_acf_changed":false,"footnotes":""},"class_list":["post-18814","page","type-page","status-publish","hentry"],"acf":[],"yoast_head":"<!-- This site is optimized with the Yoast SEO plugin v27.4 - https:\/\/yoast.com\/product\/yoast-seo-wordpress\/ -->\n<title>Kontakta N&amp;M - Nic &amp; Mel<\/title>\n<meta name=\"robots\" content=\"index, follow, max-snippet:-1, max-image-preview:large, max-video-preview:-1\" \/>\n<link rel=\"canonical\" href=\"https:\/\/nicandmel.com\/sv\/kontakta-nm-2\/\" \/>\n<meta property=\"og:locale\" content=\"sv_SE\" \/>\n<meta property=\"og:type\" content=\"article\" \/>\n<meta property=\"og:title\" content=\"Kontakta N&amp;M - Nic &amp; Mel\" \/>\n<meta property=\"og:description\" content=\"Kontakta oss f\u00f6r mer information. Oavsett om du letar efter svar, vill l\u00f6sa ett problem eller bara vill ber\u00e4tta hur det gick f\u00f6r oss, hittar du kontaktv\u00e4garna h\u00e4r. KUNDSUPPORT E-post: info (a ) nicandmel.com Telefon: 076-007 76 84 S\u00e5 h\u00e4r g\u00f6r du en retur: 1. Skriv ut och fyll i formul\u00e4ret nedan, returnera det. NicMel_Returformular_ &hellip;\" \/>\n<meta property=\"og:url\" content=\"https:\/\/nicandmel.com\/sv\/kontakta-nm-2\/\" \/>\n<meta property=\"og:site_name\" content=\"Nic &amp; Mel\" \/>\n<meta property=\"article:publisher\" content=\"https:\/\/www.facebook.com\/nicandmel\" \/>\n<meta property=\"article:modified_time\" content=\"2026-03-15T12:38:08+00:00\" \/>\n<meta property=\"og:image\" content=\"https:\/\/nicandmel.com\/wp-content\/uploads\/2016\/05\/nom_logo_yellow.png\" \/>\n\t<meta property=\"og:image:width\" content=\"180\" \/>\n\t<meta property=\"og:image:height\" content=\"74\" \/>\n\t<meta property=\"og:image:type\" content=\"image\/png\" \/>\n<meta name=\"twitter:card\" content=\"summary_large_image\" \/>\n<meta name=\"twitter:label1\" content=\"Ber\u00e4knad l\u00e4stid\" \/>\n\t<meta name=\"twitter:data1\" content=\"1 minut\" \/>\n<script type=\"application\/ld+json\" class=\"yoast-schema-graph\">{\"@context\":\"https:\\\/\\\/schema.org\",\"@graph\":[{\"@type\":\"WebPage\",\"@id\":\"https:\\\/\\\/nicandmel.com\\\/sv\\\/kontakta-nm-2\\\/\",\"url\":\"https:\\\/\\\/nicandmel.com\\\/sv\\\/kontakta-nm-2\\\/\",\"name\":\"Kontakta N&amp;M - Nic &amp; Mel\",\"isPartOf\":{\"@id\":\"https:\\\/\\\/nicandmel.com\\\/sv\\\/#website\"},\"datePublished\":\"2017-11-14T14:33:33+00:00\",\"dateModified\":\"2026-03-15T12:38:08+00:00\",\"breadcrumb\":{\"@id\":\"https:\\\/\\\/nicandmel.com\\\/sv\\\/kontakta-nm-2\\\/#breadcrumb\"},\"inLanguage\":\"sv-SE\",\"potentialAction\":[{\"@type\":\"ReadAction\",\"target\":[\"https:\\\/\\\/nicandmel.com\\\/sv\\\/kontakta-nm-2\\\/\"]}]},{\"@type\":\"BreadcrumbList\",\"@id\":\"https:\\\/\\\/nicandmel.com\\\/sv\\\/kontakta-nm-2\\\/#breadcrumb\",\"itemListElement\":[{\"@type\":\"ListItem\",\"position\":1,\"name\":\"Home\",\"item\":\"https:\\\/\\\/nicandmel.com\\\/sv\\\/\"},{\"@type\":\"ListItem\",\"position\":2,\"name\":\"Kontakta N&amp;M\"}]},{\"@type\":\"WebSite\",\"@id\":\"https:\\\/\\\/nicandmel.com\\\/sv\\\/#website\",\"url\":\"https:\\\/\\\/nicandmel.com\\\/sv\\\/\",\"name\":\"Nic & Mel\",\"description\":\"Handmade leather goods\",\"publisher\":{\"@id\":\"https:\\\/\\\/nicandmel.com\\\/sv\\\/#organization\"},\"potentialAction\":[{\"@type\":\"SearchAction\",\"target\":{\"@type\":\"EntryPoint\",\"urlTemplate\":\"https:\\\/\\\/nicandmel.com\\\/sv\\\/?s={search_term_string}\"},\"query-input\":{\"@type\":\"PropertyValueSpecification\",\"valueRequired\":true,\"valueName\":\"search_term_string\"}}],\"inLanguage\":\"sv-SE\"},{\"@type\":\"Organization\",\"@id\":\"https:\\\/\\\/nicandmel.com\\\/sv\\\/#organization\",\"name\":\"Nic & Mel\",\"url\":\"https:\\\/\\\/nicandmel.com\\\/sv\\\/\",\"logo\":{\"@type\":\"ImageObject\",\"inLanguage\":\"sv-SE\",\"@id\":\"https:\\\/\\\/nicandmel.com\\\/sv\\\/#\\\/schema\\\/logo\\\/image\\\/\",\"url\":\"https:\\\/\\\/nicandmel.com\\\/wp-content\\\/uploads\\\/2021\\\/07\\\/nic_and_mel_logo.png\",\"contentUrl\":\"https:\\\/\\\/nicandmel.com\\\/wp-content\\\/uploads\\\/2021\\\/07\\\/nic_and_mel_logo.png\",\"width\":1237,\"height\":263,\"caption\":\"Nic & Mel\"},\"image\":{\"@id\":\"https:\\\/\\\/nicandmel.com\\\/sv\\\/#\\\/schema\\\/logo\\\/image\\\/\"},\"sameAs\":[\"https:\\\/\\\/www.facebook.com\\\/nicandmel\"]}]}<\/script>\n<!-- \/ Yoast SEO plugin. -->","yoast_head_json":{"title":"Kontakta N&amp;M - Nic &amp; Mel","robots":{"index":"index","follow":"follow","max-snippet":"max-snippet:-1","max-image-preview":"max-image-preview:large","max-video-preview":"max-video-preview:-1"},"canonical":"https:\/\/nicandmel.com\/sv\/kontakta-nm-2\/","og_locale":"sv_SE","og_type":"article","og_title":"Kontakta N&amp;M - Nic &amp; Mel","og_description":"Kontakta oss f\u00f6r mer information. Oavsett om du letar efter svar, vill l\u00f6sa ett problem eller bara vill ber\u00e4tta hur det gick f\u00f6r oss, hittar du kontaktv\u00e4garna h\u00e4r. KUNDSUPPORT E-post: info (a ) nicandmel.com Telefon: 076-007 76 84 S\u00e5 h\u00e4r g\u00f6r du en retur: 1. Skriv ut och fyll i formul\u00e4ret nedan, returnera det. NicMel_Returformular_ &hellip;","og_url":"https:\/\/nicandmel.com\/sv\/kontakta-nm-2\/","og_site_name":"Nic &amp; Mel","article_publisher":"https:\/\/www.facebook.com\/nicandmel","article_modified_time":"2026-03-15T12:38:08+00:00","og_image":[{"width":180,"height":74,"url":"https:\/\/nicandmel.com\/wp-content\/uploads\/2016\/05\/nom_logo_yellow.png","type":"image\/png"}],"twitter_card":"summary_large_image","twitter_misc":{"Ber\u00e4knad l\u00e4stid":"1 minut"},"schema":{"@context":"https:\/\/schema.org","@graph":[{"@type":"WebPage","@id":"https:\/\/nicandmel.com\/sv\/kontakta-nm-2\/","url":"https:\/\/nicandmel.com\/sv\/kontakta-nm-2\/","name":"Kontakta N&amp;M - Nic &amp; Mel","isPartOf":{"@id":"https:\/\/nicandmel.com\/sv\/#website"},"datePublished":"2017-11-14T14:33:33+00:00","dateModified":"2026-03-15T12:38:08+00:00","breadcrumb":{"@id":"https:\/\/nicandmel.com\/sv\/kontakta-nm-2\/#breadcrumb"},"inLanguage":"sv-SE","potentialAction":[{"@type":"ReadAction","target":["https:\/\/nicandmel.com\/sv\/kontakta-nm-2\/"]}]},{"@type":"BreadcrumbList","@id":"https:\/\/nicandmel.com\/sv\/kontakta-nm-2\/#breadcrumb","itemListElement":[{"@type":"ListItem","position":1,"name":"Home","item":"https:\/\/nicandmel.com\/sv\/"},{"@type":"ListItem","position":2,"name":"Kontakta N&amp;M"}]},{"@type":"WebSite","@id":"https:\/\/nicandmel.com\/sv\/#website","url":"https:\/\/nicandmel.com\/sv\/","name":"Nic & Mel","description":"Handmade leather goods","publisher":{"@id":"https:\/\/nicandmel.com\/sv\/#organization"},"potentialAction":[{"@type":"SearchAction","target":{"@type":"EntryPoint","urlTemplate":"https:\/\/nicandmel.com\/sv\/?s={search_term_string}"},"query-input":{"@type":"PropertyValueSpecification","valueRequired":true,"valueName":"search_term_string"}}],"inLanguage":"sv-SE"},{"@type":"Organization","@id":"https:\/\/nicandmel.com\/sv\/#organization","name":"Nic & Mel","url":"https:\/\/nicandmel.com\/sv\/","logo":{"@type":"ImageObject","inLanguage":"sv-SE","@id":"https:\/\/nicandmel.com\/sv\/#\/schema\/logo\/image\/","url":"https:\/\/nicandmel.com\/wp-content\/uploads\/2021\/07\/nic_and_mel_logo.png","contentUrl":"https:\/\/nicandmel.com\/wp-content\/uploads\/2021\/07\/nic_and_mel_logo.png","width":1237,"height":263,"caption":"Nic & Mel"},"image":{"@id":"https:\/\/nicandmel.com\/sv\/#\/schema\/logo\/image\/"},"sameAs":["https:\/\/www.facebook.com\/nicandmel"]}]}},"_links":{"self":[{"href":"https:\/\/nicandmel.com\/sv\/wp-json\/wp\/v2\/pages\/18814","targetHints":{"allow":["GET"]}}],"collection":[{"href":"https:\/\/nicandmel.com\/sv\/wp-json\/wp\/v2\/pages"}],"about":[{"href":"https:\/\/nicandmel.com\/sv\/wp-json\/wp\/v2\/types\/page"}],"author":[{"embeddable":true,"href":"https:\/\/nicandmel.com\/sv\/wp-json\/wp\/v2\/users\/3"}],"replies":[{"embeddable":true,"href":"https:\/\/nicandmel.com\/sv\/wp-json\/wp\/v2\/comments?post=18814"}],"version-history":[{"count":1,"href":"https:\/\/nicandmel.com\/sv\/wp-json\/wp\/v2\/pages\/18814\/revisions"}],"predecessor-version":[{"id":21069,"href":"https:\/\/nicandmel.com\/sv\/wp-json\/wp\/v2\/pages\/18814\/revisions\/21069"}],"wp:attachment":[{"href":"https:\/\/nicandmel.com\/sv\/wp-json\/wp\/v2\/media?parent=18814"}],"curies":[{"name":"wp","href":"https:\/\/api.w.org\/{rel}","templated":true}]}}