{"id":18828,"date":"2024-02-18T12:01:14","date_gmt":"2024-02-18T11:01:14","guid":{"rendered":"https:\/\/nicandmel.com\/villkor-och-anvisningar\/"},"modified":"2025-10-22T05:40:55","modified_gmt":"2025-10-22T03:40:55","slug":"villkor-och-anvisningar","status":"publish","type":"page","link":"https:\/\/nicandmel.com\/sv\/villkor-och-anvisningar\/","title":{"rendered":"VILLKOR OCH ANVISNINGAR"},"content":{"rendered":"\n<div class=\"nm-row nm-row-boxed vc_row wpb_row \">\n<div class=\"nm_column wpb_column vc_column_container col-sm-7\">\n<div class=\"vc_column-inner\">\n<div class=\"wpb_wrapper\">\n<div class=\"wpb_text_column wpb_content_element \">\n<div class=\"wpb_wrapper\">\n<h2>Om<\/h2>\n<p lang=\"en-GB\">L\u00e4s g\u00e4rna igenom v\u00e5ra villkor innan du g\u00f6r en best\u00e4llning i v\u00e5r webbshop. Vi f\u00f6ljer v\u00e5ra villkor i enlighet med svensk lag. Genom att l\u00e4gga en order i v\u00e5r webbshop godk\u00e4nner du d\u00e4rmed v\u00e5ra villkor enligt vad som anges h\u00e4r.<\/p>\n<p lang=\"en-GB\">Om du har ytterligare fr\u00e5gor \u00e4r du v\u00e4lkommen att kontakta v\u00e5r kundtj\u00e4nst <a href=\"https:\/\/nicandmel.com\/contact-us\/\">h\u00e4r.<\/a><\/p>\n<h2>Priser<\/h2>\n<\/div>\n<\/div>\n<\/div>\n<\/div>\n<\/div>\n<\/div>\n\n\n\n<div class=\"nm-row nm-row-full vc_row wpb_row \">\n<div class=\"nm_column wpb_column vc_column_container col-sm-12\">\n<div class=\"vc_column-inner\">\n<div class=\"wpb_wrapper\">\n<p lang=\"en-GB\">Alla priser \u00e4r inklusive 25% moms. F\u00f6r svenska kunder visas priser i SEK (svenska kronor). F\u00f6r kunder utanf\u00f6r Sverige kan priser anges i EUR (euro) eller DKK (danska kronor), beroende p\u00e5 valt land och betalningsmetod.<\/p>\n<p lang=\"en-GB\">Nic &amp; Mel f\u00f6rbeh\u00e5ller sig r\u00e4tten att inte leverera eller avboka en order p\u00e5 grund av tekniska problem, fel i betalning, priss\u00e4ttning eller i lager.<\/p>\n<div class=\"wpb_text_column wpb_content_element \">\n<div class=\"wpb_wrapper\">\n<h2>Inrikes leveranser<\/h2>\n<p>Fri frakt g\u00e4ller f\u00f6r alla best\u00e4llningar inom Sverige \u00f6ver 699 SEK. F\u00f6r best\u00e4llningar under 300 kr tillkommer en fast fraktavgift p\u00e5 69 kr. Sm\u00e5 varor skickas direkt till kunden med PostNord, medan st\u00f6rre paket skickas till ett lokalt utl\u00e4mningsst\u00e4lle med DHL. Avisering sker via sms eller e-post s\u00e5 snart paketet \u00e4r registrerat som klart att h\u00e4mtas ut. Standard leveranstid \u00e4r mellan 1-3 arbetsdagar efter orderbekr\u00e4ftelse. F\u00f6r returfrakt och byten tillkommer en fast avgift p\u00e5 69 SEK.<\/p>\n<div class=\"wpb_text_column wpb_content_element \">\n<div class=\"wpb_wrapper\">\n<h2>Internationella leveranser<\/h2>\n<p lang=\"en-GB\">F\u00f6r leverans av order utanf\u00f6r Sverige tillkommer separata fraktavgifter beroende p\u00e5 land eller region. Leveranstiden varierar mellan 3-10 dagar och paketen hanteras och levereras av inhemska post- eller kurirtj\u00e4nster. F\u00f6r returfrakt och byten till\u00e4mpas ett fast pris som motsvarar den ursprungliga fraktavgiften.<\/p>\n<p lang=\"en-GB\">Internationella fraktkostnader:<\/p>\n<ul>\n<li lang=\"en-GB\">Danmark: 7 euro<\/li>\n<li lang=\"en-GB\">Inom EU: 17 euro<\/li>\n<li lang=\"en-GB\">Europa Icke-EU: \u20ac 25<\/li>\n<li lang=\"en-GB\">\u00d6ver hela v\u00e4rlden: \u20ac 25<\/li>\n<\/ul>\n<h2>Betalning<\/h2>\n<p class=\"p1\">Qliro \u00e4r Nic &amp; Mels betaltj\u00e4nstleverant\u00f6r och hanterar alla betaltransaktioner i kassan.<br><b><\/b>Med Qliro f\u00e5r du tillg\u00e5ng till flera olika betalalternativ \u2013 bland annat Swish, faktura, direktbetalning och delbetalningskonto.<br>Du kan l\u00e4sa mer om alla tillg\u00e4ngliga tj\u00e4nster via l\u00e4nken nedan:<\/p>\n<p class=\"p2\">https:\/\/www.qliro.com\/sv-se\/vilkor<\/p>\n<p class=\"p2\">N\u00e4r du v\u00e4ljer att betala med Swish visas betalningsmottagaren som <span class=\"s1\"><b>Q*Nicandmel<\/b><\/span>.<br>Det inneb\u00e4r helt enkelt att Qliro tar emot betalningen f\u00f6r Nic &amp; Mel och tryggt hanterar transaktionen f\u00f6r ditt k\u00f6p.<\/p>\n<p>Om det best\u00e4llda paketet inte h\u00e4mtas ut i tid och automatiskt returneras, tillkommer en avgift p\u00e5 250 SEK f\u00f6r att t\u00e4cka avs\u00e4ndarens returkostnader.<\/p>\n<p lang=\"en-GB\">Vi accepterar betalningar i SEK, EUR och DKK. Valutan som anv\u00e4nds vid betalning beror p\u00e5 kundens land och valda betalningsmetod. Vid internationella k\u00f6p kan v\u00e4xelkursen och eventuella transaktionsavgifter tillkomma, beroende p\u00e5 din bank eller betalningsleverant\u00f6r.<\/p>\n<h2>Garanti<\/h2>\n<p lang=\"en-GB\">Nic &amp; Mel l\u00e4mnar en generell ett\u00e5rsgaranti p\u00e5 alla v\u00e5ra produkter, begr\u00e4nsad till tillverkningsfel, inklusive s\u00f6mmar och limbindning. F\u00f6r att rapportera ett garantiproblem, v\u00e4nligen kontakta oss p\u00e5 <a href=\"mailto:customer@nicandmel.com\" target=\"_blank\" rel=\"noopener noreferrer\">customer@nicandmel.com<\/a><\/p>\n<p lang=\"en-GB\">Garantin g\u00e4ller inte f\u00f6r:<\/p>\n<ul>\n<li>Fel och skador till f\u00f6ljd av f\u00f6rlust, st\u00f6ld, brand, vatten eller force majeure.<\/li>\n<li>Defekter eller skador som orsakats av felaktig anv\u00e4ndning, f\u00f6rsummelse eller olyckor (t.ex. st\u00f6tar, bucklor, krossning, fall) eller omotiverad reparation eller modifiering.<\/li>\n<li>Estetiska f\u00f6r\u00e4ndringar, defekter och skador som beror p\u00e5 normalt slitage och \u00e5lder (t.ex. repor, slitet l\u00e4der och fl\u00e4ckar).<\/li>\n<\/ul>\n<div class=\"wpb_text_column wpb_content_element \">\n<div class=\"wpb_wrapper\">\n<h2>Retur\/Reklamation<\/h2>\n<p lang=\"en-GB\">Du har r\u00e4tt att reklamera en vara som \u00e4r felaktig, har ett ursprungligt tillverkningsfel eller inte motsvarar vad som avtalats. Reklamationsr\u00e4tten g\u00e4ller enligt konsument\u00adk\u00f6plagen och konsument\u00adtj\u00e4nstlagen samt \u00f6vrig till\u00e4mplig svensk konsumentlagstiftning.\n\nF\u00f6r att reklamera, v\u00e4nligen f\u00f6lj dessa steg:\n<ol><ul>Kontakta v\u00e5r kundtj\u00e4nst p\u00e5 customer@nicandmel.com och ange ditt ordernummer tillsammans med en beskrivning av felet samt, om m\u00f6jligt, bilder som tydligt visar felet.<\/ul>\n<ul>Vi \u00e5terkommer inom sk\u00e4lig tid och informerar dig om hur reklamerandet g\u00e5r till \u2014 det kan handla om att vi ber dig returnera varan, att vi h\u00e4mtar den eller att vi skapar ett service\u00e4rende.<\/ul>\n<ul>Returnerad vara ska vara v\u00e4l emballerad och f\u00f6rs\u00e4ndelsen b\u00f6r g\u00f6ras med sp\u00e5rbar fraktl\u00f6sning, eftersom varan \u00e4r ditt ansvar tills den kommit fram till oss.<\/ul>\n<\/ul>Om reklamationen \u00e4r godk\u00e4nd, kommer vi att erbjuda antingen reparation, utbyte, prisavdrag eller \u00e5terbetalning \u2014 beroende p\u00e5 omst\u00e4ndigheterna och vad som \u00e4r sk\u00e4ligt enligt g\u00e4llande lag.<\/ul><\/ol>\n\nObservera:\n<ul><li>Reklamationen g\u00e4ller inte f\u00f6r normalt slitage, skador som uppst\u00e5tt genom felaktig anv\u00e4ndning, olycksh\u00e4ndelser, st\u00f6ld, brand eller vattenintr\u00e5ng. (Se \u00e4ven v\u00e5r garanti\u00adsektion.)<\/ul>\n<ul>Om du v\u00e4ljer att \u00e5terl\u00e4mna varan utan att vi godk\u00e4nt reklamationen riskerar du att inte f\u00e5 n\u00e5gon \u00e5ter\u00adbetalning om varan skadas under transporten.<\/ul>\n<ul>Retur\u00adkostnad utg\u00e5r normalt till 69 SEK inom Sverige (eller motsvarande fraktkostnad f\u00f6r internationella returer) och dras av \u00e5terbetalningen, s\u00e5vida inget annat \u00f6verens\u00adkommits.<\/ul><\/ul>\n\nGenom att utnyttja din reklamations\u00adr\u00e4tt bekr\u00e4ftar du att du f\u00f6ljt dessa instruktioner samt att varan returneras i det skick som kr\u00e4vs enligt lagen och v\u00e5ra riktlinjer.<\/p>\n<p lang=\"en-GB\">Ladda ner och anv\u00e4nd v\u00e5rt returformul\u00e4r:<a href=\"https:\/\/nicandmel.wpenginepowered.com\/wp-content\/uploads\/2019\/03\/NicMel_Returformul%C3%A4r_2019.pdf\" target=\"_blank\" rel=\"noopener noreferrer\"> Retursedel kund.pdf<\/a><\/p>\n<p lang=\"en-GB\">Ytterligare fr\u00e5gor h\u00e4nvisas till: <a href=\"mailto:%20customer@nicandmel.com\">customer@nicandmel.com<\/a><\/p>\n<\/div>\n<h2 data-start=\"0\" data-end=\"32\"><strong data-start=\"4\" data-end=\"30\">Kundklagom\u00e5l<\/strong><\/h2>\n<p data-start=\"34\" data-end=\"195\">Om du har n\u00e5gra synpunkter eller \u00e4r missn\u00f6jd med en produkt eller v\u00e5r service, v\u00e4nligen kontakta oss s\u00e5 snart som m\u00f6jligt s\u00e5 att vi kan f\u00f6rs\u00f6ka l\u00f6sa problemet.<\/p>\n<p data-start=\"197\" data-end=\"251\"><strong>S\u00e5 h\u00e4r g\u00f6r du f\u00f6r att l\u00e4mna in ett klagom\u00e5l:<\/strong><\/p>\n<ul data-start=\"252\" data-end=\"482\">\n<li data-start=\"252\" data-end=\"336\">Skicka ett e-postmeddelande till v\u00e5r kundtj\u00e4nst med en beskrivning av problemet.<\/li>\n<li data-start=\"337\" data-end=\"427\">Ange ditt ordernummer och eventuella relevanta bilder om klagom\u00e5let g\u00e4ller en produkt.<\/li>\n<li data-start=\"428\" data-end=\"482\">Vi \u00e5terkommer s\u00e5 snart som m\u00f6jligt med en l\u00f6sning.<\/li>\n<\/ul>\n<p data-start=\"484\" data-end=\"524\"><strong>Kontaktuppgifter f\u00f6r klagom\u00e5l:<\/strong><\/p>\n<p data-start=\"525\" data-end=\"640\">\ud83d\udce7 <strong data-start=\"528\" data-end=\"539\">E-post: <\/strong><a href=\"mailto:%20customer@nicandmel.com\" rel=\"noopener noreferrer\">customer@nicandmel.com<\/a><br data-start=\"562\" data-end=\"565\">\ud83c\udfe0 <strong data-start=\"568\" data-end=\"583\">Postadress:<\/strong><br data-start=\"583\" data-end=\"586\">Nic and Mel<br data-start=\"595\" data-end=\"598\">Diligensv\u00e4gen 76<br data-start=\"614\" data-end=\"617\">131 48 Nacka, Sverige<\/p>\n<div class=\"wpb_wrapper\">\n<div class=\"wpb_text_column wpb_content_element \">\n<div class=\"wpb_wrapper\">\n<h2>Integritetspolicy<\/h2>\n<p lang=\"en-GB\">Vid registrering och best\u00e4llning i v\u00e5r webshop godk\u00e4nner du att Nic &amp; Mel AB lagrar och anv\u00e4nder de personuppgifter du delar med oss, i enlighet med svensk lag, enbart i f\u00f6rh\u00e5llande till bolagets givna verksamhet och f\u00f6r att kunna fullg\u00f6ra v\u00e5ra \u00e5taganden gentemot dig som kund. Nic &amp; Mel AB \u00e5tar sig att skydda dina personuppgifter i enlighet med svensk lag och att endast anv\u00e4nda informationen vid hantering av best\u00e4llningar och f\u00f6r att erbjuda relevant marknadsf\u00f6ring via e-post och sms. Nic &amp; Mel AB f\u00f6rs\u00e4krar sina kunder att insamlad personlig information inte kommer att vidarebefordras, utbytas med eller publiceras av n\u00e5gon tredje part.<\/p>\n<p><span lang=\"en-GB\">Som kund hos oss kan du alltid avregistrera dig fr\u00e5n v\u00e5ra nyhetsbrev eller genom att kontakta v\u00e5r kundtj\u00e4nst: <a href=\"mailto:customer@nicandmel.com\">customer@nicandmel.com<\/a><\/span><\/p>\n<p lang=\"en-GB\">Du har ocks\u00e5 r\u00e4tt att ta del av dina registrerade personuppgifter hos oss, samt att f\u00e5 uppgifterna r\u00e4ttade eller raderade.<\/p>\n<h2>Tvister<\/h2>\n<p>\n    Om du som konsument har ett klagom\u00e5l som vi inte lyckats l\u00f6sa via v\u00e5r kundtj\u00e4nst kan du v\u00e4nda dig till en oberoende tvistl\u00f6sningsinstans.\n    I Sverige kan detta ske via Allm\u00e4nna reklamationsn\u00e4mnden (ARN).\n  <\/p>\n\n  <ul>\n    <li>\n      <strong>Allm\u00e4nna reklamationsn\u00e4mnden (ARN)<\/strong><br>\n      Adress: Box 174, 101&nbsp;23 Stockholm<br>\n      Webbplats: <a href=\"https:\/\/www.arn.se\" target=\"_blank\" rel=\"noopener\">arn.se<\/a>\n    <\/li>\n    <li>\n      <strong>EU:s onlineplattform f\u00f6r tvistl\u00f6sning (ODR)<\/strong><br>\n      F\u00f6r k\u00f6p inom EU kan du ocks\u00e5 anv\u00e4nda EU:s ODR-plattform:<br>\n      <a href=\"https:\/\/ec.europa.eu\/consumers\/odr\/\" target=\"_blank\" rel=\"noopener\">ec.europa.eu\/consumers\/odr\/<\/a>\n    <\/li>\n  <\/ul>\n\n  <p>\n    Denna m\u00f6jlighet p\u00e5verkar inte din lagstadgade r\u00e4tt att v\u00e4cka talan i svensk domstol d\u00e4r s\u00e5dan r\u00e4tt f\u00f6religger.\n  <\/p>\n\n  <p class=\"legal-note\">\n    Dessa villkor regleras av och ska tolkas i enlighet med svensk lag.\n  <\/p>\n<\/div>\n<\/div>\n<\/div>\n<\/div>\n<\/div>\n<\/div>\n<\/div>\n<\/div>\n<\/div>\n<\/div>\n<\/div>\n<\/div>\n","protected":false},"excerpt":{"rendered":"<p>Om L\u00e4s g\u00e4rna igenom v\u00e5ra villkor innan du g\u00f6r en best\u00e4llning i v\u00e5r webbshop. Vi f\u00f6ljer v\u00e5ra villkor i enlighet med svensk lag. Genom att l\u00e4gga en order i v\u00e5r webbshop godk\u00e4nner du d\u00e4rmed v\u00e5ra villkor enligt vad som anges h\u00e4r. Om du har ytterligare fr\u00e5gor \u00e4r du v\u00e4lkommen att kontakta v\u00e5r kundtj\u00e4nst h\u00e4r. Priser &hellip;<\/p>\n","protected":false},"author":2931,"featured_media":0,"parent":0,"menu_order":0,"comment_status":"closed","ping_status":"closed","template":"","meta":{"_acf_changed":false,"footnotes":""},"class_list":["post-18828","page","type-page","status-publish","hentry"],"acf":[],"yoast_head":"<!-- This site is optimized with the Yoast SEO plugin v27.4 - https:\/\/yoast.com\/product\/yoast-seo-wordpress\/ -->\n<title>VILLKOR OCH ANVISNINGAR - Nic &amp; Mel<\/title>\n<meta name=\"robots\" content=\"index, follow, max-snippet:-1, max-image-preview:large, max-video-preview:-1\" \/>\n<link rel=\"canonical\" href=\"https:\/\/nicandmel.com\/sv\/villkor-och-anvisningar\/\" \/>\n<meta property=\"og:locale\" content=\"sv_SE\" \/>\n<meta property=\"og:type\" content=\"article\" \/>\n<meta property=\"og:title\" content=\"VILLKOR OCH ANVISNINGAR - Nic &amp; Mel\" \/>\n<meta property=\"og:description\" content=\"Om L\u00e4s g\u00e4rna igenom v\u00e5ra villkor innan du g\u00f6r en best\u00e4llning i v\u00e5r webbshop. Vi f\u00f6ljer v\u00e5ra villkor i enlighet med svensk lag. Genom att l\u00e4gga en order i v\u00e5r webbshop godk\u00e4nner du d\u00e4rmed v\u00e5ra villkor enligt vad som anges h\u00e4r. Om du har ytterligare fr\u00e5gor \u00e4r du v\u00e4lkommen att kontakta v\u00e5r kundtj\u00e4nst h\u00e4r. Priser &hellip;\" \/>\n<meta property=\"og:url\" content=\"https:\/\/nicandmel.com\/sv\/villkor-och-anvisningar\/\" \/>\n<meta property=\"og:site_name\" content=\"Nic &amp; Mel\" \/>\n<meta property=\"article:publisher\" content=\"https:\/\/www.facebook.com\/nicandmel\" \/>\n<meta property=\"article:modified_time\" content=\"2025-10-22T03:40:55+00:00\" \/>\n<meta property=\"og:image\" content=\"https:\/\/nicandmel.com\/wp-content\/uploads\/2016\/05\/nom_logo_yellow.png\" \/>\n\t<meta property=\"og:image:width\" content=\"180\" \/>\n\t<meta property=\"og:image:height\" content=\"74\" \/>\n\t<meta property=\"og:image:type\" content=\"image\/png\" \/>\n<meta name=\"twitter:card\" content=\"summary_large_image\" \/>\n<meta name=\"twitter:label1\" content=\"Ber\u00e4knad l\u00e4stid\" \/>\n\t<meta name=\"twitter:data1\" content=\"5 minuter\" \/>\n<script type=\"application\/ld+json\" class=\"yoast-schema-graph\">{\"@context\":\"https:\\\/\\\/schema.org\",\"@graph\":[{\"@type\":\"WebPage\",\"@id\":\"https:\\\/\\\/nicandmel.com\\\/sv\\\/villkor-och-anvisningar\\\/\",\"url\":\"https:\\\/\\\/nicandmel.com\\\/sv\\\/villkor-och-anvisningar\\\/\",\"name\":\"VILLKOR OCH ANVISNINGAR - Nic &amp; Mel\",\"isPartOf\":{\"@id\":\"https:\\\/\\\/nicandmel.com\\\/sv\\\/#website\"},\"datePublished\":\"2024-02-18T11:01:14+00:00\",\"dateModified\":\"2025-10-22T03:40:55+00:00\",\"breadcrumb\":{\"@id\":\"https:\\\/\\\/nicandmel.com\\\/sv\\\/villkor-och-anvisningar\\\/#breadcrumb\"},\"inLanguage\":\"sv-SE\",\"potentialAction\":[{\"@type\":\"ReadAction\",\"target\":[\"https:\\\/\\\/nicandmel.com\\\/sv\\\/villkor-och-anvisningar\\\/\"]}]},{\"@type\":\"BreadcrumbList\",\"@id\":\"https:\\\/\\\/nicandmel.com\\\/sv\\\/villkor-och-anvisningar\\\/#breadcrumb\",\"itemListElement\":[{\"@type\":\"ListItem\",\"position\":1,\"name\":\"Home\",\"item\":\"https:\\\/\\\/nicandmel.com\\\/sv\\\/\"},{\"@type\":\"ListItem\",\"position\":2,\"name\":\"VILLKOR OCH ANVISNINGAR\"}]},{\"@type\":\"WebSite\",\"@id\":\"https:\\\/\\\/nicandmel.com\\\/sv\\\/#website\",\"url\":\"https:\\\/\\\/nicandmel.com\\\/sv\\\/\",\"name\":\"Nic & Mel\",\"description\":\"Handmade leather goods\",\"publisher\":{\"@id\":\"https:\\\/\\\/nicandmel.com\\\/sv\\\/#organization\"},\"potentialAction\":[{\"@type\":\"SearchAction\",\"target\":{\"@type\":\"EntryPoint\",\"urlTemplate\":\"https:\\\/\\\/nicandmel.com\\\/sv\\\/?s={search_term_string}\"},\"query-input\":{\"@type\":\"PropertyValueSpecification\",\"valueRequired\":true,\"valueName\":\"search_term_string\"}}],\"inLanguage\":\"sv-SE\"},{\"@type\":\"Organization\",\"@id\":\"https:\\\/\\\/nicandmel.com\\\/sv\\\/#organization\",\"name\":\"Nic & Mel\",\"url\":\"https:\\\/\\\/nicandmel.com\\\/sv\\\/\",\"logo\":{\"@type\":\"ImageObject\",\"inLanguage\":\"sv-SE\",\"@id\":\"https:\\\/\\\/nicandmel.com\\\/sv\\\/#\\\/schema\\\/logo\\\/image\\\/\",\"url\":\"https:\\\/\\\/nicandmel.com\\\/wp-content\\\/uploads\\\/2021\\\/07\\\/nic_and_mel_logo.png\",\"contentUrl\":\"https:\\\/\\\/nicandmel.com\\\/wp-content\\\/uploads\\\/2021\\\/07\\\/nic_and_mel_logo.png\",\"width\":1237,\"height\":263,\"caption\":\"Nic & Mel\"},\"image\":{\"@id\":\"https:\\\/\\\/nicandmel.com\\\/sv\\\/#\\\/schema\\\/logo\\\/image\\\/\"},\"sameAs\":[\"https:\\\/\\\/www.facebook.com\\\/nicandmel\"]}]}<\/script>\n<!-- \/ Yoast SEO plugin. -->","yoast_head_json":{"title":"VILLKOR OCH ANVISNINGAR - Nic &amp; Mel","robots":{"index":"index","follow":"follow","max-snippet":"max-snippet:-1","max-image-preview":"max-image-preview:large","max-video-preview":"max-video-preview:-1"},"canonical":"https:\/\/nicandmel.com\/sv\/villkor-och-anvisningar\/","og_locale":"sv_SE","og_type":"article","og_title":"VILLKOR OCH ANVISNINGAR - Nic &amp; Mel","og_description":"Om L\u00e4s g\u00e4rna igenom v\u00e5ra villkor innan du g\u00f6r en best\u00e4llning i v\u00e5r webbshop. Vi f\u00f6ljer v\u00e5ra villkor i enlighet med svensk lag. Genom att l\u00e4gga en order i v\u00e5r webbshop godk\u00e4nner du d\u00e4rmed v\u00e5ra villkor enligt vad som anges h\u00e4r. Om du har ytterligare fr\u00e5gor \u00e4r du v\u00e4lkommen att kontakta v\u00e5r kundtj\u00e4nst h\u00e4r. Priser &hellip;","og_url":"https:\/\/nicandmel.com\/sv\/villkor-och-anvisningar\/","og_site_name":"Nic &amp; Mel","article_publisher":"https:\/\/www.facebook.com\/nicandmel","article_modified_time":"2025-10-22T03:40:55+00:00","og_image":[{"width":180,"height":74,"url":"https:\/\/nicandmel.com\/wp-content\/uploads\/2016\/05\/nom_logo_yellow.png","type":"image\/png"}],"twitter_card":"summary_large_image","twitter_misc":{"Ber\u00e4knad l\u00e4stid":"5 minuter"},"schema":{"@context":"https:\/\/schema.org","@graph":[{"@type":"WebPage","@id":"https:\/\/nicandmel.com\/sv\/villkor-och-anvisningar\/","url":"https:\/\/nicandmel.com\/sv\/villkor-och-anvisningar\/","name":"VILLKOR OCH ANVISNINGAR - Nic &amp; Mel","isPartOf":{"@id":"https:\/\/nicandmel.com\/sv\/#website"},"datePublished":"2024-02-18T11:01:14+00:00","dateModified":"2025-10-22T03:40:55+00:00","breadcrumb":{"@id":"https:\/\/nicandmel.com\/sv\/villkor-och-anvisningar\/#breadcrumb"},"inLanguage":"sv-SE","potentialAction":[{"@type":"ReadAction","target":["https:\/\/nicandmel.com\/sv\/villkor-och-anvisningar\/"]}]},{"@type":"BreadcrumbList","@id":"https:\/\/nicandmel.com\/sv\/villkor-och-anvisningar\/#breadcrumb","itemListElement":[{"@type":"ListItem","position":1,"name":"Home","item":"https:\/\/nicandmel.com\/sv\/"},{"@type":"ListItem","position":2,"name":"VILLKOR OCH ANVISNINGAR"}]},{"@type":"WebSite","@id":"https:\/\/nicandmel.com\/sv\/#website","url":"https:\/\/nicandmel.com\/sv\/","name":"Nic & Mel","description":"Handmade leather goods","publisher":{"@id":"https:\/\/nicandmel.com\/sv\/#organization"},"potentialAction":[{"@type":"SearchAction","target":{"@type":"EntryPoint","urlTemplate":"https:\/\/nicandmel.com\/sv\/?s={search_term_string}"},"query-input":{"@type":"PropertyValueSpecification","valueRequired":true,"valueName":"search_term_string"}}],"inLanguage":"sv-SE"},{"@type":"Organization","@id":"https:\/\/nicandmel.com\/sv\/#organization","name":"Nic & Mel","url":"https:\/\/nicandmel.com\/sv\/","logo":{"@type":"ImageObject","inLanguage":"sv-SE","@id":"https:\/\/nicandmel.com\/sv\/#\/schema\/logo\/image\/","url":"https:\/\/nicandmel.com\/wp-content\/uploads\/2021\/07\/nic_and_mel_logo.png","contentUrl":"https:\/\/nicandmel.com\/wp-content\/uploads\/2021\/07\/nic_and_mel_logo.png","width":1237,"height":263,"caption":"Nic & Mel"},"image":{"@id":"https:\/\/nicandmel.com\/sv\/#\/schema\/logo\/image\/"},"sameAs":["https:\/\/www.facebook.com\/nicandmel"]}]}},"_links":{"self":[{"href":"https:\/\/nicandmel.com\/sv\/wp-json\/wp\/v2\/pages\/18828","targetHints":{"allow":["GET"]}}],"collection":[{"href":"https:\/\/nicandmel.com\/sv\/wp-json\/wp\/v2\/pages"}],"about":[{"href":"https:\/\/nicandmel.com\/sv\/wp-json\/wp\/v2\/types\/page"}],"author":[{"embeddable":true,"href":"https:\/\/nicandmel.com\/sv\/wp-json\/wp\/v2\/users\/2931"}],"replies":[{"embeddable":true,"href":"https:\/\/nicandmel.com\/sv\/wp-json\/wp\/v2\/comments?post=18828"}],"version-history":[{"count":3,"href":"https:\/\/nicandmel.com\/sv\/wp-json\/wp\/v2\/pages\/18828\/revisions"}],"predecessor-version":[{"id":20559,"href":"https:\/\/nicandmel.com\/sv\/wp-json\/wp\/v2\/pages\/18828\/revisions\/20559"}],"wp:attachment":[{"href":"https:\/\/nicandmel.com\/sv\/wp-json\/wp\/v2\/media?parent=18828"}],"curies":[{"name":"wp","href":"https:\/\/api.w.org\/{rel}","templated":true}]}}