{"id":14065,"date":"2024-02-08T12:29:25","date_gmt":"2024-02-08T11:29:25","guid":{"rendered":"https:\/\/nicandmel.com\/?post_type=product&#038;p=14065"},"modified":"2024-10-18T13:43:20","modified_gmt":"2024-10-18T11:43:20","slug":"nixon-armbandsur-i-brunt-lader","status":"publish","type":"product","link":"https:\/\/nicandmel.com\/sv\/produkt\/nixon-armbandsur-i-brunt-lader\/","title":{"rendered":"Nixon, armbandsur i brunt l\u00e4der"},"content":{"rendered":"<div class=\"flex flex-grow flex-col max-w-full\">\n<div class=\"min-h-[20px] text-message flex flex-col items-start gap-3 whitespace-pre-wrap break-words [.text-message+&amp;]:mt-5 overflow-x-auto\" data-message-author-role=\"assistant\" data-message-id=\"3bec4ce7-65b7-45d7-b481-8eb6e16368da\">\n<div class=\"markdown prose w-full break-words dark:prose-invert dark\">\n<p>Nixon \u00e4r en stabil klocka tillverkad av rostfritt st\u00e5l. Den har en rund urtavla i off-white, med visare i silver. Klockan har en upph\u00f6jd infattning gjord av glas.<\/p>\n<p>Armbandet \u00e4r tillverkat av m\u00f6rkbrunt kalvskinn med r\u00e5a kanter och ett sp\u00e4nne i rostfritt st\u00e5l.<\/p>\n<p>Alla v\u00e5ra klockor \u00e4r nickelfria och levereras i en exklusiv Nic &amp; Mel-l\u00e5da.<\/p>\n<\/div>\n<\/div>\n<\/div>\n","protected":false},"excerpt":{"rendered":"<div class=\"flex flex-grow flex-col max-w-full\">\n<div class=\"min-h-[20px] text-message flex flex-col items-start gap-3 whitespace-pre-wrap break-words [.text-message+&amp;]:mt-5 overflow-x-auto\" data-message-author-role=\"assistant\" data-message-id=\"f00d4707-7c0a-4017-a26e-da9b83a7cf47\">\n<div class=\"markdown prose w-full break-words dark:prose-invert dark\">\n<p>Uppt\u00e4ck elegansen och h\u00e5llbarheten hos Nixon-klockan, en tidl\u00f6s accessoar som kombinerar funktionalitet med en sofistikerad design. Tillverkad med precision av rostfritt st\u00e5l, garanterar denna klocka b\u00e5de styrka och stil. Dess rundade urtavla i en diskret off-white nyans framh\u00e4vs av eleganta silverf\u00e4rgade visare, som tillf\u00f6r en touch av klass till varje tillf\u00e4lle. En unik detalj \u00e4r den upph\u00f6jda infattningen av glas, som inte bara skyddar urtavlan utan ocks\u00e5 bidrar till klockans distinkta utseende.<\/p>\n<\/div>\n<\/div>\n<\/div>\n","protected":false},"featured_media":14922,"template":"","meta":{"_acf_changed":false},"product_brand":[],"product_cat":[19],"product_tag":[],"class_list":{"0":"post-14065","1":"product","2":"type-product","3":"status-publish","4":"has-post-thumbnail","6":"product_cat-mobile","8":"first","9":"instock","10":"taxable","11":"shipping-taxable","12":"purchasable","13":"product-type-simple"},"acf":[],"yoast_head":"<!-- This site is optimized with the Yoast SEO plugin v27.3 - https:\/\/yoast.com\/product\/yoast-seo-wordpress\/ -->\n<title>Nixon, armbandsur i brunt l\u00e4der - Nic &amp; Mel<\/title>\n<meta name=\"robots\" content=\"index, follow, max-snippet:-1, max-image-preview:large, max-video-preview:-1\" \/>\n<link rel=\"canonical\" href=\"https:\/\/nicandmel.com\/sv\/produkt\/nixon-armbandsur-i-brunt-lader\/\" \/>\n<meta property=\"og:locale\" content=\"sv_SE\" \/>\n<meta property=\"og:type\" content=\"article\" \/>\n<meta property=\"og:title\" content=\"Nixon, armbandsur i brunt l\u00e4der - Nic &amp; Mel\" \/>\n<meta property=\"og:description\" content=\"Uppt\u00e4ck elegansen och h\u00e5llbarheten hos Nixon-klockan, en tidl\u00f6s accessoar som kombinerar funktionalitet med en sofistikerad design. Tillverkad med precision av rostfritt st\u00e5l, garanterar denna klocka b\u00e5de styrka och stil. Dess rundade urtavla i en diskret off-white nyans framh\u00e4vs av eleganta silverf\u00e4rgade visare, som tillf\u00f6r en touch av klass till varje tillf\u00e4lle. En unik detalj \u00e4r den upph\u00f6jda infattningen av glas, som inte bara skyddar urtavlan utan ocks\u00e5 bidrar till klockans distinkta utseende.\" \/>\n<meta property=\"og:url\" content=\"https:\/\/nicandmel.com\/sv\/produkt\/nixon-armbandsur-i-brunt-lader\/\" \/>\n<meta property=\"og:site_name\" content=\"Nic &amp; Mel\" \/>\n<meta property=\"article:publisher\" content=\"https:\/\/www.facebook.com\/nicandmel\" \/>\n<meta property=\"article:modified_time\" content=\"2024-10-18T11:43:20+00:00\" \/>\n<meta property=\"og:image\" content=\"https:\/\/nicandmel.com\/wp-content\/uploads\/2016\/09\/nixon.jpg\" \/>\n\t<meta property=\"og:image:width\" content=\"759\" \/>\n\t<meta property=\"og:image:height\" content=\"1279\" \/>\n\t<meta property=\"og:image:type\" content=\"image\/jpeg\" \/>\n<meta name=\"twitter:card\" content=\"summary_large_image\" \/>\n<script type=\"application\/ld+json\" class=\"yoast-schema-graph\">{\"@context\":\"https:\\\/\\\/schema.org\",\"@graph\":[{\"@type\":\"WebPage\",\"@id\":\"https:\\\/\\\/nicandmel.com\\\/sv\\\/produkt\\\/nixon-armbandsur-i-brunt-lader\\\/\",\"url\":\"https:\\\/\\\/nicandmel.com\\\/sv\\\/produkt\\\/nixon-armbandsur-i-brunt-lader\\\/\",\"name\":\"Nixon, armbandsur i brunt l\u00e4der - Nic &amp; Mel\",\"isPartOf\":{\"@id\":\"https:\\\/\\\/nicandmel.com\\\/sv\\\/#website\"},\"primaryImageOfPage\":{\"@id\":\"https:\\\/\\\/nicandmel.com\\\/sv\\\/produkt\\\/nixon-armbandsur-i-brunt-lader\\\/#primaryimage\"},\"image\":{\"@id\":\"https:\\\/\\\/nicandmel.com\\\/sv\\\/produkt\\\/nixon-armbandsur-i-brunt-lader\\\/#primaryimage\"},\"thumbnailUrl\":\"https:\\\/\\\/nicandmel.com\\\/wp-content\\\/uploads\\\/2016\\\/09\\\/nixon.jpg\",\"datePublished\":\"2024-02-08T11:29:25+00:00\",\"dateModified\":\"2024-10-18T11:43:20+00:00\",\"breadcrumb\":{\"@id\":\"https:\\\/\\\/nicandmel.com\\\/sv\\\/produkt\\\/nixon-armbandsur-i-brunt-lader\\\/#breadcrumb\"},\"inLanguage\":\"sv-SE\",\"potentialAction\":[{\"@type\":\"ReadAction\",\"target\":[\"https:\\\/\\\/nicandmel.com\\\/sv\\\/produkt\\\/nixon-armbandsur-i-brunt-lader\\\/\"]}]},{\"@type\":\"ImageObject\",\"inLanguage\":\"sv-SE\",\"@id\":\"https:\\\/\\\/nicandmel.com\\\/sv\\\/produkt\\\/nixon-armbandsur-i-brunt-lader\\\/#primaryimage\",\"url\":\"https:\\\/\\\/nicandmel.com\\\/wp-content\\\/uploads\\\/2016\\\/09\\\/nixon.jpg\",\"contentUrl\":\"https:\\\/\\\/nicandmel.com\\\/wp-content\\\/uploads\\\/2016\\\/09\\\/nixon.jpg\",\"width\":759,\"height\":1279},{\"@type\":\"BreadcrumbList\",\"@id\":\"https:\\\/\\\/nicandmel.com\\\/sv\\\/produkt\\\/nixon-armbandsur-i-brunt-lader\\\/#breadcrumb\",\"itemListElement\":[{\"@type\":\"ListItem\",\"position\":1,\"name\":\"Home\",\"item\":\"https:\\\/\\\/nicandmel.com\\\/sv\\\/\"},{\"@type\":\"ListItem\",\"position\":2,\"name\":\"Butik\",\"item\":\"https:\\\/\\\/nicandmel.com\\\/sv\\\/butik\\\/\"},{\"@type\":\"ListItem\",\"position\":3,\"name\":\"Nixon, armbandsur i brunt l\u00e4der\"}]},{\"@type\":\"WebSite\",\"@id\":\"https:\\\/\\\/nicandmel.com\\\/sv\\\/#website\",\"url\":\"https:\\\/\\\/nicandmel.com\\\/sv\\\/\",\"name\":\"Nic & Mel\",\"description\":\"Handmade leather goods\",\"publisher\":{\"@id\":\"https:\\\/\\\/nicandmel.com\\\/sv\\\/#organization\"},\"potentialAction\":[{\"@type\":\"SearchAction\",\"target\":{\"@type\":\"EntryPoint\",\"urlTemplate\":\"https:\\\/\\\/nicandmel.com\\\/sv\\\/?s={search_term_string}\"},\"query-input\":{\"@type\":\"PropertyValueSpecification\",\"valueRequired\":true,\"valueName\":\"search_term_string\"}}],\"inLanguage\":\"sv-SE\"},{\"@type\":\"Organization\",\"@id\":\"https:\\\/\\\/nicandmel.com\\\/sv\\\/#organization\",\"name\":\"Nic & Mel\",\"url\":\"https:\\\/\\\/nicandmel.com\\\/sv\\\/\",\"logo\":{\"@type\":\"ImageObject\",\"inLanguage\":\"sv-SE\",\"@id\":\"https:\\\/\\\/nicandmel.com\\\/sv\\\/#\\\/schema\\\/logo\\\/image\\\/\",\"url\":\"https:\\\/\\\/nicandmel.com\\\/wp-content\\\/uploads\\\/2021\\\/07\\\/nic_and_mel_logo.png\",\"contentUrl\":\"https:\\\/\\\/nicandmel.com\\\/wp-content\\\/uploads\\\/2021\\\/07\\\/nic_and_mel_logo.png\",\"width\":1237,\"height\":263,\"caption\":\"Nic & Mel\"},\"image\":{\"@id\":\"https:\\\/\\\/nicandmel.com\\\/sv\\\/#\\\/schema\\\/logo\\\/image\\\/\"},\"sameAs\":[\"https:\\\/\\\/www.facebook.com\\\/nicandmel\"]}]}<\/script>\n<!-- \/ Yoast SEO plugin. -->","yoast_head_json":{"title":"Nixon, armbandsur i brunt l\u00e4der - Nic &amp; Mel","robots":{"index":"index","follow":"follow","max-snippet":"max-snippet:-1","max-image-preview":"max-image-preview:large","max-video-preview":"max-video-preview:-1"},"canonical":"https:\/\/nicandmel.com\/sv\/produkt\/nixon-armbandsur-i-brunt-lader\/","og_locale":"sv_SE","og_type":"article","og_title":"Nixon, armbandsur i brunt l\u00e4der - Nic &amp; Mel","og_description":"Uppt\u00e4ck elegansen och h\u00e5llbarheten hos Nixon-klockan, en tidl\u00f6s accessoar som kombinerar funktionalitet med en sofistikerad design. Tillverkad med precision av rostfritt st\u00e5l, garanterar denna klocka b\u00e5de styrka och stil. Dess rundade urtavla i en diskret off-white nyans framh\u00e4vs av eleganta silverf\u00e4rgade visare, som tillf\u00f6r en touch av klass till varje tillf\u00e4lle. En unik detalj \u00e4r den upph\u00f6jda infattningen av glas, som inte bara skyddar urtavlan utan ocks\u00e5 bidrar till klockans distinkta utseende.","og_url":"https:\/\/nicandmel.com\/sv\/produkt\/nixon-armbandsur-i-brunt-lader\/","og_site_name":"Nic &amp; Mel","article_publisher":"https:\/\/www.facebook.com\/nicandmel","article_modified_time":"2024-10-18T11:43:20+00:00","og_image":[{"width":759,"height":1279,"url":"https:\/\/nicandmel.com\/wp-content\/uploads\/2016\/09\/nixon.jpg","type":"image\/jpeg"}],"twitter_card":"summary_large_image","schema":{"@context":"https:\/\/schema.org","@graph":[{"@type":"WebPage","@id":"https:\/\/nicandmel.com\/sv\/produkt\/nixon-armbandsur-i-brunt-lader\/","url":"https:\/\/nicandmel.com\/sv\/produkt\/nixon-armbandsur-i-brunt-lader\/","name":"Nixon, armbandsur i brunt l\u00e4der - Nic &amp; Mel","isPartOf":{"@id":"https:\/\/nicandmel.com\/sv\/#website"},"primaryImageOfPage":{"@id":"https:\/\/nicandmel.com\/sv\/produkt\/nixon-armbandsur-i-brunt-lader\/#primaryimage"},"image":{"@id":"https:\/\/nicandmel.com\/sv\/produkt\/nixon-armbandsur-i-brunt-lader\/#primaryimage"},"thumbnailUrl":"https:\/\/nicandmel.com\/wp-content\/uploads\/2016\/09\/nixon.jpg","datePublished":"2024-02-08T11:29:25+00:00","dateModified":"2024-10-18T11:43:20+00:00","breadcrumb":{"@id":"https:\/\/nicandmel.com\/sv\/produkt\/nixon-armbandsur-i-brunt-lader\/#breadcrumb"},"inLanguage":"sv-SE","potentialAction":[{"@type":"ReadAction","target":["https:\/\/nicandmel.com\/sv\/produkt\/nixon-armbandsur-i-brunt-lader\/"]}]},{"@type":"ImageObject","inLanguage":"sv-SE","@id":"https:\/\/nicandmel.com\/sv\/produkt\/nixon-armbandsur-i-brunt-lader\/#primaryimage","url":"https:\/\/nicandmel.com\/wp-content\/uploads\/2016\/09\/nixon.jpg","contentUrl":"https:\/\/nicandmel.com\/wp-content\/uploads\/2016\/09\/nixon.jpg","width":759,"height":1279},{"@type":"BreadcrumbList","@id":"https:\/\/nicandmel.com\/sv\/produkt\/nixon-armbandsur-i-brunt-lader\/#breadcrumb","itemListElement":[{"@type":"ListItem","position":1,"name":"Home","item":"https:\/\/nicandmel.com\/sv\/"},{"@type":"ListItem","position":2,"name":"Butik","item":"https:\/\/nicandmel.com\/sv\/butik\/"},{"@type":"ListItem","position":3,"name":"Nixon, armbandsur i brunt l\u00e4der"}]},{"@type":"WebSite","@id":"https:\/\/nicandmel.com\/sv\/#website","url":"https:\/\/nicandmel.com\/sv\/","name":"Nic & Mel","description":"Handmade leather goods","publisher":{"@id":"https:\/\/nicandmel.com\/sv\/#organization"},"potentialAction":[{"@type":"SearchAction","target":{"@type":"EntryPoint","urlTemplate":"https:\/\/nicandmel.com\/sv\/?s={search_term_string}"},"query-input":{"@type":"PropertyValueSpecification","valueRequired":true,"valueName":"search_term_string"}}],"inLanguage":"sv-SE"},{"@type":"Organization","@id":"https:\/\/nicandmel.com\/sv\/#organization","name":"Nic & Mel","url":"https:\/\/nicandmel.com\/sv\/","logo":{"@type":"ImageObject","inLanguage":"sv-SE","@id":"https:\/\/nicandmel.com\/sv\/#\/schema\/logo\/image\/","url":"https:\/\/nicandmel.com\/wp-content\/uploads\/2021\/07\/nic_and_mel_logo.png","contentUrl":"https:\/\/nicandmel.com\/wp-content\/uploads\/2021\/07\/nic_and_mel_logo.png","width":1237,"height":263,"caption":"Nic & Mel"},"image":{"@id":"https:\/\/nicandmel.com\/sv\/#\/schema\/logo\/image\/"},"sameAs":["https:\/\/www.facebook.com\/nicandmel"]}]}},"_links":{"self":[{"href":"https:\/\/nicandmel.com\/sv\/wp-json\/wp\/v2\/product\/14065","targetHints":{"allow":["GET"]}}],"collection":[{"href":"https:\/\/nicandmel.com\/sv\/wp-json\/wp\/v2\/product"}],"about":[{"href":"https:\/\/nicandmel.com\/sv\/wp-json\/wp\/v2\/types\/product"}],"wp:featuredmedia":[{"embeddable":true,"href":"https:\/\/nicandmel.com\/sv\/wp-json\/wp\/v2\/media\/14922"}],"wp:attachment":[{"href":"https:\/\/nicandmel.com\/sv\/wp-json\/wp\/v2\/media?parent=14065"}],"wp:term":[{"taxonomy":"product_brand","embeddable":true,"href":"https:\/\/nicandmel.com\/sv\/wp-json\/wp\/v2\/product_brand?post=14065"},{"taxonomy":"product_cat","embeddable":true,"href":"https:\/\/nicandmel.com\/sv\/wp-json\/wp\/v2\/product_cat?post=14065"},{"taxonomy":"product_tag","embeddable":true,"href":"https:\/\/nicandmel.com\/sv\/wp-json\/wp\/v2\/product_tag?post=14065"}],"curies":[{"name":"wp","href":"https:\/\/api.w.org\/{rel}","templated":true}]}}