{"id":14709,"date":"2024-02-20T08:58:51","date_gmt":"2024-02-20T07:58:51","guid":{"rendered":"https:\/\/nicandmel.com\/?post_type=product&#038;p=14709"},"modified":"2024-12-14T11:45:18","modified_gmt":"2024-12-14T10:45:18","slug":"floyd-mobilskal-med-korthallare-i-brunt-lader-till-iphone-6-6s","status":"publish","type":"product","link":"https:\/\/nicandmel.com\/sv\/produkt\/floyd-mobilskal-med-korthallare-i-brunt-lader-till-iphone-6-6s\/","title":{"rendered":"Floyd mobilskal med korth\u00e5llare i brunt l\u00e4der till iPhone 6\/6S"},"content":{"rendered":"<p>Floyd hardcase \u00e4r ett skyddsfodral f\u00f6r din iPhone. Det \u00e4r tillverkat av PVC och har trubbiga kanter f\u00f6r ett b\u00e4ttre grepp samt en patinerad l\u00e4derbaksida med ett fack f\u00f6r 1-2 kort. Detta fodral \u00e4r f\u00f6r n\u00e4r du bara vill ta med dig din telefon och de viktigaste korten.<\/p>\n<p>Passar till iPhone 6\/7\/8<br \/>\nMaterial: PVC och \u00e4kta l\u00e4der.<\/p>\n<p>Observera att kortfickan rymmer h\u00f6gst 2 kort.<\/p>\n","protected":false},"excerpt":{"rendered":"<p>Floyd \u00e4r b\u00e5de praktiskt och stilfullt. Ta med dig din telefon och de viktigaste korten n\u00e4r du \u00e4r p\u00e5 spr\u00e5ng.<\/p>\n","protected":false},"featured_media":14710,"template":"","meta":{"_acf_changed":false},"product_brand":[],"product_cat":[1813],"product_tag":[],"class_list":{"0":"post-14709","1":"product","2":"type-product","3":"status-publish","4":"has-post-thumbnail","6":"product_cat-mobiltillbehor","8":"first","9":"instock","10":"taxable","11":"shipping-taxable","12":"purchasable","13":"product-type-simple"},"acf":[],"yoast_head":"<!-- This site is optimized with the Yoast SEO plugin v27.3 - https:\/\/yoast.com\/product\/yoast-seo-wordpress\/ -->\n<title>Floyd mobilskal med korth\u00e5llare i brunt l\u00e4der till iPhone 6\/6S - Nic &amp; Mel<\/title>\n<meta name=\"robots\" content=\"index, follow, max-snippet:-1, max-image-preview:large, max-video-preview:-1\" \/>\n<link rel=\"canonical\" href=\"https:\/\/nicandmel.com\/sv\/produkt\/floyd-mobilskal-med-korthallare-i-brunt-lader-till-iphone-6-6s\/\" \/>\n<meta property=\"og:locale\" content=\"sv_SE\" \/>\n<meta property=\"og:type\" content=\"article\" \/>\n<meta property=\"og:title\" content=\"Floyd mobilskal med korth\u00e5llare i brunt l\u00e4der till iPhone 6\/6S - Nic &amp; Mel\" \/>\n<meta property=\"og:description\" content=\"Floyd \u00e4r b\u00e5de praktiskt och stilfullt. Ta med dig din telefon och de viktigaste korten n\u00e4r du \u00e4r p\u00e5 spr\u00e5ng.\" \/>\n<meta property=\"og:url\" content=\"https:\/\/nicandmel.com\/sv\/produkt\/floyd-mobilskal-med-korthallare-i-brunt-lader-till-iphone-6-6s\/\" \/>\n<meta property=\"og:site_name\" content=\"Nic &amp; Mel\" \/>\n<meta property=\"article:publisher\" content=\"https:\/\/www.facebook.com\/nicandmel\" \/>\n<meta property=\"article:modified_time\" content=\"2024-12-14T10:45:18+00:00\" \/>\n<meta property=\"og:image\" content=\"https:\/\/nicandmel.com\/wp-content\/uploads\/2016\/06\/Floyd-hardcase-cognac.jpg\" \/>\n\t<meta property=\"og:image:width\" content=\"2000\" \/>\n\t<meta property=\"og:image:height\" content=\"1371\" \/>\n\t<meta property=\"og:image:type\" content=\"image\/jpeg\" \/>\n<meta name=\"twitter:card\" content=\"summary_large_image\" \/>\n<meta name=\"twitter:label1\" content=\"Ber\u00e4knad l\u00e4stid\" \/>\n\t<meta name=\"twitter:data1\" content=\"1 minut\" \/>\n<script type=\"application\/ld+json\" class=\"yoast-schema-graph\">{\"@context\":\"https:\\\/\\\/schema.org\",\"@graph\":[{\"@type\":\"WebPage\",\"@id\":\"https:\\\/\\\/nicandmel.com\\\/sv\\\/produkt\\\/floyd-mobilskal-med-korthallare-i-brunt-lader-till-iphone-6-6s\\\/\",\"url\":\"https:\\\/\\\/nicandmel.com\\\/sv\\\/produkt\\\/floyd-mobilskal-med-korthallare-i-brunt-lader-till-iphone-6-6s\\\/\",\"name\":\"Floyd mobilskal med korth\u00e5llare i brunt l\u00e4der till iPhone 6\\\/6S - Nic &amp; Mel\",\"isPartOf\":{\"@id\":\"https:\\\/\\\/nicandmel.com\\\/sv\\\/#website\"},\"primaryImageOfPage\":{\"@id\":\"https:\\\/\\\/nicandmel.com\\\/sv\\\/produkt\\\/floyd-mobilskal-med-korthallare-i-brunt-lader-till-iphone-6-6s\\\/#primaryimage\"},\"image\":{\"@id\":\"https:\\\/\\\/nicandmel.com\\\/sv\\\/produkt\\\/floyd-mobilskal-med-korthallare-i-brunt-lader-till-iphone-6-6s\\\/#primaryimage\"},\"thumbnailUrl\":\"https:\\\/\\\/nicandmel.com\\\/wp-content\\\/uploads\\\/2016\\\/06\\\/Floyd-hardcase-cognac.jpg\",\"datePublished\":\"2024-02-20T07:58:51+00:00\",\"dateModified\":\"2024-12-14T10:45:18+00:00\",\"breadcrumb\":{\"@id\":\"https:\\\/\\\/nicandmel.com\\\/sv\\\/produkt\\\/floyd-mobilskal-med-korthallare-i-brunt-lader-till-iphone-6-6s\\\/#breadcrumb\"},\"inLanguage\":\"sv-SE\",\"potentialAction\":[{\"@type\":\"ReadAction\",\"target\":[\"https:\\\/\\\/nicandmel.com\\\/sv\\\/produkt\\\/floyd-mobilskal-med-korthallare-i-brunt-lader-till-iphone-6-6s\\\/\"]}]},{\"@type\":\"ImageObject\",\"inLanguage\":\"sv-SE\",\"@id\":\"https:\\\/\\\/nicandmel.com\\\/sv\\\/produkt\\\/floyd-mobilskal-med-korthallare-i-brunt-lader-till-iphone-6-6s\\\/#primaryimage\",\"url\":\"https:\\\/\\\/nicandmel.com\\\/wp-content\\\/uploads\\\/2016\\\/06\\\/Floyd-hardcase-cognac.jpg\",\"contentUrl\":\"https:\\\/\\\/nicandmel.com\\\/wp-content\\\/uploads\\\/2016\\\/06\\\/Floyd-hardcase-cognac.jpg\",\"width\":2000,\"height\":1371},{\"@type\":\"BreadcrumbList\",\"@id\":\"https:\\\/\\\/nicandmel.com\\\/sv\\\/produkt\\\/floyd-mobilskal-med-korthallare-i-brunt-lader-till-iphone-6-6s\\\/#breadcrumb\",\"itemListElement\":[{\"@type\":\"ListItem\",\"position\":1,\"name\":\"Home\",\"item\":\"https:\\\/\\\/nicandmel.com\\\/sv\\\/\"},{\"@type\":\"ListItem\",\"position\":2,\"name\":\"Butik\",\"item\":\"https:\\\/\\\/nicandmel.com\\\/sv\\\/butik\\\/\"},{\"@type\":\"ListItem\",\"position\":3,\"name\":\"Floyd mobilskal med korth\u00e5llare i brunt l\u00e4der till iPhone 6\\\/6S\"}]},{\"@type\":\"WebSite\",\"@id\":\"https:\\\/\\\/nicandmel.com\\\/sv\\\/#website\",\"url\":\"https:\\\/\\\/nicandmel.com\\\/sv\\\/\",\"name\":\"Nic & Mel\",\"description\":\"Handmade leather goods\",\"publisher\":{\"@id\":\"https:\\\/\\\/nicandmel.com\\\/sv\\\/#organization\"},\"potentialAction\":[{\"@type\":\"SearchAction\",\"target\":{\"@type\":\"EntryPoint\",\"urlTemplate\":\"https:\\\/\\\/nicandmel.com\\\/sv\\\/?s={search_term_string}\"},\"query-input\":{\"@type\":\"PropertyValueSpecification\",\"valueRequired\":true,\"valueName\":\"search_term_string\"}}],\"inLanguage\":\"sv-SE\"},{\"@type\":\"Organization\",\"@id\":\"https:\\\/\\\/nicandmel.com\\\/sv\\\/#organization\",\"name\":\"Nic & Mel\",\"url\":\"https:\\\/\\\/nicandmel.com\\\/sv\\\/\",\"logo\":{\"@type\":\"ImageObject\",\"inLanguage\":\"sv-SE\",\"@id\":\"https:\\\/\\\/nicandmel.com\\\/sv\\\/#\\\/schema\\\/logo\\\/image\\\/\",\"url\":\"https:\\\/\\\/nicandmel.com\\\/wp-content\\\/uploads\\\/2021\\\/07\\\/nic_and_mel_logo.png\",\"contentUrl\":\"https:\\\/\\\/nicandmel.com\\\/wp-content\\\/uploads\\\/2021\\\/07\\\/nic_and_mel_logo.png\",\"width\":1237,\"height\":263,\"caption\":\"Nic & Mel\"},\"image\":{\"@id\":\"https:\\\/\\\/nicandmel.com\\\/sv\\\/#\\\/schema\\\/logo\\\/image\\\/\"},\"sameAs\":[\"https:\\\/\\\/www.facebook.com\\\/nicandmel\"]}]}<\/script>\n<!-- \/ Yoast SEO plugin. -->","yoast_head_json":{"title":"Floyd mobilskal med korth\u00e5llare i brunt l\u00e4der till iPhone 6\/6S - Nic &amp; Mel","robots":{"index":"index","follow":"follow","max-snippet":"max-snippet:-1","max-image-preview":"max-image-preview:large","max-video-preview":"max-video-preview:-1"},"canonical":"https:\/\/nicandmel.com\/sv\/produkt\/floyd-mobilskal-med-korthallare-i-brunt-lader-till-iphone-6-6s\/","og_locale":"sv_SE","og_type":"article","og_title":"Floyd mobilskal med korth\u00e5llare i brunt l\u00e4der till iPhone 6\/6S - Nic &amp; Mel","og_description":"Floyd \u00e4r b\u00e5de praktiskt och stilfullt. Ta med dig din telefon och de viktigaste korten n\u00e4r du \u00e4r p\u00e5 spr\u00e5ng.","og_url":"https:\/\/nicandmel.com\/sv\/produkt\/floyd-mobilskal-med-korthallare-i-brunt-lader-till-iphone-6-6s\/","og_site_name":"Nic &amp; Mel","article_publisher":"https:\/\/www.facebook.com\/nicandmel","article_modified_time":"2024-12-14T10:45:18+00:00","og_image":[{"width":2000,"height":1371,"url":"https:\/\/nicandmel.com\/wp-content\/uploads\/2016\/06\/Floyd-hardcase-cognac.jpg","type":"image\/jpeg"}],"twitter_card":"summary_large_image","twitter_misc":{"Ber\u00e4knad l\u00e4stid":"1 minut"},"schema":{"@context":"https:\/\/schema.org","@graph":[{"@type":"WebPage","@id":"https:\/\/nicandmel.com\/sv\/produkt\/floyd-mobilskal-med-korthallare-i-brunt-lader-till-iphone-6-6s\/","url":"https:\/\/nicandmel.com\/sv\/produkt\/floyd-mobilskal-med-korthallare-i-brunt-lader-till-iphone-6-6s\/","name":"Floyd mobilskal med korth\u00e5llare i brunt l\u00e4der till iPhone 6\/6S - Nic &amp; Mel","isPartOf":{"@id":"https:\/\/nicandmel.com\/sv\/#website"},"primaryImageOfPage":{"@id":"https:\/\/nicandmel.com\/sv\/produkt\/floyd-mobilskal-med-korthallare-i-brunt-lader-till-iphone-6-6s\/#primaryimage"},"image":{"@id":"https:\/\/nicandmel.com\/sv\/produkt\/floyd-mobilskal-med-korthallare-i-brunt-lader-till-iphone-6-6s\/#primaryimage"},"thumbnailUrl":"https:\/\/nicandmel.com\/wp-content\/uploads\/2016\/06\/Floyd-hardcase-cognac.jpg","datePublished":"2024-02-20T07:58:51+00:00","dateModified":"2024-12-14T10:45:18+00:00","breadcrumb":{"@id":"https:\/\/nicandmel.com\/sv\/produkt\/floyd-mobilskal-med-korthallare-i-brunt-lader-till-iphone-6-6s\/#breadcrumb"},"inLanguage":"sv-SE","potentialAction":[{"@type":"ReadAction","target":["https:\/\/nicandmel.com\/sv\/produkt\/floyd-mobilskal-med-korthallare-i-brunt-lader-till-iphone-6-6s\/"]}]},{"@type":"ImageObject","inLanguage":"sv-SE","@id":"https:\/\/nicandmel.com\/sv\/produkt\/floyd-mobilskal-med-korthallare-i-brunt-lader-till-iphone-6-6s\/#primaryimage","url":"https:\/\/nicandmel.com\/wp-content\/uploads\/2016\/06\/Floyd-hardcase-cognac.jpg","contentUrl":"https:\/\/nicandmel.com\/wp-content\/uploads\/2016\/06\/Floyd-hardcase-cognac.jpg","width":2000,"height":1371},{"@type":"BreadcrumbList","@id":"https:\/\/nicandmel.com\/sv\/produkt\/floyd-mobilskal-med-korthallare-i-brunt-lader-till-iphone-6-6s\/#breadcrumb","itemListElement":[{"@type":"ListItem","position":1,"name":"Home","item":"https:\/\/nicandmel.com\/sv\/"},{"@type":"ListItem","position":2,"name":"Butik","item":"https:\/\/nicandmel.com\/sv\/butik\/"},{"@type":"ListItem","position":3,"name":"Floyd mobilskal med korth\u00e5llare i brunt l\u00e4der till iPhone 6\/6S"}]},{"@type":"WebSite","@id":"https:\/\/nicandmel.com\/sv\/#website","url":"https:\/\/nicandmel.com\/sv\/","name":"Nic & Mel","description":"Handmade leather goods","publisher":{"@id":"https:\/\/nicandmel.com\/sv\/#organization"},"potentialAction":[{"@type":"SearchAction","target":{"@type":"EntryPoint","urlTemplate":"https:\/\/nicandmel.com\/sv\/?s={search_term_string}"},"query-input":{"@type":"PropertyValueSpecification","valueRequired":true,"valueName":"search_term_string"}}],"inLanguage":"sv-SE"},{"@type":"Organization","@id":"https:\/\/nicandmel.com\/sv\/#organization","name":"Nic & Mel","url":"https:\/\/nicandmel.com\/sv\/","logo":{"@type":"ImageObject","inLanguage":"sv-SE","@id":"https:\/\/nicandmel.com\/sv\/#\/schema\/logo\/image\/","url":"https:\/\/nicandmel.com\/wp-content\/uploads\/2021\/07\/nic_and_mel_logo.png","contentUrl":"https:\/\/nicandmel.com\/wp-content\/uploads\/2021\/07\/nic_and_mel_logo.png","width":1237,"height":263,"caption":"Nic & Mel"},"image":{"@id":"https:\/\/nicandmel.com\/sv\/#\/schema\/logo\/image\/"},"sameAs":["https:\/\/www.facebook.com\/nicandmel"]}]}},"_links":{"self":[{"href":"https:\/\/nicandmel.com\/sv\/wp-json\/wp\/v2\/product\/14709","targetHints":{"allow":["GET"]}}],"collection":[{"href":"https:\/\/nicandmel.com\/sv\/wp-json\/wp\/v2\/product"}],"about":[{"href":"https:\/\/nicandmel.com\/sv\/wp-json\/wp\/v2\/types\/product"}],"wp:featuredmedia":[{"embeddable":true,"href":"https:\/\/nicandmel.com\/sv\/wp-json\/wp\/v2\/media\/14710"}],"wp:attachment":[{"href":"https:\/\/nicandmel.com\/sv\/wp-json\/wp\/v2\/media?parent=14709"}],"wp:term":[{"taxonomy":"product_brand","embeddable":true,"href":"https:\/\/nicandmel.com\/sv\/wp-json\/wp\/v2\/product_brand?post=14709"},{"taxonomy":"product_cat","embeddable":true,"href":"https:\/\/nicandmel.com\/sv\/wp-json\/wp\/v2\/product_cat?post=14709"},{"taxonomy":"product_tag","embeddable":true,"href":"https:\/\/nicandmel.com\/sv\/wp-json\/wp\/v2\/product_tag?post=14709"}],"curies":[{"name":"wp","href":"https:\/\/api.w.org\/{rel}","templated":true}]}}