{"id":18839,"date":"2016-10-03T21:33:52","date_gmt":"2016-10-03T19:33:52","guid":{"rendered":"https:\/\/nicandmel.com\/product\/lee-morkbrunt-lader-armbandsur\/"},"modified":"2026-01-23T13:15:29","modified_gmt":"2026-01-23T12:15:29","slug":"lee-morkbrunt-lader-armbandsur","status":"publish","type":"product","link":"https:\/\/nicandmel.com\/sv\/produkt\/lee-morkbrunt-lader-armbandsur\/","title":{"rendered":"LEE, M\u00f6rkbrunt l\u00e4der, armbandsur"},"content":{"rendered":"<p>Lee \u00e4r en solid klocka tillverkad i rostfritt st\u00e5l. Den har en rund benvit urtavla med detaljer i guldf\u00e4rgad metall, sj\u00e4lvlysande visare och sm\u00e5 svarta siffror. Klockan har en upph\u00f6jd boett av glas. H\u00e4ftet \u00e4r tillverkat av m\u00f6rkbrunt kalvl\u00e4der med r\u00e5a kanter och ett sp\u00e4nne i rostfritt st\u00e5l. Alla v\u00e5ra klockor \u00e4r nickelfria och levereras i en exklusiv Nic &amp; Mel box Diameter urtavla: 37,5 mm<br \/>\nDjup boett: 8 mm<br \/>\nDjup inklusive glas: 12 mm<br \/>\nArmbandets bredd: 22 mm<br \/>\nGlas: Mineralglas<br \/>\nVattent\u00e5lig: 3ATM<br \/>\nDial Lumination: Ja, sj\u00e4lvlysande visare.<br \/>\n(st\u00e4nk-\/regnt\u00e5lig)<br \/>\nUrverk Quartz Miyota 2035, 3 H Batteridriven med ett \u00e5rs garanti.  <\/p>\n","protected":false},"excerpt":{"rendered":"<p>Lee \u00e4r en klassisk klocka med en enkel design. Vi har lagt till gyllene metalldetaljer i urtavlan f\u00f6r att f\u00f6rhindra att den blir tr\u00e5kig. <\/p>\n","protected":false},"featured_media":15789,"template":"","meta":{"_acf_changed":false},"product_brand":[],"product_cat":[1937],"product_tag":[],"class_list":{"0":"post-18839","1":"product","2":"type-product","3":"status-publish","4":"has-post-thumbnail","6":"product_cat-klockor","8":"first","9":"onbackorder","10":"taxable","11":"shipping-taxable","12":"purchasable","13":"product-type-simple"},"acf":[],"yoast_head":"<!-- This site is optimized with the Yoast SEO plugin v27.3 - https:\/\/yoast.com\/product\/yoast-seo-wordpress\/ -->\n<title>LEE, M\u00f6rkbrunt l\u00e4der, armbandsur - Nic &amp; Mel<\/title>\n<meta name=\"robots\" content=\"index, follow, max-snippet:-1, max-image-preview:large, max-video-preview:-1\" \/>\n<link rel=\"canonical\" href=\"https:\/\/nicandmel.com\/sv\/produkt\/lee-morkbrunt-lader-armbandsur\/\" \/>\n<meta property=\"og:locale\" content=\"sv_SE\" \/>\n<meta property=\"og:type\" content=\"article\" \/>\n<meta property=\"og:title\" content=\"LEE, M\u00f6rkbrunt l\u00e4der, armbandsur - Nic &amp; Mel\" \/>\n<meta property=\"og:description\" content=\"Lee \u00e4r en klassisk klocka med en enkel design. Vi har lagt till gyllene metalldetaljer i urtavlan f\u00f6r att f\u00f6rhindra att den blir tr\u00e5kig.\" \/>\n<meta property=\"og:url\" content=\"https:\/\/nicandmel.com\/sv\/produkt\/lee-morkbrunt-lader-armbandsur\/\" \/>\n<meta property=\"og:site_name\" content=\"Nic &amp; Mel\" \/>\n<meta property=\"article:publisher\" content=\"https:\/\/www.facebook.com\/nicandmel\" \/>\n<meta property=\"article:modified_time\" content=\"2026-01-23T12:15:29+00:00\" \/>\n<meta property=\"og:image\" content=\"https:\/\/nicandmel.com\/wp-content\/uploads\/2016\/09\/web_lee_darkbrown.jpg\" \/>\n\t<meta property=\"og:image:width\" content=\"2000\" \/>\n\t<meta property=\"og:image:height\" content=\"1370\" \/>\n\t<meta property=\"og:image:type\" content=\"image\/jpeg\" \/>\n<meta name=\"twitter:card\" content=\"summary_large_image\" \/>\n<meta name=\"twitter:label1\" content=\"Ber\u00e4knad l\u00e4stid\" \/>\n\t<meta name=\"twitter:data1\" content=\"1 minut\" \/>\n<script type=\"application\/ld+json\" class=\"yoast-schema-graph\">{\"@context\":\"https:\\\/\\\/schema.org\",\"@graph\":[{\"@type\":\"WebPage\",\"@id\":\"https:\\\/\\\/nicandmel.com\\\/sv\\\/produkt\\\/lee-morkbrunt-lader-armbandsur\\\/\",\"url\":\"https:\\\/\\\/nicandmel.com\\\/sv\\\/produkt\\\/lee-morkbrunt-lader-armbandsur\\\/\",\"name\":\"LEE, M\u00f6rkbrunt l\u00e4der, armbandsur - Nic &amp; Mel\",\"isPartOf\":{\"@id\":\"https:\\\/\\\/nicandmel.com\\\/sv\\\/#website\"},\"primaryImageOfPage\":{\"@id\":\"https:\\\/\\\/nicandmel.com\\\/sv\\\/produkt\\\/lee-morkbrunt-lader-armbandsur\\\/#primaryimage\"},\"image\":{\"@id\":\"https:\\\/\\\/nicandmel.com\\\/sv\\\/produkt\\\/lee-morkbrunt-lader-armbandsur\\\/#primaryimage\"},\"thumbnailUrl\":\"https:\\\/\\\/nicandmel.com\\\/wp-content\\\/uploads\\\/2016\\\/09\\\/web_lee_darkbrown.jpg\",\"datePublished\":\"2016-10-03T19:33:52+00:00\",\"dateModified\":\"2026-01-23T12:15:29+00:00\",\"breadcrumb\":{\"@id\":\"https:\\\/\\\/nicandmel.com\\\/sv\\\/produkt\\\/lee-morkbrunt-lader-armbandsur\\\/#breadcrumb\"},\"inLanguage\":\"sv-SE\",\"potentialAction\":[{\"@type\":\"ReadAction\",\"target\":[\"https:\\\/\\\/nicandmel.com\\\/sv\\\/produkt\\\/lee-morkbrunt-lader-armbandsur\\\/\"]}]},{\"@type\":\"ImageObject\",\"inLanguage\":\"sv-SE\",\"@id\":\"https:\\\/\\\/nicandmel.com\\\/sv\\\/produkt\\\/lee-morkbrunt-lader-armbandsur\\\/#primaryimage\",\"url\":\"https:\\\/\\\/nicandmel.com\\\/wp-content\\\/uploads\\\/2016\\\/09\\\/web_lee_darkbrown.jpg\",\"contentUrl\":\"https:\\\/\\\/nicandmel.com\\\/wp-content\\\/uploads\\\/2016\\\/09\\\/web_lee_darkbrown.jpg\",\"width\":2000,\"height\":1370},{\"@type\":\"BreadcrumbList\",\"@id\":\"https:\\\/\\\/nicandmel.com\\\/sv\\\/produkt\\\/lee-morkbrunt-lader-armbandsur\\\/#breadcrumb\",\"itemListElement\":[{\"@type\":\"ListItem\",\"position\":1,\"name\":\"Home\",\"item\":\"https:\\\/\\\/nicandmel.com\\\/sv\\\/\"},{\"@type\":\"ListItem\",\"position\":2,\"name\":\"Butik\",\"item\":\"https:\\\/\\\/nicandmel.com\\\/sv\\\/butik\\\/\"},{\"@type\":\"ListItem\",\"position\":3,\"name\":\"LEE, M\u00f6rkbrunt l\u00e4der, armbandsur\"}]},{\"@type\":\"WebSite\",\"@id\":\"https:\\\/\\\/nicandmel.com\\\/sv\\\/#website\",\"url\":\"https:\\\/\\\/nicandmel.com\\\/sv\\\/\",\"name\":\"Nic & Mel\",\"description\":\"Handmade leather goods\",\"publisher\":{\"@id\":\"https:\\\/\\\/nicandmel.com\\\/sv\\\/#organization\"},\"potentialAction\":[{\"@type\":\"SearchAction\",\"target\":{\"@type\":\"EntryPoint\",\"urlTemplate\":\"https:\\\/\\\/nicandmel.com\\\/sv\\\/?s={search_term_string}\"},\"query-input\":{\"@type\":\"PropertyValueSpecification\",\"valueRequired\":true,\"valueName\":\"search_term_string\"}}],\"inLanguage\":\"sv-SE\"},{\"@type\":\"Organization\",\"@id\":\"https:\\\/\\\/nicandmel.com\\\/sv\\\/#organization\",\"name\":\"Nic & Mel\",\"url\":\"https:\\\/\\\/nicandmel.com\\\/sv\\\/\",\"logo\":{\"@type\":\"ImageObject\",\"inLanguage\":\"sv-SE\",\"@id\":\"https:\\\/\\\/nicandmel.com\\\/sv\\\/#\\\/schema\\\/logo\\\/image\\\/\",\"url\":\"https:\\\/\\\/nicandmel.com\\\/wp-content\\\/uploads\\\/2021\\\/07\\\/nic_and_mel_logo.png\",\"contentUrl\":\"https:\\\/\\\/nicandmel.com\\\/wp-content\\\/uploads\\\/2021\\\/07\\\/nic_and_mel_logo.png\",\"width\":1237,\"height\":263,\"caption\":\"Nic & Mel\"},\"image\":{\"@id\":\"https:\\\/\\\/nicandmel.com\\\/sv\\\/#\\\/schema\\\/logo\\\/image\\\/\"},\"sameAs\":[\"https:\\\/\\\/www.facebook.com\\\/nicandmel\"]}]}<\/script>\n<!-- \/ Yoast SEO plugin. -->","yoast_head_json":{"title":"LEE, M\u00f6rkbrunt l\u00e4der, armbandsur - Nic &amp; Mel","robots":{"index":"index","follow":"follow","max-snippet":"max-snippet:-1","max-image-preview":"max-image-preview:large","max-video-preview":"max-video-preview:-1"},"canonical":"https:\/\/nicandmel.com\/sv\/produkt\/lee-morkbrunt-lader-armbandsur\/","og_locale":"sv_SE","og_type":"article","og_title":"LEE, M\u00f6rkbrunt l\u00e4der, armbandsur - Nic &amp; Mel","og_description":"Lee \u00e4r en klassisk klocka med en enkel design. Vi har lagt till gyllene metalldetaljer i urtavlan f\u00f6r att f\u00f6rhindra att den blir tr\u00e5kig.","og_url":"https:\/\/nicandmel.com\/sv\/produkt\/lee-morkbrunt-lader-armbandsur\/","og_site_name":"Nic &amp; Mel","article_publisher":"https:\/\/www.facebook.com\/nicandmel","article_modified_time":"2026-01-23T12:15:29+00:00","og_image":[{"width":2000,"height":1370,"url":"https:\/\/nicandmel.com\/wp-content\/uploads\/2016\/09\/web_lee_darkbrown.jpg","type":"image\/jpeg"}],"twitter_card":"summary_large_image","twitter_misc":{"Ber\u00e4knad l\u00e4stid":"1 minut"},"schema":{"@context":"https:\/\/schema.org","@graph":[{"@type":"WebPage","@id":"https:\/\/nicandmel.com\/sv\/produkt\/lee-morkbrunt-lader-armbandsur\/","url":"https:\/\/nicandmel.com\/sv\/produkt\/lee-morkbrunt-lader-armbandsur\/","name":"LEE, M\u00f6rkbrunt l\u00e4der, armbandsur - Nic &amp; Mel","isPartOf":{"@id":"https:\/\/nicandmel.com\/sv\/#website"},"primaryImageOfPage":{"@id":"https:\/\/nicandmel.com\/sv\/produkt\/lee-morkbrunt-lader-armbandsur\/#primaryimage"},"image":{"@id":"https:\/\/nicandmel.com\/sv\/produkt\/lee-morkbrunt-lader-armbandsur\/#primaryimage"},"thumbnailUrl":"https:\/\/nicandmel.com\/wp-content\/uploads\/2016\/09\/web_lee_darkbrown.jpg","datePublished":"2016-10-03T19:33:52+00:00","dateModified":"2026-01-23T12:15:29+00:00","breadcrumb":{"@id":"https:\/\/nicandmel.com\/sv\/produkt\/lee-morkbrunt-lader-armbandsur\/#breadcrumb"},"inLanguage":"sv-SE","potentialAction":[{"@type":"ReadAction","target":["https:\/\/nicandmel.com\/sv\/produkt\/lee-morkbrunt-lader-armbandsur\/"]}]},{"@type":"ImageObject","inLanguage":"sv-SE","@id":"https:\/\/nicandmel.com\/sv\/produkt\/lee-morkbrunt-lader-armbandsur\/#primaryimage","url":"https:\/\/nicandmel.com\/wp-content\/uploads\/2016\/09\/web_lee_darkbrown.jpg","contentUrl":"https:\/\/nicandmel.com\/wp-content\/uploads\/2016\/09\/web_lee_darkbrown.jpg","width":2000,"height":1370},{"@type":"BreadcrumbList","@id":"https:\/\/nicandmel.com\/sv\/produkt\/lee-morkbrunt-lader-armbandsur\/#breadcrumb","itemListElement":[{"@type":"ListItem","position":1,"name":"Home","item":"https:\/\/nicandmel.com\/sv\/"},{"@type":"ListItem","position":2,"name":"Butik","item":"https:\/\/nicandmel.com\/sv\/butik\/"},{"@type":"ListItem","position":3,"name":"LEE, M\u00f6rkbrunt l\u00e4der, armbandsur"}]},{"@type":"WebSite","@id":"https:\/\/nicandmel.com\/sv\/#website","url":"https:\/\/nicandmel.com\/sv\/","name":"Nic & Mel","description":"Handmade leather goods","publisher":{"@id":"https:\/\/nicandmel.com\/sv\/#organization"},"potentialAction":[{"@type":"SearchAction","target":{"@type":"EntryPoint","urlTemplate":"https:\/\/nicandmel.com\/sv\/?s={search_term_string}"},"query-input":{"@type":"PropertyValueSpecification","valueRequired":true,"valueName":"search_term_string"}}],"inLanguage":"sv-SE"},{"@type":"Organization","@id":"https:\/\/nicandmel.com\/sv\/#organization","name":"Nic & Mel","url":"https:\/\/nicandmel.com\/sv\/","logo":{"@type":"ImageObject","inLanguage":"sv-SE","@id":"https:\/\/nicandmel.com\/sv\/#\/schema\/logo\/image\/","url":"https:\/\/nicandmel.com\/wp-content\/uploads\/2021\/07\/nic_and_mel_logo.png","contentUrl":"https:\/\/nicandmel.com\/wp-content\/uploads\/2021\/07\/nic_and_mel_logo.png","width":1237,"height":263,"caption":"Nic & Mel"},"image":{"@id":"https:\/\/nicandmel.com\/sv\/#\/schema\/logo\/image\/"},"sameAs":["https:\/\/www.facebook.com\/nicandmel"]}]}},"_links":{"self":[{"href":"https:\/\/nicandmel.com\/sv\/wp-json\/wp\/v2\/product\/18839","targetHints":{"allow":["GET"]}}],"collection":[{"href":"https:\/\/nicandmel.com\/sv\/wp-json\/wp\/v2\/product"}],"about":[{"href":"https:\/\/nicandmel.com\/sv\/wp-json\/wp\/v2\/types\/product"}],"wp:featuredmedia":[{"embeddable":true,"href":"https:\/\/nicandmel.com\/sv\/wp-json\/wp\/v2\/media\/15789"}],"wp:attachment":[{"href":"https:\/\/nicandmel.com\/sv\/wp-json\/wp\/v2\/media?parent=18839"}],"wp:term":[{"taxonomy":"product_brand","embeddable":true,"href":"https:\/\/nicandmel.com\/sv\/wp-json\/wp\/v2\/product_brand?post=18839"},{"taxonomy":"product_cat","embeddable":true,"href":"https:\/\/nicandmel.com\/sv\/wp-json\/wp\/v2\/product_cat?post=18839"},{"taxonomy":"product_tag","embeddable":true,"href":"https:\/\/nicandmel.com\/sv\/wp-json\/wp\/v2\/product_tag?post=18839"}],"curies":[{"name":"wp","href":"https:\/\/api.w.org\/{rel}","templated":true}]}}