{"id":18842,"date":"2016-09-29T10:25:52","date_gmt":"2016-09-29T08:25:52","guid":{"rendered":"https:\/\/nicandmel.com\/product\/kennedy-armbandsur-cognacfargat-lader\/"},"modified":"2026-04-06T20:43:54","modified_gmt":"2026-04-06T18:43:54","slug":"kennedy-armbandsur-cognacfargat-lader","status":"publish","type":"product","link":"https:\/\/nicandmel.com\/sv\/produkt\/kennedy-armbandsur-cognacfargat-lader\/","title":{"rendered":"KENNEDY, Armbandsur, Cognacf\u00e4rgat l\u00e4der"},"content":{"rendered":"<p>Kennedy \u00e4r en solid klocka tillverkad i rostfritt st\u00e5l. Den har en rund vit urtavla med silverf\u00e4rgade och vita visare. Klockan har en upph\u00f6jd boett av glas. H\u00e4ftet \u00e4r tillverkat av cognacsf\u00e4rgat kalvl\u00e4der med r\u00e5a kanter och ett sp\u00e4nne i rostfritt st\u00e5l. Alla v\u00e5ra klockor \u00e4r nickelfria och levereras i en exklusiv Nic &amp; Mel box. Diameter urtavla: 37,5 mm<br \/>\nDjup boett: 8 mm<br \/>\nDjup inklusive glas: 12 mm<br \/>\nArmbandets bredd: 22 mm<br \/>\nGlas: Mineralglas<br \/>\nVattenresistent: 3ATM<br \/>\n(st\u00e4nk-\/regnt\u00e5lig)<br \/>\nUrverk Quartz Miyota 2035, 3 H Batteridriven med ett \u00e5rs garanti.  <\/p>\n","protected":false},"excerpt":{"rendered":"<p>Kennedy \u00e4r en av v\u00e5ra mest klassiska klockor. Enkel design med i\u00f6gonfallande metalldetaljer. En riktigt stilfull vardagsklocka.  <\/p>\n","protected":false},"featured_media":15672,"template":"","meta":{"_acf_changed":false},"product_brand":[],"product_cat":[1937],"product_tag":[],"class_list":{"0":"post-18842","1":"product","2":"type-product","3":"status-publish","4":"has-post-thumbnail","6":"product_cat-klockor","8":"first","9":"instock","10":"taxable","11":"shipping-taxable","12":"purchasable","13":"product-type-simple"},"acf":[],"yoast_head":"<!-- This site is optimized with the Yoast SEO plugin v27.5 - https:\/\/yoast.com\/product\/yoast-seo-wordpress\/ -->\n<title>KENNEDY, Armbandsur, Cognacf\u00e4rgat l\u00e4der - Nic &amp; Mel<\/title>\n<meta name=\"robots\" content=\"index, follow, max-snippet:-1, max-image-preview:large, max-video-preview:-1\" \/>\n<link rel=\"canonical\" href=\"https:\/\/nicandmel.com\/sv\/produkt\/kennedy-armbandsur-cognacfargat-lader\/\" \/>\n<meta property=\"og:locale\" content=\"sv_SE\" \/>\n<meta property=\"og:type\" content=\"article\" \/>\n<meta property=\"og:title\" content=\"KENNEDY, Armbandsur, Cognacf\u00e4rgat l\u00e4der - Nic &amp; Mel\" \/>\n<meta property=\"og:description\" content=\"Kennedy \u00e4r en av v\u00e5ra mest klassiska klockor. Enkel design med i\u00f6gonfallande metalldetaljer. En riktigt stilfull vardagsklocka.\" \/>\n<meta property=\"og:url\" content=\"https:\/\/nicandmel.com\/sv\/produkt\/kennedy-armbandsur-cognacfargat-lader\/\" \/>\n<meta property=\"og:site_name\" content=\"Nic &amp; Mel\" \/>\n<meta property=\"article:publisher\" content=\"https:\/\/www.facebook.com\/nicandmel\" \/>\n<meta property=\"article:modified_time\" content=\"2026-04-06T18:43:54+00:00\" \/>\n<meta property=\"og:image\" content=\"https:\/\/nicandmel.com\/wp-content\/uploads\/2016\/09\/web_kennedy_cognac.jpg\" \/>\n\t<meta property=\"og:image:width\" content=\"2000\" \/>\n\t<meta property=\"og:image:height\" content=\"1370\" \/>\n\t<meta property=\"og:image:type\" content=\"image\/jpeg\" \/>\n<meta name=\"twitter:card\" content=\"summary_large_image\" \/>\n<script type=\"application\/ld+json\" class=\"yoast-schema-graph\">{\"@context\":\"https:\\\/\\\/schema.org\",\"@graph\":[{\"@type\":\"WebPage\",\"@id\":\"https:\\\/\\\/nicandmel.com\\\/sv\\\/produkt\\\/kennedy-armbandsur-cognacfargat-lader\\\/\",\"url\":\"https:\\\/\\\/nicandmel.com\\\/sv\\\/produkt\\\/kennedy-armbandsur-cognacfargat-lader\\\/\",\"name\":\"KENNEDY, Armbandsur, Cognacf\u00e4rgat l\u00e4der - Nic &amp; Mel\",\"isPartOf\":{\"@id\":\"https:\\\/\\\/nicandmel.com\\\/sv\\\/#website\"},\"primaryImageOfPage\":{\"@id\":\"https:\\\/\\\/nicandmel.com\\\/sv\\\/produkt\\\/kennedy-armbandsur-cognacfargat-lader\\\/#primaryimage\"},\"image\":{\"@id\":\"https:\\\/\\\/nicandmel.com\\\/sv\\\/produkt\\\/kennedy-armbandsur-cognacfargat-lader\\\/#primaryimage\"},\"thumbnailUrl\":\"https:\\\/\\\/nicandmel.com\\\/wp-content\\\/uploads\\\/2016\\\/09\\\/web_kennedy_cognac.jpg\",\"datePublished\":\"2016-09-29T08:25:52+00:00\",\"dateModified\":\"2026-04-06T18:43:54+00:00\",\"breadcrumb\":{\"@id\":\"https:\\\/\\\/nicandmel.com\\\/sv\\\/produkt\\\/kennedy-armbandsur-cognacfargat-lader\\\/#breadcrumb\"},\"inLanguage\":\"sv-SE\",\"potentialAction\":[{\"@type\":\"ReadAction\",\"target\":[\"https:\\\/\\\/nicandmel.com\\\/sv\\\/produkt\\\/kennedy-armbandsur-cognacfargat-lader\\\/\"]}]},{\"@type\":\"ImageObject\",\"inLanguage\":\"sv-SE\",\"@id\":\"https:\\\/\\\/nicandmel.com\\\/sv\\\/produkt\\\/kennedy-armbandsur-cognacfargat-lader\\\/#primaryimage\",\"url\":\"https:\\\/\\\/nicandmel.com\\\/wp-content\\\/uploads\\\/2016\\\/09\\\/web_kennedy_cognac.jpg\",\"contentUrl\":\"https:\\\/\\\/nicandmel.com\\\/wp-content\\\/uploads\\\/2016\\\/09\\\/web_kennedy_cognac.jpg\",\"width\":2000,\"height\":1370},{\"@type\":\"BreadcrumbList\",\"@id\":\"https:\\\/\\\/nicandmel.com\\\/sv\\\/produkt\\\/kennedy-armbandsur-cognacfargat-lader\\\/#breadcrumb\",\"itemListElement\":[{\"@type\":\"ListItem\",\"position\":1,\"name\":\"Home\",\"item\":\"https:\\\/\\\/nicandmel.com\\\/sv\\\/\"},{\"@type\":\"ListItem\",\"position\":2,\"name\":\"Butik\",\"item\":\"https:\\\/\\\/nicandmel.com\\\/sv\\\/butik\\\/\"},{\"@type\":\"ListItem\",\"position\":3,\"name\":\"KENNEDY, Armbandsur, Cognacf\u00e4rgat l\u00e4der\"}]},{\"@type\":\"WebSite\",\"@id\":\"https:\\\/\\\/nicandmel.com\\\/sv\\\/#website\",\"url\":\"https:\\\/\\\/nicandmel.com\\\/sv\\\/\",\"name\":\"Nic & Mel\",\"description\":\"Handmade leather goods\",\"publisher\":{\"@id\":\"https:\\\/\\\/nicandmel.com\\\/sv\\\/#organization\"},\"potentialAction\":[{\"@type\":\"SearchAction\",\"target\":{\"@type\":\"EntryPoint\",\"urlTemplate\":\"https:\\\/\\\/nicandmel.com\\\/sv\\\/?s={search_term_string}\"},\"query-input\":{\"@type\":\"PropertyValueSpecification\",\"valueRequired\":true,\"valueName\":\"search_term_string\"}}],\"inLanguage\":\"sv-SE\"},{\"@type\":\"Organization\",\"@id\":\"https:\\\/\\\/nicandmel.com\\\/sv\\\/#organization\",\"name\":\"Nic & Mel\",\"url\":\"https:\\\/\\\/nicandmel.com\\\/sv\\\/\",\"logo\":{\"@type\":\"ImageObject\",\"inLanguage\":\"sv-SE\",\"@id\":\"https:\\\/\\\/nicandmel.com\\\/sv\\\/#\\\/schema\\\/logo\\\/image\\\/\",\"url\":\"https:\\\/\\\/nicandmel.com\\\/wp-content\\\/uploads\\\/2021\\\/07\\\/nic_and_mel_logo.png\",\"contentUrl\":\"https:\\\/\\\/nicandmel.com\\\/wp-content\\\/uploads\\\/2021\\\/07\\\/nic_and_mel_logo.png\",\"width\":1237,\"height\":263,\"caption\":\"Nic & Mel\"},\"image\":{\"@id\":\"https:\\\/\\\/nicandmel.com\\\/sv\\\/#\\\/schema\\\/logo\\\/image\\\/\"},\"sameAs\":[\"https:\\\/\\\/www.facebook.com\\\/nicandmel\"]}]}<\/script>\n<!-- \/ Yoast SEO plugin. -->","yoast_head_json":{"title":"KENNEDY, Armbandsur, Cognacf\u00e4rgat l\u00e4der - Nic &amp; Mel","robots":{"index":"index","follow":"follow","max-snippet":"max-snippet:-1","max-image-preview":"max-image-preview:large","max-video-preview":"max-video-preview:-1"},"canonical":"https:\/\/nicandmel.com\/sv\/produkt\/kennedy-armbandsur-cognacfargat-lader\/","og_locale":"sv_SE","og_type":"article","og_title":"KENNEDY, Armbandsur, Cognacf\u00e4rgat l\u00e4der - Nic &amp; Mel","og_description":"Kennedy \u00e4r en av v\u00e5ra mest klassiska klockor. Enkel design med i\u00f6gonfallande metalldetaljer. En riktigt stilfull vardagsklocka.","og_url":"https:\/\/nicandmel.com\/sv\/produkt\/kennedy-armbandsur-cognacfargat-lader\/","og_site_name":"Nic &amp; Mel","article_publisher":"https:\/\/www.facebook.com\/nicandmel","article_modified_time":"2026-04-06T18:43:54+00:00","og_image":[{"width":2000,"height":1370,"url":"https:\/\/nicandmel.com\/wp-content\/uploads\/2016\/09\/web_kennedy_cognac.jpg","type":"image\/jpeg"}],"twitter_card":"summary_large_image","schema":{"@context":"https:\/\/schema.org","@graph":[{"@type":"WebPage","@id":"https:\/\/nicandmel.com\/sv\/produkt\/kennedy-armbandsur-cognacfargat-lader\/","url":"https:\/\/nicandmel.com\/sv\/produkt\/kennedy-armbandsur-cognacfargat-lader\/","name":"KENNEDY, Armbandsur, Cognacf\u00e4rgat l\u00e4der - Nic &amp; Mel","isPartOf":{"@id":"https:\/\/nicandmel.com\/sv\/#website"},"primaryImageOfPage":{"@id":"https:\/\/nicandmel.com\/sv\/produkt\/kennedy-armbandsur-cognacfargat-lader\/#primaryimage"},"image":{"@id":"https:\/\/nicandmel.com\/sv\/produkt\/kennedy-armbandsur-cognacfargat-lader\/#primaryimage"},"thumbnailUrl":"https:\/\/nicandmel.com\/wp-content\/uploads\/2016\/09\/web_kennedy_cognac.jpg","datePublished":"2016-09-29T08:25:52+00:00","dateModified":"2026-04-06T18:43:54+00:00","breadcrumb":{"@id":"https:\/\/nicandmel.com\/sv\/produkt\/kennedy-armbandsur-cognacfargat-lader\/#breadcrumb"},"inLanguage":"sv-SE","potentialAction":[{"@type":"ReadAction","target":["https:\/\/nicandmel.com\/sv\/produkt\/kennedy-armbandsur-cognacfargat-lader\/"]}]},{"@type":"ImageObject","inLanguage":"sv-SE","@id":"https:\/\/nicandmel.com\/sv\/produkt\/kennedy-armbandsur-cognacfargat-lader\/#primaryimage","url":"https:\/\/nicandmel.com\/wp-content\/uploads\/2016\/09\/web_kennedy_cognac.jpg","contentUrl":"https:\/\/nicandmel.com\/wp-content\/uploads\/2016\/09\/web_kennedy_cognac.jpg","width":2000,"height":1370},{"@type":"BreadcrumbList","@id":"https:\/\/nicandmel.com\/sv\/produkt\/kennedy-armbandsur-cognacfargat-lader\/#breadcrumb","itemListElement":[{"@type":"ListItem","position":1,"name":"Home","item":"https:\/\/nicandmel.com\/sv\/"},{"@type":"ListItem","position":2,"name":"Butik","item":"https:\/\/nicandmel.com\/sv\/butik\/"},{"@type":"ListItem","position":3,"name":"KENNEDY, Armbandsur, Cognacf\u00e4rgat l\u00e4der"}]},{"@type":"WebSite","@id":"https:\/\/nicandmel.com\/sv\/#website","url":"https:\/\/nicandmel.com\/sv\/","name":"Nic & Mel","description":"Handmade leather goods","publisher":{"@id":"https:\/\/nicandmel.com\/sv\/#organization"},"potentialAction":[{"@type":"SearchAction","target":{"@type":"EntryPoint","urlTemplate":"https:\/\/nicandmel.com\/sv\/?s={search_term_string}"},"query-input":{"@type":"PropertyValueSpecification","valueRequired":true,"valueName":"search_term_string"}}],"inLanguage":"sv-SE"},{"@type":"Organization","@id":"https:\/\/nicandmel.com\/sv\/#organization","name":"Nic & Mel","url":"https:\/\/nicandmel.com\/sv\/","logo":{"@type":"ImageObject","inLanguage":"sv-SE","@id":"https:\/\/nicandmel.com\/sv\/#\/schema\/logo\/image\/","url":"https:\/\/nicandmel.com\/wp-content\/uploads\/2021\/07\/nic_and_mel_logo.png","contentUrl":"https:\/\/nicandmel.com\/wp-content\/uploads\/2021\/07\/nic_and_mel_logo.png","width":1237,"height":263,"caption":"Nic & Mel"},"image":{"@id":"https:\/\/nicandmel.com\/sv\/#\/schema\/logo\/image\/"},"sameAs":["https:\/\/www.facebook.com\/nicandmel"]}]}},"_links":{"self":[{"href":"https:\/\/nicandmel.com\/sv\/wp-json\/wp\/v2\/product\/18842","targetHints":{"allow":["GET"]}}],"collection":[{"href":"https:\/\/nicandmel.com\/sv\/wp-json\/wp\/v2\/product"}],"about":[{"href":"https:\/\/nicandmel.com\/sv\/wp-json\/wp\/v2\/types\/product"}],"wp:featuredmedia":[{"embeddable":true,"href":"https:\/\/nicandmel.com\/sv\/wp-json\/wp\/v2\/media\/15672"}],"wp:attachment":[{"href":"https:\/\/nicandmel.com\/sv\/wp-json\/wp\/v2\/media?parent=18842"}],"wp:term":[{"taxonomy":"product_brand","embeddable":true,"href":"https:\/\/nicandmel.com\/sv\/wp-json\/wp\/v2\/product_brand?post=18842"},{"taxonomy":"product_cat","embeddable":true,"href":"https:\/\/nicandmel.com\/sv\/wp-json\/wp\/v2\/product_cat?post=18842"},{"taxonomy":"product_tag","embeddable":true,"href":"https:\/\/nicandmel.com\/sv\/wp-json\/wp\/v2\/product_tag?post=18842"}],"curies":[{"name":"wp","href":"https:\/\/api.w.org\/{rel}","templated":true}]}}