{"id":18851,"date":"2016-10-03T21:50:43","date_gmt":"2016-10-03T19:50:43","guid":{"rendered":"https:\/\/nicandmel.com\/product\/vince-svart-lader-armbandsur\/"},"modified":"2024-11-25T11:40:28","modified_gmt":"2024-11-25T10:40:28","slug":"vince-svart-lader-armbandsur","status":"publish","type":"product","link":"https:\/\/nicandmel.com\/sv\/produkt\/vince-svart-lader-armbandsur\/","title":{"rendered":"VINCE, Svart l\u00e4der, armbandsur"},"content":{"rendered":"<p>Vince \u00e4r en solid klocka tillverkad i rostfritt st\u00e5l. Den har en rund svart urtavla med gyllene siffror och visare. Den r\u00f6da sekundvisaren ger en sportig k\u00e4nsla. Klockan har en upph\u00f6jd boett av glas. H\u00e4ftet \u00e4r tillverkat av svartf\u00e4rgat kalvl\u00e4der med r\u00e5a kanter och ett sp\u00e4nne i rostfritt st\u00e5l. Alla v\u00e5ra klockor \u00e4r nickelfria och levereras i en exklusiv Nic &amp; Mel box. Diameter urtavla: 37,5 mm<br \/>\nDjup boett: 8 mm<br \/>\nDjup inklusive glas: 12 mm<br \/>\nArmbandets bredd: 22 mm<br \/>\nGlas: Mineralglas<br \/>\nVattenresistent: 3ATM<br \/>\n(st\u00e4nk-\/regnt\u00e5lig)<br \/>\nUrverk Quartz Miyota 2035, 3 H Batteridriven med ett \u00e5rs garanti.   <\/p>\n","protected":false},"excerpt":{"rendered":"<p>Vince \u00e4r sportig och lyxig p\u00e5 samma g\u00e5ng. Med den h\u00e4r klockan p\u00e5 handleden kan du l\u00e4tt f\u00f6rest\u00e4lla dig sj\u00e4lv bakom ratten i en lyxig sportbil! <\/p>\n","protected":false},"featured_media":15804,"template":"","meta":{"_acf_changed":false},"product_brand":[],"product_cat":[1937],"product_tag":[],"class_list":{"0":"post-18851","1":"product","2":"type-product","3":"status-publish","4":"has-post-thumbnail","6":"product_cat-klockor","8":"first","9":"instock","10":"taxable","11":"shipping-taxable","12":"purchasable","13":"product-type-simple"},"acf":[],"yoast_head":"<!-- This site is optimized with the Yoast SEO plugin v27.5 - https:\/\/yoast.com\/product\/yoast-seo-wordpress\/ -->\n<title>VINCE, Svart l\u00e4der, armbandsur - Nic &amp; Mel<\/title>\n<meta name=\"robots\" content=\"index, follow, max-snippet:-1, max-image-preview:large, max-video-preview:-1\" \/>\n<link rel=\"canonical\" href=\"https:\/\/nicandmel.com\/sv\/produkt\/vince-svart-lader-armbandsur\/\" \/>\n<meta property=\"og:locale\" content=\"sv_SE\" \/>\n<meta property=\"og:type\" content=\"article\" \/>\n<meta property=\"og:title\" content=\"VINCE, Svart l\u00e4der, armbandsur - Nic &amp; Mel\" \/>\n<meta property=\"og:description\" content=\"Vince \u00e4r sportig och lyxig p\u00e5 samma g\u00e5ng. Med den h\u00e4r klockan p\u00e5 handleden kan du l\u00e4tt f\u00f6rest\u00e4lla dig sj\u00e4lv bakom ratten i en lyxig sportbil!\" \/>\n<meta property=\"og:url\" content=\"https:\/\/nicandmel.com\/sv\/produkt\/vince-svart-lader-armbandsur\/\" \/>\n<meta property=\"og:site_name\" content=\"Nic &amp; Mel\" \/>\n<meta property=\"article:publisher\" content=\"https:\/\/www.facebook.com\/nicandmel\" \/>\n<meta property=\"article:modified_time\" content=\"2024-11-25T10:40:28+00:00\" \/>\n<meta property=\"og:image\" content=\"https:\/\/nicandmel.com\/wp-content\/uploads\/2016\/09\/web_vince_black.jpg\" \/>\n\t<meta property=\"og:image:width\" content=\"2000\" \/>\n\t<meta property=\"og:image:height\" content=\"1370\" \/>\n\t<meta property=\"og:image:type\" content=\"image\/jpeg\" \/>\n<meta name=\"twitter:card\" content=\"summary_large_image\" \/>\n<meta name=\"twitter:label1\" content=\"Ber\u00e4knad l\u00e4stid\" \/>\n\t<meta name=\"twitter:data1\" content=\"1 minut\" \/>\n<script type=\"application\/ld+json\" class=\"yoast-schema-graph\">{\"@context\":\"https:\\\/\\\/schema.org\",\"@graph\":[{\"@type\":\"WebPage\",\"@id\":\"https:\\\/\\\/nicandmel.com\\\/sv\\\/produkt\\\/vince-svart-lader-armbandsur\\\/\",\"url\":\"https:\\\/\\\/nicandmel.com\\\/sv\\\/produkt\\\/vince-svart-lader-armbandsur\\\/\",\"name\":\"VINCE, Svart l\u00e4der, armbandsur - Nic &amp; Mel\",\"isPartOf\":{\"@id\":\"https:\\\/\\\/nicandmel.com\\\/sv\\\/#website\"},\"primaryImageOfPage\":{\"@id\":\"https:\\\/\\\/nicandmel.com\\\/sv\\\/produkt\\\/vince-svart-lader-armbandsur\\\/#primaryimage\"},\"image\":{\"@id\":\"https:\\\/\\\/nicandmel.com\\\/sv\\\/produkt\\\/vince-svart-lader-armbandsur\\\/#primaryimage\"},\"thumbnailUrl\":\"https:\\\/\\\/nicandmel.com\\\/wp-content\\\/uploads\\\/2016\\\/09\\\/web_vince_black.jpg\",\"datePublished\":\"2016-10-03T19:50:43+00:00\",\"dateModified\":\"2024-11-25T10:40:28+00:00\",\"breadcrumb\":{\"@id\":\"https:\\\/\\\/nicandmel.com\\\/sv\\\/produkt\\\/vince-svart-lader-armbandsur\\\/#breadcrumb\"},\"inLanguage\":\"sv-SE\",\"potentialAction\":[{\"@type\":\"ReadAction\",\"target\":[\"https:\\\/\\\/nicandmel.com\\\/sv\\\/produkt\\\/vince-svart-lader-armbandsur\\\/\"]}]},{\"@type\":\"ImageObject\",\"inLanguage\":\"sv-SE\",\"@id\":\"https:\\\/\\\/nicandmel.com\\\/sv\\\/produkt\\\/vince-svart-lader-armbandsur\\\/#primaryimage\",\"url\":\"https:\\\/\\\/nicandmel.com\\\/wp-content\\\/uploads\\\/2016\\\/09\\\/web_vince_black.jpg\",\"contentUrl\":\"https:\\\/\\\/nicandmel.com\\\/wp-content\\\/uploads\\\/2016\\\/09\\\/web_vince_black.jpg\",\"width\":2000,\"height\":1370},{\"@type\":\"BreadcrumbList\",\"@id\":\"https:\\\/\\\/nicandmel.com\\\/sv\\\/produkt\\\/vince-svart-lader-armbandsur\\\/#breadcrumb\",\"itemListElement\":[{\"@type\":\"ListItem\",\"position\":1,\"name\":\"Home\",\"item\":\"https:\\\/\\\/nicandmel.com\\\/sv\\\/\"},{\"@type\":\"ListItem\",\"position\":2,\"name\":\"Butik\",\"item\":\"https:\\\/\\\/nicandmel.com\\\/sv\\\/butik\\\/\"},{\"@type\":\"ListItem\",\"position\":3,\"name\":\"VINCE, Svart l\u00e4der, armbandsur\"}]},{\"@type\":\"WebSite\",\"@id\":\"https:\\\/\\\/nicandmel.com\\\/sv\\\/#website\",\"url\":\"https:\\\/\\\/nicandmel.com\\\/sv\\\/\",\"name\":\"Nic & Mel\",\"description\":\"Handmade leather goods\",\"publisher\":{\"@id\":\"https:\\\/\\\/nicandmel.com\\\/sv\\\/#organization\"},\"potentialAction\":[{\"@type\":\"SearchAction\",\"target\":{\"@type\":\"EntryPoint\",\"urlTemplate\":\"https:\\\/\\\/nicandmel.com\\\/sv\\\/?s={search_term_string}\"},\"query-input\":{\"@type\":\"PropertyValueSpecification\",\"valueRequired\":true,\"valueName\":\"search_term_string\"}}],\"inLanguage\":\"sv-SE\"},{\"@type\":\"Organization\",\"@id\":\"https:\\\/\\\/nicandmel.com\\\/sv\\\/#organization\",\"name\":\"Nic & Mel\",\"url\":\"https:\\\/\\\/nicandmel.com\\\/sv\\\/\",\"logo\":{\"@type\":\"ImageObject\",\"inLanguage\":\"sv-SE\",\"@id\":\"https:\\\/\\\/nicandmel.com\\\/sv\\\/#\\\/schema\\\/logo\\\/image\\\/\",\"url\":\"https:\\\/\\\/nicandmel.com\\\/wp-content\\\/uploads\\\/2021\\\/07\\\/nic_and_mel_logo.png\",\"contentUrl\":\"https:\\\/\\\/nicandmel.com\\\/wp-content\\\/uploads\\\/2021\\\/07\\\/nic_and_mel_logo.png\",\"width\":1237,\"height\":263,\"caption\":\"Nic & Mel\"},\"image\":{\"@id\":\"https:\\\/\\\/nicandmel.com\\\/sv\\\/#\\\/schema\\\/logo\\\/image\\\/\"},\"sameAs\":[\"https:\\\/\\\/www.facebook.com\\\/nicandmel\"]}]}<\/script>\n<!-- \/ Yoast SEO plugin. -->","yoast_head_json":{"title":"VINCE, Svart l\u00e4der, armbandsur - Nic &amp; Mel","robots":{"index":"index","follow":"follow","max-snippet":"max-snippet:-1","max-image-preview":"max-image-preview:large","max-video-preview":"max-video-preview:-1"},"canonical":"https:\/\/nicandmel.com\/sv\/produkt\/vince-svart-lader-armbandsur\/","og_locale":"sv_SE","og_type":"article","og_title":"VINCE, Svart l\u00e4der, armbandsur - Nic &amp; Mel","og_description":"Vince \u00e4r sportig och lyxig p\u00e5 samma g\u00e5ng. Med den h\u00e4r klockan p\u00e5 handleden kan du l\u00e4tt f\u00f6rest\u00e4lla dig sj\u00e4lv bakom ratten i en lyxig sportbil!","og_url":"https:\/\/nicandmel.com\/sv\/produkt\/vince-svart-lader-armbandsur\/","og_site_name":"Nic &amp; Mel","article_publisher":"https:\/\/www.facebook.com\/nicandmel","article_modified_time":"2024-11-25T10:40:28+00:00","og_image":[{"width":2000,"height":1370,"url":"https:\/\/nicandmel.com\/wp-content\/uploads\/2016\/09\/web_vince_black.jpg","type":"image\/jpeg"}],"twitter_card":"summary_large_image","twitter_misc":{"Ber\u00e4knad l\u00e4stid":"1 minut"},"schema":{"@context":"https:\/\/schema.org","@graph":[{"@type":"WebPage","@id":"https:\/\/nicandmel.com\/sv\/produkt\/vince-svart-lader-armbandsur\/","url":"https:\/\/nicandmel.com\/sv\/produkt\/vince-svart-lader-armbandsur\/","name":"VINCE, Svart l\u00e4der, armbandsur - Nic &amp; Mel","isPartOf":{"@id":"https:\/\/nicandmel.com\/sv\/#website"},"primaryImageOfPage":{"@id":"https:\/\/nicandmel.com\/sv\/produkt\/vince-svart-lader-armbandsur\/#primaryimage"},"image":{"@id":"https:\/\/nicandmel.com\/sv\/produkt\/vince-svart-lader-armbandsur\/#primaryimage"},"thumbnailUrl":"https:\/\/nicandmel.com\/wp-content\/uploads\/2016\/09\/web_vince_black.jpg","datePublished":"2016-10-03T19:50:43+00:00","dateModified":"2024-11-25T10:40:28+00:00","breadcrumb":{"@id":"https:\/\/nicandmel.com\/sv\/produkt\/vince-svart-lader-armbandsur\/#breadcrumb"},"inLanguage":"sv-SE","potentialAction":[{"@type":"ReadAction","target":["https:\/\/nicandmel.com\/sv\/produkt\/vince-svart-lader-armbandsur\/"]}]},{"@type":"ImageObject","inLanguage":"sv-SE","@id":"https:\/\/nicandmel.com\/sv\/produkt\/vince-svart-lader-armbandsur\/#primaryimage","url":"https:\/\/nicandmel.com\/wp-content\/uploads\/2016\/09\/web_vince_black.jpg","contentUrl":"https:\/\/nicandmel.com\/wp-content\/uploads\/2016\/09\/web_vince_black.jpg","width":2000,"height":1370},{"@type":"BreadcrumbList","@id":"https:\/\/nicandmel.com\/sv\/produkt\/vince-svart-lader-armbandsur\/#breadcrumb","itemListElement":[{"@type":"ListItem","position":1,"name":"Home","item":"https:\/\/nicandmel.com\/sv\/"},{"@type":"ListItem","position":2,"name":"Butik","item":"https:\/\/nicandmel.com\/sv\/butik\/"},{"@type":"ListItem","position":3,"name":"VINCE, Svart l\u00e4der, armbandsur"}]},{"@type":"WebSite","@id":"https:\/\/nicandmel.com\/sv\/#website","url":"https:\/\/nicandmel.com\/sv\/","name":"Nic & Mel","description":"Handmade leather goods","publisher":{"@id":"https:\/\/nicandmel.com\/sv\/#organization"},"potentialAction":[{"@type":"SearchAction","target":{"@type":"EntryPoint","urlTemplate":"https:\/\/nicandmel.com\/sv\/?s={search_term_string}"},"query-input":{"@type":"PropertyValueSpecification","valueRequired":true,"valueName":"search_term_string"}}],"inLanguage":"sv-SE"},{"@type":"Organization","@id":"https:\/\/nicandmel.com\/sv\/#organization","name":"Nic & Mel","url":"https:\/\/nicandmel.com\/sv\/","logo":{"@type":"ImageObject","inLanguage":"sv-SE","@id":"https:\/\/nicandmel.com\/sv\/#\/schema\/logo\/image\/","url":"https:\/\/nicandmel.com\/wp-content\/uploads\/2021\/07\/nic_and_mel_logo.png","contentUrl":"https:\/\/nicandmel.com\/wp-content\/uploads\/2021\/07\/nic_and_mel_logo.png","width":1237,"height":263,"caption":"Nic & Mel"},"image":{"@id":"https:\/\/nicandmel.com\/sv\/#\/schema\/logo\/image\/"},"sameAs":["https:\/\/www.facebook.com\/nicandmel"]}]}},"_links":{"self":[{"href":"https:\/\/nicandmel.com\/sv\/wp-json\/wp\/v2\/product\/18851","targetHints":{"allow":["GET"]}}],"collection":[{"href":"https:\/\/nicandmel.com\/sv\/wp-json\/wp\/v2\/product"}],"about":[{"href":"https:\/\/nicandmel.com\/sv\/wp-json\/wp\/v2\/types\/product"}],"wp:featuredmedia":[{"embeddable":true,"href":"https:\/\/nicandmel.com\/sv\/wp-json\/wp\/v2\/media\/15804"}],"wp:attachment":[{"href":"https:\/\/nicandmel.com\/sv\/wp-json\/wp\/v2\/media?parent=18851"}],"wp:term":[{"taxonomy":"product_brand","embeddable":true,"href":"https:\/\/nicandmel.com\/sv\/wp-json\/wp\/v2\/product_brand?post=18851"},{"taxonomy":"product_cat","embeddable":true,"href":"https:\/\/nicandmel.com\/sv\/wp-json\/wp\/v2\/product_cat?post=18851"},{"taxonomy":"product_tag","embeddable":true,"href":"https:\/\/nicandmel.com\/sv\/wp-json\/wp\/v2\/product_tag?post=18851"}],"curies":[{"name":"wp","href":"https:\/\/api.w.org\/{rel}","templated":true}]}}