{"id":18855,"date":"2019-01-11T14:47:52","date_gmt":"2019-01-11T13:47:52","guid":{"rendered":"https:\/\/nicandmel.com\/product\/vince-armbandsur-cognaclader\/"},"modified":"2024-11-25T11:40:22","modified_gmt":"2024-11-25T10:40:22","slug":"vince-armbandsur-cognaclader","status":"publish","type":"product","link":"https:\/\/nicandmel.com\/sv\/produkt\/vince-armbandsur-cognaclader\/","title":{"rendered":"VINCE, Armbandsur, Cognacl\u00e4der"},"content":{"rendered":"<p>Vince-klockan \u00e4r en h\u00e5llbar klocka tillverkad av rostfritt st\u00e5l, med en elegant design och olika distinkta element: Material: Rostfritt st\u00e5l garanterar h\u00e5llbarhet och l\u00e5ng livsl\u00e4ngd. Urtavla: Klockan har en klassisk rund svart urtavla med gyllene siffror och visare, vilket ger en elegant touch. Sekundvisare: En livfull r\u00f6d sekundvisare ger ett sportigt inslag till den \u00f6vergripande designen. Bezel: Den upph\u00f6jda bezel som omger urtavlan \u00e4r tillverkad av glas, vilket f\u00f6rst\u00e4rker klockans estetiska uttryck. Rem: Den cognacsf\u00e4rgade kalvl\u00e4derremmen har r\u00e5a kanter och f\u00e4sts med ett sp\u00e4nne i rostfritt st\u00e5l, vilket kombinerar stil med komfort. Nickelfri: Alla klockor i denna serie \u00e4r nickelfria, vilket garanterar att de \u00e4r l\u00e4mpliga f\u00f6r personer med nickelk\u00e4nslighet. F\u00f6rpackning: Klockan kommer f\u00f6rpackad i en exklusiv Nic &amp; Mel-box, vilket ger en lyxig presentation. Specifikationer: Boettens diameter: 37,5 mm<br \/>\nBoettens djup: 8 mm<br \/>\nDjup inklusive glas: 12 mm<br \/>\nArmbandets bredd: 22 mm<br \/>\nGlas: Mineralglas, k\u00e4nt f\u00f6r sin rept\u00e5lighet och h\u00e5llbarhet.<br \/>\nWater Resistance: 3ATM, vilket inneb\u00e4r att den \u00e4r motst\u00e5ndskraftig mot st\u00e4nk och regn.<br \/>\nUrverk: Quartz Miyota 2035, 3 H &#8211; ett p\u00e5litligt kvartsurverk som \u00e4r k\u00e4nt f\u00f6r sin precision.<br \/>\nStr\u00f6mf\u00f6rs\u00f6rjning: Batteridriven, levereras med ett \u00e5rs garanti f\u00f6r batteriet.<br \/>\nSammantaget kombinerar Vince-klockan funktionalitet med stil och visar en blandning av klassiska designelement med moderna funktioner och material, l\u00e4mplig f\u00f6r vardagsbruk och olika tillf\u00e4llen.<\/p>\n","protected":false},"excerpt":{"rendered":"<p>Vince-klockan \u00e4r en h\u00e5llbar klocka tillverkad i rostfritt st\u00e5l, med en elegant design och olika utm\u00e4rkande element:<\/p>\n","protected":false},"featured_media":15807,"template":"","meta":{"_acf_changed":false},"product_brand":[],"product_cat":[1937],"product_tag":[],"class_list":{"0":"post-18855","1":"product","2":"type-product","3":"status-publish","4":"has-post-thumbnail","6":"product_cat-klockor","8":"first","9":"instock","10":"taxable","11":"shipping-taxable","12":"purchasable","13":"product-type-simple"},"acf":[],"yoast_head":"<!-- This site is optimized with the Yoast SEO plugin v27.3 - https:\/\/yoast.com\/product\/yoast-seo-wordpress\/ -->\n<title>VINCE, Armbandsur, Cognacl\u00e4der - Nic &amp; Mel<\/title>\n<meta name=\"robots\" content=\"index, follow, max-snippet:-1, max-image-preview:large, max-video-preview:-1\" \/>\n<link rel=\"canonical\" href=\"https:\/\/nicandmel.com\/sv\/produkt\/vince-armbandsur-cognaclader\/\" \/>\n<meta property=\"og:locale\" content=\"sv_SE\" \/>\n<meta property=\"og:type\" content=\"article\" \/>\n<meta property=\"og:title\" content=\"VINCE, Armbandsur, Cognacl\u00e4der - Nic &amp; Mel\" \/>\n<meta property=\"og:description\" content=\"Vince-klockan \u00e4r en h\u00e5llbar klocka tillverkad i rostfritt st\u00e5l, med en elegant design och olika utm\u00e4rkande element:\" \/>\n<meta property=\"og:url\" content=\"https:\/\/nicandmel.com\/sv\/produkt\/vince-armbandsur-cognaclader\/\" \/>\n<meta property=\"og:site_name\" content=\"Nic &amp; Mel\" \/>\n<meta property=\"article:publisher\" content=\"https:\/\/www.facebook.com\/nicandmel\" \/>\n<meta property=\"article:modified_time\" content=\"2024-11-25T10:40:22+00:00\" \/>\n<meta property=\"og:image\" content=\"https:\/\/nicandmel.com\/wp-content\/uploads\/2016\/09\/web_vince_cognac.jpg\" \/>\n\t<meta property=\"og:image:width\" content=\"2000\" \/>\n\t<meta property=\"og:image:height\" content=\"1370\" \/>\n\t<meta property=\"og:image:type\" content=\"image\/jpeg\" \/>\n<meta name=\"twitter:card\" content=\"summary_large_image\" \/>\n<meta name=\"twitter:label1\" content=\"Ber\u00e4knad l\u00e4stid\" \/>\n\t<meta name=\"twitter:data1\" content=\"1 minut\" \/>\n<script type=\"application\/ld+json\" class=\"yoast-schema-graph\">{\"@context\":\"https:\\\/\\\/schema.org\",\"@graph\":[{\"@type\":\"WebPage\",\"@id\":\"https:\\\/\\\/nicandmel.com\\\/sv\\\/produkt\\\/vince-armbandsur-cognaclader\\\/\",\"url\":\"https:\\\/\\\/nicandmel.com\\\/sv\\\/produkt\\\/vince-armbandsur-cognaclader\\\/\",\"name\":\"VINCE, Armbandsur, Cognacl\u00e4der - Nic &amp; Mel\",\"isPartOf\":{\"@id\":\"https:\\\/\\\/nicandmel.com\\\/sv\\\/#website\"},\"primaryImageOfPage\":{\"@id\":\"https:\\\/\\\/nicandmel.com\\\/sv\\\/produkt\\\/vince-armbandsur-cognaclader\\\/#primaryimage\"},\"image\":{\"@id\":\"https:\\\/\\\/nicandmel.com\\\/sv\\\/produkt\\\/vince-armbandsur-cognaclader\\\/#primaryimage\"},\"thumbnailUrl\":\"https:\\\/\\\/nicandmel.com\\\/wp-content\\\/uploads\\\/2016\\\/09\\\/web_vince_cognac.jpg\",\"datePublished\":\"2019-01-11T13:47:52+00:00\",\"dateModified\":\"2024-11-25T10:40:22+00:00\",\"breadcrumb\":{\"@id\":\"https:\\\/\\\/nicandmel.com\\\/sv\\\/produkt\\\/vince-armbandsur-cognaclader\\\/#breadcrumb\"},\"inLanguage\":\"sv-SE\",\"potentialAction\":[{\"@type\":\"ReadAction\",\"target\":[\"https:\\\/\\\/nicandmel.com\\\/sv\\\/produkt\\\/vince-armbandsur-cognaclader\\\/\"]}]},{\"@type\":\"ImageObject\",\"inLanguage\":\"sv-SE\",\"@id\":\"https:\\\/\\\/nicandmel.com\\\/sv\\\/produkt\\\/vince-armbandsur-cognaclader\\\/#primaryimage\",\"url\":\"https:\\\/\\\/nicandmel.com\\\/wp-content\\\/uploads\\\/2016\\\/09\\\/web_vince_cognac.jpg\",\"contentUrl\":\"https:\\\/\\\/nicandmel.com\\\/wp-content\\\/uploads\\\/2016\\\/09\\\/web_vince_cognac.jpg\",\"width\":2000,\"height\":1370},{\"@type\":\"BreadcrumbList\",\"@id\":\"https:\\\/\\\/nicandmel.com\\\/sv\\\/produkt\\\/vince-armbandsur-cognaclader\\\/#breadcrumb\",\"itemListElement\":[{\"@type\":\"ListItem\",\"position\":1,\"name\":\"Home\",\"item\":\"https:\\\/\\\/nicandmel.com\\\/sv\\\/\"},{\"@type\":\"ListItem\",\"position\":2,\"name\":\"Butik\",\"item\":\"https:\\\/\\\/nicandmel.com\\\/sv\\\/butik\\\/\"},{\"@type\":\"ListItem\",\"position\":3,\"name\":\"VINCE, Armbandsur, Cognacl\u00e4der\"}]},{\"@type\":\"WebSite\",\"@id\":\"https:\\\/\\\/nicandmel.com\\\/sv\\\/#website\",\"url\":\"https:\\\/\\\/nicandmel.com\\\/sv\\\/\",\"name\":\"Nic & Mel\",\"description\":\"Handmade leather goods\",\"publisher\":{\"@id\":\"https:\\\/\\\/nicandmel.com\\\/sv\\\/#organization\"},\"potentialAction\":[{\"@type\":\"SearchAction\",\"target\":{\"@type\":\"EntryPoint\",\"urlTemplate\":\"https:\\\/\\\/nicandmel.com\\\/sv\\\/?s={search_term_string}\"},\"query-input\":{\"@type\":\"PropertyValueSpecification\",\"valueRequired\":true,\"valueName\":\"search_term_string\"}}],\"inLanguage\":\"sv-SE\"},{\"@type\":\"Organization\",\"@id\":\"https:\\\/\\\/nicandmel.com\\\/sv\\\/#organization\",\"name\":\"Nic & Mel\",\"url\":\"https:\\\/\\\/nicandmel.com\\\/sv\\\/\",\"logo\":{\"@type\":\"ImageObject\",\"inLanguage\":\"sv-SE\",\"@id\":\"https:\\\/\\\/nicandmel.com\\\/sv\\\/#\\\/schema\\\/logo\\\/image\\\/\",\"url\":\"https:\\\/\\\/nicandmel.com\\\/wp-content\\\/uploads\\\/2021\\\/07\\\/nic_and_mel_logo.png\",\"contentUrl\":\"https:\\\/\\\/nicandmel.com\\\/wp-content\\\/uploads\\\/2021\\\/07\\\/nic_and_mel_logo.png\",\"width\":1237,\"height\":263,\"caption\":\"Nic & Mel\"},\"image\":{\"@id\":\"https:\\\/\\\/nicandmel.com\\\/sv\\\/#\\\/schema\\\/logo\\\/image\\\/\"},\"sameAs\":[\"https:\\\/\\\/www.facebook.com\\\/nicandmel\"]}]}<\/script>\n<!-- \/ Yoast SEO plugin. -->","yoast_head_json":{"title":"VINCE, Armbandsur, Cognacl\u00e4der - Nic &amp; Mel","robots":{"index":"index","follow":"follow","max-snippet":"max-snippet:-1","max-image-preview":"max-image-preview:large","max-video-preview":"max-video-preview:-1"},"canonical":"https:\/\/nicandmel.com\/sv\/produkt\/vince-armbandsur-cognaclader\/","og_locale":"sv_SE","og_type":"article","og_title":"VINCE, Armbandsur, Cognacl\u00e4der - Nic &amp; Mel","og_description":"Vince-klockan \u00e4r en h\u00e5llbar klocka tillverkad i rostfritt st\u00e5l, med en elegant design och olika utm\u00e4rkande element:","og_url":"https:\/\/nicandmel.com\/sv\/produkt\/vince-armbandsur-cognaclader\/","og_site_name":"Nic &amp; Mel","article_publisher":"https:\/\/www.facebook.com\/nicandmel","article_modified_time":"2024-11-25T10:40:22+00:00","og_image":[{"width":2000,"height":1370,"url":"https:\/\/nicandmel.com\/wp-content\/uploads\/2016\/09\/web_vince_cognac.jpg","type":"image\/jpeg"}],"twitter_card":"summary_large_image","twitter_misc":{"Ber\u00e4knad l\u00e4stid":"1 minut"},"schema":{"@context":"https:\/\/schema.org","@graph":[{"@type":"WebPage","@id":"https:\/\/nicandmel.com\/sv\/produkt\/vince-armbandsur-cognaclader\/","url":"https:\/\/nicandmel.com\/sv\/produkt\/vince-armbandsur-cognaclader\/","name":"VINCE, Armbandsur, Cognacl\u00e4der - Nic &amp; Mel","isPartOf":{"@id":"https:\/\/nicandmel.com\/sv\/#website"},"primaryImageOfPage":{"@id":"https:\/\/nicandmel.com\/sv\/produkt\/vince-armbandsur-cognaclader\/#primaryimage"},"image":{"@id":"https:\/\/nicandmel.com\/sv\/produkt\/vince-armbandsur-cognaclader\/#primaryimage"},"thumbnailUrl":"https:\/\/nicandmel.com\/wp-content\/uploads\/2016\/09\/web_vince_cognac.jpg","datePublished":"2019-01-11T13:47:52+00:00","dateModified":"2024-11-25T10:40:22+00:00","breadcrumb":{"@id":"https:\/\/nicandmel.com\/sv\/produkt\/vince-armbandsur-cognaclader\/#breadcrumb"},"inLanguage":"sv-SE","potentialAction":[{"@type":"ReadAction","target":["https:\/\/nicandmel.com\/sv\/produkt\/vince-armbandsur-cognaclader\/"]}]},{"@type":"ImageObject","inLanguage":"sv-SE","@id":"https:\/\/nicandmel.com\/sv\/produkt\/vince-armbandsur-cognaclader\/#primaryimage","url":"https:\/\/nicandmel.com\/wp-content\/uploads\/2016\/09\/web_vince_cognac.jpg","contentUrl":"https:\/\/nicandmel.com\/wp-content\/uploads\/2016\/09\/web_vince_cognac.jpg","width":2000,"height":1370},{"@type":"BreadcrumbList","@id":"https:\/\/nicandmel.com\/sv\/produkt\/vince-armbandsur-cognaclader\/#breadcrumb","itemListElement":[{"@type":"ListItem","position":1,"name":"Home","item":"https:\/\/nicandmel.com\/sv\/"},{"@type":"ListItem","position":2,"name":"Butik","item":"https:\/\/nicandmel.com\/sv\/butik\/"},{"@type":"ListItem","position":3,"name":"VINCE, Armbandsur, Cognacl\u00e4der"}]},{"@type":"WebSite","@id":"https:\/\/nicandmel.com\/sv\/#website","url":"https:\/\/nicandmel.com\/sv\/","name":"Nic & Mel","description":"Handmade leather goods","publisher":{"@id":"https:\/\/nicandmel.com\/sv\/#organization"},"potentialAction":[{"@type":"SearchAction","target":{"@type":"EntryPoint","urlTemplate":"https:\/\/nicandmel.com\/sv\/?s={search_term_string}"},"query-input":{"@type":"PropertyValueSpecification","valueRequired":true,"valueName":"search_term_string"}}],"inLanguage":"sv-SE"},{"@type":"Organization","@id":"https:\/\/nicandmel.com\/sv\/#organization","name":"Nic & Mel","url":"https:\/\/nicandmel.com\/sv\/","logo":{"@type":"ImageObject","inLanguage":"sv-SE","@id":"https:\/\/nicandmel.com\/sv\/#\/schema\/logo\/image\/","url":"https:\/\/nicandmel.com\/wp-content\/uploads\/2021\/07\/nic_and_mel_logo.png","contentUrl":"https:\/\/nicandmel.com\/wp-content\/uploads\/2021\/07\/nic_and_mel_logo.png","width":1237,"height":263,"caption":"Nic & Mel"},"image":{"@id":"https:\/\/nicandmel.com\/sv\/#\/schema\/logo\/image\/"},"sameAs":["https:\/\/www.facebook.com\/nicandmel"]}]}},"_links":{"self":[{"href":"https:\/\/nicandmel.com\/sv\/wp-json\/wp\/v2\/product\/18855","targetHints":{"allow":["GET"]}}],"collection":[{"href":"https:\/\/nicandmel.com\/sv\/wp-json\/wp\/v2\/product"}],"about":[{"href":"https:\/\/nicandmel.com\/sv\/wp-json\/wp\/v2\/types\/product"}],"wp:featuredmedia":[{"embeddable":true,"href":"https:\/\/nicandmel.com\/sv\/wp-json\/wp\/v2\/media\/15807"}],"wp:attachment":[{"href":"https:\/\/nicandmel.com\/sv\/wp-json\/wp\/v2\/media?parent=18855"}],"wp:term":[{"taxonomy":"product_brand","embeddable":true,"href":"https:\/\/nicandmel.com\/sv\/wp-json\/wp\/v2\/product_brand?post=18855"},{"taxonomy":"product_cat","embeddable":true,"href":"https:\/\/nicandmel.com\/sv\/wp-json\/wp\/v2\/product_cat?post=18855"},{"taxonomy":"product_tag","embeddable":true,"href":"https:\/\/nicandmel.com\/sv\/wp-json\/wp\/v2\/product_tag?post=18855"}],"curies":[{"name":"wp","href":"https:\/\/api.w.org\/{rel}","templated":true}]}}