{"id":18936,"date":"2023-08-21T13:12:46","date_gmt":"2023-08-21T11:12:46","guid":{"rendered":"https:\/\/nicandmel.com\/product\/greg-iphone-planbok-black\/"},"modified":"2026-01-09T08:15:27","modified_gmt":"2026-01-09T07:15:27","slug":"greg-iphone-planbok-black","status":"publish","type":"product","link":"https:\/\/nicandmel.com\/sv\/produkt\/greg-iphone-planbok-black\/","title":{"rendered":"Greg iPhone pl\u00e5nbok BLACK"},"content":{"rendered":"<p><strong>Greg Phone Wallet &#8211; d\u00e4r stil m\u00f6ter funktionalitet!<\/strong><\/p>\n<p>\u2728 <strong>Uts\u00f6kt hantverksskicklighet<\/strong>:<\/p>\n<ul>\n<li>Tidl\u00f6s, klassisk design som utstr\u00e5lar sofistikation.<\/li>\n<li>Noggrant handgjorda med l\u00e4der av finaste kvalitet.<\/li>\n<li>Utstr\u00e5lar en aura av lyx, vilket skiljer den fr\u00e5n resten.<\/li>\n<\/ul>\n<p><strong>Bekv\u00e4mlighet m\u00f6ter kapacitet:<\/strong><\/p>\n<ul>\n<li>Tre kreditkortsfack avsedda f\u00f6r 4-8 kort.<\/li>\n<li>H\u00e5ll dina viktigaste saker s\u00e4krade utan att det blir f\u00f6r stort f\u00f6r en traditionell pl\u00e5nbok.<\/li>\n<\/ul>\n<p><strong>Magnetisk iPhone-h\u00e5llare:<\/strong><\/p>\n<ul>\n<li>Innovativ magnetisk f\u00f6rslutning f\u00f6r s\u00e4ker placering av enheten.<\/li>\n<li>L\u00e4tt avtagbar &#8211; anv\u00e4nd din telefon med eller utan l\u00e4derfodralet.<\/li>\n<\/ul>\n<p><strong>Tr\u00e5dl\u00f6s laddning Kompatibilitet:<\/strong><\/p>\n<ul>\n<li>S\u00f6ml\u00f6st kompatibel med tr\u00e5dl\u00f6s laddningsteknik.<\/li>\n<li>Du beh\u00f6ver inte ta ut telefonen ur fodralet &#8211; ladda utan problem!<\/li>\n<\/ul>\n<p><strong>M\u00e5ngsidig och tidl\u00f6s:<\/strong><\/p>\n<ul>\n<li>Mer \u00e4n en telefonpl\u00e5nbok; en statement piece f\u00f6r alla tillf\u00e4llen.<\/li>\n<li>Ger elegans till formella evenemang och en touch av klass till avslappnade utflykter.<\/li>\n<\/ul>\n<p><strong>G\u00e5 med i trends\u00e4ttarna:<\/strong><\/p>\n<ul>\n<li>Otaliga n\u00f6jda kunder har gjort Andrew till sin favoritpl\u00e5nbok f\u00f6r telefoner.<\/li>\n<li>Positiv feedback str\u00f6mmar in &#8211; upplev fusionen mellan mode och funktionalitet.<\/li>\n<\/ul>\n<p><strong>Skaffa din Andrew Phone Wallet idag:<\/strong><\/p>\n<ul>\n<li>Missa inte den hetaste telefonpl\u00e5nboken i stan.<\/li>\n<li>G\u00e5 till v\u00e5r butik och h\u00e4mta din Andrew nu.<\/li>\n<li>F\u00f6rh\u00f6j din stil, f\u00f6renkla ditt liv &#8211; omfamna bekv\u00e4mligheten med en sann klassiker!<\/li>\n<\/ul>\n","protected":false},"excerpt":{"rendered":"<p><strong>Material:<\/strong> Fullnarvigt, vegetabiliskt garvat l\u00e4der. Denna typ av l\u00e4der \u00e4r k\u00e4nt f\u00f6r sin h\u00e5llbarhet, kvalitet och \u00e5ldrande med tiden. <strong>Avtagbart magnetiskt bakstycke:<\/strong> Medf\u00f6ljer f\u00f6r att f\u00e4sta iPhone p\u00e5 miniv\u00e4skan. Den mjuka, omslutande plasten ger ett s\u00e4kert men \u00e4nd\u00e5 skonsamt grepp om telefonen. <strong>Anpassad f\u00f6r tr\u00e5dl\u00f6s laddning: <\/strong>Designen m\u00f6jligg\u00f6r tr\u00e5dl\u00f6s laddning utan att telefonen beh\u00f6ver tas ur p\u00e5sen, vilket \u00f6kar bekv\u00e4mligheten. <strong>Design:<\/strong> Insidan av p\u00e5sen verkar v\u00e4lorganiserad med en stor \u00f6ppen ficka och fyra kortplatser p\u00e5 v\u00e4nster sida. Denna layout hj\u00e4lper till att h\u00e5lla viktiga saker som kort, kontanter eller anteckningar l\u00e4ttillg\u00e4ngliga och organiserade. <strong>St\u00e4ngning:<\/strong> Fickan f\u00f6rsluts med ett robust blixtl\u00e5s i m\u00e4ssing, vilket g\u00f6r att inneh\u00e5llet i fickan \u00e4r s\u00e4kert samtidigt som det ger en elegant touch till designen.<\/p>\n","protected":false},"featured_media":17919,"template":"","meta":{"_acf_changed":false},"product_brand":[],"product_cat":[1813],"product_tag":[],"class_list":{"0":"post-18936","1":"product","2":"type-product","3":"status-publish","4":"has-post-thumbnail","6":"product_cat-mobiltillbehor","7":"pa_model-iphone-11-sv-2","8":"pa_model-iphone-11-pro-sv-2","9":"pa_model-iphone-11-pro-max-sv-2","10":"pa_model-iphone-12-sv-2","11":"pa_model-iphone-12-mini-sv-2","12":"pa_model-iphone-12-pro-sv-2","13":"pa_model-iphone-12-pro-max","14":"pa_model-iphone-13-sv-2","15":"pa_model-iphone-13-mini-sv-2","16":"pa_model-iphone-13-pro-sv-2","17":"pa_model-iphone-13-pro-max-sv-2","18":"pa_model-iphone-14-sv-2","19":"pa_model-iphone-14-plus-sv-2","20":"pa_model-iphone-14-pro-sv-2","21":"pa_model-iphone-14-pro-max-sv-2","22":"pa_model-iphone-15-sv-2","23":"pa_model-iphone-15-pro-sv-2","24":"pa_model-iphone-15-pro-max-sv-2","25":"pa_model-iphone-16","26":"pa_model-iphone-16-plus","27":"pa_model-iphone-16-pro","28":"pa_model-iphone-16-pro-max","29":"pa_model-iphone-17","30":"pa_model-iphone-17-air","31":"pa_model-iphone-17-pro","32":"pa_model-iphone-17-pro-max","33":"pa_model-iphone-5-5s-se-sv-2","34":"pa_model-iphone-6-6s-sv-2","35":"pa_model-iphone-6-6s-plus-sv-2","36":"pa_model-iphone-7-sv-2","37":"pa_model-iphone-7-plus-sv-2","38":"pa_model-iphone-8-sv-2","39":"pa_model-iphone-8-plus-sv-2","40":"pa_model-iphone-x-sv-2","41":"pa_model-iphone-x-xs-sv-2","42":"pa_model-iphone-xr-sv-2","43":"pa_model-iphone-xs-sv-2","44":"pa_model-iphone-xs-max-sv-2","45":"pa_model-se-2020-sv-2","46":"pa_model-se-32022-sv","48":"first","49":"instock","50":"taxable","51":"shipping-taxable","52":"purchasable","53":"product-type-variable"},"acf":[],"yoast_head":"<!-- This site is optimized with the Yoast SEO plugin v27.3 - https:\/\/yoast.com\/product\/yoast-seo-wordpress\/ -->\n<title>Greg iPhone pl\u00e5nbok BLACK - Nic &amp; Mel<\/title>\n<meta name=\"robots\" content=\"index, follow, max-snippet:-1, max-image-preview:large, max-video-preview:-1\" \/>\n<link rel=\"canonical\" href=\"https:\/\/nicandmel.com\/sv\/produkt\/greg-iphone-planbok-black\/\" \/>\n<meta property=\"og:locale\" content=\"sv_SE\" \/>\n<meta property=\"og:type\" content=\"article\" \/>\n<meta property=\"og:title\" content=\"Greg iPhone pl\u00e5nbok BLACK - Nic &amp; Mel\" \/>\n<meta property=\"og:description\" content=\"Material: Fullnarvigt, vegetabiliskt garvat l\u00e4der. Denna typ av l\u00e4der \u00e4r k\u00e4nt f\u00f6r sin h\u00e5llbarhet, kvalitet och \u00e5ldrande med tiden. Avtagbart magnetiskt bakstycke: Medf\u00f6ljer f\u00f6r att f\u00e4sta iPhone p\u00e5 miniv\u00e4skan. Den mjuka, omslutande plasten ger ett s\u00e4kert men \u00e4nd\u00e5 skonsamt grepp om telefonen. Anpassad f\u00f6r tr\u00e5dl\u00f6s laddning: Designen m\u00f6jligg\u00f6r tr\u00e5dl\u00f6s laddning utan att telefonen beh\u00f6ver tas ur p\u00e5sen, vilket \u00f6kar bekv\u00e4mligheten. Design: Insidan av p\u00e5sen verkar v\u00e4lorganiserad med en stor \u00f6ppen ficka och fyra kortplatser p\u00e5 v\u00e4nster sida. Denna layout hj\u00e4lper till att h\u00e5lla viktiga saker som kort, kontanter eller anteckningar l\u00e4ttillg\u00e4ngliga och organiserade. St\u00e4ngning: Fickan f\u00f6rsluts med ett robust blixtl\u00e5s i m\u00e4ssing, vilket g\u00f6r att inneh\u00e5llet i fickan \u00e4r s\u00e4kert samtidigt som det ger en elegant touch till designen.\" \/>\n<meta property=\"og:url\" content=\"https:\/\/nicandmel.com\/sv\/produkt\/greg-iphone-planbok-black\/\" \/>\n<meta property=\"og:site_name\" content=\"Nic &amp; Mel\" \/>\n<meta property=\"article:publisher\" content=\"https:\/\/www.facebook.com\/nicandmel\" \/>\n<meta property=\"article:modified_time\" content=\"2026-01-09T07:15:27+00:00\" \/>\n<meta property=\"og:image\" content=\"https:\/\/nicandmel.com\/wp-content\/uploads\/2019\/11\/greg-black-wallet-11-max_1.jpg\" \/>\n\t<meta property=\"og:image:width\" content=\"1500\" \/>\n\t<meta property=\"og:image:height\" content=\"1829\" \/>\n\t<meta property=\"og:image:type\" content=\"image\/jpeg\" \/>\n<meta name=\"twitter:card\" content=\"summary_large_image\" \/>\n<meta name=\"twitter:label1\" content=\"Ber\u00e4knad l\u00e4stid\" \/>\n\t<meta name=\"twitter:data1\" content=\"1 minut\" \/>\n<script type=\"application\/ld+json\" class=\"yoast-schema-graph\">{\"@context\":\"https:\\\/\\\/schema.org\",\"@graph\":[{\"@type\":\"WebPage\",\"@id\":\"https:\\\/\\\/nicandmel.com\\\/sv\\\/produkt\\\/greg-iphone-planbok-black\\\/\",\"url\":\"https:\\\/\\\/nicandmel.com\\\/sv\\\/produkt\\\/greg-iphone-planbok-black\\\/\",\"name\":\"Greg iPhone pl\u00e5nbok BLACK - Nic &amp; Mel\",\"isPartOf\":{\"@id\":\"https:\\\/\\\/nicandmel.com\\\/sv\\\/#website\"},\"primaryImageOfPage\":{\"@id\":\"https:\\\/\\\/nicandmel.com\\\/sv\\\/produkt\\\/greg-iphone-planbok-black\\\/#primaryimage\"},\"image\":{\"@id\":\"https:\\\/\\\/nicandmel.com\\\/sv\\\/produkt\\\/greg-iphone-planbok-black\\\/#primaryimage\"},\"thumbnailUrl\":\"https:\\\/\\\/nicandmel.com\\\/wp-content\\\/uploads\\\/2019\\\/11\\\/greg-black-wallet-11-max_1.jpg\",\"datePublished\":\"2023-08-21T11:12:46+00:00\",\"dateModified\":\"2026-01-09T07:15:27+00:00\",\"breadcrumb\":{\"@id\":\"https:\\\/\\\/nicandmel.com\\\/sv\\\/produkt\\\/greg-iphone-planbok-black\\\/#breadcrumb\"},\"inLanguage\":\"sv-SE\",\"potentialAction\":[{\"@type\":\"ReadAction\",\"target\":[\"https:\\\/\\\/nicandmel.com\\\/sv\\\/produkt\\\/greg-iphone-planbok-black\\\/\"]}]},{\"@type\":\"ImageObject\",\"inLanguage\":\"sv-SE\",\"@id\":\"https:\\\/\\\/nicandmel.com\\\/sv\\\/produkt\\\/greg-iphone-planbok-black\\\/#primaryimage\",\"url\":\"https:\\\/\\\/nicandmel.com\\\/wp-content\\\/uploads\\\/2019\\\/11\\\/greg-black-wallet-11-max_1.jpg\",\"contentUrl\":\"https:\\\/\\\/nicandmel.com\\\/wp-content\\\/uploads\\\/2019\\\/11\\\/greg-black-wallet-11-max_1.jpg\",\"width\":1500,\"height\":1829},{\"@type\":\"BreadcrumbList\",\"@id\":\"https:\\\/\\\/nicandmel.com\\\/sv\\\/produkt\\\/greg-iphone-planbok-black\\\/#breadcrumb\",\"itemListElement\":[{\"@type\":\"ListItem\",\"position\":1,\"name\":\"Home\",\"item\":\"https:\\\/\\\/nicandmel.com\\\/sv\\\/\"},{\"@type\":\"ListItem\",\"position\":2,\"name\":\"Butik\",\"item\":\"https:\\\/\\\/nicandmel.com\\\/sv\\\/butik\\\/\"},{\"@type\":\"ListItem\",\"position\":3,\"name\":\"Greg iPhone pl\u00e5nbok BLACK\"}]},{\"@type\":\"WebSite\",\"@id\":\"https:\\\/\\\/nicandmel.com\\\/sv\\\/#website\",\"url\":\"https:\\\/\\\/nicandmel.com\\\/sv\\\/\",\"name\":\"Nic & Mel\",\"description\":\"Handmade leather goods\",\"publisher\":{\"@id\":\"https:\\\/\\\/nicandmel.com\\\/sv\\\/#organization\"},\"potentialAction\":[{\"@type\":\"SearchAction\",\"target\":{\"@type\":\"EntryPoint\",\"urlTemplate\":\"https:\\\/\\\/nicandmel.com\\\/sv\\\/?s={search_term_string}\"},\"query-input\":{\"@type\":\"PropertyValueSpecification\",\"valueRequired\":true,\"valueName\":\"search_term_string\"}}],\"inLanguage\":\"sv-SE\"},{\"@type\":\"Organization\",\"@id\":\"https:\\\/\\\/nicandmel.com\\\/sv\\\/#organization\",\"name\":\"Nic & Mel\",\"url\":\"https:\\\/\\\/nicandmel.com\\\/sv\\\/\",\"logo\":{\"@type\":\"ImageObject\",\"inLanguage\":\"sv-SE\",\"@id\":\"https:\\\/\\\/nicandmel.com\\\/sv\\\/#\\\/schema\\\/logo\\\/image\\\/\",\"url\":\"https:\\\/\\\/nicandmel.com\\\/wp-content\\\/uploads\\\/2021\\\/07\\\/nic_and_mel_logo.png\",\"contentUrl\":\"https:\\\/\\\/nicandmel.com\\\/wp-content\\\/uploads\\\/2021\\\/07\\\/nic_and_mel_logo.png\",\"width\":1237,\"height\":263,\"caption\":\"Nic & Mel\"},\"image\":{\"@id\":\"https:\\\/\\\/nicandmel.com\\\/sv\\\/#\\\/schema\\\/logo\\\/image\\\/\"},\"sameAs\":[\"https:\\\/\\\/www.facebook.com\\\/nicandmel\"]}]}<\/script>\n<!-- \/ Yoast SEO plugin. -->","yoast_head_json":{"title":"Greg iPhone pl\u00e5nbok BLACK - Nic &amp; Mel","robots":{"index":"index","follow":"follow","max-snippet":"max-snippet:-1","max-image-preview":"max-image-preview:large","max-video-preview":"max-video-preview:-1"},"canonical":"https:\/\/nicandmel.com\/sv\/produkt\/greg-iphone-planbok-black\/","og_locale":"sv_SE","og_type":"article","og_title":"Greg iPhone pl\u00e5nbok BLACK - Nic &amp; Mel","og_description":"Material: Fullnarvigt, vegetabiliskt garvat l\u00e4der. Denna typ av l\u00e4der \u00e4r k\u00e4nt f\u00f6r sin h\u00e5llbarhet, kvalitet och \u00e5ldrande med tiden. Avtagbart magnetiskt bakstycke: Medf\u00f6ljer f\u00f6r att f\u00e4sta iPhone p\u00e5 miniv\u00e4skan. Den mjuka, omslutande plasten ger ett s\u00e4kert men \u00e4nd\u00e5 skonsamt grepp om telefonen. Anpassad f\u00f6r tr\u00e5dl\u00f6s laddning: Designen m\u00f6jligg\u00f6r tr\u00e5dl\u00f6s laddning utan att telefonen beh\u00f6ver tas ur p\u00e5sen, vilket \u00f6kar bekv\u00e4mligheten. Design: Insidan av p\u00e5sen verkar v\u00e4lorganiserad med en stor \u00f6ppen ficka och fyra kortplatser p\u00e5 v\u00e4nster sida. Denna layout hj\u00e4lper till att h\u00e5lla viktiga saker som kort, kontanter eller anteckningar l\u00e4ttillg\u00e4ngliga och organiserade. St\u00e4ngning: Fickan f\u00f6rsluts med ett robust blixtl\u00e5s i m\u00e4ssing, vilket g\u00f6r att inneh\u00e5llet i fickan \u00e4r s\u00e4kert samtidigt som det ger en elegant touch till designen.","og_url":"https:\/\/nicandmel.com\/sv\/produkt\/greg-iphone-planbok-black\/","og_site_name":"Nic &amp; Mel","article_publisher":"https:\/\/www.facebook.com\/nicandmel","article_modified_time":"2026-01-09T07:15:27+00:00","og_image":[{"width":1500,"height":1829,"url":"https:\/\/nicandmel.com\/wp-content\/uploads\/2019\/11\/greg-black-wallet-11-max_1.jpg","type":"image\/jpeg"}],"twitter_card":"summary_large_image","twitter_misc":{"Ber\u00e4knad l\u00e4stid":"1 minut"},"schema":{"@context":"https:\/\/schema.org","@graph":[{"@type":"WebPage","@id":"https:\/\/nicandmel.com\/sv\/produkt\/greg-iphone-planbok-black\/","url":"https:\/\/nicandmel.com\/sv\/produkt\/greg-iphone-planbok-black\/","name":"Greg iPhone pl\u00e5nbok BLACK - Nic &amp; Mel","isPartOf":{"@id":"https:\/\/nicandmel.com\/sv\/#website"},"primaryImageOfPage":{"@id":"https:\/\/nicandmel.com\/sv\/produkt\/greg-iphone-planbok-black\/#primaryimage"},"image":{"@id":"https:\/\/nicandmel.com\/sv\/produkt\/greg-iphone-planbok-black\/#primaryimage"},"thumbnailUrl":"https:\/\/nicandmel.com\/wp-content\/uploads\/2019\/11\/greg-black-wallet-11-max_1.jpg","datePublished":"2023-08-21T11:12:46+00:00","dateModified":"2026-01-09T07:15:27+00:00","breadcrumb":{"@id":"https:\/\/nicandmel.com\/sv\/produkt\/greg-iphone-planbok-black\/#breadcrumb"},"inLanguage":"sv-SE","potentialAction":[{"@type":"ReadAction","target":["https:\/\/nicandmel.com\/sv\/produkt\/greg-iphone-planbok-black\/"]}]},{"@type":"ImageObject","inLanguage":"sv-SE","@id":"https:\/\/nicandmel.com\/sv\/produkt\/greg-iphone-planbok-black\/#primaryimage","url":"https:\/\/nicandmel.com\/wp-content\/uploads\/2019\/11\/greg-black-wallet-11-max_1.jpg","contentUrl":"https:\/\/nicandmel.com\/wp-content\/uploads\/2019\/11\/greg-black-wallet-11-max_1.jpg","width":1500,"height":1829},{"@type":"BreadcrumbList","@id":"https:\/\/nicandmel.com\/sv\/produkt\/greg-iphone-planbok-black\/#breadcrumb","itemListElement":[{"@type":"ListItem","position":1,"name":"Home","item":"https:\/\/nicandmel.com\/sv\/"},{"@type":"ListItem","position":2,"name":"Butik","item":"https:\/\/nicandmel.com\/sv\/butik\/"},{"@type":"ListItem","position":3,"name":"Greg iPhone pl\u00e5nbok BLACK"}]},{"@type":"WebSite","@id":"https:\/\/nicandmel.com\/sv\/#website","url":"https:\/\/nicandmel.com\/sv\/","name":"Nic & Mel","description":"Handmade leather goods","publisher":{"@id":"https:\/\/nicandmel.com\/sv\/#organization"},"potentialAction":[{"@type":"SearchAction","target":{"@type":"EntryPoint","urlTemplate":"https:\/\/nicandmel.com\/sv\/?s={search_term_string}"},"query-input":{"@type":"PropertyValueSpecification","valueRequired":true,"valueName":"search_term_string"}}],"inLanguage":"sv-SE"},{"@type":"Organization","@id":"https:\/\/nicandmel.com\/sv\/#organization","name":"Nic & Mel","url":"https:\/\/nicandmel.com\/sv\/","logo":{"@type":"ImageObject","inLanguage":"sv-SE","@id":"https:\/\/nicandmel.com\/sv\/#\/schema\/logo\/image\/","url":"https:\/\/nicandmel.com\/wp-content\/uploads\/2021\/07\/nic_and_mel_logo.png","contentUrl":"https:\/\/nicandmel.com\/wp-content\/uploads\/2021\/07\/nic_and_mel_logo.png","width":1237,"height":263,"caption":"Nic & Mel"},"image":{"@id":"https:\/\/nicandmel.com\/sv\/#\/schema\/logo\/image\/"},"sameAs":["https:\/\/www.facebook.com\/nicandmel"]}]}},"_links":{"self":[{"href":"https:\/\/nicandmel.com\/sv\/wp-json\/wp\/v2\/product\/18936","targetHints":{"allow":["GET"]}}],"collection":[{"href":"https:\/\/nicandmel.com\/sv\/wp-json\/wp\/v2\/product"}],"about":[{"href":"https:\/\/nicandmel.com\/sv\/wp-json\/wp\/v2\/types\/product"}],"wp:featuredmedia":[{"embeddable":true,"href":"https:\/\/nicandmel.com\/sv\/wp-json\/wp\/v2\/media\/17919"}],"wp:attachment":[{"href":"https:\/\/nicandmel.com\/sv\/wp-json\/wp\/v2\/media?parent=18936"}],"wp:term":[{"taxonomy":"product_brand","embeddable":true,"href":"https:\/\/nicandmel.com\/sv\/wp-json\/wp\/v2\/product_brand?post=18936"},{"taxonomy":"product_cat","embeddable":true,"href":"https:\/\/nicandmel.com\/sv\/wp-json\/wp\/v2\/product_cat?post=18936"},{"taxonomy":"product_tag","embeddable":true,"href":"https:\/\/nicandmel.com\/sv\/wp-json\/wp\/v2\/product_tag?post=18936"}],"curies":[{"name":"wp","href":"https:\/\/api.w.org\/{rel}","templated":true}]}}