{"id":19109,"date":"2019-02-20T11:06:13","date_gmt":"2019-02-20T10:06:13","guid":{"rendered":"https:\/\/nicandmel.com\/product\/corey-phone-wallet-svart-lader-iphone-x-xs\/"},"modified":"2024-11-08T10:07:15","modified_gmt":"2024-11-08T09:07:15","slug":"corey-phone-wallet-svart-lader-iphone-x-xs","status":"publish","type":"product","link":"https:\/\/nicandmel.com\/sv\/produkt\/corey-phone-wallet-svart-lader-iphone-x-xs\/","title":{"rendered":"COREY PHONE WALLET Svart l\u00e4der iPhone X\/XS"},"content":{"rendered":"<p>[vc_row][vc_column width=&#8221;2\/3&#8243;][vc_column_text]BESKRIVNING Handgjort i vegetabiliskt garvat fullnarvsl\u00e4der av h\u00f6gsta kvalitet. Solitt bakstycke f\u00f6r telefon med mikrofiberfoder. Fyra kortplatser p\u00e5 insidan. Magnetisk st\u00e4ngning med dubbla knappar.<\/p>\n<p>   [\/vc_column_text][vc_empty_space][\/vc_column][vc_column width=&#8221;1\/3&#8243; css=&#8221;.vc_custom_1475748455506{border-left-width: 1px !important;border-left-color: #e5e5e5 !important;border-left-style: solid !important;border-radius: 1px !important;}&#8221;][vc_column_text]DETALJER<\/p>\n<p>Tillverkad f\u00f6r iPhone X\/XS<\/p>\n<p>Material: \u00c4kta l\u00e4der<\/p>\n<p>Solid baksida[\/vc_column_text][\/vc_column][\/vc_row]<\/p>\n","protected":false},"excerpt":{"rendered":"<p>Solitt bakstycke till telefon, handgjort i vegetabiliskt garvat fullnarvsl\u00e4der av h\u00f6gsta kvalitet och med mikrofiberfoder. Fyra kortfack p\u00e5 insidan. Magnetisk st\u00e4ngning med dubbelknapp.  <\/p>\n","protected":false},"featured_media":17508,"template":"","meta":{"_acf_changed":false},"product_brand":[],"product_cat":[1813],"product_tag":[1895],"class_list":{"0":"post-19109","1":"product","2":"type-product","3":"status-publish","4":"has-post-thumbnail","6":"product_cat-mobiltillbehor","7":"product_tag-andrew-sv","8":"pa_model-iphone-x-xs-sv-2","10":"first","11":"instock","12":"taxable","13":"shipping-taxable","14":"purchasable","15":"product-type-simple"},"acf":[],"yoast_head":"<!-- This site is optimized with the Yoast SEO plugin v27.3 - https:\/\/yoast.com\/product\/yoast-seo-wordpress\/ -->\n<title>COREY PHONE WALLET Svart l\u00e4der iPhone X\/XS - Nic &amp; Mel<\/title>\n<meta name=\"description\" content=\"Rej\u00e4lt bakstycke f\u00f6r iPhone X och XS, handgjort i vegetabiliskt garvat l\u00e4der. Fyra kortfack p\u00e5 insidan. Foder av mikrofiber. Magnetisk st\u00e4ngning med dubbelknapp.\" \/>\n<meta name=\"robots\" content=\"index, follow, max-snippet:-1, max-image-preview:large, max-video-preview:-1\" \/>\n<link rel=\"canonical\" href=\"https:\/\/nicandmel.com\/sv\/produkt\/corey-phone-wallet-svart-lader-iphone-x-xs\/\" \/>\n<meta property=\"og:locale\" content=\"sv_SE\" \/>\n<meta property=\"og:type\" content=\"article\" \/>\n<meta property=\"og:title\" content=\"COREY PHONE WALLET Svart l\u00e4der iPhone X\/XS - Nic &amp; Mel\" \/>\n<meta property=\"og:description\" content=\"Rej\u00e4lt bakstycke f\u00f6r iPhone X och XS, handgjort i vegetabiliskt garvat l\u00e4der. Fyra kortfack p\u00e5 insidan. Foder av mikrofiber. Magnetisk st\u00e4ngning med dubbelknapp.\" \/>\n<meta property=\"og:url\" content=\"https:\/\/nicandmel.com\/sv\/produkt\/corey-phone-wallet-svart-lader-iphone-x-xs\/\" \/>\n<meta property=\"og:site_name\" content=\"Nic &amp; Mel\" \/>\n<meta property=\"article:publisher\" content=\"https:\/\/www.facebook.com\/nicandmel\" \/>\n<meta property=\"article:modified_time\" content=\"2024-11-08T09:07:15+00:00\" \/>\n<meta property=\"og:image\" content=\"https:\/\/nicandmel.com\/wp-content\/uploads\/2019\/02\/Corey_XS_BL_01.jpg\" \/>\n\t<meta property=\"og:image:width\" content=\"2000\" \/>\n\t<meta property=\"og:image:height\" content=\"1370\" \/>\n\t<meta property=\"og:image:type\" content=\"image\/jpeg\" \/>\n<meta name=\"twitter:card\" content=\"summary_large_image\" \/>\n<script type=\"application\/ld+json\" class=\"yoast-schema-graph\">{\"@context\":\"https:\\\/\\\/schema.org\",\"@graph\":[{\"@type\":\"WebPage\",\"@id\":\"https:\\\/\\\/nicandmel.com\\\/sv\\\/produkt\\\/corey-phone-wallet-svart-lader-iphone-x-xs\\\/\",\"url\":\"https:\\\/\\\/nicandmel.com\\\/sv\\\/produkt\\\/corey-phone-wallet-svart-lader-iphone-x-xs\\\/\",\"name\":\"COREY PHONE WALLET Svart l\u00e4der iPhone X\\\/XS - Nic &amp; Mel\",\"isPartOf\":{\"@id\":\"https:\\\/\\\/nicandmel.com\\\/sv\\\/#website\"},\"primaryImageOfPage\":{\"@id\":\"https:\\\/\\\/nicandmel.com\\\/sv\\\/produkt\\\/corey-phone-wallet-svart-lader-iphone-x-xs\\\/#primaryimage\"},\"image\":{\"@id\":\"https:\\\/\\\/nicandmel.com\\\/sv\\\/produkt\\\/corey-phone-wallet-svart-lader-iphone-x-xs\\\/#primaryimage\"},\"thumbnailUrl\":\"https:\\\/\\\/nicandmel.com\\\/wp-content\\\/uploads\\\/2019\\\/02\\\/Corey_XS_BL_01.jpg\",\"datePublished\":\"2019-02-20T10:06:13+00:00\",\"dateModified\":\"2024-11-08T09:07:15+00:00\",\"description\":\"Rej\u00e4lt bakstycke f\u00f6r iPhone X och XS, handgjort i vegetabiliskt garvat l\u00e4der. Fyra kortfack p\u00e5 insidan. Foder av mikrofiber. Magnetisk st\u00e4ngning med dubbelknapp.\",\"breadcrumb\":{\"@id\":\"https:\\\/\\\/nicandmel.com\\\/sv\\\/produkt\\\/corey-phone-wallet-svart-lader-iphone-x-xs\\\/#breadcrumb\"},\"inLanguage\":\"sv-SE\",\"potentialAction\":[{\"@type\":\"ReadAction\",\"target\":[\"https:\\\/\\\/nicandmel.com\\\/sv\\\/produkt\\\/corey-phone-wallet-svart-lader-iphone-x-xs\\\/\"]}]},{\"@type\":\"ImageObject\",\"inLanguage\":\"sv-SE\",\"@id\":\"https:\\\/\\\/nicandmel.com\\\/sv\\\/produkt\\\/corey-phone-wallet-svart-lader-iphone-x-xs\\\/#primaryimage\",\"url\":\"https:\\\/\\\/nicandmel.com\\\/wp-content\\\/uploads\\\/2019\\\/02\\\/Corey_XS_BL_01.jpg\",\"contentUrl\":\"https:\\\/\\\/nicandmel.com\\\/wp-content\\\/uploads\\\/2019\\\/02\\\/Corey_XS_BL_01.jpg\",\"width\":2000,\"height\":1370},{\"@type\":\"BreadcrumbList\",\"@id\":\"https:\\\/\\\/nicandmel.com\\\/sv\\\/produkt\\\/corey-phone-wallet-svart-lader-iphone-x-xs\\\/#breadcrumb\",\"itemListElement\":[{\"@type\":\"ListItem\",\"position\":1,\"name\":\"Home\",\"item\":\"https:\\\/\\\/nicandmel.com\\\/sv\\\/\"},{\"@type\":\"ListItem\",\"position\":2,\"name\":\"Butik\",\"item\":\"https:\\\/\\\/nicandmel.com\\\/sv\\\/butik\\\/\"},{\"@type\":\"ListItem\",\"position\":3,\"name\":\"COREY PHONE WALLET Svart l\u00e4der iPhone X\\\/XS\"}]},{\"@type\":\"WebSite\",\"@id\":\"https:\\\/\\\/nicandmel.com\\\/sv\\\/#website\",\"url\":\"https:\\\/\\\/nicandmel.com\\\/sv\\\/\",\"name\":\"Nic & Mel\",\"description\":\"Handmade leather goods\",\"publisher\":{\"@id\":\"https:\\\/\\\/nicandmel.com\\\/sv\\\/#organization\"},\"potentialAction\":[{\"@type\":\"SearchAction\",\"target\":{\"@type\":\"EntryPoint\",\"urlTemplate\":\"https:\\\/\\\/nicandmel.com\\\/sv\\\/?s={search_term_string}\"},\"query-input\":{\"@type\":\"PropertyValueSpecification\",\"valueRequired\":true,\"valueName\":\"search_term_string\"}}],\"inLanguage\":\"sv-SE\"},{\"@type\":\"Organization\",\"@id\":\"https:\\\/\\\/nicandmel.com\\\/sv\\\/#organization\",\"name\":\"Nic & Mel\",\"url\":\"https:\\\/\\\/nicandmel.com\\\/sv\\\/\",\"logo\":{\"@type\":\"ImageObject\",\"inLanguage\":\"sv-SE\",\"@id\":\"https:\\\/\\\/nicandmel.com\\\/sv\\\/#\\\/schema\\\/logo\\\/image\\\/\",\"url\":\"https:\\\/\\\/nicandmel.com\\\/wp-content\\\/uploads\\\/2021\\\/07\\\/nic_and_mel_logo.png\",\"contentUrl\":\"https:\\\/\\\/nicandmel.com\\\/wp-content\\\/uploads\\\/2021\\\/07\\\/nic_and_mel_logo.png\",\"width\":1237,\"height\":263,\"caption\":\"Nic & Mel\"},\"image\":{\"@id\":\"https:\\\/\\\/nicandmel.com\\\/sv\\\/#\\\/schema\\\/logo\\\/image\\\/\"},\"sameAs\":[\"https:\\\/\\\/www.facebook.com\\\/nicandmel\"]}]}<\/script>\n<!-- \/ Yoast SEO plugin. -->","yoast_head_json":{"title":"COREY PHONE WALLET Svart l\u00e4der iPhone X\/XS - Nic &amp; Mel","description":"Rej\u00e4lt bakstycke f\u00f6r iPhone X och XS, handgjort i vegetabiliskt garvat l\u00e4der. Fyra kortfack p\u00e5 insidan. Foder av mikrofiber. Magnetisk st\u00e4ngning med dubbelknapp.","robots":{"index":"index","follow":"follow","max-snippet":"max-snippet:-1","max-image-preview":"max-image-preview:large","max-video-preview":"max-video-preview:-1"},"canonical":"https:\/\/nicandmel.com\/sv\/produkt\/corey-phone-wallet-svart-lader-iphone-x-xs\/","og_locale":"sv_SE","og_type":"article","og_title":"COREY PHONE WALLET Svart l\u00e4der iPhone X\/XS - Nic &amp; Mel","og_description":"Rej\u00e4lt bakstycke f\u00f6r iPhone X och XS, handgjort i vegetabiliskt garvat l\u00e4der. Fyra kortfack p\u00e5 insidan. Foder av mikrofiber. Magnetisk st\u00e4ngning med dubbelknapp.","og_url":"https:\/\/nicandmel.com\/sv\/produkt\/corey-phone-wallet-svart-lader-iphone-x-xs\/","og_site_name":"Nic &amp; Mel","article_publisher":"https:\/\/www.facebook.com\/nicandmel","article_modified_time":"2024-11-08T09:07:15+00:00","og_image":[{"width":2000,"height":1370,"url":"https:\/\/nicandmel.com\/wp-content\/uploads\/2019\/02\/Corey_XS_BL_01.jpg","type":"image\/jpeg"}],"twitter_card":"summary_large_image","schema":{"@context":"https:\/\/schema.org","@graph":[{"@type":"WebPage","@id":"https:\/\/nicandmel.com\/sv\/produkt\/corey-phone-wallet-svart-lader-iphone-x-xs\/","url":"https:\/\/nicandmel.com\/sv\/produkt\/corey-phone-wallet-svart-lader-iphone-x-xs\/","name":"COREY PHONE WALLET Svart l\u00e4der iPhone X\/XS - Nic &amp; Mel","isPartOf":{"@id":"https:\/\/nicandmel.com\/sv\/#website"},"primaryImageOfPage":{"@id":"https:\/\/nicandmel.com\/sv\/produkt\/corey-phone-wallet-svart-lader-iphone-x-xs\/#primaryimage"},"image":{"@id":"https:\/\/nicandmel.com\/sv\/produkt\/corey-phone-wallet-svart-lader-iphone-x-xs\/#primaryimage"},"thumbnailUrl":"https:\/\/nicandmel.com\/wp-content\/uploads\/2019\/02\/Corey_XS_BL_01.jpg","datePublished":"2019-02-20T10:06:13+00:00","dateModified":"2024-11-08T09:07:15+00:00","description":"Rej\u00e4lt bakstycke f\u00f6r iPhone X och XS, handgjort i vegetabiliskt garvat l\u00e4der. Fyra kortfack p\u00e5 insidan. Foder av mikrofiber. Magnetisk st\u00e4ngning med dubbelknapp.","breadcrumb":{"@id":"https:\/\/nicandmel.com\/sv\/produkt\/corey-phone-wallet-svart-lader-iphone-x-xs\/#breadcrumb"},"inLanguage":"sv-SE","potentialAction":[{"@type":"ReadAction","target":["https:\/\/nicandmel.com\/sv\/produkt\/corey-phone-wallet-svart-lader-iphone-x-xs\/"]}]},{"@type":"ImageObject","inLanguage":"sv-SE","@id":"https:\/\/nicandmel.com\/sv\/produkt\/corey-phone-wallet-svart-lader-iphone-x-xs\/#primaryimage","url":"https:\/\/nicandmel.com\/wp-content\/uploads\/2019\/02\/Corey_XS_BL_01.jpg","contentUrl":"https:\/\/nicandmel.com\/wp-content\/uploads\/2019\/02\/Corey_XS_BL_01.jpg","width":2000,"height":1370},{"@type":"BreadcrumbList","@id":"https:\/\/nicandmel.com\/sv\/produkt\/corey-phone-wallet-svart-lader-iphone-x-xs\/#breadcrumb","itemListElement":[{"@type":"ListItem","position":1,"name":"Home","item":"https:\/\/nicandmel.com\/sv\/"},{"@type":"ListItem","position":2,"name":"Butik","item":"https:\/\/nicandmel.com\/sv\/butik\/"},{"@type":"ListItem","position":3,"name":"COREY PHONE WALLET Svart l\u00e4der iPhone X\/XS"}]},{"@type":"WebSite","@id":"https:\/\/nicandmel.com\/sv\/#website","url":"https:\/\/nicandmel.com\/sv\/","name":"Nic & Mel","description":"Handmade leather goods","publisher":{"@id":"https:\/\/nicandmel.com\/sv\/#organization"},"potentialAction":[{"@type":"SearchAction","target":{"@type":"EntryPoint","urlTemplate":"https:\/\/nicandmel.com\/sv\/?s={search_term_string}"},"query-input":{"@type":"PropertyValueSpecification","valueRequired":true,"valueName":"search_term_string"}}],"inLanguage":"sv-SE"},{"@type":"Organization","@id":"https:\/\/nicandmel.com\/sv\/#organization","name":"Nic & Mel","url":"https:\/\/nicandmel.com\/sv\/","logo":{"@type":"ImageObject","inLanguage":"sv-SE","@id":"https:\/\/nicandmel.com\/sv\/#\/schema\/logo\/image\/","url":"https:\/\/nicandmel.com\/wp-content\/uploads\/2021\/07\/nic_and_mel_logo.png","contentUrl":"https:\/\/nicandmel.com\/wp-content\/uploads\/2021\/07\/nic_and_mel_logo.png","width":1237,"height":263,"caption":"Nic & Mel"},"image":{"@id":"https:\/\/nicandmel.com\/sv\/#\/schema\/logo\/image\/"},"sameAs":["https:\/\/www.facebook.com\/nicandmel"]}]}},"_links":{"self":[{"href":"https:\/\/nicandmel.com\/sv\/wp-json\/wp\/v2\/product\/19109","targetHints":{"allow":["GET"]}}],"collection":[{"href":"https:\/\/nicandmel.com\/sv\/wp-json\/wp\/v2\/product"}],"about":[{"href":"https:\/\/nicandmel.com\/sv\/wp-json\/wp\/v2\/types\/product"}],"wp:featuredmedia":[{"embeddable":true,"href":"https:\/\/nicandmel.com\/sv\/wp-json\/wp\/v2\/media\/17508"}],"wp:attachment":[{"href":"https:\/\/nicandmel.com\/sv\/wp-json\/wp\/v2\/media?parent=19109"}],"wp:term":[{"taxonomy":"product_brand","embeddable":true,"href":"https:\/\/nicandmel.com\/sv\/wp-json\/wp\/v2\/product_brand?post=19109"},{"taxonomy":"product_cat","embeddable":true,"href":"https:\/\/nicandmel.com\/sv\/wp-json\/wp\/v2\/product_cat?post=19109"},{"taxonomy":"product_tag","embeddable":true,"href":"https:\/\/nicandmel.com\/sv\/wp-json\/wp\/v2\/product_tag?post=19109"}],"curies":[{"name":"wp","href":"https:\/\/api.w.org\/{rel}","templated":true}]}}