{"id":19129,"date":"2023-02-08T19:48:34","date_gmt":"2023-02-08T18:48:34","guid":{"rendered":"https:\/\/nicandmel.com\/product\/magnetiskt-fodral-svart-tradlos-laddning-iphone-14\/"},"modified":"2024-12-14T11:43:50","modified_gmt":"2024-12-14T10:43:50","slug":"magnetiskt-fodral-svart-tradlos-laddning-iphone-14","status":"publish","type":"product","link":"https:\/\/nicandmel.com\/sv\/produkt\/magnetiskt-fodral-svart-tradlos-laddning-iphone-14\/","title":{"rendered":"Magnetiskt fodral, svart (tr\u00e5dl\u00f6s laddning iPhone 14)"},"content":{"rendered":"<p>Vi presenterar v\u00e5r senaste innovation &#8211; iPhone 14 Magnetic Case, designad f\u00f6r att f\u00f6rh\u00f6ja din iPhone 14-upplevelse med banbrytande funktioner och o\u00f6vertr\u00e4ffad stil. Funktioner: St\u00f6d f\u00f6r tr\u00e5dl\u00f6s laddning: Omfamna framtidens laddning med v\u00e5rt magnetiska fodral f\u00f6r iPhone 14 Pro som \u00e4r kompatibelt med tr\u00e5dl\u00f6s laddning.<br \/>\nPerfekt passform: V\u00e5rt fodral \u00e4r tillverkat med precision och passar perfekt till din iPhone 14 Pro, vilket ger ett s\u00f6ml\u00f6st skydd runtom.<br \/>\nFlexibelt gummi och mjukt mikrofiberfoder: Din telefon f\u00f6rtj\u00e4nar den b\u00e4sta v\u00e5rden. V\u00e5rt fodral har flexibla gummikanter och ett mjukt mikrofiberfoder p\u00e5 insidan, vilket ger ett komplett skydd mot repor och mindre st\u00f6tar.<br \/>\nRibbat grepp: Vi f\u00f6rst\u00e5r hur viktigt det \u00e4r med ett s\u00e4kert grepp. Med ribbad textur runtom garanterar v\u00e5rt fodral ett fast och bekv\u00e4mt grepp, s\u00e5 att du tryggt kan anv\u00e4nda din iPhone 14 Pro.<br \/>\nSlitstark utsida: Inslaget i elegant konjaksf\u00e4rgad mikrofiber och pr\u00e4glat med en guldlogotyp p\u00e5 vegansk l\u00e4der utstr\u00e5lar v\u00e5rt fodral sofistikering och f\u00f6rfining.<br \/>\nKompatibilitet med Nic &amp; Mel&#8217;s Phone Wallets: V\u00e5rt magnetiska fodral \u00e4r utformat f\u00f6r att fungera s\u00f6ml\u00f6st med Nic &amp; Mel&#8217;s telefonpl\u00e5nb\u00f6cker som \u00e4r anpassade f\u00f6r tr\u00e5dl\u00f6s laddning, vilket ger dig en str\u00f6mlinjeformad och bekv\u00e4m upplevelse.<br \/>\nUpplev den ultimata fusionen av stil och skydd med v\u00e5rt magnetiska fodral f\u00f6r iPhone 14 Pro. Ladda din telefon tr\u00e5dl\u00f6st utan anstr\u00e4ngning samtidigt som du kan k\u00e4nna dig trygg med att din enhet \u00e4r s\u00e4kert innesluten i v\u00e5rt f\u00f6rstklassiga magnetiska fodral. Uppgradera din iPhone 14 Pro till n\u00e4sta niv\u00e5 med v\u00e5rt magnetiska premiumfodral. Omfamna bekv\u00e4mligheten med tr\u00e5dl\u00f6s laddning och visa upp din enhet p\u00e5 ett snyggt och sofistikerat s\u00e4tt.<\/p>\n","protected":false},"excerpt":{"rendered":"<p>Magnetiskt fodral med st\u00f6d f\u00f6r tr\u00e5dl\u00f6s laddning f\u00f6r iPhone 14, Skyddande och s\u00e4kert med ett omgivande ribbat grepp och mikrofiberfoder p\u00e5 b\u00e5de fram- och baksida.<\/p>\n","protected":false},"featured_media":17937,"template":"","meta":{"_acf_changed":false},"product_brand":[],"product_cat":[1813],"product_tag":[1909],"class_list":{"0":"post-19129","1":"product","2":"type-product","3":"status-publish","4":"has-post-thumbnail","6":"product_cat-mobiltillbehor","7":"product_tag-14-pro-sv","8":"pa_model-iphone-14-sv-2","10":"first","11":"instock","12":"taxable","13":"shipping-taxable","14":"purchasable","15":"product-type-simple"},"acf":[],"yoast_head":"<!-- This site is optimized with the Yoast SEO plugin v27.3 - https:\/\/yoast.com\/product\/yoast-seo-wordpress\/ -->\n<title>Magnetiskt fodral, svart (tr\u00e5dl\u00f6s laddning iPhone 14) - Nic &amp; Mel<\/title>\n<meta name=\"description\" content=\"iPhone X magnetfodral med st\u00f6d f\u00f6r tr\u00e5dl\u00f6s laddning! Perfekt passform med omgivande flexibelt gummi och mjukt mikrofiberfoder p\u00e5 insidan f\u00f6r att skydda din telefon. Ribbat grepp runtom f\u00f6r att s\u00e4kerst\u00e4lla ett fast och s\u00e4kert grepp. Den slitstarka utsidan \u00e4r kl\u00e4dd i svart mikrofiber och prydd med en guldf\u00e4rgad logotyp.\" \/>\n<meta name=\"robots\" content=\"index, follow, max-snippet:-1, max-image-preview:large, max-video-preview:-1\" \/>\n<link rel=\"canonical\" href=\"https:\/\/nicandmel.com\/sv\/produkt\/magnetiskt-fodral-svart-tradlos-laddning-iphone-14\/\" \/>\n<meta property=\"og:locale\" content=\"sv_SE\" \/>\n<meta property=\"og:type\" content=\"article\" \/>\n<meta property=\"og:title\" content=\"Magnetiskt fodral, svart (tr\u00e5dl\u00f6s laddning iPhone 14) - Nic &amp; Mel\" \/>\n<meta property=\"og:description\" content=\"iPhone X magnetfodral med st\u00f6d f\u00f6r tr\u00e5dl\u00f6s laddning! Perfekt passform med omgivande flexibelt gummi och mjukt mikrofiberfoder p\u00e5 insidan f\u00f6r att skydda din telefon. Ribbat grepp runtom f\u00f6r att s\u00e4kerst\u00e4lla ett fast och s\u00e4kert grepp. Den slitstarka utsidan \u00e4r kl\u00e4dd i svart mikrofiber och prydd med en guldf\u00e4rgad logotyp.\" \/>\n<meta property=\"og:url\" content=\"https:\/\/nicandmel.com\/sv\/produkt\/magnetiskt-fodral-svart-tradlos-laddning-iphone-14\/\" \/>\n<meta property=\"og:site_name\" content=\"Nic &amp; Mel\" \/>\n<meta property=\"article:publisher\" content=\"https:\/\/www.facebook.com\/nicandmel\" \/>\n<meta property=\"article:modified_time\" content=\"2024-12-14T10:43:50+00:00\" \/>\n<meta property=\"og:image\" content=\"https:\/\/nicandmel.com\/wp-content\/uploads\/2021\/07\/magcase-black-12mini_1.jpg\" \/>\n\t<meta property=\"og:image:width\" content=\"1500\" \/>\n\t<meta property=\"og:image:height\" content=\"1828\" \/>\n\t<meta property=\"og:image:type\" content=\"image\/jpeg\" \/>\n<meta name=\"twitter:card\" content=\"summary_large_image\" \/>\n<meta name=\"twitter:label1\" content=\"Ber\u00e4knad l\u00e4stid\" \/>\n\t<meta name=\"twitter:data1\" content=\"2 minuter\" \/>\n<script type=\"application\/ld+json\" class=\"yoast-schema-graph\">{\"@context\":\"https:\\\/\\\/schema.org\",\"@graph\":[{\"@type\":\"WebPage\",\"@id\":\"https:\\\/\\\/nicandmel.com\\\/sv\\\/produkt\\\/magnetiskt-fodral-svart-tradlos-laddning-iphone-14\\\/\",\"url\":\"https:\\\/\\\/nicandmel.com\\\/sv\\\/produkt\\\/magnetiskt-fodral-svart-tradlos-laddning-iphone-14\\\/\",\"name\":\"Magnetiskt fodral, svart (tr\u00e5dl\u00f6s laddning iPhone 14) - Nic &amp; Mel\",\"isPartOf\":{\"@id\":\"https:\\\/\\\/nicandmel.com\\\/sv\\\/#website\"},\"primaryImageOfPage\":{\"@id\":\"https:\\\/\\\/nicandmel.com\\\/sv\\\/produkt\\\/magnetiskt-fodral-svart-tradlos-laddning-iphone-14\\\/#primaryimage\"},\"image\":{\"@id\":\"https:\\\/\\\/nicandmel.com\\\/sv\\\/produkt\\\/magnetiskt-fodral-svart-tradlos-laddning-iphone-14\\\/#primaryimage\"},\"thumbnailUrl\":\"https:\\\/\\\/nicandmel.com\\\/wp-content\\\/uploads\\\/2021\\\/07\\\/magcase-black-12mini_1.jpg\",\"datePublished\":\"2023-02-08T18:48:34+00:00\",\"dateModified\":\"2024-12-14T10:43:50+00:00\",\"description\":\"iPhone X magnetfodral med st\u00f6d f\u00f6r tr\u00e5dl\u00f6s laddning! Perfekt passform med omgivande flexibelt gummi och mjukt mikrofiberfoder p\u00e5 insidan f\u00f6r att skydda din telefon. Ribbat grepp runtom f\u00f6r att s\u00e4kerst\u00e4lla ett fast och s\u00e4kert grepp. Den slitstarka utsidan \u00e4r kl\u00e4dd i svart mikrofiber och prydd med en guldf\u00e4rgad logotyp.\",\"breadcrumb\":{\"@id\":\"https:\\\/\\\/nicandmel.com\\\/sv\\\/produkt\\\/magnetiskt-fodral-svart-tradlos-laddning-iphone-14\\\/#breadcrumb\"},\"inLanguage\":\"sv-SE\",\"potentialAction\":[{\"@type\":\"ReadAction\",\"target\":[\"https:\\\/\\\/nicandmel.com\\\/sv\\\/produkt\\\/magnetiskt-fodral-svart-tradlos-laddning-iphone-14\\\/\"]}]},{\"@type\":\"ImageObject\",\"inLanguage\":\"sv-SE\",\"@id\":\"https:\\\/\\\/nicandmel.com\\\/sv\\\/produkt\\\/magnetiskt-fodral-svart-tradlos-laddning-iphone-14\\\/#primaryimage\",\"url\":\"https:\\\/\\\/nicandmel.com\\\/wp-content\\\/uploads\\\/2021\\\/07\\\/magcase-black-12mini_1.jpg\",\"contentUrl\":\"https:\\\/\\\/nicandmel.com\\\/wp-content\\\/uploads\\\/2021\\\/07\\\/magcase-black-12mini_1.jpg\",\"width\":1500,\"height\":1828},{\"@type\":\"BreadcrumbList\",\"@id\":\"https:\\\/\\\/nicandmel.com\\\/sv\\\/produkt\\\/magnetiskt-fodral-svart-tradlos-laddning-iphone-14\\\/#breadcrumb\",\"itemListElement\":[{\"@type\":\"ListItem\",\"position\":1,\"name\":\"Home\",\"item\":\"https:\\\/\\\/nicandmel.com\\\/sv\\\/\"},{\"@type\":\"ListItem\",\"position\":2,\"name\":\"Butik\",\"item\":\"https:\\\/\\\/nicandmel.com\\\/sv\\\/butik\\\/\"},{\"@type\":\"ListItem\",\"position\":3,\"name\":\"Magnetiskt fodral, svart (tr\u00e5dl\u00f6s laddning iPhone 14)\"}]},{\"@type\":\"WebSite\",\"@id\":\"https:\\\/\\\/nicandmel.com\\\/sv\\\/#website\",\"url\":\"https:\\\/\\\/nicandmel.com\\\/sv\\\/\",\"name\":\"Nic & Mel\",\"description\":\"Handmade leather goods\",\"publisher\":{\"@id\":\"https:\\\/\\\/nicandmel.com\\\/sv\\\/#organization\"},\"potentialAction\":[{\"@type\":\"SearchAction\",\"target\":{\"@type\":\"EntryPoint\",\"urlTemplate\":\"https:\\\/\\\/nicandmel.com\\\/sv\\\/?s={search_term_string}\"},\"query-input\":{\"@type\":\"PropertyValueSpecification\",\"valueRequired\":true,\"valueName\":\"search_term_string\"}}],\"inLanguage\":\"sv-SE\"},{\"@type\":\"Organization\",\"@id\":\"https:\\\/\\\/nicandmel.com\\\/sv\\\/#organization\",\"name\":\"Nic & Mel\",\"url\":\"https:\\\/\\\/nicandmel.com\\\/sv\\\/\",\"logo\":{\"@type\":\"ImageObject\",\"inLanguage\":\"sv-SE\",\"@id\":\"https:\\\/\\\/nicandmel.com\\\/sv\\\/#\\\/schema\\\/logo\\\/image\\\/\",\"url\":\"https:\\\/\\\/nicandmel.com\\\/wp-content\\\/uploads\\\/2021\\\/07\\\/nic_and_mel_logo.png\",\"contentUrl\":\"https:\\\/\\\/nicandmel.com\\\/wp-content\\\/uploads\\\/2021\\\/07\\\/nic_and_mel_logo.png\",\"width\":1237,\"height\":263,\"caption\":\"Nic & Mel\"},\"image\":{\"@id\":\"https:\\\/\\\/nicandmel.com\\\/sv\\\/#\\\/schema\\\/logo\\\/image\\\/\"},\"sameAs\":[\"https:\\\/\\\/www.facebook.com\\\/nicandmel\"]}]}<\/script>\n<!-- \/ Yoast SEO plugin. -->","yoast_head_json":{"title":"Magnetiskt fodral, svart (tr\u00e5dl\u00f6s laddning iPhone 14) - Nic &amp; Mel","description":"iPhone X magnetfodral med st\u00f6d f\u00f6r tr\u00e5dl\u00f6s laddning! Perfekt passform med omgivande flexibelt gummi och mjukt mikrofiberfoder p\u00e5 insidan f\u00f6r att skydda din telefon. Ribbat grepp runtom f\u00f6r att s\u00e4kerst\u00e4lla ett fast och s\u00e4kert grepp. Den slitstarka utsidan \u00e4r kl\u00e4dd i svart mikrofiber och prydd med en guldf\u00e4rgad logotyp.","robots":{"index":"index","follow":"follow","max-snippet":"max-snippet:-1","max-image-preview":"max-image-preview:large","max-video-preview":"max-video-preview:-1"},"canonical":"https:\/\/nicandmel.com\/sv\/produkt\/magnetiskt-fodral-svart-tradlos-laddning-iphone-14\/","og_locale":"sv_SE","og_type":"article","og_title":"Magnetiskt fodral, svart (tr\u00e5dl\u00f6s laddning iPhone 14) - Nic &amp; Mel","og_description":"iPhone X magnetfodral med st\u00f6d f\u00f6r tr\u00e5dl\u00f6s laddning! Perfekt passform med omgivande flexibelt gummi och mjukt mikrofiberfoder p\u00e5 insidan f\u00f6r att skydda din telefon. Ribbat grepp runtom f\u00f6r att s\u00e4kerst\u00e4lla ett fast och s\u00e4kert grepp. Den slitstarka utsidan \u00e4r kl\u00e4dd i svart mikrofiber och prydd med en guldf\u00e4rgad logotyp.","og_url":"https:\/\/nicandmel.com\/sv\/produkt\/magnetiskt-fodral-svart-tradlos-laddning-iphone-14\/","og_site_name":"Nic &amp; Mel","article_publisher":"https:\/\/www.facebook.com\/nicandmel","article_modified_time":"2024-12-14T10:43:50+00:00","og_image":[{"width":1500,"height":1828,"url":"https:\/\/nicandmel.com\/wp-content\/uploads\/2021\/07\/magcase-black-12mini_1.jpg","type":"image\/jpeg"}],"twitter_card":"summary_large_image","twitter_misc":{"Ber\u00e4knad l\u00e4stid":"2 minuter"},"schema":{"@context":"https:\/\/schema.org","@graph":[{"@type":"WebPage","@id":"https:\/\/nicandmel.com\/sv\/produkt\/magnetiskt-fodral-svart-tradlos-laddning-iphone-14\/","url":"https:\/\/nicandmel.com\/sv\/produkt\/magnetiskt-fodral-svart-tradlos-laddning-iphone-14\/","name":"Magnetiskt fodral, svart (tr\u00e5dl\u00f6s laddning iPhone 14) - Nic &amp; Mel","isPartOf":{"@id":"https:\/\/nicandmel.com\/sv\/#website"},"primaryImageOfPage":{"@id":"https:\/\/nicandmel.com\/sv\/produkt\/magnetiskt-fodral-svart-tradlos-laddning-iphone-14\/#primaryimage"},"image":{"@id":"https:\/\/nicandmel.com\/sv\/produkt\/magnetiskt-fodral-svart-tradlos-laddning-iphone-14\/#primaryimage"},"thumbnailUrl":"https:\/\/nicandmel.com\/wp-content\/uploads\/2021\/07\/magcase-black-12mini_1.jpg","datePublished":"2023-02-08T18:48:34+00:00","dateModified":"2024-12-14T10:43:50+00:00","description":"iPhone X magnetfodral med st\u00f6d f\u00f6r tr\u00e5dl\u00f6s laddning! Perfekt passform med omgivande flexibelt gummi och mjukt mikrofiberfoder p\u00e5 insidan f\u00f6r att skydda din telefon. Ribbat grepp runtom f\u00f6r att s\u00e4kerst\u00e4lla ett fast och s\u00e4kert grepp. Den slitstarka utsidan \u00e4r kl\u00e4dd i svart mikrofiber och prydd med en guldf\u00e4rgad logotyp.","breadcrumb":{"@id":"https:\/\/nicandmel.com\/sv\/produkt\/magnetiskt-fodral-svart-tradlos-laddning-iphone-14\/#breadcrumb"},"inLanguage":"sv-SE","potentialAction":[{"@type":"ReadAction","target":["https:\/\/nicandmel.com\/sv\/produkt\/magnetiskt-fodral-svart-tradlos-laddning-iphone-14\/"]}]},{"@type":"ImageObject","inLanguage":"sv-SE","@id":"https:\/\/nicandmel.com\/sv\/produkt\/magnetiskt-fodral-svart-tradlos-laddning-iphone-14\/#primaryimage","url":"https:\/\/nicandmel.com\/wp-content\/uploads\/2021\/07\/magcase-black-12mini_1.jpg","contentUrl":"https:\/\/nicandmel.com\/wp-content\/uploads\/2021\/07\/magcase-black-12mini_1.jpg","width":1500,"height":1828},{"@type":"BreadcrumbList","@id":"https:\/\/nicandmel.com\/sv\/produkt\/magnetiskt-fodral-svart-tradlos-laddning-iphone-14\/#breadcrumb","itemListElement":[{"@type":"ListItem","position":1,"name":"Home","item":"https:\/\/nicandmel.com\/sv\/"},{"@type":"ListItem","position":2,"name":"Butik","item":"https:\/\/nicandmel.com\/sv\/butik\/"},{"@type":"ListItem","position":3,"name":"Magnetiskt fodral, svart (tr\u00e5dl\u00f6s laddning iPhone 14)"}]},{"@type":"WebSite","@id":"https:\/\/nicandmel.com\/sv\/#website","url":"https:\/\/nicandmel.com\/sv\/","name":"Nic & Mel","description":"Handmade leather goods","publisher":{"@id":"https:\/\/nicandmel.com\/sv\/#organization"},"potentialAction":[{"@type":"SearchAction","target":{"@type":"EntryPoint","urlTemplate":"https:\/\/nicandmel.com\/sv\/?s={search_term_string}"},"query-input":{"@type":"PropertyValueSpecification","valueRequired":true,"valueName":"search_term_string"}}],"inLanguage":"sv-SE"},{"@type":"Organization","@id":"https:\/\/nicandmel.com\/sv\/#organization","name":"Nic & Mel","url":"https:\/\/nicandmel.com\/sv\/","logo":{"@type":"ImageObject","inLanguage":"sv-SE","@id":"https:\/\/nicandmel.com\/sv\/#\/schema\/logo\/image\/","url":"https:\/\/nicandmel.com\/wp-content\/uploads\/2021\/07\/nic_and_mel_logo.png","contentUrl":"https:\/\/nicandmel.com\/wp-content\/uploads\/2021\/07\/nic_and_mel_logo.png","width":1237,"height":263,"caption":"Nic & Mel"},"image":{"@id":"https:\/\/nicandmel.com\/sv\/#\/schema\/logo\/image\/"},"sameAs":["https:\/\/www.facebook.com\/nicandmel"]}]}},"_links":{"self":[{"href":"https:\/\/nicandmel.com\/sv\/wp-json\/wp\/v2\/product\/19129","targetHints":{"allow":["GET"]}}],"collection":[{"href":"https:\/\/nicandmel.com\/sv\/wp-json\/wp\/v2\/product"}],"about":[{"href":"https:\/\/nicandmel.com\/sv\/wp-json\/wp\/v2\/types\/product"}],"wp:featuredmedia":[{"embeddable":true,"href":"https:\/\/nicandmel.com\/sv\/wp-json\/wp\/v2\/media\/17937"}],"wp:attachment":[{"href":"https:\/\/nicandmel.com\/sv\/wp-json\/wp\/v2\/media?parent=19129"}],"wp:term":[{"taxonomy":"product_brand","embeddable":true,"href":"https:\/\/nicandmel.com\/sv\/wp-json\/wp\/v2\/product_brand?post=19129"},{"taxonomy":"product_cat","embeddable":true,"href":"https:\/\/nicandmel.com\/sv\/wp-json\/wp\/v2\/product_cat?post=19129"},{"taxonomy":"product_tag","embeddable":true,"href":"https:\/\/nicandmel.com\/sv\/wp-json\/wp\/v2\/product_tag?post=19129"}],"curies":[{"name":"wp","href":"https:\/\/api.w.org\/{rel}","templated":true}]}}