{"id":19135,"date":"2021-07-01T09:51:03","date_gmt":"2021-07-01T07:51:03","guid":{"rendered":"https:\/\/nicandmel.com\/product\/magnetiskt-fodral-tradlos-laddning-iphone-xs-max\/"},"modified":"2025-02-13T07:14:38","modified_gmt":"2025-02-13T06:14:38","slug":"magnetiskt-fodral-tradlos-laddning-iphone-xs-max","status":"publish","type":"product","link":"https:\/\/nicandmel.com\/sv\/produkt\/magnetiskt-fodral-tradlos-laddning-iphone-xs-max\/","title":{"rendered":"Magsafe XS Max skal magnetskal iPhone"},"content":{"rendered":"<p>Uppt\u00e4ck v\u00e5rt premium magnetfodral f\u00f6r iPhone \u2013 en perfekt kombination av elegans, funktionalitet och h\u00f6g kompatibilitet. Detta mobilskal \u00e4r noggrant utformat med fokus p\u00e5 b\u00e5de estetik och praktiska egenskaper, vilket ger dig ett stilrent och funktionellt skydd f\u00f6r din iPhone.<\/p>\n<p>Uppt\u00e4ck v\u00e5rt magnetfodral f\u00f6r iPhone, d\u00e4r elegans m\u00f6ter funktionalitet. Noggrant utformat med precision och med ett \u00f6ga f\u00f6r detaljer, erbjuder detta mobilskal en s\u00f6ml\u00f6s kombination av stil och praktiska egenskaper.<\/p>\n<p><strong>Material i v\u00e5rt magnetfodral f\u00f6r iPhone XS Max:<\/strong><\/p>\n<ul>\n<li><strong>Sidor:<\/strong> Kanterna \u00e4r omslutna av ett mjukt men \u00e4nd\u00e5 styvt gummi och ger ett bekv\u00e4mt grepp som k\u00e4nns s\u00e4kert i handen.<\/li>\n<li><strong>Baksida:<\/strong> Baksidan \u00e4r tillverkad i slitstarkt veganl\u00e4der och pryds av v\u00e5r pr\u00e4glade logotyp, elegant folierad i guld.<\/li>\n<li><strong>Insida:<\/strong> F\u00f6r att skydda din iPhone fr\u00e5n repor \u00e4r insidan fodrad med en ultramjuk mikrofiber som garanterar en perfekt yta varje g\u00e5ng.<\/li>\n<\/ul>\n<p><strong>Funktioner:<\/strong><\/p>\n<ul>\n<li><strong>MagSafe:<\/strong> V\u00e5rt fodral \u00e4r utrustat med kraftfulla magneter som garanterar en s\u00e4ker och snabb anslutning till alla kompatibla produkter. Det \u00e4r utformat f\u00f6r att s\u00f6ml\u00f6st integreras med v\u00e5ra yttre fodral och pl\u00e5nb\u00f6cker och erbjuder b\u00e5de bekv\u00e4mlighet och stil.<\/li>\n<li><strong>Tr\u00e5dl\u00f6s laddning:<\/strong> Med komplett st\u00f6d f\u00f6r tr\u00e5dl\u00f6s laddning m\u00f6jligg\u00f6r detta fodral enkel uppladdning, \u00e4ven i kombination med v\u00e5ra lyxiga l\u00e4derfodral.<\/li>\n<\/ul>\n<p>Elevate your iPhone experience with a magnetic XS Max case that not only complements the sleek design of the iPhone 13 Pro but also adds a touch of sophistication to your everyday moments.<\/p>\n","protected":false},"excerpt":{"rendered":"<p>Magnetiskt fodral med st\u00f6d f\u00f6r tr\u00e5dl\u00f6s laddning f\u00f6r iPhone iPhone XS Max, skyddande och s\u00e4kert med ett omgivande ribbat grepp och mikrofiberfoder p\u00e5 b\u00e5de fram- och baksida.<\/p>\n","protected":false},"featured_media":17334,"template":"","meta":{"_acf_changed":false},"product_brand":[],"product_cat":[1813],"product_tag":[1914],"class_list":{"0":"post-19135","1":"product","2":"type-product","3":"status-publish","4":"has-post-thumbnail","6":"product_cat-mobiltillbehor","7":"product_tag-iphone-xs-max-sv","8":"pa_model-iphone-xs-max-sv-2","10":"first","11":"instock","12":"taxable","13":"shipping-taxable","14":"purchasable","15":"product-type-simple"},"acf":[],"yoast_head":"<!-- This site is optimized with the Yoast SEO plugin v27.3 - https:\/\/yoast.com\/product\/yoast-seo-wordpress\/ -->\n<title>Magsafe XS Max skal magnetskal iPhone - Nic &amp; Mel<\/title>\n<meta name=\"description\" content=\"iPhone XS MAX magnetfodral med st\u00f6d f\u00f6r tr\u00e5dl\u00f6s laddning! Perfekt passform med omgivande flexibelt gummi och mjukt mikrofiberfoder p\u00e5 insidan f\u00f6r att skydda din telefon. Ribbat grepp runtom f\u00f6r att s\u00e4kerst\u00e4lla ett fast och s\u00e4kert grepp. Den slitstarka utsidan \u00e4r kl\u00e4dd i svart mikrofiber och prydd med en guldf\u00e4rgad logotyp.\" \/>\n<meta name=\"robots\" content=\"index, follow, max-snippet:-1, max-image-preview:large, max-video-preview:-1\" \/>\n<link rel=\"canonical\" href=\"https:\/\/nicandmel.com\/sv\/produkt\/magnetiskt-fodral-tradlos-laddning-iphone-xs-max\/\" \/>\n<meta property=\"og:locale\" content=\"sv_SE\" \/>\n<meta property=\"og:type\" content=\"article\" \/>\n<meta property=\"og:title\" content=\"Magsafe XS Max skal magnetskal iPhone - Nic &amp; Mel\" \/>\n<meta property=\"og:description\" content=\"iPhone XS MAX magnetfodral med st\u00f6d f\u00f6r tr\u00e5dl\u00f6s laddning! Perfekt passform med omgivande flexibelt gummi och mjukt mikrofiberfoder p\u00e5 insidan f\u00f6r att skydda din telefon. Ribbat grepp runtom f\u00f6r att s\u00e4kerst\u00e4lla ett fast och s\u00e4kert grepp. Den slitstarka utsidan \u00e4r kl\u00e4dd i svart mikrofiber och prydd med en guldf\u00e4rgad logotyp.\" \/>\n<meta property=\"og:url\" content=\"https:\/\/nicandmel.com\/sv\/produkt\/magnetiskt-fodral-tradlos-laddning-iphone-xs-max\/\" \/>\n<meta property=\"og:site_name\" content=\"Nic &amp; Mel\" \/>\n<meta property=\"article:publisher\" content=\"https:\/\/www.facebook.com\/nicandmel\" \/>\n<meta property=\"article:modified_time\" content=\"2025-02-13T06:14:38+00:00\" \/>\n<meta property=\"og:image\" content=\"https:\/\/nicandmel.com\/wp-content\/uploads\/2018\/04\/nm-MFCASE-XWL-99-front_Symbol.jpg\" \/>\n\t<meta property=\"og:image:width\" content=\"2000\" \/>\n\t<meta property=\"og:image:height\" content=\"1370\" \/>\n\t<meta property=\"og:image:type\" content=\"image\/jpeg\" \/>\n<meta name=\"twitter:card\" content=\"summary_large_image\" \/>\n<meta name=\"twitter:label1\" content=\"Ber\u00e4knad l\u00e4stid\" \/>\n\t<meta name=\"twitter:data1\" content=\"2 minuter\" \/>\n<script type=\"application\/ld+json\" class=\"yoast-schema-graph\">{\"@context\":\"https:\\\/\\\/schema.org\",\"@graph\":[{\"@type\":\"WebPage\",\"@id\":\"https:\\\/\\\/nicandmel.com\\\/sv\\\/produkt\\\/magnetiskt-fodral-tradlos-laddning-iphone-xs-max\\\/\",\"url\":\"https:\\\/\\\/nicandmel.com\\\/sv\\\/produkt\\\/magnetiskt-fodral-tradlos-laddning-iphone-xs-max\\\/\",\"name\":\"Magsafe XS Max skal magnetskal iPhone - Nic &amp; Mel\",\"isPartOf\":{\"@id\":\"https:\\\/\\\/nicandmel.com\\\/sv\\\/#website\"},\"primaryImageOfPage\":{\"@id\":\"https:\\\/\\\/nicandmel.com\\\/sv\\\/produkt\\\/magnetiskt-fodral-tradlos-laddning-iphone-xs-max\\\/#primaryimage\"},\"image\":{\"@id\":\"https:\\\/\\\/nicandmel.com\\\/sv\\\/produkt\\\/magnetiskt-fodral-tradlos-laddning-iphone-xs-max\\\/#primaryimage\"},\"thumbnailUrl\":\"https:\\\/\\\/nicandmel.com\\\/wp-content\\\/uploads\\\/2018\\\/04\\\/nm-MFCASE-XWL-99-front_Symbol.jpg\",\"datePublished\":\"2021-07-01T07:51:03+00:00\",\"dateModified\":\"2025-02-13T06:14:38+00:00\",\"description\":\"iPhone XS MAX magnetfodral med st\u00f6d f\u00f6r tr\u00e5dl\u00f6s laddning! Perfekt passform med omgivande flexibelt gummi och mjukt mikrofiberfoder p\u00e5 insidan f\u00f6r att skydda din telefon. Ribbat grepp runtom f\u00f6r att s\u00e4kerst\u00e4lla ett fast och s\u00e4kert grepp. Den slitstarka utsidan \u00e4r kl\u00e4dd i svart mikrofiber och prydd med en guldf\u00e4rgad logotyp.\",\"breadcrumb\":{\"@id\":\"https:\\\/\\\/nicandmel.com\\\/sv\\\/produkt\\\/magnetiskt-fodral-tradlos-laddning-iphone-xs-max\\\/#breadcrumb\"},\"inLanguage\":\"sv-SE\",\"potentialAction\":[{\"@type\":\"ReadAction\",\"target\":[\"https:\\\/\\\/nicandmel.com\\\/sv\\\/produkt\\\/magnetiskt-fodral-tradlos-laddning-iphone-xs-max\\\/\"]}]},{\"@type\":\"ImageObject\",\"inLanguage\":\"sv-SE\",\"@id\":\"https:\\\/\\\/nicandmel.com\\\/sv\\\/produkt\\\/magnetiskt-fodral-tradlos-laddning-iphone-xs-max\\\/#primaryimage\",\"url\":\"https:\\\/\\\/nicandmel.com\\\/wp-content\\\/uploads\\\/2018\\\/04\\\/nm-MFCASE-XWL-99-front_Symbol.jpg\",\"contentUrl\":\"https:\\\/\\\/nicandmel.com\\\/wp-content\\\/uploads\\\/2018\\\/04\\\/nm-MFCASE-XWL-99-front_Symbol.jpg\",\"width\":2000,\"height\":1370,\"caption\":\"Magnetic XS Max Case\"},{\"@type\":\"BreadcrumbList\",\"@id\":\"https:\\\/\\\/nicandmel.com\\\/sv\\\/produkt\\\/magnetiskt-fodral-tradlos-laddning-iphone-xs-max\\\/#breadcrumb\",\"itemListElement\":[{\"@type\":\"ListItem\",\"position\":1,\"name\":\"Home\",\"item\":\"https:\\\/\\\/nicandmel.com\\\/sv\\\/\"},{\"@type\":\"ListItem\",\"position\":2,\"name\":\"Butik\",\"item\":\"https:\\\/\\\/nicandmel.com\\\/sv\\\/butik\\\/\"},{\"@type\":\"ListItem\",\"position\":3,\"name\":\"Magsafe XS Max skal magnetskal iPhone\"}]},{\"@type\":\"WebSite\",\"@id\":\"https:\\\/\\\/nicandmel.com\\\/sv\\\/#website\",\"url\":\"https:\\\/\\\/nicandmel.com\\\/sv\\\/\",\"name\":\"Nic & Mel\",\"description\":\"Handmade leather goods\",\"publisher\":{\"@id\":\"https:\\\/\\\/nicandmel.com\\\/sv\\\/#organization\"},\"potentialAction\":[{\"@type\":\"SearchAction\",\"target\":{\"@type\":\"EntryPoint\",\"urlTemplate\":\"https:\\\/\\\/nicandmel.com\\\/sv\\\/?s={search_term_string}\"},\"query-input\":{\"@type\":\"PropertyValueSpecification\",\"valueRequired\":true,\"valueName\":\"search_term_string\"}}],\"inLanguage\":\"sv-SE\"},{\"@type\":\"Organization\",\"@id\":\"https:\\\/\\\/nicandmel.com\\\/sv\\\/#organization\",\"name\":\"Nic & Mel\",\"url\":\"https:\\\/\\\/nicandmel.com\\\/sv\\\/\",\"logo\":{\"@type\":\"ImageObject\",\"inLanguage\":\"sv-SE\",\"@id\":\"https:\\\/\\\/nicandmel.com\\\/sv\\\/#\\\/schema\\\/logo\\\/image\\\/\",\"url\":\"https:\\\/\\\/nicandmel.com\\\/wp-content\\\/uploads\\\/2021\\\/07\\\/nic_and_mel_logo.png\",\"contentUrl\":\"https:\\\/\\\/nicandmel.com\\\/wp-content\\\/uploads\\\/2021\\\/07\\\/nic_and_mel_logo.png\",\"width\":1237,\"height\":263,\"caption\":\"Nic & Mel\"},\"image\":{\"@id\":\"https:\\\/\\\/nicandmel.com\\\/sv\\\/#\\\/schema\\\/logo\\\/image\\\/\"},\"sameAs\":[\"https:\\\/\\\/www.facebook.com\\\/nicandmel\"]}]}<\/script>\n<!-- \/ Yoast SEO plugin. -->","yoast_head_json":{"title":"Magsafe XS Max skal magnetskal iPhone - Nic &amp; Mel","description":"iPhone XS MAX magnetfodral med st\u00f6d f\u00f6r tr\u00e5dl\u00f6s laddning! Perfekt passform med omgivande flexibelt gummi och mjukt mikrofiberfoder p\u00e5 insidan f\u00f6r att skydda din telefon. Ribbat grepp runtom f\u00f6r att s\u00e4kerst\u00e4lla ett fast och s\u00e4kert grepp. Den slitstarka utsidan \u00e4r kl\u00e4dd i svart mikrofiber och prydd med en guldf\u00e4rgad logotyp.","robots":{"index":"index","follow":"follow","max-snippet":"max-snippet:-1","max-image-preview":"max-image-preview:large","max-video-preview":"max-video-preview:-1"},"canonical":"https:\/\/nicandmel.com\/sv\/produkt\/magnetiskt-fodral-tradlos-laddning-iphone-xs-max\/","og_locale":"sv_SE","og_type":"article","og_title":"Magsafe XS Max skal magnetskal iPhone - Nic &amp; Mel","og_description":"iPhone XS MAX magnetfodral med st\u00f6d f\u00f6r tr\u00e5dl\u00f6s laddning! Perfekt passform med omgivande flexibelt gummi och mjukt mikrofiberfoder p\u00e5 insidan f\u00f6r att skydda din telefon. Ribbat grepp runtom f\u00f6r att s\u00e4kerst\u00e4lla ett fast och s\u00e4kert grepp. Den slitstarka utsidan \u00e4r kl\u00e4dd i svart mikrofiber och prydd med en guldf\u00e4rgad logotyp.","og_url":"https:\/\/nicandmel.com\/sv\/produkt\/magnetiskt-fodral-tradlos-laddning-iphone-xs-max\/","og_site_name":"Nic &amp; Mel","article_publisher":"https:\/\/www.facebook.com\/nicandmel","article_modified_time":"2025-02-13T06:14:38+00:00","og_image":[{"width":2000,"height":1370,"url":"https:\/\/nicandmel.com\/wp-content\/uploads\/2018\/04\/nm-MFCASE-XWL-99-front_Symbol.jpg","type":"image\/jpeg"}],"twitter_card":"summary_large_image","twitter_misc":{"Ber\u00e4knad l\u00e4stid":"2 minuter"},"schema":{"@context":"https:\/\/schema.org","@graph":[{"@type":"WebPage","@id":"https:\/\/nicandmel.com\/sv\/produkt\/magnetiskt-fodral-tradlos-laddning-iphone-xs-max\/","url":"https:\/\/nicandmel.com\/sv\/produkt\/magnetiskt-fodral-tradlos-laddning-iphone-xs-max\/","name":"Magsafe XS Max skal magnetskal iPhone - Nic &amp; Mel","isPartOf":{"@id":"https:\/\/nicandmel.com\/sv\/#website"},"primaryImageOfPage":{"@id":"https:\/\/nicandmel.com\/sv\/produkt\/magnetiskt-fodral-tradlos-laddning-iphone-xs-max\/#primaryimage"},"image":{"@id":"https:\/\/nicandmel.com\/sv\/produkt\/magnetiskt-fodral-tradlos-laddning-iphone-xs-max\/#primaryimage"},"thumbnailUrl":"https:\/\/nicandmel.com\/wp-content\/uploads\/2018\/04\/nm-MFCASE-XWL-99-front_Symbol.jpg","datePublished":"2021-07-01T07:51:03+00:00","dateModified":"2025-02-13T06:14:38+00:00","description":"iPhone XS MAX magnetfodral med st\u00f6d f\u00f6r tr\u00e5dl\u00f6s laddning! Perfekt passform med omgivande flexibelt gummi och mjukt mikrofiberfoder p\u00e5 insidan f\u00f6r att skydda din telefon. Ribbat grepp runtom f\u00f6r att s\u00e4kerst\u00e4lla ett fast och s\u00e4kert grepp. Den slitstarka utsidan \u00e4r kl\u00e4dd i svart mikrofiber och prydd med en guldf\u00e4rgad logotyp.","breadcrumb":{"@id":"https:\/\/nicandmel.com\/sv\/produkt\/magnetiskt-fodral-tradlos-laddning-iphone-xs-max\/#breadcrumb"},"inLanguage":"sv-SE","potentialAction":[{"@type":"ReadAction","target":["https:\/\/nicandmel.com\/sv\/produkt\/magnetiskt-fodral-tradlos-laddning-iphone-xs-max\/"]}]},{"@type":"ImageObject","inLanguage":"sv-SE","@id":"https:\/\/nicandmel.com\/sv\/produkt\/magnetiskt-fodral-tradlos-laddning-iphone-xs-max\/#primaryimage","url":"https:\/\/nicandmel.com\/wp-content\/uploads\/2018\/04\/nm-MFCASE-XWL-99-front_Symbol.jpg","contentUrl":"https:\/\/nicandmel.com\/wp-content\/uploads\/2018\/04\/nm-MFCASE-XWL-99-front_Symbol.jpg","width":2000,"height":1370,"caption":"Magnetic XS Max Case"},{"@type":"BreadcrumbList","@id":"https:\/\/nicandmel.com\/sv\/produkt\/magnetiskt-fodral-tradlos-laddning-iphone-xs-max\/#breadcrumb","itemListElement":[{"@type":"ListItem","position":1,"name":"Home","item":"https:\/\/nicandmel.com\/sv\/"},{"@type":"ListItem","position":2,"name":"Butik","item":"https:\/\/nicandmel.com\/sv\/butik\/"},{"@type":"ListItem","position":3,"name":"Magsafe XS Max skal magnetskal iPhone"}]},{"@type":"WebSite","@id":"https:\/\/nicandmel.com\/sv\/#website","url":"https:\/\/nicandmel.com\/sv\/","name":"Nic & Mel","description":"Handmade leather goods","publisher":{"@id":"https:\/\/nicandmel.com\/sv\/#organization"},"potentialAction":[{"@type":"SearchAction","target":{"@type":"EntryPoint","urlTemplate":"https:\/\/nicandmel.com\/sv\/?s={search_term_string}"},"query-input":{"@type":"PropertyValueSpecification","valueRequired":true,"valueName":"search_term_string"}}],"inLanguage":"sv-SE"},{"@type":"Organization","@id":"https:\/\/nicandmel.com\/sv\/#organization","name":"Nic & Mel","url":"https:\/\/nicandmel.com\/sv\/","logo":{"@type":"ImageObject","inLanguage":"sv-SE","@id":"https:\/\/nicandmel.com\/sv\/#\/schema\/logo\/image\/","url":"https:\/\/nicandmel.com\/wp-content\/uploads\/2021\/07\/nic_and_mel_logo.png","contentUrl":"https:\/\/nicandmel.com\/wp-content\/uploads\/2021\/07\/nic_and_mel_logo.png","width":1237,"height":263,"caption":"Nic & Mel"},"image":{"@id":"https:\/\/nicandmel.com\/sv\/#\/schema\/logo\/image\/"},"sameAs":["https:\/\/www.facebook.com\/nicandmel"]}]}},"_links":{"self":[{"href":"https:\/\/nicandmel.com\/sv\/wp-json\/wp\/v2\/product\/19135","targetHints":{"allow":["GET"]}}],"collection":[{"href":"https:\/\/nicandmel.com\/sv\/wp-json\/wp\/v2\/product"}],"about":[{"href":"https:\/\/nicandmel.com\/sv\/wp-json\/wp\/v2\/types\/product"}],"wp:featuredmedia":[{"embeddable":true,"href":"https:\/\/nicandmel.com\/sv\/wp-json\/wp\/v2\/media\/17334"}],"wp:attachment":[{"href":"https:\/\/nicandmel.com\/sv\/wp-json\/wp\/v2\/media?parent=19135"}],"wp:term":[{"taxonomy":"product_brand","embeddable":true,"href":"https:\/\/nicandmel.com\/sv\/wp-json\/wp\/v2\/product_brand?post=19135"},{"taxonomy":"product_cat","embeddable":true,"href":"https:\/\/nicandmel.com\/sv\/wp-json\/wp\/v2\/product_cat?post=19135"},{"taxonomy":"product_tag","embeddable":true,"href":"https:\/\/nicandmel.com\/sv\/wp-json\/wp\/v2\/product_tag?post=19135"}],"curies":[{"name":"wp","href":"https:\/\/api.w.org\/{rel}","templated":true}]}}