{"id":19148,"date":"2023-02-07T23:32:58","date_gmt":"2023-02-07T22:32:58","guid":{"rendered":"https:\/\/nicandmel.com\/product\/magnetfodral-cognac-magsafe-tradlos-laddning-iphone-11-pro\/"},"modified":"2025-06-16T19:23:23","modified_gmt":"2025-06-16T17:23:23","slug":"magnetfodral-cognac-magsafe-tradlos-laddning-iphone-11-pro","status":"publish","type":"product","link":"https:\/\/nicandmel.com\/sv\/produkt\/magnetfodral-cognac-magsafe-tradlos-laddning-iphone-11-pro\/","title":{"rendered":"Magnetfodral, Cognac, Magsafe (tr\u00e5dl\u00f6s laddning iPhone 11 Pro)"},"content":{"rendered":"<p>Vi presenterar v\u00e5rt senaste iPhone 11 Pro Vegan Leather Magnetic Case &#8211; den perfekta blandningen av stil och funktionalitet f\u00f6r att f\u00f6rb\u00e4ttra din iPhone 11 Pro-upplevelse! Funktioner: St\u00f6d f\u00f6r tr\u00e5dl\u00f6s laddning: Omfamna bekv\u00e4mligheten med tr\u00e5dl\u00f6s laddning med v\u00e5rt MagSafe-kompatibla magnetfodral f\u00f6r iPhone 11 Pro.<br \/>\nPerfekt passform: V\u00e5rt fodral \u00e4r noggrant utformat och garanterar en s\u00f6ml\u00f6s passform f\u00f6r din iPhone 11 Pro, vilket ger ett helt\u00e4ckande skydd.<br \/>\nFlexibelt gummi och mjukt mikrofiberfoder: Din telefon f\u00f6rtj\u00e4nar den b\u00e4sta v\u00e5rden. V\u00e5rt fodral har flexibla gummikanter och ett mjukt mikrofiberfoder p\u00e5 insidan, vilket ger ett komplett skydd mot repor och mindre st\u00f6tar.<br \/>\nRibbat grepp: Vi f\u00f6rst\u00e5r hur viktigt det \u00e4r med ett s\u00e4kert grepp. Med ribbad textur runt om garanterar v\u00e5rt fodral ett fast och bekv\u00e4mt grepp, s\u00e5 att din iPhone 11 Pro ligger s\u00e4kert i dina h\u00e4nder.<br \/>\nSlitstark utsida i vegansk l\u00e4der: Inslaget i elegant svart mikrofiber och pr\u00e4glat med en guldlogotyp utstr\u00e5lar v\u00e5rt fodral sofistikering och klass samtidigt som det \u00e4r grymhetsfritt och h\u00e5llbart.<br \/>\nKompatibilitet med Nic &amp; Mel&#8217;s Phone Wallets: V\u00e5rt magnetiska fodral \u00e4r speciellt utformat f\u00f6r att fungera s\u00f6ml\u00f6st med Nic &amp; Mel&#8217;s telefonpl\u00e5nb\u00f6cker som \u00e4r anpassade f\u00f6r tr\u00e5dl\u00f6s laddning, vilket ger dig en enhetlig och bekv\u00e4m upplevelse.<br \/>\nSkydda din iPhone 11 Pro med stil med v\u00e5rt magnetiska fodral i vegansk l\u00e4der. Ladda din telefon tr\u00e5dl\u00f6st utan anstr\u00e4ngning samtidigt som du visar upp din enhet p\u00e5 ett snyggt och modernt s\u00e4tt. Uppgradera din iPhone 11 Pro med v\u00e5rt magnetiska premiumfodral och upplev den tr\u00e5dl\u00f6sa laddningens enkelhet och bekv\u00e4mlighet utan att kompromissa med elegans och skydd. Det perfekta tillbeh\u00f6ret f\u00f6r att komplettera din iPhone 11 Pro och Nic &amp; Mel&#8217;s telefonpl\u00e5nb\u00f6cker, allt i ett anm\u00e4rkningsv\u00e4rt paket.<\/p>\n","protected":false},"excerpt":{"rendered":"<p>Magnetiskt fodral med st\u00f6d f\u00f6r tr\u00e5dl\u00f6s laddning f\u00f6r iPhone 11 Pro, skyddande och s\u00e4kert med ett omgivande ribbat grepp och mikrofiberfoder p\u00e5 b\u00e5de fram- och baksida.<\/p>\n","protected":false},"featured_media":18111,"template":"","meta":{"_acf_changed":false},"product_brand":[],"product_cat":[1813],"product_tag":[1918],"class_list":{"0":"post-19148","1":"product","2":"type-product","3":"status-publish","4":"has-post-thumbnail","6":"product_cat-mobiltillbehor","7":"product_tag-iphone-11-pro-sv","8":"pa_model-iphone-11-pro-sv-2","10":"first","11":"instock","12":"taxable","13":"shipping-taxable","14":"purchasable","15":"product-type-simple"},"acf":[],"yoast_head":"<!-- This site is optimized with the Yoast SEO plugin v27.4 - https:\/\/yoast.com\/product\/yoast-seo-wordpress\/ -->\n<title>Magnetfodral, Cognac, Magsafe (tr\u00e5dl\u00f6s laddning iPhone 11 Pro) - Nic &amp; Mel<\/title>\n<meta name=\"description\" content=\"iPhone X magnetfodral med st\u00f6d f\u00f6r tr\u00e5dl\u00f6s laddning! Perfekt passform med omgivande flexibelt gummi och mjukt mikrofiberfoder p\u00e5 insidan f\u00f6r att skydda din telefon. Ribbat grepp runtom f\u00f6r att s\u00e4kerst\u00e4lla ett fast och s\u00e4kert grepp. Den slitstarka utsidan \u00e4r kl\u00e4dd i svart mikrofiber och prydd med en guldf\u00e4rgad logotyp.\" \/>\n<meta name=\"robots\" content=\"index, follow, max-snippet:-1, max-image-preview:large, max-video-preview:-1\" \/>\n<link rel=\"canonical\" href=\"https:\/\/nicandmel.com\/sv\/produkt\/magnetfodral-cognac-magsafe-tradlos-laddning-iphone-11-pro\/\" \/>\n<meta property=\"og:locale\" content=\"sv_SE\" \/>\n<meta property=\"og:type\" content=\"article\" \/>\n<meta property=\"og:title\" content=\"Magnetfodral, Cognac, Magsafe (tr\u00e5dl\u00f6s laddning iPhone 11 Pro) - Nic &amp; Mel\" \/>\n<meta property=\"og:description\" content=\"iPhone X magnetfodral med st\u00f6d f\u00f6r tr\u00e5dl\u00f6s laddning! Perfekt passform med omgivande flexibelt gummi och mjukt mikrofiberfoder p\u00e5 insidan f\u00f6r att skydda din telefon. Ribbat grepp runtom f\u00f6r att s\u00e4kerst\u00e4lla ett fast och s\u00e4kert grepp. Den slitstarka utsidan \u00e4r kl\u00e4dd i svart mikrofiber och prydd med en guldf\u00e4rgad logotyp.\" \/>\n<meta property=\"og:url\" content=\"https:\/\/nicandmel.com\/sv\/produkt\/magnetfodral-cognac-magsafe-tradlos-laddning-iphone-11-pro\/\" \/>\n<meta property=\"og:site_name\" content=\"Nic &amp; Mel\" \/>\n<meta property=\"article:publisher\" content=\"https:\/\/www.facebook.com\/nicandmel\" \/>\n<meta property=\"article:modified_time\" content=\"2025-06-16T17:23:23+00:00\" \/>\n<meta property=\"og:image\" content=\"https:\/\/nicandmel.com\/wp-content\/uploads\/2023\/12\/magcase-congac-11-max.jpg\" \/>\n\t<meta property=\"og:image:width\" content=\"1500\" \/>\n\t<meta property=\"og:image:height\" content=\"1828\" \/>\n\t<meta property=\"og:image:type\" content=\"image\/jpeg\" \/>\n<meta name=\"twitter:card\" content=\"summary_large_image\" \/>\n<meta name=\"twitter:label1\" content=\"Ber\u00e4knad l\u00e4stid\" \/>\n\t<meta name=\"twitter:data1\" content=\"2 minuter\" \/>\n<script type=\"application\/ld+json\" class=\"yoast-schema-graph\">{\"@context\":\"https:\\\/\\\/schema.org\",\"@graph\":[{\"@type\":\"WebPage\",\"@id\":\"https:\\\/\\\/nicandmel.com\\\/sv\\\/produkt\\\/magnetfodral-cognac-magsafe-tradlos-laddning-iphone-11-pro\\\/\",\"url\":\"https:\\\/\\\/nicandmel.com\\\/sv\\\/produkt\\\/magnetfodral-cognac-magsafe-tradlos-laddning-iphone-11-pro\\\/\",\"name\":\"Magnetfodral, Cognac, Magsafe (tr\u00e5dl\u00f6s laddning iPhone 11 Pro) - Nic &amp; Mel\",\"isPartOf\":{\"@id\":\"https:\\\/\\\/nicandmel.com\\\/sv\\\/#website\"},\"primaryImageOfPage\":{\"@id\":\"https:\\\/\\\/nicandmel.com\\\/sv\\\/produkt\\\/magnetfodral-cognac-magsafe-tradlos-laddning-iphone-11-pro\\\/#primaryimage\"},\"image\":{\"@id\":\"https:\\\/\\\/nicandmel.com\\\/sv\\\/produkt\\\/magnetfodral-cognac-magsafe-tradlos-laddning-iphone-11-pro\\\/#primaryimage\"},\"thumbnailUrl\":\"https:\\\/\\\/nicandmel.com\\\/wp-content\\\/uploads\\\/2023\\\/12\\\/magcase-congac-11-max.jpg\",\"datePublished\":\"2023-02-07T22:32:58+00:00\",\"dateModified\":\"2025-06-16T17:23:23+00:00\",\"description\":\"iPhone X magnetfodral med st\u00f6d f\u00f6r tr\u00e5dl\u00f6s laddning! Perfekt passform med omgivande flexibelt gummi och mjukt mikrofiberfoder p\u00e5 insidan f\u00f6r att skydda din telefon. Ribbat grepp runtom f\u00f6r att s\u00e4kerst\u00e4lla ett fast och s\u00e4kert grepp. Den slitstarka utsidan \u00e4r kl\u00e4dd i svart mikrofiber och prydd med en guldf\u00e4rgad logotyp.\",\"breadcrumb\":{\"@id\":\"https:\\\/\\\/nicandmel.com\\\/sv\\\/produkt\\\/magnetfodral-cognac-magsafe-tradlos-laddning-iphone-11-pro\\\/#breadcrumb\"},\"inLanguage\":\"sv-SE\",\"potentialAction\":[{\"@type\":\"ReadAction\",\"target\":[\"https:\\\/\\\/nicandmel.com\\\/sv\\\/produkt\\\/magnetfodral-cognac-magsafe-tradlos-laddning-iphone-11-pro\\\/\"]}]},{\"@type\":\"ImageObject\",\"inLanguage\":\"sv-SE\",\"@id\":\"https:\\\/\\\/nicandmel.com\\\/sv\\\/produkt\\\/magnetfodral-cognac-magsafe-tradlos-laddning-iphone-11-pro\\\/#primaryimage\",\"url\":\"https:\\\/\\\/nicandmel.com\\\/wp-content\\\/uploads\\\/2023\\\/12\\\/magcase-congac-11-max.jpg\",\"contentUrl\":\"https:\\\/\\\/nicandmel.com\\\/wp-content\\\/uploads\\\/2023\\\/12\\\/magcase-congac-11-max.jpg\",\"width\":1500,\"height\":1828},{\"@type\":\"BreadcrumbList\",\"@id\":\"https:\\\/\\\/nicandmel.com\\\/sv\\\/produkt\\\/magnetfodral-cognac-magsafe-tradlos-laddning-iphone-11-pro\\\/#breadcrumb\",\"itemListElement\":[{\"@type\":\"ListItem\",\"position\":1,\"name\":\"Home\",\"item\":\"https:\\\/\\\/nicandmel.com\\\/sv\\\/\"},{\"@type\":\"ListItem\",\"position\":2,\"name\":\"Butik\",\"item\":\"https:\\\/\\\/nicandmel.com\\\/sv\\\/butik\\\/\"},{\"@type\":\"ListItem\",\"position\":3,\"name\":\"Magnetfodral, Cognac, Magsafe (tr\u00e5dl\u00f6s laddning iPhone 11 Pro)\"}]},{\"@type\":\"WebSite\",\"@id\":\"https:\\\/\\\/nicandmel.com\\\/sv\\\/#website\",\"url\":\"https:\\\/\\\/nicandmel.com\\\/sv\\\/\",\"name\":\"Nic & Mel\",\"description\":\"Handmade leather goods\",\"publisher\":{\"@id\":\"https:\\\/\\\/nicandmel.com\\\/sv\\\/#organization\"},\"potentialAction\":[{\"@type\":\"SearchAction\",\"target\":{\"@type\":\"EntryPoint\",\"urlTemplate\":\"https:\\\/\\\/nicandmel.com\\\/sv\\\/?s={search_term_string}\"},\"query-input\":{\"@type\":\"PropertyValueSpecification\",\"valueRequired\":true,\"valueName\":\"search_term_string\"}}],\"inLanguage\":\"sv-SE\"},{\"@type\":\"Organization\",\"@id\":\"https:\\\/\\\/nicandmel.com\\\/sv\\\/#organization\",\"name\":\"Nic & Mel\",\"url\":\"https:\\\/\\\/nicandmel.com\\\/sv\\\/\",\"logo\":{\"@type\":\"ImageObject\",\"inLanguage\":\"sv-SE\",\"@id\":\"https:\\\/\\\/nicandmel.com\\\/sv\\\/#\\\/schema\\\/logo\\\/image\\\/\",\"url\":\"https:\\\/\\\/nicandmel.com\\\/wp-content\\\/uploads\\\/2021\\\/07\\\/nic_and_mel_logo.png\",\"contentUrl\":\"https:\\\/\\\/nicandmel.com\\\/wp-content\\\/uploads\\\/2021\\\/07\\\/nic_and_mel_logo.png\",\"width\":1237,\"height\":263,\"caption\":\"Nic & Mel\"},\"image\":{\"@id\":\"https:\\\/\\\/nicandmel.com\\\/sv\\\/#\\\/schema\\\/logo\\\/image\\\/\"},\"sameAs\":[\"https:\\\/\\\/www.facebook.com\\\/nicandmel\"]}]}<\/script>\n<!-- \/ Yoast SEO plugin. -->","yoast_head_json":{"title":"Magnetfodral, Cognac, Magsafe (tr\u00e5dl\u00f6s laddning iPhone 11 Pro) - Nic &amp; Mel","description":"iPhone X magnetfodral med st\u00f6d f\u00f6r tr\u00e5dl\u00f6s laddning! Perfekt passform med omgivande flexibelt gummi och mjukt mikrofiberfoder p\u00e5 insidan f\u00f6r att skydda din telefon. Ribbat grepp runtom f\u00f6r att s\u00e4kerst\u00e4lla ett fast och s\u00e4kert grepp. Den slitstarka utsidan \u00e4r kl\u00e4dd i svart mikrofiber och prydd med en guldf\u00e4rgad logotyp.","robots":{"index":"index","follow":"follow","max-snippet":"max-snippet:-1","max-image-preview":"max-image-preview:large","max-video-preview":"max-video-preview:-1"},"canonical":"https:\/\/nicandmel.com\/sv\/produkt\/magnetfodral-cognac-magsafe-tradlos-laddning-iphone-11-pro\/","og_locale":"sv_SE","og_type":"article","og_title":"Magnetfodral, Cognac, Magsafe (tr\u00e5dl\u00f6s laddning iPhone 11 Pro) - Nic &amp; Mel","og_description":"iPhone X magnetfodral med st\u00f6d f\u00f6r tr\u00e5dl\u00f6s laddning! Perfekt passform med omgivande flexibelt gummi och mjukt mikrofiberfoder p\u00e5 insidan f\u00f6r att skydda din telefon. Ribbat grepp runtom f\u00f6r att s\u00e4kerst\u00e4lla ett fast och s\u00e4kert grepp. Den slitstarka utsidan \u00e4r kl\u00e4dd i svart mikrofiber och prydd med en guldf\u00e4rgad logotyp.","og_url":"https:\/\/nicandmel.com\/sv\/produkt\/magnetfodral-cognac-magsafe-tradlos-laddning-iphone-11-pro\/","og_site_name":"Nic &amp; Mel","article_publisher":"https:\/\/www.facebook.com\/nicandmel","article_modified_time":"2025-06-16T17:23:23+00:00","og_image":[{"width":1500,"height":1828,"url":"https:\/\/nicandmel.com\/wp-content\/uploads\/2023\/12\/magcase-congac-11-max.jpg","type":"image\/jpeg"}],"twitter_card":"summary_large_image","twitter_misc":{"Ber\u00e4knad l\u00e4stid":"2 minuter"},"schema":{"@context":"https:\/\/schema.org","@graph":[{"@type":"WebPage","@id":"https:\/\/nicandmel.com\/sv\/produkt\/magnetfodral-cognac-magsafe-tradlos-laddning-iphone-11-pro\/","url":"https:\/\/nicandmel.com\/sv\/produkt\/magnetfodral-cognac-magsafe-tradlos-laddning-iphone-11-pro\/","name":"Magnetfodral, Cognac, Magsafe (tr\u00e5dl\u00f6s laddning iPhone 11 Pro) - Nic &amp; Mel","isPartOf":{"@id":"https:\/\/nicandmel.com\/sv\/#website"},"primaryImageOfPage":{"@id":"https:\/\/nicandmel.com\/sv\/produkt\/magnetfodral-cognac-magsafe-tradlos-laddning-iphone-11-pro\/#primaryimage"},"image":{"@id":"https:\/\/nicandmel.com\/sv\/produkt\/magnetfodral-cognac-magsafe-tradlos-laddning-iphone-11-pro\/#primaryimage"},"thumbnailUrl":"https:\/\/nicandmel.com\/wp-content\/uploads\/2023\/12\/magcase-congac-11-max.jpg","datePublished":"2023-02-07T22:32:58+00:00","dateModified":"2025-06-16T17:23:23+00:00","description":"iPhone X magnetfodral med st\u00f6d f\u00f6r tr\u00e5dl\u00f6s laddning! Perfekt passform med omgivande flexibelt gummi och mjukt mikrofiberfoder p\u00e5 insidan f\u00f6r att skydda din telefon. Ribbat grepp runtom f\u00f6r att s\u00e4kerst\u00e4lla ett fast och s\u00e4kert grepp. Den slitstarka utsidan \u00e4r kl\u00e4dd i svart mikrofiber och prydd med en guldf\u00e4rgad logotyp.","breadcrumb":{"@id":"https:\/\/nicandmel.com\/sv\/produkt\/magnetfodral-cognac-magsafe-tradlos-laddning-iphone-11-pro\/#breadcrumb"},"inLanguage":"sv-SE","potentialAction":[{"@type":"ReadAction","target":["https:\/\/nicandmel.com\/sv\/produkt\/magnetfodral-cognac-magsafe-tradlos-laddning-iphone-11-pro\/"]}]},{"@type":"ImageObject","inLanguage":"sv-SE","@id":"https:\/\/nicandmel.com\/sv\/produkt\/magnetfodral-cognac-magsafe-tradlos-laddning-iphone-11-pro\/#primaryimage","url":"https:\/\/nicandmel.com\/wp-content\/uploads\/2023\/12\/magcase-congac-11-max.jpg","contentUrl":"https:\/\/nicandmel.com\/wp-content\/uploads\/2023\/12\/magcase-congac-11-max.jpg","width":1500,"height":1828},{"@type":"BreadcrumbList","@id":"https:\/\/nicandmel.com\/sv\/produkt\/magnetfodral-cognac-magsafe-tradlos-laddning-iphone-11-pro\/#breadcrumb","itemListElement":[{"@type":"ListItem","position":1,"name":"Home","item":"https:\/\/nicandmel.com\/sv\/"},{"@type":"ListItem","position":2,"name":"Butik","item":"https:\/\/nicandmel.com\/sv\/butik\/"},{"@type":"ListItem","position":3,"name":"Magnetfodral, Cognac, Magsafe (tr\u00e5dl\u00f6s laddning iPhone 11 Pro)"}]},{"@type":"WebSite","@id":"https:\/\/nicandmel.com\/sv\/#website","url":"https:\/\/nicandmel.com\/sv\/","name":"Nic & Mel","description":"Handmade leather goods","publisher":{"@id":"https:\/\/nicandmel.com\/sv\/#organization"},"potentialAction":[{"@type":"SearchAction","target":{"@type":"EntryPoint","urlTemplate":"https:\/\/nicandmel.com\/sv\/?s={search_term_string}"},"query-input":{"@type":"PropertyValueSpecification","valueRequired":true,"valueName":"search_term_string"}}],"inLanguage":"sv-SE"},{"@type":"Organization","@id":"https:\/\/nicandmel.com\/sv\/#organization","name":"Nic & Mel","url":"https:\/\/nicandmel.com\/sv\/","logo":{"@type":"ImageObject","inLanguage":"sv-SE","@id":"https:\/\/nicandmel.com\/sv\/#\/schema\/logo\/image\/","url":"https:\/\/nicandmel.com\/wp-content\/uploads\/2021\/07\/nic_and_mel_logo.png","contentUrl":"https:\/\/nicandmel.com\/wp-content\/uploads\/2021\/07\/nic_and_mel_logo.png","width":1237,"height":263,"caption":"Nic & Mel"},"image":{"@id":"https:\/\/nicandmel.com\/sv\/#\/schema\/logo\/image\/"},"sameAs":["https:\/\/www.facebook.com\/nicandmel"]}]}},"_links":{"self":[{"href":"https:\/\/nicandmel.com\/sv\/wp-json\/wp\/v2\/product\/19148","targetHints":{"allow":["GET"]}}],"collection":[{"href":"https:\/\/nicandmel.com\/sv\/wp-json\/wp\/v2\/product"}],"about":[{"href":"https:\/\/nicandmel.com\/sv\/wp-json\/wp\/v2\/types\/product"}],"wp:featuredmedia":[{"embeddable":true,"href":"https:\/\/nicandmel.com\/sv\/wp-json\/wp\/v2\/media\/18111"}],"wp:attachment":[{"href":"https:\/\/nicandmel.com\/sv\/wp-json\/wp\/v2\/media?parent=19148"}],"wp:term":[{"taxonomy":"product_brand","embeddable":true,"href":"https:\/\/nicandmel.com\/sv\/wp-json\/wp\/v2\/product_brand?post=19148"},{"taxonomy":"product_cat","embeddable":true,"href":"https:\/\/nicandmel.com\/sv\/wp-json\/wp\/v2\/product_cat?post=19148"},{"taxonomy":"product_tag","embeddable":true,"href":"https:\/\/nicandmel.com\/sv\/wp-json\/wp\/v2\/product_tag?post=19148"}],"curies":[{"name":"wp","href":"https:\/\/api.w.org\/{rel}","templated":true}]}}