{"id":19152,"date":"2023-02-08T20:00:52","date_gmt":"2023-02-08T19:00:52","guid":{"rendered":"https:\/\/nicandmel.com\/product\/magnetfodral-cognac-magesafe-tradlos-laddning-iphone-14-pro-max\/"},"modified":"2024-12-14T11:43:42","modified_gmt":"2024-12-14T10:43:42","slug":"magnetfodral-cognac-magesafe-tradlos-laddning-iphone-14-pro-max","status":"publish","type":"product","link":"https:\/\/nicandmel.com\/sv\/produkt\/magnetfodral-cognac-magesafe-tradlos-laddning-iphone-14-pro-max\/","title":{"rendered":"Magnetfodral, Cognac, Magesafe (tr\u00e5dl\u00f6s laddning iPhone 14 Pro Max)"},"content":{"rendered":"<p>Vi presenterar n\u00e4sta niv\u00e5 av skydd f\u00f6r din iPhone 14 Pro Max &#8211; v\u00e5rt banbrytande magnetiska fodral med st\u00f6d f\u00f6r tr\u00e5dl\u00f6s laddning nad magsafe! ???? Revolution inom tr\u00e5dl\u00f6s laddning: Upplev framtidens laddning med v\u00e5rt avancerade Magnetic Case som har fullt st\u00f6d f\u00f6r tr\u00e5dl\u00f6s laddning f\u00f6r din iPhone 14 Pro Max. Njut av bekv\u00e4mligheten med kabelfri uppstart, vilket g\u00f6r laddningen till en barnlek. ????\ufe0f O\u00f6vertr\u00e4ffat skydd: Skydda din dyrbara \u00e4godel fr\u00e5n repor och mindre st\u00f6tar med v\u00e5rt perfekt passande magnetiska fodral. Det omgivande flexibla gummit och det mjuka mikrofiberfodret p\u00e5 b\u00e5de fram- och baksidan ger ett helt\u00e4ckande skydd mot vardagens slitage. ???? F\u00f6rb\u00e4ttrat grepp och s\u00e4kerhet: Oroa dig aldrig f\u00f6r oavsiktliga droppar igen! Det r\u00e4fflade greppet runt hela fodralet ger ett fast och s\u00e4kert grepp, s\u00e5 att du tryggt kan anv\u00e4nda din iPhone 14 Pro Max n\u00e4r du \u00e4r p\u00e5 spr\u00e5ng. ????\ufe0f Lyxig design: G\u00f6r ett dj\u00e4rvt uttalande med v\u00e5rt uts\u00f6kta magnetiska fodral. Den slitstarka utsidan \u00e4r elegant kl\u00e4dd i cognac mikrofiber, vackert pr\u00e4glad med en guldlogotyp i vegansk l\u00e4der, vilket ger en touch av sofistikering till din enhet. ???? M\u00e5ngsidig kompatibilitet: V\u00e5rt magnetiska fodral \u00e4r s\u00e4rskilt utformat f\u00f6r iPhone 14 Pro Max och \u00e4r ocks\u00e5 helt kompatibelt med Nic &amp; Mels telefonpl\u00e5nb\u00f6cker som \u00e4r anpassade f\u00f6r tr\u00e5dl\u00f6s laddning. Nu kan du b\u00e4ra med dig dina viktigaste saker med stil och bekv\u00e4mlighet samtidigt som din iPhone \u00e4r skyddad. ???? Inbyggd MagSafe: Upplev den s\u00f6ml\u00f6sa integreringen av MagSafe-tekniken i v\u00e5rt magnetiska fodral. Njut av f\u00f6rdelarna med enkel fasts\u00e4ttning av MagSafe-tillbeh\u00f6r och en stabil magnetisk anslutning. Uppgradera till det b\u00e4sta inom telefonskydd och stil med v\u00e5rt innovativa Magnetic Case f\u00f6r iPhone 14 Pro Max. S\u00e4g adj\u00f6 till besv\u00e4ret med laddningskablar och omfamna framtiden med tr\u00e5dl\u00f6s laddning! S\u00e4kra din iPhone 14 Pro Max idag och ta din enhetsupplevelse till o\u00f6vertr\u00e4ffade h\u00f6jder. Best\u00e4ll nu och bli en av alla n\u00f6jda kunder som litar p\u00e5 v\u00e5ra \u00f6verl\u00e4gsna l\u00f6sningar f\u00f6r telefonskydd.<\/p>\n","protected":false},"excerpt":{"rendered":"<p>Magnetiskt fodral med st\u00f6d f\u00f6r tr\u00e5dl\u00f6s laddning f\u00f6r iPhone 14 Pro Max, skyddande och s\u00e4kert med ett omgivande ribbat grepp och mikrofiberfoder p\u00e5 b\u00e5de fram- och baksida.<\/p>\n","protected":false},"featured_media":18111,"template":"","meta":{"_acf_changed":false},"product_brand":[],"product_cat":[1813],"product_tag":[1902],"class_list":{"0":"post-19152","1":"product","2":"type-product","3":"status-publish","4":"has-post-thumbnail","6":"product_cat-mobiltillbehor","7":"product_tag-iphone-14-pro-max-sv","8":"pa_model-iphone-14-pro-max-sv-2","10":"first","11":"instock","12":"taxable","13":"shipping-taxable","14":"purchasable","15":"product-type-simple"},"acf":[],"yoast_head":"<!-- This site is optimized with the Yoast SEO plugin v27.3 - https:\/\/yoast.com\/product\/yoast-seo-wordpress\/ -->\n<title>Magnetfodral, Cognac, Magesafe (tr\u00e5dl\u00f6s laddning iPhone 14 Pro Max) - Nic &amp; Mel<\/title>\n<meta name=\"description\" content=\"iPhone X magnetfodral med st\u00f6d f\u00f6r tr\u00e5dl\u00f6s laddning! Perfekt passform med omgivande flexibelt gummi och mjukt mikrofiberfoder p\u00e5 insidan f\u00f6r att skydda din telefon. Ribbat grepp runtom f\u00f6r att s\u00e4kerst\u00e4lla ett fast och s\u00e4kert grepp. Den slitstarka utsidan \u00e4r kl\u00e4dd i svart mikrofiber och prydd med en guldf\u00e4rgad logotyp.\" \/>\n<meta name=\"robots\" content=\"index, follow, max-snippet:-1, max-image-preview:large, max-video-preview:-1\" \/>\n<link rel=\"canonical\" href=\"https:\/\/nicandmel.com\/sv\/produkt\/magnetfodral-cognac-magesafe-tradlos-laddning-iphone-14-pro-max\/\" \/>\n<meta property=\"og:locale\" content=\"sv_SE\" \/>\n<meta property=\"og:type\" content=\"article\" \/>\n<meta property=\"og:title\" content=\"Magnetfodral, Cognac, Magesafe (tr\u00e5dl\u00f6s laddning iPhone 14 Pro Max) - Nic &amp; Mel\" \/>\n<meta property=\"og:description\" content=\"iPhone X magnetfodral med st\u00f6d f\u00f6r tr\u00e5dl\u00f6s laddning! Perfekt passform med omgivande flexibelt gummi och mjukt mikrofiberfoder p\u00e5 insidan f\u00f6r att skydda din telefon. Ribbat grepp runtom f\u00f6r att s\u00e4kerst\u00e4lla ett fast och s\u00e4kert grepp. Den slitstarka utsidan \u00e4r kl\u00e4dd i svart mikrofiber och prydd med en guldf\u00e4rgad logotyp.\" \/>\n<meta property=\"og:url\" content=\"https:\/\/nicandmel.com\/sv\/produkt\/magnetfodral-cognac-magesafe-tradlos-laddning-iphone-14-pro-max\/\" \/>\n<meta property=\"og:site_name\" content=\"Nic &amp; Mel\" \/>\n<meta property=\"article:publisher\" content=\"https:\/\/www.facebook.com\/nicandmel\" \/>\n<meta property=\"article:modified_time\" content=\"2024-12-14T10:43:42+00:00\" \/>\n<meta property=\"og:image\" content=\"https:\/\/nicandmel.com\/wp-content\/uploads\/2023\/12\/magcase-congac-11-max.jpg\" \/>\n\t<meta property=\"og:image:width\" content=\"1500\" \/>\n\t<meta property=\"og:image:height\" content=\"1828\" \/>\n\t<meta property=\"og:image:type\" content=\"image\/jpeg\" \/>\n<meta name=\"twitter:card\" content=\"summary_large_image\" \/>\n<meta name=\"twitter:label1\" content=\"Ber\u00e4knad l\u00e4stid\" \/>\n\t<meta name=\"twitter:data1\" content=\"2 minuter\" \/>\n<script type=\"application\/ld+json\" class=\"yoast-schema-graph\">{\"@context\":\"https:\\\/\\\/schema.org\",\"@graph\":[{\"@type\":\"WebPage\",\"@id\":\"https:\\\/\\\/nicandmel.com\\\/sv\\\/produkt\\\/magnetfodral-cognac-magesafe-tradlos-laddning-iphone-14-pro-max\\\/\",\"url\":\"https:\\\/\\\/nicandmel.com\\\/sv\\\/produkt\\\/magnetfodral-cognac-magesafe-tradlos-laddning-iphone-14-pro-max\\\/\",\"name\":\"Magnetfodral, Cognac, Magesafe (tr\u00e5dl\u00f6s laddning iPhone 14 Pro Max) - Nic &amp; Mel\",\"isPartOf\":{\"@id\":\"https:\\\/\\\/nicandmel.com\\\/sv\\\/#website\"},\"primaryImageOfPage\":{\"@id\":\"https:\\\/\\\/nicandmel.com\\\/sv\\\/produkt\\\/magnetfodral-cognac-magesafe-tradlos-laddning-iphone-14-pro-max\\\/#primaryimage\"},\"image\":{\"@id\":\"https:\\\/\\\/nicandmel.com\\\/sv\\\/produkt\\\/magnetfodral-cognac-magesafe-tradlos-laddning-iphone-14-pro-max\\\/#primaryimage\"},\"thumbnailUrl\":\"https:\\\/\\\/nicandmel.com\\\/wp-content\\\/uploads\\\/2023\\\/12\\\/magcase-congac-11-max.jpg\",\"datePublished\":\"2023-02-08T19:00:52+00:00\",\"dateModified\":\"2024-12-14T10:43:42+00:00\",\"description\":\"iPhone X magnetfodral med st\u00f6d f\u00f6r tr\u00e5dl\u00f6s laddning! Perfekt passform med omgivande flexibelt gummi och mjukt mikrofiberfoder p\u00e5 insidan f\u00f6r att skydda din telefon. Ribbat grepp runtom f\u00f6r att s\u00e4kerst\u00e4lla ett fast och s\u00e4kert grepp. Den slitstarka utsidan \u00e4r kl\u00e4dd i svart mikrofiber och prydd med en guldf\u00e4rgad logotyp.\",\"breadcrumb\":{\"@id\":\"https:\\\/\\\/nicandmel.com\\\/sv\\\/produkt\\\/magnetfodral-cognac-magesafe-tradlos-laddning-iphone-14-pro-max\\\/#breadcrumb\"},\"inLanguage\":\"sv-SE\",\"potentialAction\":[{\"@type\":\"ReadAction\",\"target\":[\"https:\\\/\\\/nicandmel.com\\\/sv\\\/produkt\\\/magnetfodral-cognac-magesafe-tradlos-laddning-iphone-14-pro-max\\\/\"]}]},{\"@type\":\"ImageObject\",\"inLanguage\":\"sv-SE\",\"@id\":\"https:\\\/\\\/nicandmel.com\\\/sv\\\/produkt\\\/magnetfodral-cognac-magesafe-tradlos-laddning-iphone-14-pro-max\\\/#primaryimage\",\"url\":\"https:\\\/\\\/nicandmel.com\\\/wp-content\\\/uploads\\\/2023\\\/12\\\/magcase-congac-11-max.jpg\",\"contentUrl\":\"https:\\\/\\\/nicandmel.com\\\/wp-content\\\/uploads\\\/2023\\\/12\\\/magcase-congac-11-max.jpg\",\"width\":1500,\"height\":1828},{\"@type\":\"BreadcrumbList\",\"@id\":\"https:\\\/\\\/nicandmel.com\\\/sv\\\/produkt\\\/magnetfodral-cognac-magesafe-tradlos-laddning-iphone-14-pro-max\\\/#breadcrumb\",\"itemListElement\":[{\"@type\":\"ListItem\",\"position\":1,\"name\":\"Home\",\"item\":\"https:\\\/\\\/nicandmel.com\\\/sv\\\/\"},{\"@type\":\"ListItem\",\"position\":2,\"name\":\"Butik\",\"item\":\"https:\\\/\\\/nicandmel.com\\\/sv\\\/butik\\\/\"},{\"@type\":\"ListItem\",\"position\":3,\"name\":\"Magnetfodral, Cognac, Magesafe (tr\u00e5dl\u00f6s laddning iPhone 14 Pro Max)\"}]},{\"@type\":\"WebSite\",\"@id\":\"https:\\\/\\\/nicandmel.com\\\/sv\\\/#website\",\"url\":\"https:\\\/\\\/nicandmel.com\\\/sv\\\/\",\"name\":\"Nic & Mel\",\"description\":\"Handmade leather goods\",\"publisher\":{\"@id\":\"https:\\\/\\\/nicandmel.com\\\/sv\\\/#organization\"},\"potentialAction\":[{\"@type\":\"SearchAction\",\"target\":{\"@type\":\"EntryPoint\",\"urlTemplate\":\"https:\\\/\\\/nicandmel.com\\\/sv\\\/?s={search_term_string}\"},\"query-input\":{\"@type\":\"PropertyValueSpecification\",\"valueRequired\":true,\"valueName\":\"search_term_string\"}}],\"inLanguage\":\"sv-SE\"},{\"@type\":\"Organization\",\"@id\":\"https:\\\/\\\/nicandmel.com\\\/sv\\\/#organization\",\"name\":\"Nic & Mel\",\"url\":\"https:\\\/\\\/nicandmel.com\\\/sv\\\/\",\"logo\":{\"@type\":\"ImageObject\",\"inLanguage\":\"sv-SE\",\"@id\":\"https:\\\/\\\/nicandmel.com\\\/sv\\\/#\\\/schema\\\/logo\\\/image\\\/\",\"url\":\"https:\\\/\\\/nicandmel.com\\\/wp-content\\\/uploads\\\/2021\\\/07\\\/nic_and_mel_logo.png\",\"contentUrl\":\"https:\\\/\\\/nicandmel.com\\\/wp-content\\\/uploads\\\/2021\\\/07\\\/nic_and_mel_logo.png\",\"width\":1237,\"height\":263,\"caption\":\"Nic & Mel\"},\"image\":{\"@id\":\"https:\\\/\\\/nicandmel.com\\\/sv\\\/#\\\/schema\\\/logo\\\/image\\\/\"},\"sameAs\":[\"https:\\\/\\\/www.facebook.com\\\/nicandmel\"]}]}<\/script>\n<!-- \/ Yoast SEO plugin. -->","yoast_head_json":{"title":"Magnetfodral, Cognac, Magesafe (tr\u00e5dl\u00f6s laddning iPhone 14 Pro Max) - Nic &amp; Mel","description":"iPhone X magnetfodral med st\u00f6d f\u00f6r tr\u00e5dl\u00f6s laddning! Perfekt passform med omgivande flexibelt gummi och mjukt mikrofiberfoder p\u00e5 insidan f\u00f6r att skydda din telefon. Ribbat grepp runtom f\u00f6r att s\u00e4kerst\u00e4lla ett fast och s\u00e4kert grepp. Den slitstarka utsidan \u00e4r kl\u00e4dd i svart mikrofiber och prydd med en guldf\u00e4rgad logotyp.","robots":{"index":"index","follow":"follow","max-snippet":"max-snippet:-1","max-image-preview":"max-image-preview:large","max-video-preview":"max-video-preview:-1"},"canonical":"https:\/\/nicandmel.com\/sv\/produkt\/magnetfodral-cognac-magesafe-tradlos-laddning-iphone-14-pro-max\/","og_locale":"sv_SE","og_type":"article","og_title":"Magnetfodral, Cognac, Magesafe (tr\u00e5dl\u00f6s laddning iPhone 14 Pro Max) - Nic &amp; Mel","og_description":"iPhone X magnetfodral med st\u00f6d f\u00f6r tr\u00e5dl\u00f6s laddning! Perfekt passform med omgivande flexibelt gummi och mjukt mikrofiberfoder p\u00e5 insidan f\u00f6r att skydda din telefon. Ribbat grepp runtom f\u00f6r att s\u00e4kerst\u00e4lla ett fast och s\u00e4kert grepp. Den slitstarka utsidan \u00e4r kl\u00e4dd i svart mikrofiber och prydd med en guldf\u00e4rgad logotyp.","og_url":"https:\/\/nicandmel.com\/sv\/produkt\/magnetfodral-cognac-magesafe-tradlos-laddning-iphone-14-pro-max\/","og_site_name":"Nic &amp; Mel","article_publisher":"https:\/\/www.facebook.com\/nicandmel","article_modified_time":"2024-12-14T10:43:42+00:00","og_image":[{"width":1500,"height":1828,"url":"https:\/\/nicandmel.com\/wp-content\/uploads\/2023\/12\/magcase-congac-11-max.jpg","type":"image\/jpeg"}],"twitter_card":"summary_large_image","twitter_misc":{"Ber\u00e4knad l\u00e4stid":"2 minuter"},"schema":{"@context":"https:\/\/schema.org","@graph":[{"@type":"WebPage","@id":"https:\/\/nicandmel.com\/sv\/produkt\/magnetfodral-cognac-magesafe-tradlos-laddning-iphone-14-pro-max\/","url":"https:\/\/nicandmel.com\/sv\/produkt\/magnetfodral-cognac-magesafe-tradlos-laddning-iphone-14-pro-max\/","name":"Magnetfodral, Cognac, Magesafe (tr\u00e5dl\u00f6s laddning iPhone 14 Pro Max) - Nic &amp; Mel","isPartOf":{"@id":"https:\/\/nicandmel.com\/sv\/#website"},"primaryImageOfPage":{"@id":"https:\/\/nicandmel.com\/sv\/produkt\/magnetfodral-cognac-magesafe-tradlos-laddning-iphone-14-pro-max\/#primaryimage"},"image":{"@id":"https:\/\/nicandmel.com\/sv\/produkt\/magnetfodral-cognac-magesafe-tradlos-laddning-iphone-14-pro-max\/#primaryimage"},"thumbnailUrl":"https:\/\/nicandmel.com\/wp-content\/uploads\/2023\/12\/magcase-congac-11-max.jpg","datePublished":"2023-02-08T19:00:52+00:00","dateModified":"2024-12-14T10:43:42+00:00","description":"iPhone X magnetfodral med st\u00f6d f\u00f6r tr\u00e5dl\u00f6s laddning! Perfekt passform med omgivande flexibelt gummi och mjukt mikrofiberfoder p\u00e5 insidan f\u00f6r att skydda din telefon. Ribbat grepp runtom f\u00f6r att s\u00e4kerst\u00e4lla ett fast och s\u00e4kert grepp. Den slitstarka utsidan \u00e4r kl\u00e4dd i svart mikrofiber och prydd med en guldf\u00e4rgad logotyp.","breadcrumb":{"@id":"https:\/\/nicandmel.com\/sv\/produkt\/magnetfodral-cognac-magesafe-tradlos-laddning-iphone-14-pro-max\/#breadcrumb"},"inLanguage":"sv-SE","potentialAction":[{"@type":"ReadAction","target":["https:\/\/nicandmel.com\/sv\/produkt\/magnetfodral-cognac-magesafe-tradlos-laddning-iphone-14-pro-max\/"]}]},{"@type":"ImageObject","inLanguage":"sv-SE","@id":"https:\/\/nicandmel.com\/sv\/produkt\/magnetfodral-cognac-magesafe-tradlos-laddning-iphone-14-pro-max\/#primaryimage","url":"https:\/\/nicandmel.com\/wp-content\/uploads\/2023\/12\/magcase-congac-11-max.jpg","contentUrl":"https:\/\/nicandmel.com\/wp-content\/uploads\/2023\/12\/magcase-congac-11-max.jpg","width":1500,"height":1828},{"@type":"BreadcrumbList","@id":"https:\/\/nicandmel.com\/sv\/produkt\/magnetfodral-cognac-magesafe-tradlos-laddning-iphone-14-pro-max\/#breadcrumb","itemListElement":[{"@type":"ListItem","position":1,"name":"Home","item":"https:\/\/nicandmel.com\/sv\/"},{"@type":"ListItem","position":2,"name":"Butik","item":"https:\/\/nicandmel.com\/sv\/butik\/"},{"@type":"ListItem","position":3,"name":"Magnetfodral, Cognac, Magesafe (tr\u00e5dl\u00f6s laddning iPhone 14 Pro Max)"}]},{"@type":"WebSite","@id":"https:\/\/nicandmel.com\/sv\/#website","url":"https:\/\/nicandmel.com\/sv\/","name":"Nic & Mel","description":"Handmade leather goods","publisher":{"@id":"https:\/\/nicandmel.com\/sv\/#organization"},"potentialAction":[{"@type":"SearchAction","target":{"@type":"EntryPoint","urlTemplate":"https:\/\/nicandmel.com\/sv\/?s={search_term_string}"},"query-input":{"@type":"PropertyValueSpecification","valueRequired":true,"valueName":"search_term_string"}}],"inLanguage":"sv-SE"},{"@type":"Organization","@id":"https:\/\/nicandmel.com\/sv\/#organization","name":"Nic & Mel","url":"https:\/\/nicandmel.com\/sv\/","logo":{"@type":"ImageObject","inLanguage":"sv-SE","@id":"https:\/\/nicandmel.com\/sv\/#\/schema\/logo\/image\/","url":"https:\/\/nicandmel.com\/wp-content\/uploads\/2021\/07\/nic_and_mel_logo.png","contentUrl":"https:\/\/nicandmel.com\/wp-content\/uploads\/2021\/07\/nic_and_mel_logo.png","width":1237,"height":263,"caption":"Nic & Mel"},"image":{"@id":"https:\/\/nicandmel.com\/sv\/#\/schema\/logo\/image\/"},"sameAs":["https:\/\/www.facebook.com\/nicandmel"]}]}},"_links":{"self":[{"href":"https:\/\/nicandmel.com\/sv\/wp-json\/wp\/v2\/product\/19152","targetHints":{"allow":["GET"]}}],"collection":[{"href":"https:\/\/nicandmel.com\/sv\/wp-json\/wp\/v2\/product"}],"about":[{"href":"https:\/\/nicandmel.com\/sv\/wp-json\/wp\/v2\/types\/product"}],"wp:featuredmedia":[{"embeddable":true,"href":"https:\/\/nicandmel.com\/sv\/wp-json\/wp\/v2\/media\/18111"}],"wp:attachment":[{"href":"https:\/\/nicandmel.com\/sv\/wp-json\/wp\/v2\/media?parent=19152"}],"wp:term":[{"taxonomy":"product_brand","embeddable":true,"href":"https:\/\/nicandmel.com\/sv\/wp-json\/wp\/v2\/product_brand?post=19152"},{"taxonomy":"product_cat","embeddable":true,"href":"https:\/\/nicandmel.com\/sv\/wp-json\/wp\/v2\/product_cat?post=19152"},{"taxonomy":"product_tag","embeddable":true,"href":"https:\/\/nicandmel.com\/sv\/wp-json\/wp\/v2\/product_tag?post=19152"}],"curies":[{"name":"wp","href":"https:\/\/api.w.org\/{rel}","templated":true}]}}