{"id":19160,"date":"2024-01-15T22:13:02","date_gmt":"2024-01-15T21:13:02","guid":{"rendered":"https:\/\/nicandmel.com\/product\/magnetfodral-cognac-magesafe-tradlos-laddning-iphone-x-xs\/"},"modified":"2024-12-14T11:42:17","modified_gmt":"2024-12-14T10:42:17","slug":"magnetfodral-cognac-magesafe-tradlos-laddning-iphone-x-xs","status":"publish","type":"product","link":"https:\/\/nicandmel.com\/sv\/produkt\/magnetfodral-cognac-magesafe-tradlos-laddning-iphone-x-xs\/","title":{"rendered":"Magnetfodral, Cognac, Magesafe (tr\u00e5dl\u00f6s laddning iPhone X\/XS)"},"content":{"rendered":"<p>F\u00f6rh\u00f6j din stil och funktionalitet med Jim Leather Case &#8211; ett perfekt val f\u00f6r den urbana cowboyen p\u00e5 resande fot. Tillverkad f\u00f6r hand med det finaste italienska organiskt garvade l\u00e4dret, \u00e4r detta fodral byggt f\u00f6r att h\u00e5lla och utformat f\u00f6r att vara din st\u00e4ndiga f\u00f6ljeslagare. H\u00e4r \u00e4r varf\u00f6r Jim Leather Case \u00e4r ett m\u00e5ste:  <\/p>\n<ul>\n<li><strong>F\u00f6rstklassigt hantverk:<\/strong> Handgjord med det b\u00e4sta italienska organiskt garvade l\u00e4dret, vilket garanterar en h\u00f6gkvalitativ och autentisk produkt som st\u00e5r sig \u00f6ver tid.<\/li>\n<li><strong>M\u00e5ngsidig kortf\u00f6rvaring:<\/strong> Fodralet rymmer fr\u00e5n b\u00f6rjan 2 kreditkort, men utvecklas med tiden s\u00e5 att du p\u00e5 ett smart s\u00e4tt kan f\u00f6rvara 3-4 kort i fodralen p\u00e5 baksidan och p\u00e5 s\u00e5 s\u00e4tt anpassa det efter dina behov.<\/li>\n<li><strong>S\u00f6ml\u00f6s modern design:<\/strong> Njut av ett elegant och modernt utseende med en s\u00f6ml\u00f6s design och noggrant lindade kanter, vilket ger en touch av sofistikering till ditt vardagliga b\u00e4rande.<\/li>\n<li><strong>En f\u00f6ljeslagare \u00f6verallt:<\/strong> Jim Leather Case \u00e4r designad f\u00f6r den urbana livsstilen och \u00e4r den perfekta f\u00f6ljeslagaren vart du \u00e4n g\u00e5r, med en kombination av stil och h\u00e5llbarhet f\u00f6r dina behov n\u00e4r du \u00e4r p\u00e5 spr\u00e5ng.<\/li>\n<li><strong>Popul\u00e4rt val:<\/strong> Med sin rena estetik och sina praktiska funktioner \u00e4r det ingen \u00f6verraskning att Jim Leather Case har blivit en av v\u00e5ra mest eftertraktade produkter.<\/li>\n<\/ul>\n<p>Uppt\u00e4ck den perfekta blandningen av stil, h\u00e5llbarhet och funktionalitet &#8211; g\u00f6r Jim Leather Case till ditt val f\u00f6r en p\u00e5litlig och snygg vardagsaccessoar.<\/p>\n","protected":false},"excerpt":{"rendered":"<ul>\n<li><strong>H\u00f6gklassigt hantverk:<\/strong><\/li>\n<li><strong>M\u00e5ngsidig kortlagring:<\/strong><\/li>\n<li><strong>\u00d6verallt f\u00f6ljeslagare:<\/strong><\/li>\n<li><strong>S\u00f6ml\u00f6s modern design:<\/strong><\/li>\n<li><strong>Popul\u00e4rt val:<\/strong><\/li>\n<\/ul>\n","protected":false},"featured_media":18111,"template":"","meta":{"_acf_changed":false},"product_brand":[],"product_cat":[1813],"product_tag":[1916],"class_list":{"0":"post-19160","1":"product","2":"type-product","3":"status-publish","4":"has-post-thumbnail","6":"product_cat-mobiltillbehor","7":"product_tag-iphone-x-xs-sv-2","8":"pa_model-iphone-x-xs-sv-2","10":"first","11":"instock","12":"taxable","13":"shipping-taxable","14":"purchasable","15":"product-type-simple"},"acf":[],"yoast_head":"<!-- This site is optimized with the Yoast SEO plugin v27.3 - https:\/\/yoast.com\/product\/yoast-seo-wordpress\/ -->\n<title>Magnetfodral, Cognac, Magesafe (tr\u00e5dl\u00f6s laddning iPhone X\/XS) - Nic &amp; Mel<\/title>\n<meta name=\"description\" content=\"iPhone X magnetfodral med st\u00f6d f\u00f6r tr\u00e5dl\u00f6s laddning! Perfekt passform med omgivande flexibelt gummi och mjukt mikrofiberfoder p\u00e5 insidan f\u00f6r att skydda din telefon. Ribbat grepp runtom f\u00f6r att s\u00e4kerst\u00e4lla ett fast och s\u00e4kert grepp. Den slitstarka utsidan \u00e4r kl\u00e4dd i svart mikrofiber och prydd med en guldf\u00e4rgad logotyp.\" \/>\n<meta name=\"robots\" content=\"index, follow, max-snippet:-1, max-image-preview:large, max-video-preview:-1\" \/>\n<link rel=\"canonical\" href=\"https:\/\/nicandmel.com\/sv\/produkt\/magnetfodral-cognac-magesafe-tradlos-laddning-iphone-x-xs\/\" \/>\n<meta property=\"og:locale\" content=\"sv_SE\" \/>\n<meta property=\"og:type\" content=\"article\" \/>\n<meta property=\"og:title\" content=\"Magnetfodral, Cognac, Magesafe (tr\u00e5dl\u00f6s laddning iPhone X\/XS) - Nic &amp; Mel\" \/>\n<meta property=\"og:description\" content=\"iPhone X magnetfodral med st\u00f6d f\u00f6r tr\u00e5dl\u00f6s laddning! Perfekt passform med omgivande flexibelt gummi och mjukt mikrofiberfoder p\u00e5 insidan f\u00f6r att skydda din telefon. Ribbat grepp runtom f\u00f6r att s\u00e4kerst\u00e4lla ett fast och s\u00e4kert grepp. Den slitstarka utsidan \u00e4r kl\u00e4dd i svart mikrofiber och prydd med en guldf\u00e4rgad logotyp.\" \/>\n<meta property=\"og:url\" content=\"https:\/\/nicandmel.com\/sv\/produkt\/magnetfodral-cognac-magesafe-tradlos-laddning-iphone-x-xs\/\" \/>\n<meta property=\"og:site_name\" content=\"Nic &amp; Mel\" \/>\n<meta property=\"article:publisher\" content=\"https:\/\/www.facebook.com\/nicandmel\" \/>\n<meta property=\"article:modified_time\" content=\"2024-12-14T10:42:17+00:00\" \/>\n<meta property=\"og:image\" content=\"https:\/\/nicandmel.com\/wp-content\/uploads\/2023\/12\/magcase-congac-11-max.jpg\" \/>\n\t<meta property=\"og:image:width\" content=\"1500\" \/>\n\t<meta property=\"og:image:height\" content=\"1828\" \/>\n\t<meta property=\"og:image:type\" content=\"image\/jpeg\" \/>\n<meta name=\"twitter:card\" content=\"summary_large_image\" \/>\n<meta name=\"twitter:label1\" content=\"Ber\u00e4knad l\u00e4stid\" \/>\n\t<meta name=\"twitter:data1\" content=\"1 minut\" \/>\n<script type=\"application\/ld+json\" class=\"yoast-schema-graph\">{\"@context\":\"https:\\\/\\\/schema.org\",\"@graph\":[{\"@type\":\"WebPage\",\"@id\":\"https:\\\/\\\/nicandmel.com\\\/sv\\\/produkt\\\/magnetfodral-cognac-magesafe-tradlos-laddning-iphone-x-xs\\\/\",\"url\":\"https:\\\/\\\/nicandmel.com\\\/sv\\\/produkt\\\/magnetfodral-cognac-magesafe-tradlos-laddning-iphone-x-xs\\\/\",\"name\":\"Magnetfodral, Cognac, Magesafe (tr\u00e5dl\u00f6s laddning iPhone X\\\/XS) - Nic &amp; Mel\",\"isPartOf\":{\"@id\":\"https:\\\/\\\/nicandmel.com\\\/sv\\\/#website\"},\"primaryImageOfPage\":{\"@id\":\"https:\\\/\\\/nicandmel.com\\\/sv\\\/produkt\\\/magnetfodral-cognac-magesafe-tradlos-laddning-iphone-x-xs\\\/#primaryimage\"},\"image\":{\"@id\":\"https:\\\/\\\/nicandmel.com\\\/sv\\\/produkt\\\/magnetfodral-cognac-magesafe-tradlos-laddning-iphone-x-xs\\\/#primaryimage\"},\"thumbnailUrl\":\"https:\\\/\\\/nicandmel.com\\\/wp-content\\\/uploads\\\/2023\\\/12\\\/magcase-congac-11-max.jpg\",\"datePublished\":\"2024-01-15T21:13:02+00:00\",\"dateModified\":\"2024-12-14T10:42:17+00:00\",\"description\":\"iPhone X magnetfodral med st\u00f6d f\u00f6r tr\u00e5dl\u00f6s laddning! Perfekt passform med omgivande flexibelt gummi och mjukt mikrofiberfoder p\u00e5 insidan f\u00f6r att skydda din telefon. Ribbat grepp runtom f\u00f6r att s\u00e4kerst\u00e4lla ett fast och s\u00e4kert grepp. Den slitstarka utsidan \u00e4r kl\u00e4dd i svart mikrofiber och prydd med en guldf\u00e4rgad logotyp.\",\"breadcrumb\":{\"@id\":\"https:\\\/\\\/nicandmel.com\\\/sv\\\/produkt\\\/magnetfodral-cognac-magesafe-tradlos-laddning-iphone-x-xs\\\/#breadcrumb\"},\"inLanguage\":\"sv-SE\",\"potentialAction\":[{\"@type\":\"ReadAction\",\"target\":[\"https:\\\/\\\/nicandmel.com\\\/sv\\\/produkt\\\/magnetfodral-cognac-magesafe-tradlos-laddning-iphone-x-xs\\\/\"]}]},{\"@type\":\"ImageObject\",\"inLanguage\":\"sv-SE\",\"@id\":\"https:\\\/\\\/nicandmel.com\\\/sv\\\/produkt\\\/magnetfodral-cognac-magesafe-tradlos-laddning-iphone-x-xs\\\/#primaryimage\",\"url\":\"https:\\\/\\\/nicandmel.com\\\/wp-content\\\/uploads\\\/2023\\\/12\\\/magcase-congac-11-max.jpg\",\"contentUrl\":\"https:\\\/\\\/nicandmel.com\\\/wp-content\\\/uploads\\\/2023\\\/12\\\/magcase-congac-11-max.jpg\",\"width\":1500,\"height\":1828},{\"@type\":\"BreadcrumbList\",\"@id\":\"https:\\\/\\\/nicandmel.com\\\/sv\\\/produkt\\\/magnetfodral-cognac-magesafe-tradlos-laddning-iphone-x-xs\\\/#breadcrumb\",\"itemListElement\":[{\"@type\":\"ListItem\",\"position\":1,\"name\":\"Home\",\"item\":\"https:\\\/\\\/nicandmel.com\\\/sv\\\/\"},{\"@type\":\"ListItem\",\"position\":2,\"name\":\"Butik\",\"item\":\"https:\\\/\\\/nicandmel.com\\\/sv\\\/butik\\\/\"},{\"@type\":\"ListItem\",\"position\":3,\"name\":\"Magnetfodral, Cognac, Magesafe (tr\u00e5dl\u00f6s laddning iPhone X\\\/XS)\"}]},{\"@type\":\"WebSite\",\"@id\":\"https:\\\/\\\/nicandmel.com\\\/sv\\\/#website\",\"url\":\"https:\\\/\\\/nicandmel.com\\\/sv\\\/\",\"name\":\"Nic & Mel\",\"description\":\"Handmade leather goods\",\"publisher\":{\"@id\":\"https:\\\/\\\/nicandmel.com\\\/sv\\\/#organization\"},\"potentialAction\":[{\"@type\":\"SearchAction\",\"target\":{\"@type\":\"EntryPoint\",\"urlTemplate\":\"https:\\\/\\\/nicandmel.com\\\/sv\\\/?s={search_term_string}\"},\"query-input\":{\"@type\":\"PropertyValueSpecification\",\"valueRequired\":true,\"valueName\":\"search_term_string\"}}],\"inLanguage\":\"sv-SE\"},{\"@type\":\"Organization\",\"@id\":\"https:\\\/\\\/nicandmel.com\\\/sv\\\/#organization\",\"name\":\"Nic & Mel\",\"url\":\"https:\\\/\\\/nicandmel.com\\\/sv\\\/\",\"logo\":{\"@type\":\"ImageObject\",\"inLanguage\":\"sv-SE\",\"@id\":\"https:\\\/\\\/nicandmel.com\\\/sv\\\/#\\\/schema\\\/logo\\\/image\\\/\",\"url\":\"https:\\\/\\\/nicandmel.com\\\/wp-content\\\/uploads\\\/2021\\\/07\\\/nic_and_mel_logo.png\",\"contentUrl\":\"https:\\\/\\\/nicandmel.com\\\/wp-content\\\/uploads\\\/2021\\\/07\\\/nic_and_mel_logo.png\",\"width\":1237,\"height\":263,\"caption\":\"Nic & Mel\"},\"image\":{\"@id\":\"https:\\\/\\\/nicandmel.com\\\/sv\\\/#\\\/schema\\\/logo\\\/image\\\/\"},\"sameAs\":[\"https:\\\/\\\/www.facebook.com\\\/nicandmel\"]}]}<\/script>\n<!-- \/ Yoast SEO plugin. -->","yoast_head_json":{"title":"Magnetfodral, Cognac, Magesafe (tr\u00e5dl\u00f6s laddning iPhone X\/XS) - Nic &amp; Mel","description":"iPhone X magnetfodral med st\u00f6d f\u00f6r tr\u00e5dl\u00f6s laddning! Perfekt passform med omgivande flexibelt gummi och mjukt mikrofiberfoder p\u00e5 insidan f\u00f6r att skydda din telefon. Ribbat grepp runtom f\u00f6r att s\u00e4kerst\u00e4lla ett fast och s\u00e4kert grepp. Den slitstarka utsidan \u00e4r kl\u00e4dd i svart mikrofiber och prydd med en guldf\u00e4rgad logotyp.","robots":{"index":"index","follow":"follow","max-snippet":"max-snippet:-1","max-image-preview":"max-image-preview:large","max-video-preview":"max-video-preview:-1"},"canonical":"https:\/\/nicandmel.com\/sv\/produkt\/magnetfodral-cognac-magesafe-tradlos-laddning-iphone-x-xs\/","og_locale":"sv_SE","og_type":"article","og_title":"Magnetfodral, Cognac, Magesafe (tr\u00e5dl\u00f6s laddning iPhone X\/XS) - Nic &amp; Mel","og_description":"iPhone X magnetfodral med st\u00f6d f\u00f6r tr\u00e5dl\u00f6s laddning! Perfekt passform med omgivande flexibelt gummi och mjukt mikrofiberfoder p\u00e5 insidan f\u00f6r att skydda din telefon. Ribbat grepp runtom f\u00f6r att s\u00e4kerst\u00e4lla ett fast och s\u00e4kert grepp. Den slitstarka utsidan \u00e4r kl\u00e4dd i svart mikrofiber och prydd med en guldf\u00e4rgad logotyp.","og_url":"https:\/\/nicandmel.com\/sv\/produkt\/magnetfodral-cognac-magesafe-tradlos-laddning-iphone-x-xs\/","og_site_name":"Nic &amp; Mel","article_publisher":"https:\/\/www.facebook.com\/nicandmel","article_modified_time":"2024-12-14T10:42:17+00:00","og_image":[{"width":1500,"height":1828,"url":"https:\/\/nicandmel.com\/wp-content\/uploads\/2023\/12\/magcase-congac-11-max.jpg","type":"image\/jpeg"}],"twitter_card":"summary_large_image","twitter_misc":{"Ber\u00e4knad l\u00e4stid":"1 minut"},"schema":{"@context":"https:\/\/schema.org","@graph":[{"@type":"WebPage","@id":"https:\/\/nicandmel.com\/sv\/produkt\/magnetfodral-cognac-magesafe-tradlos-laddning-iphone-x-xs\/","url":"https:\/\/nicandmel.com\/sv\/produkt\/magnetfodral-cognac-magesafe-tradlos-laddning-iphone-x-xs\/","name":"Magnetfodral, Cognac, Magesafe (tr\u00e5dl\u00f6s laddning iPhone X\/XS) - Nic &amp; Mel","isPartOf":{"@id":"https:\/\/nicandmel.com\/sv\/#website"},"primaryImageOfPage":{"@id":"https:\/\/nicandmel.com\/sv\/produkt\/magnetfodral-cognac-magesafe-tradlos-laddning-iphone-x-xs\/#primaryimage"},"image":{"@id":"https:\/\/nicandmel.com\/sv\/produkt\/magnetfodral-cognac-magesafe-tradlos-laddning-iphone-x-xs\/#primaryimage"},"thumbnailUrl":"https:\/\/nicandmel.com\/wp-content\/uploads\/2023\/12\/magcase-congac-11-max.jpg","datePublished":"2024-01-15T21:13:02+00:00","dateModified":"2024-12-14T10:42:17+00:00","description":"iPhone X magnetfodral med st\u00f6d f\u00f6r tr\u00e5dl\u00f6s laddning! Perfekt passform med omgivande flexibelt gummi och mjukt mikrofiberfoder p\u00e5 insidan f\u00f6r att skydda din telefon. Ribbat grepp runtom f\u00f6r att s\u00e4kerst\u00e4lla ett fast och s\u00e4kert grepp. Den slitstarka utsidan \u00e4r kl\u00e4dd i svart mikrofiber och prydd med en guldf\u00e4rgad logotyp.","breadcrumb":{"@id":"https:\/\/nicandmel.com\/sv\/produkt\/magnetfodral-cognac-magesafe-tradlos-laddning-iphone-x-xs\/#breadcrumb"},"inLanguage":"sv-SE","potentialAction":[{"@type":"ReadAction","target":["https:\/\/nicandmel.com\/sv\/produkt\/magnetfodral-cognac-magesafe-tradlos-laddning-iphone-x-xs\/"]}]},{"@type":"ImageObject","inLanguage":"sv-SE","@id":"https:\/\/nicandmel.com\/sv\/produkt\/magnetfodral-cognac-magesafe-tradlos-laddning-iphone-x-xs\/#primaryimage","url":"https:\/\/nicandmel.com\/wp-content\/uploads\/2023\/12\/magcase-congac-11-max.jpg","contentUrl":"https:\/\/nicandmel.com\/wp-content\/uploads\/2023\/12\/magcase-congac-11-max.jpg","width":1500,"height":1828},{"@type":"BreadcrumbList","@id":"https:\/\/nicandmel.com\/sv\/produkt\/magnetfodral-cognac-magesafe-tradlos-laddning-iphone-x-xs\/#breadcrumb","itemListElement":[{"@type":"ListItem","position":1,"name":"Home","item":"https:\/\/nicandmel.com\/sv\/"},{"@type":"ListItem","position":2,"name":"Butik","item":"https:\/\/nicandmel.com\/sv\/butik\/"},{"@type":"ListItem","position":3,"name":"Magnetfodral, Cognac, Magesafe (tr\u00e5dl\u00f6s laddning iPhone X\/XS)"}]},{"@type":"WebSite","@id":"https:\/\/nicandmel.com\/sv\/#website","url":"https:\/\/nicandmel.com\/sv\/","name":"Nic & Mel","description":"Handmade leather goods","publisher":{"@id":"https:\/\/nicandmel.com\/sv\/#organization"},"potentialAction":[{"@type":"SearchAction","target":{"@type":"EntryPoint","urlTemplate":"https:\/\/nicandmel.com\/sv\/?s={search_term_string}"},"query-input":{"@type":"PropertyValueSpecification","valueRequired":true,"valueName":"search_term_string"}}],"inLanguage":"sv-SE"},{"@type":"Organization","@id":"https:\/\/nicandmel.com\/sv\/#organization","name":"Nic & Mel","url":"https:\/\/nicandmel.com\/sv\/","logo":{"@type":"ImageObject","inLanguage":"sv-SE","@id":"https:\/\/nicandmel.com\/sv\/#\/schema\/logo\/image\/","url":"https:\/\/nicandmel.com\/wp-content\/uploads\/2021\/07\/nic_and_mel_logo.png","contentUrl":"https:\/\/nicandmel.com\/wp-content\/uploads\/2021\/07\/nic_and_mel_logo.png","width":1237,"height":263,"caption":"Nic & Mel"},"image":{"@id":"https:\/\/nicandmel.com\/sv\/#\/schema\/logo\/image\/"},"sameAs":["https:\/\/www.facebook.com\/nicandmel"]}]}},"_links":{"self":[{"href":"https:\/\/nicandmel.com\/sv\/wp-json\/wp\/v2\/product\/19160","targetHints":{"allow":["GET"]}}],"collection":[{"href":"https:\/\/nicandmel.com\/sv\/wp-json\/wp\/v2\/product"}],"about":[{"href":"https:\/\/nicandmel.com\/sv\/wp-json\/wp\/v2\/types\/product"}],"wp:featuredmedia":[{"embeddable":true,"href":"https:\/\/nicandmel.com\/sv\/wp-json\/wp\/v2\/media\/18111"}],"wp:attachment":[{"href":"https:\/\/nicandmel.com\/sv\/wp-json\/wp\/v2\/media?parent=19160"}],"wp:term":[{"taxonomy":"product_brand","embeddable":true,"href":"https:\/\/nicandmel.com\/sv\/wp-json\/wp\/v2\/product_brand?post=19160"},{"taxonomy":"product_cat","embeddable":true,"href":"https:\/\/nicandmel.com\/sv\/wp-json\/wp\/v2\/product_cat?post=19160"},{"taxonomy":"product_tag","embeddable":true,"href":"https:\/\/nicandmel.com\/sv\/wp-json\/wp\/v2\/product_tag?post=19160"}],"curies":[{"name":"wp","href":"https:\/\/api.w.org\/{rel}","templated":true}]}}