{"id":19163,"date":"2023-02-07T23:19:40","date_gmt":"2023-02-07T22:19:40","guid":{"rendered":"https:\/\/nicandmel.com\/product\/magnetfodral-cognac-for-iphone-6-78-plus\/"},"modified":"2023-02-07T23:19:40","modified_gmt":"2023-02-07T22:19:40","slug":"magnetfodral-cognac-for-iphone-6-78-plus","status":"publish","type":"product","link":"https:\/\/nicandmel.com\/sv\/produkt\/magnetfodral-cognac-for-iphone-6-78-plus\/","title":{"rendered":"Magnetfodral, Cognac f\u00f6r (iPhone 6, 7,8 PLUS)"},"content":{"rendered":"<p>Vi presenterar den senaste innovationen inom telefonskydd &#8211; v\u00e5rt uppgraderade magnetiska fodral f\u00f6r iPhone 6\/7\/8 PLUS! ????\ufe0f \u00d6verl\u00e4gset skydd: Din iPhone 6\/7\/8 PLUS f\u00f6rtj\u00e4nar det b\u00e4sta, och v\u00e5rt Magnetic Case ger dig just det. Den perfekta passformen, omgiven av flexibelt gummi och mjukt mikrofiberfoder p\u00e5 insidan, ger omfattande skydd mot repor och mindre st\u00f6tar, vilket s\u00e4kerst\u00e4ller att din telefon f\u00f6rblir i perfekt skick. ???? F\u00f6rb\u00e4ttrat grepp: Med v\u00e5r ribbade greppdesign kan du tryggt h\u00e5lla din iPhone 6\/7\/8 PLUS utan att oroa dig f\u00f6r att den ska halka eller tappas. Det fasta och s\u00e4kra greppet ger en bekymmersfri mobilupplevelse. ???? Snyggt och t\u00e5ligt: V\u00e5rt magnetiska fodral har en elegant svart mikrofiberyttersida som utstr\u00e5lar sofistikering samtidigt som den skyddar din telefon fr\u00e5n vardagligt slitage. Guldlogotypen pr\u00e4glad p\u00e5 vegansk l\u00e4der ger en touch av klass, vilket g\u00f6r det till en riktig statement piece. ???? Bred kompatibilitet: V\u00e5rt magnetiska fodral \u00e4r utformat f\u00f6r att passa perfekt till iPhone 6\/7\/8 PLUS-modeller och garanterar enkel \u00e5tkomst till alla knappar och portar. Det \u00e4r ocks\u00e5 kompatibelt med Nic &amp; Mel&#8217;s telefonpl\u00e5nb\u00f6cker, s\u00e5 att du kan b\u00e4ra dina v\u00e4sentligheter bekv\u00e4mt och s\u00e4kert. Omfamna den perfekta kombinationen av stil och skydd med v\u00e5rt uppgraderade Magnetic Case. F\u00f6rh\u00f6j din iPhone 6\/7\/8 PLUS-upplevelse och njut av sinnesfriden som kommer med \u00f6verl\u00e4gset telefonskydd. V\u00e4nta inte l\u00e4ngre med att skydda din v\u00e4rdefulla enhet &#8211; best\u00e4ll nu och upplev n\u00e4sta niv\u00e5 av perfektion n\u00e4r det g\u00e4ller mobilskal!<\/p>\n","protected":false},"excerpt":{"rendered":"<p>Magnetiskt fodral f\u00f6r iPhone 6\/7\/8 PLUS. Skyddande och s\u00e4kert med ett omslutande ribbat grepp och mikrofiberfoder p\u00e5 b\u00e5de fram- och baksida. <\/p>\n","protected":false},"featured_media":18111,"template":"","meta":{"_acf_changed":false},"product_brand":[],"product_cat":[1813],"product_tag":[1895,1922,1923],"class_list":{"0":"post-19163","1":"product","2":"type-product","3":"status-publish","4":"has-post-thumbnail","6":"product_cat-mobiltillbehor","7":"product_tag-andrew-sv","8":"product_tag-greg-sv","9":"product_tag-magnetisk","10":"pa_model-iphone-6-6s-plus-sv-2","11":"pa_model-iphone-7-plus-sv-2","12":"pa_model-iphone-8-plus-sv-2","14":"first","15":"instock","16":"taxable","17":"shipping-taxable","18":"purchasable","19":"product-type-simple"},"acf":[],"yoast_head":"<!-- This site is optimized with the Yoast SEO plugin v27.3 - https:\/\/yoast.com\/product\/yoast-seo-wordpress\/ -->\n<title>Magnetfodral, Cognac f\u00f6r (iPhone 6, 7,8 PLUS) - Nic &amp; Mel<\/title>\n<meta name=\"description\" content=\"iPhone 678 PLUS magnetiskt fodral! Perfekt passform med omgivande flexibelt gummi och mjukt mikrofiberfoder. R\u00e4fflat f\u00f6r ett fast och s\u00e4kert grepp.\" \/>\n<meta name=\"robots\" content=\"index, follow, max-snippet:-1, max-image-preview:large, max-video-preview:-1\" \/>\n<link rel=\"canonical\" href=\"https:\/\/nicandmel.com\/sv\/produkt\/magnetfodral-cognac-for-iphone-6-78-plus\/\" \/>\n<meta property=\"og:locale\" content=\"sv_SE\" \/>\n<meta property=\"og:type\" content=\"article\" \/>\n<meta property=\"og:title\" content=\"Magnetfodral, Cognac f\u00f6r (iPhone 6, 7,8 PLUS) - Nic &amp; Mel\" \/>\n<meta property=\"og:description\" content=\"iPhone 678 PLUS magnetiskt fodral! Perfekt passform med omgivande flexibelt gummi och mjukt mikrofiberfoder. R\u00e4fflat f\u00f6r ett fast och s\u00e4kert grepp.\" \/>\n<meta property=\"og:url\" content=\"https:\/\/nicandmel.com\/sv\/produkt\/magnetfodral-cognac-for-iphone-6-78-plus\/\" \/>\n<meta property=\"og:site_name\" content=\"Nic &amp; Mel\" \/>\n<meta property=\"article:publisher\" content=\"https:\/\/www.facebook.com\/nicandmel\" \/>\n<meta property=\"og:image\" content=\"https:\/\/nicandmel.com\/wp-content\/uploads\/2023\/12\/magcase-congac-11-max.jpg\" \/>\n\t<meta property=\"og:image:width\" content=\"1500\" \/>\n\t<meta property=\"og:image:height\" content=\"1828\" \/>\n\t<meta property=\"og:image:type\" content=\"image\/jpeg\" \/>\n<meta name=\"twitter:card\" content=\"summary_large_image\" \/>\n<meta name=\"twitter:label1\" content=\"Ber\u00e4knad l\u00e4stid\" \/>\n\t<meta name=\"twitter:data1\" content=\"1 minut\" \/>\n<script type=\"application\/ld+json\" class=\"yoast-schema-graph\">{\"@context\":\"https:\\\/\\\/schema.org\",\"@graph\":[{\"@type\":\"WebPage\",\"@id\":\"https:\\\/\\\/nicandmel.com\\\/sv\\\/produkt\\\/magnetfodral-cognac-for-iphone-6-78-plus\\\/\",\"url\":\"https:\\\/\\\/nicandmel.com\\\/sv\\\/produkt\\\/magnetfodral-cognac-for-iphone-6-78-plus\\\/\",\"name\":\"Magnetfodral, Cognac f\u00f6r (iPhone 6, 7,8 PLUS) - Nic &amp; Mel\",\"isPartOf\":{\"@id\":\"https:\\\/\\\/nicandmel.com\\\/sv\\\/#website\"},\"primaryImageOfPage\":{\"@id\":\"https:\\\/\\\/nicandmel.com\\\/sv\\\/produkt\\\/magnetfodral-cognac-for-iphone-6-78-plus\\\/#primaryimage\"},\"image\":{\"@id\":\"https:\\\/\\\/nicandmel.com\\\/sv\\\/produkt\\\/magnetfodral-cognac-for-iphone-6-78-plus\\\/#primaryimage\"},\"thumbnailUrl\":\"https:\\\/\\\/nicandmel.com\\\/wp-content\\\/uploads\\\/2023\\\/12\\\/magcase-congac-11-max.jpg\",\"datePublished\":\"2023-02-07T22:19:40+00:00\",\"description\":\"iPhone 678 PLUS magnetiskt fodral! Perfekt passform med omgivande flexibelt gummi och mjukt mikrofiberfoder. R\u00e4fflat f\u00f6r ett fast och s\u00e4kert grepp.\",\"breadcrumb\":{\"@id\":\"https:\\\/\\\/nicandmel.com\\\/sv\\\/produkt\\\/magnetfodral-cognac-for-iphone-6-78-plus\\\/#breadcrumb\"},\"inLanguage\":\"sv-SE\",\"potentialAction\":[{\"@type\":\"ReadAction\",\"target\":[\"https:\\\/\\\/nicandmel.com\\\/sv\\\/produkt\\\/magnetfodral-cognac-for-iphone-6-78-plus\\\/\"]}]},{\"@type\":\"ImageObject\",\"inLanguage\":\"sv-SE\",\"@id\":\"https:\\\/\\\/nicandmel.com\\\/sv\\\/produkt\\\/magnetfodral-cognac-for-iphone-6-78-plus\\\/#primaryimage\",\"url\":\"https:\\\/\\\/nicandmel.com\\\/wp-content\\\/uploads\\\/2023\\\/12\\\/magcase-congac-11-max.jpg\",\"contentUrl\":\"https:\\\/\\\/nicandmel.com\\\/wp-content\\\/uploads\\\/2023\\\/12\\\/magcase-congac-11-max.jpg\",\"width\":1500,\"height\":1828},{\"@type\":\"BreadcrumbList\",\"@id\":\"https:\\\/\\\/nicandmel.com\\\/sv\\\/produkt\\\/magnetfodral-cognac-for-iphone-6-78-plus\\\/#breadcrumb\",\"itemListElement\":[{\"@type\":\"ListItem\",\"position\":1,\"name\":\"Home\",\"item\":\"https:\\\/\\\/nicandmel.com\\\/sv\\\/\"},{\"@type\":\"ListItem\",\"position\":2,\"name\":\"Butik\",\"item\":\"https:\\\/\\\/nicandmel.com\\\/sv\\\/butik\\\/\"},{\"@type\":\"ListItem\",\"position\":3,\"name\":\"Magnetfodral, Cognac f\u00f6r (iPhone 6, 7,8 PLUS)\"}]},{\"@type\":\"WebSite\",\"@id\":\"https:\\\/\\\/nicandmel.com\\\/sv\\\/#website\",\"url\":\"https:\\\/\\\/nicandmel.com\\\/sv\\\/\",\"name\":\"Nic & Mel\",\"description\":\"Handmade leather goods\",\"publisher\":{\"@id\":\"https:\\\/\\\/nicandmel.com\\\/sv\\\/#organization\"},\"potentialAction\":[{\"@type\":\"SearchAction\",\"target\":{\"@type\":\"EntryPoint\",\"urlTemplate\":\"https:\\\/\\\/nicandmel.com\\\/sv\\\/?s={search_term_string}\"},\"query-input\":{\"@type\":\"PropertyValueSpecification\",\"valueRequired\":true,\"valueName\":\"search_term_string\"}}],\"inLanguage\":\"sv-SE\"},{\"@type\":\"Organization\",\"@id\":\"https:\\\/\\\/nicandmel.com\\\/sv\\\/#organization\",\"name\":\"Nic & Mel\",\"url\":\"https:\\\/\\\/nicandmel.com\\\/sv\\\/\",\"logo\":{\"@type\":\"ImageObject\",\"inLanguage\":\"sv-SE\",\"@id\":\"https:\\\/\\\/nicandmel.com\\\/sv\\\/#\\\/schema\\\/logo\\\/image\\\/\",\"url\":\"https:\\\/\\\/nicandmel.com\\\/wp-content\\\/uploads\\\/2021\\\/07\\\/nic_and_mel_logo.png\",\"contentUrl\":\"https:\\\/\\\/nicandmel.com\\\/wp-content\\\/uploads\\\/2021\\\/07\\\/nic_and_mel_logo.png\",\"width\":1237,\"height\":263,\"caption\":\"Nic & Mel\"},\"image\":{\"@id\":\"https:\\\/\\\/nicandmel.com\\\/sv\\\/#\\\/schema\\\/logo\\\/image\\\/\"},\"sameAs\":[\"https:\\\/\\\/www.facebook.com\\\/nicandmel\"]}]}<\/script>\n<!-- \/ Yoast SEO plugin. -->","yoast_head_json":{"title":"Magnetfodral, Cognac f\u00f6r (iPhone 6, 7,8 PLUS) - Nic &amp; Mel","description":"iPhone 678 PLUS magnetiskt fodral! Perfekt passform med omgivande flexibelt gummi och mjukt mikrofiberfoder. R\u00e4fflat f\u00f6r ett fast och s\u00e4kert grepp.","robots":{"index":"index","follow":"follow","max-snippet":"max-snippet:-1","max-image-preview":"max-image-preview:large","max-video-preview":"max-video-preview:-1"},"canonical":"https:\/\/nicandmel.com\/sv\/produkt\/magnetfodral-cognac-for-iphone-6-78-plus\/","og_locale":"sv_SE","og_type":"article","og_title":"Magnetfodral, Cognac f\u00f6r (iPhone 6, 7,8 PLUS) - Nic &amp; Mel","og_description":"iPhone 678 PLUS magnetiskt fodral! Perfekt passform med omgivande flexibelt gummi och mjukt mikrofiberfoder. R\u00e4fflat f\u00f6r ett fast och s\u00e4kert grepp.","og_url":"https:\/\/nicandmel.com\/sv\/produkt\/magnetfodral-cognac-for-iphone-6-78-plus\/","og_site_name":"Nic &amp; Mel","article_publisher":"https:\/\/www.facebook.com\/nicandmel","og_image":[{"width":1500,"height":1828,"url":"https:\/\/nicandmel.com\/wp-content\/uploads\/2023\/12\/magcase-congac-11-max.jpg","type":"image\/jpeg"}],"twitter_card":"summary_large_image","twitter_misc":{"Ber\u00e4knad l\u00e4stid":"1 minut"},"schema":{"@context":"https:\/\/schema.org","@graph":[{"@type":"WebPage","@id":"https:\/\/nicandmel.com\/sv\/produkt\/magnetfodral-cognac-for-iphone-6-78-plus\/","url":"https:\/\/nicandmel.com\/sv\/produkt\/magnetfodral-cognac-for-iphone-6-78-plus\/","name":"Magnetfodral, Cognac f\u00f6r (iPhone 6, 7,8 PLUS) - Nic &amp; Mel","isPartOf":{"@id":"https:\/\/nicandmel.com\/sv\/#website"},"primaryImageOfPage":{"@id":"https:\/\/nicandmel.com\/sv\/produkt\/magnetfodral-cognac-for-iphone-6-78-plus\/#primaryimage"},"image":{"@id":"https:\/\/nicandmel.com\/sv\/produkt\/magnetfodral-cognac-for-iphone-6-78-plus\/#primaryimage"},"thumbnailUrl":"https:\/\/nicandmel.com\/wp-content\/uploads\/2023\/12\/magcase-congac-11-max.jpg","datePublished":"2023-02-07T22:19:40+00:00","description":"iPhone 678 PLUS magnetiskt fodral! Perfekt passform med omgivande flexibelt gummi och mjukt mikrofiberfoder. R\u00e4fflat f\u00f6r ett fast och s\u00e4kert grepp.","breadcrumb":{"@id":"https:\/\/nicandmel.com\/sv\/produkt\/magnetfodral-cognac-for-iphone-6-78-plus\/#breadcrumb"},"inLanguage":"sv-SE","potentialAction":[{"@type":"ReadAction","target":["https:\/\/nicandmel.com\/sv\/produkt\/magnetfodral-cognac-for-iphone-6-78-plus\/"]}]},{"@type":"ImageObject","inLanguage":"sv-SE","@id":"https:\/\/nicandmel.com\/sv\/produkt\/magnetfodral-cognac-for-iphone-6-78-plus\/#primaryimage","url":"https:\/\/nicandmel.com\/wp-content\/uploads\/2023\/12\/magcase-congac-11-max.jpg","contentUrl":"https:\/\/nicandmel.com\/wp-content\/uploads\/2023\/12\/magcase-congac-11-max.jpg","width":1500,"height":1828},{"@type":"BreadcrumbList","@id":"https:\/\/nicandmel.com\/sv\/produkt\/magnetfodral-cognac-for-iphone-6-78-plus\/#breadcrumb","itemListElement":[{"@type":"ListItem","position":1,"name":"Home","item":"https:\/\/nicandmel.com\/sv\/"},{"@type":"ListItem","position":2,"name":"Butik","item":"https:\/\/nicandmel.com\/sv\/butik\/"},{"@type":"ListItem","position":3,"name":"Magnetfodral, Cognac f\u00f6r (iPhone 6, 7,8 PLUS)"}]},{"@type":"WebSite","@id":"https:\/\/nicandmel.com\/sv\/#website","url":"https:\/\/nicandmel.com\/sv\/","name":"Nic & Mel","description":"Handmade leather goods","publisher":{"@id":"https:\/\/nicandmel.com\/sv\/#organization"},"potentialAction":[{"@type":"SearchAction","target":{"@type":"EntryPoint","urlTemplate":"https:\/\/nicandmel.com\/sv\/?s={search_term_string}"},"query-input":{"@type":"PropertyValueSpecification","valueRequired":true,"valueName":"search_term_string"}}],"inLanguage":"sv-SE"},{"@type":"Organization","@id":"https:\/\/nicandmel.com\/sv\/#organization","name":"Nic & Mel","url":"https:\/\/nicandmel.com\/sv\/","logo":{"@type":"ImageObject","inLanguage":"sv-SE","@id":"https:\/\/nicandmel.com\/sv\/#\/schema\/logo\/image\/","url":"https:\/\/nicandmel.com\/wp-content\/uploads\/2021\/07\/nic_and_mel_logo.png","contentUrl":"https:\/\/nicandmel.com\/wp-content\/uploads\/2021\/07\/nic_and_mel_logo.png","width":1237,"height":263,"caption":"Nic & Mel"},"image":{"@id":"https:\/\/nicandmel.com\/sv\/#\/schema\/logo\/image\/"},"sameAs":["https:\/\/www.facebook.com\/nicandmel"]}]}},"_links":{"self":[{"href":"https:\/\/nicandmel.com\/sv\/wp-json\/wp\/v2\/product\/19163","targetHints":{"allow":["GET"]}}],"collection":[{"href":"https:\/\/nicandmel.com\/sv\/wp-json\/wp\/v2\/product"}],"about":[{"href":"https:\/\/nicandmel.com\/sv\/wp-json\/wp\/v2\/types\/product"}],"wp:featuredmedia":[{"embeddable":true,"href":"https:\/\/nicandmel.com\/sv\/wp-json\/wp\/v2\/media\/18111"}],"wp:attachment":[{"href":"https:\/\/nicandmel.com\/sv\/wp-json\/wp\/v2\/media?parent=19163"}],"wp:term":[{"taxonomy":"product_brand","embeddable":true,"href":"https:\/\/nicandmel.com\/sv\/wp-json\/wp\/v2\/product_brand?post=19163"},{"taxonomy":"product_cat","embeddable":true,"href":"https:\/\/nicandmel.com\/sv\/wp-json\/wp\/v2\/product_cat?post=19163"},{"taxonomy":"product_tag","embeddable":true,"href":"https:\/\/nicandmel.com\/sv\/wp-json\/wp\/v2\/product_tag?post=19163"}],"curies":[{"name":"wp","href":"https:\/\/api.w.org\/{rel}","templated":true}]}}