{"id":19164,"date":"2016-10-14T22:01:31","date_gmt":"2016-10-14T20:01:31","guid":{"rendered":"https:\/\/nicandmel.com\/product\/billie-phone-walletcognac-laderfor-alla-telefoner\/"},"modified":"2024-11-07T15:24:44","modified_gmt":"2024-11-07T14:24:44","slug":"billie-phone-walletcognac-laderfor-alla-telefoner","status":"publish","type":"product","link":"https:\/\/nicandmel.com\/sv\/produkt\/billie-phone-walletcognac-laderfor-alla-telefoner\/","title":{"rendered":"BILLIE PHONE WALLETCognac l\u00e4derF\u00f6r alla telefoner"},"content":{"rendered":"<p>Billie telefonpl\u00e5nbok \u00e4r tillverkad av cognacsf\u00e4rgat \u00e4kta l\u00e4der. Pl\u00e5nboken levereras med en avtagbar rem. Det \u00e4r en ganska stor pl\u00e5nbok som passar m\u00e5nga olika telefoner, t.ex. iPhone 4, 5\/5S, 6\/6s\/6+ och 7, Sony Xperia och Samsung upp till s6 och s6+. F\u00f6rutom telefon- och sedelfickor finns \u00e4ven sju kreditkortsfack (som rymmer 2-3 kort i varje fack) och en blixtl\u00e5sf\u00f6rsedd myntficka. passar i stort sett alla mobiltelefonmodeller L\u00e4ngd: 17,5 cm<br \/>\nBredd: 11 cm<br \/>\nDjup: 2 cm 7 kortfack<br \/>\n1 myntficka<br \/>\nBlixtl\u00e5s<br \/>\n100 % \u00e4kta l\u00e4der <\/p>\n","protected":false},"excerpt":{"rendered":"<p>Billie \u00e4r en rymlig pl\u00e5nbok med plats f\u00f6r kort, mynt och sedlar OCH din telefon!<\/p>\n","protected":false},"featured_media":16923,"template":"","meta":{"_acf_changed":false},"product_brand":[],"product_cat":[1813,1819],"product_tag":[1925],"class_list":{"0":"post-19164","1":"product","2":"type-product","3":"status-publish","4":"has-post-thumbnail","6":"product_cat-mobiltillbehor","7":"product_cat-planbocker-korthallare","8":"product_tag-billie-sv","9":"pa_model-iphone-5-5s-se-sv-2","10":"pa_model-iphone-6-6s-sv-2","11":"pa_model-iphone-6-6s-plus-sv-2","12":"pa_model-iphone-7-sv-2","13":"pa_model-iphone-7-plus-sv-2","14":"pa_model-iphone-8-sv-2","15":"pa_model-iphone-8-plus-sv-2","16":"pa_model-iphone-x-sv-2","18":"first","19":"outofstock","20":"taxable","21":"shipping-taxable","22":"purchasable","23":"product-type-simple"},"acf":[],"yoast_head":"<!-- This site is optimized with the Yoast SEO plugin v27.4 - https:\/\/yoast.com\/product\/yoast-seo-wordpress\/ -->\n<title>BILLIE PHONE WALLETCognac l\u00e4derF\u00f6r alla telefoner - Nic &amp; Mel<\/title>\n<meta name=\"robots\" content=\"index, follow, max-snippet:-1, max-image-preview:large, max-video-preview:-1\" \/>\n<link rel=\"canonical\" href=\"https:\/\/nicandmel.com\/sv\/produkt\/billie-phone-walletcognac-laderfor-alla-telefoner\/\" \/>\n<meta property=\"og:locale\" content=\"sv_SE\" \/>\n<meta property=\"og:type\" content=\"article\" \/>\n<meta property=\"og:title\" content=\"BILLIE PHONE WALLETCognac l\u00e4derF\u00f6r alla telefoner - Nic &amp; Mel\" \/>\n<meta property=\"og:description\" content=\"Billie \u00e4r en rymlig pl\u00e5nbok med plats f\u00f6r kort, mynt och sedlar OCH din telefon!\" \/>\n<meta property=\"og:url\" content=\"https:\/\/nicandmel.com\/sv\/produkt\/billie-phone-walletcognac-laderfor-alla-telefoner\/\" \/>\n<meta property=\"og:site_name\" content=\"Nic &amp; Mel\" \/>\n<meta property=\"article:publisher\" content=\"https:\/\/www.facebook.com\/nicandmel\" \/>\n<meta property=\"article:modified_time\" content=\"2024-11-07T14:24:44+00:00\" \/>\n<meta property=\"og:image\" content=\"https:\/\/nicandmel.com\/wp-content\/uploads\/2016\/11\/billie-front-web.jpg\" \/>\n\t<meta property=\"og:image:width\" content=\"1167\" \/>\n\t<meta property=\"og:image:height\" content=\"800\" \/>\n\t<meta property=\"og:image:type\" content=\"image\/jpeg\" \/>\n<meta name=\"twitter:card\" content=\"summary_large_image\" \/>\n<script type=\"application\/ld+json\" class=\"yoast-schema-graph\">{\"@context\":\"https:\\\/\\\/schema.org\",\"@graph\":[{\"@type\":\"WebPage\",\"@id\":\"https:\\\/\\\/nicandmel.com\\\/sv\\\/produkt\\\/billie-phone-walletcognac-laderfor-alla-telefoner\\\/\",\"url\":\"https:\\\/\\\/nicandmel.com\\\/sv\\\/produkt\\\/billie-phone-walletcognac-laderfor-alla-telefoner\\\/\",\"name\":\"BILLIE PHONE WALLETCognac l\u00e4derF\u00f6r alla telefoner - Nic &amp; Mel\",\"isPartOf\":{\"@id\":\"https:\\\/\\\/nicandmel.com\\\/sv\\\/#website\"},\"primaryImageOfPage\":{\"@id\":\"https:\\\/\\\/nicandmel.com\\\/sv\\\/produkt\\\/billie-phone-walletcognac-laderfor-alla-telefoner\\\/#primaryimage\"},\"image\":{\"@id\":\"https:\\\/\\\/nicandmel.com\\\/sv\\\/produkt\\\/billie-phone-walletcognac-laderfor-alla-telefoner\\\/#primaryimage\"},\"thumbnailUrl\":\"https:\\\/\\\/nicandmel.com\\\/wp-content\\\/uploads\\\/2016\\\/11\\\/billie-front-web.jpg\",\"datePublished\":\"2016-10-14T20:01:31+00:00\",\"dateModified\":\"2024-11-07T14:24:44+00:00\",\"breadcrumb\":{\"@id\":\"https:\\\/\\\/nicandmel.com\\\/sv\\\/produkt\\\/billie-phone-walletcognac-laderfor-alla-telefoner\\\/#breadcrumb\"},\"inLanguage\":\"sv-SE\",\"potentialAction\":[{\"@type\":\"ReadAction\",\"target\":[\"https:\\\/\\\/nicandmel.com\\\/sv\\\/produkt\\\/billie-phone-walletcognac-laderfor-alla-telefoner\\\/\"]}]},{\"@type\":\"ImageObject\",\"inLanguage\":\"sv-SE\",\"@id\":\"https:\\\/\\\/nicandmel.com\\\/sv\\\/produkt\\\/billie-phone-walletcognac-laderfor-alla-telefoner\\\/#primaryimage\",\"url\":\"https:\\\/\\\/nicandmel.com\\\/wp-content\\\/uploads\\\/2016\\\/11\\\/billie-front-web.jpg\",\"contentUrl\":\"https:\\\/\\\/nicandmel.com\\\/wp-content\\\/uploads\\\/2016\\\/11\\\/billie-front-web.jpg\",\"width\":1167,\"height\":800},{\"@type\":\"BreadcrumbList\",\"@id\":\"https:\\\/\\\/nicandmel.com\\\/sv\\\/produkt\\\/billie-phone-walletcognac-laderfor-alla-telefoner\\\/#breadcrumb\",\"itemListElement\":[{\"@type\":\"ListItem\",\"position\":1,\"name\":\"Home\",\"item\":\"https:\\\/\\\/nicandmel.com\\\/sv\\\/\"},{\"@type\":\"ListItem\",\"position\":2,\"name\":\"Butik\",\"item\":\"https:\\\/\\\/nicandmel.com\\\/sv\\\/butik\\\/\"},{\"@type\":\"ListItem\",\"position\":3,\"name\":\"BILLIE PHONE WALLETCognac l\u00e4derF\u00f6r alla telefoner\"}]},{\"@type\":\"WebSite\",\"@id\":\"https:\\\/\\\/nicandmel.com\\\/sv\\\/#website\",\"url\":\"https:\\\/\\\/nicandmel.com\\\/sv\\\/\",\"name\":\"Nic & Mel\",\"description\":\"Handmade leather goods\",\"publisher\":{\"@id\":\"https:\\\/\\\/nicandmel.com\\\/sv\\\/#organization\"},\"potentialAction\":[{\"@type\":\"SearchAction\",\"target\":{\"@type\":\"EntryPoint\",\"urlTemplate\":\"https:\\\/\\\/nicandmel.com\\\/sv\\\/?s={search_term_string}\"},\"query-input\":{\"@type\":\"PropertyValueSpecification\",\"valueRequired\":true,\"valueName\":\"search_term_string\"}}],\"inLanguage\":\"sv-SE\"},{\"@type\":\"Organization\",\"@id\":\"https:\\\/\\\/nicandmel.com\\\/sv\\\/#organization\",\"name\":\"Nic & Mel\",\"url\":\"https:\\\/\\\/nicandmel.com\\\/sv\\\/\",\"logo\":{\"@type\":\"ImageObject\",\"inLanguage\":\"sv-SE\",\"@id\":\"https:\\\/\\\/nicandmel.com\\\/sv\\\/#\\\/schema\\\/logo\\\/image\\\/\",\"url\":\"https:\\\/\\\/nicandmel.com\\\/wp-content\\\/uploads\\\/2021\\\/07\\\/nic_and_mel_logo.png\",\"contentUrl\":\"https:\\\/\\\/nicandmel.com\\\/wp-content\\\/uploads\\\/2021\\\/07\\\/nic_and_mel_logo.png\",\"width\":1237,\"height\":263,\"caption\":\"Nic & Mel\"},\"image\":{\"@id\":\"https:\\\/\\\/nicandmel.com\\\/sv\\\/#\\\/schema\\\/logo\\\/image\\\/\"},\"sameAs\":[\"https:\\\/\\\/www.facebook.com\\\/nicandmel\"]}]}<\/script>\n<!-- \/ Yoast SEO plugin. -->","yoast_head_json":{"title":"BILLIE PHONE WALLETCognac l\u00e4derF\u00f6r alla telefoner - Nic &amp; Mel","robots":{"index":"index","follow":"follow","max-snippet":"max-snippet:-1","max-image-preview":"max-image-preview:large","max-video-preview":"max-video-preview:-1"},"canonical":"https:\/\/nicandmel.com\/sv\/produkt\/billie-phone-walletcognac-laderfor-alla-telefoner\/","og_locale":"sv_SE","og_type":"article","og_title":"BILLIE PHONE WALLETCognac l\u00e4derF\u00f6r alla telefoner - Nic &amp; Mel","og_description":"Billie \u00e4r en rymlig pl\u00e5nbok med plats f\u00f6r kort, mynt och sedlar OCH din telefon!","og_url":"https:\/\/nicandmel.com\/sv\/produkt\/billie-phone-walletcognac-laderfor-alla-telefoner\/","og_site_name":"Nic &amp; Mel","article_publisher":"https:\/\/www.facebook.com\/nicandmel","article_modified_time":"2024-11-07T14:24:44+00:00","og_image":[{"width":1167,"height":800,"url":"https:\/\/nicandmel.com\/wp-content\/uploads\/2016\/11\/billie-front-web.jpg","type":"image\/jpeg"}],"twitter_card":"summary_large_image","schema":{"@context":"https:\/\/schema.org","@graph":[{"@type":"WebPage","@id":"https:\/\/nicandmel.com\/sv\/produkt\/billie-phone-walletcognac-laderfor-alla-telefoner\/","url":"https:\/\/nicandmel.com\/sv\/produkt\/billie-phone-walletcognac-laderfor-alla-telefoner\/","name":"BILLIE PHONE WALLETCognac l\u00e4derF\u00f6r alla telefoner - Nic &amp; Mel","isPartOf":{"@id":"https:\/\/nicandmel.com\/sv\/#website"},"primaryImageOfPage":{"@id":"https:\/\/nicandmel.com\/sv\/produkt\/billie-phone-walletcognac-laderfor-alla-telefoner\/#primaryimage"},"image":{"@id":"https:\/\/nicandmel.com\/sv\/produkt\/billie-phone-walletcognac-laderfor-alla-telefoner\/#primaryimage"},"thumbnailUrl":"https:\/\/nicandmel.com\/wp-content\/uploads\/2016\/11\/billie-front-web.jpg","datePublished":"2016-10-14T20:01:31+00:00","dateModified":"2024-11-07T14:24:44+00:00","breadcrumb":{"@id":"https:\/\/nicandmel.com\/sv\/produkt\/billie-phone-walletcognac-laderfor-alla-telefoner\/#breadcrumb"},"inLanguage":"sv-SE","potentialAction":[{"@type":"ReadAction","target":["https:\/\/nicandmel.com\/sv\/produkt\/billie-phone-walletcognac-laderfor-alla-telefoner\/"]}]},{"@type":"ImageObject","inLanguage":"sv-SE","@id":"https:\/\/nicandmel.com\/sv\/produkt\/billie-phone-walletcognac-laderfor-alla-telefoner\/#primaryimage","url":"https:\/\/nicandmel.com\/wp-content\/uploads\/2016\/11\/billie-front-web.jpg","contentUrl":"https:\/\/nicandmel.com\/wp-content\/uploads\/2016\/11\/billie-front-web.jpg","width":1167,"height":800},{"@type":"BreadcrumbList","@id":"https:\/\/nicandmel.com\/sv\/produkt\/billie-phone-walletcognac-laderfor-alla-telefoner\/#breadcrumb","itemListElement":[{"@type":"ListItem","position":1,"name":"Home","item":"https:\/\/nicandmel.com\/sv\/"},{"@type":"ListItem","position":2,"name":"Butik","item":"https:\/\/nicandmel.com\/sv\/butik\/"},{"@type":"ListItem","position":3,"name":"BILLIE PHONE WALLETCognac l\u00e4derF\u00f6r alla telefoner"}]},{"@type":"WebSite","@id":"https:\/\/nicandmel.com\/sv\/#website","url":"https:\/\/nicandmel.com\/sv\/","name":"Nic & Mel","description":"Handmade leather goods","publisher":{"@id":"https:\/\/nicandmel.com\/sv\/#organization"},"potentialAction":[{"@type":"SearchAction","target":{"@type":"EntryPoint","urlTemplate":"https:\/\/nicandmel.com\/sv\/?s={search_term_string}"},"query-input":{"@type":"PropertyValueSpecification","valueRequired":true,"valueName":"search_term_string"}}],"inLanguage":"sv-SE"},{"@type":"Organization","@id":"https:\/\/nicandmel.com\/sv\/#organization","name":"Nic & Mel","url":"https:\/\/nicandmel.com\/sv\/","logo":{"@type":"ImageObject","inLanguage":"sv-SE","@id":"https:\/\/nicandmel.com\/sv\/#\/schema\/logo\/image\/","url":"https:\/\/nicandmel.com\/wp-content\/uploads\/2021\/07\/nic_and_mel_logo.png","contentUrl":"https:\/\/nicandmel.com\/wp-content\/uploads\/2021\/07\/nic_and_mel_logo.png","width":1237,"height":263,"caption":"Nic & Mel"},"image":{"@id":"https:\/\/nicandmel.com\/sv\/#\/schema\/logo\/image\/"},"sameAs":["https:\/\/www.facebook.com\/nicandmel"]}]}},"_links":{"self":[{"href":"https:\/\/nicandmel.com\/sv\/wp-json\/wp\/v2\/product\/19164","targetHints":{"allow":["GET"]}}],"collection":[{"href":"https:\/\/nicandmel.com\/sv\/wp-json\/wp\/v2\/product"}],"about":[{"href":"https:\/\/nicandmel.com\/sv\/wp-json\/wp\/v2\/types\/product"}],"wp:featuredmedia":[{"embeddable":true,"href":"https:\/\/nicandmel.com\/sv\/wp-json\/wp\/v2\/media\/16923"}],"wp:attachment":[{"href":"https:\/\/nicandmel.com\/sv\/wp-json\/wp\/v2\/media?parent=19164"}],"wp:term":[{"taxonomy":"product_brand","embeddable":true,"href":"https:\/\/nicandmel.com\/sv\/wp-json\/wp\/v2\/product_brand?post=19164"},{"taxonomy":"product_cat","embeddable":true,"href":"https:\/\/nicandmel.com\/sv\/wp-json\/wp\/v2\/product_cat?post=19164"},{"taxonomy":"product_tag","embeddable":true,"href":"https:\/\/nicandmel.com\/sv\/wp-json\/wp\/v2\/product_tag?post=19164"}],"curies":[{"name":"wp","href":"https:\/\/api.w.org\/{rel}","templated":true}]}}