{"id":19170,"date":"2023-02-08T17:57:13","date_gmt":"2023-02-08T16:57:13","guid":{"rendered":"https:\/\/nicandmel.com\/product\/magnetfodral-cognac-tradlos-laddning-iphone-xs-x\/"},"modified":"2023-02-08T17:57:13","modified_gmt":"2023-02-08T16:57:13","slug":"magnetfodral-cognac-tradlos-laddning-iphone-xs-x","status":"publish","type":"product","link":"https:\/\/nicandmel.com\/sv\/produkt\/magnetfodral-cognac-tradlos-laddning-iphone-xs-x\/","title":{"rendered":"Magnetfodral, Cognac (tr\u00e5dl\u00f6s laddning iPhone XS, X)"},"content":{"rendered":"<p>Vi presenterar det senaste tillskottet i v\u00e5r kollektion &#8211; iPhone XS\/X Cognac Magnetic Case, designat f\u00f6r att lyfta din iPhone-upplevelse till nya h\u00f6jder! Funktioner: St\u00f6d f\u00f6r tr\u00e5dl\u00f6s laddning: Omfamna bekv\u00e4mligheten med tr\u00e5dl\u00f6s laddning med v\u00e5rt MagSafe-kompatibla magnetfodral f\u00f6r iPhone XS\/X.<br \/>\nPerfekt passform: V\u00e5rt fodral \u00e4r precisionstillverkat f\u00f6r att s\u00e4kerst\u00e4lla en s\u00f6ml\u00f6s passform f\u00f6r din iPhone XS\/X, vilket ger ett helt\u00e4ckande skydd.<br \/>\nFlexibelt gummi och mjukt mikrofiberfoder: Din telefon f\u00f6rtj\u00e4nar den b\u00e4sta v\u00e5rden. Med flexibla gummikanter och ett mjukt mikrofiberfoder skyddar v\u00e5rt fodral din enhet fr\u00e5n repor och mindre st\u00f6tar, s\u00e5 att den f\u00f6rblir or\u00f6rd och s\u00e4ker.<br \/>\nRibbat grepp: Vi f\u00f6rst\u00e5r hur viktigt det \u00e4r med ett s\u00e4kert grepp. V\u00e5rt fodral har en r\u00e4fflad textur runt om, vilket garanterar ett fast och bekv\u00e4mt grepp f\u00f6r din sinnesfrid.<br \/>\nSlitstark utsida: V\u00e5rt fodral \u00e4r utsmyckat med elegant svart mikrofiber och pr\u00e4glat med en guldlogotyp p\u00e5 veganl\u00e4der och utstr\u00e5lar sofistikering och stil.<br \/>\nKompatibilitet med Nic &amp; Mels telefonpl\u00e5nb\u00f6cker: V\u00e5rt magnetiska fodral \u00e4r skr\u00e4ddarsytt f\u00f6r Nic &amp; Mel&#8217;s telefonpl\u00e5nb\u00f6cker Andrew och Greg, justerat f\u00f6r att st\u00f6dja tr\u00e5dl\u00f6s laddning. H\u00e5ll dina viktigaste saker tillsammans i ett snyggt paket! Lyft din iPhone XS\/X med v\u00e5rt magnetiska fodral &#8211; en harmonisk blandning av stil och funktionalitet. Upplev hur enkelt det \u00e4r med tr\u00e5dl\u00f6s laddning samtidigt som du njuter av den uts\u00f6kta designen och det o\u00f6vertr\u00e4ffade skyddet hos v\u00e5rt magnetiska fodral. Uppgradera din iPhone XS\/X-upplevelse idag med v\u00e5rt Cognac Magnetic Case och ta ett steg in i en v\u00e4rld av enkel laddning och f\u00f6rstklassig estetik.<\/p>\n","protected":false},"excerpt":{"rendered":"<p>Magnetiskt fodral med st\u00f6d f\u00f6r tr\u00e5dl\u00f6s laddning f\u00f6r iPhone XS,X , Skyddande och s\u00e4kert med ett omgivande ribbat grepp och mikrofiberfoder p\u00e5 b\u00e5de fram- och baksida.<\/p>\n","protected":false},"featured_media":18111,"template":"","meta":{"_acf_changed":false},"product_brand":[],"product_cat":[1813],"product_tag":[1895],"class_list":{"0":"post-19170","1":"product","2":"type-product","3":"status-publish","4":"has-post-thumbnail","6":"product_cat-mobiltillbehor","7":"product_tag-andrew-sv","8":"pa_model-iphone-x-sv-2","9":"pa_model-iphone-xs-sv-2","11":"first","12":"instock","13":"taxable","14":"shipping-taxable","15":"purchasable","16":"product-type-simple"},"acf":[],"yoast_head":"<!-- This site is optimized with the Yoast SEO plugin v27.5 - https:\/\/yoast.com\/product\/yoast-seo-wordpress\/ -->\n<title>Magnetfodral, Cognac (tr\u00e5dl\u00f6s laddning iPhone XS, X) - Nic &amp; Mel<\/title>\n<meta name=\"description\" content=\"iPhone X magnetfodral med st\u00f6d f\u00f6r tr\u00e5dl\u00f6s laddning! Perfekt passform med omgivande flexibelt gummi och mjukt mikrofiberfoder p\u00e5 insidan f\u00f6r att skydda din telefon. Ribbat grepp runtom f\u00f6r att s\u00e4kerst\u00e4lla ett fast och s\u00e4kert grepp. Den slitstarka utsidan \u00e4r kl\u00e4dd i svart mikrofiber och prydd med en guldf\u00e4rgad logotyp.\" \/>\n<meta name=\"robots\" content=\"index, follow, max-snippet:-1, max-image-preview:large, max-video-preview:-1\" \/>\n<link rel=\"canonical\" href=\"https:\/\/nicandmel.com\/sv\/produkt\/magnetfodral-cognac-tradlos-laddning-iphone-xs-x\/\" \/>\n<meta property=\"og:locale\" content=\"sv_SE\" \/>\n<meta property=\"og:type\" content=\"article\" \/>\n<meta property=\"og:title\" content=\"Magnetfodral, Cognac (tr\u00e5dl\u00f6s laddning iPhone XS, X) - Nic &amp; Mel\" \/>\n<meta property=\"og:description\" content=\"iPhone X magnetfodral med st\u00f6d f\u00f6r tr\u00e5dl\u00f6s laddning! Perfekt passform med omgivande flexibelt gummi och mjukt mikrofiberfoder p\u00e5 insidan f\u00f6r att skydda din telefon. Ribbat grepp runtom f\u00f6r att s\u00e4kerst\u00e4lla ett fast och s\u00e4kert grepp. Den slitstarka utsidan \u00e4r kl\u00e4dd i svart mikrofiber och prydd med en guldf\u00e4rgad logotyp.\" \/>\n<meta property=\"og:url\" content=\"https:\/\/nicandmel.com\/sv\/produkt\/magnetfodral-cognac-tradlos-laddning-iphone-xs-x\/\" \/>\n<meta property=\"og:site_name\" content=\"Nic &amp; Mel\" \/>\n<meta property=\"article:publisher\" content=\"https:\/\/www.facebook.com\/nicandmel\" \/>\n<meta property=\"og:image\" content=\"https:\/\/nicandmel.com\/wp-content\/uploads\/2023\/12\/magcase-congac-11-max.jpg\" \/>\n\t<meta property=\"og:image:width\" content=\"1500\" \/>\n\t<meta property=\"og:image:height\" content=\"1828\" \/>\n\t<meta property=\"og:image:type\" content=\"image\/jpeg\" \/>\n<meta name=\"twitter:card\" content=\"summary_large_image\" \/>\n<meta name=\"twitter:label1\" content=\"Ber\u00e4knad l\u00e4stid\" \/>\n\t<meta name=\"twitter:data1\" content=\"2 minuter\" \/>\n<script type=\"application\/ld+json\" class=\"yoast-schema-graph\">{\"@context\":\"https:\\\/\\\/schema.org\",\"@graph\":[{\"@type\":\"WebPage\",\"@id\":\"https:\\\/\\\/nicandmel.com\\\/sv\\\/produkt\\\/magnetfodral-cognac-tradlos-laddning-iphone-xs-x\\\/\",\"url\":\"https:\\\/\\\/nicandmel.com\\\/sv\\\/produkt\\\/magnetfodral-cognac-tradlos-laddning-iphone-xs-x\\\/\",\"name\":\"Magnetfodral, Cognac (tr\u00e5dl\u00f6s laddning iPhone XS, X) - Nic &amp; Mel\",\"isPartOf\":{\"@id\":\"https:\\\/\\\/nicandmel.com\\\/sv\\\/#website\"},\"primaryImageOfPage\":{\"@id\":\"https:\\\/\\\/nicandmel.com\\\/sv\\\/produkt\\\/magnetfodral-cognac-tradlos-laddning-iphone-xs-x\\\/#primaryimage\"},\"image\":{\"@id\":\"https:\\\/\\\/nicandmel.com\\\/sv\\\/produkt\\\/magnetfodral-cognac-tradlos-laddning-iphone-xs-x\\\/#primaryimage\"},\"thumbnailUrl\":\"https:\\\/\\\/nicandmel.com\\\/wp-content\\\/uploads\\\/2023\\\/12\\\/magcase-congac-11-max.jpg\",\"datePublished\":\"2023-02-08T16:57:13+00:00\",\"description\":\"iPhone X magnetfodral med st\u00f6d f\u00f6r tr\u00e5dl\u00f6s laddning! Perfekt passform med omgivande flexibelt gummi och mjukt mikrofiberfoder p\u00e5 insidan f\u00f6r att skydda din telefon. Ribbat grepp runtom f\u00f6r att s\u00e4kerst\u00e4lla ett fast och s\u00e4kert grepp. Den slitstarka utsidan \u00e4r kl\u00e4dd i svart mikrofiber och prydd med en guldf\u00e4rgad logotyp.\",\"breadcrumb\":{\"@id\":\"https:\\\/\\\/nicandmel.com\\\/sv\\\/produkt\\\/magnetfodral-cognac-tradlos-laddning-iphone-xs-x\\\/#breadcrumb\"},\"inLanguage\":\"sv-SE\",\"potentialAction\":[{\"@type\":\"ReadAction\",\"target\":[\"https:\\\/\\\/nicandmel.com\\\/sv\\\/produkt\\\/magnetfodral-cognac-tradlos-laddning-iphone-xs-x\\\/\"]}]},{\"@type\":\"ImageObject\",\"inLanguage\":\"sv-SE\",\"@id\":\"https:\\\/\\\/nicandmel.com\\\/sv\\\/produkt\\\/magnetfodral-cognac-tradlos-laddning-iphone-xs-x\\\/#primaryimage\",\"url\":\"https:\\\/\\\/nicandmel.com\\\/wp-content\\\/uploads\\\/2023\\\/12\\\/magcase-congac-11-max.jpg\",\"contentUrl\":\"https:\\\/\\\/nicandmel.com\\\/wp-content\\\/uploads\\\/2023\\\/12\\\/magcase-congac-11-max.jpg\",\"width\":1500,\"height\":1828},{\"@type\":\"BreadcrumbList\",\"@id\":\"https:\\\/\\\/nicandmel.com\\\/sv\\\/produkt\\\/magnetfodral-cognac-tradlos-laddning-iphone-xs-x\\\/#breadcrumb\",\"itemListElement\":[{\"@type\":\"ListItem\",\"position\":1,\"name\":\"Home\",\"item\":\"https:\\\/\\\/nicandmel.com\\\/sv\\\/\"},{\"@type\":\"ListItem\",\"position\":2,\"name\":\"Butik\",\"item\":\"https:\\\/\\\/nicandmel.com\\\/sv\\\/butik\\\/\"},{\"@type\":\"ListItem\",\"position\":3,\"name\":\"Magnetfodral, Cognac (tr\u00e5dl\u00f6s laddning iPhone XS, X)\"}]},{\"@type\":\"WebSite\",\"@id\":\"https:\\\/\\\/nicandmel.com\\\/sv\\\/#website\",\"url\":\"https:\\\/\\\/nicandmel.com\\\/sv\\\/\",\"name\":\"Nic & Mel\",\"description\":\"Handmade leather goods\",\"publisher\":{\"@id\":\"https:\\\/\\\/nicandmel.com\\\/sv\\\/#organization\"},\"potentialAction\":[{\"@type\":\"SearchAction\",\"target\":{\"@type\":\"EntryPoint\",\"urlTemplate\":\"https:\\\/\\\/nicandmel.com\\\/sv\\\/?s={search_term_string}\"},\"query-input\":{\"@type\":\"PropertyValueSpecification\",\"valueRequired\":true,\"valueName\":\"search_term_string\"}}],\"inLanguage\":\"sv-SE\"},{\"@type\":\"Organization\",\"@id\":\"https:\\\/\\\/nicandmel.com\\\/sv\\\/#organization\",\"name\":\"Nic & Mel\",\"url\":\"https:\\\/\\\/nicandmel.com\\\/sv\\\/\",\"logo\":{\"@type\":\"ImageObject\",\"inLanguage\":\"sv-SE\",\"@id\":\"https:\\\/\\\/nicandmel.com\\\/sv\\\/#\\\/schema\\\/logo\\\/image\\\/\",\"url\":\"https:\\\/\\\/nicandmel.com\\\/wp-content\\\/uploads\\\/2021\\\/07\\\/nic_and_mel_logo.png\",\"contentUrl\":\"https:\\\/\\\/nicandmel.com\\\/wp-content\\\/uploads\\\/2021\\\/07\\\/nic_and_mel_logo.png\",\"width\":1237,\"height\":263,\"caption\":\"Nic & Mel\"},\"image\":{\"@id\":\"https:\\\/\\\/nicandmel.com\\\/sv\\\/#\\\/schema\\\/logo\\\/image\\\/\"},\"sameAs\":[\"https:\\\/\\\/www.facebook.com\\\/nicandmel\"]}]}<\/script>\n<!-- \/ Yoast SEO plugin. -->","yoast_head_json":{"title":"Magnetfodral, Cognac (tr\u00e5dl\u00f6s laddning iPhone XS, X) - Nic &amp; Mel","description":"iPhone X magnetfodral med st\u00f6d f\u00f6r tr\u00e5dl\u00f6s laddning! Perfekt passform med omgivande flexibelt gummi och mjukt mikrofiberfoder p\u00e5 insidan f\u00f6r att skydda din telefon. Ribbat grepp runtom f\u00f6r att s\u00e4kerst\u00e4lla ett fast och s\u00e4kert grepp. Den slitstarka utsidan \u00e4r kl\u00e4dd i svart mikrofiber och prydd med en guldf\u00e4rgad logotyp.","robots":{"index":"index","follow":"follow","max-snippet":"max-snippet:-1","max-image-preview":"max-image-preview:large","max-video-preview":"max-video-preview:-1"},"canonical":"https:\/\/nicandmel.com\/sv\/produkt\/magnetfodral-cognac-tradlos-laddning-iphone-xs-x\/","og_locale":"sv_SE","og_type":"article","og_title":"Magnetfodral, Cognac (tr\u00e5dl\u00f6s laddning iPhone XS, X) - Nic &amp; Mel","og_description":"iPhone X magnetfodral med st\u00f6d f\u00f6r tr\u00e5dl\u00f6s laddning! Perfekt passform med omgivande flexibelt gummi och mjukt mikrofiberfoder p\u00e5 insidan f\u00f6r att skydda din telefon. Ribbat grepp runtom f\u00f6r att s\u00e4kerst\u00e4lla ett fast och s\u00e4kert grepp. Den slitstarka utsidan \u00e4r kl\u00e4dd i svart mikrofiber och prydd med en guldf\u00e4rgad logotyp.","og_url":"https:\/\/nicandmel.com\/sv\/produkt\/magnetfodral-cognac-tradlos-laddning-iphone-xs-x\/","og_site_name":"Nic &amp; Mel","article_publisher":"https:\/\/www.facebook.com\/nicandmel","og_image":[{"width":1500,"height":1828,"url":"https:\/\/nicandmel.com\/wp-content\/uploads\/2023\/12\/magcase-congac-11-max.jpg","type":"image\/jpeg"}],"twitter_card":"summary_large_image","twitter_misc":{"Ber\u00e4knad l\u00e4stid":"2 minuter"},"schema":{"@context":"https:\/\/schema.org","@graph":[{"@type":"WebPage","@id":"https:\/\/nicandmel.com\/sv\/produkt\/magnetfodral-cognac-tradlos-laddning-iphone-xs-x\/","url":"https:\/\/nicandmel.com\/sv\/produkt\/magnetfodral-cognac-tradlos-laddning-iphone-xs-x\/","name":"Magnetfodral, Cognac (tr\u00e5dl\u00f6s laddning iPhone XS, X) - Nic &amp; Mel","isPartOf":{"@id":"https:\/\/nicandmel.com\/sv\/#website"},"primaryImageOfPage":{"@id":"https:\/\/nicandmel.com\/sv\/produkt\/magnetfodral-cognac-tradlos-laddning-iphone-xs-x\/#primaryimage"},"image":{"@id":"https:\/\/nicandmel.com\/sv\/produkt\/magnetfodral-cognac-tradlos-laddning-iphone-xs-x\/#primaryimage"},"thumbnailUrl":"https:\/\/nicandmel.com\/wp-content\/uploads\/2023\/12\/magcase-congac-11-max.jpg","datePublished":"2023-02-08T16:57:13+00:00","description":"iPhone X magnetfodral med st\u00f6d f\u00f6r tr\u00e5dl\u00f6s laddning! Perfekt passform med omgivande flexibelt gummi och mjukt mikrofiberfoder p\u00e5 insidan f\u00f6r att skydda din telefon. Ribbat grepp runtom f\u00f6r att s\u00e4kerst\u00e4lla ett fast och s\u00e4kert grepp. Den slitstarka utsidan \u00e4r kl\u00e4dd i svart mikrofiber och prydd med en guldf\u00e4rgad logotyp.","breadcrumb":{"@id":"https:\/\/nicandmel.com\/sv\/produkt\/magnetfodral-cognac-tradlos-laddning-iphone-xs-x\/#breadcrumb"},"inLanguage":"sv-SE","potentialAction":[{"@type":"ReadAction","target":["https:\/\/nicandmel.com\/sv\/produkt\/magnetfodral-cognac-tradlos-laddning-iphone-xs-x\/"]}]},{"@type":"ImageObject","inLanguage":"sv-SE","@id":"https:\/\/nicandmel.com\/sv\/produkt\/magnetfodral-cognac-tradlos-laddning-iphone-xs-x\/#primaryimage","url":"https:\/\/nicandmel.com\/wp-content\/uploads\/2023\/12\/magcase-congac-11-max.jpg","contentUrl":"https:\/\/nicandmel.com\/wp-content\/uploads\/2023\/12\/magcase-congac-11-max.jpg","width":1500,"height":1828},{"@type":"BreadcrumbList","@id":"https:\/\/nicandmel.com\/sv\/produkt\/magnetfodral-cognac-tradlos-laddning-iphone-xs-x\/#breadcrumb","itemListElement":[{"@type":"ListItem","position":1,"name":"Home","item":"https:\/\/nicandmel.com\/sv\/"},{"@type":"ListItem","position":2,"name":"Butik","item":"https:\/\/nicandmel.com\/sv\/butik\/"},{"@type":"ListItem","position":3,"name":"Magnetfodral, Cognac (tr\u00e5dl\u00f6s laddning iPhone XS, X)"}]},{"@type":"WebSite","@id":"https:\/\/nicandmel.com\/sv\/#website","url":"https:\/\/nicandmel.com\/sv\/","name":"Nic & Mel","description":"Handmade leather goods","publisher":{"@id":"https:\/\/nicandmel.com\/sv\/#organization"},"potentialAction":[{"@type":"SearchAction","target":{"@type":"EntryPoint","urlTemplate":"https:\/\/nicandmel.com\/sv\/?s={search_term_string}"},"query-input":{"@type":"PropertyValueSpecification","valueRequired":true,"valueName":"search_term_string"}}],"inLanguage":"sv-SE"},{"@type":"Organization","@id":"https:\/\/nicandmel.com\/sv\/#organization","name":"Nic & Mel","url":"https:\/\/nicandmel.com\/sv\/","logo":{"@type":"ImageObject","inLanguage":"sv-SE","@id":"https:\/\/nicandmel.com\/sv\/#\/schema\/logo\/image\/","url":"https:\/\/nicandmel.com\/wp-content\/uploads\/2021\/07\/nic_and_mel_logo.png","contentUrl":"https:\/\/nicandmel.com\/wp-content\/uploads\/2021\/07\/nic_and_mel_logo.png","width":1237,"height":263,"caption":"Nic & Mel"},"image":{"@id":"https:\/\/nicandmel.com\/sv\/#\/schema\/logo\/image\/"},"sameAs":["https:\/\/www.facebook.com\/nicandmel"]}]}},"_links":{"self":[{"href":"https:\/\/nicandmel.com\/sv\/wp-json\/wp\/v2\/product\/19170","targetHints":{"allow":["GET"]}}],"collection":[{"href":"https:\/\/nicandmel.com\/sv\/wp-json\/wp\/v2\/product"}],"about":[{"href":"https:\/\/nicandmel.com\/sv\/wp-json\/wp\/v2\/types\/product"}],"wp:featuredmedia":[{"embeddable":true,"href":"https:\/\/nicandmel.com\/sv\/wp-json\/wp\/v2\/media\/18111"}],"wp:attachment":[{"href":"https:\/\/nicandmel.com\/sv\/wp-json\/wp\/v2\/media?parent=19170"}],"wp:term":[{"taxonomy":"product_brand","embeddable":true,"href":"https:\/\/nicandmel.com\/sv\/wp-json\/wp\/v2\/product_brand?post=19170"},{"taxonomy":"product_cat","embeddable":true,"href":"https:\/\/nicandmel.com\/sv\/wp-json\/wp\/v2\/product_cat?post=19170"},{"taxonomy":"product_tag","embeddable":true,"href":"https:\/\/nicandmel.com\/sv\/wp-json\/wp\/v2\/product_tag?post=19170"}],"curies":[{"name":"wp","href":"https:\/\/api.w.org\/{rel}","templated":true}]}}