{"id":19171,"date":"2016-05-31T10:24:51","date_gmt":"2016-05-31T08:24:51","guid":{"rendered":"https:\/\/nicandmel.com\/product\/neil-telefonfoljet-med-power-bankantracitphone-7-8\/"},"modified":"2024-10-29T15:54:19","modified_gmt":"2024-10-29T14:54:19","slug":"neil-telefonfoljet-med-power-bankantracitphone-7-8","status":"publish","type":"product","link":"https:\/\/nicandmel.com\/sv\/produkt\/neil-telefonfoljet-med-power-bankantracitphone-7-8\/","title":{"rendered":"NEIL TELEFONF\u00d6LJET MED POWER BANKAntracitPhone 7\/8"},"content":{"rendered":"<p>[vc_row][vc_column width=&#8221;2\/3&#8243;][vc_column_text]BESKRIVNING<\/p>\n<p>Neil bookcase \u00e4r ett snyggt och stilrent iPhone-fodral med en diskret logotyp p\u00e5 framsidan. Det \u00e4r tillverkat av slitstark nylon och har tv\u00e5 kortfack p\u00e5 insidan. Fodralet kan ocks\u00e5 anv\u00e4ndas som ett stativ f\u00f6r din telefon n\u00e4r du tittar p\u00e5 filmer och serier. Telefonfodralet har ett inbyggt batteri s\u00e5 att du kan ladda din telefon var du \u00e4n \u00e4r! P\u00e5 s\u00e5 s\u00e4tt beh\u00f6ver du aldrig f\u00e5 slut p\u00e5 batteri igen! Det fungerar genom att du laddar det inbyggda batteriet med din vanliga laddare eller via en dator med de medf\u00f6ljande kablarna. N\u00e4r telefonen sedan b\u00f6rjar f\u00e5 slut p\u00e5 batteri laddar du den helt enkelt med str\u00f6mmen fr\u00e5n det inbyggda batteriet!  <\/p>\n<p>[\/vc_column_text][vc_empty_space][\/vc_column][vc_column width=&#8221;1\/3&#8243; css=&#8221;.vc_custom_1476094784770{border-left-width: 1px !important;border-left-color: #e5e5e5 !important;border-left-style: solid !important;border-radius: 1px !important;}&#8221;][vc_column_text]DETALJER<\/p>\n<p>2000mAh r\u00e4cker f\u00f6r att ladda din telefon 0,5-1 full laddning.<\/p>\n<p>Tillverkad speciellt f\u00f6r iPhone 7 &amp; 8<\/p>\n<p>CE-m\u00e4rkt.<\/p>\n<p>Kablar ing\u00e5r.[\/vc_column_text][\/vc_column][\/vc_row]<\/p>\n","protected":false},"excerpt":{"rendered":"<p>Neil \u00e4r din dr\u00f6m som g\u00e5r i uppfyllelse! Ta aldrig slut p\u00e5 batteri igen med detta inbyggda batteri! <\/p>\n","protected":false},"featured_media":15219,"template":"","meta":{"_acf_changed":false},"product_brand":[],"product_cat":[1813],"product_tag":[1929],"class_list":{"0":"post-19171","1":"product","2":"type-product","3":"status-publish","4":"has-post-thumbnail","6":"product_cat-mobiltillbehor","7":"product_tag-niel-batteri","8":"pa_model-iphone-7-sv-2","9":"pa_model-iphone-8-sv-2","11":"first","12":"outofstock","13":"sale","14":"taxable","15":"shipping-taxable","16":"purchasable","17":"product-type-simple"},"acf":[],"yoast_head":"<!-- This site is optimized with the Yoast SEO plugin v27.5 - https:\/\/yoast.com\/product\/yoast-seo-wordpress\/ -->\n<title>NEIL TELEFONF\u00d6LJET MED POWER BANKAntracitPhone 7\/8 - Nic &amp; Mel<\/title>\n<meta name=\"robots\" content=\"index, follow, max-snippet:-1, max-image-preview:large, max-video-preview:-1\" \/>\n<link rel=\"canonical\" href=\"https:\/\/nicandmel.com\/sv\/produkt\/neil-telefonfoljet-med-power-bankantracitphone-7-8\/\" \/>\n<meta property=\"og:locale\" content=\"sv_SE\" \/>\n<meta property=\"og:type\" content=\"article\" \/>\n<meta property=\"og:title\" content=\"NEIL TELEFONF\u00d6LJET MED POWER BANKAntracitPhone 7\/8 - Nic &amp; Mel\" \/>\n<meta property=\"og:description\" content=\"Neil \u00e4r din dr\u00f6m som g\u00e5r i uppfyllelse! Ta aldrig slut p\u00e5 batteri igen med detta inbyggda batteri!\" \/>\n<meta property=\"og:url\" content=\"https:\/\/nicandmel.com\/sv\/produkt\/neil-telefonfoljet-med-power-bankantracitphone-7-8\/\" \/>\n<meta property=\"og:site_name\" content=\"Nic &amp; Mel\" \/>\n<meta property=\"article:publisher\" content=\"https:\/\/www.facebook.com\/nicandmel\" \/>\n<meta property=\"article:modified_time\" content=\"2024-10-29T14:54:19+00:00\" \/>\n<meta property=\"og:image\" content=\"https:\/\/nicandmel.com\/wp-content\/uploads\/2016\/05\/Neil-powerbank-antracite.jpg\" \/>\n\t<meta property=\"og:image:width\" content=\"2000\" \/>\n\t<meta property=\"og:image:height\" content=\"1371\" \/>\n\t<meta property=\"og:image:type\" content=\"image\/jpeg\" \/>\n<meta name=\"twitter:card\" content=\"summary_large_image\" \/>\n<meta name=\"twitter:label1\" content=\"Ber\u00e4knad l\u00e4stid\" \/>\n\t<meta name=\"twitter:data1\" content=\"1 minut\" \/>\n<script type=\"application\/ld+json\" class=\"yoast-schema-graph\">{\"@context\":\"https:\\\/\\\/schema.org\",\"@graph\":[{\"@type\":\"WebPage\",\"@id\":\"https:\\\/\\\/nicandmel.com\\\/sv\\\/produkt\\\/neil-telefonfoljet-med-power-bankantracitphone-7-8\\\/\",\"url\":\"https:\\\/\\\/nicandmel.com\\\/sv\\\/produkt\\\/neil-telefonfoljet-med-power-bankantracitphone-7-8\\\/\",\"name\":\"NEIL TELEFONF\u00d6LJET MED POWER BANKAntracitPhone 7\\\/8 - Nic &amp; Mel\",\"isPartOf\":{\"@id\":\"https:\\\/\\\/nicandmel.com\\\/sv\\\/#website\"},\"primaryImageOfPage\":{\"@id\":\"https:\\\/\\\/nicandmel.com\\\/sv\\\/produkt\\\/neil-telefonfoljet-med-power-bankantracitphone-7-8\\\/#primaryimage\"},\"image\":{\"@id\":\"https:\\\/\\\/nicandmel.com\\\/sv\\\/produkt\\\/neil-telefonfoljet-med-power-bankantracitphone-7-8\\\/#primaryimage\"},\"thumbnailUrl\":\"https:\\\/\\\/nicandmel.com\\\/wp-content\\\/uploads\\\/2016\\\/05\\\/Neil-powerbank-antracite.jpg\",\"datePublished\":\"2016-05-31T08:24:51+00:00\",\"dateModified\":\"2024-10-29T14:54:19+00:00\",\"breadcrumb\":{\"@id\":\"https:\\\/\\\/nicandmel.com\\\/sv\\\/produkt\\\/neil-telefonfoljet-med-power-bankantracitphone-7-8\\\/#breadcrumb\"},\"inLanguage\":\"sv-SE\",\"potentialAction\":[{\"@type\":\"ReadAction\",\"target\":[\"https:\\\/\\\/nicandmel.com\\\/sv\\\/produkt\\\/neil-telefonfoljet-med-power-bankantracitphone-7-8\\\/\"]}]},{\"@type\":\"ImageObject\",\"inLanguage\":\"sv-SE\",\"@id\":\"https:\\\/\\\/nicandmel.com\\\/sv\\\/produkt\\\/neil-telefonfoljet-med-power-bankantracitphone-7-8\\\/#primaryimage\",\"url\":\"https:\\\/\\\/nicandmel.com\\\/wp-content\\\/uploads\\\/2016\\\/05\\\/Neil-powerbank-antracite.jpg\",\"contentUrl\":\"https:\\\/\\\/nicandmel.com\\\/wp-content\\\/uploads\\\/2016\\\/05\\\/Neil-powerbank-antracite.jpg\",\"width\":2000,\"height\":1371},{\"@type\":\"BreadcrumbList\",\"@id\":\"https:\\\/\\\/nicandmel.com\\\/sv\\\/produkt\\\/neil-telefonfoljet-med-power-bankantracitphone-7-8\\\/#breadcrumb\",\"itemListElement\":[{\"@type\":\"ListItem\",\"position\":1,\"name\":\"Home\",\"item\":\"https:\\\/\\\/nicandmel.com\\\/sv\\\/\"},{\"@type\":\"ListItem\",\"position\":2,\"name\":\"Butik\",\"item\":\"https:\\\/\\\/nicandmel.com\\\/sv\\\/butik\\\/\"},{\"@type\":\"ListItem\",\"position\":3,\"name\":\"NEIL TELEFONF\u00d6LJET MED POWER BANKAntracitPhone 7\\\/8\"}]},{\"@type\":\"WebSite\",\"@id\":\"https:\\\/\\\/nicandmel.com\\\/sv\\\/#website\",\"url\":\"https:\\\/\\\/nicandmel.com\\\/sv\\\/\",\"name\":\"Nic & Mel\",\"description\":\"Handmade leather goods\",\"publisher\":{\"@id\":\"https:\\\/\\\/nicandmel.com\\\/sv\\\/#organization\"},\"potentialAction\":[{\"@type\":\"SearchAction\",\"target\":{\"@type\":\"EntryPoint\",\"urlTemplate\":\"https:\\\/\\\/nicandmel.com\\\/sv\\\/?s={search_term_string}\"},\"query-input\":{\"@type\":\"PropertyValueSpecification\",\"valueRequired\":true,\"valueName\":\"search_term_string\"}}],\"inLanguage\":\"sv-SE\"},{\"@type\":\"Organization\",\"@id\":\"https:\\\/\\\/nicandmel.com\\\/sv\\\/#organization\",\"name\":\"Nic & Mel\",\"url\":\"https:\\\/\\\/nicandmel.com\\\/sv\\\/\",\"logo\":{\"@type\":\"ImageObject\",\"inLanguage\":\"sv-SE\",\"@id\":\"https:\\\/\\\/nicandmel.com\\\/sv\\\/#\\\/schema\\\/logo\\\/image\\\/\",\"url\":\"https:\\\/\\\/nicandmel.com\\\/wp-content\\\/uploads\\\/2021\\\/07\\\/nic_and_mel_logo.png\",\"contentUrl\":\"https:\\\/\\\/nicandmel.com\\\/wp-content\\\/uploads\\\/2021\\\/07\\\/nic_and_mel_logo.png\",\"width\":1237,\"height\":263,\"caption\":\"Nic & Mel\"},\"image\":{\"@id\":\"https:\\\/\\\/nicandmel.com\\\/sv\\\/#\\\/schema\\\/logo\\\/image\\\/\"},\"sameAs\":[\"https:\\\/\\\/www.facebook.com\\\/nicandmel\"]}]}<\/script>\n<!-- \/ Yoast SEO plugin. -->","yoast_head_json":{"title":"NEIL TELEFONF\u00d6LJET MED POWER BANKAntracitPhone 7\/8 - Nic &amp; Mel","robots":{"index":"index","follow":"follow","max-snippet":"max-snippet:-1","max-image-preview":"max-image-preview:large","max-video-preview":"max-video-preview:-1"},"canonical":"https:\/\/nicandmel.com\/sv\/produkt\/neil-telefonfoljet-med-power-bankantracitphone-7-8\/","og_locale":"sv_SE","og_type":"article","og_title":"NEIL TELEFONF\u00d6LJET MED POWER BANKAntracitPhone 7\/8 - Nic &amp; Mel","og_description":"Neil \u00e4r din dr\u00f6m som g\u00e5r i uppfyllelse! Ta aldrig slut p\u00e5 batteri igen med detta inbyggda batteri!","og_url":"https:\/\/nicandmel.com\/sv\/produkt\/neil-telefonfoljet-med-power-bankantracitphone-7-8\/","og_site_name":"Nic &amp; Mel","article_publisher":"https:\/\/www.facebook.com\/nicandmel","article_modified_time":"2024-10-29T14:54:19+00:00","og_image":[{"width":2000,"height":1371,"url":"https:\/\/nicandmel.com\/wp-content\/uploads\/2016\/05\/Neil-powerbank-antracite.jpg","type":"image\/jpeg"}],"twitter_card":"summary_large_image","twitter_misc":{"Ber\u00e4knad l\u00e4stid":"1 minut"},"schema":{"@context":"https:\/\/schema.org","@graph":[{"@type":"WebPage","@id":"https:\/\/nicandmel.com\/sv\/produkt\/neil-telefonfoljet-med-power-bankantracitphone-7-8\/","url":"https:\/\/nicandmel.com\/sv\/produkt\/neil-telefonfoljet-med-power-bankantracitphone-7-8\/","name":"NEIL TELEFONF\u00d6LJET MED POWER BANKAntracitPhone 7\/8 - Nic &amp; Mel","isPartOf":{"@id":"https:\/\/nicandmel.com\/sv\/#website"},"primaryImageOfPage":{"@id":"https:\/\/nicandmel.com\/sv\/produkt\/neil-telefonfoljet-med-power-bankantracitphone-7-8\/#primaryimage"},"image":{"@id":"https:\/\/nicandmel.com\/sv\/produkt\/neil-telefonfoljet-med-power-bankantracitphone-7-8\/#primaryimage"},"thumbnailUrl":"https:\/\/nicandmel.com\/wp-content\/uploads\/2016\/05\/Neil-powerbank-antracite.jpg","datePublished":"2016-05-31T08:24:51+00:00","dateModified":"2024-10-29T14:54:19+00:00","breadcrumb":{"@id":"https:\/\/nicandmel.com\/sv\/produkt\/neil-telefonfoljet-med-power-bankantracitphone-7-8\/#breadcrumb"},"inLanguage":"sv-SE","potentialAction":[{"@type":"ReadAction","target":["https:\/\/nicandmel.com\/sv\/produkt\/neil-telefonfoljet-med-power-bankantracitphone-7-8\/"]}]},{"@type":"ImageObject","inLanguage":"sv-SE","@id":"https:\/\/nicandmel.com\/sv\/produkt\/neil-telefonfoljet-med-power-bankantracitphone-7-8\/#primaryimage","url":"https:\/\/nicandmel.com\/wp-content\/uploads\/2016\/05\/Neil-powerbank-antracite.jpg","contentUrl":"https:\/\/nicandmel.com\/wp-content\/uploads\/2016\/05\/Neil-powerbank-antracite.jpg","width":2000,"height":1371},{"@type":"BreadcrumbList","@id":"https:\/\/nicandmel.com\/sv\/produkt\/neil-telefonfoljet-med-power-bankantracitphone-7-8\/#breadcrumb","itemListElement":[{"@type":"ListItem","position":1,"name":"Home","item":"https:\/\/nicandmel.com\/sv\/"},{"@type":"ListItem","position":2,"name":"Butik","item":"https:\/\/nicandmel.com\/sv\/butik\/"},{"@type":"ListItem","position":3,"name":"NEIL TELEFONF\u00d6LJET MED POWER BANKAntracitPhone 7\/8"}]},{"@type":"WebSite","@id":"https:\/\/nicandmel.com\/sv\/#website","url":"https:\/\/nicandmel.com\/sv\/","name":"Nic & Mel","description":"Handmade leather goods","publisher":{"@id":"https:\/\/nicandmel.com\/sv\/#organization"},"potentialAction":[{"@type":"SearchAction","target":{"@type":"EntryPoint","urlTemplate":"https:\/\/nicandmel.com\/sv\/?s={search_term_string}"},"query-input":{"@type":"PropertyValueSpecification","valueRequired":true,"valueName":"search_term_string"}}],"inLanguage":"sv-SE"},{"@type":"Organization","@id":"https:\/\/nicandmel.com\/sv\/#organization","name":"Nic & Mel","url":"https:\/\/nicandmel.com\/sv\/","logo":{"@type":"ImageObject","inLanguage":"sv-SE","@id":"https:\/\/nicandmel.com\/sv\/#\/schema\/logo\/image\/","url":"https:\/\/nicandmel.com\/wp-content\/uploads\/2021\/07\/nic_and_mel_logo.png","contentUrl":"https:\/\/nicandmel.com\/wp-content\/uploads\/2021\/07\/nic_and_mel_logo.png","width":1237,"height":263,"caption":"Nic & Mel"},"image":{"@id":"https:\/\/nicandmel.com\/sv\/#\/schema\/logo\/image\/"},"sameAs":["https:\/\/www.facebook.com\/nicandmel"]}]}},"_links":{"self":[{"href":"https:\/\/nicandmel.com\/sv\/wp-json\/wp\/v2\/product\/19171","targetHints":{"allow":["GET"]}}],"collection":[{"href":"https:\/\/nicandmel.com\/sv\/wp-json\/wp\/v2\/product"}],"about":[{"href":"https:\/\/nicandmel.com\/sv\/wp-json\/wp\/v2\/types\/product"}],"wp:featuredmedia":[{"embeddable":true,"href":"https:\/\/nicandmel.com\/sv\/wp-json\/wp\/v2\/media\/15219"}],"wp:attachment":[{"href":"https:\/\/nicandmel.com\/sv\/wp-json\/wp\/v2\/media?parent=19171"}],"wp:term":[{"taxonomy":"product_brand","embeddable":true,"href":"https:\/\/nicandmel.com\/sv\/wp-json\/wp\/v2\/product_brand?post=19171"},{"taxonomy":"product_cat","embeddable":true,"href":"https:\/\/nicandmel.com\/sv\/wp-json\/wp\/v2\/product_cat?post=19171"},{"taxonomy":"product_tag","embeddable":true,"href":"https:\/\/nicandmel.com\/sv\/wp-json\/wp\/v2\/product_tag?post=19171"}],"curies":[{"name":"wp","href":"https:\/\/api.w.org\/{rel}","templated":true}]}}