{"id":19173,"date":"2016-10-11T11:36:07","date_gmt":"2016-10-11T09:36:07","guid":{"rendered":"https:\/\/nicandmel.com\/product\/slim-stan-phone-walletcognac-leatheriphone-6-7-8\/"},"modified":"2016-10-11T11:36:07","modified_gmt":"2016-10-11T09:36:07","slug":"slim-stan-phone-walletcognac-leatheriphone-6-7-8","status":"publish","type":"product","link":"https:\/\/nicandmel.com\/sv\/produkt\/slim-stan-phone-walletcognac-leatheriphone-6-7-8\/","title":{"rendered":"SLIM STAN PHONE WALLETCognac LeatheriPhone 6\/7\/8"},"content":{"rendered":"<p>[vc_row][vc_column width=&#8221;2\/3&#8243;][vc_column_text]BESKRIVNING<\/p>\n<p>Slim Stan bookcase \u00e4r ett supertunt bokfodral i sl\u00e4tt \u00e4kta l\u00e4der med 2 kortplatser och ett l\u00f6stagbart, magnetiskt mobilfodral.<\/p>\n<p>[\/vc_column_text][vc_empty_space][\/vc_column][vc_column width=&#8221;1\/3&#8243; css=&#8221;.vc_custom_1475748455506{border-left-width: 1px !important;border-left-color: #e5e5e5 !important;border-left-style: solid !important;border-radius: 1px !important;}&#8221;][vc_column_text]DETALJER<\/p>\n<p>Tillverkad f\u00f6r iPhone 6\/7\/8<\/p>\n<p>Material: \u00c4kta l\u00e4der[\/vc_column_text][\/vc_column][\/vc_row]<\/p>\n","protected":false},"excerpt":{"rendered":"<p>Slim Stan bokhylla \u00e4r precis vad namnet s\u00e4ger, tunn!<\/p>\n<p>Fodralet kan ocks\u00e5 anv\u00e4ndas som ett stativ f\u00f6r din telefon n\u00e4r du tittar p\u00e5 filmer och serier.<\/p>\n<p>Du beh\u00f6ver inte ta ut telefonen ur fodralet n\u00e4r du tar bilder.<\/p>\n<p>Kompatibel med iPhone 6\/7\/8<\/p>\n<p>&nbsp;<\/p>\n<p> Kompatibel<\/p>\n","protected":false},"featured_media":16263,"template":"","meta":{"_acf_changed":false},"product_brand":[],"product_cat":[1813],"product_tag":[],"class_list":{"0":"post-19173","1":"product","2":"type-product","3":"status-publish","4":"has-post-thumbnail","6":"product_cat-mobiltillbehor","7":"pa_model-iphone-6-6s-sv-2","8":"pa_model-iphone-7-sv-2","9":"pa_model-iphone-8-sv-2","11":"first","12":"instock","13":"taxable","14":"shipping-taxable","15":"purchasable","16":"product-type-simple"},"acf":[],"yoast_head":"<!-- This site is optimized with the Yoast SEO plugin v27.5 - https:\/\/yoast.com\/product\/yoast-seo-wordpress\/ -->\n<title>SLIM STAN PHONE WALLETCognac LeatheriPhone 6\/7\/8 - Nic &amp; Mel<\/title>\n<meta name=\"robots\" content=\"index, follow, max-snippet:-1, max-image-preview:large, max-video-preview:-1\" \/>\n<link rel=\"canonical\" href=\"https:\/\/nicandmel.com\/sv\/produkt\/slim-stan-phone-walletcognac-leatheriphone-6-7-8\/\" \/>\n<meta property=\"og:locale\" content=\"sv_SE\" \/>\n<meta property=\"og:type\" content=\"article\" \/>\n<meta property=\"og:title\" content=\"SLIM STAN PHONE WALLETCognac LeatheriPhone 6\/7\/8 - Nic &amp; Mel\" \/>\n<meta property=\"og:description\" content=\"Slim Stan bokhylla \u00e4r precis vad namnet s\u00e4ger, tunn! Fodralet kan ocks\u00e5 anv\u00e4ndas som ett stativ f\u00f6r din telefon n\u00e4r du tittar p\u00e5 filmer och serier. Du beh\u00f6ver inte ta ut telefonen ur fodralet n\u00e4r du tar bilder. Kompatibel med iPhone 6\/7\/8 &nbsp;  Kompatibel\" \/>\n<meta property=\"og:url\" content=\"https:\/\/nicandmel.com\/sv\/produkt\/slim-stan-phone-walletcognac-leatheriphone-6-7-8\/\" \/>\n<meta property=\"og:site_name\" content=\"Nic &amp; Mel\" \/>\n<meta property=\"article:publisher\" content=\"https:\/\/www.facebook.com\/nicandmel\" \/>\n<meta property=\"og:image\" content=\"https:\/\/nicandmel.com\/wp-content\/uploads\/2016\/10\/slim_stan_bc_cognac_front_iphone7.jpg\" \/>\n\t<meta property=\"og:image:width\" content=\"2000\" \/>\n\t<meta property=\"og:image:height\" content=\"1371\" \/>\n\t<meta property=\"og:image:type\" content=\"image\/jpeg\" \/>\n<meta name=\"twitter:card\" content=\"summary_large_image\" \/>\n<script type=\"application\/ld+json\" class=\"yoast-schema-graph\">{\"@context\":\"https:\\\/\\\/schema.org\",\"@graph\":[{\"@type\":\"WebPage\",\"@id\":\"https:\\\/\\\/nicandmel.com\\\/sv\\\/produkt\\\/slim-stan-phone-walletcognac-leatheriphone-6-7-8\\\/\",\"url\":\"https:\\\/\\\/nicandmel.com\\\/sv\\\/produkt\\\/slim-stan-phone-walletcognac-leatheriphone-6-7-8\\\/\",\"name\":\"SLIM STAN PHONE WALLETCognac LeatheriPhone 6\\\/7\\\/8 - Nic &amp; Mel\",\"isPartOf\":{\"@id\":\"https:\\\/\\\/nicandmel.com\\\/sv\\\/#website\"},\"primaryImageOfPage\":{\"@id\":\"https:\\\/\\\/nicandmel.com\\\/sv\\\/produkt\\\/slim-stan-phone-walletcognac-leatheriphone-6-7-8\\\/#primaryimage\"},\"image\":{\"@id\":\"https:\\\/\\\/nicandmel.com\\\/sv\\\/produkt\\\/slim-stan-phone-walletcognac-leatheriphone-6-7-8\\\/#primaryimage\"},\"thumbnailUrl\":\"https:\\\/\\\/nicandmel.com\\\/wp-content\\\/uploads\\\/2016\\\/10\\\/slim_stan_bc_cognac_front_iphone7.jpg\",\"datePublished\":\"2016-10-11T09:36:07+00:00\",\"breadcrumb\":{\"@id\":\"https:\\\/\\\/nicandmel.com\\\/sv\\\/produkt\\\/slim-stan-phone-walletcognac-leatheriphone-6-7-8\\\/#breadcrumb\"},\"inLanguage\":\"sv-SE\",\"potentialAction\":[{\"@type\":\"ReadAction\",\"target\":[\"https:\\\/\\\/nicandmel.com\\\/sv\\\/produkt\\\/slim-stan-phone-walletcognac-leatheriphone-6-7-8\\\/\"]}]},{\"@type\":\"ImageObject\",\"inLanguage\":\"sv-SE\",\"@id\":\"https:\\\/\\\/nicandmel.com\\\/sv\\\/produkt\\\/slim-stan-phone-walletcognac-leatheriphone-6-7-8\\\/#primaryimage\",\"url\":\"https:\\\/\\\/nicandmel.com\\\/wp-content\\\/uploads\\\/2016\\\/10\\\/slim_stan_bc_cognac_front_iphone7.jpg\",\"contentUrl\":\"https:\\\/\\\/nicandmel.com\\\/wp-content\\\/uploads\\\/2016\\\/10\\\/slim_stan_bc_cognac_front_iphone7.jpg\",\"width\":2000,\"height\":1371},{\"@type\":\"BreadcrumbList\",\"@id\":\"https:\\\/\\\/nicandmel.com\\\/sv\\\/produkt\\\/slim-stan-phone-walletcognac-leatheriphone-6-7-8\\\/#breadcrumb\",\"itemListElement\":[{\"@type\":\"ListItem\",\"position\":1,\"name\":\"Home\",\"item\":\"https:\\\/\\\/nicandmel.com\\\/sv\\\/\"},{\"@type\":\"ListItem\",\"position\":2,\"name\":\"Butik\",\"item\":\"https:\\\/\\\/nicandmel.com\\\/sv\\\/butik\\\/\"},{\"@type\":\"ListItem\",\"position\":3,\"name\":\"SLIM STAN PHONE WALLETCognac LeatheriPhone 6\\\/7\\\/8\"}]},{\"@type\":\"WebSite\",\"@id\":\"https:\\\/\\\/nicandmel.com\\\/sv\\\/#website\",\"url\":\"https:\\\/\\\/nicandmel.com\\\/sv\\\/\",\"name\":\"Nic & Mel\",\"description\":\"Handmade leather goods\",\"publisher\":{\"@id\":\"https:\\\/\\\/nicandmel.com\\\/sv\\\/#organization\"},\"potentialAction\":[{\"@type\":\"SearchAction\",\"target\":{\"@type\":\"EntryPoint\",\"urlTemplate\":\"https:\\\/\\\/nicandmel.com\\\/sv\\\/?s={search_term_string}\"},\"query-input\":{\"@type\":\"PropertyValueSpecification\",\"valueRequired\":true,\"valueName\":\"search_term_string\"}}],\"inLanguage\":\"sv-SE\"},{\"@type\":\"Organization\",\"@id\":\"https:\\\/\\\/nicandmel.com\\\/sv\\\/#organization\",\"name\":\"Nic & Mel\",\"url\":\"https:\\\/\\\/nicandmel.com\\\/sv\\\/\",\"logo\":{\"@type\":\"ImageObject\",\"inLanguage\":\"sv-SE\",\"@id\":\"https:\\\/\\\/nicandmel.com\\\/sv\\\/#\\\/schema\\\/logo\\\/image\\\/\",\"url\":\"https:\\\/\\\/nicandmel.com\\\/wp-content\\\/uploads\\\/2021\\\/07\\\/nic_and_mel_logo.png\",\"contentUrl\":\"https:\\\/\\\/nicandmel.com\\\/wp-content\\\/uploads\\\/2021\\\/07\\\/nic_and_mel_logo.png\",\"width\":1237,\"height\":263,\"caption\":\"Nic & Mel\"},\"image\":{\"@id\":\"https:\\\/\\\/nicandmel.com\\\/sv\\\/#\\\/schema\\\/logo\\\/image\\\/\"},\"sameAs\":[\"https:\\\/\\\/www.facebook.com\\\/nicandmel\"]}]}<\/script>\n<!-- \/ Yoast SEO plugin. -->","yoast_head_json":{"title":"SLIM STAN PHONE WALLETCognac LeatheriPhone 6\/7\/8 - Nic &amp; Mel","robots":{"index":"index","follow":"follow","max-snippet":"max-snippet:-1","max-image-preview":"max-image-preview:large","max-video-preview":"max-video-preview:-1"},"canonical":"https:\/\/nicandmel.com\/sv\/produkt\/slim-stan-phone-walletcognac-leatheriphone-6-7-8\/","og_locale":"sv_SE","og_type":"article","og_title":"SLIM STAN PHONE WALLETCognac LeatheriPhone 6\/7\/8 - Nic &amp; Mel","og_description":"Slim Stan bokhylla \u00e4r precis vad namnet s\u00e4ger, tunn! Fodralet kan ocks\u00e5 anv\u00e4ndas som ett stativ f\u00f6r din telefon n\u00e4r du tittar p\u00e5 filmer och serier. Du beh\u00f6ver inte ta ut telefonen ur fodralet n\u00e4r du tar bilder. Kompatibel med iPhone 6\/7\/8 &nbsp;  Kompatibel","og_url":"https:\/\/nicandmel.com\/sv\/produkt\/slim-stan-phone-walletcognac-leatheriphone-6-7-8\/","og_site_name":"Nic &amp; Mel","article_publisher":"https:\/\/www.facebook.com\/nicandmel","og_image":[{"width":2000,"height":1371,"url":"https:\/\/nicandmel.com\/wp-content\/uploads\/2016\/10\/slim_stan_bc_cognac_front_iphone7.jpg","type":"image\/jpeg"}],"twitter_card":"summary_large_image","schema":{"@context":"https:\/\/schema.org","@graph":[{"@type":"WebPage","@id":"https:\/\/nicandmel.com\/sv\/produkt\/slim-stan-phone-walletcognac-leatheriphone-6-7-8\/","url":"https:\/\/nicandmel.com\/sv\/produkt\/slim-stan-phone-walletcognac-leatheriphone-6-7-8\/","name":"SLIM STAN PHONE WALLETCognac LeatheriPhone 6\/7\/8 - Nic &amp; Mel","isPartOf":{"@id":"https:\/\/nicandmel.com\/sv\/#website"},"primaryImageOfPage":{"@id":"https:\/\/nicandmel.com\/sv\/produkt\/slim-stan-phone-walletcognac-leatheriphone-6-7-8\/#primaryimage"},"image":{"@id":"https:\/\/nicandmel.com\/sv\/produkt\/slim-stan-phone-walletcognac-leatheriphone-6-7-8\/#primaryimage"},"thumbnailUrl":"https:\/\/nicandmel.com\/wp-content\/uploads\/2016\/10\/slim_stan_bc_cognac_front_iphone7.jpg","datePublished":"2016-10-11T09:36:07+00:00","breadcrumb":{"@id":"https:\/\/nicandmel.com\/sv\/produkt\/slim-stan-phone-walletcognac-leatheriphone-6-7-8\/#breadcrumb"},"inLanguage":"sv-SE","potentialAction":[{"@type":"ReadAction","target":["https:\/\/nicandmel.com\/sv\/produkt\/slim-stan-phone-walletcognac-leatheriphone-6-7-8\/"]}]},{"@type":"ImageObject","inLanguage":"sv-SE","@id":"https:\/\/nicandmel.com\/sv\/produkt\/slim-stan-phone-walletcognac-leatheriphone-6-7-8\/#primaryimage","url":"https:\/\/nicandmel.com\/wp-content\/uploads\/2016\/10\/slim_stan_bc_cognac_front_iphone7.jpg","contentUrl":"https:\/\/nicandmel.com\/wp-content\/uploads\/2016\/10\/slim_stan_bc_cognac_front_iphone7.jpg","width":2000,"height":1371},{"@type":"BreadcrumbList","@id":"https:\/\/nicandmel.com\/sv\/produkt\/slim-stan-phone-walletcognac-leatheriphone-6-7-8\/#breadcrumb","itemListElement":[{"@type":"ListItem","position":1,"name":"Home","item":"https:\/\/nicandmel.com\/sv\/"},{"@type":"ListItem","position":2,"name":"Butik","item":"https:\/\/nicandmel.com\/sv\/butik\/"},{"@type":"ListItem","position":3,"name":"SLIM STAN PHONE WALLETCognac LeatheriPhone 6\/7\/8"}]},{"@type":"WebSite","@id":"https:\/\/nicandmel.com\/sv\/#website","url":"https:\/\/nicandmel.com\/sv\/","name":"Nic & Mel","description":"Handmade leather goods","publisher":{"@id":"https:\/\/nicandmel.com\/sv\/#organization"},"potentialAction":[{"@type":"SearchAction","target":{"@type":"EntryPoint","urlTemplate":"https:\/\/nicandmel.com\/sv\/?s={search_term_string}"},"query-input":{"@type":"PropertyValueSpecification","valueRequired":true,"valueName":"search_term_string"}}],"inLanguage":"sv-SE"},{"@type":"Organization","@id":"https:\/\/nicandmel.com\/sv\/#organization","name":"Nic & Mel","url":"https:\/\/nicandmel.com\/sv\/","logo":{"@type":"ImageObject","inLanguage":"sv-SE","@id":"https:\/\/nicandmel.com\/sv\/#\/schema\/logo\/image\/","url":"https:\/\/nicandmel.com\/wp-content\/uploads\/2021\/07\/nic_and_mel_logo.png","contentUrl":"https:\/\/nicandmel.com\/wp-content\/uploads\/2021\/07\/nic_and_mel_logo.png","width":1237,"height":263,"caption":"Nic & Mel"},"image":{"@id":"https:\/\/nicandmel.com\/sv\/#\/schema\/logo\/image\/"},"sameAs":["https:\/\/www.facebook.com\/nicandmel"]}]}},"_links":{"self":[{"href":"https:\/\/nicandmel.com\/sv\/wp-json\/wp\/v2\/product\/19173","targetHints":{"allow":["GET"]}}],"collection":[{"href":"https:\/\/nicandmel.com\/sv\/wp-json\/wp\/v2\/product"}],"about":[{"href":"https:\/\/nicandmel.com\/sv\/wp-json\/wp\/v2\/types\/product"}],"wp:featuredmedia":[{"embeddable":true,"href":"https:\/\/nicandmel.com\/sv\/wp-json\/wp\/v2\/media\/16263"}],"wp:attachment":[{"href":"https:\/\/nicandmel.com\/sv\/wp-json\/wp\/v2\/media?parent=19173"}],"wp:term":[{"taxonomy":"product_brand","embeddable":true,"href":"https:\/\/nicandmel.com\/sv\/wp-json\/wp\/v2\/product_brand?post=19173"},{"taxonomy":"product_cat","embeddable":true,"href":"https:\/\/nicandmel.com\/sv\/wp-json\/wp\/v2\/product_cat?post=19173"},{"taxonomy":"product_tag","embeddable":true,"href":"https:\/\/nicandmel.com\/sv\/wp-json\/wp\/v2\/product_tag?post=19173"}],"curies":[{"name":"wp","href":"https:\/\/api.w.org\/{rel}","templated":true}]}}